{"id":20,"date":"2017-10-30T16:29:46","date_gmt":"2017-10-30T15:29:46","guid":{"rendered":"http:\/\/reseau-mesure.fr\/?page_id=20"},"modified":"2026-03-31T12:25:39","modified_gmt":"2026-03-31T10:25:39","slug":"le-reseau-mesure-2","status":"publish","type":"page","link":"https:\/\/www.reseau-mesure.com\/de\/le-reseau-mesure-2\/","title":{"rendered":"Das Messnetzwerk: Wer sind wir?"},"content":{"rendered":"<figure itemscope itemtype=\"https:\/\/schema.org\/ImageObject\">\n\t\t\t\t<img decoding=\"async\" src=\"https:\/\/www.reseau-mesure.com\/wp-content\/uploads\/2026\/03\/logo_rm_2026-300x224.png\" alt=\"logo_rm_2026\" height=\"224\" width=\"300\" title=\"logo_rm_2026\" onerror=\"this.style.display='none'\" loading=\"lazy\" \/>\n\t<\/figure>\n\t\t<h1>\n\t\t\tWer sind wir\n\t\t<\/h1>\n\t<h2>Ein Netzwerk f\u00fcr seine Mitglieder von seinen Mitgliedern<\/h2>\n\t\t\t<a href=\"https:\/\/www.reseau-mesure.com\/de\/assemblee-generale-proces-verbaux\/\"  target=\"_self\">\n\t\t\t\t\t\tHauptversammlungen\n\t\t\t\t\t<\/a>\n\t\t\t<a href=\"https:\/\/www.reseau-mesure.com\/wp-content\/uploads\/2023\/06\/Charte-ethique-Reseau-Mesure-2023.pdf\"  target=\"_self\">\n\t\t\t\t\t\tDie ethische Charta\n\t\t\t\t\t<\/a>\n\t\t\t<a href=\"https:\/\/www.reseau-mesure.com\/wp-content\/uploads\/2024\/04\/Charte-deontologie-des-achats.doc\"  target=\"_blank\" rel=\"noopener\">\n\t\t\t\t\t\tLa charte des achats\n\t\t\t\t\t<\/a>\n\t\t\t<a href=\"https:\/\/www.reseau-mesure.com\/wp-content\/uploads\/2018\/10\/Plaquette_ReseauMesure_FR_LR.pdf\"  target=\"_blank\" rel=\"noopener\">\n\t\t\t\t\t\t\tUnser Pr\u00e4sentations-Download\n\t\t\t\t\t<\/a>\n<figure itemscope itemtype=\"https:\/\/schema.org\/ImageObject\">\n\t\t\t\t<img decoding=\"async\" src=\"https:\/\/www.reseau-mesure.com\/wp-content\/uploads\/2026\/03\/logo_rm_2026.png\" alt=\"logo_rm_2026\" height=\"533\" width=\"715\" title=\"logo_rm_2026\" onerror=\"this.style.display='none'\" loading=\"lazy\" \/>\n\t<\/figure>\n\t\t\t<a href=\"https:\/\/www.reseau-mesure.com\/wp-content\/uploads\/2018\/10\/Adh\u00e9rents_RM_FR_LR.pdf\"  target=\"_blank\" rel=\"noopener\">\n\t\t\t\t\t\t\tF\u00e4higkeiten der Mitglieder\n\t\t\t\t\t<\/a>\n\t<h2>Das Messnetzwerk:<\/h2>\n<p>Das Measurement Network ist eine gemeinn\u00fctzige Vereinigung nach dem Gesetz von 1901, die sich zusammenschlie\u00dft <strong>Unternehmen, die sich auf Instrumentierung und Messung spezialisiert haben<\/strong> und damit verbundene Aktivit\u00e4ten mit dem Ziel, die Wettbewerbsf\u00e4higkeit von Unternehmen zu st\u00e4rken, indem auf deren Reaktion reagiert wird <strong>Entwicklungsbedarf<\/strong>.<\/p>\n<p>Seit 2002 arbeitet Le R\u00e9seau Mesure nach zwei starken Prinzipien:<\/p>\n<ol>\n<li>Die Mitglieder schlagen Ma\u00dfnahmen vor<\/li>\n<li>Das Messnetzwerk setzt es, wenn es einen Mehrwert bringt, in einem kollektiven Rahmen um.<\/li>\n<\/ol>\n\u21d2 Umsetzung wertsch\u00f6pfender Synergien.<br \/>\n\u21d2 Eine Quelle zus\u00e4tzlicher Einsparungen f\u00fcr die Mitglieder durch geb\u00fcndelte Ma\u00dfnahmen, die von speziellen Arbeitsgruppen verwaltet werden.\n<p><b>\u2666 Unterst\u00fctzung bei der Entwicklung von Mitgliedsunternehmen<\/b><\/p>\n<ul>\n<li>Durch die Bereitstellung eines gepoolten Serviceangebots f\u00fcr seine Mitglieder<\/li>\n<li>Durch die Bereitstellung kollektiver L\u00f6sungen mit Mehrwert<\/li>\n<li>Durch die F\u00f6rderung des Know-hows und der F\u00e4higkeiten seiner Mitglieder<\/li>\n<\/ul>\n<p>&nbsp;<\/p>\n<figure itemscope itemtype=\"https:\/\/schema.org\/ImageObject\">\n\t\t\t\t<a href=\"https:\/\/www.reseau-mesure.com\/de\/evolution-du-reseau\/\"  target=\"_self\" itemprop=\"url\">\n\t\t\t\t<img decoding=\"async\" src=\"https:\/\/www.reseau-mesure.com\/wp-content\/uploads\/2018\/01\/iceberg-reseau-mesure-HD-1024x902.jpg\" alt=\"iceberg reseau mesure\" height=\"902\" width=\"1024\" title=\"Messung des Eisbergnetzwerks\" onerror=\"this.style.display='none'\" loading=\"lazy\" \/>\n\t\t\t\t<\/a>\n\t<\/figure>\n\t<p><strong>Der Eisberg des Messnetzwerks<\/strong><\/p>\n<h2>\n\t\t<a href=\"https:\/\/www.reseau-mesure.com\/de\/le-reseau-mesure-histoire\/\" title=\"D\u00e9couvrez comment est n\u00e9 le R\u00e9seau Mesure ?\"  target=\"_self\">\n\t\t\tD\u00e9couvrez comment est n\u00e9 le R\u00e9seau Mesure ?\t\t<\/a>\n\t<\/h2>\n\t\t<h2>\n\t\t\tUnsere Mitglieder\n\t\t<\/h2>\n    <p>Finden Sie alle Mitgliedsunternehmen des Messnetzwerks<\/p>\n    <p>- Mitglieder des Messnetzwerks -<\/p>\n  <a href=\"https:\/\/www.reseau-mesure.com\/de\/adherent\/edit-process-control\/\"><img decoding=\"async\" src=\"https:\/\/www.reseau-mesure.com\/wp-content\/uploads\/2025\/02\/Logo-Cefem-Process-scaled.jpg\" alt=\"\" \/><\/a>\n  <a href=\"https:\/\/www.reseau-mesure.com\/de\/adherent\/essor-francais-electronique\/\"><img decoding=\"async\" src=\"https:\/\/www.reseau-mesure.com\/wp-content\/uploads\/2023\/02\/logo_complet.jpg\" alt=\"\" \/><\/a>\n  <a href=\"https:\/\/www.reseau-mesure.com\/de\/adherent\/phimesure\/\"><img decoding=\"async\" src=\"https:\/\/www.reseau-mesure.com\/wp-content\/uploads\/2025\/08\/LOGO-PHIMESURE-baseline.png\" alt=\"\" \/><\/a>\n  <a href=\"https:\/\/www.reseau-mesure.com\/de\/adherent\/seribase\/\"><img decoding=\"async\" src=\"https:\/\/www.reseau-mesure.com\/wp-content\/uploads\/2025\/02\/logo.png\" alt=\"\" \/><\/a>\n  <a href=\"https:\/\/www.reseau-mesure.com\/de\/adherent\/solution-maintenance\/\"><img decoding=\"async\" src=\"https:\/\/www.reseau-mesure.com\/wp-content\/uploads\/2025\/08\/Logo-V2-RM.png\" alt=\"\" \/><\/a>\n  <a href=\"https:\/\/www.reseau-mesure.com\/de\/adherent\/irm\/\"><img decoding=\"async\" src=\"https:\/\/www.reseau-mesure.com\/wp-content\/uploads\/2018\/02\/irm.jpg\" alt=\"\" \/><\/a>\n  <a href=\"https:\/\/www.reseau-mesure.com\/de\/adherent\/omicron-electronics-france\/\"><img decoding=\"async\" src=\"https:\/\/www.reseau-mesure.com\/wp-content\/uploads\/2018\/02\/OMICRON-ELECTRONICS.png\" alt=\"\" \/><\/a>\n  <a href=\"https:\/\/www.reseau-mesure.com\/de\/adherent\/pts-mesures\/\"><img decoding=\"async\" src=\"https:\/\/www.reseau-mesure.com\/wp-content\/uploads\/2025\/07\/logo-01.png\" alt=\"\" \/><\/a>","protected":false},"excerpt":{"rendered":"<p>Qui sommes-nous Un R\u00e9seau Pour ses Adh\u00e9rents Par ses Adh\u00e9rents Les Assembl\u00e9es G\u00e9n\u00e9rales La charte \u00e9thique La charte des achats Notre pr\u00e9sentation t\u00e9l\u00e9chargement comp\u00e9tences adh\u00e9rents Le R\u00e9seau Mesure : Le R\u00e9seau Mesure est une association loi 1901 \u00e0 but non lucratif regroupant des entreprises sp\u00e9cialistes de l&rsquo;instrumentation, de la\u00a0mesure et d&rsquo;activit\u00e9s connexes avec pour objectif&hellip;<\/p>","protected":false},"author":685,"featured_media":0,"parent":0,"menu_order":0,"comment_status":"closed","ping_status":"closed","template":"","meta":{"_acf_changed":false,"footnotes":""},"class_list":["post-20","page","type-page","status-publish","hentry"],"acf":[],"yoast_head":"<!-- This site is optimized with the Yoast SEO plugin v27.3 - https:\/\/yoast.com\/product\/yoast-seo-wordpress\/ -->\n<title>Le r\u00e9seau Mesure : Qui sommes nous ? - R\u00e9seau Mesure<\/title>\n<meta name=\"description\" content=\"Qui somme-nous ? D\u00e9couvrez qui est le R\u00e9seau Mesure, les avantages et les offres r\u00e9serv\u00e9es aux adh\u00e9rents. Pourquoi ne pas vous m\u00eame en b\u00e9n\u00e9ficier.\" \/>\n<meta name=\"robots\" content=\"index, follow, max-snippet:-1, max-image-preview:large, max-video-preview:-1\" \/>\n<link rel=\"canonical\" href=\"https:\/\/www.reseau-mesure.com\/de\/le-reseau-mesure-2\/\" \/>\n<meta property=\"og:locale\" content=\"de_DE\" \/>\n<meta property=\"og:type\" content=\"article\" \/>\n<meta property=\"og:title\" content=\"Le r\u00e9seau Mesure : Qui sommes nous ? - R\u00e9seau Mesure\" \/>\n<meta property=\"og:description\" content=\"Qui somme-nous ? D\u00e9couvrez qui est le R\u00e9seau Mesure, les avantages et les offres r\u00e9serv\u00e9es aux adh\u00e9rents. Pourquoi ne pas vous m\u00eame en b\u00e9n\u00e9ficier.\" \/>\n<meta property=\"og:url\" content=\"https:\/\/www.reseau-mesure.com\/de\/le-reseau-mesure-2\/\" \/>\n<meta property=\"og:site_name\" content=\"R\u00e9seau Mesure\" \/>\n<meta property=\"article:publisher\" content=\"https:\/\/www.facebook.com\/reseaumesure\/\" \/>\n<meta property=\"article:modified_time\" content=\"2026-03-31T10:25:39+00:00\" \/>\n<meta property=\"og:image\" content=\"https:\/\/www.reseau-mesure.com\/wp-content\/uploads\/2026\/03\/logo_rm_2026-300x224.png\" \/>\n<meta name=\"twitter:card\" content=\"summary_large_image\" \/>\n<meta name=\"twitter:site\" content=\"@ReseauMesure\" \/>\n<meta name=\"twitter:label1\" content=\"Gesch\u00e4tzte Lesezeit\" \/>\n\t<meta name=\"twitter:data1\" content=\"1\u00a0Minute\" \/>\n<script type=\"application\/ld+json\" class=\"yoast-schema-graph\">{\"@context\":\"https:\\\/\\\/schema.org\",\"@graph\":[{\"@type\":\"WebPage\",\"@id\":\"https:\\\/\\\/www.reseau-mesure.com\\\/le-reseau-mesure-2\\\/\",\"url\":\"https:\\\/\\\/www.reseau-mesure.com\\\/le-reseau-mesure-2\\\/\",\"name\":\"Le r\u00e9seau Mesure : Qui sommes nous ? - R\u00e9seau Mesure\",\"isPartOf\":{\"@id\":\"https:\\\/\\\/www.reseau-mesure.com\\\/#website\"},\"primaryImageOfPage\":{\"@id\":\"https:\\\/\\\/www.reseau-mesure.com\\\/le-reseau-mesure-2\\\/#primaryimage\"},\"image\":{\"@id\":\"https:\\\/\\\/www.reseau-mesure.com\\\/le-reseau-mesure-2\\\/#primaryimage\"},\"thumbnailUrl\":\"https:\\\/\\\/www.reseau-mesure.com\\\/wp-content\\\/uploads\\\/2026\\\/03\\\/logo_rm_2026-300x224.png\",\"datePublished\":\"2017-10-30T15:29:46+00:00\",\"dateModified\":\"2026-03-31T10:25:39+00:00\",\"description\":\"Qui somme-nous ? D\u00e9couvrez qui est le R\u00e9seau Mesure, les avantages et les offres r\u00e9serv\u00e9es aux adh\u00e9rents. Pourquoi ne pas vous m\u00eame en b\u00e9n\u00e9ficier.\",\"breadcrumb\":{\"@id\":\"https:\\\/\\\/www.reseau-mesure.com\\\/le-reseau-mesure-2\\\/#breadcrumb\"},\"inLanguage\":\"de\",\"potentialAction\":[{\"@type\":\"ReadAction\",\"target\":[\"https:\\\/\\\/www.reseau-mesure.com\\\/le-reseau-mesure-2\\\/\"]}]},{\"@type\":\"ImageObject\",\"inLanguage\":\"de\",\"@id\":\"https:\\\/\\\/www.reseau-mesure.com\\\/le-reseau-mesure-2\\\/#primaryimage\",\"url\":\"https:\\\/\\\/www.reseau-mesure.com\\\/wp-content\\\/uploads\\\/2026\\\/03\\\/logo_rm_2026-300x224.png\",\"contentUrl\":\"https:\\\/\\\/www.reseau-mesure.com\\\/wp-content\\\/uploads\\\/2026\\\/03\\\/logo_rm_2026-300x224.png\"},{\"@type\":\"BreadcrumbList\",\"@id\":\"https:\\\/\\\/www.reseau-mesure.com\\\/le-reseau-mesure-2\\\/#breadcrumb\",\"itemListElement\":[{\"@type\":\"ListItem\",\"position\":1,\"name\":\"Accueil\",\"item\":\"https:\\\/\\\/www.reseau-mesure.com\\\/\"},{\"@type\":\"ListItem\",\"position\":2,\"name\":\"Le r\u00e9seau Mesure : Qui sommes nous ?\"}]},{\"@type\":\"WebSite\",\"@id\":\"https:\\\/\\\/www.reseau-mesure.com\\\/#website\",\"url\":\"https:\\\/\\\/www.reseau-mesure.com\\\/\",\"name\":\"R\u00e9seau-Mesure\",\"description\":\"R\u00e9seau Mesure\",\"publisher\":{\"@id\":\"https:\\\/\\\/www.reseau-mesure.com\\\/#organization\"},\"potentialAction\":[{\"@type\":\"SearchAction\",\"target\":{\"@type\":\"EntryPoint\",\"urlTemplate\":\"https:\\\/\\\/www.reseau-mesure.com\\\/?s={search_term_string}\"},\"query-input\":{\"@type\":\"PropertyValueSpecification\",\"valueRequired\":true,\"valueName\":\"search_term_string\"}}],\"inLanguage\":\"de\"},{\"@type\":\"Organization\",\"@id\":\"https:\\\/\\\/www.reseau-mesure.com\\\/#organization\",\"name\":\"R\u00e9seau-Mesure\",\"url\":\"https:\\\/\\\/www.reseau-mesure.com\\\/\",\"logo\":{\"@type\":\"ImageObject\",\"inLanguage\":\"de\",\"@id\":\"https:\\\/\\\/www.reseau-mesure.com\\\/#\\\/schema\\\/logo\\\/image\\\/\",\"url\":\"https:\\\/\\\/www.reseau-mesure.com\\\/wp-content\\\/uploads\\\/2018\\\/02\\\/logo-max.png\",\"contentUrl\":\"https:\\\/\\\/www.reseau-mesure.com\\\/wp-content\\\/uploads\\\/2018\\\/02\\\/logo-max.png\",\"width\":545,\"height\":285,\"caption\":\"R\u00e9seau-Mesure\"},\"image\":{\"@id\":\"https:\\\/\\\/www.reseau-mesure.com\\\/#\\\/schema\\\/logo\\\/image\\\/\"},\"sameAs\":[\"https:\\\/\\\/www.facebook.com\\\/reseaumesure\\\/\",\"https:\\\/\\\/x.com\\\/ReseauMesure\",\"https:\\\/\\\/www.linkedin.com\\\/company\\\/reseau-mesure\\\/\"]}]}<\/script>\n<!-- \/ Yoast SEO plugin. -->","yoast_head_json":{"title":"Le r\u00e9seau Mesure : Qui sommes nous ? - R\u00e9seau Mesure","description":"Qui somme-nous ? D\u00e9couvrez qui est le R\u00e9seau Mesure, les avantages et les offres r\u00e9serv\u00e9es aux adh\u00e9rents. Pourquoi ne pas vous m\u00eame en b\u00e9n\u00e9ficier.","robots":{"index":"index","follow":"follow","max-snippet":"max-snippet:-1","max-image-preview":"max-image-preview:large","max-video-preview":"max-video-preview:-1"},"canonical":"https:\/\/www.reseau-mesure.com\/de\/le-reseau-mesure-2\/","og_locale":"de_DE","og_type":"article","og_title":"Le r\u00e9seau Mesure : Qui sommes nous ? - R\u00e9seau Mesure","og_description":"Qui somme-nous ? D\u00e9couvrez qui est le R\u00e9seau Mesure, les avantages et les offres r\u00e9serv\u00e9es aux adh\u00e9rents. Pourquoi ne pas vous m\u00eame en b\u00e9n\u00e9ficier.","og_url":"https:\/\/www.reseau-mesure.com\/de\/le-reseau-mesure-2\/","og_site_name":"R\u00e9seau Mesure","article_publisher":"https:\/\/www.facebook.com\/reseaumesure\/","article_modified_time":"2026-03-31T10:25:39+00:00","og_image":[{"url":"https:\/\/www.reseau-mesure.com\/wp-content\/uploads\/2026\/03\/logo_rm_2026-300x224.png","type":"","width":"","height":""}],"twitter_card":"summary_large_image","twitter_site":"@ReseauMesure","twitter_misc":{"Gesch\u00e4tzte Lesezeit":"1\u00a0Minute"},"schema":{"@context":"https:\/\/schema.org","@graph":[{"@type":"WebPage","@id":"https:\/\/www.reseau-mesure.com\/le-reseau-mesure-2\/","url":"https:\/\/www.reseau-mesure.com\/le-reseau-mesure-2\/","name":"Le r\u00e9seau Mesure : Qui sommes nous ? - R\u00e9seau Mesure","isPartOf":{"@id":"https:\/\/www.reseau-mesure.com\/#website"},"primaryImageOfPage":{"@id":"https:\/\/www.reseau-mesure.com\/le-reseau-mesure-2\/#primaryimage"},"image":{"@id":"https:\/\/www.reseau-mesure.com\/le-reseau-mesure-2\/#primaryimage"},"thumbnailUrl":"https:\/\/www.reseau-mesure.com\/wp-content\/uploads\/2026\/03\/logo_rm_2026-300x224.png","datePublished":"2017-10-30T15:29:46+00:00","dateModified":"2026-03-31T10:25:39+00:00","description":"Qui somme-nous ? D\u00e9couvrez qui est le R\u00e9seau Mesure, les avantages et les offres r\u00e9serv\u00e9es aux adh\u00e9rents. Pourquoi ne pas vous m\u00eame en b\u00e9n\u00e9ficier.","breadcrumb":{"@id":"https:\/\/www.reseau-mesure.com\/le-reseau-mesure-2\/#breadcrumb"},"inLanguage":"de","potentialAction":[{"@type":"ReadAction","target":["https:\/\/www.reseau-mesure.com\/le-reseau-mesure-2\/"]}]},{"@type":"ImageObject","inLanguage":"de","@id":"https:\/\/www.reseau-mesure.com\/le-reseau-mesure-2\/#primaryimage","url":"https:\/\/www.reseau-mesure.com\/wp-content\/uploads\/2026\/03\/logo_rm_2026-300x224.png","contentUrl":"https:\/\/www.reseau-mesure.com\/wp-content\/uploads\/2026\/03\/logo_rm_2026-300x224.png"},{"@type":"BreadcrumbList","@id":"https:\/\/www.reseau-mesure.com\/le-reseau-mesure-2\/#breadcrumb","itemListElement":[{"@type":"ListItem","position":1,"name":"Accueil","item":"https:\/\/www.reseau-mesure.com\/"},{"@type":"ListItem","position":2,"name":"Le r\u00e9seau Mesure : Qui sommes nous ?"}]},{"@type":"WebSite","@id":"https:\/\/www.reseau-mesure.com\/#website","url":"https:\/\/www.reseau-mesure.com\/","name":"Netzwerk-Messung","description":"Netzwerkma\u00dfnahme","publisher":{"@id":"https:\/\/www.reseau-mesure.com\/#organization"},"potentialAction":[{"@type":"SearchAction","target":{"@type":"EntryPoint","urlTemplate":"https:\/\/www.reseau-mesure.com\/?s={search_term_string}"},"query-input":{"@type":"PropertyValueSpecification","valueRequired":true,"valueName":"search_term_string"}}],"inLanguage":"de"},{"@type":"Organization","@id":"https:\/\/www.reseau-mesure.com\/#organization","name":"Netzwerk-Messung","url":"https:\/\/www.reseau-mesure.com\/","logo":{"@type":"ImageObject","inLanguage":"de","@id":"https:\/\/www.reseau-mesure.com\/#\/schema\/logo\/image\/","url":"https:\/\/www.reseau-mesure.com\/wp-content\/uploads\/2018\/02\/logo-max.png","contentUrl":"https:\/\/www.reseau-mesure.com\/wp-content\/uploads\/2018\/02\/logo-max.png","width":545,"height":285,"caption":"R\u00e9seau-Mesure"},"image":{"@id":"https:\/\/www.reseau-mesure.com\/#\/schema\/logo\/image\/"},"sameAs":["https:\/\/www.facebook.com\/reseaumesure\/","https:\/\/x.com\/ReseauMesure","https:\/\/www.linkedin.com\/company\/reseau-mesure\/"]}]}},"_links":{"self":[{"href":"https:\/\/www.reseau-mesure.com\/de\/wp-json\/wp\/v2\/pages\/20","targetHints":{"allow":["GET"]}}],"collection":[{"href":"https:\/\/www.reseau-mesure.com\/de\/wp-json\/wp\/v2\/pages"}],"about":[{"href":"https:\/\/www.reseau-mesure.com\/de\/wp-json\/wp\/v2\/types\/page"}],"author":[{"embeddable":true,"href":"https:\/\/www.reseau-mesure.com\/de\/wp-json\/wp\/v2\/users\/685"}],"replies":[{"embeddable":true,"href":"https:\/\/www.reseau-mesure.com\/de\/wp-json\/wp\/v2\/comments?post=20"}],"version-history":[{"count":2,"href":"https:\/\/www.reseau-mesure.com\/de\/wp-json\/wp\/v2\/pages\/20\/revisions"}],"predecessor-version":[{"id":30457,"href":"https:\/\/www.reseau-mesure.com\/de\/wp-json\/wp\/v2\/pages\/20\/revisions\/30457"}],"wp:attachment":[{"href":"https:\/\/www.reseau-mesure.com\/de\/wp-json\/wp\/v2\/media?parent=20"}],"curies":[{"name":"wp","href":"https:\/\/api.w.org\/{rel}","templated":true}]}}