{"id":20739,"date":"2023-11-02T11:51:51","date_gmt":"2023-11-02T10:51:51","guid":{"rendered":"https:\/\/www.reseau-mesure.com\/?page_id=20739"},"modified":"2024-04-10T13:10:47","modified_gmt":"2024-04-10T11:10:47","slug":"quality-by-design","status":"publish","type":"page","link":"https:\/\/www.reseau-mesure.com\/de\/quality-by-design\/","title":{"rendered":"Qualit\u00e4t durch Design"},"content":{"rendered":"<a href=\"https:\/\/www.reseau-mesure.com\/de\/adherent\/nir-industry\/\" target=\"_blank\" rel=\"noopener\" itemprop=\"url\">\n\t\t\t\t<img loading=\"lazy\" decoding=\"async\" src=\"https:\/\/www.reseau-mesure.com\/wp-content\/uploads\/2019\/05\/logo-NIR-l.png\" alt=\"logo-NIR-l\" itemprop=\"image\" height=\"168\" width=\"680\" title=\"Logo-NIR-l\" onerror=\"this.style.display='none'\"  \/>\n\t\t\t\t<\/a>\n\t<p>&nbsp;<\/p>\n<p><b>Qualit\u00e4t durch Design<\/b><\/p>\n\t<p><strong>\u00a0<\/strong>Cette session de formation a \u00e9t\u00e9 d\u00e9velopp\u00e9e pour toute personne (Cadres, responsables, directeurs des services de d\u00e9veloppement pharmaceutique, industrialisation et production) impliqu\u00e9e dans le d\u00e9veloppement et la production de principe actif, de device et de produit fini (bio) m\u00e9dicament pour l&rsquo;industrie pharmaceutique.<\/p>\n<p>&nbsp;<\/p>\n<table width=\"100%\">\n<tbody>\n<tr>\n<td>Die Ausbildung wird durchgef\u00fchrt von <a href=\"https:\/\/www.nir-industry.com\/\" target=\"_blank\" rel=\"noopener\">NIR INDUSTRIE<\/a>, das in feld-, labor- oder prozessanalytische Projekte involviert ist, von der Beratungsphase \u00fcber Lieferung, Installation, Schulung, technische \u00dcberwachung und Wartung.\n<p><b>R\u00e9seau Mesure wird als QUALIOPI-zertifiziertes Schulungszentrum bezeichnet, das die Unterst\u00fctzung durch Ihren OPCO erm\u00f6glicht.<\/b><\/p>\n<p><strong>Anzahl der Auszubildenden pro Sitzung:<\/strong> 2 bis 6 Auszubildende \u2013 \u00fcberbetriebliche und \u00fcberbetriebliche Ausbildung.<\/p>\n<p><strong>Die Schulungstermine sind mit dem Trainer der Firma NIR INDUSTRY abzustimmen.\u00a0<\/strong><\/p>\n<p><strong>Das Programm kann an die Bed\u00fcrfnisse des Unternehmens angepasst werden.<\/strong><\/p>\nEvaluations 2023 : 40 stagiaires &#8211; <em>moyenne bas\u00e9e sur l&rsquo;atteinte des objectifs, la p\u00e9dagogie et l&rsquo;organisation<\/em>:\u00a0 19\/20<\/td>\n<\/tr>\n<tr>\n\n<\/tr>\n<\/tbody>\n<\/table>\n\t\t\t<a href=\"https:\/\/www.reseau-mesure.com\/wp-content\/uploads\/2023\/11\/Presentation-Formation-QbD.docx\" target=\"_blank\" rel=\"noopener\">\n\t\t\t\t\t\t\tPr\u00e4sentation\n\t\t\t\t\t<\/a>\n\t\t\t<a href=\"https:\/\/www.reseau-mesure.com\/wp-content\/uploads\/2023\/11\/Programme-Formation-QbD.docx\" target=\"_blank\" rel=\"noopener\">\n\t\t\t\t\t\t\tProgrammtyp\n\t\t\t\t\t<\/a>\n\t\t\t<a href=\"mailto:ricour@nir-industry.com\" target=\"_blank\" rel=\"noopener\">\n\t\t\t\t\t\t\tAbonnementanfrage\n\t\t\t\t\t<\/a>","protected":false},"excerpt":{"rendered":"<p>&nbsp; Quality By Design \u00a0Cette session de formation a \u00e9t\u00e9 d\u00e9velopp\u00e9e pour toute personne (Cadres, responsables, directeurs des services de d\u00e9veloppement pharmaceutique, industrialisation et production) impliqu\u00e9e dans le d\u00e9veloppement et la production de principe actif, de device et de produit fini (bio) m\u00e9dicament pour l&rsquo;industrie pharmaceutique. &nbsp; La formation sera assur\u00e9e par NIR INDUSTRY, qui&hellip;<\/p>","protected":false},"author":349,"featured_media":0,"parent":0,"menu_order":0,"comment_status":"closed","ping_status":"closed","template":"","meta":{"_acf_changed":false,"footnotes":""},"class_list":["post-20739","page","type-page","status-publish","hentry"],"acf":[],"yoast_head":"<!-- This site is optimized with the Yoast SEO plugin v27.4 - https:\/\/yoast.com\/product\/yoast-seo-wordpress\/ -->\n<title>Formation - Quality by design - R\u00e9seau Mesure<\/title>\n<meta name=\"description\" content=\"l\u2019\u00e9laboration de la m\u00e9thodologie \u201cQuality by Design\u201c (QbD) a pour but d\u2019une part de comprendre et maitriser le proc\u00e9d\u00e9 de fabrication\" \/>\n<meta name=\"robots\" content=\"index, follow, max-snippet:-1, max-image-preview:large, max-video-preview:-1\" \/>\n<link rel=\"canonical\" href=\"https:\/\/www.reseau-mesure.com\/de\/quality-by-design\/\" \/>\n<meta property=\"og:locale\" content=\"de_DE\" \/>\n<meta property=\"og:type\" content=\"article\" \/>\n<meta property=\"og:title\" content=\"Formation - Quality by design - R\u00e9seau Mesure\" \/>\n<meta property=\"og:description\" content=\"l\u2019\u00e9laboration de la m\u00e9thodologie \u201cQuality by Design\u201c (QbD) a pour but d\u2019une part de comprendre et maitriser le proc\u00e9d\u00e9 de fabrication\" \/>\n<meta property=\"og:url\" content=\"https:\/\/www.reseau-mesure.com\/de\/quality-by-design\/\" \/>\n<meta property=\"og:site_name\" content=\"R\u00e9seau Mesure\" \/>\n<meta property=\"article:publisher\" content=\"https:\/\/www.facebook.com\/reseaumesure\/\" \/>\n<meta property=\"article:modified_time\" content=\"2024-04-10T11:10:47+00:00\" \/>\n<meta property=\"og:image\" content=\"https:\/\/www.reseau-mesure.com\/wp-content\/uploads\/2019\/05\/logo-NIR-l.png\" \/>\n<meta name=\"twitter:card\" content=\"summary_large_image\" \/>\n<meta name=\"twitter:site\" content=\"@ReseauMesure\" \/>\n<meta name=\"twitter:label1\" content=\"Gesch\u00e4tzte Lesezeit\" \/>\n\t<meta name=\"twitter:data1\" content=\"1\u00a0Minute\" \/>\n<script type=\"application\/ld+json\" class=\"yoast-schema-graph\">{\"@context\":\"https:\\\/\\\/schema.org\",\"@graph\":[{\"@type\":\"WebPage\",\"@id\":\"https:\\\/\\\/www.reseau-mesure.com\\\/quality-by-design\\\/\",\"url\":\"https:\\\/\\\/www.reseau-mesure.com\\\/quality-by-design\\\/\",\"name\":\"Formation - Quality by design - R\u00e9seau Mesure\",\"isPartOf\":{\"@id\":\"https:\\\/\\\/www.reseau-mesure.com\\\/#website\"},\"primaryImageOfPage\":{\"@id\":\"https:\\\/\\\/www.reseau-mesure.com\\\/quality-by-design\\\/#primaryimage\"},\"image\":{\"@id\":\"https:\\\/\\\/www.reseau-mesure.com\\\/quality-by-design\\\/#primaryimage\"},\"thumbnailUrl\":\"https:\\\/\\\/www.reseau-mesure.com\\\/wp-content\\\/uploads\\\/2019\\\/05\\\/logo-NIR-l.png\",\"datePublished\":\"2023-11-02T10:51:51+00:00\",\"dateModified\":\"2024-04-10T11:10:47+00:00\",\"description\":\"l\u2019\u00e9laboration de la m\u00e9thodologie \u201cQuality by Design\u201c (QbD) a pour but d\u2019une part de comprendre et maitriser le proc\u00e9d\u00e9 de fabrication\",\"breadcrumb\":{\"@id\":\"https:\\\/\\\/www.reseau-mesure.com\\\/quality-by-design\\\/#breadcrumb\"},\"inLanguage\":\"de\",\"potentialAction\":[{\"@type\":\"ReadAction\",\"target\":[\"https:\\\/\\\/www.reseau-mesure.com\\\/quality-by-design\\\/\"]}]},{\"@type\":\"ImageObject\",\"inLanguage\":\"de\",\"@id\":\"https:\\\/\\\/www.reseau-mesure.com\\\/quality-by-design\\\/#primaryimage\",\"url\":\"https:\\\/\\\/www.reseau-mesure.com\\\/wp-content\\\/uploads\\\/2019\\\/05\\\/logo-NIR-l.png\",\"contentUrl\":\"https:\\\/\\\/www.reseau-mesure.com\\\/wp-content\\\/uploads\\\/2019\\\/05\\\/logo-NIR-l.png\"},{\"@type\":\"BreadcrumbList\",\"@id\":\"https:\\\/\\\/www.reseau-mesure.com\\\/quality-by-design\\\/#breadcrumb\",\"itemListElement\":[{\"@type\":\"ListItem\",\"position\":1,\"name\":\"Accueil\",\"item\":\"https:\\\/\\\/www.reseau-mesure.com\\\/\"},{\"@type\":\"ListItem\",\"position\":2,\"name\":\"Quality by design\"}]},{\"@type\":\"WebSite\",\"@id\":\"https:\\\/\\\/www.reseau-mesure.com\\\/#website\",\"url\":\"https:\\\/\\\/www.reseau-mesure.com\\\/\",\"name\":\"R\u00e9seau-Mesure\",\"description\":\"R\u00e9seau Mesure\",\"publisher\":{\"@id\":\"https:\\\/\\\/www.reseau-mesure.com\\\/#organization\"},\"potentialAction\":[{\"@type\":\"SearchAction\",\"target\":{\"@type\":\"EntryPoint\",\"urlTemplate\":\"https:\\\/\\\/www.reseau-mesure.com\\\/?s={search_term_string}\"},\"query-input\":{\"@type\":\"PropertyValueSpecification\",\"valueRequired\":true,\"valueName\":\"search_term_string\"}}],\"inLanguage\":\"de\"},{\"@type\":\"Organization\",\"@id\":\"https:\\\/\\\/www.reseau-mesure.com\\\/#organization\",\"name\":\"R\u00e9seau-Mesure\",\"url\":\"https:\\\/\\\/www.reseau-mesure.com\\\/\",\"logo\":{\"@type\":\"ImageObject\",\"inLanguage\":\"de\",\"@id\":\"https:\\\/\\\/www.reseau-mesure.com\\\/#\\\/schema\\\/logo\\\/image\\\/\",\"url\":\"https:\\\/\\\/www.reseau-mesure.com\\\/wp-content\\\/uploads\\\/2018\\\/02\\\/logo-max.png\",\"contentUrl\":\"https:\\\/\\\/www.reseau-mesure.com\\\/wp-content\\\/uploads\\\/2018\\\/02\\\/logo-max.png\",\"width\":545,\"height\":285,\"caption\":\"R\u00e9seau-Mesure\"},\"image\":{\"@id\":\"https:\\\/\\\/www.reseau-mesure.com\\\/#\\\/schema\\\/logo\\\/image\\\/\"},\"sameAs\":[\"https:\\\/\\\/www.facebook.com\\\/reseaumesure\\\/\",\"https:\\\/\\\/x.com\\\/ReseauMesure\",\"https:\\\/\\\/www.linkedin.com\\\/company\\\/reseau-mesure\\\/\"]}]}<\/script>\n<!-- \/ Yoast SEO plugin. -->","yoast_head_json":{"title":"Formation - Quality by design - R\u00e9seau Mesure","description":"l\u2019\u00e9laboration de la m\u00e9thodologie \u201cQuality by Design\u201c (QbD) a pour but d\u2019une part de comprendre et maitriser le proc\u00e9d\u00e9 de fabrication","robots":{"index":"index","follow":"follow","max-snippet":"max-snippet:-1","max-image-preview":"max-image-preview:large","max-video-preview":"max-video-preview:-1"},"canonical":"https:\/\/www.reseau-mesure.com\/de\/quality-by-design\/","og_locale":"de_DE","og_type":"article","og_title":"Formation - Quality by design - R\u00e9seau Mesure","og_description":"l\u2019\u00e9laboration de la m\u00e9thodologie \u201cQuality by Design\u201c (QbD) a pour but d\u2019une part de comprendre et maitriser le proc\u00e9d\u00e9 de fabrication","og_url":"https:\/\/www.reseau-mesure.com\/de\/quality-by-design\/","og_site_name":"R\u00e9seau Mesure","article_publisher":"https:\/\/www.facebook.com\/reseaumesure\/","article_modified_time":"2024-04-10T11:10:47+00:00","og_image":[{"url":"https:\/\/www.reseau-mesure.com\/wp-content\/uploads\/2019\/05\/logo-NIR-l.png","type":"","width":"","height":""}],"twitter_card":"summary_large_image","twitter_site":"@ReseauMesure","twitter_misc":{"Gesch\u00e4tzte Lesezeit":"1\u00a0Minute"},"schema":{"@context":"https:\/\/schema.org","@graph":[{"@type":"WebPage","@id":"https:\/\/www.reseau-mesure.com\/quality-by-design\/","url":"https:\/\/www.reseau-mesure.com\/quality-by-design\/","name":"Formation - Quality by design - R\u00e9seau Mesure","isPartOf":{"@id":"https:\/\/www.reseau-mesure.com\/#website"},"primaryImageOfPage":{"@id":"https:\/\/www.reseau-mesure.com\/quality-by-design\/#primaryimage"},"image":{"@id":"https:\/\/www.reseau-mesure.com\/quality-by-design\/#primaryimage"},"thumbnailUrl":"https:\/\/www.reseau-mesure.com\/wp-content\/uploads\/2019\/05\/logo-NIR-l.png","datePublished":"2023-11-02T10:51:51+00:00","dateModified":"2024-04-10T11:10:47+00:00","description":"l\u2019\u00e9laboration de la m\u00e9thodologie \u201cQuality by Design\u201c (QbD) a pour but d\u2019une part de comprendre et maitriser le proc\u00e9d\u00e9 de fabrication","breadcrumb":{"@id":"https:\/\/www.reseau-mesure.com\/quality-by-design\/#breadcrumb"},"inLanguage":"de","potentialAction":[{"@type":"ReadAction","target":["https:\/\/www.reseau-mesure.com\/quality-by-design\/"]}]},{"@type":"ImageObject","inLanguage":"de","@id":"https:\/\/www.reseau-mesure.com\/quality-by-design\/#primaryimage","url":"https:\/\/www.reseau-mesure.com\/wp-content\/uploads\/2019\/05\/logo-NIR-l.png","contentUrl":"https:\/\/www.reseau-mesure.com\/wp-content\/uploads\/2019\/05\/logo-NIR-l.png"},{"@type":"BreadcrumbList","@id":"https:\/\/www.reseau-mesure.com\/quality-by-design\/#breadcrumb","itemListElement":[{"@type":"ListItem","position":1,"name":"Accueil","item":"https:\/\/www.reseau-mesure.com\/"},{"@type":"ListItem","position":2,"name":"Quality by design"}]},{"@type":"WebSite","@id":"https:\/\/www.reseau-mesure.com\/#website","url":"https:\/\/www.reseau-mesure.com\/","name":"Netzwerk-Messung","description":"Netzwerkma\u00dfnahme","publisher":{"@id":"https:\/\/www.reseau-mesure.com\/#organization"},"potentialAction":[{"@type":"SearchAction","target":{"@type":"EntryPoint","urlTemplate":"https:\/\/www.reseau-mesure.com\/?s={search_term_string}"},"query-input":{"@type":"PropertyValueSpecification","valueRequired":true,"valueName":"search_term_string"}}],"inLanguage":"de"},{"@type":"Organization","@id":"https:\/\/www.reseau-mesure.com\/#organization","name":"Netzwerk-Messung","url":"https:\/\/www.reseau-mesure.com\/","logo":{"@type":"ImageObject","inLanguage":"de","@id":"https:\/\/www.reseau-mesure.com\/#\/schema\/logo\/image\/","url":"https:\/\/www.reseau-mesure.com\/wp-content\/uploads\/2018\/02\/logo-max.png","contentUrl":"https:\/\/www.reseau-mesure.com\/wp-content\/uploads\/2018\/02\/logo-max.png","width":545,"height":285,"caption":"R\u00e9seau-Mesure"},"image":{"@id":"https:\/\/www.reseau-mesure.com\/#\/schema\/logo\/image\/"},"sameAs":["https:\/\/www.facebook.com\/reseaumesure\/","https:\/\/x.com\/ReseauMesure","https:\/\/www.linkedin.com\/company\/reseau-mesure\/"]}]}},"_links":{"self":[{"href":"https:\/\/www.reseau-mesure.com\/de\/wp-json\/wp\/v2\/pages\/20739","targetHints":{"allow":["GET"]}}],"collection":[{"href":"https:\/\/www.reseau-mesure.com\/de\/wp-json\/wp\/v2\/pages"}],"about":[{"href":"https:\/\/www.reseau-mesure.com\/de\/wp-json\/wp\/v2\/types\/page"}],"author":[{"embeddable":true,"href":"https:\/\/www.reseau-mesure.com\/de\/wp-json\/wp\/v2\/users\/349"}],"replies":[{"embeddable":true,"href":"https:\/\/www.reseau-mesure.com\/de\/wp-json\/wp\/v2\/comments?post=20739"}],"version-history":[{"count":0,"href":"https:\/\/www.reseau-mesure.com\/de\/wp-json\/wp\/v2\/pages\/20739\/revisions"}],"wp:attachment":[{"href":"https:\/\/www.reseau-mesure.com\/de\/wp-json\/wp\/v2\/media?parent=20739"}],"curies":[{"name":"wp","href":"https:\/\/api.w.org\/{rel}","templated":true}]}}