{"id":21470,"date":"2024-01-29T11:03:15","date_gmt":"2024-01-29T10:03:15","guid":{"rendered":"https:\/\/www.reseau-mesure.com\/?page_id=21470"},"modified":"2025-11-13T09:06:09","modified_gmt":"2025-11-13T08:06:09","slug":"animer-une-reunion","status":"publish","type":"page","link":"https:\/\/www.reseau-mesure.com\/de\/animer-une-reunion\/","title":{"rendered":"Erm\u00f6glichen Sie ein Treffen"},"content":{"rendered":"<img decoding=\"async\" src=\"https:\/\/www.reseau-mesure.com\/wp-content\/uploads\/2024\/11\/MarcPetit-Consulting-logo-HORIZONTAL-300x129.png\" alt=\"formateur marc petit\" itemprop=\"image\" height=\"129\" width=\"300\" title=\"MarcPetit Consulting logo HORIZONTAL\" onerror=\"this.style.display='none'\" loading=\"lazy\" \/>\n\t<p>&nbsp;<\/p>\n<p><b>ANIMER UNE REUNION EFFICACE<\/b><\/p>\n\t<p>Une formation interactive sur 1 jour.<\/p>\n<p>Das Training wird von Marc PETIT, Partner des Measurement Network, durchgef\u00fchrt.<\/p>\n<p><b>R\u00e9seau Mesure ist ein Qualiopi-zertifiziertes Schulungszentrum, das Unterst\u00fctzung durch Ihr OPCO erm\u00f6glicht.<\/b><\/p>\n<p><strong>Anzahl der Auszubildenden pro Sitzung:<\/strong>\u00a0 3 \u00e0 6 pers.<\/p>\n<p><strong>Wertungen 2023: <\/strong>2 stagiaires &#8211; <em>moyenne bas\u00e9e sur l&rsquo;atteinte des objectifs, la p\u00e9dagogie et l&rsquo;organisation<\/em>:\u00a0 20\/20 &#8211; <em>\u00a0atteinte des objectifs:\u00a0 \u00a020\/20\u00a0<\/em><\/p>\n<p><strong>N\u00e4chste Sitzung\u00a0<\/strong>:\u00a0<a href=\"https:\/\/www.reseau-mesure.com\/de\/la-formation-rm\/\" target=\"_blank\" rel=\"noopener\">consultez le planning<\/a>\u00a0&#8211;\u00a0Nous planifions les dates en fonction de vos demandes, alors n&rsquo;h\u00e9sitez pas \u00e0\u00a0<a href=\"mailto:confray@reseau-mesure.com\">Kontaktiere uns<\/a>\u00a0!<\/p>\n\t\t\t<a href=\"https:\/\/www.reseau-mesure.com\/wp-content\/uploads\/2025\/11\/presentation-Animer-une-reunion-efficace-2026.pdf\" target=\"_blank\" rel=\"noopener\">\n\t\t\t\t\t\t\tPr\u00e4sentation\n\t\t\t\t\t<\/a>\n\t\t\t<a href=\"https:\/\/www.reseau-mesure.com\/wp-content\/uploads\/2025\/11\/programme-Animer-une-reunion-efficace-2026.pdf\" target=\"_blank\" rel=\"noopener\">\n\t\t\t\t\t\t\tProgramm\n\t\t\t\t\t<\/a>\n\t\t\t<a href=\"mailto:confray@reseau-mesure.com\" target=\"_blank\" rel=\"noopener\">\n\t\t\t\t\t\t\tAbonnementanfrage\n\t\t\t\t\t<\/a>","protected":false},"excerpt":{"rendered":"<p>&nbsp; ANIMER UNE REUNION EFFICACE Une formation interactive sur 1 jour. La formation sera assur\u00e9e par Marc PETIT, partenaire du R\u00e9seau Mesure. R\u00e9seau Mesure est centre de formation certifi\u00e9 Qualiopi permettant une prise en charge par votre OPCO. Nombre de stagiaires par session:\u00a0 3 \u00e0 6 pers. Evaluations 2023: 2 stagiaires &#8211; moyenne bas\u00e9e sur&hellip;<\/p>","protected":false},"author":349,"featured_media":0,"parent":0,"menu_order":0,"comment_status":"closed","ping_status":"closed","template":"","meta":{"_acf_changed":false,"footnotes":""},"class_list":["post-21470","page","type-page","status-publish","hentry"],"acf":[],"yoast_head":"<!-- This site is optimized with the Yoast SEO plugin v27.4 - https:\/\/yoast.com\/product\/yoast-seo-wordpress\/ -->\n<title>Formation - Animer une r\u00e9union - R\u00e9seau Mesure<\/title>\n<meta name=\"description\" content=\"Formation interactive Animer une r\u00e9union sur 2 jours Connaitre les diff\u00e9rents types de r\u00e9union possible : objectifs, timing, participation\" \/>\n<meta name=\"robots\" content=\"index, follow, max-snippet:-1, max-image-preview:large, max-video-preview:-1\" \/>\n<link rel=\"canonical\" href=\"https:\/\/www.reseau-mesure.com\/de\/animer-une-reunion\/\" \/>\n<meta property=\"og:locale\" content=\"de_DE\" \/>\n<meta property=\"og:type\" content=\"article\" \/>\n<meta property=\"og:title\" content=\"Formation - Animer une r\u00e9union - R\u00e9seau Mesure\" \/>\n<meta property=\"og:description\" content=\"Formation interactive Animer une r\u00e9union sur 2 jours Connaitre les diff\u00e9rents types de r\u00e9union possible : objectifs, timing, participation\" \/>\n<meta property=\"og:url\" content=\"https:\/\/www.reseau-mesure.com\/de\/animer-une-reunion\/\" \/>\n<meta property=\"og:site_name\" content=\"R\u00e9seau Mesure\" \/>\n<meta property=\"article:publisher\" content=\"https:\/\/www.facebook.com\/reseaumesure\/\" \/>\n<meta property=\"article:modified_time\" content=\"2025-11-13T08:06:09+00:00\" \/>\n<meta property=\"og:image\" content=\"https:\/\/www.reseau-mesure.com\/wp-content\/uploads\/2024\/11\/MarcPetit-Consulting-logo-HORIZONTAL-300x129.png\" \/>\n<meta name=\"twitter:card\" content=\"summary_large_image\" \/>\n<meta name=\"twitter:site\" content=\"@ReseauMesure\" \/>\n<meta name=\"twitter:label1\" content=\"Gesch\u00e4tzte Lesezeit\" \/>\n\t<meta name=\"twitter:data1\" content=\"1\u00a0Minute\" \/>\n<script type=\"application\/ld+json\" class=\"yoast-schema-graph\">{\"@context\":\"https:\\\/\\\/schema.org\",\"@graph\":[{\"@type\":\"WebPage\",\"@id\":\"https:\\\/\\\/www.reseau-mesure.com\\\/animer-une-reunion\\\/\",\"url\":\"https:\\\/\\\/www.reseau-mesure.com\\\/animer-une-reunion\\\/\",\"name\":\"Formation - Animer une r\u00e9union - R\u00e9seau Mesure\",\"isPartOf\":{\"@id\":\"https:\\\/\\\/www.reseau-mesure.com\\\/#website\"},\"primaryImageOfPage\":{\"@id\":\"https:\\\/\\\/www.reseau-mesure.com\\\/animer-une-reunion\\\/#primaryimage\"},\"image\":{\"@id\":\"https:\\\/\\\/www.reseau-mesure.com\\\/animer-une-reunion\\\/#primaryimage\"},\"thumbnailUrl\":\"https:\\\/\\\/www.reseau-mesure.com\\\/wp-content\\\/uploads\\\/2024\\\/11\\\/MarcPetit-Consulting-logo-HORIZONTAL-300x129.png\",\"datePublished\":\"2024-01-29T10:03:15+00:00\",\"dateModified\":\"2025-11-13T08:06:09+00:00\",\"description\":\"Formation interactive Animer une r\u00e9union sur 2 jours Connaitre les diff\u00e9rents types de r\u00e9union possible : objectifs, timing, participation\",\"breadcrumb\":{\"@id\":\"https:\\\/\\\/www.reseau-mesure.com\\\/animer-une-reunion\\\/#breadcrumb\"},\"inLanguage\":\"de\",\"potentialAction\":[{\"@type\":\"ReadAction\",\"target\":[\"https:\\\/\\\/www.reseau-mesure.com\\\/animer-une-reunion\\\/\"]}]},{\"@type\":\"ImageObject\",\"inLanguage\":\"de\",\"@id\":\"https:\\\/\\\/www.reseau-mesure.com\\\/animer-une-reunion\\\/#primaryimage\",\"url\":\"https:\\\/\\\/www.reseau-mesure.com\\\/wp-content\\\/uploads\\\/2024\\\/11\\\/MarcPetit-Consulting-logo-HORIZONTAL-300x129.png\",\"contentUrl\":\"https:\\\/\\\/www.reseau-mesure.com\\\/wp-content\\\/uploads\\\/2024\\\/11\\\/MarcPetit-Consulting-logo-HORIZONTAL-300x129.png\"},{\"@type\":\"BreadcrumbList\",\"@id\":\"https:\\\/\\\/www.reseau-mesure.com\\\/animer-une-reunion\\\/#breadcrumb\",\"itemListElement\":[{\"@type\":\"ListItem\",\"position\":1,\"name\":\"Accueil\",\"item\":\"https:\\\/\\\/www.reseau-mesure.com\\\/\"},{\"@type\":\"ListItem\",\"position\":2,\"name\":\"Animer une r\u00e9union\"}]},{\"@type\":\"WebSite\",\"@id\":\"https:\\\/\\\/www.reseau-mesure.com\\\/#website\",\"url\":\"https:\\\/\\\/www.reseau-mesure.com\\\/\",\"name\":\"R\u00e9seau-Mesure\",\"description\":\"R\u00e9seau Mesure\",\"publisher\":{\"@id\":\"https:\\\/\\\/www.reseau-mesure.com\\\/#organization\"},\"potentialAction\":[{\"@type\":\"SearchAction\",\"target\":{\"@type\":\"EntryPoint\",\"urlTemplate\":\"https:\\\/\\\/www.reseau-mesure.com\\\/?s={search_term_string}\"},\"query-input\":{\"@type\":\"PropertyValueSpecification\",\"valueRequired\":true,\"valueName\":\"search_term_string\"}}],\"inLanguage\":\"de\"},{\"@type\":\"Organization\",\"@id\":\"https:\\\/\\\/www.reseau-mesure.com\\\/#organization\",\"name\":\"R\u00e9seau-Mesure\",\"url\":\"https:\\\/\\\/www.reseau-mesure.com\\\/\",\"logo\":{\"@type\":\"ImageObject\",\"inLanguage\":\"de\",\"@id\":\"https:\\\/\\\/www.reseau-mesure.com\\\/#\\\/schema\\\/logo\\\/image\\\/\",\"url\":\"https:\\\/\\\/www.reseau-mesure.com\\\/wp-content\\\/uploads\\\/2018\\\/02\\\/logo-max.png\",\"contentUrl\":\"https:\\\/\\\/www.reseau-mesure.com\\\/wp-content\\\/uploads\\\/2018\\\/02\\\/logo-max.png\",\"width\":545,\"height\":285,\"caption\":\"R\u00e9seau-Mesure\"},\"image\":{\"@id\":\"https:\\\/\\\/www.reseau-mesure.com\\\/#\\\/schema\\\/logo\\\/image\\\/\"},\"sameAs\":[\"https:\\\/\\\/www.facebook.com\\\/reseaumesure\\\/\",\"https:\\\/\\\/x.com\\\/ReseauMesure\",\"https:\\\/\\\/www.linkedin.com\\\/company\\\/reseau-mesure\\\/\"]}]}<\/script>\n<!-- \/ Yoast SEO plugin. -->","yoast_head_json":{"title":"Formation - Animer une r\u00e9union - R\u00e9seau Mesure","description":"Formation interactive Animer une r\u00e9union sur 2 jours Connaitre les diff\u00e9rents types de r\u00e9union possible : objectifs, timing, participation","robots":{"index":"index","follow":"follow","max-snippet":"max-snippet:-1","max-image-preview":"max-image-preview:large","max-video-preview":"max-video-preview:-1"},"canonical":"https:\/\/www.reseau-mesure.com\/de\/animer-une-reunion\/","og_locale":"de_DE","og_type":"article","og_title":"Formation - Animer une r\u00e9union - R\u00e9seau Mesure","og_description":"Formation interactive Animer une r\u00e9union sur 2 jours Connaitre les diff\u00e9rents types de r\u00e9union possible : objectifs, timing, participation","og_url":"https:\/\/www.reseau-mesure.com\/de\/animer-une-reunion\/","og_site_name":"R\u00e9seau Mesure","article_publisher":"https:\/\/www.facebook.com\/reseaumesure\/","article_modified_time":"2025-11-13T08:06:09+00:00","og_image":[{"url":"https:\/\/www.reseau-mesure.com\/wp-content\/uploads\/2024\/11\/MarcPetit-Consulting-logo-HORIZONTAL-300x129.png","type":"","width":"","height":""}],"twitter_card":"summary_large_image","twitter_site":"@ReseauMesure","twitter_misc":{"Gesch\u00e4tzte Lesezeit":"1\u00a0Minute"},"schema":{"@context":"https:\/\/schema.org","@graph":[{"@type":"WebPage","@id":"https:\/\/www.reseau-mesure.com\/animer-une-reunion\/","url":"https:\/\/www.reseau-mesure.com\/animer-une-reunion\/","name":"Formation - Animer une r\u00e9union - R\u00e9seau Mesure","isPartOf":{"@id":"https:\/\/www.reseau-mesure.com\/#website"},"primaryImageOfPage":{"@id":"https:\/\/www.reseau-mesure.com\/animer-une-reunion\/#primaryimage"},"image":{"@id":"https:\/\/www.reseau-mesure.com\/animer-une-reunion\/#primaryimage"},"thumbnailUrl":"https:\/\/www.reseau-mesure.com\/wp-content\/uploads\/2024\/11\/MarcPetit-Consulting-logo-HORIZONTAL-300x129.png","datePublished":"2024-01-29T10:03:15+00:00","dateModified":"2025-11-13T08:06:09+00:00","description":"Formation interactive Animer une r\u00e9union sur 2 jours Connaitre les diff\u00e9rents types de r\u00e9union possible : objectifs, timing, participation","breadcrumb":{"@id":"https:\/\/www.reseau-mesure.com\/animer-une-reunion\/#breadcrumb"},"inLanguage":"de","potentialAction":[{"@type":"ReadAction","target":["https:\/\/www.reseau-mesure.com\/animer-une-reunion\/"]}]},{"@type":"ImageObject","inLanguage":"de","@id":"https:\/\/www.reseau-mesure.com\/animer-une-reunion\/#primaryimage","url":"https:\/\/www.reseau-mesure.com\/wp-content\/uploads\/2024\/11\/MarcPetit-Consulting-logo-HORIZONTAL-300x129.png","contentUrl":"https:\/\/www.reseau-mesure.com\/wp-content\/uploads\/2024\/11\/MarcPetit-Consulting-logo-HORIZONTAL-300x129.png"},{"@type":"BreadcrumbList","@id":"https:\/\/www.reseau-mesure.com\/animer-une-reunion\/#breadcrumb","itemListElement":[{"@type":"ListItem","position":1,"name":"Accueil","item":"https:\/\/www.reseau-mesure.com\/"},{"@type":"ListItem","position":2,"name":"Animer une r\u00e9union"}]},{"@type":"WebSite","@id":"https:\/\/www.reseau-mesure.com\/#website","url":"https:\/\/www.reseau-mesure.com\/","name":"Netzwerk-Messung","description":"Netzwerkma\u00dfnahme","publisher":{"@id":"https:\/\/www.reseau-mesure.com\/#organization"},"potentialAction":[{"@type":"SearchAction","target":{"@type":"EntryPoint","urlTemplate":"https:\/\/www.reseau-mesure.com\/?s={search_term_string}"},"query-input":{"@type":"PropertyValueSpecification","valueRequired":true,"valueName":"search_term_string"}}],"inLanguage":"de"},{"@type":"Organization","@id":"https:\/\/www.reseau-mesure.com\/#organization","name":"Netzwerk-Messung","url":"https:\/\/www.reseau-mesure.com\/","logo":{"@type":"ImageObject","inLanguage":"de","@id":"https:\/\/www.reseau-mesure.com\/#\/schema\/logo\/image\/","url":"https:\/\/www.reseau-mesure.com\/wp-content\/uploads\/2018\/02\/logo-max.png","contentUrl":"https:\/\/www.reseau-mesure.com\/wp-content\/uploads\/2018\/02\/logo-max.png","width":545,"height":285,"caption":"R\u00e9seau-Mesure"},"image":{"@id":"https:\/\/www.reseau-mesure.com\/#\/schema\/logo\/image\/"},"sameAs":["https:\/\/www.facebook.com\/reseaumesure\/","https:\/\/x.com\/ReseauMesure","https:\/\/www.linkedin.com\/company\/reseau-mesure\/"]}]}},"_links":{"self":[{"href":"https:\/\/www.reseau-mesure.com\/de\/wp-json\/wp\/v2\/pages\/21470","targetHints":{"allow":["GET"]}}],"collection":[{"href":"https:\/\/www.reseau-mesure.com\/de\/wp-json\/wp\/v2\/pages"}],"about":[{"href":"https:\/\/www.reseau-mesure.com\/de\/wp-json\/wp\/v2\/types\/page"}],"author":[{"embeddable":true,"href":"https:\/\/www.reseau-mesure.com\/de\/wp-json\/wp\/v2\/users\/349"}],"replies":[{"embeddable":true,"href":"https:\/\/www.reseau-mesure.com\/de\/wp-json\/wp\/v2\/comments?post=21470"}],"version-history":[{"count":0,"href":"https:\/\/www.reseau-mesure.com\/de\/wp-json\/wp\/v2\/pages\/21470\/revisions"}],"wp:attachment":[{"href":"https:\/\/www.reseau-mesure.com\/de\/wp-json\/wp\/v2\/media?parent=21470"}],"curies":[{"name":"wp","href":"https:\/\/api.w.org\/{rel}","templated":true}]}}