{"id":21662,"date":"2024-02-23T16:47:39","date_gmt":"2024-02-23T15:47:39","guid":{"rendered":"https:\/\/www.reseau-mesure.com\/?page_id=21662"},"modified":"2024-04-10T12:53:12","modified_gmt":"2024-04-10T10:53:12","slug":"extensometrie","status":"publish","type":"page","link":"https:\/\/www.reseau-mesure.com\/de\/extensometrie\/","title":{"rendered":"EXTENSOMETRIE"},"content":{"rendered":"<a href=\"https:\/\/eurotek-france.fr\/\" target=\"_blank\" rel=\"noopener\" itemprop=\"url\">\n\t\t\t\t<img loading=\"lazy\" decoding=\"async\" src=\"https:\/\/www.reseau-mesure.com\/wp-content\/uploads\/2024\/02\/Logo-Doerler_4.jpg\" alt=\"Logo Doerler_4\" itemprop=\"image\" height=\"184\" width=\"300\" title=\"Logo Doerler_4\" onerror=\"this.style.display='none'\"  \/>\n\t\t\t\t<\/a>\n\t<p>&nbsp;<\/p>\n<p><b>EXTENSOMETRIE<\/b><\/p>\n\t<p>&nbsp;<\/p>\n<table width=\"100%\">\n<tbody>\n<tr>\n<td><strong>Cette formation s&rsquo;adresse \u00e0 des Techniciens et ing\u00e9nieurs de bureau d&rsquo;\u00e9tudes, de maintenance, de laboratoire de recherche, de service qualit\u00e9, enseignants, \u00e9tudiants.<\/strong>\n<p>Die Ausbildung wird durchgef\u00fchrt von<a href=\"https:\/\/www.reseau-mesure.com\/de\/adherent\/doerler-mesures\/\" target=\"_blank\" rel=\"noopener\"> DOERLER MASSNAHMEN<\/a>, Spezialist auf dem Gebiet der physikalischen Messung.<\/p>\n<p><b>R\u00e9seau Mesure wird als QUALIOPI-zertifiziertes Schulungszentrum bezeichnet, das die Unterst\u00fctzung durch Ihren OPCO erm\u00f6glicht.<\/b><\/p>\n<p><strong>Anzahl der Auszubildenden pro Sitzung:<\/strong> Schulung exklusiv f\u00fcr ein Unternehmen.<\/p>\n<p><strong>Die Schulungstermine m\u00fcssen mit dem Doerler-Mesures-Firmentrainer vereinbart werden.\u00a0<\/strong><\/p>\n<p><strong>Das Programm kann an die Bed\u00fcrfnisse des Unternehmens angepasst werden.<\/strong><\/p>\n<strong>Evaluations 2024: <\/strong>5 stagiaires &#8211; <em>moyenne bas\u00e9e sur l&rsquo;atteinte des objectifs, la p\u00e9dagogie et l&rsquo;organisation<\/em>:\u00a0 19.80\/20 &#8211; <em>\u00a0atteinte des objectifs:\u00a0 \u00a020\/20\u00a0<\/em><\/td>\n<\/tr>\n<tr>\n\n<\/tr>\n<\/tbody>\n<\/table>\n\t\t\t<a href=\"https:\/\/www.reseau-mesure.com\/wp-content\/uploads\/2024\/02\/Presentation-Extensometrie-Doerler.pdf\" target=\"_blank\" rel=\"noopener\">\n\t\t\t\t\t\t\tPr\u00e4sentation\n\t\t\t\t\t<\/a>\n\t\t\t<a href=\"https:\/\/www.reseau-mesure.com\/wp-content\/uploads\/2024\/02\/Programme-Extensometrie-Doerler.pdf\" target=\"_blank\" rel=\"noopener\">\n\t\t\t\t\t\t\tProgrammtyp\n\t\t\t\t\t<\/a>\n\t\t\t<a href=\"mailto:isabelle.chretien@dmesures.fr\" target=\"_blank\" rel=\"noopener\">\n\t\t\t\t\t\t\tAbonnementanfrage\n\t\t\t\t\t<\/a>","protected":false},"excerpt":{"rendered":"<p>&nbsp; EXTENSOMETRIE &nbsp; Cette formation s&rsquo;adresse \u00e0 des Techniciens et ing\u00e9nieurs de bureau d&rsquo;\u00e9tudes, de maintenance, de laboratoire de recherche, de service qualit\u00e9, enseignants, \u00e9tudiants. La formation sera assur\u00e9e par DOERLER MESURES, sp\u00e9cialiste dans le domaine de la mesure physique. R\u00e9seau Mesure est r\u00e9f\u00e9renc\u00e9 centre de formation certifi\u00e9 QUALIOPI permettant une prise en charge par&hellip;<\/p>","protected":false},"author":349,"featured_media":0,"parent":0,"menu_order":0,"comment_status":"closed","ping_status":"closed","template":"","meta":{"_acf_changed":false,"footnotes":""},"class_list":["post-21662","page","type-page","status-publish","hentry"],"acf":[],"yoast_head":"<!-- This site is optimized with the Yoast SEO plugin v27.5 - https:\/\/yoast.com\/product\/yoast-seo-wordpress\/ -->\n<title>Formation - EXTENSOMETRIE - R\u00e9seau Mesure<\/title>\n<meta name=\"description\" content=\"Formation Acqu\u00e9rir les comp\u00e9tences techniques n\u00e9cessaires pour la d\u00e9termination et l\u2019installation de jauges \u00e9lectriques d\u2019extensom\u00e9trie\" \/>\n<meta name=\"robots\" content=\"index, follow, max-snippet:-1, max-image-preview:large, max-video-preview:-1\" \/>\n<link rel=\"canonical\" href=\"https:\/\/www.reseau-mesure.com\/de\/extensometrie\/\" \/>\n<meta property=\"og:locale\" content=\"de_DE\" \/>\n<meta property=\"og:type\" content=\"article\" \/>\n<meta property=\"og:title\" content=\"Formation - EXTENSOMETRIE - R\u00e9seau Mesure\" \/>\n<meta property=\"og:description\" content=\"Formation Acqu\u00e9rir les comp\u00e9tences techniques n\u00e9cessaires pour la d\u00e9termination et l\u2019installation de jauges \u00e9lectriques d\u2019extensom\u00e9trie\" \/>\n<meta property=\"og:url\" content=\"https:\/\/www.reseau-mesure.com\/de\/extensometrie\/\" \/>\n<meta property=\"og:site_name\" content=\"R\u00e9seau Mesure\" \/>\n<meta property=\"article:publisher\" content=\"https:\/\/www.facebook.com\/reseaumesure\/\" \/>\n<meta property=\"article:modified_time\" content=\"2024-04-10T10:53:12+00:00\" \/>\n<meta property=\"og:image\" content=\"https:\/\/www.reseau-mesure.com\/wp-content\/uploads\/2024\/02\/Logo-Doerler_4.jpg\" \/>\n<meta name=\"twitter:card\" content=\"summary_large_image\" \/>\n<meta name=\"twitter:site\" content=\"@ReseauMesure\" \/>\n<meta name=\"twitter:label1\" content=\"Gesch\u00e4tzte Lesezeit\" \/>\n\t<meta name=\"twitter:data1\" content=\"1\u00a0Minute\" \/>\n<script type=\"application\/ld+json\" class=\"yoast-schema-graph\">{\"@context\":\"https:\\\/\\\/schema.org\",\"@graph\":[{\"@type\":\"WebPage\",\"@id\":\"https:\\\/\\\/www.reseau-mesure.com\\\/extensometrie\\\/\",\"url\":\"https:\\\/\\\/www.reseau-mesure.com\\\/extensometrie\\\/\",\"name\":\"Formation - EXTENSOMETRIE - R\u00e9seau Mesure\",\"isPartOf\":{\"@id\":\"https:\\\/\\\/www.reseau-mesure.com\\\/#website\"},\"primaryImageOfPage\":{\"@id\":\"https:\\\/\\\/www.reseau-mesure.com\\\/extensometrie\\\/#primaryimage\"},\"image\":{\"@id\":\"https:\\\/\\\/www.reseau-mesure.com\\\/extensometrie\\\/#primaryimage\"},\"thumbnailUrl\":\"https:\\\/\\\/www.reseau-mesure.com\\\/wp-content\\\/uploads\\\/2024\\\/02\\\/Logo-Doerler_4.jpg\",\"datePublished\":\"2024-02-23T15:47:39+00:00\",\"dateModified\":\"2024-04-10T10:53:12+00:00\",\"description\":\"Formation Acqu\u00e9rir les comp\u00e9tences techniques n\u00e9cessaires pour la d\u00e9termination et l\u2019installation de jauges \u00e9lectriques d\u2019extensom\u00e9trie\",\"breadcrumb\":{\"@id\":\"https:\\\/\\\/www.reseau-mesure.com\\\/extensometrie\\\/#breadcrumb\"},\"inLanguage\":\"de\",\"potentialAction\":[{\"@type\":\"ReadAction\",\"target\":[\"https:\\\/\\\/www.reseau-mesure.com\\\/extensometrie\\\/\"]}]},{\"@type\":\"ImageObject\",\"inLanguage\":\"de\",\"@id\":\"https:\\\/\\\/www.reseau-mesure.com\\\/extensometrie\\\/#primaryimage\",\"url\":\"https:\\\/\\\/www.reseau-mesure.com\\\/wp-content\\\/uploads\\\/2024\\\/02\\\/Logo-Doerler_4.jpg\",\"contentUrl\":\"https:\\\/\\\/www.reseau-mesure.com\\\/wp-content\\\/uploads\\\/2024\\\/02\\\/Logo-Doerler_4.jpg\"},{\"@type\":\"BreadcrumbList\",\"@id\":\"https:\\\/\\\/www.reseau-mesure.com\\\/extensometrie\\\/#breadcrumb\",\"itemListElement\":[{\"@type\":\"ListItem\",\"position\":1,\"name\":\"Accueil\",\"item\":\"https:\\\/\\\/www.reseau-mesure.com\\\/\"},{\"@type\":\"ListItem\",\"position\":2,\"name\":\"EXTENSOMETRIE\"}]},{\"@type\":\"WebSite\",\"@id\":\"https:\\\/\\\/www.reseau-mesure.com\\\/#website\",\"url\":\"https:\\\/\\\/www.reseau-mesure.com\\\/\",\"name\":\"R\u00e9seau-Mesure\",\"description\":\"R\u00e9seau Mesure\",\"publisher\":{\"@id\":\"https:\\\/\\\/www.reseau-mesure.com\\\/#organization\"},\"potentialAction\":[{\"@type\":\"SearchAction\",\"target\":{\"@type\":\"EntryPoint\",\"urlTemplate\":\"https:\\\/\\\/www.reseau-mesure.com\\\/?s={search_term_string}\"},\"query-input\":{\"@type\":\"PropertyValueSpecification\",\"valueRequired\":true,\"valueName\":\"search_term_string\"}}],\"inLanguage\":\"de\"},{\"@type\":\"Organization\",\"@id\":\"https:\\\/\\\/www.reseau-mesure.com\\\/#organization\",\"name\":\"R\u00e9seau-Mesure\",\"url\":\"https:\\\/\\\/www.reseau-mesure.com\\\/\",\"logo\":{\"@type\":\"ImageObject\",\"inLanguage\":\"de\",\"@id\":\"https:\\\/\\\/www.reseau-mesure.com\\\/#\\\/schema\\\/logo\\\/image\\\/\",\"url\":\"https:\\\/\\\/www.reseau-mesure.com\\\/wp-content\\\/uploads\\\/2018\\\/02\\\/logo-max.png\",\"contentUrl\":\"https:\\\/\\\/www.reseau-mesure.com\\\/wp-content\\\/uploads\\\/2018\\\/02\\\/logo-max.png\",\"width\":545,\"height\":285,\"caption\":\"R\u00e9seau-Mesure\"},\"image\":{\"@id\":\"https:\\\/\\\/www.reseau-mesure.com\\\/#\\\/schema\\\/logo\\\/image\\\/\"},\"sameAs\":[\"https:\\\/\\\/www.facebook.com\\\/reseaumesure\\\/\",\"https:\\\/\\\/x.com\\\/ReseauMesure\",\"https:\\\/\\\/www.linkedin.com\\\/company\\\/reseau-mesure\\\/\"]}]}<\/script>\n<!-- \/ Yoast SEO plugin. -->","yoast_head_json":{"title":"Formation - EXTENSOMETRIE - R\u00e9seau Mesure","description":"Formation Acqu\u00e9rir les comp\u00e9tences techniques n\u00e9cessaires pour la d\u00e9termination et l\u2019installation de jauges \u00e9lectriques d\u2019extensom\u00e9trie","robots":{"index":"index","follow":"follow","max-snippet":"max-snippet:-1","max-image-preview":"max-image-preview:large","max-video-preview":"max-video-preview:-1"},"canonical":"https:\/\/www.reseau-mesure.com\/de\/extensometrie\/","og_locale":"de_DE","og_type":"article","og_title":"Formation - EXTENSOMETRIE - R\u00e9seau Mesure","og_description":"Formation Acqu\u00e9rir les comp\u00e9tences techniques n\u00e9cessaires pour la d\u00e9termination et l\u2019installation de jauges \u00e9lectriques d\u2019extensom\u00e9trie","og_url":"https:\/\/www.reseau-mesure.com\/de\/extensometrie\/","og_site_name":"R\u00e9seau Mesure","article_publisher":"https:\/\/www.facebook.com\/reseaumesure\/","article_modified_time":"2024-04-10T10:53:12+00:00","og_image":[{"url":"https:\/\/www.reseau-mesure.com\/wp-content\/uploads\/2024\/02\/Logo-Doerler_4.jpg","type":"","width":"","height":""}],"twitter_card":"summary_large_image","twitter_site":"@ReseauMesure","twitter_misc":{"Gesch\u00e4tzte Lesezeit":"1\u00a0Minute"},"schema":{"@context":"https:\/\/schema.org","@graph":[{"@type":"WebPage","@id":"https:\/\/www.reseau-mesure.com\/extensometrie\/","url":"https:\/\/www.reseau-mesure.com\/extensometrie\/","name":"Formation - EXTENSOMETRIE - R\u00e9seau Mesure","isPartOf":{"@id":"https:\/\/www.reseau-mesure.com\/#website"},"primaryImageOfPage":{"@id":"https:\/\/www.reseau-mesure.com\/extensometrie\/#primaryimage"},"image":{"@id":"https:\/\/www.reseau-mesure.com\/extensometrie\/#primaryimage"},"thumbnailUrl":"https:\/\/www.reseau-mesure.com\/wp-content\/uploads\/2024\/02\/Logo-Doerler_4.jpg","datePublished":"2024-02-23T15:47:39+00:00","dateModified":"2024-04-10T10:53:12+00:00","description":"Formation Acqu\u00e9rir les comp\u00e9tences techniques n\u00e9cessaires pour la d\u00e9termination et l\u2019installation de jauges \u00e9lectriques d\u2019extensom\u00e9trie","breadcrumb":{"@id":"https:\/\/www.reseau-mesure.com\/extensometrie\/#breadcrumb"},"inLanguage":"de","potentialAction":[{"@type":"ReadAction","target":["https:\/\/www.reseau-mesure.com\/extensometrie\/"]}]},{"@type":"ImageObject","inLanguage":"de","@id":"https:\/\/www.reseau-mesure.com\/extensometrie\/#primaryimage","url":"https:\/\/www.reseau-mesure.com\/wp-content\/uploads\/2024\/02\/Logo-Doerler_4.jpg","contentUrl":"https:\/\/www.reseau-mesure.com\/wp-content\/uploads\/2024\/02\/Logo-Doerler_4.jpg"},{"@type":"BreadcrumbList","@id":"https:\/\/www.reseau-mesure.com\/extensometrie\/#breadcrumb","itemListElement":[{"@type":"ListItem","position":1,"name":"Accueil","item":"https:\/\/www.reseau-mesure.com\/"},{"@type":"ListItem","position":2,"name":"EXTENSOMETRIE"}]},{"@type":"WebSite","@id":"https:\/\/www.reseau-mesure.com\/#website","url":"https:\/\/www.reseau-mesure.com\/","name":"Netzwerk-Messung","description":"Netzwerkma\u00dfnahme","publisher":{"@id":"https:\/\/www.reseau-mesure.com\/#organization"},"potentialAction":[{"@type":"SearchAction","target":{"@type":"EntryPoint","urlTemplate":"https:\/\/www.reseau-mesure.com\/?s={search_term_string}"},"query-input":{"@type":"PropertyValueSpecification","valueRequired":true,"valueName":"search_term_string"}}],"inLanguage":"de"},{"@type":"Organization","@id":"https:\/\/www.reseau-mesure.com\/#organization","name":"Netzwerk-Messung","url":"https:\/\/www.reseau-mesure.com\/","logo":{"@type":"ImageObject","inLanguage":"de","@id":"https:\/\/www.reseau-mesure.com\/#\/schema\/logo\/image\/","url":"https:\/\/www.reseau-mesure.com\/wp-content\/uploads\/2018\/02\/logo-max.png","contentUrl":"https:\/\/www.reseau-mesure.com\/wp-content\/uploads\/2018\/02\/logo-max.png","width":545,"height":285,"caption":"R\u00e9seau-Mesure"},"image":{"@id":"https:\/\/www.reseau-mesure.com\/#\/schema\/logo\/image\/"},"sameAs":["https:\/\/www.facebook.com\/reseaumesure\/","https:\/\/x.com\/ReseauMesure","https:\/\/www.linkedin.com\/company\/reseau-mesure\/"]}]}},"_links":{"self":[{"href":"https:\/\/www.reseau-mesure.com\/de\/wp-json\/wp\/v2\/pages\/21662","targetHints":{"allow":["GET"]}}],"collection":[{"href":"https:\/\/www.reseau-mesure.com\/de\/wp-json\/wp\/v2\/pages"}],"about":[{"href":"https:\/\/www.reseau-mesure.com\/de\/wp-json\/wp\/v2\/types\/page"}],"author":[{"embeddable":true,"href":"https:\/\/www.reseau-mesure.com\/de\/wp-json\/wp\/v2\/users\/349"}],"replies":[{"embeddable":true,"href":"https:\/\/www.reseau-mesure.com\/de\/wp-json\/wp\/v2\/comments?post=21662"}],"version-history":[{"count":0,"href":"https:\/\/www.reseau-mesure.com\/de\/wp-json\/wp\/v2\/pages\/21662\/revisions"}],"wp:attachment":[{"href":"https:\/\/www.reseau-mesure.com\/de\/wp-json\/wp\/v2\/media?parent=21662"}],"curies":[{"name":"wp","href":"https:\/\/api.w.org\/{rel}","templated":true}]}}