{"id":2229,"date":"2018-04-25T11:29:44","date_gmt":"2018-04-25T09:29:44","guid":{"rendered":"http:\/\/www.reseau-mesure.com\/?page_id=2229"},"modified":"2021-07-16T15:51:28","modified_gmt":"2021-07-16T13:51:28","slug":"partenaires","status":"publish","type":"page","link":"https:\/\/www.reseau-mesure.com\/de\/partenaires\/","title":{"rendered":"Partner und Unterst\u00fctzung des Messnetzwerks"},"content":{"rendered":"<img loading=\"lazy\" decoding=\"async\" src=\"https:\/\/www.reseau-mesure.com\/wp-content\/uploads\/2018\/11\/shutterstock_424050601-300x300.jpg\" alt=\"Partenaires R\u00e9seau Mesure\" itemprop=\"image\" height=\"300\" width=\"300\" title=\"Partner\" onerror=\"this.style.display='none'\"  \/>\n\t\t<h1>\n\t\t\tUnsere Partner\n\t\t<\/h1>\n\t<h2>Finden Sie alle Partner des Messnetzwerks<\/h2>\n\t<p>Die Partner des Messnetzwerks sind starke S\u00e4ulen unseres t\u00e4glichen Lebens. Mitglieder profitieren durch sie von Vorteilen, die unter ganz besonderen Bedingungen an ihre Bed\u00fcrfnisse angepasst sind und den Mitgliedern vorbehalten sind.<\/p>\n<p>Konsultieren Sie sie direkt oder gehen Sie durch unsere B\u00fcros, um Ihre Fragen zu beantworten.<\/p>\n<p>M\u00f6chten Sie Partner des Messnetzwerks werden? Kontaktiere uns.<\/p>\n<p>&nbsp;<\/p>","protected":false},"excerpt":{"rendered":"<p>Unsere Partner Finden Sie alle Partner des Messnetzwerks Die Partner des Messnetzwerks sind starke S\u00e4ulen unseres t\u00e4glichen Lebens. Mitglieder profitieren durch sie von Vorteilen, die unter ganz besonderen Bedingungen an ihre Bed\u00fcrfnisse angepasst sind und den Mitgliedern vorbehalten sind. Konsultieren Sie sie direkt oder gehen Sie durch unsere B\u00fcros, um Ihre Fragen zu beantworten.\u2026<\/p>","protected":false},"author":685,"featured_media":0,"parent":0,"menu_order":0,"comment_status":"closed","ping_status":"closed","template":"partenaires.php","meta":{"_acf_changed":false,"footnotes":""},"class_list":["post-2229","page","type-page","status-publish","hentry"],"acf":[],"yoast_head":"<!-- This site is optimized with the Yoast SEO plugin v27.4 - https:\/\/yoast.com\/product\/yoast-seo-wordpress\/ -->\n<title>Partenaires et soutient du R\u00e9seau Mesure - R\u00e9seau Mesure<\/title>\n<meta name=\"description\" content=\"Retrouvez la liste des partenaires du R\u00e9seau Mesure. Am\u00e9liorez votre visibilit\u00e9, votre efficacit\u00e9 et votre notori\u00e9t\u00e9 gr\u00e2ce \u00e0 des parteanires privil\u00e9gi\u00e9s.\" \/>\n<meta name=\"robots\" content=\"index, follow, max-snippet:-1, max-image-preview:large, max-video-preview:-1\" \/>\n<link rel=\"canonical\" href=\"https:\/\/www.reseau-mesure.com\/de\/partenaires\/\" \/>\n<meta property=\"og:locale\" content=\"de_DE\" \/>\n<meta property=\"og:type\" content=\"article\" \/>\n<meta property=\"og:title\" content=\"Partenaires et soutient du R\u00e9seau Mesure - R\u00e9seau Mesure\" \/>\n<meta property=\"og:description\" content=\"Retrouvez la liste des partenaires du R\u00e9seau Mesure. Am\u00e9liorez votre visibilit\u00e9, votre efficacit\u00e9 et votre notori\u00e9t\u00e9 gr\u00e2ce \u00e0 des parteanires privil\u00e9gi\u00e9s.\" \/>\n<meta property=\"og:url\" content=\"https:\/\/www.reseau-mesure.com\/de\/partenaires\/\" \/>\n<meta property=\"og:site_name\" content=\"R\u00e9seau Mesure\" \/>\n<meta property=\"article:publisher\" content=\"https:\/\/www.facebook.com\/reseaumesure\/\" \/>\n<meta property=\"article:modified_time\" content=\"2021-07-16T13:51:28+00:00\" \/>\n<meta property=\"og:image\" content=\"https:\/\/www.reseau-mesure.com\/wp-content\/uploads\/2018\/11\/shutterstock_424050601-300x300.jpg\" \/>\n<meta name=\"twitter:card\" content=\"summary_large_image\" \/>\n<meta name=\"twitter:site\" content=\"@ReseauMesure\" \/>\n<script type=\"application\/ld+json\" class=\"yoast-schema-graph\">{\"@context\":\"https:\\\/\\\/schema.org\",\"@graph\":[{\"@type\":\"WebPage\",\"@id\":\"https:\\\/\\\/www.reseau-mesure.com\\\/partenaires\\\/\",\"url\":\"https:\\\/\\\/www.reseau-mesure.com\\\/partenaires\\\/\",\"name\":\"Partenaires et soutient du R\u00e9seau Mesure - R\u00e9seau Mesure\",\"isPartOf\":{\"@id\":\"https:\\\/\\\/www.reseau-mesure.com\\\/#website\"},\"primaryImageOfPage\":{\"@id\":\"https:\\\/\\\/www.reseau-mesure.com\\\/partenaires\\\/#primaryimage\"},\"image\":{\"@id\":\"https:\\\/\\\/www.reseau-mesure.com\\\/partenaires\\\/#primaryimage\"},\"thumbnailUrl\":\"https:\\\/\\\/www.reseau-mesure.com\\\/wp-content\\\/uploads\\\/2018\\\/11\\\/shutterstock_424050601-300x300.jpg\",\"datePublished\":\"2018-04-25T09:29:44+00:00\",\"dateModified\":\"2021-07-16T13:51:28+00:00\",\"description\":\"Retrouvez la liste des partenaires du R\u00e9seau Mesure. Am\u00e9liorez votre visibilit\u00e9, votre efficacit\u00e9 et votre notori\u00e9t\u00e9 gr\u00e2ce \u00e0 des parteanires privil\u00e9gi\u00e9s.\",\"breadcrumb\":{\"@id\":\"https:\\\/\\\/www.reseau-mesure.com\\\/partenaires\\\/#breadcrumb\"},\"inLanguage\":\"de\",\"potentialAction\":[{\"@type\":\"ReadAction\",\"target\":[\"https:\\\/\\\/www.reseau-mesure.com\\\/partenaires\\\/\"]}]},{\"@type\":\"ImageObject\",\"inLanguage\":\"de\",\"@id\":\"https:\\\/\\\/www.reseau-mesure.com\\\/partenaires\\\/#primaryimage\",\"url\":\"https:\\\/\\\/www.reseau-mesure.com\\\/wp-content\\\/uploads\\\/2018\\\/11\\\/shutterstock_424050601-300x300.jpg\",\"contentUrl\":\"https:\\\/\\\/www.reseau-mesure.com\\\/wp-content\\\/uploads\\\/2018\\\/11\\\/shutterstock_424050601-300x300.jpg\"},{\"@type\":\"BreadcrumbList\",\"@id\":\"https:\\\/\\\/www.reseau-mesure.com\\\/partenaires\\\/#breadcrumb\",\"itemListElement\":[{\"@type\":\"ListItem\",\"position\":1,\"name\":\"Accueil\",\"item\":\"https:\\\/\\\/www.reseau-mesure.com\\\/\"},{\"@type\":\"ListItem\",\"position\":2,\"name\":\"Partenaires et soutient du R\u00e9seau Mesure\"}]},{\"@type\":\"WebSite\",\"@id\":\"https:\\\/\\\/www.reseau-mesure.com\\\/#website\",\"url\":\"https:\\\/\\\/www.reseau-mesure.com\\\/\",\"name\":\"R\u00e9seau-Mesure\",\"description\":\"R\u00e9seau Mesure\",\"publisher\":{\"@id\":\"https:\\\/\\\/www.reseau-mesure.com\\\/#organization\"},\"potentialAction\":[{\"@type\":\"SearchAction\",\"target\":{\"@type\":\"EntryPoint\",\"urlTemplate\":\"https:\\\/\\\/www.reseau-mesure.com\\\/?s={search_term_string}\"},\"query-input\":{\"@type\":\"PropertyValueSpecification\",\"valueRequired\":true,\"valueName\":\"search_term_string\"}}],\"inLanguage\":\"de\"},{\"@type\":\"Organization\",\"@id\":\"https:\\\/\\\/www.reseau-mesure.com\\\/#organization\",\"name\":\"R\u00e9seau-Mesure\",\"url\":\"https:\\\/\\\/www.reseau-mesure.com\\\/\",\"logo\":{\"@type\":\"ImageObject\",\"inLanguage\":\"de\",\"@id\":\"https:\\\/\\\/www.reseau-mesure.com\\\/#\\\/schema\\\/logo\\\/image\\\/\",\"url\":\"https:\\\/\\\/www.reseau-mesure.com\\\/wp-content\\\/uploads\\\/2018\\\/02\\\/logo-max.png\",\"contentUrl\":\"https:\\\/\\\/www.reseau-mesure.com\\\/wp-content\\\/uploads\\\/2018\\\/02\\\/logo-max.png\",\"width\":545,\"height\":285,\"caption\":\"R\u00e9seau-Mesure\"},\"image\":{\"@id\":\"https:\\\/\\\/www.reseau-mesure.com\\\/#\\\/schema\\\/logo\\\/image\\\/\"},\"sameAs\":[\"https:\\\/\\\/www.facebook.com\\\/reseaumesure\\\/\",\"https:\\\/\\\/x.com\\\/ReseauMesure\",\"https:\\\/\\\/www.linkedin.com\\\/company\\\/reseau-mesure\\\/\"]}]}<\/script>\n<!-- \/ Yoast SEO plugin. -->","yoast_head_json":{"title":"Partenaires et soutient du R\u00e9seau Mesure - R\u00e9seau Mesure","description":"Retrouvez la liste des partenaires du R\u00e9seau Mesure. Am\u00e9liorez votre visibilit\u00e9, votre efficacit\u00e9 et votre notori\u00e9t\u00e9 gr\u00e2ce \u00e0 des parteanires privil\u00e9gi\u00e9s.","robots":{"index":"index","follow":"follow","max-snippet":"max-snippet:-1","max-image-preview":"max-image-preview:large","max-video-preview":"max-video-preview:-1"},"canonical":"https:\/\/www.reseau-mesure.com\/de\/partenaires\/","og_locale":"de_DE","og_type":"article","og_title":"Partenaires et soutient du R\u00e9seau Mesure - R\u00e9seau Mesure","og_description":"Retrouvez la liste des partenaires du R\u00e9seau Mesure. Am\u00e9liorez votre visibilit\u00e9, votre efficacit\u00e9 et votre notori\u00e9t\u00e9 gr\u00e2ce \u00e0 des parteanires privil\u00e9gi\u00e9s.","og_url":"https:\/\/www.reseau-mesure.com\/de\/partenaires\/","og_site_name":"R\u00e9seau Mesure","article_publisher":"https:\/\/www.facebook.com\/reseaumesure\/","article_modified_time":"2021-07-16T13:51:28+00:00","og_image":[{"url":"https:\/\/www.reseau-mesure.com\/wp-content\/uploads\/2018\/11\/shutterstock_424050601-300x300.jpg","type":"","width":"","height":""}],"twitter_card":"summary_large_image","twitter_site":"@ReseauMesure","schema":{"@context":"https:\/\/schema.org","@graph":[{"@type":"WebPage","@id":"https:\/\/www.reseau-mesure.com\/partenaires\/","url":"https:\/\/www.reseau-mesure.com\/partenaires\/","name":"Partenaires et soutient du R\u00e9seau Mesure - R\u00e9seau Mesure","isPartOf":{"@id":"https:\/\/www.reseau-mesure.com\/#website"},"primaryImageOfPage":{"@id":"https:\/\/www.reseau-mesure.com\/partenaires\/#primaryimage"},"image":{"@id":"https:\/\/www.reseau-mesure.com\/partenaires\/#primaryimage"},"thumbnailUrl":"https:\/\/www.reseau-mesure.com\/wp-content\/uploads\/2018\/11\/shutterstock_424050601-300x300.jpg","datePublished":"2018-04-25T09:29:44+00:00","dateModified":"2021-07-16T13:51:28+00:00","description":"Retrouvez la liste des partenaires du R\u00e9seau Mesure. Am\u00e9liorez votre visibilit\u00e9, votre efficacit\u00e9 et votre notori\u00e9t\u00e9 gr\u00e2ce \u00e0 des parteanires privil\u00e9gi\u00e9s.","breadcrumb":{"@id":"https:\/\/www.reseau-mesure.com\/partenaires\/#breadcrumb"},"inLanguage":"de","potentialAction":[{"@type":"ReadAction","target":["https:\/\/www.reseau-mesure.com\/partenaires\/"]}]},{"@type":"ImageObject","inLanguage":"de","@id":"https:\/\/www.reseau-mesure.com\/partenaires\/#primaryimage","url":"https:\/\/www.reseau-mesure.com\/wp-content\/uploads\/2018\/11\/shutterstock_424050601-300x300.jpg","contentUrl":"https:\/\/www.reseau-mesure.com\/wp-content\/uploads\/2018\/11\/shutterstock_424050601-300x300.jpg"},{"@type":"BreadcrumbList","@id":"https:\/\/www.reseau-mesure.com\/partenaires\/#breadcrumb","itemListElement":[{"@type":"ListItem","position":1,"name":"Accueil","item":"https:\/\/www.reseau-mesure.com\/"},{"@type":"ListItem","position":2,"name":"Partenaires et soutient du R\u00e9seau Mesure"}]},{"@type":"WebSite","@id":"https:\/\/www.reseau-mesure.com\/#website","url":"https:\/\/www.reseau-mesure.com\/","name":"Netzwerk-Messung","description":"Netzwerkma\u00dfnahme","publisher":{"@id":"https:\/\/www.reseau-mesure.com\/#organization"},"potentialAction":[{"@type":"SearchAction","target":{"@type":"EntryPoint","urlTemplate":"https:\/\/www.reseau-mesure.com\/?s={search_term_string}"},"query-input":{"@type":"PropertyValueSpecification","valueRequired":true,"valueName":"search_term_string"}}],"inLanguage":"de"},{"@type":"Organization","@id":"https:\/\/www.reseau-mesure.com\/#organization","name":"Netzwerk-Messung","url":"https:\/\/www.reseau-mesure.com\/","logo":{"@type":"ImageObject","inLanguage":"de","@id":"https:\/\/www.reseau-mesure.com\/#\/schema\/logo\/image\/","url":"https:\/\/www.reseau-mesure.com\/wp-content\/uploads\/2018\/02\/logo-max.png","contentUrl":"https:\/\/www.reseau-mesure.com\/wp-content\/uploads\/2018\/02\/logo-max.png","width":545,"height":285,"caption":"R\u00e9seau-Mesure"},"image":{"@id":"https:\/\/www.reseau-mesure.com\/#\/schema\/logo\/image\/"},"sameAs":["https:\/\/www.facebook.com\/reseaumesure\/","https:\/\/x.com\/ReseauMesure","https:\/\/www.linkedin.com\/company\/reseau-mesure\/"]}]}},"_links":{"self":[{"href":"https:\/\/www.reseau-mesure.com\/de\/wp-json\/wp\/v2\/pages\/2229","targetHints":{"allow":["GET"]}}],"collection":[{"href":"https:\/\/www.reseau-mesure.com\/de\/wp-json\/wp\/v2\/pages"}],"about":[{"href":"https:\/\/www.reseau-mesure.com\/de\/wp-json\/wp\/v2\/types\/page"}],"author":[{"embeddable":true,"href":"https:\/\/www.reseau-mesure.com\/de\/wp-json\/wp\/v2\/users\/685"}],"replies":[{"embeddable":true,"href":"https:\/\/www.reseau-mesure.com\/de\/wp-json\/wp\/v2\/comments?post=2229"}],"version-history":[{"count":0,"href":"https:\/\/www.reseau-mesure.com\/de\/wp-json\/wp\/v2\/pages\/2229\/revisions"}],"wp:attachment":[{"href":"https:\/\/www.reseau-mesure.com\/de\/wp-json\/wp\/v2\/media?parent=2229"}],"curies":[{"name":"wp","href":"https:\/\/api.w.org\/{rel}","templated":true}]}}