{"id":23979,"date":"2024-12-03T14:27:59","date_gmt":"2024-12-03T13:27:59","guid":{"rendered":"https:\/\/www.reseau-mesure.com\/?page_id=23979"},"modified":"2026-04-17T09:51:35","modified_gmt":"2026-04-17T07:51:35","slug":"formation-commerciale-prospection-entretien","status":"publish","type":"page","link":"https:\/\/www.reseau-mesure.com\/de\/formation-commerciale-prospection-entretien\/","title":{"rendered":"Formation commerciale : prospection et entretien de vente"},"content":{"rendered":"<figure itemscope itemtype=\"https:\/\/schema.org\/ImageObject\">\n\t\t\t\t<img decoding=\"async\" src=\"https:\/\/www.reseau-mesure.com\/wp-content\/uploads\/2024\/11\/MarcPetit-Consulting-logo-HORIZONTAL-300x129.png\" alt=\"formateur marc petit\" height=\"129\" width=\"300\" title=\"MarcPetit Consulting logo HORIZONTAL\" onerror=\"this.style.display='none'\" loading=\"lazy\" \/>\n\t<\/figure>\n\t<p>&nbsp;<\/p>\n<p><b>Formation commerciale : <\/b><\/p>\n<p><b>prospection et techniques de vente<\/b><\/p>\n\t<p>Une formation interactive sur 1 journ\u00e9e\u00a0assur\u00e9e par Marc PETIT, partenaire du R\u00e9seau Mesure.<\/p>\n<p><b>R\u00e9seau Mesure ist ein Qualiopi-zertifiziertes Schulungszentrum, das Unterst\u00fctzung durch Ihr OPCO erm\u00f6glicht.<\/b><\/p>\n<p><strong>Anzahl der Auszubildenden pro Sitzung:<\/strong>\u00a0 Mini 4 Pers. \/ max. 6 Pers.<\/p>\n\u2023 Ma\u00eetriser les techniques de prospection<br \/>\n\u2023 Optimiser l&rsquo;impact de ses rdv clients<br \/>\n\u2023 Analyser et comprendre les besoins de ses clients pour r\u00e9pondre efficacement \u00e0 leurs attentes..<br \/>\n\u2023 Formuler des objectifs SMART<br \/>\n\u2023 Viser la performance\n<em>Evaluations 2024 : 6 stagiaires &#8211; moyenne bas\u00e9e sur l&rsquo;atteinte des objectifs, la p\u00e9dagogie et l&rsquo;organisation:\u00a0 9.1\/10 &#8211; \u00a0atteinte des objectifs:\u00a0 \u00a09\/10<br \/>\nEvaluations 2025 : 7 stagiaires &#8211; <\/em><em>moyenne bas\u00e9e sur l&rsquo;atteinte des objectifs, la p\u00e9dagogie et l&rsquo;organisation:\u00a0 9\/10 &#8211; \u00a0atteinte des objectifs:\u00a0 \u00a09.4\/10<br \/>\nEvaluations 2026 : 3 stagiaires &#8211; moyenne bas\u00e9e sur l&rsquo;atteinte des objectifs, la p\u00e9dagogie et l&rsquo;organisation:\u00a0 9.4\/10 &#8211; \u00a0atteinte des objectifs:\u00a0 \u00a09.4\/10<br \/>\n<\/em>\n<p><strong>N\u00e4chste Sitzung\u00a0<\/strong>:\u00a0<a href=\"https:\/\/www.reseau-mesure.com\/de\/la-formation-rm\/\" target=\"_blank\" rel=\"noopener\">consultez le planning<\/a>\u00a0&#8211;\u00a0Nous planifions les dates en fonction de vos demandes, alors n&rsquo;h\u00e9sitez pas \u00e0\u00a0<a href=\"mailto:confray@reseau-mesure.com\">Kontaktiere uns<\/a>\u00a0!<\/p>\n\t\t\t<a href=\"https:\/\/www.reseau-mesure.com\/wp-content\/uploads\/2024\/02\/presentation-Formation-commerciale-Prospection-et-techniques-de-vente-1j.pdf\"  target=\"_blank\" rel=\"noopener\">\n\t\t\t\t\t\t\tPr\u00e4sentation\n\t\t\t\t\t<\/a>\n\t\t\t<a href=\"https:\/\/www.reseau-mesure.com\/wp-content\/uploads\/2025\/11\/programme-Formation-commerciale-Prospection-et-entretien-de-vente-1j.pdf\"  target=\"_blank\" rel=\"noopener\"   download>\n\t\t\t\t\t\t\tProgramm\n\t\t\t\t\t<\/a>\n\t\t\t<a href=\"mailto:confray@reseau-mesure.com\"  target=\"_blank\" rel=\"noopener\">\n\t\t\t\t\t\t\tAbonnementanfrage\n\t\t\t\t\t<\/a>","protected":false},"excerpt":{"rendered":"<p>&nbsp; Formation commerciale : prospection et techniques de vente Une formation interactive sur 1 journ\u00e9e\u00a0assur\u00e9e par Marc PETIT, partenaire du R\u00e9seau Mesure. R\u00e9seau Mesure est centre de formation certifi\u00e9 Qualiopi permettant une prise en charge par votre OPCO. Nombre de stagiaires par session:\u00a0 mini 4 pers. \/ max 6 pers. \u2023 Ma\u00eetriser les techniques de&hellip;<\/p>","protected":false},"author":349,"featured_media":0,"parent":0,"menu_order":0,"comment_status":"closed","ping_status":"closed","template":"","meta":{"_acf_changed":false,"footnotes":""},"class_list":["post-23979","page","type-page","status-publish","hentry"],"acf":[],"yoast_head":"<!-- This site is optimized with the Yoast SEO plugin v27.4 - https:\/\/yoast.com\/product\/yoast-seo-wordpress\/ -->\n<title>Formation - Formation commerciale : prospection et entretien de vente - R\u00e9seau Mesure<\/title>\n<meta name=\"description\" content=\"Formation interactive sur 1 jour ma\u00eetriser les techniques de prospection et optimiser l\u2019impact de ses rdv clients.\" \/>\n<meta name=\"robots\" content=\"index, follow, max-snippet:-1, max-image-preview:large, max-video-preview:-1\" \/>\n<link rel=\"canonical\" href=\"https:\/\/www.reseau-mesure.com\/de\/formation-commerciale-prospection-entretien\/\" \/>\n<meta property=\"og:locale\" content=\"de_DE\" \/>\n<meta property=\"og:type\" content=\"article\" \/>\n<meta property=\"og:title\" content=\"Formation - Formation commerciale : prospection et entretien de vente - R\u00e9seau Mesure\" \/>\n<meta property=\"og:description\" content=\"Formation interactive sur 1 jour ma\u00eetriser les techniques de prospection et optimiser l\u2019impact de ses rdv clients.\" \/>\n<meta property=\"og:url\" content=\"https:\/\/www.reseau-mesure.com\/de\/formation-commerciale-prospection-entretien\/\" \/>\n<meta property=\"og:site_name\" content=\"R\u00e9seau Mesure\" \/>\n<meta property=\"article:publisher\" content=\"https:\/\/www.facebook.com\/reseaumesure\/\" \/>\n<meta property=\"article:modified_time\" content=\"2026-04-17T07:51:35+00:00\" \/>\n<meta property=\"og:image\" content=\"https:\/\/www.reseau-mesure.com\/wp-content\/uploads\/2024\/11\/MarcPetit-Consulting-logo-HORIZONTAL-300x129.png\" \/>\n<meta name=\"twitter:card\" content=\"summary_large_image\" \/>\n<meta name=\"twitter:site\" content=\"@ReseauMesure\" \/>\n<meta name=\"twitter:label1\" content=\"Gesch\u00e4tzte Lesezeit\" \/>\n\t<meta name=\"twitter:data1\" content=\"1\u00a0Minute\" \/>\n<script type=\"application\/ld+json\" class=\"yoast-schema-graph\">{\"@context\":\"https:\\\/\\\/schema.org\",\"@graph\":[{\"@type\":\"WebPage\",\"@id\":\"https:\\\/\\\/www.reseau-mesure.com\\\/formation-commerciale-prospection-entretien\\\/\",\"url\":\"https:\\\/\\\/www.reseau-mesure.com\\\/formation-commerciale-prospection-entretien\\\/\",\"name\":\"Formation - Formation commerciale : prospection et entretien de vente - R\u00e9seau Mesure\",\"isPartOf\":{\"@id\":\"https:\\\/\\\/www.reseau-mesure.com\\\/#website\"},\"primaryImageOfPage\":{\"@id\":\"https:\\\/\\\/www.reseau-mesure.com\\\/formation-commerciale-prospection-entretien\\\/#primaryimage\"},\"image\":{\"@id\":\"https:\\\/\\\/www.reseau-mesure.com\\\/formation-commerciale-prospection-entretien\\\/#primaryimage\"},\"thumbnailUrl\":\"https:\\\/\\\/www.reseau-mesure.com\\\/wp-content\\\/uploads\\\/2024\\\/11\\\/MarcPetit-Consulting-logo-HORIZONTAL-300x129.png\",\"datePublished\":\"2024-12-03T13:27:59+00:00\",\"dateModified\":\"2026-04-17T07:51:35+00:00\",\"description\":\"Formation interactive sur 1 jour ma\u00eetriser les techniques de prospection et optimiser l\u2019impact de ses rdv clients.\",\"breadcrumb\":{\"@id\":\"https:\\\/\\\/www.reseau-mesure.com\\\/formation-commerciale-prospection-entretien\\\/#breadcrumb\"},\"inLanguage\":\"de\",\"potentialAction\":[{\"@type\":\"ReadAction\",\"target\":[\"https:\\\/\\\/www.reseau-mesure.com\\\/formation-commerciale-prospection-entretien\\\/\"]}]},{\"@type\":\"ImageObject\",\"inLanguage\":\"de\",\"@id\":\"https:\\\/\\\/www.reseau-mesure.com\\\/formation-commerciale-prospection-entretien\\\/#primaryimage\",\"url\":\"https:\\\/\\\/www.reseau-mesure.com\\\/wp-content\\\/uploads\\\/2024\\\/11\\\/MarcPetit-Consulting-logo-HORIZONTAL-300x129.png\",\"contentUrl\":\"https:\\\/\\\/www.reseau-mesure.com\\\/wp-content\\\/uploads\\\/2024\\\/11\\\/MarcPetit-Consulting-logo-HORIZONTAL-300x129.png\"},{\"@type\":\"BreadcrumbList\",\"@id\":\"https:\\\/\\\/www.reseau-mesure.com\\\/formation-commerciale-prospection-entretien\\\/#breadcrumb\",\"itemListElement\":[{\"@type\":\"ListItem\",\"position\":1,\"name\":\"Accueil\",\"item\":\"https:\\\/\\\/www.reseau-mesure.com\\\/\"},{\"@type\":\"ListItem\",\"position\":2,\"name\":\"Formation commerciale : prospection et entretien de vente\"}]},{\"@type\":\"WebSite\",\"@id\":\"https:\\\/\\\/www.reseau-mesure.com\\\/#website\",\"url\":\"https:\\\/\\\/www.reseau-mesure.com\\\/\",\"name\":\"R\u00e9seau-Mesure\",\"description\":\"R\u00e9seau Mesure\",\"publisher\":{\"@id\":\"https:\\\/\\\/www.reseau-mesure.com\\\/#organization\"},\"potentialAction\":[{\"@type\":\"SearchAction\",\"target\":{\"@type\":\"EntryPoint\",\"urlTemplate\":\"https:\\\/\\\/www.reseau-mesure.com\\\/?s={search_term_string}\"},\"query-input\":{\"@type\":\"PropertyValueSpecification\",\"valueRequired\":true,\"valueName\":\"search_term_string\"}}],\"inLanguage\":\"de\"},{\"@type\":\"Organization\",\"@id\":\"https:\\\/\\\/www.reseau-mesure.com\\\/#organization\",\"name\":\"R\u00e9seau-Mesure\",\"url\":\"https:\\\/\\\/www.reseau-mesure.com\\\/\",\"logo\":{\"@type\":\"ImageObject\",\"inLanguage\":\"de\",\"@id\":\"https:\\\/\\\/www.reseau-mesure.com\\\/#\\\/schema\\\/logo\\\/image\\\/\",\"url\":\"https:\\\/\\\/www.reseau-mesure.com\\\/wp-content\\\/uploads\\\/2018\\\/02\\\/logo-max.png\",\"contentUrl\":\"https:\\\/\\\/www.reseau-mesure.com\\\/wp-content\\\/uploads\\\/2018\\\/02\\\/logo-max.png\",\"width\":545,\"height\":285,\"caption\":\"R\u00e9seau-Mesure\"},\"image\":{\"@id\":\"https:\\\/\\\/www.reseau-mesure.com\\\/#\\\/schema\\\/logo\\\/image\\\/\"},\"sameAs\":[\"https:\\\/\\\/www.facebook.com\\\/reseaumesure\\\/\",\"https:\\\/\\\/x.com\\\/ReseauMesure\",\"https:\\\/\\\/www.linkedin.com\\\/company\\\/reseau-mesure\\\/\"]}]}<\/script>\n<!-- \/ Yoast SEO plugin. -->","yoast_head_json":{"title":"Formation - Formation commerciale : prospection et entretien de vente - R\u00e9seau Mesure","description":"Formation interactive sur 1 jour ma\u00eetriser les techniques de prospection et optimiser l\u2019impact de ses rdv clients.","robots":{"index":"index","follow":"follow","max-snippet":"max-snippet:-1","max-image-preview":"max-image-preview:large","max-video-preview":"max-video-preview:-1"},"canonical":"https:\/\/www.reseau-mesure.com\/de\/formation-commerciale-prospection-entretien\/","og_locale":"de_DE","og_type":"article","og_title":"Formation - Formation commerciale : prospection et entretien de vente - R\u00e9seau Mesure","og_description":"Formation interactive sur 1 jour ma\u00eetriser les techniques de prospection et optimiser l\u2019impact de ses rdv clients.","og_url":"https:\/\/www.reseau-mesure.com\/de\/formation-commerciale-prospection-entretien\/","og_site_name":"R\u00e9seau Mesure","article_publisher":"https:\/\/www.facebook.com\/reseaumesure\/","article_modified_time":"2026-04-17T07:51:35+00:00","og_image":[{"url":"https:\/\/www.reseau-mesure.com\/wp-content\/uploads\/2024\/11\/MarcPetit-Consulting-logo-HORIZONTAL-300x129.png","type":"","width":"","height":""}],"twitter_card":"summary_large_image","twitter_site":"@ReseauMesure","twitter_misc":{"Gesch\u00e4tzte Lesezeit":"1\u00a0Minute"},"schema":{"@context":"https:\/\/schema.org","@graph":[{"@type":"WebPage","@id":"https:\/\/www.reseau-mesure.com\/formation-commerciale-prospection-entretien\/","url":"https:\/\/www.reseau-mesure.com\/formation-commerciale-prospection-entretien\/","name":"Formation - Formation commerciale : prospection et entretien de vente - R\u00e9seau Mesure","isPartOf":{"@id":"https:\/\/www.reseau-mesure.com\/#website"},"primaryImageOfPage":{"@id":"https:\/\/www.reseau-mesure.com\/formation-commerciale-prospection-entretien\/#primaryimage"},"image":{"@id":"https:\/\/www.reseau-mesure.com\/formation-commerciale-prospection-entretien\/#primaryimage"},"thumbnailUrl":"https:\/\/www.reseau-mesure.com\/wp-content\/uploads\/2024\/11\/MarcPetit-Consulting-logo-HORIZONTAL-300x129.png","datePublished":"2024-12-03T13:27:59+00:00","dateModified":"2026-04-17T07:51:35+00:00","description":"Formation interactive sur 1 jour ma\u00eetriser les techniques de prospection et optimiser l\u2019impact de ses rdv clients.","breadcrumb":{"@id":"https:\/\/www.reseau-mesure.com\/formation-commerciale-prospection-entretien\/#breadcrumb"},"inLanguage":"de","potentialAction":[{"@type":"ReadAction","target":["https:\/\/www.reseau-mesure.com\/formation-commerciale-prospection-entretien\/"]}]},{"@type":"ImageObject","inLanguage":"de","@id":"https:\/\/www.reseau-mesure.com\/formation-commerciale-prospection-entretien\/#primaryimage","url":"https:\/\/www.reseau-mesure.com\/wp-content\/uploads\/2024\/11\/MarcPetit-Consulting-logo-HORIZONTAL-300x129.png","contentUrl":"https:\/\/www.reseau-mesure.com\/wp-content\/uploads\/2024\/11\/MarcPetit-Consulting-logo-HORIZONTAL-300x129.png"},{"@type":"BreadcrumbList","@id":"https:\/\/www.reseau-mesure.com\/formation-commerciale-prospection-entretien\/#breadcrumb","itemListElement":[{"@type":"ListItem","position":1,"name":"Accueil","item":"https:\/\/www.reseau-mesure.com\/"},{"@type":"ListItem","position":2,"name":"Formation commerciale : prospection et entretien de vente"}]},{"@type":"WebSite","@id":"https:\/\/www.reseau-mesure.com\/#website","url":"https:\/\/www.reseau-mesure.com\/","name":"Netzwerk-Messung","description":"Netzwerkma\u00dfnahme","publisher":{"@id":"https:\/\/www.reseau-mesure.com\/#organization"},"potentialAction":[{"@type":"SearchAction","target":{"@type":"EntryPoint","urlTemplate":"https:\/\/www.reseau-mesure.com\/?s={search_term_string}"},"query-input":{"@type":"PropertyValueSpecification","valueRequired":true,"valueName":"search_term_string"}}],"inLanguage":"de"},{"@type":"Organization","@id":"https:\/\/www.reseau-mesure.com\/#organization","name":"Netzwerk-Messung","url":"https:\/\/www.reseau-mesure.com\/","logo":{"@type":"ImageObject","inLanguage":"de","@id":"https:\/\/www.reseau-mesure.com\/#\/schema\/logo\/image\/","url":"https:\/\/www.reseau-mesure.com\/wp-content\/uploads\/2018\/02\/logo-max.png","contentUrl":"https:\/\/www.reseau-mesure.com\/wp-content\/uploads\/2018\/02\/logo-max.png","width":545,"height":285,"caption":"R\u00e9seau-Mesure"},"image":{"@id":"https:\/\/www.reseau-mesure.com\/#\/schema\/logo\/image\/"},"sameAs":["https:\/\/www.facebook.com\/reseaumesure\/","https:\/\/x.com\/ReseauMesure","https:\/\/www.linkedin.com\/company\/reseau-mesure\/"]}]}},"_links":{"self":[{"href":"https:\/\/www.reseau-mesure.com\/de\/wp-json\/wp\/v2\/pages\/23979","targetHints":{"allow":["GET"]}}],"collection":[{"href":"https:\/\/www.reseau-mesure.com\/de\/wp-json\/wp\/v2\/pages"}],"about":[{"href":"https:\/\/www.reseau-mesure.com\/de\/wp-json\/wp\/v2\/types\/page"}],"author":[{"embeddable":true,"href":"https:\/\/www.reseau-mesure.com\/de\/wp-json\/wp\/v2\/users\/349"}],"replies":[{"embeddable":true,"href":"https:\/\/www.reseau-mesure.com\/de\/wp-json\/wp\/v2\/comments?post=23979"}],"version-history":[{"count":1,"href":"https:\/\/www.reseau-mesure.com\/de\/wp-json\/wp\/v2\/pages\/23979\/revisions"}],"predecessor-version":[{"id":30698,"href":"https:\/\/www.reseau-mesure.com\/de\/wp-json\/wp\/v2\/pages\/23979\/revisions\/30698"}],"wp:attachment":[{"href":"https:\/\/www.reseau-mesure.com\/de\/wp-json\/wp\/v2\/media?parent=23979"}],"curies":[{"name":"wp","href":"https:\/\/api.w.org\/{rel}","templated":true}]}}