{"id":24,"date":"2017-10-30T16:30:10","date_gmt":"2017-10-30T15:30:10","guid":{"rendered":"http:\/\/reseau-mesure.fr\/?page_id=24"},"modified":"2026-03-31T12:26:19","modified_gmt":"2026-03-31T10:26:19","slug":"comment-adherer","status":"publish","type":"page","link":"https:\/\/www.reseau-mesure.com\/de\/comment-adherer\/","title":{"rendered":"Mitglied werden | Wie man beitritt"},"content":{"rendered":"<h1>\n\t\t\tWie werde ich Mitglied?\n\t\t<\/h1>\n\t\t\t<a href=\"https:\/\/www.reseau-mesure.com\/wp-content\/uploads\/2026\/01\/2026-Bulletin-adhesion.docx\"  target=\"_blank\" rel=\"noopener\">\n\t\t\t\t\t\t\tLaden Sie das Mitgliedschaftsformular herunter\n\t\t\t\t\t<\/a>\n<h2>\n\t\t\tHaben Sie immer noch Zweifel?\t<\/h2>\n<figure itemscope itemtype=\"https:\/\/schema.org\/ImageObject\">\n\t\t\t\t<img decoding=\"async\" src=\"https:\/\/www.reseau-mesure.com\/wp-content\/uploads\/2026\/03\/logo_rm_2026-300x224.png\" alt=\"logo_rm_2026\" height=\"224\" width=\"300\" title=\"logo_rm_2026\" onerror=\"this.style.display='none'\" loading=\"lazy\" \/>\n\t<\/figure>\n<h2>\n\t\t\tWer ist das Messnetzwerk?\t<\/h2>\n\t<p>Das Messnetzwerk wartet auf Sie, damit Sie von seinen Vorteilen, seinen Beziehungen, seiner Dynamik, seinem Know-how und seinen zwischenmenschlichen F\u00e4higkeiten profitieren k\u00f6nnen.<\/p>\n<p>Wir warten darauf, dass Sie Ihre Erfahrungen und Kenntnisse gemeinsam teilen.<\/p>\n<p>Werden Sie eines unserer Mitglieder, um gemeinsam unsere Werte und Ambitionen f\u00fcr ein gemeinsames Ziel zu teilen!<\/p>\n\t\t\t<a href=\"https:\/\/www.reseau-mesure.com\/wp-content\/uploads\/2026\/03\/2026-RESEAU-MESURE-2.pptx\"  target=\"_blank\" rel=\"noopener\">\n\t\t\t\t\t\t\tVorstellung des Vereins\n\t\t\t\t\t<\/a>\n\t\t\t<a href=\"https:\/\/www.reseau-mesure.com\/wp-content\/uploads\/2026\/01\/2026-adhesions.pptx\"  target=\"_blank\" rel=\"noopener\">\n\t\t\t\t\t\t\tBerechnen Sie Ihren Beitrag\n\t\t\t\t\t<\/a>\n<figure itemscope itemtype=\"https:\/\/schema.org\/ImageObject\">\n\t\t\t\t<img decoding=\"async\" src=\"https:\/\/www.reseau-mesure.com\/wp-content\/uploads\/2018\/10\/ecureil-devenir-membre-253x300.png\" alt=\"devenir membre et faire des \u00e9conomies\" height=\"300\" width=\"253\" title=\"Mitglied werden\" onerror=\"this.style.display='none'\" loading=\"lazy\" \/>\n\t<\/figure>\n<h2>\n\t\t\tBeitreten und speichern\t<\/h2>\n\t<p>Es ist eine Gewissheit und alle unsere Mitglieder werden es Ihnen best\u00e4tigen:<\/p>\n<p><strong>Wenn Sie beitreten, sparen Sie mehr als den Betrag Ihrer Mitgliedschaft.<\/strong><\/p>\n<p>Hierf\u00fcr gibt es nur eine Bedingung:<\/p>\n<p><strong> Nutzen Sie unsere Gruppenaktionen und Partnerschaften.<\/strong><\/p>\n<p>F\u00fcgen Sie einen Bonus hinzu, indem Sie enge und enge Beziehungen zu den \u00fcbrigen Mitgliedern aufbauen.<\/p>\n\t<p>Mitglied des Netzwerks zu werden bedeutet, die Synergie der Mitglieder zu nutzen. Es ist wichtig, dass jedes Mitglied aktiv ist, um gemeinsam neue Projekte zu realisieren.<\/p>\n<p>Das gesamte Team wartet darauf, dass Sie gemeinsam Ereignisse und starke Momente erleben, die f\u00fcr Ihr Unternehmen immer positiv sind.<\/p>\n<p>&nbsp;<\/p>\n\t\t<h2>\n\t\t\tUnsere Mitglieder\n\t\t<\/h2>\n    <p>Finden Sie alle Mitgliedsunternehmen des Messnetzwerks<\/p>\n    <p>- Mitglieder des Messnetzwerks -<\/p>\n  <a href=\"https:\/\/www.reseau-mesure.com\/de\/adherent\/navimet\/\"><img decoding=\"async\" src=\"https:\/\/www.reseau-mesure.com\/wp-content\/uploads\/2019\/07\/NAVIMET.jpg\" alt=\"\" \/><\/a>\n  <a href=\"https:\/\/www.reseau-mesure.com\/de\/adherent\/acalime\/\"><img decoding=\"async\" src=\"https:\/\/www.reseau-mesure.com\/wp-content\/uploads\/2018\/02\/ACALIME.png\" alt=\"\" \/><\/a>\n  <a href=\"https:\/\/www.reseau-mesure.com\/de\/adherent\/buchi-sarl\/\"><img decoding=\"async\" src=\"https:\/\/www.reseau-mesure.com\/wp-content\/uploads\/2019\/04\/TNT-taille-web.jpg\" alt=\"\" \/><\/a>\n  <a href=\"https:\/\/www.reseau-mesure.com\/de\/adherent\/wimesure\/\"><img decoding=\"async\" src=\"https:\/\/www.reseau-mesure.com\/wp-content\/uploads\/2021\/03\/wimesure-logo-orange.jpg\" alt=\"\" \/><\/a>\n  <a href=\"https:\/\/www.reseau-mesure.com\/de\/adherent\/actrion-metrologie\/\"><img decoding=\"async\" src=\"https:\/\/www.reseau-mesure.com\/wp-content\/uploads\/2023\/03\/actrion-metrologie.png\" alt=\"\" \/><\/a>\n  <a href=\"https:\/\/www.reseau-mesure.com\/de\/adherent\/ft-mesures\/\"><img decoding=\"async\" src=\"https:\/\/www.reseau-mesure.com\/wp-content\/uploads\/2024\/07\/FTMesures_Logo2024.jpg\" alt=\"\" \/><\/a>\n  <a href=\"https:\/\/www.reseau-mesure.com\/de\/adherent\/acsiel\/\"><img decoding=\"async\" src=\"https:\/\/www.reseau-mesure.com\/wp-content\/uploads\/2023\/11\/Logo-ACSIEL1062023-1.png\" alt=\"\" \/><\/a>\n  <a href=\"https:\/\/www.reseau-mesure.com\/de\/adherent\/adherent\/\"><img decoding=\"async\" src=\"\" alt=\"\" \/><\/a>","protected":false},"excerpt":{"rendered":"<p>Wie werde ich Mitglied? Laden Sie das Mitgliedschaftsformular herunter Haben Sie noch Zweifel? Wer ist das Messnetzwerk? Das Messnetzwerk wartet auf Sie, damit Sie von seinen Vorteilen, seinen Beziehungen, seiner Dynamik, seinem Know-how und seinen zwischenmenschlichen F\u00e4higkeiten profitieren k\u00f6nnen. Wir warten darauf, dass Sie Ihre Erfahrungen und Kenntnisse gemeinsam teilen. Werden Sie eines unserer Mitglieder ...<\/p>","protected":false},"author":685,"featured_media":0,"parent":0,"menu_order":0,"comment_status":"closed","ping_status":"closed","template":"","meta":{"_acf_changed":false,"footnotes":""},"class_list":["post-24","page","type-page","status-publish","hentry"],"acf":[],"yoast_head":"<!-- This site is optimized with the Yoast SEO plugin v27.4 - https:\/\/yoast.com\/product\/yoast-seo-wordpress\/ -->\n<title>Devenir membre | Comment adh\u00e9rer - R\u00e9seau Mesure<\/title>\n<meta name=\"description\" content=\"Adherez au R\u00e9seau Mesure ? Rien de plus facile - retrouvez ici toutes les informations n\u00e9cessaires pour devenir membre. Nous vous attendons.\" \/>\n<meta name=\"robots\" content=\"index, follow, max-snippet:-1, max-image-preview:large, max-video-preview:-1\" \/>\n<link rel=\"canonical\" href=\"https:\/\/www.reseau-mesure.com\/de\/comment-adherer\/\" \/>\n<meta property=\"og:locale\" content=\"de_DE\" \/>\n<meta property=\"og:type\" content=\"article\" \/>\n<meta property=\"og:title\" content=\"Devenir membre | Comment adh\u00e9rer - R\u00e9seau Mesure\" \/>\n<meta property=\"og:description\" content=\"Adherez au R\u00e9seau Mesure ? Rien de plus facile - retrouvez ici toutes les informations n\u00e9cessaires pour devenir membre. Nous vous attendons.\" \/>\n<meta property=\"og:url\" content=\"https:\/\/www.reseau-mesure.com\/de\/comment-adherer\/\" \/>\n<meta property=\"og:site_name\" content=\"R\u00e9seau Mesure\" \/>\n<meta property=\"article:publisher\" content=\"https:\/\/www.facebook.com\/reseaumesure\/\" \/>\n<meta property=\"article:modified_time\" content=\"2026-03-31T10:26:19+00:00\" \/>\n<meta property=\"og:image\" content=\"https:\/\/www.reseau-mesure.com\/wp-content\/uploads\/2026\/03\/logo_rm_2026-300x224.png\" \/>\n<meta name=\"twitter:card\" content=\"summary_large_image\" \/>\n<meta name=\"twitter:site\" content=\"@ReseauMesure\" \/>\n<meta name=\"twitter:label1\" content=\"Gesch\u00e4tzte Lesezeit\" \/>\n\t<meta name=\"twitter:data1\" content=\"1\u00a0Minute\" \/>\n<script type=\"application\/ld+json\" class=\"yoast-schema-graph\">{\"@context\":\"https:\\\/\\\/schema.org\",\"@graph\":[{\"@type\":\"WebPage\",\"@id\":\"https:\\\/\\\/www.reseau-mesure.com\\\/comment-adherer\\\/\",\"url\":\"https:\\\/\\\/www.reseau-mesure.com\\\/comment-adherer\\\/\",\"name\":\"Devenir membre | Comment adh\u00e9rer - R\u00e9seau Mesure\",\"isPartOf\":{\"@id\":\"https:\\\/\\\/www.reseau-mesure.com\\\/#website\"},\"primaryImageOfPage\":{\"@id\":\"https:\\\/\\\/www.reseau-mesure.com\\\/comment-adherer\\\/#primaryimage\"},\"image\":{\"@id\":\"https:\\\/\\\/www.reseau-mesure.com\\\/comment-adherer\\\/#primaryimage\"},\"thumbnailUrl\":\"https:\\\/\\\/www.reseau-mesure.com\\\/wp-content\\\/uploads\\\/2026\\\/03\\\/logo_rm_2026-300x224.png\",\"datePublished\":\"2017-10-30T15:30:10+00:00\",\"dateModified\":\"2026-03-31T10:26:19+00:00\",\"description\":\"Adherez au R\u00e9seau Mesure ? Rien de plus facile - retrouvez ici toutes les informations n\u00e9cessaires pour devenir membre. Nous vous attendons.\",\"breadcrumb\":{\"@id\":\"https:\\\/\\\/www.reseau-mesure.com\\\/comment-adherer\\\/#breadcrumb\"},\"inLanguage\":\"de\",\"potentialAction\":[{\"@type\":\"ReadAction\",\"target\":[\"https:\\\/\\\/www.reseau-mesure.com\\\/comment-adherer\\\/\"]}]},{\"@type\":\"ImageObject\",\"inLanguage\":\"de\",\"@id\":\"https:\\\/\\\/www.reseau-mesure.com\\\/comment-adherer\\\/#primaryimage\",\"url\":\"https:\\\/\\\/www.reseau-mesure.com\\\/wp-content\\\/uploads\\\/2026\\\/03\\\/logo_rm_2026-300x224.png\",\"contentUrl\":\"https:\\\/\\\/www.reseau-mesure.com\\\/wp-content\\\/uploads\\\/2026\\\/03\\\/logo_rm_2026-300x224.png\"},{\"@type\":\"BreadcrumbList\",\"@id\":\"https:\\\/\\\/www.reseau-mesure.com\\\/comment-adherer\\\/#breadcrumb\",\"itemListElement\":[{\"@type\":\"ListItem\",\"position\":1,\"name\":\"Accueil\",\"item\":\"https:\\\/\\\/www.reseau-mesure.com\\\/\"},{\"@type\":\"ListItem\",\"position\":2,\"name\":\"Devenir membre | Comment adh\u00e9rer\"}]},{\"@type\":\"WebSite\",\"@id\":\"https:\\\/\\\/www.reseau-mesure.com\\\/#website\",\"url\":\"https:\\\/\\\/www.reseau-mesure.com\\\/\",\"name\":\"R\u00e9seau-Mesure\",\"description\":\"R\u00e9seau Mesure\",\"publisher\":{\"@id\":\"https:\\\/\\\/www.reseau-mesure.com\\\/#organization\"},\"potentialAction\":[{\"@type\":\"SearchAction\",\"target\":{\"@type\":\"EntryPoint\",\"urlTemplate\":\"https:\\\/\\\/www.reseau-mesure.com\\\/?s={search_term_string}\"},\"query-input\":{\"@type\":\"PropertyValueSpecification\",\"valueRequired\":true,\"valueName\":\"search_term_string\"}}],\"inLanguage\":\"de\"},{\"@type\":\"Organization\",\"@id\":\"https:\\\/\\\/www.reseau-mesure.com\\\/#organization\",\"name\":\"R\u00e9seau-Mesure\",\"url\":\"https:\\\/\\\/www.reseau-mesure.com\\\/\",\"logo\":{\"@type\":\"ImageObject\",\"inLanguage\":\"de\",\"@id\":\"https:\\\/\\\/www.reseau-mesure.com\\\/#\\\/schema\\\/logo\\\/image\\\/\",\"url\":\"https:\\\/\\\/www.reseau-mesure.com\\\/wp-content\\\/uploads\\\/2018\\\/02\\\/logo-max.png\",\"contentUrl\":\"https:\\\/\\\/www.reseau-mesure.com\\\/wp-content\\\/uploads\\\/2018\\\/02\\\/logo-max.png\",\"width\":545,\"height\":285,\"caption\":\"R\u00e9seau-Mesure\"},\"image\":{\"@id\":\"https:\\\/\\\/www.reseau-mesure.com\\\/#\\\/schema\\\/logo\\\/image\\\/\"},\"sameAs\":[\"https:\\\/\\\/www.facebook.com\\\/reseaumesure\\\/\",\"https:\\\/\\\/x.com\\\/ReseauMesure\",\"https:\\\/\\\/www.linkedin.com\\\/company\\\/reseau-mesure\\\/\"]}]}<\/script>\n<!-- \/ Yoast SEO plugin. -->","yoast_head_json":{"title":"Devenir membre | Comment adh\u00e9rer - R\u00e9seau Mesure","description":"Adherez au R\u00e9seau Mesure ? Rien de plus facile - retrouvez ici toutes les informations n\u00e9cessaires pour devenir membre. Nous vous attendons.","robots":{"index":"index","follow":"follow","max-snippet":"max-snippet:-1","max-image-preview":"max-image-preview:large","max-video-preview":"max-video-preview:-1"},"canonical":"https:\/\/www.reseau-mesure.com\/de\/comment-adherer\/","og_locale":"de_DE","og_type":"article","og_title":"Devenir membre | Comment adh\u00e9rer - R\u00e9seau Mesure","og_description":"Adherez au R\u00e9seau Mesure ? Rien de plus facile - retrouvez ici toutes les informations n\u00e9cessaires pour devenir membre. Nous vous attendons.","og_url":"https:\/\/www.reseau-mesure.com\/de\/comment-adherer\/","og_site_name":"R\u00e9seau Mesure","article_publisher":"https:\/\/www.facebook.com\/reseaumesure\/","article_modified_time":"2026-03-31T10:26:19+00:00","og_image":[{"url":"https:\/\/www.reseau-mesure.com\/wp-content\/uploads\/2026\/03\/logo_rm_2026-300x224.png","type":"","width":"","height":""}],"twitter_card":"summary_large_image","twitter_site":"@ReseauMesure","twitter_misc":{"Gesch\u00e4tzte Lesezeit":"1\u00a0Minute"},"schema":{"@context":"https:\/\/schema.org","@graph":[{"@type":"WebPage","@id":"https:\/\/www.reseau-mesure.com\/comment-adherer\/","url":"https:\/\/www.reseau-mesure.com\/comment-adherer\/","name":"Devenir membre | Comment adh\u00e9rer - R\u00e9seau Mesure","isPartOf":{"@id":"https:\/\/www.reseau-mesure.com\/#website"},"primaryImageOfPage":{"@id":"https:\/\/www.reseau-mesure.com\/comment-adherer\/#primaryimage"},"image":{"@id":"https:\/\/www.reseau-mesure.com\/comment-adherer\/#primaryimage"},"thumbnailUrl":"https:\/\/www.reseau-mesure.com\/wp-content\/uploads\/2026\/03\/logo_rm_2026-300x224.png","datePublished":"2017-10-30T15:30:10+00:00","dateModified":"2026-03-31T10:26:19+00:00","description":"Adherez au R\u00e9seau Mesure ? Rien de plus facile - retrouvez ici toutes les informations n\u00e9cessaires pour devenir membre. Nous vous attendons.","breadcrumb":{"@id":"https:\/\/www.reseau-mesure.com\/comment-adherer\/#breadcrumb"},"inLanguage":"de","potentialAction":[{"@type":"ReadAction","target":["https:\/\/www.reseau-mesure.com\/comment-adherer\/"]}]},{"@type":"ImageObject","inLanguage":"de","@id":"https:\/\/www.reseau-mesure.com\/comment-adherer\/#primaryimage","url":"https:\/\/www.reseau-mesure.com\/wp-content\/uploads\/2026\/03\/logo_rm_2026-300x224.png","contentUrl":"https:\/\/www.reseau-mesure.com\/wp-content\/uploads\/2026\/03\/logo_rm_2026-300x224.png"},{"@type":"BreadcrumbList","@id":"https:\/\/www.reseau-mesure.com\/comment-adherer\/#breadcrumb","itemListElement":[{"@type":"ListItem","position":1,"name":"Accueil","item":"https:\/\/www.reseau-mesure.com\/"},{"@type":"ListItem","position":2,"name":"Devenir membre | Comment adh\u00e9rer"}]},{"@type":"WebSite","@id":"https:\/\/www.reseau-mesure.com\/#website","url":"https:\/\/www.reseau-mesure.com\/","name":"Netzwerk-Messung","description":"Netzwerkma\u00dfnahme","publisher":{"@id":"https:\/\/www.reseau-mesure.com\/#organization"},"potentialAction":[{"@type":"SearchAction","target":{"@type":"EntryPoint","urlTemplate":"https:\/\/www.reseau-mesure.com\/?s={search_term_string}"},"query-input":{"@type":"PropertyValueSpecification","valueRequired":true,"valueName":"search_term_string"}}],"inLanguage":"de"},{"@type":"Organization","@id":"https:\/\/www.reseau-mesure.com\/#organization","name":"Netzwerk-Messung","url":"https:\/\/www.reseau-mesure.com\/","logo":{"@type":"ImageObject","inLanguage":"de","@id":"https:\/\/www.reseau-mesure.com\/#\/schema\/logo\/image\/","url":"https:\/\/www.reseau-mesure.com\/wp-content\/uploads\/2018\/02\/logo-max.png","contentUrl":"https:\/\/www.reseau-mesure.com\/wp-content\/uploads\/2018\/02\/logo-max.png","width":545,"height":285,"caption":"R\u00e9seau-Mesure"},"image":{"@id":"https:\/\/www.reseau-mesure.com\/#\/schema\/logo\/image\/"},"sameAs":["https:\/\/www.facebook.com\/reseaumesure\/","https:\/\/x.com\/ReseauMesure","https:\/\/www.linkedin.com\/company\/reseau-mesure\/"]}]}},"_links":{"self":[{"href":"https:\/\/www.reseau-mesure.com\/de\/wp-json\/wp\/v2\/pages\/24","targetHints":{"allow":["GET"]}}],"collection":[{"href":"https:\/\/www.reseau-mesure.com\/de\/wp-json\/wp\/v2\/pages"}],"about":[{"href":"https:\/\/www.reseau-mesure.com\/de\/wp-json\/wp\/v2\/types\/page"}],"author":[{"embeddable":true,"href":"https:\/\/www.reseau-mesure.com\/de\/wp-json\/wp\/v2\/users\/685"}],"replies":[{"embeddable":true,"href":"https:\/\/www.reseau-mesure.com\/de\/wp-json\/wp\/v2\/comments?post=24"}],"version-history":[{"count":5,"href":"https:\/\/www.reseau-mesure.com\/de\/wp-json\/wp\/v2\/pages\/24\/revisions"}],"predecessor-version":[{"id":30458,"href":"https:\/\/www.reseau-mesure.com\/de\/wp-json\/wp\/v2\/pages\/24\/revisions\/30458"}],"wp:attachment":[{"href":"https:\/\/www.reseau-mesure.com\/de\/wp-json\/wp\/v2\/media?parent=24"}],"curies":[{"name":"wp","href":"https:\/\/api.w.org\/{rel}","templated":true}]}}