{"id":2493,"date":"2018-06-12T16:20:16","date_gmt":"2018-06-12T14:20:16","guid":{"rendered":"http:\/\/www.reseau-mesure.com\/?page_id=2493"},"modified":"2019-04-23T12:40:05","modified_gmt":"2019-04-23T10:40:05","slug":"leasecom","status":"publish","type":"page","link":"https:\/\/www.reseau-mesure.com\/de\/leasecom\/","title":{"rendered":"Leasing &amp; Finanzierung durch Leasecom"},"content":{"rendered":"<h1><strong>MESSNETZ PARTNERSCHAFT \u2013 LEASECOM<\/strong><\/h1>\n<p><img loading=\"lazy\" decoding=\"async\" src=\"https:\/\/www.reseau-mesure.com\/wp-content\/uploads\/2018\/06\/logo_leasecom-300x54.jpg\" alt=\"logo Leasecom\" width=\"350\" height=\"63\" \/><\/p>\n<p><strong>Leasecom Partner der Measuring Network Group<br \/>\nzur Finanzierung von Pr\u00fcf- und Messger\u00e4ten (Leasing)<br \/>\n<\/strong><\/p>\n<p>&nbsp;<\/p>\n<p>Angesichts technologischer Entwicklungen, die Ger\u00e4te schneller ungeeignet machen, suchen Unternehmen nach L\u00f6sungen f\u00fcr ein dynamisches Management ihrer Flotte, w\u00e4hrend sie ihre Ausgaben kontrollieren und die Umwelt respektieren.<\/p>\n<p>Zum <strong>Erleichterung des Erwerbs von Instrumenten und Netzwerkmessger\u00e4ten<\/strong> &quot;RESEAU MESURE&quot; hat sich mit zusammengeschlossen <a href=\"https:\/\/www.leasecom.fr\/financement-entreprise\/location-financiere\/\"><strong>Leasecom<\/strong><\/a> um Ihnen anzubieten <strong>ein finanzielles Mietangebot<\/strong> (Leasing)\n<\/p>\n<p><strong>Anlagemethoden haben sich ge\u00e4ndert, <\/strong><strong>Wir zahlen nicht mehr f\u00fcr den Besitz, sondern f\u00fcr die Nutzung eines Dienstes!<\/strong><\/p>\n<p><iframe loading=\"lazy\" src=\"https:\/\/goo.gl\/ZxGLjM\" width=\"560\" height=\"315\" frameborder=\"0\" allowfullscreen=\"allowfullscreen\"><\/iframe><\/p>\n<p>Deswegen, <strong>Netzwerkma\u00dfnahme<\/strong> hat sich entschieden, Ihnen anzubieten <strong>f\u00fcr dich<\/strong> <strong>und Ihre Kunden<\/strong><br \/>\neine L\u00f6sung von <strong>skalierbare Miete f\u00fcr Instrumenten- und Messger\u00e4te.<\/strong><strong> \u00a0<\/strong><\/p>\n<p><strong>Im Austausch f\u00fcr eine All-Inclusive-Miete<\/strong>, Sie genie\u00dfen ...<\/p>\n<ul>\n<li><strong>Ein globales Paket <\/strong>Dazu geh\u00f6ren: Ausr\u00fcstung, Installation, Wartung, Wartung und Management.<\/li>\n<li><strong>Eine flexible L\u00f6sung<\/strong>\u00a0: eine Miete von 12 bis 60 Monaten und flexible und skalierbare Mieten zu jedem Zeitpunkt des Vertrags (zus\u00e4tzlich Verl\u00e4ngerung zu konstanten Mieten).<\/li>\n<\/ul>\n<p>Die Leasingfinanzierung Ihrer Ger\u00e4te ist ein neuer Hebel, den das Measurement Network \u00fcber seinen Partner LEASECOM anbietet.<\/p>\n<p>&nbsp;<\/p>\n<p>\t\t\t<a href=\"https:\/\/www.reseau-mesure.com\/wp-content\/uploads\/2018\/06\/Slides-pr\u00e9sentation-Adh\u00e9rents-R\u00e9seau-Mesure.pdf\" target=\"_self\" role=\"button\"><br \/>\n\t\t\t\t\t\t\tVollst\u00e4ndige Darstellung des Leasecom-Angebots<br \/>\n\t\t\t\t\t<\/a><br \/>\n\t\t\t<a href=\"http:\/\/leasecom.emsecure.net\/optiext\/optiextension.dll?ID=6BJGEiCqDwRWIl4upEFqu1E7vmeXC_X5JLH_wCCBnIzHwha6V__zNYcvxL0733XiH9yxLEYX%2Be6664\" target=\"_self\" role=\"button\"><br \/>\n\t\t\t\t\t\t\tIch m\u00f6chte von Leasecom kontaktiert werden<br \/>\n\t\t\t\t\t<\/a><br \/>\n\t\t\t\t<a href=\"https:\/\/goo.gl\/CvuFjc\" target=\"_self\" itemprop=\"url\"><br \/>\n\t\t\t\t<img loading=\"lazy\" decoding=\"async\" src=\"https:\/\/www.reseau-mesure.com\/wp-content\/uploads\/2018\/06\/visuel-leasecom.png\" alt=\"leasing leasecom\" itemprop=\"image\" height=\"396\" width=\"408\" title=\"Visual Leasecom\" onerror=\"this.style.display='none'\"  \/><br \/>\n\t\t\t\t<\/a><\/p>","protected":false},"excerpt":{"rendered":"<p>PARTNERSCHAFT F\u00dcR MESSNETZWERKE - LEASECOM Leasecom Partner der Measurement Network Group f\u00fcr die Finanzierung von Test- und Messger\u00e4ten (Leasing) Angesichts technologischer Entwicklungen, die Ger\u00e4te schneller ungeeignet machen, suchen Unternehmen nach dynamischen Managementl\u00f6sungen f\u00fcr ihre Flotte, indem sie ihre steuern Ausgaben und Umweltschutz. Um die Akquisition zu erleichtern ...<\/p>","protected":false},"author":685,"featured_media":0,"parent":0,"menu_order":0,"comment_status":"closed","ping_status":"closed","template":"","meta":{"_acf_changed":false,"footnotes":""},"class_list":["post-2493","page","type-page","status-publish","hentry"],"acf":[],"yoast_head":"<!-- This site is optimized with the Yoast SEO plugin v27.5 - https:\/\/yoast.com\/product\/yoast-seo-wordpress\/ -->\n<title>Leasing &amp; financement par Leasecom - R\u00e9seau Mesure<\/title>\n<meta name=\"description\" content=\"Leasecom est un des partenaires du R\u00e9seau Mesure. A vous les financements sur mesures de vos clients. Le leasing via leasecom.\" \/>\n<meta name=\"robots\" content=\"index, follow, max-snippet:-1, max-image-preview:large, max-video-preview:-1\" \/>\n<link rel=\"canonical\" href=\"https:\/\/www.reseau-mesure.com\/de\/leasecom\/\" \/>\n<meta property=\"og:locale\" content=\"de_DE\" \/>\n<meta property=\"og:type\" content=\"article\" \/>\n<meta property=\"og:title\" content=\"Leasing &amp; financement par Leasecom - R\u00e9seau Mesure\" \/>\n<meta property=\"og:description\" content=\"Leasecom est un des partenaires du R\u00e9seau Mesure. A vous les financements sur mesures de vos clients. Le leasing via leasecom.\" \/>\n<meta property=\"og:url\" content=\"https:\/\/www.reseau-mesure.com\/de\/leasecom\/\" \/>\n<meta property=\"og:site_name\" content=\"R\u00e9seau Mesure\" \/>\n<meta property=\"article:publisher\" content=\"https:\/\/www.facebook.com\/reseaumesure\/\" \/>\n<meta property=\"article:modified_time\" content=\"2019-04-23T10:40:05+00:00\" \/>\n<meta property=\"og:image\" content=\"https:\/\/www.reseau-mesure.com\/wp-content\/uploads\/2018\/06\/logo_leasecom-300x54.jpg\" \/>\n<meta name=\"twitter:card\" content=\"summary_large_image\" \/>\n<meta name=\"twitter:site\" content=\"@ReseauMesure\" \/>\n<meta name=\"twitter:label1\" content=\"Gesch\u00e4tzte Lesezeit\" \/>\n\t<meta name=\"twitter:data1\" content=\"1\u00a0Minute\" \/>\n<script type=\"application\/ld+json\" class=\"yoast-schema-graph\">{\"@context\":\"https:\\\/\\\/schema.org\",\"@graph\":[{\"@type\":\"WebPage\",\"@id\":\"https:\\\/\\\/www.reseau-mesure.com\\\/de\\\/leasecom\\\/\",\"url\":\"https:\\\/\\\/www.reseau-mesure.com\\\/de\\\/leasecom\\\/\",\"name\":\"Leasing & financement par Leasecom - R\u00e9seau Mesure\",\"isPartOf\":{\"@id\":\"https:\\\/\\\/www.reseau-mesure.com\\\/#website\"},\"primaryImageOfPage\":{\"@id\":\"https:\\\/\\\/www.reseau-mesure.com\\\/de\\\/leasecom\\\/#primaryimage\"},\"image\":{\"@id\":\"https:\\\/\\\/www.reseau-mesure.com\\\/de\\\/leasecom\\\/#primaryimage\"},\"thumbnailUrl\":\"https:\\\/\\\/www.reseau-mesure.com\\\/wp-content\\\/uploads\\\/2018\\\/06\\\/logo_leasecom-300x54.jpg\",\"datePublished\":\"2018-06-12T14:20:16+00:00\",\"dateModified\":\"2019-04-23T10:40:05+00:00\",\"description\":\"Leasecom est un des partenaires du R\u00e9seau Mesure. A vous les financements sur mesures de vos clients. Le leasing via leasecom.\",\"breadcrumb\":{\"@id\":\"https:\\\/\\\/www.reseau-mesure.com\\\/de\\\/leasecom\\\/#breadcrumb\"},\"inLanguage\":\"de\",\"potentialAction\":[{\"@type\":\"ReadAction\",\"target\":[\"https:\\\/\\\/www.reseau-mesure.com\\\/de\\\/leasecom\\\/\"]}]},{\"@type\":\"ImageObject\",\"inLanguage\":\"de\",\"@id\":\"https:\\\/\\\/www.reseau-mesure.com\\\/de\\\/leasecom\\\/#primaryimage\",\"url\":\"https:\\\/\\\/www.reseau-mesure.com\\\/wp-content\\\/uploads\\\/2018\\\/06\\\/logo_leasecom-300x54.jpg\",\"contentUrl\":\"https:\\\/\\\/www.reseau-mesure.com\\\/wp-content\\\/uploads\\\/2018\\\/06\\\/logo_leasecom-300x54.jpg\"},{\"@type\":\"BreadcrumbList\",\"@id\":\"https:\\\/\\\/www.reseau-mesure.com\\\/de\\\/leasecom\\\/#breadcrumb\",\"itemListElement\":[{\"@type\":\"ListItem\",\"position\":1,\"name\":\"Accueil\",\"item\":\"https:\\\/\\\/www.reseau-mesure.com\\\/\"},{\"@type\":\"ListItem\",\"position\":2,\"name\":\"Leasing &#038; financement par Leasecom\"}]},{\"@type\":\"WebSite\",\"@id\":\"https:\\\/\\\/www.reseau-mesure.com\\\/#website\",\"url\":\"https:\\\/\\\/www.reseau-mesure.com\\\/\",\"name\":\"R\u00e9seau-Mesure\",\"description\":\"R\u00e9seau Mesure\",\"publisher\":{\"@id\":\"https:\\\/\\\/www.reseau-mesure.com\\\/#organization\"},\"potentialAction\":[{\"@type\":\"SearchAction\",\"target\":{\"@type\":\"EntryPoint\",\"urlTemplate\":\"https:\\\/\\\/www.reseau-mesure.com\\\/?s={search_term_string}\"},\"query-input\":{\"@type\":\"PropertyValueSpecification\",\"valueRequired\":true,\"valueName\":\"search_term_string\"}}],\"inLanguage\":\"de\"},{\"@type\":\"Organization\",\"@id\":\"https:\\\/\\\/www.reseau-mesure.com\\\/#organization\",\"name\":\"R\u00e9seau-Mesure\",\"url\":\"https:\\\/\\\/www.reseau-mesure.com\\\/\",\"logo\":{\"@type\":\"ImageObject\",\"inLanguage\":\"de\",\"@id\":\"https:\\\/\\\/www.reseau-mesure.com\\\/#\\\/schema\\\/logo\\\/image\\\/\",\"url\":\"https:\\\/\\\/www.reseau-mesure.com\\\/wp-content\\\/uploads\\\/2018\\\/02\\\/logo-max.png\",\"contentUrl\":\"https:\\\/\\\/www.reseau-mesure.com\\\/wp-content\\\/uploads\\\/2018\\\/02\\\/logo-max.png\",\"width\":545,\"height\":285,\"caption\":\"R\u00e9seau-Mesure\"},\"image\":{\"@id\":\"https:\\\/\\\/www.reseau-mesure.com\\\/#\\\/schema\\\/logo\\\/image\\\/\"},\"sameAs\":[\"https:\\\/\\\/www.facebook.com\\\/reseaumesure\\\/\",\"https:\\\/\\\/x.com\\\/ReseauMesure\",\"https:\\\/\\\/www.linkedin.com\\\/company\\\/reseau-mesure\\\/\"]}]}<\/script>\n<!-- \/ Yoast SEO plugin. -->","yoast_head_json":{"title":"Leasing & financement par Leasecom - R\u00e9seau Mesure","description":"Leasecom est un des partenaires du R\u00e9seau Mesure. A vous les financements sur mesures de vos clients. Le leasing via leasecom.","robots":{"index":"index","follow":"follow","max-snippet":"max-snippet:-1","max-image-preview":"max-image-preview:large","max-video-preview":"max-video-preview:-1"},"canonical":"https:\/\/www.reseau-mesure.com\/de\/leasecom\/","og_locale":"de_DE","og_type":"article","og_title":"Leasing & financement par Leasecom - R\u00e9seau Mesure","og_description":"Leasecom est un des partenaires du R\u00e9seau Mesure. A vous les financements sur mesures de vos clients. Le leasing via leasecom.","og_url":"https:\/\/www.reseau-mesure.com\/de\/leasecom\/","og_site_name":"R\u00e9seau Mesure","article_publisher":"https:\/\/www.facebook.com\/reseaumesure\/","article_modified_time":"2019-04-23T10:40:05+00:00","og_image":[{"url":"https:\/\/www.reseau-mesure.com\/wp-content\/uploads\/2018\/06\/logo_leasecom-300x54.jpg","type":"","width":"","height":""}],"twitter_card":"summary_large_image","twitter_site":"@ReseauMesure","twitter_misc":{"Gesch\u00e4tzte Lesezeit":"1\u00a0Minute"},"schema":{"@context":"https:\/\/schema.org","@graph":[{"@type":"WebPage","@id":"https:\/\/www.reseau-mesure.com\/de\/leasecom\/","url":"https:\/\/www.reseau-mesure.com\/de\/leasecom\/","name":"Leasing & financement par Leasecom - R\u00e9seau Mesure","isPartOf":{"@id":"https:\/\/www.reseau-mesure.com\/#website"},"primaryImageOfPage":{"@id":"https:\/\/www.reseau-mesure.com\/de\/leasecom\/#primaryimage"},"image":{"@id":"https:\/\/www.reseau-mesure.com\/de\/leasecom\/#primaryimage"},"thumbnailUrl":"https:\/\/www.reseau-mesure.com\/wp-content\/uploads\/2018\/06\/logo_leasecom-300x54.jpg","datePublished":"2018-06-12T14:20:16+00:00","dateModified":"2019-04-23T10:40:05+00:00","description":"Leasecom est un des partenaires du R\u00e9seau Mesure. A vous les financements sur mesures de vos clients. Le leasing via leasecom.","breadcrumb":{"@id":"https:\/\/www.reseau-mesure.com\/de\/leasecom\/#breadcrumb"},"inLanguage":"de","potentialAction":[{"@type":"ReadAction","target":["https:\/\/www.reseau-mesure.com\/de\/leasecom\/"]}]},{"@type":"ImageObject","inLanguage":"de","@id":"https:\/\/www.reseau-mesure.com\/de\/leasecom\/#primaryimage","url":"https:\/\/www.reseau-mesure.com\/wp-content\/uploads\/2018\/06\/logo_leasecom-300x54.jpg","contentUrl":"https:\/\/www.reseau-mesure.com\/wp-content\/uploads\/2018\/06\/logo_leasecom-300x54.jpg"},{"@type":"BreadcrumbList","@id":"https:\/\/www.reseau-mesure.com\/de\/leasecom\/#breadcrumb","itemListElement":[{"@type":"ListItem","position":1,"name":"Accueil","item":"https:\/\/www.reseau-mesure.com\/"},{"@type":"ListItem","position":2,"name":"Leasing &#038; financement par Leasecom"}]},{"@type":"WebSite","@id":"https:\/\/www.reseau-mesure.com\/#website","url":"https:\/\/www.reseau-mesure.com\/","name":"Netzwerk-Messung","description":"Netzwerkma\u00dfnahme","publisher":{"@id":"https:\/\/www.reseau-mesure.com\/#organization"},"potentialAction":[{"@type":"SearchAction","target":{"@type":"EntryPoint","urlTemplate":"https:\/\/www.reseau-mesure.com\/?s={search_term_string}"},"query-input":{"@type":"PropertyValueSpecification","valueRequired":true,"valueName":"search_term_string"}}],"inLanguage":"de"},{"@type":"Organization","@id":"https:\/\/www.reseau-mesure.com\/#organization","name":"Netzwerk-Messung","url":"https:\/\/www.reseau-mesure.com\/","logo":{"@type":"ImageObject","inLanguage":"de","@id":"https:\/\/www.reseau-mesure.com\/#\/schema\/logo\/image\/","url":"https:\/\/www.reseau-mesure.com\/wp-content\/uploads\/2018\/02\/logo-max.png","contentUrl":"https:\/\/www.reseau-mesure.com\/wp-content\/uploads\/2018\/02\/logo-max.png","width":545,"height":285,"caption":"R\u00e9seau-Mesure"},"image":{"@id":"https:\/\/www.reseau-mesure.com\/#\/schema\/logo\/image\/"},"sameAs":["https:\/\/www.facebook.com\/reseaumesure\/","https:\/\/x.com\/ReseauMesure","https:\/\/www.linkedin.com\/company\/reseau-mesure\/"]}]}},"_links":{"self":[{"href":"https:\/\/www.reseau-mesure.com\/de\/wp-json\/wp\/v2\/pages\/2493","targetHints":{"allow":["GET"]}}],"collection":[{"href":"https:\/\/www.reseau-mesure.com\/de\/wp-json\/wp\/v2\/pages"}],"about":[{"href":"https:\/\/www.reseau-mesure.com\/de\/wp-json\/wp\/v2\/types\/page"}],"author":[{"embeddable":true,"href":"https:\/\/www.reseau-mesure.com\/de\/wp-json\/wp\/v2\/users\/685"}],"replies":[{"embeddable":true,"href":"https:\/\/www.reseau-mesure.com\/de\/wp-json\/wp\/v2\/comments?post=2493"}],"version-history":[{"count":0,"href":"https:\/\/www.reseau-mesure.com\/de\/wp-json\/wp\/v2\/pages\/2493\/revisions"}],"wp:attachment":[{"href":"https:\/\/www.reseau-mesure.com\/de\/wp-json\/wp\/v2\/media?parent=2493"}],"curies":[{"name":"wp","href":"https:\/\/api.w.org\/{rel}","templated":true}]}}