{"id":2805,"date":"2018-06-27T00:53:50","date_gmt":"2018-06-26T22:53:50","guid":{"rendered":"http:\/\/www.reseau-mesure.com\/?page_id=2805"},"modified":"2020-04-15T18:15:57","modified_gmt":"2020-04-15T16:15:57","slug":"measurement-world-2019-2","status":"publish","type":"page","link":"https:\/\/www.reseau-mesure.com\/de\/measurement-world-2019-2\/","title":{"rendered":"MESSWELT 2019"},"content":{"rendered":"<a href=\"https:\/\/www.reseau-mesure.com\/wp-content\/uploads\/2018\/08\/FLYER-MW_A5_4-pages-FR-internet.pdf\" target=\"_self\" itemprop=\"url\" rel=\"noopener noreferrer\">\n\t\t\t\t<img loading=\"lazy\" decoding=\"async\" src=\"https:\/\/www.reseau-mesure.com\/wp-content\/uploads\/2018\/06\/MEASUREMENT_WORLD-LARGEUR.jpg\" alt=\"MEASUREMENT_WORLD-LARGEUR\" itemprop=\"image\" height=\"1129\" width=\"3544\" title=\"MEASUREMENT_WORLD-WIDTH\" onerror=\"this.style.display='none'\"  \/>\n\t\t\t\t<\/a>\n\t\t\t\t<img loading=\"lazy\" decoding=\"async\" src=\"https:\/\/www.reseau-mesure.com\/wp-content\/uploads\/2018\/06\/Nuage-MW-21-juin.jpg\" alt=\"Measurement wolrd\" itemprop=\"image\" height=\"1529\" width=\"1852\" title=\"Cloud MW - Kopie\" onerror=\"this.style.display='none'\"  \/>\n\t\t\t\t<img decoding=\"async\" src=\"https:\/\/www.reseau-mesure.com\/wp-content\/plugins\/bb-plugin\/img\/pixel.png\" alt=\"\" itemprop=\"image\" onerror=\"this.style.display='none'\"  \/>\n\t<b>Nach seiner Ausgabe 2019 hat die <\/b><b>N\u00e4chster<\/b><b> Das Messwelttreffen wird stattfinden<br \/>\n28.-29. September und 30. September 2021<\/b>\n<p><b>DIE INTERNATIONALE SHOW, DIE DER MESSUNG IN SEINEM BREITESTEN SINN BESTIMMT IST, DER BIETET:<\/b><\/p>\n<p><b>1 \/ Stellen Sie ein Angebot von Spezialisten zusammen <\/b>Pr\u00e4sentation von Technologien und L\u00f6sungen in Bezug auf Messtechnik und Messung.<\/p>\n<p><b>2 \/ Eine Plattform zum Austausch und Austausch f\u00fcr alle Beteiligten <\/b>ein Treffpunkt zwischen Industrie und Forschung, ein Ort f\u00fcr den Austausch von technologischem Know-how und Erfahrungen, ein Sprungbrett f\u00fcr Innovationen, eine Plattform f\u00fcr den Ausdruck von technischen Partnern und Start-ups <i>(<\/i><i>Experten, Wissenschaftler und Forscher, Institutionen, Hersteller, Dienstleister und industrielle Nutzer)<\/i><\/p>\n<p><b>3 \/ Seien Sie das ganze Jahr \u00fcber ein Uhren- und Trendmedium <\/b>Dies erm\u00f6glicht es, die Transformationen von Unternehmen, Labors und Organisationen zu antizipieren.<\/p>\n<p><b>4 \/ Highlights und Erlebnisr\u00e4ume <\/b>die es erm\u00f6glichen, Innovationen zu sehen, zu ber\u00fchren, zu verstehen, Best Practices in der Branche, den Umfang technologischer L\u00f6sungen und alle Beitr\u00e4ge der Messung zu f\u00f6rdern <i>(Kontrolle, Optimierung, Produktivit\u00e4t, Qualit\u00e4t, Zuverl\u00e4ssigkeit, Datenbewertung,\u2026).<\/i><\/p>\n\t\t\t<a href=\"https:\/\/www.mesures-solutions-expo.fr\/\" target=\"_self\" role=\"button\" rel=\"noopener noreferrer\">\n\t\t\t\t\t\t\tSeien Sie f\u00fcr 2020 auf der Measures Solutions EXPO Lyon vertreten\n\t\t\t\t\t<\/a>\n\t<p>&nbsp;<\/p>\n<h2>L&rsquo;\u00e9dition 2019<\/h2>\n<p><strong>Mit Unterst\u00fctzung von Gewerkschaften, Institutionen, Verb\u00e4nden und Industriellen der Branche startet GL events Exhibitions MEASUREMENT WORLD: eine einzigartige Veranstaltung, die sich der Welt der Messung im weitesten Sinne widmet, einschlie\u00dflich Kontrolle, Prozess und Pr\u00fcfung , Vision und Optik.<\/strong><\/p>\n<h2>MEASUREMENT WORLD: eine gro\u00dfe europ\u00e4ische Veranstaltung, die sich der Messung widmet<\/h2>\n<ul>\n<li>Zweij\u00e4hrliche Veranstaltung<\/li>\n<li>Zusammen mit <strong>Internationaler Kongress f\u00fcr Metrologie<\/strong> (CIM 2019) <strong>35% <\/strong>internationale Kongressabgeordnete<\/li>\n<\/ul>\n<ul>\n<li><strong>5.000 m\u00b2 <\/strong>Ausstellung mit einem Metrology Village<\/li>\n<li><strong>3 Tage <\/strong>Ausstellung<\/li>\n<li><strong>230<\/strong> Aussteller einschlie\u00dflich <strong>15% <\/strong>International<\/li>\n<li><strong>3 000 <\/strong>Besucher einschlie\u00dflich <strong>15% <\/strong>International<\/li>\n<\/ul>\n<p>&quot;&quot;\u00a0<em>Als Referenzlabor f\u00fcr Metrologie und Mitglied des franz\u00f6sischen Nationalen Metrologie-Netzwerks ist die Pr\u00e4senz von CETIAT auf der MEASUREMENT WORLD von entscheidender Bedeutung.<\/em> L.<em>Die gleichzeitige Organisation des CIM bietet die Gelegenheit, unsere Kollegen und ausl\u00e4ndischen Partner zu treffen, die Mitglieder von EURAMET oder anderen regionalen Organisationen der Metrologie sind. Diese internationale Offenheit ist einzigartig! Im weiteren Sinne sind die Besucher gezielt und qualitativ hochwertig, eine Gelegenheit, unsere Kunden willkommen zu hei\u00dfen und neue, sehr interessante Kontakte zu kn\u00fcpfen.<\/em>\u00a0&quot;&quot;<\/p>\n<p><strong><em>Pierre CLAUDEL<\/em><\/strong><em>. Direktor - Abteilung f\u00fcr Pr\u00fcfung, Kalibrierung und Zertifizierung. Vizepr\u00e4sident der Franz\u00f6sischen Hochschule f\u00fcr Metrologie<\/em><em>.<\/em><\/p>\n<h2><strong>Eine Veranstaltung, die vom gesamten Beruf anerkannt wird<\/strong><\/h2>\n<p>Unterst\u00fctzt von GL-Veranstaltungen, die sich weiterhin f\u00fcr die Modernisierung der industriellen Welt einsetzen, erf\u00fcllt MEASUREMENT WORLD die Erwartungen der Messakteure:<\/p>\n<ul>\n<li>70%-Unternehmen der Messbranche aus der letzten ENOVA PARIS w\u00fcnschen sich eine spezielle Zweijahresausstellung <em>(Quelle: ENOVA PARIS 2017 Ausstellerumfragen)<\/em> Dies bringt alle Akteure ihrer Branche zusammen: Experten, Wissenschaftler und Forscher, Referenzorganisationen, Hersteller und Dienstleister, industrielle Anwender von Messwerkzeugen usw.<\/li>\n<\/ul>\n<p>&nbsp;<\/p>\n<ul>\n<li>Das franz\u00f6sische College f\u00fcr Metrologie best\u00e4tigt diese Bitte mit dem Willen, den Internationalen Metrologiekongress in eine Veranstaltung zur Messung einzubeziehen. (CFM ist seit 2011 Partner von GL-Veranstaltungen)<\/li>\n<\/ul>\n<p><em>&quot;Ich m\u00f6chte, dass Bronkhorst im September 2019 an MEASUREMENT WORLD teilnimmt, weil ich \u00fcberzeugt bin, dass ein professionelles Publikum aus dem Gro\u00dfraum Paris und der n\u00f6rdlichen H\u00e4lfte Frankreichs sehr an einer gro\u00dfen Ausstellung interessiert ist, an der alle Hersteller und H\u00e4ndler von Ger\u00e4ten teilnehmen im Bereich der Messung als Ganzes, von der Instrumentierung bis zur Messtechnik, einschlie\u00dflich Prozessautomatisierung und -regulierung, Prozessverbesserung, Innovation und Produktion, all diesen Industriezweigen und die F &amp; E, die immer mehr Messungen und Kontrollen aller Formen vorschreibt. &quot;&quot;<\/em><\/p>\n<p><strong>Ludovic Berg\u00e8re. <\/strong>Kaufm\u00e4nnischer Leiter bei Bronkhorst<\/p>\n<h2><\/h2>\n<h2><strong>Ein ehrgeiziges Projekt f\u00fcr alle Industriezweige \u00a0<\/strong><\/h2>\n<p>Angesichts eines hart umk\u00e4mpften Marktes auf globaler Ebene sind die Anforderungen an Produktivit\u00e4t, Qualit\u00e4t, Vertrauen und Compliance von wesentlicher Bedeutung und werden immer weiter verbreitet.<\/p>\n<p>Durch den Aufbau strategischer Partnerschaften zwischen Lieferanten und eine bessere Integration von Messinstrumenten k\u00f6nnen Unternehmen aller T\u00e4tigkeitsbereiche auffallen und ihren Kunden mehr Wert und Dienstleistungen bieten.<\/p>\n<p>&nbsp;<\/p>\n\t\t\t\t<img loading=\"lazy\" decoding=\"async\" src=\"https:\/\/www.reseau-mesure.com\/wp-content\/uploads\/2018\/06\/SCHEM.png\" alt=\"SCHEM\" itemprop=\"image\" height=\"4372\" width=\"6488\" title=\"SCHEM\" onerror=\"this.style.display='none'\"  \/>","protected":false},"excerpt":{"rendered":"<p>Nach der Ausgabe 2019 findet am 28. und 29. September 2021 das n\u00e4chste Messwelttreffen statt. DIE INTERNATIONALE SHOW, DIE DER MESSUNG IN SEINEM BREITESTEN SINN BESTIMMT IST und Messung. 2 \/ Eine Plattform f\u00fcr den Austausch ...<\/p>","protected":false},"author":685,"featured_media":0,"parent":0,"menu_order":0,"comment_status":"closed","ping_status":"closed","template":"","meta":{"_acf_changed":false,"footnotes":""},"class_list":["post-2805","page","type-page","status-publish","hentry"],"acf":[],"yoast_head":"<!-- This site is optimized with the Yoast SEO plugin v27.4 - https:\/\/yoast.com\/product\/yoast-seo-wordpress\/ -->\n<title>MEASUREMENT WORLD 2019 - R\u00e9seau Mesure<\/title>\n<meta name=\"description\" content=\"Le salon measurement world est le salon de la mesure pour 2019. Les adh\u00e9rents du R\u00e9seau Mesure seront pr\u00e9sent. Informations et renseignements.\" \/>\n<meta name=\"robots\" content=\"index, follow, max-snippet:-1, max-image-preview:large, max-video-preview:-1\" \/>\n<link rel=\"canonical\" href=\"https:\/\/www.reseau-mesure.com\/de\/measurement-world-2019-2\/\" \/>\n<meta property=\"og:locale\" content=\"de_DE\" \/>\n<meta property=\"og:type\" content=\"article\" \/>\n<meta property=\"og:title\" content=\"MEASUREMENT WORLD 2019 - R\u00e9seau Mesure\" \/>\n<meta property=\"og:description\" content=\"Le salon measurement world est le salon de la mesure pour 2019. Les adh\u00e9rents du R\u00e9seau Mesure seront pr\u00e9sent. Informations et renseignements.\" \/>\n<meta property=\"og:url\" content=\"https:\/\/www.reseau-mesure.com\/de\/measurement-world-2019-2\/\" \/>\n<meta property=\"og:site_name\" content=\"R\u00e9seau Mesure\" \/>\n<meta property=\"article:publisher\" content=\"https:\/\/www.facebook.com\/reseaumesure\/\" \/>\n<meta property=\"article:modified_time\" content=\"2020-04-15T16:15:57+00:00\" \/>\n<meta property=\"og:image\" content=\"https:\/\/www.reseau-mesure.com\/wp-content\/uploads\/2018\/06\/MEASUREMENT_WORLD-LARGEUR.jpg\" \/>\n<meta name=\"twitter:card\" content=\"summary_large_image\" \/>\n<meta name=\"twitter:site\" content=\"@ReseauMesure\" \/>\n<meta name=\"twitter:label1\" content=\"Gesch\u00e4tzte Lesezeit\" \/>\n\t<meta name=\"twitter:data1\" content=\"4\u00a0Minuten\" \/>\n<script type=\"application\/ld+json\" class=\"yoast-schema-graph\">{\"@context\":\"https:\\\/\\\/schema.org\",\"@graph\":[{\"@type\":\"WebPage\",\"@id\":\"https:\\\/\\\/www.reseau-mesure.com\\\/de\\\/measurement-world-2019-2\\\/\",\"url\":\"https:\\\/\\\/www.reseau-mesure.com\\\/de\\\/measurement-world-2019-2\\\/\",\"name\":\"MEASUREMENT WORLD 2019 - R\u00e9seau Mesure\",\"isPartOf\":{\"@id\":\"https:\\\/\\\/www.reseau-mesure.com\\\/#website\"},\"primaryImageOfPage\":{\"@id\":\"https:\\\/\\\/www.reseau-mesure.com\\\/de\\\/measurement-world-2019-2\\\/#primaryimage\"},\"image\":{\"@id\":\"https:\\\/\\\/www.reseau-mesure.com\\\/de\\\/measurement-world-2019-2\\\/#primaryimage\"},\"thumbnailUrl\":\"https:\\\/\\\/www.reseau-mesure.com\\\/wp-content\\\/uploads\\\/2018\\\/06\\\/MEASUREMENT_WORLD-LARGEUR.jpg\",\"datePublished\":\"2018-06-26T22:53:50+00:00\",\"dateModified\":\"2020-04-15T16:15:57+00:00\",\"description\":\"Le salon measurement world est le salon de la mesure pour 2019. Les adh\u00e9rents du R\u00e9seau Mesure seront pr\u00e9sent. Informations et renseignements.\",\"breadcrumb\":{\"@id\":\"https:\\\/\\\/www.reseau-mesure.com\\\/de\\\/measurement-world-2019-2\\\/#breadcrumb\"},\"inLanguage\":\"de\",\"potentialAction\":[{\"@type\":\"ReadAction\",\"target\":[\"https:\\\/\\\/www.reseau-mesure.com\\\/de\\\/measurement-world-2019-2\\\/\"]}]},{\"@type\":\"ImageObject\",\"inLanguage\":\"de\",\"@id\":\"https:\\\/\\\/www.reseau-mesure.com\\\/de\\\/measurement-world-2019-2\\\/#primaryimage\",\"url\":\"https:\\\/\\\/www.reseau-mesure.com\\\/wp-content\\\/uploads\\\/2018\\\/06\\\/MEASUREMENT_WORLD-LARGEUR.jpg\",\"contentUrl\":\"https:\\\/\\\/www.reseau-mesure.com\\\/wp-content\\\/uploads\\\/2018\\\/06\\\/MEASUREMENT_WORLD-LARGEUR.jpg\"},{\"@type\":\"BreadcrumbList\",\"@id\":\"https:\\\/\\\/www.reseau-mesure.com\\\/de\\\/measurement-world-2019-2\\\/#breadcrumb\",\"itemListElement\":[{\"@type\":\"ListItem\",\"position\":1,\"name\":\"Accueil\",\"item\":\"https:\\\/\\\/www.reseau-mesure.com\\\/\"},{\"@type\":\"ListItem\",\"position\":2,\"name\":\"MEASUREMENT WORLD 2019\"}]},{\"@type\":\"WebSite\",\"@id\":\"https:\\\/\\\/www.reseau-mesure.com\\\/#website\",\"url\":\"https:\\\/\\\/www.reseau-mesure.com\\\/\",\"name\":\"R\u00e9seau-Mesure\",\"description\":\"R\u00e9seau Mesure\",\"publisher\":{\"@id\":\"https:\\\/\\\/www.reseau-mesure.com\\\/#organization\"},\"potentialAction\":[{\"@type\":\"SearchAction\",\"target\":{\"@type\":\"EntryPoint\",\"urlTemplate\":\"https:\\\/\\\/www.reseau-mesure.com\\\/?s={search_term_string}\"},\"query-input\":{\"@type\":\"PropertyValueSpecification\",\"valueRequired\":true,\"valueName\":\"search_term_string\"}}],\"inLanguage\":\"de\"},{\"@type\":\"Organization\",\"@id\":\"https:\\\/\\\/www.reseau-mesure.com\\\/#organization\",\"name\":\"R\u00e9seau-Mesure\",\"url\":\"https:\\\/\\\/www.reseau-mesure.com\\\/\",\"logo\":{\"@type\":\"ImageObject\",\"inLanguage\":\"de\",\"@id\":\"https:\\\/\\\/www.reseau-mesure.com\\\/#\\\/schema\\\/logo\\\/image\\\/\",\"url\":\"https:\\\/\\\/www.reseau-mesure.com\\\/wp-content\\\/uploads\\\/2018\\\/02\\\/logo-max.png\",\"contentUrl\":\"https:\\\/\\\/www.reseau-mesure.com\\\/wp-content\\\/uploads\\\/2018\\\/02\\\/logo-max.png\",\"width\":545,\"height\":285,\"caption\":\"R\u00e9seau-Mesure\"},\"image\":{\"@id\":\"https:\\\/\\\/www.reseau-mesure.com\\\/#\\\/schema\\\/logo\\\/image\\\/\"},\"sameAs\":[\"https:\\\/\\\/www.facebook.com\\\/reseaumesure\\\/\",\"https:\\\/\\\/x.com\\\/ReseauMesure\",\"https:\\\/\\\/www.linkedin.com\\\/company\\\/reseau-mesure\\\/\"]}]}<\/script>\n<!-- \/ Yoast SEO plugin. -->","yoast_head_json":{"title":"MEASUREMENT WORLD 2019 - R\u00e9seau Mesure","description":"Le salon measurement world est le salon de la mesure pour 2019. Les adh\u00e9rents du R\u00e9seau Mesure seront pr\u00e9sent. Informations et renseignements.","robots":{"index":"index","follow":"follow","max-snippet":"max-snippet:-1","max-image-preview":"max-image-preview:large","max-video-preview":"max-video-preview:-1"},"canonical":"https:\/\/www.reseau-mesure.com\/de\/measurement-world-2019-2\/","og_locale":"de_DE","og_type":"article","og_title":"MEASUREMENT WORLD 2019 - R\u00e9seau Mesure","og_description":"Le salon measurement world est le salon de la mesure pour 2019. Les adh\u00e9rents du R\u00e9seau Mesure seront pr\u00e9sent. Informations et renseignements.","og_url":"https:\/\/www.reseau-mesure.com\/de\/measurement-world-2019-2\/","og_site_name":"R\u00e9seau Mesure","article_publisher":"https:\/\/www.facebook.com\/reseaumesure\/","article_modified_time":"2020-04-15T16:15:57+00:00","og_image":[{"url":"https:\/\/www.reseau-mesure.com\/wp-content\/uploads\/2018\/06\/MEASUREMENT_WORLD-LARGEUR.jpg","type":"","width":"","height":""}],"twitter_card":"summary_large_image","twitter_site":"@ReseauMesure","twitter_misc":{"Gesch\u00e4tzte Lesezeit":"4\u00a0Minuten"},"schema":{"@context":"https:\/\/schema.org","@graph":[{"@type":"WebPage","@id":"https:\/\/www.reseau-mesure.com\/de\/measurement-world-2019-2\/","url":"https:\/\/www.reseau-mesure.com\/de\/measurement-world-2019-2\/","name":"MEASUREMENT WORLD 2019 - R\u00e9seau Mesure","isPartOf":{"@id":"https:\/\/www.reseau-mesure.com\/#website"},"primaryImageOfPage":{"@id":"https:\/\/www.reseau-mesure.com\/de\/measurement-world-2019-2\/#primaryimage"},"image":{"@id":"https:\/\/www.reseau-mesure.com\/de\/measurement-world-2019-2\/#primaryimage"},"thumbnailUrl":"https:\/\/www.reseau-mesure.com\/wp-content\/uploads\/2018\/06\/MEASUREMENT_WORLD-LARGEUR.jpg","datePublished":"2018-06-26T22:53:50+00:00","dateModified":"2020-04-15T16:15:57+00:00","description":"Le salon measurement world est le salon de la mesure pour 2019. Les adh\u00e9rents du R\u00e9seau Mesure seront pr\u00e9sent. Informations et renseignements.","breadcrumb":{"@id":"https:\/\/www.reseau-mesure.com\/de\/measurement-world-2019-2\/#breadcrumb"},"inLanguage":"de","potentialAction":[{"@type":"ReadAction","target":["https:\/\/www.reseau-mesure.com\/de\/measurement-world-2019-2\/"]}]},{"@type":"ImageObject","inLanguage":"de","@id":"https:\/\/www.reseau-mesure.com\/de\/measurement-world-2019-2\/#primaryimage","url":"https:\/\/www.reseau-mesure.com\/wp-content\/uploads\/2018\/06\/MEASUREMENT_WORLD-LARGEUR.jpg","contentUrl":"https:\/\/www.reseau-mesure.com\/wp-content\/uploads\/2018\/06\/MEASUREMENT_WORLD-LARGEUR.jpg"},{"@type":"BreadcrumbList","@id":"https:\/\/www.reseau-mesure.com\/de\/measurement-world-2019-2\/#breadcrumb","itemListElement":[{"@type":"ListItem","position":1,"name":"Accueil","item":"https:\/\/www.reseau-mesure.com\/"},{"@type":"ListItem","position":2,"name":"MEASUREMENT WORLD 2019"}]},{"@type":"WebSite","@id":"https:\/\/www.reseau-mesure.com\/#website","url":"https:\/\/www.reseau-mesure.com\/","name":"Netzwerk-Messung","description":"Netzwerkma\u00dfnahme","publisher":{"@id":"https:\/\/www.reseau-mesure.com\/#organization"},"potentialAction":[{"@type":"SearchAction","target":{"@type":"EntryPoint","urlTemplate":"https:\/\/www.reseau-mesure.com\/?s={search_term_string}"},"query-input":{"@type":"PropertyValueSpecification","valueRequired":true,"valueName":"search_term_string"}}],"inLanguage":"de"},{"@type":"Organization","@id":"https:\/\/www.reseau-mesure.com\/#organization","name":"Netzwerk-Messung","url":"https:\/\/www.reseau-mesure.com\/","logo":{"@type":"ImageObject","inLanguage":"de","@id":"https:\/\/www.reseau-mesure.com\/#\/schema\/logo\/image\/","url":"https:\/\/www.reseau-mesure.com\/wp-content\/uploads\/2018\/02\/logo-max.png","contentUrl":"https:\/\/www.reseau-mesure.com\/wp-content\/uploads\/2018\/02\/logo-max.png","width":545,"height":285,"caption":"R\u00e9seau-Mesure"},"image":{"@id":"https:\/\/www.reseau-mesure.com\/#\/schema\/logo\/image\/"},"sameAs":["https:\/\/www.facebook.com\/reseaumesure\/","https:\/\/x.com\/ReseauMesure","https:\/\/www.linkedin.com\/company\/reseau-mesure\/"]}]}},"_links":{"self":[{"href":"https:\/\/www.reseau-mesure.com\/de\/wp-json\/wp\/v2\/pages\/2805","targetHints":{"allow":["GET"]}}],"collection":[{"href":"https:\/\/www.reseau-mesure.com\/de\/wp-json\/wp\/v2\/pages"}],"about":[{"href":"https:\/\/www.reseau-mesure.com\/de\/wp-json\/wp\/v2\/types\/page"}],"author":[{"embeddable":true,"href":"https:\/\/www.reseau-mesure.com\/de\/wp-json\/wp\/v2\/users\/685"}],"replies":[{"embeddable":true,"href":"https:\/\/www.reseau-mesure.com\/de\/wp-json\/wp\/v2\/comments?post=2805"}],"version-history":[{"count":0,"href":"https:\/\/www.reseau-mesure.com\/de\/wp-json\/wp\/v2\/pages\/2805\/revisions"}],"wp:attachment":[{"href":"https:\/\/www.reseau-mesure.com\/de\/wp-json\/wp\/v2\/media?parent=2805"}],"curies":[{"name":"wp","href":"https:\/\/api.w.org\/{rel}","templated":true}]}}