{"id":2829,"date":"2018-06-28T10:53:52","date_gmt":"2018-06-28T08:53:52","guid":{"rendered":"http:\/\/www.reseau-mesure.com\/?page_id=2829"},"modified":"2026-02-11T11:34:38","modified_gmt":"2026-02-11T10:34:38","slug":"ressources-documentaires","status":"publish","type":"page","link":"https:\/\/www.reseau-mesure.com\/de\/ressources-documentaires\/","title":{"rendered":"Dokumentationsressourcen: Informieren Sie sich bei uns"},"content":{"rendered":"<h1>\n\t\t\t\tWeitere Dokumentationsressourcen\n\t\t<\/h1>\n\t<p>Alle Dokumentationsressourcen des Messnetzwerks sind f\u00fcr Mitglieder nur eingeschr\u00e4nkt zug\u00e4nglich<\/p>\n\t<h1>Unsere Dokumentationsressourcen<\/h1>\n<p>&nbsp;<\/p>\n<figure itemscope itemtype=\"https:\/\/schema.org\/ImageObject\">\n\t\t\t\t<a href=\"https:\/\/www.reseau-mesure.com\/wp-content\/uploads\/2025\/06\/Enquete-Reseau-Mesure-version-complete-web-1.pdf\"  target=\"_self\" itemprop=\"url\">\n\t\t\t\t<img decoding=\"async\" src=\"https:\/\/www.reseau-mesure.com\/wp-content\/uploads\/2025\/06\/Enquete-Reseau-Mesure-resume-web_Page_01-300x212.jpg\" alt=\"Enqu\u00eate R\u00e9seau Mesure - La mesure et l&#039;IA\" height=\"212\" width=\"300\" title=\"Enqu\u00eate R\u00e9seau Mesure - La mesure et l&#039;IA\" onerror=\"this.style.display='none'\" loading=\"lazy\" \/>\n\t\t\t\t<\/a>\n\t<\/figure>\n\t<p>La version compl\u00e8te n&rsquo;est visible ci-dessus qu&rsquo;en \u00e9tant connect\u00e9(e)<\/p>\n\t\t\t<a href=\"https:\/\/www.reseau-mesure.com\/wp-content\/uploads\/2025\/06\/Enquete-Reseau-Mesure-resume-web.pdf\"  target=\"_self\">\n\t\t\t\t\t\t\tLa mesure et l&rsquo;IA &#8211; synth\u00e8se de l&rsquo;\u00e9tude\n\t\t\t\t\t<\/a>\n\t\t\t<a href=\"https:\/\/www.reseau-mesure.com\/wp-content\/uploads\/2022\/07\/LISTE-ECOLES-domaine-de-la-mesure.xlsx\"  target=\"_blank\" rel=\"noopener\">\n\t\t\t\t\t\t\tListe der Schulen im Bereich Messung\n\t\t\t\t\t<\/a>\n\t\t\t<a href=\"https:\/\/www.reseau-mesure.com\/wp-content\/uploads\/2023\/03\/Lionbridge_ReseauMESURE_Translation_Partnership_V2.pdf\"  target=\"_blank\" rel=\"noopener\">\n\t\t\t\t\t\t\t\u00dcbersetzungsl\u00f6sungen\n\t\t\t\t\t<\/a>\n\t\t\t<a href=\"https:\/\/commission.europa.eu\/news\/ai-act-enters-force-2024-08-01_fr\"  target=\"_blank\" rel=\"noopener\">\n\t\t\t\t\t\t\tR\u00e8glement europ\u00e9en sur l&rsquo;intelligence artificielle (IA)-2024\n\t\t\t\t\t<\/a>\n\t\t\t<a href=\"https:\/\/www.reseau-mesure.com\/de\/ressources-documentaires-evenements-salons\/\"  target=\"_self\">\n\t\t\t\t\t\t\tVeranstaltungen \/ Ausstellungen\n\t\t\t\t\t<\/a>\n\t\t\t<a href=\"https:\/\/www.reseau-mesure.com\/de\/ressources-documentaires-juridique\/\"  target=\"_self\">\n\t\t\t\t\t\t\tRecht \/ Steuern\n\t\t\t\t\t<\/a>\n\t\t\t<a href=\"https:\/\/www.reseau-mesure.com\/de\/ressources-documentaires-procedures-administratives\/\"  target=\"_self\">\n\t\t\t\t\t\t\tVerwaltungsverfahren\n\t\t\t\t\t<\/a>\n\t\t\t<a href=\"https:\/\/www.reseau-mesure.com\/de\/ressources-documentaires-phototheque\/\"  target=\"_self\">\n\t\t\t\t\t\t\tFotobibliothek\n\t\t\t\t\t<\/a>\n\t\t\t<a href=\"https:\/\/www.reseau-mesure.com\/de\/ressources-documentaires-accompagnement-dirigeant-2\/\"  target=\"_self\">\n\t\t\t\t\t\t\tUnterst\u00fctzung f\u00fcr den Business Manager\n\t\t\t\t\t<\/a>\n\t\t\t<a href=\"https:\/\/www.reseau-mesure.com\/de\/promotion-par-la-video\/\"  target=\"_self\">\n\t\t\t\t\t\t\tKOMMUNIKATIONSWERKZEUGE\n\t\t\t\t\t<\/a>\n\t\t\t<a href=\"https:\/\/www.reseau-mesure.com\/de\/ressources-documentaires-diverses\/\"  target=\"_self\">\n\t\t\t\t\t\t\tVerschiedene Ressourcen\n\t\t\t\t\t<\/a>\n\t\t\t<a href=\"https:\/\/www.reseau-mesure.com\/de\/sensibilisation-au-handicap-ressources-documentaires\/\"  target=\"_blank\" rel=\"noopener\">\n\t\t\t\t\t\t\tBehindertenbewusstsein\n\t\t\t\t\t<\/a>\n\t\t\t<a href=\"https:\/\/vimeo.com\/1067022152\/6b3b5db462?ts=0&#038;share=copy\"  target=\"_blank\" rel=\"noopener\">\n\t\t\t\t\t\t\tV\u00e9hicule d&rsquo;entreprise : d\u00e9fis de la transition \u00e9lectrique\n\t\t\t\t\t<\/a>\n\t\t\t<a href=\"https:\/\/www.reseau-mesure.com\/de\/prevenir-les-tms-au-travail\/\"  target=\"_blank\" rel=\"noopener\">\n\t\t\t\t\t\t\tVerhindern Sie Erkrankungen des Bewegungsapparates bei der Arbeit\n\t\t\t\t\t<\/a>\n\t<blockquote>\n<p>Durch Klicken auf das gew\u00fcnschte Thema finden Sie alle Dokumentationsressourcen, die wir f\u00fcr unsere Mitglieder reservieren.<\/p>\n<p>oder gehen Sie direkt zum gew\u00fcnschten Inhalt in der Liste der am h\u00e4ufigsten konsultierten Dokumente.<\/p>\n<\/blockquote>\n    <a href=\"\">\n        <h3>Unsere besten Lesungen<\/h3>\n        \n    <\/a>\n    <ul>\n        <li><a href=\"https:\/\/www.reseau-mesure.com\/de\/la-mesure\/\">Was ist Messung - Warum messen - Warum das Messnetzwerk? <\/a><\/li><li><a href=\"https:\/\/www.reseau-mesure.com\/de\/comite-dentreprise\/\">Ein Betriebsrat f\u00fcr VSEs und KMU<\/a><\/li><li><a href=\"https:\/\/www.reseau-mesure.com\/de\/rgpd-4\/\">RGPD: Eine Verpflichtung seit dem 25. Mai 2018<\/a><\/li><li><a href=\"https:\/\/www.reseau-mesure.com\/de\/le-reseau-mesure\/\">Das Messnetzwerk - Ein Unternehmensnetzwerk, das Sie unterst\u00fctzt<\/a><\/li><li><a href=\"https:\/\/www.reseau-mesure.com\/de\/la-mesure-et-la-precision\/\">Messung und Pr\u00e4zision <\/a><\/li><li><a href=\"https:\/\/www.reseau-mesure.com\/de\/salons-professionnels\/\">Fachmessen: Warum? <\/a><\/li>\n    <\/ul>\n\tDiese Dokumente werden Ihnen vom Messnetzwerk kostenlos zur Verf\u00fcgung gestellt.<br \/>\nHaben Sie ein spezielles Bed\u00fcrfnis? lass es wissen!\n<p>Das Messnetzwerk unterst\u00fctzt Sie bei Ihrer Recherche.<\/p>\n<p>&nbsp;<\/p>\n<p>&nbsp;<\/p>\n<p>&nbsp;<\/p>","protected":false},"excerpt":{"rendered":"<p>Pour aller plus loin Ressources documentaires Toutes les ressources documentaires du R\u00e9seaux Mesure en acc\u00e8s r\u00e9serv\u00e9 pour les adh\u00e9rents Nos ressources documentaires &nbsp; La version compl\u00e8te n&rsquo;est visible ci-dessus qu&rsquo;en \u00e9tant connect\u00e9(e) La mesure et l&rsquo;IA &#8211; synth\u00e8se de l&rsquo;\u00e9tude Liste des \u00e9coles du domaine de la mesure Les solutions de traduction R\u00e8glement europ\u00e9en sur&hellip;<\/p>","protected":false},"author":685,"featured_media":0,"parent":0,"menu_order":0,"comment_status":"closed","ping_status":"closed","template":"","meta":{"_acf_changed":false,"footnotes":""},"class_list":["post-2829","page","type-page","status-publish","hentry"],"acf":[],"yoast_head":"<!-- This site is optimized with the Yoast SEO plugin v27.4 - https:\/\/yoast.com\/product\/yoast-seo-wordpress\/ -->\n<title>Ressources documentaires : informez vous avec nous - R\u00e9seau Mesure<\/title>\n<meta name=\"description\" content=\"Retrouvez les ressources documentaires, photos, articles de fond propos\u00e9s par le R\u00e9seau Mesure. C&#039;est gratuit et r\u00e9serv\u00e9 aux adh\u00e9rents.\" \/>\n<meta name=\"robots\" content=\"index, follow, max-snippet:-1, max-image-preview:large, max-video-preview:-1\" \/>\n<link rel=\"canonical\" href=\"https:\/\/www.reseau-mesure.com\/de\/ressources-documentaires\/\" \/>\n<meta property=\"og:locale\" content=\"de_DE\" \/>\n<meta property=\"og:type\" content=\"article\" \/>\n<meta property=\"og:title\" content=\"Ressources documentaires : informez vous avec nous - R\u00e9seau Mesure\" \/>\n<meta property=\"og:description\" content=\"Retrouvez les ressources documentaires, photos, articles de fond propos\u00e9s par le R\u00e9seau Mesure. C&#039;est gratuit et r\u00e9serv\u00e9 aux adh\u00e9rents.\" \/>\n<meta property=\"og:url\" content=\"https:\/\/www.reseau-mesure.com\/de\/ressources-documentaires\/\" \/>\n<meta property=\"og:site_name\" content=\"R\u00e9seau Mesure\" \/>\n<meta property=\"article:publisher\" content=\"https:\/\/www.facebook.com\/reseaumesure\/\" \/>\n<meta property=\"article:modified_time\" content=\"2026-02-11T10:34:38+00:00\" \/>\n<meta property=\"og:image\" content=\"https:\/\/www.reseau-mesure.com\/wp-content\/uploads\/2025\/06\/Enquete-Reseau-Mesure-resume-web_Page_01-300x212.jpg\" \/>\n<meta name=\"twitter:card\" content=\"summary_large_image\" \/>\n<meta name=\"twitter:site\" content=\"@ReseauMesure\" \/>\n<meta name=\"twitter:label1\" content=\"Gesch\u00e4tzte Lesezeit\" \/>\n\t<meta name=\"twitter:data1\" content=\"1\u00a0Minute\" \/>\n<script type=\"application\/ld+json\" class=\"yoast-schema-graph\">{\"@context\":\"https:\\\/\\\/schema.org\",\"@graph\":[{\"@type\":\"WebPage\",\"@id\":\"https:\\\/\\\/www.reseau-mesure.com\\\/ressources-documentaires\\\/\",\"url\":\"https:\\\/\\\/www.reseau-mesure.com\\\/ressources-documentaires\\\/\",\"name\":\"Ressources documentaires : informez vous avec nous - R\u00e9seau Mesure\",\"isPartOf\":{\"@id\":\"https:\\\/\\\/www.reseau-mesure.com\\\/#website\"},\"primaryImageOfPage\":{\"@id\":\"https:\\\/\\\/www.reseau-mesure.com\\\/ressources-documentaires\\\/#primaryimage\"},\"image\":{\"@id\":\"https:\\\/\\\/www.reseau-mesure.com\\\/ressources-documentaires\\\/#primaryimage\"},\"thumbnailUrl\":\"https:\\\/\\\/www.reseau-mesure.com\\\/wp-content\\\/uploads\\\/2025\\\/06\\\/Enquete-Reseau-Mesure-resume-web_Page_01-300x212.jpg\",\"datePublished\":\"2018-06-28T08:53:52+00:00\",\"dateModified\":\"2026-02-11T10:34:38+00:00\",\"description\":\"Retrouvez les ressources documentaires, photos, articles de fond propos\u00e9s par le R\u00e9seau Mesure. C'est gratuit et r\u00e9serv\u00e9 aux adh\u00e9rents.\",\"breadcrumb\":{\"@id\":\"https:\\\/\\\/www.reseau-mesure.com\\\/ressources-documentaires\\\/#breadcrumb\"},\"inLanguage\":\"de\",\"potentialAction\":[{\"@type\":\"ReadAction\",\"target\":[\"https:\\\/\\\/www.reseau-mesure.com\\\/ressources-documentaires\\\/\"]}]},{\"@type\":\"ImageObject\",\"inLanguage\":\"de\",\"@id\":\"https:\\\/\\\/www.reseau-mesure.com\\\/ressources-documentaires\\\/#primaryimage\",\"url\":\"https:\\\/\\\/www.reseau-mesure.com\\\/wp-content\\\/uploads\\\/2025\\\/06\\\/Enquete-Reseau-Mesure-resume-web_Page_01-300x212.jpg\",\"contentUrl\":\"https:\\\/\\\/www.reseau-mesure.com\\\/wp-content\\\/uploads\\\/2025\\\/06\\\/Enquete-Reseau-Mesure-resume-web_Page_01-300x212.jpg\"},{\"@type\":\"BreadcrumbList\",\"@id\":\"https:\\\/\\\/www.reseau-mesure.com\\\/ressources-documentaires\\\/#breadcrumb\",\"itemListElement\":[{\"@type\":\"ListItem\",\"position\":1,\"name\":\"Accueil\",\"item\":\"https:\\\/\\\/www.reseau-mesure.com\\\/\"},{\"@type\":\"ListItem\",\"position\":2,\"name\":\"Ressources documentaires : informez vous avec nous\"}]},{\"@type\":\"WebSite\",\"@id\":\"https:\\\/\\\/www.reseau-mesure.com\\\/#website\",\"url\":\"https:\\\/\\\/www.reseau-mesure.com\\\/\",\"name\":\"R\u00e9seau-Mesure\",\"description\":\"R\u00e9seau Mesure\",\"publisher\":{\"@id\":\"https:\\\/\\\/www.reseau-mesure.com\\\/#organization\"},\"potentialAction\":[{\"@type\":\"SearchAction\",\"target\":{\"@type\":\"EntryPoint\",\"urlTemplate\":\"https:\\\/\\\/www.reseau-mesure.com\\\/?s={search_term_string}\"},\"query-input\":{\"@type\":\"PropertyValueSpecification\",\"valueRequired\":true,\"valueName\":\"search_term_string\"}}],\"inLanguage\":\"de\"},{\"@type\":\"Organization\",\"@id\":\"https:\\\/\\\/www.reseau-mesure.com\\\/#organization\",\"name\":\"R\u00e9seau-Mesure\",\"url\":\"https:\\\/\\\/www.reseau-mesure.com\\\/\",\"logo\":{\"@type\":\"ImageObject\",\"inLanguage\":\"de\",\"@id\":\"https:\\\/\\\/www.reseau-mesure.com\\\/#\\\/schema\\\/logo\\\/image\\\/\",\"url\":\"https:\\\/\\\/www.reseau-mesure.com\\\/wp-content\\\/uploads\\\/2018\\\/02\\\/logo-max.png\",\"contentUrl\":\"https:\\\/\\\/www.reseau-mesure.com\\\/wp-content\\\/uploads\\\/2018\\\/02\\\/logo-max.png\",\"width\":545,\"height\":285,\"caption\":\"R\u00e9seau-Mesure\"},\"image\":{\"@id\":\"https:\\\/\\\/www.reseau-mesure.com\\\/#\\\/schema\\\/logo\\\/image\\\/\"},\"sameAs\":[\"https:\\\/\\\/www.facebook.com\\\/reseaumesure\\\/\",\"https:\\\/\\\/x.com\\\/ReseauMesure\",\"https:\\\/\\\/www.linkedin.com\\\/company\\\/reseau-mesure\\\/\"]}]}<\/script>\n<!-- \/ Yoast SEO plugin. -->","yoast_head_json":{"title":"Ressources documentaires : informez vous avec nous - R\u00e9seau Mesure","description":"Retrouvez les ressources documentaires, photos, articles de fond propos\u00e9s par le R\u00e9seau Mesure. C'est gratuit et r\u00e9serv\u00e9 aux adh\u00e9rents.","robots":{"index":"index","follow":"follow","max-snippet":"max-snippet:-1","max-image-preview":"max-image-preview:large","max-video-preview":"max-video-preview:-1"},"canonical":"https:\/\/www.reseau-mesure.com\/de\/ressources-documentaires\/","og_locale":"de_DE","og_type":"article","og_title":"Ressources documentaires : informez vous avec nous - R\u00e9seau Mesure","og_description":"Retrouvez les ressources documentaires, photos, articles de fond propos\u00e9s par le R\u00e9seau Mesure. C'est gratuit et r\u00e9serv\u00e9 aux adh\u00e9rents.","og_url":"https:\/\/www.reseau-mesure.com\/de\/ressources-documentaires\/","og_site_name":"R\u00e9seau Mesure","article_publisher":"https:\/\/www.facebook.com\/reseaumesure\/","article_modified_time":"2026-02-11T10:34:38+00:00","og_image":[{"url":"https:\/\/www.reseau-mesure.com\/wp-content\/uploads\/2025\/06\/Enquete-Reseau-Mesure-resume-web_Page_01-300x212.jpg","type":"","width":"","height":""}],"twitter_card":"summary_large_image","twitter_site":"@ReseauMesure","twitter_misc":{"Gesch\u00e4tzte Lesezeit":"1\u00a0Minute"},"schema":{"@context":"https:\/\/schema.org","@graph":[{"@type":"WebPage","@id":"https:\/\/www.reseau-mesure.com\/ressources-documentaires\/","url":"https:\/\/www.reseau-mesure.com\/ressources-documentaires\/","name":"Ressources documentaires : informez vous avec nous - R\u00e9seau Mesure","isPartOf":{"@id":"https:\/\/www.reseau-mesure.com\/#website"},"primaryImageOfPage":{"@id":"https:\/\/www.reseau-mesure.com\/ressources-documentaires\/#primaryimage"},"image":{"@id":"https:\/\/www.reseau-mesure.com\/ressources-documentaires\/#primaryimage"},"thumbnailUrl":"https:\/\/www.reseau-mesure.com\/wp-content\/uploads\/2025\/06\/Enquete-Reseau-Mesure-resume-web_Page_01-300x212.jpg","datePublished":"2018-06-28T08:53:52+00:00","dateModified":"2026-02-11T10:34:38+00:00","description":"Retrouvez les ressources documentaires, photos, articles de fond propos\u00e9s par le R\u00e9seau Mesure. C'est gratuit et r\u00e9serv\u00e9 aux adh\u00e9rents.","breadcrumb":{"@id":"https:\/\/www.reseau-mesure.com\/ressources-documentaires\/#breadcrumb"},"inLanguage":"de","potentialAction":[{"@type":"ReadAction","target":["https:\/\/www.reseau-mesure.com\/ressources-documentaires\/"]}]},{"@type":"ImageObject","inLanguage":"de","@id":"https:\/\/www.reseau-mesure.com\/ressources-documentaires\/#primaryimage","url":"https:\/\/www.reseau-mesure.com\/wp-content\/uploads\/2025\/06\/Enquete-Reseau-Mesure-resume-web_Page_01-300x212.jpg","contentUrl":"https:\/\/www.reseau-mesure.com\/wp-content\/uploads\/2025\/06\/Enquete-Reseau-Mesure-resume-web_Page_01-300x212.jpg"},{"@type":"BreadcrumbList","@id":"https:\/\/www.reseau-mesure.com\/ressources-documentaires\/#breadcrumb","itemListElement":[{"@type":"ListItem","position":1,"name":"Accueil","item":"https:\/\/www.reseau-mesure.com\/"},{"@type":"ListItem","position":2,"name":"Ressources documentaires : informez vous avec nous"}]},{"@type":"WebSite","@id":"https:\/\/www.reseau-mesure.com\/#website","url":"https:\/\/www.reseau-mesure.com\/","name":"Netzwerk-Messung","description":"Netzwerkma\u00dfnahme","publisher":{"@id":"https:\/\/www.reseau-mesure.com\/#organization"},"potentialAction":[{"@type":"SearchAction","target":{"@type":"EntryPoint","urlTemplate":"https:\/\/www.reseau-mesure.com\/?s={search_term_string}"},"query-input":{"@type":"PropertyValueSpecification","valueRequired":true,"valueName":"search_term_string"}}],"inLanguage":"de"},{"@type":"Organization","@id":"https:\/\/www.reseau-mesure.com\/#organization","name":"Netzwerk-Messung","url":"https:\/\/www.reseau-mesure.com\/","logo":{"@type":"ImageObject","inLanguage":"de","@id":"https:\/\/www.reseau-mesure.com\/#\/schema\/logo\/image\/","url":"https:\/\/www.reseau-mesure.com\/wp-content\/uploads\/2018\/02\/logo-max.png","contentUrl":"https:\/\/www.reseau-mesure.com\/wp-content\/uploads\/2018\/02\/logo-max.png","width":545,"height":285,"caption":"R\u00e9seau-Mesure"},"image":{"@id":"https:\/\/www.reseau-mesure.com\/#\/schema\/logo\/image\/"},"sameAs":["https:\/\/www.facebook.com\/reseaumesure\/","https:\/\/x.com\/ReseauMesure","https:\/\/www.linkedin.com\/company\/reseau-mesure\/"]}]}},"_links":{"self":[{"href":"https:\/\/www.reseau-mesure.com\/de\/wp-json\/wp\/v2\/pages\/2829","targetHints":{"allow":["GET"]}}],"collection":[{"href":"https:\/\/www.reseau-mesure.com\/de\/wp-json\/wp\/v2\/pages"}],"about":[{"href":"https:\/\/www.reseau-mesure.com\/de\/wp-json\/wp\/v2\/types\/page"}],"author":[{"embeddable":true,"href":"https:\/\/www.reseau-mesure.com\/de\/wp-json\/wp\/v2\/users\/685"}],"replies":[{"embeddable":true,"href":"https:\/\/www.reseau-mesure.com\/de\/wp-json\/wp\/v2\/comments?post=2829"}],"version-history":[{"count":1,"href":"https:\/\/www.reseau-mesure.com\/de\/wp-json\/wp\/v2\/pages\/2829\/revisions"}],"predecessor-version":[{"id":29802,"href":"https:\/\/www.reseau-mesure.com\/de\/wp-json\/wp\/v2\/pages\/2829\/revisions\/29802"}],"wp:attachment":[{"href":"https:\/\/www.reseau-mesure.com\/de\/wp-json\/wp\/v2\/media?parent=2829"}],"curies":[{"name":"wp","href":"https:\/\/api.w.org\/{rel}","templated":true}]}}