{"id":2867,"date":"2018-07-05T16:54:07","date_gmt":"2018-07-05T14:54:07","guid":{"rendered":"http:\/\/www.reseau-mesure.com\/?page_id=2867"},"modified":"2019-03-18T10:38:34","modified_gmt":"2019-03-18T09:38:34","slug":"la-mesure-et-la-precision","status":"publish","type":"page","link":"https:\/\/www.reseau-mesure.com\/de\/la-mesure-et-la-precision\/","title":{"rendered":"Messung und Pr\u00e4zision"},"content":{"rendered":"<h1 >\n\t\t\t\tVersuchen wir, genau zu sein<br \/>\n\t\t\tMessung und Pr\u00e4zision<br \/>\n\t\t<\/h1>\n<p>Wortschatz, Definition und erhaltene Ideen<\/p>\n<p>&nbsp;<\/p>\n<h1>Messung und Pr\u00e4zision.<\/h1>\n<h2>Ist Ihr Ger\u00e4t korrekt? Wie genau ist Ihr Ger\u00e4t?<\/h2>\n<p>Diese beiden Fragen und ihre Variationen werden regelm\u00e4\u00dfig gestellt. Pr\u00e4zision scheint der heilige Gral der Messung zu sein.<\/p>\n<p><img loading=\"lazy\" decoding=\"async\" src=\"https:\/\/www.reseau-mesure.com\/wp-content\/uploads\/2018\/07\/I-Grande-60143-metre-ruban-couture-multicolore-150-cm.net_-300x300.jpg\" alt=\"La mesure \" width=\"300\" height=\"300\" \/><\/p>\n<p>Bevor Sie antworten, ob ein Ger\u00e4t genau ist, ist es sinnvoller, die Genauigkeit zu pr\u00fcfen.<\/p>\n<p>Das Larousse-W\u00f6rterbuch gibt folgende Definition: Gesamtqualit\u00e4t einer Messung oder eines Instruments, das bei mehrmaliger Wiederholung derselben Messung nahezu das gleiche Ergebnis liefern kann.<\/p>\n<p>In der Zwischenzeit gibt das VIM (International Vocabulary of Metrology) die folgende Erkl\u00e4rung zum Fehlen des Begriffs Pr\u00e4zision in seinem Dokument:<\/p>\n<p>Der franz\u00f6sische Begriff &quot;Pr\u00e4zision&quot; wurde in der Vergangenheit verwendet, um so viele verschiedene Begriffe auszudr\u00fccken, dass die Autoren der 3. Auflage des VIM es vorzogen, ihn nicht zu verwenden, um Missverst\u00e4ndnisse zu vermeiden, und den Begriff &quot;Fidelity of Measurement&quot; w\u00e4hlten.<\/p>\n<p>Es scheint also ein Problem mit diesem Wort zu geben. In der gemeinsamen Sprache bezeichnet der Begriff \u201ePr\u00e4zision\u201c oder \u201ePr\u00e4zision\u201c der Messung einen Apparat, der einen korrekten, guten Wert liefert, der f\u00fcr die Realit\u00e4t repr\u00e4sentativ ist.<\/p>\n<p>In der Sprache der Messexperten sollte der Begriff Pr\u00e4zision verboten werden, wie der Name des B\u00f6sewichts in Harry Potter, den ich hier nicht zu schreiben wage.<\/p>\n<p>&nbsp;<\/p>\n<h2>Aber gibt es dann ein genaues Messger\u00e4t?<\/h2>\n<p>Ja ! und das sicher. Aus dem einfachen Grund, dass der Kunde dies kaufen m\u00f6chte. Es liegt in der Verantwortung von Messfachleuten, den Kunden in die Verwendung der richtigen Sprache einzuweisen und zu schulen. Aber zuerst muss man verstehen, dass der Kunde ihn \u201espezifizieren\u201c muss, was genau f\u00fcr ihn bedeutet. Ist es Wiederholbarkeit? ist es eine geringe Messunsicherheit? etc.<\/p>\n<p>Die Mitglieder des Messnetzwerks sind die perfekten Gespr\u00e4chspartner, um Ihre Fragen zu beantworten, Ihnen zuzuh\u00f6ren, Sie zu f\u00fchren und Ihnen dieses ber\u00fchmte pr\u00e4zise Instrument zur Verf\u00fcgung zu stellen.<\/p>\n<p>Wir k\u00f6nnten hier \u00fcber Kalibrierungs-, Konformit\u00e4ts-, &quot;Kalibrierungs-&quot; und andere Zertifikate sprechen, da diese einen Teil der Pr\u00e4zision der Ger\u00e4te definieren und von den Kunden sehr h\u00e4ufig verlangt werden. Da das Thema jedoch komplex ist, lade ich Sie ein, bald wiederzukommen, um dieses Thema zu entdecken.<\/p>\n<p>Ich hoffe, dieser Artikel hilft Ihnen dabei, die Messung besser zu verstehen und genau genug zu sein.<\/p>\n<p>&nbsp;<\/p>\n<p>&nbsp;<\/p>\n<p>&nbsp;<\/p>\n<p>\t\t\t<a href=\"https:\/\/www.reseau-mesure.com\/de\/ressources-documentaires\/\" target=\"_self\" role=\"button\"><br \/>\n\t\t\t\t\t\t\tZur\u00fcck zu den Dokumentationsressourcen<br \/>\n\t\t\t\t\t<\/a><\/p>","protected":false},"excerpt":{"rendered":"<p>Versuchen wir, pr\u00e4zise zu sein. Messung und Pr\u00e4zision Wortschatz, Definition und erhaltene Ideen Messung und Pr\u00e4zision. Ist Ihr Ger\u00e4t korrekt? Wie genau ist Ihr Ger\u00e4t? Diese beiden Fragen und ihre Variationen werden regelm\u00e4\u00dfig gestellt. Pr\u00e4zision scheint der heilige Gral der Messung zu sein. Bevor Sie wissen ...<\/p>","protected":false},"author":685,"featured_media":0,"parent":0,"menu_order":0,"comment_status":"closed","ping_status":"closed","template":"","meta":{"_acf_changed":false,"footnotes":""},"class_list":["post-2867","page","type-page","status-publish","hentry"],"acf":[],"yoast_head":"<!-- This site is optimized with the Yoast SEO plugin v27.4 - https:\/\/yoast.com\/product\/yoast-seo-wordpress\/ -->\n<title>La mesure et la pr\u00e9cision - R\u00e9seau Mesure<\/title>\n<meta name=\"description\" content=\"La pr\u00e9cision dans la mesure est un mot \u00e0 utiliser avec beaucoup de tact. Venez apprendre en vous amusant ce que veux dire pr\u00e9cision.\" \/>\n<meta name=\"robots\" content=\"index, follow, max-snippet:-1, max-image-preview:large, max-video-preview:-1\" \/>\n<link rel=\"canonical\" href=\"https:\/\/www.reseau-mesure.com\/de\/la-mesure-et-la-precision\/\" \/>\n<meta property=\"og:locale\" content=\"de_DE\" \/>\n<meta property=\"og:type\" content=\"article\" \/>\n<meta property=\"og:title\" content=\"La mesure et la pr\u00e9cision - R\u00e9seau Mesure\" \/>\n<meta property=\"og:description\" content=\"La pr\u00e9cision dans la mesure est un mot \u00e0 utiliser avec beaucoup de tact. Venez apprendre en vous amusant ce que veux dire pr\u00e9cision.\" \/>\n<meta property=\"og:url\" content=\"https:\/\/www.reseau-mesure.com\/de\/la-mesure-et-la-precision\/\" \/>\n<meta property=\"og:site_name\" content=\"R\u00e9seau Mesure\" \/>\n<meta property=\"article:publisher\" content=\"https:\/\/www.facebook.com\/reseaumesure\/\" \/>\n<meta property=\"article:modified_time\" content=\"2019-03-18T09:38:34+00:00\" \/>\n<meta property=\"og:image\" content=\"https:\/\/www.reseau-mesure.com\/wp-content\/uploads\/2018\/07\/I-Grande-60143-metre-ruban-couture-multicolore-150-cm.net_-300x300.jpg\" \/>\n<meta name=\"twitter:card\" content=\"summary_large_image\" \/>\n<meta name=\"twitter:site\" content=\"@ReseauMesure\" \/>\n<meta name=\"twitter:label1\" content=\"Gesch\u00e4tzte Lesezeit\" \/>\n\t<meta name=\"twitter:data1\" content=\"2\u00a0Minuten\" \/>\n<script type=\"application\/ld+json\" class=\"yoast-schema-graph\">{\"@context\":\"https:\\\/\\\/schema.org\",\"@graph\":[{\"@type\":\"WebPage\",\"@id\":\"https:\\\/\\\/www.reseau-mesure.com\\\/de\\\/la-mesure-et-la-precision\\\/\",\"url\":\"https:\\\/\\\/www.reseau-mesure.com\\\/de\\\/la-mesure-et-la-precision\\\/\",\"name\":\"La mesure et la pr\u00e9cision - R\u00e9seau Mesure\",\"isPartOf\":{\"@id\":\"https:\\\/\\\/www.reseau-mesure.com\\\/#website\"},\"primaryImageOfPage\":{\"@id\":\"https:\\\/\\\/www.reseau-mesure.com\\\/de\\\/la-mesure-et-la-precision\\\/#primaryimage\"},\"image\":{\"@id\":\"https:\\\/\\\/www.reseau-mesure.com\\\/de\\\/la-mesure-et-la-precision\\\/#primaryimage\"},\"thumbnailUrl\":\"https:\\\/\\\/www.reseau-mesure.com\\\/wp-content\\\/uploads\\\/2018\\\/07\\\/I-Grande-60143-metre-ruban-couture-multicolore-150-cm.net_-300x300.jpg\",\"datePublished\":\"2018-07-05T14:54:07+00:00\",\"dateModified\":\"2019-03-18T09:38:34+00:00\",\"description\":\"La pr\u00e9cision dans la mesure est un mot \u00e0 utiliser avec beaucoup de tact. Venez apprendre en vous amusant ce que veux dire pr\u00e9cision.\",\"breadcrumb\":{\"@id\":\"https:\\\/\\\/www.reseau-mesure.com\\\/de\\\/la-mesure-et-la-precision\\\/#breadcrumb\"},\"inLanguage\":\"de\",\"potentialAction\":[{\"@type\":\"ReadAction\",\"target\":[\"https:\\\/\\\/www.reseau-mesure.com\\\/de\\\/la-mesure-et-la-precision\\\/\"]}]},{\"@type\":\"ImageObject\",\"inLanguage\":\"de\",\"@id\":\"https:\\\/\\\/www.reseau-mesure.com\\\/de\\\/la-mesure-et-la-precision\\\/#primaryimage\",\"url\":\"https:\\\/\\\/www.reseau-mesure.com\\\/wp-content\\\/uploads\\\/2018\\\/07\\\/I-Grande-60143-metre-ruban-couture-multicolore-150-cm.net_-300x300.jpg\",\"contentUrl\":\"https:\\\/\\\/www.reseau-mesure.com\\\/wp-content\\\/uploads\\\/2018\\\/07\\\/I-Grande-60143-metre-ruban-couture-multicolore-150-cm.net_-300x300.jpg\"},{\"@type\":\"BreadcrumbList\",\"@id\":\"https:\\\/\\\/www.reseau-mesure.com\\\/de\\\/la-mesure-et-la-precision\\\/#breadcrumb\",\"itemListElement\":[{\"@type\":\"ListItem\",\"position\":1,\"name\":\"Accueil\",\"item\":\"https:\\\/\\\/www.reseau-mesure.com\\\/\"},{\"@type\":\"ListItem\",\"position\":2,\"name\":\"La mesure et la pr\u00e9cision\"}]},{\"@type\":\"WebSite\",\"@id\":\"https:\\\/\\\/www.reseau-mesure.com\\\/#website\",\"url\":\"https:\\\/\\\/www.reseau-mesure.com\\\/\",\"name\":\"R\u00e9seau-Mesure\",\"description\":\"R\u00e9seau Mesure\",\"publisher\":{\"@id\":\"https:\\\/\\\/www.reseau-mesure.com\\\/#organization\"},\"potentialAction\":[{\"@type\":\"SearchAction\",\"target\":{\"@type\":\"EntryPoint\",\"urlTemplate\":\"https:\\\/\\\/www.reseau-mesure.com\\\/?s={search_term_string}\"},\"query-input\":{\"@type\":\"PropertyValueSpecification\",\"valueRequired\":true,\"valueName\":\"search_term_string\"}}],\"inLanguage\":\"de\"},{\"@type\":\"Organization\",\"@id\":\"https:\\\/\\\/www.reseau-mesure.com\\\/#organization\",\"name\":\"R\u00e9seau-Mesure\",\"url\":\"https:\\\/\\\/www.reseau-mesure.com\\\/\",\"logo\":{\"@type\":\"ImageObject\",\"inLanguage\":\"de\",\"@id\":\"https:\\\/\\\/www.reseau-mesure.com\\\/#\\\/schema\\\/logo\\\/image\\\/\",\"url\":\"https:\\\/\\\/www.reseau-mesure.com\\\/wp-content\\\/uploads\\\/2018\\\/02\\\/logo-max.png\",\"contentUrl\":\"https:\\\/\\\/www.reseau-mesure.com\\\/wp-content\\\/uploads\\\/2018\\\/02\\\/logo-max.png\",\"width\":545,\"height\":285,\"caption\":\"R\u00e9seau-Mesure\"},\"image\":{\"@id\":\"https:\\\/\\\/www.reseau-mesure.com\\\/#\\\/schema\\\/logo\\\/image\\\/\"},\"sameAs\":[\"https:\\\/\\\/www.facebook.com\\\/reseaumesure\\\/\",\"https:\\\/\\\/x.com\\\/ReseauMesure\",\"https:\\\/\\\/www.linkedin.com\\\/company\\\/reseau-mesure\\\/\"]}]}<\/script>\n<!-- \/ Yoast SEO plugin. -->","yoast_head_json":{"title":"La mesure et la pr\u00e9cision - R\u00e9seau Mesure","description":"La pr\u00e9cision dans la mesure est un mot \u00e0 utiliser avec beaucoup de tact. Venez apprendre en vous amusant ce que veux dire pr\u00e9cision.","robots":{"index":"index","follow":"follow","max-snippet":"max-snippet:-1","max-image-preview":"max-image-preview:large","max-video-preview":"max-video-preview:-1"},"canonical":"https:\/\/www.reseau-mesure.com\/de\/la-mesure-et-la-precision\/","og_locale":"de_DE","og_type":"article","og_title":"La mesure et la pr\u00e9cision - R\u00e9seau Mesure","og_description":"La pr\u00e9cision dans la mesure est un mot \u00e0 utiliser avec beaucoup de tact. Venez apprendre en vous amusant ce que veux dire pr\u00e9cision.","og_url":"https:\/\/www.reseau-mesure.com\/de\/la-mesure-et-la-precision\/","og_site_name":"R\u00e9seau Mesure","article_publisher":"https:\/\/www.facebook.com\/reseaumesure\/","article_modified_time":"2019-03-18T09:38:34+00:00","og_image":[{"url":"https:\/\/www.reseau-mesure.com\/wp-content\/uploads\/2018\/07\/I-Grande-60143-metre-ruban-couture-multicolore-150-cm.net_-300x300.jpg","type":"","width":"","height":""}],"twitter_card":"summary_large_image","twitter_site":"@ReseauMesure","twitter_misc":{"Gesch\u00e4tzte Lesezeit":"2\u00a0Minuten"},"schema":{"@context":"https:\/\/schema.org","@graph":[{"@type":"WebPage","@id":"https:\/\/www.reseau-mesure.com\/de\/la-mesure-et-la-precision\/","url":"https:\/\/www.reseau-mesure.com\/de\/la-mesure-et-la-precision\/","name":"La mesure et la pr\u00e9cision - R\u00e9seau Mesure","isPartOf":{"@id":"https:\/\/www.reseau-mesure.com\/#website"},"primaryImageOfPage":{"@id":"https:\/\/www.reseau-mesure.com\/de\/la-mesure-et-la-precision\/#primaryimage"},"image":{"@id":"https:\/\/www.reseau-mesure.com\/de\/la-mesure-et-la-precision\/#primaryimage"},"thumbnailUrl":"https:\/\/www.reseau-mesure.com\/wp-content\/uploads\/2018\/07\/I-Grande-60143-metre-ruban-couture-multicolore-150-cm.net_-300x300.jpg","datePublished":"2018-07-05T14:54:07+00:00","dateModified":"2019-03-18T09:38:34+00:00","description":"La pr\u00e9cision dans la mesure est un mot \u00e0 utiliser avec beaucoup de tact. Venez apprendre en vous amusant ce que veux dire pr\u00e9cision.","breadcrumb":{"@id":"https:\/\/www.reseau-mesure.com\/de\/la-mesure-et-la-precision\/#breadcrumb"},"inLanguage":"de","potentialAction":[{"@type":"ReadAction","target":["https:\/\/www.reseau-mesure.com\/de\/la-mesure-et-la-precision\/"]}]},{"@type":"ImageObject","inLanguage":"de","@id":"https:\/\/www.reseau-mesure.com\/de\/la-mesure-et-la-precision\/#primaryimage","url":"https:\/\/www.reseau-mesure.com\/wp-content\/uploads\/2018\/07\/I-Grande-60143-metre-ruban-couture-multicolore-150-cm.net_-300x300.jpg","contentUrl":"https:\/\/www.reseau-mesure.com\/wp-content\/uploads\/2018\/07\/I-Grande-60143-metre-ruban-couture-multicolore-150-cm.net_-300x300.jpg"},{"@type":"BreadcrumbList","@id":"https:\/\/www.reseau-mesure.com\/de\/la-mesure-et-la-precision\/#breadcrumb","itemListElement":[{"@type":"ListItem","position":1,"name":"Accueil","item":"https:\/\/www.reseau-mesure.com\/"},{"@type":"ListItem","position":2,"name":"La mesure et la pr\u00e9cision"}]},{"@type":"WebSite","@id":"https:\/\/www.reseau-mesure.com\/#website","url":"https:\/\/www.reseau-mesure.com\/","name":"Netzwerk-Messung","description":"Netzwerkma\u00dfnahme","publisher":{"@id":"https:\/\/www.reseau-mesure.com\/#organization"},"potentialAction":[{"@type":"SearchAction","target":{"@type":"EntryPoint","urlTemplate":"https:\/\/www.reseau-mesure.com\/?s={search_term_string}"},"query-input":{"@type":"PropertyValueSpecification","valueRequired":true,"valueName":"search_term_string"}}],"inLanguage":"de"},{"@type":"Organization","@id":"https:\/\/www.reseau-mesure.com\/#organization","name":"Netzwerk-Messung","url":"https:\/\/www.reseau-mesure.com\/","logo":{"@type":"ImageObject","inLanguage":"de","@id":"https:\/\/www.reseau-mesure.com\/#\/schema\/logo\/image\/","url":"https:\/\/www.reseau-mesure.com\/wp-content\/uploads\/2018\/02\/logo-max.png","contentUrl":"https:\/\/www.reseau-mesure.com\/wp-content\/uploads\/2018\/02\/logo-max.png","width":545,"height":285,"caption":"R\u00e9seau-Mesure"},"image":{"@id":"https:\/\/www.reseau-mesure.com\/#\/schema\/logo\/image\/"},"sameAs":["https:\/\/www.facebook.com\/reseaumesure\/","https:\/\/x.com\/ReseauMesure","https:\/\/www.linkedin.com\/company\/reseau-mesure\/"]}]}},"_links":{"self":[{"href":"https:\/\/www.reseau-mesure.com\/de\/wp-json\/wp\/v2\/pages\/2867","targetHints":{"allow":["GET"]}}],"collection":[{"href":"https:\/\/www.reseau-mesure.com\/de\/wp-json\/wp\/v2\/pages"}],"about":[{"href":"https:\/\/www.reseau-mesure.com\/de\/wp-json\/wp\/v2\/types\/page"}],"author":[{"embeddable":true,"href":"https:\/\/www.reseau-mesure.com\/de\/wp-json\/wp\/v2\/users\/685"}],"replies":[{"embeddable":true,"href":"https:\/\/www.reseau-mesure.com\/de\/wp-json\/wp\/v2\/comments?post=2867"}],"version-history":[{"count":0,"href":"https:\/\/www.reseau-mesure.com\/de\/wp-json\/wp\/v2\/pages\/2867\/revisions"}],"wp:attachment":[{"href":"https:\/\/www.reseau-mesure.com\/de\/wp-json\/wp\/v2\/media?parent=2867"}],"curies":[{"name":"wp","href":"https:\/\/api.w.org\/{rel}","templated":true}]}}