{"id":2875,"date":"2018-07-05T17:10:45","date_gmt":"2018-07-05T15:10:45","guid":{"rendered":"http:\/\/www.reseau-mesure.com\/?page_id=2875"},"modified":"2020-06-15T16:36:54","modified_gmt":"2020-06-15T14:36:54","slug":"le-reseau-mesure","status":"publish","type":"page","link":"https:\/\/www.reseau-mesure.com\/de\/le-reseau-mesure\/","title":{"rendered":"Das Messnetzwerk"},"content":{"rendered":"<h1 >\n\t\t\tDas Messnetzwerk Ein Netzwerk, das Sie unterst\u00fctzt\n\t\t<\/h1>\n\t<p>Von Mitgliedern und f\u00fcr Mitglieder<\/p>\n\t<h1>Measurement Network - ein Netzwerk von Unternehmen, das Sie unterst\u00fctzt<\/h1>\n<p>&nbsp;<\/p>\n<p>Ein Teil eines Unternehmensnetzwerks zu sein, bringt viele Vorteile f\u00fcr die Entwicklung eines Unternehmens. Das Messnetzwerk arbeitet seit mehr als 15 Jahren an der Entwicklung seiner Mitgliedsunternehmen.<\/p>\n<h2>Wer ist das Messnetzwerk?<\/h2>\n<h2><img loading=\"lazy\" decoding=\"async\" src=\"https:\/\/www.reseau-mesure.com\/wp-content\/uploads\/2018\/02\/logo-qui-sommes-nous.png\" alt=\"\" width=\"500\" height=\"263\" \/><\/h2>\n<h2><\/h2>\n<p>Das 2002 gegr\u00fcndete professionelle Netzwerk Measurement Network ist eine Vereinigung von Unternehmen, die sich auf den Bereich der Messung spezialisiert haben. Synergie,<\/p>\n<p>Freundlichkeit und gegenseitige Unterst\u00fctzung sind die Werte, die dieses Unternehmensnetzwerk definieren.<\/p>\n<p>Das von Mitgliedern f\u00fcr Mitglieder erstellte Messnetzwerk lebt dank der Beteiligung seiner Mitglieder. Dieser auf das Gebiet der Messung spezialisierte Verein ist in der Lage, die Bed\u00fcrfnisse seiner Mitglieder zu verstehen und ihnen angepasste L\u00f6sungen anzubieten.<\/p>\n<p>Mit mehr als 150 Mitgliedern bietet dieses professionelle Netzwerk Mitgliedsunternehmen die M\u00f6glichkeit, Ma\u00dfnahmen vorzuschlagen. Diese Aktionen k\u00f6nnen dann vom Netzwerk in einem kollektiven Rahmen umgesetzt werden.<\/p>\n<h2>Die Aktionen des Unternehmensnetzwerks.<\/h2>\n<p><img loading=\"lazy\" decoding=\"async\" src=\"https:\/\/www.reseau-mesure.com\/wp-content\/uploads\/2018\/01\/iceberg-reseau-mesure-HD.jpg\" alt=\"iceberg reseau mesure\" width=\"421\" height=\"371\" \/><\/p>\n<p>Eine der St\u00e4rken dieses Unternehmensnetzwerks besteht darin, dass Sie Ihre Sichtbarkeit und Leistung zu geringeren Kosten verbessern k\u00f6nnen:<\/p>\n<p>&nbsp;<\/p>\n<ul>\n<li>Durch die Teilnahme an Ausstellungen, die vom Netzwerk selbst organisiert werden oder nicht. Das Measurement Network bot insbesondere die Messe Mesure Solution Expo 2018 an, die am 28. und 29. M\u00e4rz 2018 in Lyon stattfand (Link zur Ausstellungsseite). Die n\u00e4chste Ausgabe der Mesure Solution Expo findet am 14. und 15. Oktober 2020 in Lyon statt.<\/li>\n<li>Durch Kommunikationsm\u00f6glichkeiten \u00fcber ihre Presse- und Webpartnerschaften.<\/li>\n<li>Durch die Organisation von Informations- und Schulungsma\u00dfnahmen:<\/li>\n<li>Umsetzung der DSGVO-Vorschriften<\/li>\n<li>Webtraining: Schreiben im Web, Google AdWords<\/li>\n<li>Durch Entwicklungs- und Wettbewerbsf\u00e4higkeitshilfe:<\/li>\n<li>Optimierung des CGV (Allgemeine Verkaufsbedingungen)<\/li>\n<li>Reduzierte Kosten dank gepoolter Eink\u00e4ufe<\/li>\n<li>Stellenausschreibung und Platz f\u00fcr die Einreichung von Lebensl\u00e4ufen<\/li>\n<\/ul>\n<p><a href=\"https:\/\/www.reseau-mesure.com\/de\/actions-2\/\">Hier finden Sie alle Aktionen des Messnetzwerks<\/a><\/p>\n<h2>Warum mitmachen?<\/h2>\n<p>Greifen Sie auf all diese Vorteile zu, indem Sie Mitglied des Vereins R\u00e9seau Mesure werden. Der Beitritt zu diesem Unternehmensnetzwerk ist eine Hilfe f\u00fcr KMU, sehr kleine Unternehmen und gro\u00dfe Unternehmen. Es bietet Aktionen und Tools, die die Entwicklung dieser zu reduzierten Kosten f\u00f6rdern.<\/p>\n<p>Der Verein stellt auch eine soziale Verbindung zwischen den vielen Mitgliedsunternehmen her und erleichtert den Austausch zwischen Gleichaltrigen. Durch den Beitritt zum Messnetzwerk k\u00f6nnen Sie von der St\u00e4rke eines Unternehmensnetzwerks profitieren und Ihr eigenes Netzwerk aufbauen.<\/p>\n<p>Das Messnetzwerk ist eine Informationsquelle f\u00fcr Messprofis.<\/p>\n<p><a href=\"https:\/\/www.reseau-mesure.com\/de\/comment-adherer\/\">Treten Sie dem Messnetzwerk bei<\/a><\/p>\n<style><\/style>\n<p>&nbsp;<\/p>\n<p>&nbsp;<\/p>\n\t\t\t<a href=\"https:\/\/www.reseau-mesure.com\/de\/ressources-documentaires\/\" target=\"_self\" role=\"button\" rel=\"noopener noreferrer\">\n\t\t\t\t\t\t\tZur\u00fcck zu den Dokumentationsressourcen\n\t\t\t\t\t<\/a>","protected":false},"excerpt":{"rendered":"<p>Das Messnetzwerk Ein Netzwerk, das Sie unterst\u00fctzt Von Mitgliedern und f\u00fcr Mitglieder R\u00e9seau Mesure - ein Netzwerk von Unternehmen, das Sie unterst\u00fctzt Ein Teil eines Unternehmensnetzwerks zu sein, bringt viele Vorteile f\u00fcr die Entwicklung eines Unternehmens. Das Messnetzwerk arbeitet seit mehr als 15 Jahren an der Entwicklung seiner Mitgliedsunternehmen. Wer ist\u2026<\/p>","protected":false},"author":685,"featured_media":0,"parent":0,"menu_order":0,"comment_status":"closed","ping_status":"closed","template":"","meta":{"_acf_changed":false,"footnotes":""},"class_list":["post-2875","page","type-page","status-publish","hentry"],"acf":[],"yoast_head":"<!-- This site is optimized with the Yoast SEO plugin v27.4 - https:\/\/yoast.com\/product\/yoast-seo-wordpress\/ -->\n<title>Le R\u00e9seau Mesure - R\u00e9seau Mesure<\/title>\n<meta name=\"description\" content=\"Le R\u00e9seau Mesure est le rassemblement des professionel de la mesure. Dans cette article venez comprendre les motivations et l&#039;essence du R\u00e9seau Mesure.\" \/>\n<meta name=\"robots\" content=\"index, follow, max-snippet:-1, max-image-preview:large, max-video-preview:-1\" \/>\n<link rel=\"canonical\" href=\"https:\/\/www.reseau-mesure.com\/de\/le-reseau-mesure\/\" \/>\n<meta property=\"og:locale\" content=\"de_DE\" \/>\n<meta property=\"og:type\" content=\"article\" \/>\n<meta property=\"og:title\" content=\"Le R\u00e9seau Mesure - R\u00e9seau Mesure\" \/>\n<meta property=\"og:description\" content=\"Le R\u00e9seau Mesure est le rassemblement des professionel de la mesure. Dans cette article venez comprendre les motivations et l&#039;essence du R\u00e9seau Mesure.\" \/>\n<meta property=\"og:url\" content=\"https:\/\/www.reseau-mesure.com\/de\/le-reseau-mesure\/\" \/>\n<meta property=\"og:site_name\" content=\"R\u00e9seau Mesure\" \/>\n<meta property=\"article:publisher\" content=\"https:\/\/www.facebook.com\/reseaumesure\/\" \/>\n<meta property=\"article:modified_time\" content=\"2020-06-15T14:36:54+00:00\" \/>\n<meta property=\"og:image\" content=\"https:\/\/www.reseau-mesure.com\/wp-content\/uploads\/2018\/02\/logo-qui-sommes-nous.png\" \/>\n<meta name=\"twitter:card\" content=\"summary_large_image\" \/>\n<meta name=\"twitter:site\" content=\"@ReseauMesure\" \/>\n<meta name=\"twitter:label1\" content=\"Gesch\u00e4tzte Lesezeit\" \/>\n\t<meta name=\"twitter:data1\" content=\"3\u00a0Minuten\" \/>\n<script type=\"application\/ld+json\" class=\"yoast-schema-graph\">{\"@context\":\"https:\\\/\\\/schema.org\",\"@graph\":[{\"@type\":\"WebPage\",\"@id\":\"https:\\\/\\\/www.reseau-mesure.com\\\/le-reseau-mesure\\\/\",\"url\":\"https:\\\/\\\/www.reseau-mesure.com\\\/le-reseau-mesure\\\/\",\"name\":\"Le R\u00e9seau Mesure - R\u00e9seau Mesure\",\"isPartOf\":{\"@id\":\"https:\\\/\\\/www.reseau-mesure.com\\\/#website\"},\"primaryImageOfPage\":{\"@id\":\"https:\\\/\\\/www.reseau-mesure.com\\\/le-reseau-mesure\\\/#primaryimage\"},\"image\":{\"@id\":\"https:\\\/\\\/www.reseau-mesure.com\\\/le-reseau-mesure\\\/#primaryimage\"},\"thumbnailUrl\":\"https:\\\/\\\/www.reseau-mesure.com\\\/wp-content\\\/uploads\\\/2018\\\/02\\\/logo-qui-sommes-nous.png\",\"datePublished\":\"2018-07-05T15:10:45+00:00\",\"dateModified\":\"2020-06-15T14:36:54+00:00\",\"description\":\"Le R\u00e9seau Mesure est le rassemblement des professionel de la mesure. Dans cette article venez comprendre les motivations et l'essence du R\u00e9seau Mesure.\",\"breadcrumb\":{\"@id\":\"https:\\\/\\\/www.reseau-mesure.com\\\/le-reseau-mesure\\\/#breadcrumb\"},\"inLanguage\":\"de\",\"potentialAction\":[{\"@type\":\"ReadAction\",\"target\":[\"https:\\\/\\\/www.reseau-mesure.com\\\/le-reseau-mesure\\\/\"]}]},{\"@type\":\"ImageObject\",\"inLanguage\":\"de\",\"@id\":\"https:\\\/\\\/www.reseau-mesure.com\\\/le-reseau-mesure\\\/#primaryimage\",\"url\":\"https:\\\/\\\/www.reseau-mesure.com\\\/wp-content\\\/uploads\\\/2018\\\/02\\\/logo-qui-sommes-nous.png\",\"contentUrl\":\"https:\\\/\\\/www.reseau-mesure.com\\\/wp-content\\\/uploads\\\/2018\\\/02\\\/logo-qui-sommes-nous.png\"},{\"@type\":\"BreadcrumbList\",\"@id\":\"https:\\\/\\\/www.reseau-mesure.com\\\/le-reseau-mesure\\\/#breadcrumb\",\"itemListElement\":[{\"@type\":\"ListItem\",\"position\":1,\"name\":\"Accueil\",\"item\":\"https:\\\/\\\/www.reseau-mesure.com\\\/\"},{\"@type\":\"ListItem\",\"position\":2,\"name\":\"Le R\u00e9seau Mesure\"}]},{\"@type\":\"WebSite\",\"@id\":\"https:\\\/\\\/www.reseau-mesure.com\\\/#website\",\"url\":\"https:\\\/\\\/www.reseau-mesure.com\\\/\",\"name\":\"R\u00e9seau-Mesure\",\"description\":\"R\u00e9seau Mesure\",\"publisher\":{\"@id\":\"https:\\\/\\\/www.reseau-mesure.com\\\/#organization\"},\"potentialAction\":[{\"@type\":\"SearchAction\",\"target\":{\"@type\":\"EntryPoint\",\"urlTemplate\":\"https:\\\/\\\/www.reseau-mesure.com\\\/?s={search_term_string}\"},\"query-input\":{\"@type\":\"PropertyValueSpecification\",\"valueRequired\":true,\"valueName\":\"search_term_string\"}}],\"inLanguage\":\"de\"},{\"@type\":\"Organization\",\"@id\":\"https:\\\/\\\/www.reseau-mesure.com\\\/#organization\",\"name\":\"R\u00e9seau-Mesure\",\"url\":\"https:\\\/\\\/www.reseau-mesure.com\\\/\",\"logo\":{\"@type\":\"ImageObject\",\"inLanguage\":\"de\",\"@id\":\"https:\\\/\\\/www.reseau-mesure.com\\\/#\\\/schema\\\/logo\\\/image\\\/\",\"url\":\"https:\\\/\\\/www.reseau-mesure.com\\\/wp-content\\\/uploads\\\/2018\\\/02\\\/logo-max.png\",\"contentUrl\":\"https:\\\/\\\/www.reseau-mesure.com\\\/wp-content\\\/uploads\\\/2018\\\/02\\\/logo-max.png\",\"width\":545,\"height\":285,\"caption\":\"R\u00e9seau-Mesure\"},\"image\":{\"@id\":\"https:\\\/\\\/www.reseau-mesure.com\\\/#\\\/schema\\\/logo\\\/image\\\/\"},\"sameAs\":[\"https:\\\/\\\/www.facebook.com\\\/reseaumesure\\\/\",\"https:\\\/\\\/x.com\\\/ReseauMesure\",\"https:\\\/\\\/www.linkedin.com\\\/company\\\/reseau-mesure\\\/\"]}]}<\/script>\n<!-- \/ Yoast SEO plugin. -->","yoast_head_json":{"title":"Le R\u00e9seau Mesure - R\u00e9seau Mesure","description":"Le R\u00e9seau Mesure est le rassemblement des professionel de la mesure. Dans cette article venez comprendre les motivations et l'essence du R\u00e9seau Mesure.","robots":{"index":"index","follow":"follow","max-snippet":"max-snippet:-1","max-image-preview":"max-image-preview:large","max-video-preview":"max-video-preview:-1"},"canonical":"https:\/\/www.reseau-mesure.com\/de\/le-reseau-mesure\/","og_locale":"de_DE","og_type":"article","og_title":"Le R\u00e9seau Mesure - R\u00e9seau Mesure","og_description":"Le R\u00e9seau Mesure est le rassemblement des professionel de la mesure. Dans cette article venez comprendre les motivations et l'essence du R\u00e9seau Mesure.","og_url":"https:\/\/www.reseau-mesure.com\/de\/le-reseau-mesure\/","og_site_name":"R\u00e9seau Mesure","article_publisher":"https:\/\/www.facebook.com\/reseaumesure\/","article_modified_time":"2020-06-15T14:36:54+00:00","og_image":[{"url":"https:\/\/www.reseau-mesure.com\/wp-content\/uploads\/2018\/02\/logo-qui-sommes-nous.png","type":"","width":"","height":""}],"twitter_card":"summary_large_image","twitter_site":"@ReseauMesure","twitter_misc":{"Gesch\u00e4tzte Lesezeit":"3\u00a0Minuten"},"schema":{"@context":"https:\/\/schema.org","@graph":[{"@type":"WebPage","@id":"https:\/\/www.reseau-mesure.com\/le-reseau-mesure\/","url":"https:\/\/www.reseau-mesure.com\/le-reseau-mesure\/","name":"Le R\u00e9seau Mesure - R\u00e9seau Mesure","isPartOf":{"@id":"https:\/\/www.reseau-mesure.com\/#website"},"primaryImageOfPage":{"@id":"https:\/\/www.reseau-mesure.com\/le-reseau-mesure\/#primaryimage"},"image":{"@id":"https:\/\/www.reseau-mesure.com\/le-reseau-mesure\/#primaryimage"},"thumbnailUrl":"https:\/\/www.reseau-mesure.com\/wp-content\/uploads\/2018\/02\/logo-qui-sommes-nous.png","datePublished":"2018-07-05T15:10:45+00:00","dateModified":"2020-06-15T14:36:54+00:00","description":"Le R\u00e9seau Mesure est le rassemblement des professionel de la mesure. Dans cette article venez comprendre les motivations et l'essence du R\u00e9seau Mesure.","breadcrumb":{"@id":"https:\/\/www.reseau-mesure.com\/le-reseau-mesure\/#breadcrumb"},"inLanguage":"de","potentialAction":[{"@type":"ReadAction","target":["https:\/\/www.reseau-mesure.com\/le-reseau-mesure\/"]}]},{"@type":"ImageObject","inLanguage":"de","@id":"https:\/\/www.reseau-mesure.com\/le-reseau-mesure\/#primaryimage","url":"https:\/\/www.reseau-mesure.com\/wp-content\/uploads\/2018\/02\/logo-qui-sommes-nous.png","contentUrl":"https:\/\/www.reseau-mesure.com\/wp-content\/uploads\/2018\/02\/logo-qui-sommes-nous.png"},{"@type":"BreadcrumbList","@id":"https:\/\/www.reseau-mesure.com\/le-reseau-mesure\/#breadcrumb","itemListElement":[{"@type":"ListItem","position":1,"name":"Accueil","item":"https:\/\/www.reseau-mesure.com\/"},{"@type":"ListItem","position":2,"name":"Le R\u00e9seau Mesure"}]},{"@type":"WebSite","@id":"https:\/\/www.reseau-mesure.com\/#website","url":"https:\/\/www.reseau-mesure.com\/","name":"Netzwerk-Messung","description":"Netzwerkma\u00dfnahme","publisher":{"@id":"https:\/\/www.reseau-mesure.com\/#organization"},"potentialAction":[{"@type":"SearchAction","target":{"@type":"EntryPoint","urlTemplate":"https:\/\/www.reseau-mesure.com\/?s={search_term_string}"},"query-input":{"@type":"PropertyValueSpecification","valueRequired":true,"valueName":"search_term_string"}}],"inLanguage":"de"},{"@type":"Organization","@id":"https:\/\/www.reseau-mesure.com\/#organization","name":"Netzwerk-Messung","url":"https:\/\/www.reseau-mesure.com\/","logo":{"@type":"ImageObject","inLanguage":"de","@id":"https:\/\/www.reseau-mesure.com\/#\/schema\/logo\/image\/","url":"https:\/\/www.reseau-mesure.com\/wp-content\/uploads\/2018\/02\/logo-max.png","contentUrl":"https:\/\/www.reseau-mesure.com\/wp-content\/uploads\/2018\/02\/logo-max.png","width":545,"height":285,"caption":"R\u00e9seau-Mesure"},"image":{"@id":"https:\/\/www.reseau-mesure.com\/#\/schema\/logo\/image\/"},"sameAs":["https:\/\/www.facebook.com\/reseaumesure\/","https:\/\/x.com\/ReseauMesure","https:\/\/www.linkedin.com\/company\/reseau-mesure\/"]}]}},"_links":{"self":[{"href":"https:\/\/www.reseau-mesure.com\/de\/wp-json\/wp\/v2\/pages\/2875","targetHints":{"allow":["GET"]}}],"collection":[{"href":"https:\/\/www.reseau-mesure.com\/de\/wp-json\/wp\/v2\/pages"}],"about":[{"href":"https:\/\/www.reseau-mesure.com\/de\/wp-json\/wp\/v2\/types\/page"}],"author":[{"embeddable":true,"href":"https:\/\/www.reseau-mesure.com\/de\/wp-json\/wp\/v2\/users\/685"}],"replies":[{"embeddable":true,"href":"https:\/\/www.reseau-mesure.com\/de\/wp-json\/wp\/v2\/comments?post=2875"}],"version-history":[{"count":0,"href":"https:\/\/www.reseau-mesure.com\/de\/wp-json\/wp\/v2\/pages\/2875\/revisions"}],"wp:attachment":[{"href":"https:\/\/www.reseau-mesure.com\/de\/wp-json\/wp\/v2\/media?parent=2875"}],"curies":[{"name":"wp","href":"https:\/\/api.w.org\/{rel}","templated":true}]}}