{"id":2892,"date":"2018-07-05T18:00:36","date_gmt":"2018-07-05T16:00:36","guid":{"rendered":"http:\/\/www.reseau-mesure.com\/?page_id=2892"},"modified":"2019-02-06T22:13:08","modified_gmt":"2019-02-06T21:13:08","slug":"comite-dentreprise","status":"publish","type":"page","link":"https:\/\/www.reseau-mesure.com\/de\/comite-dentreprise\/","title":{"rendered":"Ein Betriebsrat f\u00fcr alle"},"content":{"rendered":"<p>&nbsp;<\/p>\n<h1>Ein Arbeitsrat f\u00fcr alle<br \/>\nf\u00fcr VSEs und KMU<\/h1>\n<p>Wir erz\u00e4hlen dir alles<\/p>\n<p>&nbsp;<\/p>\n<h1>VSEs und KMU nutzen die Vorteile eines (fast) CE<img loading=\"lazy\" decoding=\"async\" src=\"..\/wp-content\/uploads\/2018\/07\/bienvenue_au_ce.png\" alt=\"\" width=\"444\" height=\"314\" \/><\/h1>\n<p>&nbsp;<\/p>\n<p>Was f\u00fcr eine Ungerechtigkeit, all diese Menschen von erm\u00e4\u00dfigten Eintrittskarten f\u00fcr Vergn\u00fcgungsparks wie Disneyland Paris, Parc Ast\u00e9rix oder Beauval Zoo profitieren zu sehen.<\/p>\n<p>Warum k\u00f6nnen Sie, die so viel arbeiten wie die Mitarbeiter gro\u00dfer Unternehmen, nicht \u00e4hnliche Vorteile genie\u00dfen?<\/p>\n<h2>Denk nochmal !<\/h2>\n<p>Es gibt L\u00f6sungen, Kinovorf\u00fchrungen, Rabatte in Fachgesch\u00e4ften und dauerhafte Rabatte bei Ihren bevorzugten Einzelhandelsketten.<\/p>\n<h2><img loading=\"lazy\" decoding=\"async\" src=\"..\/wp-content\/uploads\/2018\/07\/ob_86a09e_terre-small.png\" alt=\"\" width=\"498\" height=\"528\" \/>Wie ist es m\u00f6glich ?<\/h2>\n<p>Verschiedene Strukturen oder Unternehmen haben sich auf dieses Gebiet spezialisiert. Sie sind als zentrales Einkaufsorgan positioniert und erm\u00f6glichen einer Vielzahl von VSEs und KMU den Zugang zu Vorteilen, die zuvor Unternehmen mit mehr als 50 Mitarbeitern vorbehalten waren.<\/p>\n<h2>Wie funktioniert es?<\/h2>\n<p>In unserem Fall gibt es keine CE-Permanenz. Wir sind noch besser. Dank eines Online-Kontos bestellen Sie oder profitieren direkt von Ihren Vorteilen.<\/p>\n<p>Erm\u00e4\u00dfigungen f\u00fcr Sie von Ihrem B\u00fcro oder von zu Hause aus: Ski, Restaurants, Reisen, Aufenthalte.<\/p>\n<h2>Die Erfahrung vermittelt Mitarbeiter - vom Messnetzwerk:<\/h2>\n<p>Der Place des salari\u00e9es ist ein wichtiger Partner f\u00fcr die Mitglieder des Messnetzwerks. Es wurde aufgrund seiner Ernsthaftigkeit und offensichtlich aufgrund der angebotenen Angebote ausgew\u00e4hlt. Der Platz der Mitarbeiter wird von einer anderen Abteilung gesichert, diesmal f\u00fcr den Kauf von Verbrauchsmaterialien, Ausr\u00fcstung und Dienstleistungen f\u00fcr Ihr Unternehmen. Dieser Service hei\u00dft Haxon\u00e9o und ist eine der S\u00e4ulen der Einkaufsgruppen des Messnetzwerks.<\/p>\n<h2>Warum nicht du?<\/h2>\n<p>&nbsp;<\/p>\n<p>Nutzen Sie dieses Angebot, indem Sie Mitglied des Messnetzwerks werden<a href=\"..\/comment-adherer\/\"> (indem Sie hier klicken)<\/a> und abonnieren Sie diesen Vorteil, der Mitgliedern vorbehalten ist, zu einem ganz besonderen Preis.<\/p>\n<p>Wenn Sie von den Vorteilen des Messnetzwerks noch nicht vollst\u00e4ndig \u00fcberzeugt sind, werden wir Ihnen in einem zuk\u00fcnftigen Artikel weitere Vorteile des Messnetzwerks vorstellen.<\/p>\n<p>&nbsp;<\/p>\n<p>&nbsp;<\/p>\n<p>&nbsp;<\/p>\n<p>&nbsp;<\/p>\n<p>&nbsp;<\/p>\n<p><a role=\"button\" href=\"https:\/\/www.reseau-mesure.com\/de\/ressources-documentaires\/\" target=\"_self\"><br \/>\nZur\u00fcck zu den Dokumentationsressourcen<br \/>\n<\/a><\/p>\n<p>&nbsp;<\/p>","protected":false},"excerpt":{"rendered":"<p>&nbsp; Ein Betriebsrat f\u00fcr alle f\u00fcr VSEs und KMU Wir sagen Ihnen, dass alle VSEs und KMU Zugang zu den Vorteilen eines (fast) CE haben. Was f\u00fcr eine Ungerechtigkeit, wenn all diese Menschen von erm\u00e4\u00dfigten Eintrittskarten f\u00fcr Vergn\u00fcgungsparks wie Disneyland Paris profitieren. Parc Asterix oder Beauval Zoo. Warum du wer ...<\/p>","protected":false},"author":685,"featured_media":0,"parent":0,"menu_order":0,"comment_status":"closed","ping_status":"closed","template":"","meta":{"_acf_changed":false,"footnotes":""},"class_list":["post-2892","page","type-page","status-publish","hentry"],"acf":[],"yoast_head":"<!-- This site is optimized with the Yoast SEO plugin v27.4 - https:\/\/yoast.com\/product\/yoast-seo-wordpress\/ -->\n<title>Un comit\u00e9 d&#039;entreprise pour tous - R\u00e9seau Mesure<\/title>\n<meta name=\"description\" content=\"Un comit\u00e9 d&#039;entreprise est un avantage important pour les salari\u00e9s et une mani\u00e8re pour le dirigeant de r\u00e9compenser le personnel.\" \/>\n<meta name=\"robots\" content=\"index, follow, max-snippet:-1, max-image-preview:large, max-video-preview:-1\" \/>\n<link rel=\"canonical\" href=\"http:\/\/www.reseau-mesure.com\/de\/comite-dentreprise\/\" \/>\n<meta property=\"og:locale\" content=\"de_DE\" \/>\n<meta property=\"og:type\" content=\"article\" \/>\n<meta property=\"og:title\" content=\"Un comit\u00e9 d&#039;entreprise pour tous - R\u00e9seau Mesure\" \/>\n<meta property=\"og:description\" content=\"Un comit\u00e9 d&#039;entreprise est un avantage important pour les salari\u00e9s et une mani\u00e8re pour le dirigeant de r\u00e9compenser le personnel.\" \/>\n<meta property=\"og:url\" content=\"http:\/\/www.reseau-mesure.com\/de\/comite-dentreprise\/\" \/>\n<meta property=\"og:site_name\" content=\"R\u00e9seau Mesure\" \/>\n<meta property=\"article:publisher\" content=\"https:\/\/www.facebook.com\/reseaumesure\/\" \/>\n<meta property=\"article:modified_time\" content=\"2019-02-06T21:13:08+00:00\" \/>\n<meta property=\"og:image\" content=\"http:\/\/..\/wp-content\/uploads\/2018\/07\/bienvenue_au_ce.png\" \/>\n<meta name=\"twitter:card\" content=\"summary_large_image\" \/>\n<meta name=\"twitter:site\" content=\"@ReseauMesure\" \/>\n<meta name=\"twitter:label1\" content=\"Gesch\u00e4tzte Lesezeit\" \/>\n\t<meta name=\"twitter:data1\" content=\"2\u00a0Minuten\" \/>\n<script type=\"application\/ld+json\" class=\"yoast-schema-graph\">{\"@context\":\"https:\\\/\\\/schema.org\",\"@graph\":[{\"@type\":\"WebPage\",\"@id\":\"http:\\\/\\\/www.reseau-mesure.com\\\/en\\\/comite-dentreprise\\\/\",\"url\":\"http:\\\/\\\/www.reseau-mesure.com\\\/en\\\/comite-dentreprise\\\/\",\"name\":\"Un comit\u00e9 d'entreprise pour tous - R\u00e9seau Mesure\",\"isPartOf\":{\"@id\":\"https:\\\/\\\/www.reseau-mesure.com\\\/#website\"},\"datePublished\":\"2018-07-05T16:00:36+00:00\",\"dateModified\":\"2019-02-06T21:13:08+00:00\",\"description\":\"Un comit\u00e9 d'entreprise est un avantage important pour les salari\u00e9s et une mani\u00e8re pour le dirigeant de r\u00e9compenser le personnel.\",\"breadcrumb\":{\"@id\":\"http:\\\/\\\/www.reseau-mesure.com\\\/en\\\/comite-dentreprise\\\/#breadcrumb\"},\"inLanguage\":\"de\",\"potentialAction\":[{\"@type\":\"ReadAction\",\"target\":[\"http:\\\/\\\/www.reseau-mesure.com\\\/en\\\/comite-dentreprise\\\/\"]}]},{\"@type\":\"BreadcrumbList\",\"@id\":\"http:\\\/\\\/www.reseau-mesure.com\\\/en\\\/comite-dentreprise\\\/#breadcrumb\",\"itemListElement\":[{\"@type\":\"ListItem\",\"position\":1,\"name\":\"Accueil\",\"item\":\"https:\\\/\\\/www.reseau-mesure.com\\\/\"},{\"@type\":\"ListItem\",\"position\":2,\"name\":\"Un comit\u00e9 d&rsquo;entreprise pour tous\"}]},{\"@type\":\"WebSite\",\"@id\":\"https:\\\/\\\/www.reseau-mesure.com\\\/#website\",\"url\":\"https:\\\/\\\/www.reseau-mesure.com\\\/\",\"name\":\"R\u00e9seau-Mesure\",\"description\":\"R\u00e9seau Mesure\",\"publisher\":{\"@id\":\"https:\\\/\\\/www.reseau-mesure.com\\\/#organization\"},\"potentialAction\":[{\"@type\":\"SearchAction\",\"target\":{\"@type\":\"EntryPoint\",\"urlTemplate\":\"https:\\\/\\\/www.reseau-mesure.com\\\/?s={search_term_string}\"},\"query-input\":{\"@type\":\"PropertyValueSpecification\",\"valueRequired\":true,\"valueName\":\"search_term_string\"}}],\"inLanguage\":\"de\"},{\"@type\":\"Organization\",\"@id\":\"https:\\\/\\\/www.reseau-mesure.com\\\/#organization\",\"name\":\"R\u00e9seau-Mesure\",\"url\":\"https:\\\/\\\/www.reseau-mesure.com\\\/\",\"logo\":{\"@type\":\"ImageObject\",\"inLanguage\":\"de\",\"@id\":\"https:\\\/\\\/www.reseau-mesure.com\\\/#\\\/schema\\\/logo\\\/image\\\/\",\"url\":\"https:\\\/\\\/www.reseau-mesure.com\\\/wp-content\\\/uploads\\\/2018\\\/02\\\/logo-max.png\",\"contentUrl\":\"https:\\\/\\\/www.reseau-mesure.com\\\/wp-content\\\/uploads\\\/2018\\\/02\\\/logo-max.png\",\"width\":545,\"height\":285,\"caption\":\"R\u00e9seau-Mesure\"},\"image\":{\"@id\":\"https:\\\/\\\/www.reseau-mesure.com\\\/#\\\/schema\\\/logo\\\/image\\\/\"},\"sameAs\":[\"https:\\\/\\\/www.facebook.com\\\/reseaumesure\\\/\",\"https:\\\/\\\/x.com\\\/ReseauMesure\",\"https:\\\/\\\/www.linkedin.com\\\/company\\\/reseau-mesure\\\/\"]}]}<\/script>\n<!-- \/ Yoast SEO plugin. -->","yoast_head_json":{"title":"Un comit\u00e9 d'entreprise pour tous - R\u00e9seau Mesure","description":"Un comit\u00e9 d'entreprise est un avantage important pour les salari\u00e9s et une mani\u00e8re pour le dirigeant de r\u00e9compenser le personnel.","robots":{"index":"index","follow":"follow","max-snippet":"max-snippet:-1","max-image-preview":"max-image-preview:large","max-video-preview":"max-video-preview:-1"},"canonical":"http:\/\/www.reseau-mesure.com\/de\/comite-dentreprise\/","og_locale":"de_DE","og_type":"article","og_title":"Un comit\u00e9 d'entreprise pour tous - R\u00e9seau Mesure","og_description":"Un comit\u00e9 d'entreprise est un avantage important pour les salari\u00e9s et une mani\u00e8re pour le dirigeant de r\u00e9compenser le personnel.","og_url":"http:\/\/www.reseau-mesure.com\/de\/comite-dentreprise\/","og_site_name":"R\u00e9seau Mesure","article_publisher":"https:\/\/www.facebook.com\/reseaumesure\/","article_modified_time":"2019-02-06T21:13:08+00:00","og_image":[{"url":"..\/wp-content\/uploads\/2018\/07\/bienvenue_au_ce.png","type":"","width":"","height":""}],"twitter_card":"summary_large_image","twitter_site":"@ReseauMesure","twitter_misc":{"Gesch\u00e4tzte Lesezeit":"2\u00a0Minuten"},"schema":{"@context":"https:\/\/schema.org","@graph":[{"@type":"WebPage","@id":"http:\/\/www.reseau-mesure.com\/en\/comite-dentreprise\/","url":"http:\/\/www.reseau-mesure.com\/en\/comite-dentreprise\/","name":"Un comit\u00e9 d'entreprise pour tous - R\u00e9seau Mesure","isPartOf":{"@id":"https:\/\/www.reseau-mesure.com\/#website"},"datePublished":"2018-07-05T16:00:36+00:00","dateModified":"2019-02-06T21:13:08+00:00","description":"Un comit\u00e9 d'entreprise est un avantage important pour les salari\u00e9s et une mani\u00e8re pour le dirigeant de r\u00e9compenser le personnel.","breadcrumb":{"@id":"http:\/\/www.reseau-mesure.com\/en\/comite-dentreprise\/#breadcrumb"},"inLanguage":"de","potentialAction":[{"@type":"ReadAction","target":["http:\/\/www.reseau-mesure.com\/en\/comite-dentreprise\/"]}]},{"@type":"BreadcrumbList","@id":"http:\/\/www.reseau-mesure.com\/en\/comite-dentreprise\/#breadcrumb","itemListElement":[{"@type":"ListItem","position":1,"name":"Accueil","item":"https:\/\/www.reseau-mesure.com\/"},{"@type":"ListItem","position":2,"name":"Un comit\u00e9 d&rsquo;entreprise pour tous"}]},{"@type":"WebSite","@id":"https:\/\/www.reseau-mesure.com\/#website","url":"https:\/\/www.reseau-mesure.com\/","name":"Netzwerk-Messung","description":"Netzwerkma\u00dfnahme","publisher":{"@id":"https:\/\/www.reseau-mesure.com\/#organization"},"potentialAction":[{"@type":"SearchAction","target":{"@type":"EntryPoint","urlTemplate":"https:\/\/www.reseau-mesure.com\/?s={search_term_string}"},"query-input":{"@type":"PropertyValueSpecification","valueRequired":true,"valueName":"search_term_string"}}],"inLanguage":"de"},{"@type":"Organization","@id":"https:\/\/www.reseau-mesure.com\/#organization","name":"Netzwerk-Messung","url":"https:\/\/www.reseau-mesure.com\/","logo":{"@type":"ImageObject","inLanguage":"de","@id":"https:\/\/www.reseau-mesure.com\/#\/schema\/logo\/image\/","url":"https:\/\/www.reseau-mesure.com\/wp-content\/uploads\/2018\/02\/logo-max.png","contentUrl":"https:\/\/www.reseau-mesure.com\/wp-content\/uploads\/2018\/02\/logo-max.png","width":545,"height":285,"caption":"R\u00e9seau-Mesure"},"image":{"@id":"https:\/\/www.reseau-mesure.com\/#\/schema\/logo\/image\/"},"sameAs":["https:\/\/www.facebook.com\/reseaumesure\/","https:\/\/x.com\/ReseauMesure","https:\/\/www.linkedin.com\/company\/reseau-mesure\/"]}]}},"_links":{"self":[{"href":"https:\/\/www.reseau-mesure.com\/de\/wp-json\/wp\/v2\/pages\/2892","targetHints":{"allow":["GET"]}}],"collection":[{"href":"https:\/\/www.reseau-mesure.com\/de\/wp-json\/wp\/v2\/pages"}],"about":[{"href":"https:\/\/www.reseau-mesure.com\/de\/wp-json\/wp\/v2\/types\/page"}],"author":[{"embeddable":true,"href":"https:\/\/www.reseau-mesure.com\/de\/wp-json\/wp\/v2\/users\/685"}],"replies":[{"embeddable":true,"href":"https:\/\/www.reseau-mesure.com\/de\/wp-json\/wp\/v2\/comments?post=2892"}],"version-history":[{"count":0,"href":"https:\/\/www.reseau-mesure.com\/de\/wp-json\/wp\/v2\/pages\/2892\/revisions"}],"wp:attachment":[{"href":"https:\/\/www.reseau-mesure.com\/de\/wp-json\/wp\/v2\/media?parent=2892"}],"curies":[{"name":"wp","href":"https:\/\/api.w.org\/{rel}","templated":true}]}}