{"id":2898,"date":"2018-07-05T18:10:01","date_gmt":"2018-07-05T16:10:01","guid":{"rendered":"http:\/\/www.reseau-mesure.com\/?page_id=2898"},"modified":"2020-12-14T11:51:55","modified_gmt":"2020-12-14T10:51:55","slug":"salons-professionnels","status":"publish","type":"page","link":"https:\/\/www.reseau-mesure.com\/de\/salons-professionnels\/","title":{"rendered":"Fachmessen"},"content":{"rendered":"&nbsp;\r\n<h1>Messen Comme Mesure Solution Expo<\/h1>\r\nim Jahr 2020\r\n\r\n&nbsp;\r\n<h1>Fachmessen<\/h1>\r\n<h2>Warum an einer Messe teilnehmen?<\/h2>\r\nIn einem Umfeld, in dem die Entwicklung seines Dienstes oder seine Bekanntheit auf vielf\u00e4ltige Weise erfolgen kann, gibt es eine Veranstaltung, die sich seit vielen Jahren bew\u00e4hrt hat und die weiterhin besteht, die Messe.\r\n<h2>\u00a0Was ist eine Messe?<\/h2>\r\nEine Messe ist ein thematisches Ereignis. Es bringt im Glauben zusammen\r\n<h2><img loading=\"lazy\" decoding=\"async\" src=\"..\/wp-content\/uploads\/2018\/07\/index.jpg\" alt=\"\" width=\"259\" height=\"194\" \/><\/h2>\r\ns-Fachleute und Kunden und erm\u00f6glicht so den direkten Kontakt zwischen Angebot und Nachfrage. Eine Messe besteht oft aus zwei Teilen, dem Ausstellungsteil, in dem Unternehmen ihre Dienstleistungen oder Produkte verkaufen, und dem Konferenzteil, in dem Fachleute ein bestimmtes Thema diskutieren.\r\n<h2>Der Tag davor<\/h2>\r\nMessen werden oft nach Themen und T\u00e4tigkeitsbereichen (Messtechnik, Immobilien, Kommunikation usw.) organisiert. Daher sind die meisten Unternehmen, die auch auf der Messe vertreten sind, Ihre Konkurrenten. Es kann daher zu einem Mittel werden, Ihren T\u00e4tigkeitsbereich im Auge zu behalten, um neue Trends in Ihrem T\u00e4tigkeitsbereich zu entdecken.\r\n<h2>\u00a0Kunden<\/h2>\r\nIn einem Salon gibt es Unternehmen, aber es gibt auch und vor allem Kunden und f\u00fcr sie geht man dorthin. Auf einer Messe entschieden sich die Kunden, hier zu sein, was die Kaufwahrscheinlichkeit hoch erh\u00f6ht (im Gegensatz zu einer Website, auf die man zuf\u00e4llig stolpert). Der Kunde entscheidet sich aus freiem Willen zur Teilnahme und ist oft anwesend, um den Kauf an einem Projekt oder einem definierten Bedarf zu t\u00e4tigen. Kunden haben die M\u00f6glichkeit, Ihre Produkte zu manipulieren oder sich mit einem Experten pers\u00f6nlich zu unterhalten. Sie f\u00fchlen sich dadurch selbstbewusster und unterst\u00fctzt, was Ihre Verkaufschancen erh\u00f6ht.\r\n<h2>Bekanntheit<\/h2>\r\nNeben kauffreudigeren Kunden sind die Kunden auf Messen auch selbstbewusster. Die Pr\u00e4senz eines Unternehmens in der Ausstellerliste ist oft ein Qualit\u00e4tsgarant f\u00fcr das Unternehmen, es ist ein Beweis f\u00fcr seine Seriosit\u00e4t und Professionalit\u00e4t. Dar\u00fcber hinaus k\u00f6nnen Sie an Ihrem Stand Ihre Visuals, Banner und Roll-ups anzeigen, um Ihr Markenimage zu steigern und Ihre Dienstleistungen zu pr\u00e4sentieren.\r\n<h2><\/h2>\r\n<h2><strong>Die Messemesse<\/strong><\/h2>\r\n<div id=\"attachment_2227\" style=\"width: 550px\" class=\"wp-caption alignright\"><img loading=\"lazy\" decoding=\"async\" aria-describedby=\"caption-attachment-2227\" src=\"..\/wp-content\/uploads\/2018\/04\/LOGO-MSE.jpg\" alt=\"Mesures Solutions Expo\" width=\"540\" height=\"264\" \/><p id=\"caption-attachment-2227\" class=\"wp-caption-text\">Measures Solutions Expo - N\u00e4chste Ausgabe im Jahr 2020 in Lyon<\/p><\/div>\r\n<h2><strong>Expo-L\u00f6sung<\/strong><\/h2>\r\nDie Measures Solution Expo ist eine Messe, auf der alle Messprofis zusammenkommen. Vorgeschlagen vom Measurement Network, der neuesten Ausgabe von <a href=\"http:\/\/www.mesures-solutions-expo.fr\">Ma\u00dfnahmen Expo-L\u00f6sungen<\/a> fand am 28. und 29. M\u00e4rz 2018 statt. Ziel ist es, Messprofis zusammenzubringen und den Besuchern so ein vielf\u00e4ltiges Angebot mit innovativen Unternehmen und Produkten zu bieten. Die n\u00e4chste Ausgabe dieser Show findet am 14. und 15. Oktober 2020 in Lyon statt.\r\n\r\n&nbsp;\r\n\r\n&nbsp;\r\n\r\n<a role=\"button\" href=\"https:\/\/www.reseau-mesure.com\/de\/ressources-documentaires\/\" target=\"_self\" rel=\"noopener noreferrer\">\r\nZur\u00fcck zu den Dokumentationsressourcen\r\n<\/a>\r\n\r\n&nbsp;","protected":false},"excerpt":{"rendered":"<p>&nbsp; Messen Comme Mesure Solution Expo im Jahr 2020 Messen Warum an einer Messe teilnehmen? In einem Umfeld, in dem die Entwicklung seines Dienstes oder seiner Bekanntheit auf vielf\u00e4ltige Weise erfolgen kann, gibt es ein Ereignis, das sich seit vielen Jahren bew\u00e4hrt hat und das ...<\/p>","protected":false},"author":685,"featured_media":0,"parent":0,"menu_order":0,"comment_status":"closed","ping_status":"closed","template":"","meta":{"_acf_changed":false,"footnotes":""},"class_list":["post-2898","page","type-page","status-publish","hentry"],"acf":[],"yoast_head":"<!-- This site is optimized with the Yoast SEO plugin v27.3 - https:\/\/yoast.com\/product\/yoast-seo-wordpress\/ -->\n<title>Les salons Professionnels - R\u00e9seau Mesure<\/title>\n<meta name=\"description\" content=\"Les salons professionnels organis\u00e9s ou non par le R\u00e9seau Mesure sont des actions fortes des adh\u00e9rents. Venez decouvrir comment et pourquoi ?\" \/>\n<meta name=\"robots\" content=\"index, follow, max-snippet:-1, max-image-preview:large, max-video-preview:-1\" \/>\n<link rel=\"canonical\" href=\"https:\/\/www.reseau-mesure.com\/de\/salons-professionnels\/\" \/>\n<meta property=\"og:locale\" content=\"de_DE\" \/>\n<meta property=\"og:type\" content=\"article\" \/>\n<meta property=\"og:title\" content=\"Les salons Professionnels - R\u00e9seau Mesure\" \/>\n<meta property=\"og:description\" content=\"Les salons professionnels organis\u00e9s ou non par le R\u00e9seau Mesure sont des actions fortes des adh\u00e9rents. Venez decouvrir comment et pourquoi ?\" \/>\n<meta property=\"og:url\" content=\"https:\/\/www.reseau-mesure.com\/de\/salons-professionnels\/\" \/>\n<meta property=\"og:site_name\" content=\"R\u00e9seau Mesure\" \/>\n<meta property=\"article:publisher\" content=\"https:\/\/www.facebook.com\/reseaumesure\/\" \/>\n<meta property=\"article:modified_time\" content=\"2020-12-14T10:51:55+00:00\" \/>\n<meta property=\"og:image\" content=\"http:\/\/..\/wp-content\/uploads\/2018\/07\/index.jpg\" \/>\n<meta name=\"twitter:card\" content=\"summary_large_image\" \/>\n<meta name=\"twitter:site\" content=\"@ReseauMesure\" \/>\n<meta name=\"twitter:label1\" content=\"Gesch\u00e4tzte Lesezeit\" \/>\n\t<meta name=\"twitter:data1\" content=\"2\u00a0Minuten\" \/>\n<script type=\"application\/ld+json\" class=\"yoast-schema-graph\">{\"@context\":\"https:\\\/\\\/schema.org\",\"@graph\":[{\"@type\":\"WebPage\",\"@id\":\"https:\\\/\\\/www.reseau-mesure.com\\\/de\\\/salons-professionnels\\\/\",\"url\":\"https:\\\/\\\/www.reseau-mesure.com\\\/de\\\/salons-professionnels\\\/\",\"name\":\"Les salons Professionnels - R\u00e9seau Mesure\",\"isPartOf\":{\"@id\":\"https:\\\/\\\/www.reseau-mesure.com\\\/#website\"},\"datePublished\":\"2018-07-05T16:10:01+00:00\",\"dateModified\":\"2020-12-14T10:51:55+00:00\",\"description\":\"Les salons professionnels organis\u00e9s ou non par le R\u00e9seau Mesure sont des actions fortes des adh\u00e9rents. Venez decouvrir comment et pourquoi ?\",\"breadcrumb\":{\"@id\":\"https:\\\/\\\/www.reseau-mesure.com\\\/de\\\/salons-professionnels\\\/#breadcrumb\"},\"inLanguage\":\"de\",\"potentialAction\":[{\"@type\":\"ReadAction\",\"target\":[\"https:\\\/\\\/www.reseau-mesure.com\\\/de\\\/salons-professionnels\\\/\"]}]},{\"@type\":\"BreadcrumbList\",\"@id\":\"https:\\\/\\\/www.reseau-mesure.com\\\/de\\\/salons-professionnels\\\/#breadcrumb\",\"itemListElement\":[{\"@type\":\"ListItem\",\"position\":1,\"name\":\"Accueil\",\"item\":\"https:\\\/\\\/www.reseau-mesure.com\\\/\"},{\"@type\":\"ListItem\",\"position\":2,\"name\":\"Les salons Professionnels\"}]},{\"@type\":\"WebSite\",\"@id\":\"https:\\\/\\\/www.reseau-mesure.com\\\/#website\",\"url\":\"https:\\\/\\\/www.reseau-mesure.com\\\/\",\"name\":\"R\u00e9seau-Mesure\",\"description\":\"R\u00e9seau Mesure\",\"publisher\":{\"@id\":\"https:\\\/\\\/www.reseau-mesure.com\\\/#organization\"},\"potentialAction\":[{\"@type\":\"SearchAction\",\"target\":{\"@type\":\"EntryPoint\",\"urlTemplate\":\"https:\\\/\\\/www.reseau-mesure.com\\\/?s={search_term_string}\"},\"query-input\":{\"@type\":\"PropertyValueSpecification\",\"valueRequired\":true,\"valueName\":\"search_term_string\"}}],\"inLanguage\":\"de\"},{\"@type\":\"Organization\",\"@id\":\"https:\\\/\\\/www.reseau-mesure.com\\\/#organization\",\"name\":\"R\u00e9seau-Mesure\",\"url\":\"https:\\\/\\\/www.reseau-mesure.com\\\/\",\"logo\":{\"@type\":\"ImageObject\",\"inLanguage\":\"de\",\"@id\":\"https:\\\/\\\/www.reseau-mesure.com\\\/#\\\/schema\\\/logo\\\/image\\\/\",\"url\":\"https:\\\/\\\/www.reseau-mesure.com\\\/wp-content\\\/uploads\\\/2018\\\/02\\\/logo-max.png\",\"contentUrl\":\"https:\\\/\\\/www.reseau-mesure.com\\\/wp-content\\\/uploads\\\/2018\\\/02\\\/logo-max.png\",\"width\":545,\"height\":285,\"caption\":\"R\u00e9seau-Mesure\"},\"image\":{\"@id\":\"https:\\\/\\\/www.reseau-mesure.com\\\/#\\\/schema\\\/logo\\\/image\\\/\"},\"sameAs\":[\"https:\\\/\\\/www.facebook.com\\\/reseaumesure\\\/\",\"https:\\\/\\\/x.com\\\/ReseauMesure\",\"https:\\\/\\\/www.linkedin.com\\\/company\\\/reseau-mesure\\\/\"]}]}<\/script>\n<!-- \/ Yoast SEO plugin. -->","yoast_head_json":{"title":"Les salons Professionnels - R\u00e9seau Mesure","description":"Les salons professionnels organis\u00e9s ou non par le R\u00e9seau Mesure sont des actions fortes des adh\u00e9rents. Venez decouvrir comment et pourquoi ?","robots":{"index":"index","follow":"follow","max-snippet":"max-snippet:-1","max-image-preview":"max-image-preview:large","max-video-preview":"max-video-preview:-1"},"canonical":"https:\/\/www.reseau-mesure.com\/de\/salons-professionnels\/","og_locale":"de_DE","og_type":"article","og_title":"Les salons Professionnels - R\u00e9seau Mesure","og_description":"Les salons professionnels organis\u00e9s ou non par le R\u00e9seau Mesure sont des actions fortes des adh\u00e9rents. Venez decouvrir comment et pourquoi ?","og_url":"https:\/\/www.reseau-mesure.com\/de\/salons-professionnels\/","og_site_name":"R\u00e9seau Mesure","article_publisher":"https:\/\/www.facebook.com\/reseaumesure\/","article_modified_time":"2020-12-14T10:51:55+00:00","og_image":[{"url":"..\/wp-content\/uploads\/2018\/07\/index.jpg","type":"","width":"","height":""}],"twitter_card":"summary_large_image","twitter_site":"@ReseauMesure","twitter_misc":{"Gesch\u00e4tzte Lesezeit":"2\u00a0Minuten"},"schema":{"@context":"https:\/\/schema.org","@graph":[{"@type":"WebPage","@id":"https:\/\/www.reseau-mesure.com\/de\/salons-professionnels\/","url":"https:\/\/www.reseau-mesure.com\/de\/salons-professionnels\/","name":"Les salons Professionnels - R\u00e9seau Mesure","isPartOf":{"@id":"https:\/\/www.reseau-mesure.com\/#website"},"datePublished":"2018-07-05T16:10:01+00:00","dateModified":"2020-12-14T10:51:55+00:00","description":"Les salons professionnels organis\u00e9s ou non par le R\u00e9seau Mesure sont des actions fortes des adh\u00e9rents. Venez decouvrir comment et pourquoi ?","breadcrumb":{"@id":"https:\/\/www.reseau-mesure.com\/de\/salons-professionnels\/#breadcrumb"},"inLanguage":"de","potentialAction":[{"@type":"ReadAction","target":["https:\/\/www.reseau-mesure.com\/de\/salons-professionnels\/"]}]},{"@type":"BreadcrumbList","@id":"https:\/\/www.reseau-mesure.com\/de\/salons-professionnels\/#breadcrumb","itemListElement":[{"@type":"ListItem","position":1,"name":"Accueil","item":"https:\/\/www.reseau-mesure.com\/"},{"@type":"ListItem","position":2,"name":"Les salons Professionnels"}]},{"@type":"WebSite","@id":"https:\/\/www.reseau-mesure.com\/#website","url":"https:\/\/www.reseau-mesure.com\/","name":"Netzwerk-Messung","description":"Netzwerkma\u00dfnahme","publisher":{"@id":"https:\/\/www.reseau-mesure.com\/#organization"},"potentialAction":[{"@type":"SearchAction","target":{"@type":"EntryPoint","urlTemplate":"https:\/\/www.reseau-mesure.com\/?s={search_term_string}"},"query-input":{"@type":"PropertyValueSpecification","valueRequired":true,"valueName":"search_term_string"}}],"inLanguage":"de"},{"@type":"Organization","@id":"https:\/\/www.reseau-mesure.com\/#organization","name":"Netzwerk-Messung","url":"https:\/\/www.reseau-mesure.com\/","logo":{"@type":"ImageObject","inLanguage":"de","@id":"https:\/\/www.reseau-mesure.com\/#\/schema\/logo\/image\/","url":"https:\/\/www.reseau-mesure.com\/wp-content\/uploads\/2018\/02\/logo-max.png","contentUrl":"https:\/\/www.reseau-mesure.com\/wp-content\/uploads\/2018\/02\/logo-max.png","width":545,"height":285,"caption":"R\u00e9seau-Mesure"},"image":{"@id":"https:\/\/www.reseau-mesure.com\/#\/schema\/logo\/image\/"},"sameAs":["https:\/\/www.facebook.com\/reseaumesure\/","https:\/\/x.com\/ReseauMesure","https:\/\/www.linkedin.com\/company\/reseau-mesure\/"]}]}},"_links":{"self":[{"href":"https:\/\/www.reseau-mesure.com\/de\/wp-json\/wp\/v2\/pages\/2898","targetHints":{"allow":["GET"]}}],"collection":[{"href":"https:\/\/www.reseau-mesure.com\/de\/wp-json\/wp\/v2\/pages"}],"about":[{"href":"https:\/\/www.reseau-mesure.com\/de\/wp-json\/wp\/v2\/types\/page"}],"author":[{"embeddable":true,"href":"https:\/\/www.reseau-mesure.com\/de\/wp-json\/wp\/v2\/users\/685"}],"replies":[{"embeddable":true,"href":"https:\/\/www.reseau-mesure.com\/de\/wp-json\/wp\/v2\/comments?post=2898"}],"version-history":[{"count":0,"href":"https:\/\/www.reseau-mesure.com\/de\/wp-json\/wp\/v2\/pages\/2898\/revisions"}],"wp:attachment":[{"href":"https:\/\/www.reseau-mesure.com\/de\/wp-json\/wp\/v2\/media?parent=2898"}],"curies":[{"name":"wp","href":"https:\/\/api.w.org\/{rel}","templated":true}]}}