{"id":2904,"date":"2018-07-05T18:29:01","date_gmt":"2018-07-05T16:29:01","guid":{"rendered":"http:\/\/www.reseau-mesure.com\/?page_id=2904"},"modified":"2019-02-06T22:12:27","modified_gmt":"2019-02-06T21:12:27","slug":"rgpd-4","status":"publish","type":"page","link":"https:\/\/www.reseau-mesure.com\/de\/rgpd-4\/","title":{"rendered":"DSGVO, Zusammenfassung der Vorschriften"},"content":{"rendered":"<p>&nbsp;<\/p>\n<h1>DSGVO<br \/>\nAllgemeine Datenschutzbestimmungen<\/h1>\n<p>Obligatorisch seit dem 25. Mai 2018<\/p>\n<p>&nbsp;<\/p>\n<p>&nbsp;<\/p>\n<h1>DSGVO: Was \u00e4ndert sich in Bezug auf personenbezogene Daten?<\/h1>\n<p><strong>Immer mehr Menschen sorgen sich um den Schutz personenbezogener Daten. Die Europ\u00e4ische Union interessiert sich sehr daf\u00fcr und hat eine <\/strong><strong>Verordnung<\/strong><strong> Dies gilt seit dem 25. Mai 2018. Der Zweck dieser Verordnung besteht darin, die Sammlung und Verarbeitung dieser Vorschriften zu regeln. Ein kurzer \u00dcberblick dar\u00fcber, was sich in Bezug auf personenbezogene Daten \u00e4ndert.<\/strong><\/p>\n<div id=\"attachment_2558\" style=\"width: 404px\" class=\"wp-caption aligncenter\"><img loading=\"lazy\" decoding=\"async\" aria-describedby=\"caption-attachment-2558\" src=\"..\/wp-content\/uploads\/2018\/06\/rgpd.png\" alt=\"Rgpd\" width=\"394\" height=\"197\" \/><p id=\"caption-attachment-2558\" class=\"wp-caption-text\">Datenschutz-Grundverordnung<\/p><\/div>\n<p><strong>\u00a0<\/strong><\/p>\n<h2>DSGVO, zu welchem Zweck?<\/h2>\n<p>Die DSGVO (Allgemeine Datenschutzverordnung) wurde im April 2016 zur Anwendung am 25. Mai 2018 gew\u00e4hlt.<\/p>\n<p>Durch diese Verordnung m\u00f6chte die Europ\u00e4ische Union den B\u00fcrgern erlauben, dies zu tun <strong>mehr Rechte \u00fcber ihre Daten<\/strong> <strong>pers\u00f6nlich.<\/strong><\/p>\n<p>Mit diesem Text soll neben dem Schutz der B\u00fcrgerdaten die Regularisierung des Datenschutzes in der Europ\u00e4ischen Union harmonisiert werden. Dieser Text ist eine Verordnung und gilt per Definition f\u00fcr alle EU-Mitgliedstaaten gleicherma\u00dfen.<\/p>\n<h2>Was sind personenbezogene Daten?<\/h2>\n<p>Daten sind Rohdaten: eine Adresse, eine Telefonnummer, ein Name, ein Vorname, eine Familiensituation, Musikgeschmack, politische Orientierung usw.<\/p>\n<p>Es wird von dem Moment an als pers\u00f6nlich angesehen, in dem es eine Person identifiziert. Durch den Vor- und Nachnamen kann eine Person identifiziert werden. Wenn Daten an eine Person angeh\u00e4ngt werden, werden sie pers\u00f6nlich. Andernfalls gelten sie als &quot;anonym&quot; und sind daher von dieser Regelung nicht betroffen. Es gibt auch &quot;sensible&quot; Daten, die andererseits umso mehr von dieser Verordnung betroffen sind: Daten \u00fcber den Gesundheitszustand einer Person, ihre ethnische Herkunft, ihre politische, gewerkschaftliche oder religi\u00f6se Ausrichtung, ihre Daten biometrisch (Fingerabdr\u00fccke, Iris, Gesicht\u2026).<\/p>\n<h2>Was \u00e4ndert sich f\u00fcr die B\u00fcrger?<\/h2>\n<p>Einzelpersonen erhalten neue Rechte hinsichtlich des Schutzes ihrer Daten.<\/p>\n<p>Erstens kann der B\u00fcrger nach allen Daten fragen, die ein Unternehmen \u00fcber ihn hat. Sobald diese Daten wiederhergestellt wurden, kann er darum bitten, die ihn betreffenden Daten zu korrigieren, wenn sie falsch oder ungenau sind. Er hat jetzt das Recht auf digitale Vergessenheit. Er kann ein Unternehmen bitten, alle Informationen \u00fcber ihn zu l\u00f6schen. Es ist dem B\u00fcrger auch m\u00f6glich, eine Plattform (soziales Netzwerk, Internetdienstanbieter, Streaming-Site usw.) aufzufordern, alle ihn betreffenden Daten auf eine andere Plattform zu \u00fcbertragen.<\/p>\n<p>Neue Rechte f\u00fcr B\u00fcrger, die den Willen dieser Verordnung zeigen <strong>St\u00e4rkung der Macht einer Person \u00fcber ihre pers\u00f6nlichen Daten.<\/strong><\/p>\n<h2>Was \u00e4ndert sich f\u00fcr Unternehmen?<\/h2>\n<p>Den B\u00fcrgern wurden neue Rechte gew\u00e4hrt, im Gegenzug wurde die Verantwortung der Organisationen gest\u00e4rkt<\/p>\n<p>F\u00fcr jeden neuen Kontakt muss das Unternehmen <strong>Zustimmung einholen <\/strong>der Person, bevor sie ihre Daten sammeln kann. Es muss dann nachweisen k\u00f6nnen, dass die Person zugestimmt hat. Das Unternehmen muss auch sein <strong>transparent zu verwenden<\/strong> dass sie mit diesen Daten machen wird. Es muss daher der Person zum Zeitpunkt ihrer Zustimmung den Zweck dieser Sammlung erl\u00e4utern. Dies betrifft auch das Versenden von E-Mails oder Newslettern. Das Unternehmen ist verpflichtet, dem Kunden die M\u00f6glichkeit zu geben, sich problemlos von der Mailingliste abzumelden.<\/p>\n<p>Die CNIL m\u00f6chte Unternehmen, insbesondere KMU und VSE, bei diesem \u00dcbergang unterst\u00fctzen. In diesem Zusammenhang ist eine 6-stufige Anleitung online, um den \u00dcbergang zu erleichtern.<\/p>\n<div id=\"attachment_1786\" style=\"width: 210px\" class=\"wp-caption aligncenter\"><img loading=\"lazy\" decoding=\"async\" aria-describedby=\"caption-attachment-1786\" src=\"..\/wp-content\/uploads\/2018\/03\/RGPD-1-e1521016428122.png\" alt=\"RGPD\" width=\"200\" height=\"127\" \/><p id=\"caption-attachment-1786\" class=\"wp-caption-text\">Mit dem Messnetz - DSGVO<\/p><\/div>\n<h2>Und das Messnetzwerk in all dem?<\/h2>\n<p>&nbsp;<\/p>\n<p>Mit seiner Erfahrung und der Organisation von Ausstellungen wie MSE2018 ist das Messnetzwerk besorgt und aktiv zu diesem Thema. In der Tat organisiert das Messnetzwerk Sitzungen (<a href=\"..\/rgpd-que-faut-il-faire-pour-le-25-mai-2018\/\">Beispiel hier<\/a>) und ein <a href=\"..\/rgpd\/\">gemeinsame Aktion<\/a> seinen Mitgliedern in diesem wesentlichen Prozess zu helfen.<\/p>\n<p>Wenn wir wissen, dass das Messnetzwerk mehr als 135 Mitgliedsunternehmen hat, betrifft die Anwendung solcher Vorschriften dies direkt und erm\u00f6glicht es uns, von seinen Erfahrungen zu profitieren.<\/p>\n<p>Das Messnetzwerk ist nicht auf diese Aktionen beschr\u00e4nkt und bietet viele andere. <a href=\"..\/des-groupes-de-travail\/\">Treten Sie den verschiedenen Arbeitsgruppen bei <\/a><\/p>\n<h2>Und der Rest?<\/h2>\n<p>Mit dieser neuen Verordnung m\u00f6chte die EU multinationale Unternehmen dazu bringen, zuerst zu reagieren, die heute gro\u00dfe Freiheit in Bezug auf unsere Daten haben. Es bleibt abzuwarten, wie sich dies f\u00fcr den Rest der Welt entwickeln wird.<\/p>\n<p>&nbsp;<\/p>\n<p><a role=\"button\" href=\"https:\/\/www.reseau-mesure.com\/de\/ressources-documentaires\/\" target=\"_self\"><br \/>\nZur\u00fcck zu den Dokumentationsressourcen<br \/>\n<\/a><\/p>\n<p>&nbsp;<\/p>","protected":false},"excerpt":{"rendered":"<p>&nbsp; RGPD Datenschutz-Grundverordnung verpflichtend seit 25.05.2018 RGPD: Was sich in Bezug auf personenbezogene Daten \u00e4ndert Der Schutz personenbezogener Daten wird zunehmend in Frage gestellt. Die Europ\u00e4ische Union nimmt daran gro\u00dfes Interesse und hat eine Verordnung erlassen, die seit dem 25 ...<\/p>","protected":false},"author":685,"featured_media":0,"parent":0,"menu_order":0,"comment_status":"closed","ping_status":"closed","template":"","meta":{"_acf_changed":false,"footnotes":""},"class_list":["post-2904","page","type-page","status-publish","hentry"],"acf":[],"yoast_head":"<!-- This site is optimized with the Yoast SEO plugin v27.3 - https:\/\/yoast.com\/product\/yoast-seo-wordpress\/ -->\n<title>RGPD, r\u00e9sum\u00e9 de la r\u00e9glementation - R\u00e9seau Mesure<\/title>\n<meta name=\"description\" content=\"RGPD. Voila un texte simple r\u00e9sumant les changements auxquels nous oblige la nouvelle r\u00e9glementation europ\u00e9enne sur la protection des donn\u00e9es.\" \/>\n<meta name=\"robots\" content=\"index, follow, max-snippet:-1, max-image-preview:large, max-video-preview:-1\" \/>\n<link rel=\"canonical\" href=\"https:\/\/www.reseau-mesure.com\/de\/rgpd-4\/\" \/>\n<meta property=\"og:locale\" content=\"de_DE\" \/>\n<meta property=\"og:type\" content=\"article\" \/>\n<meta property=\"og:title\" content=\"RGPD, r\u00e9sum\u00e9 de la r\u00e9glementation - R\u00e9seau Mesure\" \/>\n<meta property=\"og:description\" content=\"RGPD. Voila un texte simple r\u00e9sumant les changements auxquels nous oblige la nouvelle r\u00e9glementation europ\u00e9enne sur la protection des donn\u00e9es.\" \/>\n<meta property=\"og:url\" content=\"https:\/\/www.reseau-mesure.com\/de\/rgpd-4\/\" \/>\n<meta property=\"og:site_name\" content=\"R\u00e9seau Mesure\" \/>\n<meta property=\"article:publisher\" content=\"https:\/\/www.facebook.com\/reseaumesure\/\" \/>\n<meta property=\"article:modified_time\" content=\"2019-02-06T21:12:27+00:00\" \/>\n<meta property=\"og:image\" content=\"http:\/\/..\/wp-content\/uploads\/2018\/06\/rgpd.png\" \/>\n<meta name=\"twitter:card\" content=\"summary_large_image\" \/>\n<meta name=\"twitter:site\" content=\"@ReseauMesure\" \/>\n<meta name=\"twitter:label1\" content=\"Gesch\u00e4tzte Lesezeit\" \/>\n\t<meta name=\"twitter:data1\" content=\"4\u00a0Minuten\" \/>\n<script type=\"application\/ld+json\" class=\"yoast-schema-graph\">{\"@context\":\"https:\\\/\\\/schema.org\",\"@graph\":[{\"@type\":\"WebPage\",\"@id\":\"https:\\\/\\\/www.reseau-mesure.com\\\/rgpd-4\\\/\",\"url\":\"https:\\\/\\\/www.reseau-mesure.com\\\/rgpd-4\\\/\",\"name\":\"RGPD, r\u00e9sum\u00e9 de la r\u00e9glementation - R\u00e9seau Mesure\",\"isPartOf\":{\"@id\":\"https:\\\/\\\/www.reseau-mesure.com\\\/#website\"},\"datePublished\":\"2018-07-05T16:29:01+00:00\",\"dateModified\":\"2019-02-06T21:12:27+00:00\",\"description\":\"RGPD. Voila un texte simple r\u00e9sumant les changements auxquels nous oblige la nouvelle r\u00e9glementation europ\u00e9enne sur la protection des donn\u00e9es.\",\"breadcrumb\":{\"@id\":\"https:\\\/\\\/www.reseau-mesure.com\\\/rgpd-4\\\/#breadcrumb\"},\"inLanguage\":\"de\",\"potentialAction\":[{\"@type\":\"ReadAction\",\"target\":[\"https:\\\/\\\/www.reseau-mesure.com\\\/rgpd-4\\\/\"]}]},{\"@type\":\"BreadcrumbList\",\"@id\":\"https:\\\/\\\/www.reseau-mesure.com\\\/rgpd-4\\\/#breadcrumb\",\"itemListElement\":[{\"@type\":\"ListItem\",\"position\":1,\"name\":\"Accueil\",\"item\":\"https:\\\/\\\/www.reseau-mesure.com\\\/\"},{\"@type\":\"ListItem\",\"position\":2,\"name\":\"RGPD, r\u00e9sum\u00e9 de la r\u00e9glementation\"}]},{\"@type\":\"WebSite\",\"@id\":\"https:\\\/\\\/www.reseau-mesure.com\\\/#website\",\"url\":\"https:\\\/\\\/www.reseau-mesure.com\\\/\",\"name\":\"R\u00e9seau-Mesure\",\"description\":\"R\u00e9seau Mesure\",\"publisher\":{\"@id\":\"https:\\\/\\\/www.reseau-mesure.com\\\/#organization\"},\"potentialAction\":[{\"@type\":\"SearchAction\",\"target\":{\"@type\":\"EntryPoint\",\"urlTemplate\":\"https:\\\/\\\/www.reseau-mesure.com\\\/?s={search_term_string}\"},\"query-input\":{\"@type\":\"PropertyValueSpecification\",\"valueRequired\":true,\"valueName\":\"search_term_string\"}}],\"inLanguage\":\"de\"},{\"@type\":\"Organization\",\"@id\":\"https:\\\/\\\/www.reseau-mesure.com\\\/#organization\",\"name\":\"R\u00e9seau-Mesure\",\"url\":\"https:\\\/\\\/www.reseau-mesure.com\\\/\",\"logo\":{\"@type\":\"ImageObject\",\"inLanguage\":\"de\",\"@id\":\"https:\\\/\\\/www.reseau-mesure.com\\\/#\\\/schema\\\/logo\\\/image\\\/\",\"url\":\"https:\\\/\\\/www.reseau-mesure.com\\\/wp-content\\\/uploads\\\/2018\\\/02\\\/logo-max.png\",\"contentUrl\":\"https:\\\/\\\/www.reseau-mesure.com\\\/wp-content\\\/uploads\\\/2018\\\/02\\\/logo-max.png\",\"width\":545,\"height\":285,\"caption\":\"R\u00e9seau-Mesure\"},\"image\":{\"@id\":\"https:\\\/\\\/www.reseau-mesure.com\\\/#\\\/schema\\\/logo\\\/image\\\/\"},\"sameAs\":[\"https:\\\/\\\/www.facebook.com\\\/reseaumesure\\\/\",\"https:\\\/\\\/x.com\\\/ReseauMesure\",\"https:\\\/\\\/www.linkedin.com\\\/company\\\/reseau-mesure\\\/\"]}]}<\/script>\n<!-- \/ Yoast SEO plugin. -->","yoast_head_json":{"title":"RGPD, r\u00e9sum\u00e9 de la r\u00e9glementation - R\u00e9seau Mesure","description":"RGPD. Voila un texte simple r\u00e9sumant les changements auxquels nous oblige la nouvelle r\u00e9glementation europ\u00e9enne sur la protection des donn\u00e9es.","robots":{"index":"index","follow":"follow","max-snippet":"max-snippet:-1","max-image-preview":"max-image-preview:large","max-video-preview":"max-video-preview:-1"},"canonical":"https:\/\/www.reseau-mesure.com\/de\/rgpd-4\/","og_locale":"de_DE","og_type":"article","og_title":"RGPD, r\u00e9sum\u00e9 de la r\u00e9glementation - R\u00e9seau Mesure","og_description":"RGPD. Voila un texte simple r\u00e9sumant les changements auxquels nous oblige la nouvelle r\u00e9glementation europ\u00e9enne sur la protection des donn\u00e9es.","og_url":"https:\/\/www.reseau-mesure.com\/de\/rgpd-4\/","og_site_name":"R\u00e9seau Mesure","article_publisher":"https:\/\/www.facebook.com\/reseaumesure\/","article_modified_time":"2019-02-06T21:12:27+00:00","og_image":[{"url":"..\/wp-content\/uploads\/2018\/06\/rgpd.png","type":"","width":"","height":""}],"twitter_card":"summary_large_image","twitter_site":"@ReseauMesure","twitter_misc":{"Gesch\u00e4tzte Lesezeit":"4\u00a0Minuten"},"schema":{"@context":"https:\/\/schema.org","@graph":[{"@type":"WebPage","@id":"https:\/\/www.reseau-mesure.com\/rgpd-4\/","url":"https:\/\/www.reseau-mesure.com\/rgpd-4\/","name":"RGPD, r\u00e9sum\u00e9 de la r\u00e9glementation - R\u00e9seau Mesure","isPartOf":{"@id":"https:\/\/www.reseau-mesure.com\/#website"},"datePublished":"2018-07-05T16:29:01+00:00","dateModified":"2019-02-06T21:12:27+00:00","description":"RGPD. Voila un texte simple r\u00e9sumant les changements auxquels nous oblige la nouvelle r\u00e9glementation europ\u00e9enne sur la protection des donn\u00e9es.","breadcrumb":{"@id":"https:\/\/www.reseau-mesure.com\/rgpd-4\/#breadcrumb"},"inLanguage":"de","potentialAction":[{"@type":"ReadAction","target":["https:\/\/www.reseau-mesure.com\/rgpd-4\/"]}]},{"@type":"BreadcrumbList","@id":"https:\/\/www.reseau-mesure.com\/rgpd-4\/#breadcrumb","itemListElement":[{"@type":"ListItem","position":1,"name":"Accueil","item":"https:\/\/www.reseau-mesure.com\/"},{"@type":"ListItem","position":2,"name":"RGPD, r\u00e9sum\u00e9 de la r\u00e9glementation"}]},{"@type":"WebSite","@id":"https:\/\/www.reseau-mesure.com\/#website","url":"https:\/\/www.reseau-mesure.com\/","name":"Netzwerk-Messung","description":"Netzwerkma\u00dfnahme","publisher":{"@id":"https:\/\/www.reseau-mesure.com\/#organization"},"potentialAction":[{"@type":"SearchAction","target":{"@type":"EntryPoint","urlTemplate":"https:\/\/www.reseau-mesure.com\/?s={search_term_string}"},"query-input":{"@type":"PropertyValueSpecification","valueRequired":true,"valueName":"search_term_string"}}],"inLanguage":"de"},{"@type":"Organization","@id":"https:\/\/www.reseau-mesure.com\/#organization","name":"Netzwerk-Messung","url":"https:\/\/www.reseau-mesure.com\/","logo":{"@type":"ImageObject","inLanguage":"de","@id":"https:\/\/www.reseau-mesure.com\/#\/schema\/logo\/image\/","url":"https:\/\/www.reseau-mesure.com\/wp-content\/uploads\/2018\/02\/logo-max.png","contentUrl":"https:\/\/www.reseau-mesure.com\/wp-content\/uploads\/2018\/02\/logo-max.png","width":545,"height":285,"caption":"R\u00e9seau-Mesure"},"image":{"@id":"https:\/\/www.reseau-mesure.com\/#\/schema\/logo\/image\/"},"sameAs":["https:\/\/www.facebook.com\/reseaumesure\/","https:\/\/x.com\/ReseauMesure","https:\/\/www.linkedin.com\/company\/reseau-mesure\/"]}]}},"_links":{"self":[{"href":"https:\/\/www.reseau-mesure.com\/de\/wp-json\/wp\/v2\/pages\/2904","targetHints":{"allow":["GET"]}}],"collection":[{"href":"https:\/\/www.reseau-mesure.com\/de\/wp-json\/wp\/v2\/pages"}],"about":[{"href":"https:\/\/www.reseau-mesure.com\/de\/wp-json\/wp\/v2\/types\/page"}],"author":[{"embeddable":true,"href":"https:\/\/www.reseau-mesure.com\/de\/wp-json\/wp\/v2\/users\/685"}],"replies":[{"embeddable":true,"href":"https:\/\/www.reseau-mesure.com\/de\/wp-json\/wp\/v2\/comments?post=2904"}],"version-history":[{"count":0,"href":"https:\/\/www.reseau-mesure.com\/de\/wp-json\/wp\/v2\/pages\/2904\/revisions"}],"wp:attachment":[{"href":"https:\/\/www.reseau-mesure.com\/de\/wp-json\/wp\/v2\/media?parent=2904"}],"curies":[{"name":"wp","href":"https:\/\/api.w.org\/{rel}","templated":true}]}}