{"id":2983,"date":"2018-07-11T15:25:38","date_gmt":"2018-07-11T13:25:38","guid":{"rendered":"http:\/\/www.reseau-mesure.com\/?page_id=2983"},"modified":"2020-01-07T12:33:55","modified_gmt":"2020-01-07T11:33:55","slug":"ressources-documentaires-diverses-2","status":"publish","type":"page","link":"https:\/\/www.reseau-mesure.com\/de\/ressources-documentaires-diverses-2\/","title":{"rendered":"Verschiedene Ressourcen - Dokumentarische Ressourcen"},"content":{"rendered":"<h1 >\n\t\t\tVerschiedene und abwechslungsreiche Ressourcen\n\t\t<\/h1>\n\t<p>alles \u00fcber alles wissen<\/p>\n<p>&nbsp;<\/p>\n\t<h2>Verschiedene Ressourcen<\/h2>\n<p>All die Dokumentation, die woanders keinen Platz gefunden hat.<\/p>\n<p>Die Themen sind vielf\u00e4ltig und oft allgemein gehalten, aber es ist immer sinnvoll, auf die Quellen zur\u00fcckzugreifen.<\/p>\n<p>&nbsp;<\/p>\n<p>&nbsp;<\/p>\n<p>&nbsp;<\/p>\n\t\t\t\t<a href=\"https:\/\/www.reseau-mesure.com\/de\/la-mesure-et-la-precision\/\">\n\t\t\t\t\t<p><\/p>\n\t\t\t        <h3>Messung <\/h3>\n\t\t\t        Was ist das Ma\u00df? Wir sagen dir alles\n\t\t\t    <\/a>\n\t\t\t\t<a href=\"https:\/\/www.reseau-mesure.com\/de\/la-mesure-et-la-precision\/\">\n\t\t\t\t\t<p><\/p>\n\t\t\t        <h3>Messung und Pr\u00e4zision<\/h3>\n\t\t\t        <p>Wortschatz, vorgefasste Ideen und Definitionen<\/p>\n\t\t\t    <\/a>\n\t\t\t\t<a href=\"https:\/\/www.reseau-mesure.com\/de\/le-reseau-mesure\/\">\n\t\t\t\t\t<p><\/p>\n\t\t\t        <h3>Das Messnetzwerk<\/h3>\n\t\t\t        F\u00fcr wen ? Warum ? Wie werde ich Mitglied?\n\t\t\t    <\/a>\n\t\t\t\t<a href=\"https:\/\/www.reseau-mesure.com\/de\/salons-professionnels\/\">\n\t\t\t\t\t<p><\/p>\n\t\t\t        <h3>Fachmessen<\/h3>\n\t\t\t        <p>Allgemeine Informationen zu Messen<\/p>\n\t\t\t    <\/a>\n\t\t\t\t<a href=\"https:\/\/www.reseau-mesure.com\/de\/rgpd-4\/\">\n\t\t\t\t\t<p><\/p>\n\t\t\t        <h3>DSGVO<\/h3>\n\t\t\t        Was ist das ? \n\n\t\t\t    <\/a>\n\t\t\t\t<a href=\"https:\/\/www.reseau-mesure.com\/de\/comite-dentreprise\/\">\n\t\t\t\t\t<p><\/p>\n\t\t\t        <h3>Ein Betriebsrat f\u00fcr VSEs und KMU<\/h3>\n\t\t\t        <p>M\u00f6glich oder nicht? <\/p>\n\t\t\t    <\/a>\n\t\t\t\t<a href=\"https:\/\/business.linkedin.com\/fr-fr\/marketing-solutions\/webinars\/18\/01\/linkedin-advertising-solutions-linkedin-marketing-solutions-fr?src=e-evt&#038;cid=7010d000001BdmZAAS&#038;utm_campaign=LMS_WC_20180131_Getting_Started_Webinar_FR_CORP_EMEA_NoShow%7C7010d000001BdmZAAS&#038;utm_medium=email&#038;utm_source=Eloqua&#038;veh=LMS_WC_20180131_Getting_Started_Webinar_FR_CORP_EMEA_NoShow%7C7010d000001BdmZAAS&#038;eqid=CLNKD000071517805#\">\n\t\t\t\t\t<p><\/p>\n\t\t\t        <h3>Webinar zu LinkedIn-Werbel\u00f6sungen<\/h3>\n\t\t\t        - Pr\u00e4sentation der LinkedIn-Umgebung - LinkedIn-Werbel\u00f6sungen - Demonstration - Neue Produkte f\u00fcr 2018\n\t\t\t    <\/a>\n\t\t\t\t<a href=\"https:\/\/www.reseau-mesure.com\/wp-content\/uploads\/2018\/10\/Regles-de-s\u00e9curit\u00e9-dans-lere-du-Digital.pdf\">\n\t\t\t\t\t<p><\/p>\n\t\t\t        <h3>SICHERHEITSREGELN IM DIGITALEN ZEITALTER<\/h3>\n\t\t\t        Gute Reflexe zu haben\u2026 Priorit\u00e4t vor Vertraulichkeit.\n\t\t\t    <\/a>\n\t\t\t\t<a href=\"https:\/\/www.reseau-mesure.com\/de\/brexit\/\">\n\t\t\t\t\t<p><\/p>\n\t\t\t        <h3>Brexit<\/h3>\n\t\t\t        <p>Eine obligatorische Frist <\/p>\n\t\t\t    <\/a>\n\t\t\t\t<a href=\"https:\/\/www.reseau-mesure.com\/de\/management-et-teambuilding\/\">\n\t\t\t\t\t<p><\/p>\n\t\t\t        <h3>Management und Teambuilding<\/h3>\n\t\t\t        <p>Reflexion \u00fcber diese Verwaltungsmethode<\/p>\n\t\t\t    <\/a>\n\t\t\t\t<a href=\"https:\/\/www.reseau-mesure.com\/de\/cybersecurite\/\">\n\t\t\t\t\t<p><\/p>\n\t\t\t        <h3>Onlinesicherheit<\/h3>\n\t\t\t        <p>Definitionen und Reflexion.<\/p>\n\t\t\t    <\/a>\n\t\t\t\t<a href=\"https:\/\/www.reseau-mesure.com\/wp-content\/uploads\/2018\/12\/conf\u00e9rence-generation-Z-6-12-18.pdf\">\n\t\t\t\t\t<p><\/p>\n\t\t\t        <h3>Generation Z, eine neue Generation in einer alten Welt ...<\/h3>\n\t\t\t        <p>Welche Identit\u00e4t in einer Welt, die Standards \u00e4ndert und sehr schnell nutzt? <\/p>\n\t\t\t    <\/a>\n\t\t\t\t<a href=\"https:\/\/www.reseau-mesure.com\/wp-content\/uploads\/2018\/12\/Memo_Hameconnage_Recto.pdf\">\n\t\t\t\t\t<p><\/p>\n\t\t\t        <h3>Phishing - 1<\/h3>\n\t\t\t        Wie sch\u00fctzen Sie sich im Internet? Wie vermeidest du Phishing? Laden Sie das Memoblatt herunter\n\t\t\t    <\/a>\n\t\t\t\t<a href=\"https:\/\/www.reseau-mesure.com\/wp-content\/uploads\/2018\/12\/Fiche_Reflexe_Hameconnage.pdf\">\n\t\t\t\t\t<p><\/p>\n\t\t\t        <h3>Phishing - 2<\/h3>\n\t\t\t                                    \nDie Verhaltensweisen zu \u00fcbernehmen.\n\t\t\t    <\/a>\n\t\t\t\t<a href=\"https:\/\/www.reseau-mesure.com\/de\/?page_id=6678&#038;preview=true\">\n\t\t\t\t\t<p><\/p>\n\t\t\t        <h3>Drohnen-Neuigkeiten<\/h3>\n\t\t\t        <p>Ver\u00f6ffentlichung des Astech Competitiveness Cluster<\/p>\n\t\t\t    <\/a>\n\t\t\t\t<a href=\"https:\/\/www.reseau-mesure.com\/de\/modeles-de-documents-pour-une-formation-datadock\/\">\n\t\t\t\t\t<p><\/p>\n\t\t\t        <h3>DOKUMENTENMODELLE F\u00dcR DAS DATADOCK-TRAINING<\/h3>\n\t\t\t        <p>Programm, Willkommensbrosch\u00fcre, Frageb\u00f6gen ...<\/p>\n\t\t\t    <\/a>\n\t\t\t\t<a href=\"https:\/\/www.reseau-mesure.com\/wp-content\/uploads\/2019\/12\/Le-permis-probatoire-dans-le-cadre-professionnel-12-2019.pdf\">\n\t\t\t\t\t<p><\/p>\n\t\t\t        <h3>Die Probezeitlizenz im beruflichen Kontext ???<\/h3>\n\t\t\t        <p>Informationen und Ratschl\u00e4ge von CENTAURE, dem f\u00fchrenden Anbieter von Schulungen zur Verkehrssicherheit<\/p>\n\t\t\t    <\/a>\n\t<p><strong>Wenn Sie Vorschl\u00e4ge, Kommentare, Anmerkungen oder Ideen haben, senden Sie uns diese bitte per E-Mail, indem Sie unten klicken.<\/strong><\/p>\n<p>&nbsp;<\/p>\n<p><img loading=\"lazy\" decoding=\"async\" src=\"..\/wp-content\/uploads\/2018\/07\/contact-300x300-150x150.png\" alt=\"\" width=\"150\" height=\"150\" \/><\/p>\n<p>&nbsp;<\/p>\n<p>&nbsp;<\/p>\n<p>&nbsp;<\/p>\n<p>&nbsp;<\/p>\n\t\t\t<a href=\"https:\/\/www.reseau-mesure.com\/de\/ressources-documentaires\/\" target=\"_self\" role=\"button\" rel=\"noopener noreferrer\">\n\t\t\t\t\t\t\tZur\u00fcck zu den Dokumentationsressourcen\n\t\t\t\t\t<\/a>","protected":false},"excerpt":{"rendered":"<p>Verschiedene und abwechslungsreiche Ressourcen, um alles \u00fcber alles zu wissen Verschiedene Ressourcen Alle Dokumentationen, die anderswo keinen Platz gefunden haben. Die Themen sind vielf\u00e4ltig und oft allgemein, aber es ist immer n\u00fctzlich, zu den Quellen zur\u00fcckzukehren. Messung Was ist Messung? Wir erz\u00e4hlen Ihnen alles Das Ma\u00df und die ...<\/p>","protected":false},"author":685,"featured_media":0,"parent":0,"menu_order":0,"comment_status":"closed","ping_status":"closed","template":"","meta":{"_acf_changed":false,"footnotes":""},"class_list":["post-2983","page","type-page","status-publish","hentry"],"acf":[],"yoast_head":"<!-- This site is optimized with the Yoast SEO plugin v27.4 - https:\/\/yoast.com\/product\/yoast-seo-wordpress\/ -->\n<title>Ressources diverses - Ressources documentaires - R\u00e9seau Mesure<\/title>\n<meta name=\"description\" content=\"Profitez des ressources diverses mise \u00e0 disposition par le R\u00e9seau Mesure. Sujet divers et vari\u00e9s vous permettant de comprendre le monde qui nous entoure.\" \/>\n<meta name=\"robots\" content=\"index, follow, max-snippet:-1, max-image-preview:large, max-video-preview:-1\" \/>\n<link rel=\"canonical\" href=\"https:\/\/www.reseau-mesure.com\/de\/ressources-documentaires-diverses-2\/\" \/>\n<meta property=\"og:locale\" content=\"de_DE\" \/>\n<meta property=\"og:type\" content=\"article\" \/>\n<meta property=\"og:title\" content=\"Ressources diverses - Ressources documentaires - R\u00e9seau Mesure\" \/>\n<meta property=\"og:description\" content=\"Profitez des ressources diverses mise \u00e0 disposition par le R\u00e9seau Mesure. Sujet divers et vari\u00e9s vous permettant de comprendre le monde qui nous entoure.\" \/>\n<meta property=\"og:url\" content=\"https:\/\/www.reseau-mesure.com\/de\/ressources-documentaires-diverses-2\/\" \/>\n<meta property=\"og:site_name\" content=\"R\u00e9seau Mesure\" \/>\n<meta property=\"article:publisher\" content=\"https:\/\/www.facebook.com\/reseaumesure\/\" \/>\n<meta property=\"article:modified_time\" content=\"2020-01-07T11:33:55+00:00\" \/>\n<meta property=\"og:image\" content=\"http:\/\/..\/wp-content\/uploads\/2018\/07\/contact-300x300-150x150.png\" \/>\n<meta name=\"twitter:card\" content=\"summary_large_image\" \/>\n<meta name=\"twitter:site\" content=\"@ReseauMesure\" \/>\n<meta name=\"twitter:label1\" content=\"Gesch\u00e4tzte Lesezeit\" \/>\n\t<meta name=\"twitter:data1\" content=\"2\u00a0Minuten\" \/>\n<script type=\"application\/ld+json\" class=\"yoast-schema-graph\">{\"@context\":\"https:\\\/\\\/schema.org\",\"@graph\":[{\"@type\":\"WebPage\",\"@id\":\"https:\\\/\\\/www.reseau-mesure.com\\\/de\\\/ressources-documentaires-diverses-2\\\/\",\"url\":\"https:\\\/\\\/www.reseau-mesure.com\\\/de\\\/ressources-documentaires-diverses-2\\\/\",\"name\":\"Ressources diverses - Ressources documentaires - R\u00e9seau Mesure\",\"isPartOf\":{\"@id\":\"https:\\\/\\\/www.reseau-mesure.com\\\/#website\"},\"datePublished\":\"2018-07-11T13:25:38+00:00\",\"dateModified\":\"2020-01-07T11:33:55+00:00\",\"description\":\"Profitez des ressources diverses mise \u00e0 disposition par le R\u00e9seau Mesure. Sujet divers et vari\u00e9s vous permettant de comprendre le monde qui nous entoure.\",\"breadcrumb\":{\"@id\":\"https:\\\/\\\/www.reseau-mesure.com\\\/de\\\/ressources-documentaires-diverses-2\\\/#breadcrumb\"},\"inLanguage\":\"de\",\"potentialAction\":[{\"@type\":\"ReadAction\",\"target\":[\"https:\\\/\\\/www.reseau-mesure.com\\\/de\\\/ressources-documentaires-diverses-2\\\/\"]}]},{\"@type\":\"BreadcrumbList\",\"@id\":\"https:\\\/\\\/www.reseau-mesure.com\\\/de\\\/ressources-documentaires-diverses-2\\\/#breadcrumb\",\"itemListElement\":[{\"@type\":\"ListItem\",\"position\":1,\"name\":\"Accueil\",\"item\":\"https:\\\/\\\/www.reseau-mesure.com\\\/\"},{\"@type\":\"ListItem\",\"position\":2,\"name\":\"Ressources diverses &#8211; Ressources documentaires\"}]},{\"@type\":\"WebSite\",\"@id\":\"https:\\\/\\\/www.reseau-mesure.com\\\/#website\",\"url\":\"https:\\\/\\\/www.reseau-mesure.com\\\/\",\"name\":\"R\u00e9seau-Mesure\",\"description\":\"R\u00e9seau Mesure\",\"publisher\":{\"@id\":\"https:\\\/\\\/www.reseau-mesure.com\\\/#organization\"},\"potentialAction\":[{\"@type\":\"SearchAction\",\"target\":{\"@type\":\"EntryPoint\",\"urlTemplate\":\"https:\\\/\\\/www.reseau-mesure.com\\\/?s={search_term_string}\"},\"query-input\":{\"@type\":\"PropertyValueSpecification\",\"valueRequired\":true,\"valueName\":\"search_term_string\"}}],\"inLanguage\":\"de\"},{\"@type\":\"Organization\",\"@id\":\"https:\\\/\\\/www.reseau-mesure.com\\\/#organization\",\"name\":\"R\u00e9seau-Mesure\",\"url\":\"https:\\\/\\\/www.reseau-mesure.com\\\/\",\"logo\":{\"@type\":\"ImageObject\",\"inLanguage\":\"de\",\"@id\":\"https:\\\/\\\/www.reseau-mesure.com\\\/#\\\/schema\\\/logo\\\/image\\\/\",\"url\":\"https:\\\/\\\/www.reseau-mesure.com\\\/wp-content\\\/uploads\\\/2018\\\/02\\\/logo-max.png\",\"contentUrl\":\"https:\\\/\\\/www.reseau-mesure.com\\\/wp-content\\\/uploads\\\/2018\\\/02\\\/logo-max.png\",\"width\":545,\"height\":285,\"caption\":\"R\u00e9seau-Mesure\"},\"image\":{\"@id\":\"https:\\\/\\\/www.reseau-mesure.com\\\/#\\\/schema\\\/logo\\\/image\\\/\"},\"sameAs\":[\"https:\\\/\\\/www.facebook.com\\\/reseaumesure\\\/\",\"https:\\\/\\\/x.com\\\/ReseauMesure\",\"https:\\\/\\\/www.linkedin.com\\\/company\\\/reseau-mesure\\\/\"]}]}<\/script>\n<!-- \/ Yoast SEO plugin. -->","yoast_head_json":{"title":"Ressources diverses - Ressources documentaires - R\u00e9seau Mesure","description":"Profitez des ressources diverses mise \u00e0 disposition par le R\u00e9seau Mesure. Sujet divers et vari\u00e9s vous permettant de comprendre le monde qui nous entoure.","robots":{"index":"index","follow":"follow","max-snippet":"max-snippet:-1","max-image-preview":"max-image-preview:large","max-video-preview":"max-video-preview:-1"},"canonical":"https:\/\/www.reseau-mesure.com\/de\/ressources-documentaires-diverses-2\/","og_locale":"de_DE","og_type":"article","og_title":"Ressources diverses - Ressources documentaires - R\u00e9seau Mesure","og_description":"Profitez des ressources diverses mise \u00e0 disposition par le R\u00e9seau Mesure. Sujet divers et vari\u00e9s vous permettant de comprendre le monde qui nous entoure.","og_url":"https:\/\/www.reseau-mesure.com\/de\/ressources-documentaires-diverses-2\/","og_site_name":"R\u00e9seau Mesure","article_publisher":"https:\/\/www.facebook.com\/reseaumesure\/","article_modified_time":"2020-01-07T11:33:55+00:00","og_image":[{"url":"..\/wp-content\/uploads\/2018\/07\/contact-300x300-150x150.png","type":"","width":"","height":""}],"twitter_card":"summary_large_image","twitter_site":"@ReseauMesure","twitter_misc":{"Gesch\u00e4tzte Lesezeit":"2\u00a0Minuten"},"schema":{"@context":"https:\/\/schema.org","@graph":[{"@type":"WebPage","@id":"https:\/\/www.reseau-mesure.com\/de\/ressources-documentaires-diverses-2\/","url":"https:\/\/www.reseau-mesure.com\/de\/ressources-documentaires-diverses-2\/","name":"Ressources diverses - Ressources documentaires - R\u00e9seau Mesure","isPartOf":{"@id":"https:\/\/www.reseau-mesure.com\/#website"},"datePublished":"2018-07-11T13:25:38+00:00","dateModified":"2020-01-07T11:33:55+00:00","description":"Profitez des ressources diverses mise \u00e0 disposition par le R\u00e9seau Mesure. Sujet divers et vari\u00e9s vous permettant de comprendre le monde qui nous entoure.","breadcrumb":{"@id":"https:\/\/www.reseau-mesure.com\/de\/ressources-documentaires-diverses-2\/#breadcrumb"},"inLanguage":"de","potentialAction":[{"@type":"ReadAction","target":["https:\/\/www.reseau-mesure.com\/de\/ressources-documentaires-diverses-2\/"]}]},{"@type":"BreadcrumbList","@id":"https:\/\/www.reseau-mesure.com\/de\/ressources-documentaires-diverses-2\/#breadcrumb","itemListElement":[{"@type":"ListItem","position":1,"name":"Accueil","item":"https:\/\/www.reseau-mesure.com\/"},{"@type":"ListItem","position":2,"name":"Ressources diverses &#8211; Ressources documentaires"}]},{"@type":"WebSite","@id":"https:\/\/www.reseau-mesure.com\/#website","url":"https:\/\/www.reseau-mesure.com\/","name":"Netzwerk-Messung","description":"Netzwerkma\u00dfnahme","publisher":{"@id":"https:\/\/www.reseau-mesure.com\/#organization"},"potentialAction":[{"@type":"SearchAction","target":{"@type":"EntryPoint","urlTemplate":"https:\/\/www.reseau-mesure.com\/?s={search_term_string}"},"query-input":{"@type":"PropertyValueSpecification","valueRequired":true,"valueName":"search_term_string"}}],"inLanguage":"de"},{"@type":"Organization","@id":"https:\/\/www.reseau-mesure.com\/#organization","name":"Netzwerk-Messung","url":"https:\/\/www.reseau-mesure.com\/","logo":{"@type":"ImageObject","inLanguage":"de","@id":"https:\/\/www.reseau-mesure.com\/#\/schema\/logo\/image\/","url":"https:\/\/www.reseau-mesure.com\/wp-content\/uploads\/2018\/02\/logo-max.png","contentUrl":"https:\/\/www.reseau-mesure.com\/wp-content\/uploads\/2018\/02\/logo-max.png","width":545,"height":285,"caption":"R\u00e9seau-Mesure"},"image":{"@id":"https:\/\/www.reseau-mesure.com\/#\/schema\/logo\/image\/"},"sameAs":["https:\/\/www.facebook.com\/reseaumesure\/","https:\/\/x.com\/ReseauMesure","https:\/\/www.linkedin.com\/company\/reseau-mesure\/"]}]}},"_links":{"self":[{"href":"https:\/\/www.reseau-mesure.com\/de\/wp-json\/wp\/v2\/pages\/2983","targetHints":{"allow":["GET"]}}],"collection":[{"href":"https:\/\/www.reseau-mesure.com\/de\/wp-json\/wp\/v2\/pages"}],"about":[{"href":"https:\/\/www.reseau-mesure.com\/de\/wp-json\/wp\/v2\/types\/page"}],"author":[{"embeddable":true,"href":"https:\/\/www.reseau-mesure.com\/de\/wp-json\/wp\/v2\/users\/685"}],"replies":[{"embeddable":true,"href":"https:\/\/www.reseau-mesure.com\/de\/wp-json\/wp\/v2\/comments?post=2983"}],"version-history":[{"count":0,"href":"https:\/\/www.reseau-mesure.com\/de\/wp-json\/wp\/v2\/pages\/2983\/revisions"}],"wp:attachment":[{"href":"https:\/\/www.reseau-mesure.com\/de\/wp-json\/wp\/v2\/media?parent=2983"}],"curies":[{"name":"wp","href":"https:\/\/api.w.org\/{rel}","templated":true}]}}