{"id":29980,"date":"2026-02-20T13:53:23","date_gmt":"2026-02-20T12:53:23","guid":{"rendered":"https:\/\/www.reseau-mesure.com\/?page_id=29980"},"modified":"2026-02-20T15:04:34","modified_gmt":"2026-02-20T14:04:34","slug":"pratiques-de-base-en-metrologie","status":"publish","type":"page","link":"https:\/\/www.reseau-mesure.com\/de\/pratiques-de-base-en-metrologie\/","title":{"rendered":"Pratiques de base en m\u00e9trologie (LNE R\u00e9f. ME54)"},"content":{"rendered":"<figure itemscope itemtype=\"https:\/\/schema.org\/ImageObject\">\n\t\t\t\t<img decoding=\"async\" src=\"https:\/\/www.reseau-mesure.com\/wp-content\/uploads\/2025\/11\/LNE-Commercial-Couleurs_PUB.jpg\" alt=\"LNE\" height=\"577\" width=\"1761\" title=\"LNE-Commercial-Couleurs_PUB\" onerror=\"this.style.display='none'\" loading=\"lazy\" \/>\n\t<\/figure>\n\t<p>&nbsp;<\/p>\n<p><strong>Pratiques de base en m\u00e9trologie (R\u00e9f. ME54)<\/strong><\/p>\n<p><strong>Une formation anim\u00e9e par un expert en m\u00e9trologie g\u00e9n\u00e9rale du LNE (format pr\u00e9sentiel 1 jour)<\/strong><\/p>\n<p><strong>Une formation d&rsquo;une journ\u00e9e en pr\u00e9sentiel au sein du LNE \u00e0 Paris ou Poitiers.<\/strong><\/p>\n\t<p>&nbsp;<\/p>\n<p><strong>Les objectifs : <\/strong><\/p>\n<p>Utiliser ses r\u00e9sultats d&rsquo;\u00e9talonnage<\/p>\n<p>Exploiter ses instruments de mesure<\/p>\n<p><strong>Les avantages :<\/strong><\/p>\n<p>Stage pour non-initi\u00e9s<\/p>\n<p>P\u00e9dagogie participative. 50 % du temps consacr\u00e9 \u00e0 des travaux pratiques<\/p>\n<p>Introduction aux sujets essentiels de la m\u00e9trologie<\/p>\n<p>Aucun pr\u00e9requis obligatoire<\/p>\n<p>&nbsp;<\/p>\n<p><strong>Le Centre de formation du LNE est certifi\u00e9 Qualiopi permettant une prise en charge par votre OPCO.<\/strong><\/p>\n<p><strong>Nombre de stagiaires par session\u00a0:<\/strong>\u00a0 mini 4 pers. \/ max 12 pers.<\/p>\n<p><strong>Avis de nos clients :<\/strong> satisfaits ou tr\u00e8s satisfaits : 98 % | utilit\u00e9 de la formation : 98 % (calculs r\u00e9alis\u00e9s sur la base des sessions dispens\u00e9es en 2024)<\/p>\n<p>&nbsp;<\/p>\n<p><strong>N\u00e4chste Sitzung\u00a0<\/strong>: \u00a0Nous planifions les dates en fonction de vos demandes, alors n&rsquo;h\u00e9sitez pas \u00e0\u00a0<a href=\"mailto:confray@reseau-mesure.com\">Kontaktiere uns<\/a>\u00a0!<\/p>\n<p>&nbsp;<\/p>\n\t\t\t<a href=\"https:\/\/www.reseau-mesure.com\/wp-content\/uploads\/2026\/02\/ME54-2026.pdf\"  target=\"_blank\" rel=\"noopener\">\n\t\t\t\t\t\t\tpresentation et programme\n\t\t\t\t\t<\/a>\n\t\t\t<a href=\"mailto:confray@reseau-mesure.com\"  target=\"_blank\" rel=\"noopener\">\n\t\t\t\t\t\t\tAbonnementanfrage\n\t\t\t\t\t<\/a>","protected":false},"excerpt":{"rendered":"<p>&nbsp; Pratiques de base en m\u00e9trologie (R\u00e9f. ME54) Une formation anim\u00e9e par un expert en m\u00e9trologie g\u00e9n\u00e9rale du LNE (format pr\u00e9sentiel 1 jour) Une formation d&rsquo;une journ\u00e9e en pr\u00e9sentiel au sein du LNE \u00e0 Paris ou Poitiers. &nbsp; Les objectifs : Utiliser ses r\u00e9sultats d&rsquo;\u00e9talonnage Exploiter ses instruments de mesure Les avantages : Stage pour&hellip;<\/p>","protected":false},"author":349,"featured_media":0,"parent":0,"menu_order":0,"comment_status":"closed","ping_status":"closed","template":"","meta":{"_acf_changed":false,"footnotes":""},"class_list":["post-29980","page","type-page","status-publish","hentry"],"acf":[],"yoast_head":"<!-- This site is optimized with the Yoast SEO plugin v27.3 - https:\/\/yoast.com\/product\/yoast-seo-wordpress\/ -->\n<title>Formation - Pratiques de base en m\u00e9trologie (LNE R\u00e9f. ME54) - R\u00e9seau Mesure<\/title>\n<meta name=\"description\" content=\"Pratiques de base en m\u00e9trologie (LNE R\u00e9f. ME54) Une formation d\u2019une journ\u00e9e en pr\u00e9sentiel au sein du LNE \u00e0 Paris ou Poitiers.\" \/>\n<meta name=\"robots\" content=\"index, follow, max-snippet:-1, max-image-preview:large, max-video-preview:-1\" \/>\n<link rel=\"canonical\" href=\"https:\/\/www.reseau-mesure.com\/de\/pratiques-de-base-en-metrologie\/\" \/>\n<meta property=\"og:locale\" content=\"de_DE\" \/>\n<meta property=\"og:type\" content=\"article\" \/>\n<meta property=\"og:title\" content=\"Formation - Pratiques de base en m\u00e9trologie (LNE R\u00e9f. ME54) - R\u00e9seau Mesure\" \/>\n<meta property=\"og:description\" content=\"Pratiques de base en m\u00e9trologie (LNE R\u00e9f. ME54) Une formation d\u2019une journ\u00e9e en pr\u00e9sentiel au sein du LNE \u00e0 Paris ou Poitiers.\" \/>\n<meta property=\"og:url\" content=\"https:\/\/www.reseau-mesure.com\/de\/pratiques-de-base-en-metrologie\/\" \/>\n<meta property=\"og:site_name\" content=\"R\u00e9seau Mesure\" \/>\n<meta property=\"article:publisher\" content=\"https:\/\/www.facebook.com\/reseaumesure\/\" \/>\n<meta property=\"article:modified_time\" content=\"2026-02-20T14:04:34+00:00\" \/>\n<meta property=\"og:image\" content=\"https:\/\/www.reseau-mesure.com\/wp-content\/uploads\/2025\/11\/LNE-Commercial-Couleurs_PUB.jpg\" \/>\n<meta name=\"twitter:card\" content=\"summary_large_image\" \/>\n<meta name=\"twitter:site\" content=\"@ReseauMesure\" \/>\n<meta name=\"twitter:label1\" content=\"Gesch\u00e4tzte Lesezeit\" \/>\n\t<meta name=\"twitter:data1\" content=\"1\u00a0Minute\" \/>\n<script type=\"application\/ld+json\" class=\"yoast-schema-graph\">{\"@context\":\"https:\\\/\\\/schema.org\",\"@graph\":[{\"@type\":\"WebPage\",\"@id\":\"https:\\\/\\\/www.reseau-mesure.com\\\/pratiques-de-base-en-metrologie\\\/\",\"url\":\"https:\\\/\\\/www.reseau-mesure.com\\\/pratiques-de-base-en-metrologie\\\/\",\"name\":\"Formation - Pratiques de base en m\u00e9trologie (LNE R\u00e9f. ME54) - R\u00e9seau Mesure\",\"isPartOf\":{\"@id\":\"https:\\\/\\\/www.reseau-mesure.com\\\/#website\"},\"primaryImageOfPage\":{\"@id\":\"https:\\\/\\\/www.reseau-mesure.com\\\/pratiques-de-base-en-metrologie\\\/#primaryimage\"},\"image\":{\"@id\":\"https:\\\/\\\/www.reseau-mesure.com\\\/pratiques-de-base-en-metrologie\\\/#primaryimage\"},\"thumbnailUrl\":\"https:\\\/\\\/www.reseau-mesure.com\\\/wp-content\\\/uploads\\\/2025\\\/11\\\/LNE-Commercial-Couleurs_PUB.jpg\",\"datePublished\":\"2026-02-20T12:53:23+00:00\",\"dateModified\":\"2026-02-20T14:04:34+00:00\",\"description\":\"Pratiques de base en m\u00e9trologie (LNE R\u00e9f. ME54) Une formation d\u2019une journ\u00e9e en pr\u00e9sentiel au sein du LNE \u00e0 Paris ou Poitiers.\",\"breadcrumb\":{\"@id\":\"https:\\\/\\\/www.reseau-mesure.com\\\/pratiques-de-base-en-metrologie\\\/#breadcrumb\"},\"inLanguage\":\"de\",\"potentialAction\":[{\"@type\":\"ReadAction\",\"target\":[\"https:\\\/\\\/www.reseau-mesure.com\\\/pratiques-de-base-en-metrologie\\\/\"]}]},{\"@type\":\"ImageObject\",\"inLanguage\":\"de\",\"@id\":\"https:\\\/\\\/www.reseau-mesure.com\\\/pratiques-de-base-en-metrologie\\\/#primaryimage\",\"url\":\"https:\\\/\\\/www.reseau-mesure.com\\\/wp-content\\\/uploads\\\/2025\\\/11\\\/LNE-Commercial-Couleurs_PUB.jpg\",\"contentUrl\":\"https:\\\/\\\/www.reseau-mesure.com\\\/wp-content\\\/uploads\\\/2025\\\/11\\\/LNE-Commercial-Couleurs_PUB.jpg\"},{\"@type\":\"BreadcrumbList\",\"@id\":\"https:\\\/\\\/www.reseau-mesure.com\\\/pratiques-de-base-en-metrologie\\\/#breadcrumb\",\"itemListElement\":[{\"@type\":\"ListItem\",\"position\":1,\"name\":\"Accueil\",\"item\":\"https:\\\/\\\/www.reseau-mesure.com\\\/\"},{\"@type\":\"ListItem\",\"position\":2,\"name\":\"Pratiques de base en m\u00e9trologie (LNE R\u00e9f. ME54)\"}]},{\"@type\":\"WebSite\",\"@id\":\"https:\\\/\\\/www.reseau-mesure.com\\\/#website\",\"url\":\"https:\\\/\\\/www.reseau-mesure.com\\\/\",\"name\":\"R\u00e9seau-Mesure\",\"description\":\"R\u00e9seau Mesure\",\"publisher\":{\"@id\":\"https:\\\/\\\/www.reseau-mesure.com\\\/#organization\"},\"potentialAction\":[{\"@type\":\"SearchAction\",\"target\":{\"@type\":\"EntryPoint\",\"urlTemplate\":\"https:\\\/\\\/www.reseau-mesure.com\\\/?s={search_term_string}\"},\"query-input\":{\"@type\":\"PropertyValueSpecification\",\"valueRequired\":true,\"valueName\":\"search_term_string\"}}],\"inLanguage\":\"de\"},{\"@type\":\"Organization\",\"@id\":\"https:\\\/\\\/www.reseau-mesure.com\\\/#organization\",\"name\":\"R\u00e9seau-Mesure\",\"url\":\"https:\\\/\\\/www.reseau-mesure.com\\\/\",\"logo\":{\"@type\":\"ImageObject\",\"inLanguage\":\"de\",\"@id\":\"https:\\\/\\\/www.reseau-mesure.com\\\/#\\\/schema\\\/logo\\\/image\\\/\",\"url\":\"https:\\\/\\\/www.reseau-mesure.com\\\/wp-content\\\/uploads\\\/2018\\\/02\\\/logo-max.png\",\"contentUrl\":\"https:\\\/\\\/www.reseau-mesure.com\\\/wp-content\\\/uploads\\\/2018\\\/02\\\/logo-max.png\",\"width\":545,\"height\":285,\"caption\":\"R\u00e9seau-Mesure\"},\"image\":{\"@id\":\"https:\\\/\\\/www.reseau-mesure.com\\\/#\\\/schema\\\/logo\\\/image\\\/\"},\"sameAs\":[\"https:\\\/\\\/www.facebook.com\\\/reseaumesure\\\/\",\"https:\\\/\\\/x.com\\\/ReseauMesure\",\"https:\\\/\\\/www.linkedin.com\\\/company\\\/reseau-mesure\\\/\"]}]}<\/script>\n<!-- \/ Yoast SEO plugin. -->","yoast_head_json":{"title":"Formation - Pratiques de base en m\u00e9trologie (LNE R\u00e9f. ME54) - R\u00e9seau Mesure","description":"Pratiques de base en m\u00e9trologie (LNE R\u00e9f. ME54) Une formation d\u2019une journ\u00e9e en pr\u00e9sentiel au sein du LNE \u00e0 Paris ou Poitiers.","robots":{"index":"index","follow":"follow","max-snippet":"max-snippet:-1","max-image-preview":"max-image-preview:large","max-video-preview":"max-video-preview:-1"},"canonical":"https:\/\/www.reseau-mesure.com\/de\/pratiques-de-base-en-metrologie\/","og_locale":"de_DE","og_type":"article","og_title":"Formation - Pratiques de base en m\u00e9trologie (LNE R\u00e9f. ME54) - R\u00e9seau Mesure","og_description":"Pratiques de base en m\u00e9trologie (LNE R\u00e9f. ME54) Une formation d\u2019une journ\u00e9e en pr\u00e9sentiel au sein du LNE \u00e0 Paris ou Poitiers.","og_url":"https:\/\/www.reseau-mesure.com\/de\/pratiques-de-base-en-metrologie\/","og_site_name":"R\u00e9seau Mesure","article_publisher":"https:\/\/www.facebook.com\/reseaumesure\/","article_modified_time":"2026-02-20T14:04:34+00:00","og_image":[{"url":"https:\/\/www.reseau-mesure.com\/wp-content\/uploads\/2025\/11\/LNE-Commercial-Couleurs_PUB.jpg","type":"","width":"","height":""}],"twitter_card":"summary_large_image","twitter_site":"@ReseauMesure","twitter_misc":{"Gesch\u00e4tzte Lesezeit":"1\u00a0Minute"},"schema":{"@context":"https:\/\/schema.org","@graph":[{"@type":"WebPage","@id":"https:\/\/www.reseau-mesure.com\/pratiques-de-base-en-metrologie\/","url":"https:\/\/www.reseau-mesure.com\/pratiques-de-base-en-metrologie\/","name":"Formation - Pratiques de base en m\u00e9trologie (LNE R\u00e9f. ME54) - R\u00e9seau Mesure","isPartOf":{"@id":"https:\/\/www.reseau-mesure.com\/#website"},"primaryImageOfPage":{"@id":"https:\/\/www.reseau-mesure.com\/pratiques-de-base-en-metrologie\/#primaryimage"},"image":{"@id":"https:\/\/www.reseau-mesure.com\/pratiques-de-base-en-metrologie\/#primaryimage"},"thumbnailUrl":"https:\/\/www.reseau-mesure.com\/wp-content\/uploads\/2025\/11\/LNE-Commercial-Couleurs_PUB.jpg","datePublished":"2026-02-20T12:53:23+00:00","dateModified":"2026-02-20T14:04:34+00:00","description":"Pratiques de base en m\u00e9trologie (LNE R\u00e9f. ME54) Une formation d\u2019une journ\u00e9e en pr\u00e9sentiel au sein du LNE \u00e0 Paris ou Poitiers.","breadcrumb":{"@id":"https:\/\/www.reseau-mesure.com\/pratiques-de-base-en-metrologie\/#breadcrumb"},"inLanguage":"de","potentialAction":[{"@type":"ReadAction","target":["https:\/\/www.reseau-mesure.com\/pratiques-de-base-en-metrologie\/"]}]},{"@type":"ImageObject","inLanguage":"de","@id":"https:\/\/www.reseau-mesure.com\/pratiques-de-base-en-metrologie\/#primaryimage","url":"https:\/\/www.reseau-mesure.com\/wp-content\/uploads\/2025\/11\/LNE-Commercial-Couleurs_PUB.jpg","contentUrl":"https:\/\/www.reseau-mesure.com\/wp-content\/uploads\/2025\/11\/LNE-Commercial-Couleurs_PUB.jpg"},{"@type":"BreadcrumbList","@id":"https:\/\/www.reseau-mesure.com\/pratiques-de-base-en-metrologie\/#breadcrumb","itemListElement":[{"@type":"ListItem","position":1,"name":"Accueil","item":"https:\/\/www.reseau-mesure.com\/"},{"@type":"ListItem","position":2,"name":"Pratiques de base en m\u00e9trologie (LNE R\u00e9f. ME54)"}]},{"@type":"WebSite","@id":"https:\/\/www.reseau-mesure.com\/#website","url":"https:\/\/www.reseau-mesure.com\/","name":"Netzwerk-Messung","description":"Netzwerkma\u00dfnahme","publisher":{"@id":"https:\/\/www.reseau-mesure.com\/#organization"},"potentialAction":[{"@type":"SearchAction","target":{"@type":"EntryPoint","urlTemplate":"https:\/\/www.reseau-mesure.com\/?s={search_term_string}"},"query-input":{"@type":"PropertyValueSpecification","valueRequired":true,"valueName":"search_term_string"}}],"inLanguage":"de"},{"@type":"Organization","@id":"https:\/\/www.reseau-mesure.com\/#organization","name":"Netzwerk-Messung","url":"https:\/\/www.reseau-mesure.com\/","logo":{"@type":"ImageObject","inLanguage":"de","@id":"https:\/\/www.reseau-mesure.com\/#\/schema\/logo\/image\/","url":"https:\/\/www.reseau-mesure.com\/wp-content\/uploads\/2018\/02\/logo-max.png","contentUrl":"https:\/\/www.reseau-mesure.com\/wp-content\/uploads\/2018\/02\/logo-max.png","width":545,"height":285,"caption":"R\u00e9seau-Mesure"},"image":{"@id":"https:\/\/www.reseau-mesure.com\/#\/schema\/logo\/image\/"},"sameAs":["https:\/\/www.facebook.com\/reseaumesure\/","https:\/\/x.com\/ReseauMesure","https:\/\/www.linkedin.com\/company\/reseau-mesure\/"]}]}},"_links":{"self":[{"href":"https:\/\/www.reseau-mesure.com\/de\/wp-json\/wp\/v2\/pages\/29980","targetHints":{"allow":["GET"]}}],"collection":[{"href":"https:\/\/www.reseau-mesure.com\/de\/wp-json\/wp\/v2\/pages"}],"about":[{"href":"https:\/\/www.reseau-mesure.com\/de\/wp-json\/wp\/v2\/types\/page"}],"author":[{"embeddable":true,"href":"https:\/\/www.reseau-mesure.com\/de\/wp-json\/wp\/v2\/users\/349"}],"replies":[{"embeddable":true,"href":"https:\/\/www.reseau-mesure.com\/de\/wp-json\/wp\/v2\/comments?post=29980"}],"version-history":[{"count":3,"href":"https:\/\/www.reseau-mesure.com\/de\/wp-json\/wp\/v2\/pages\/29980\/revisions"}],"predecessor-version":[{"id":29997,"href":"https:\/\/www.reseau-mesure.com\/de\/wp-json\/wp\/v2\/pages\/29980\/revisions\/29997"}],"wp:attachment":[{"href":"https:\/\/www.reseau-mesure.com\/de\/wp-json\/wp\/v2\/media?parent=29980"}],"curies":[{"name":"wp","href":"https:\/\/api.w.org\/{rel}","templated":true}]}}