{"id":30004,"date":"2026-02-20T15:54:05","date_gmt":"2026-02-20T14:54:05","guid":{"rendered":"https:\/\/www.reseau-mesure.com\/?page_id=30004"},"modified":"2026-02-20T17:14:04","modified_gmt":"2026-02-20T16:14:04","slug":"peser-au-plus-juste","status":"publish","type":"page","link":"https:\/\/www.reseau-mesure.com\/de\/peser-au-plus-juste\/","title":{"rendered":"Peser au plus juste : m\u00e9thodes, moyens, raccordement, incertitudes \u00a0(LNE R\u00e9f. ME15)"},"content":{"rendered":"<figure itemscope=\"\" itemtype=\"https:\/\/schema.org\/ImageObject\">\n\t\t\t\t<img decoding=\"async\" src=\"https:\/\/www.reseau-mesure.com\/wp-content\/uploads\/2025\/11\/LNE-Commercial-Couleurs_PUB.jpg\" alt=\"LNE\" height=\"577\" width=\"1761\" title=\"LNE-Commercial-Couleurs_PUB\" onerror=\"this.style.display='none'\" loading=\"lazy\">\n\t<\/figure>\n\t<p>&nbsp;<\/p>\n<p><strong>Introduction aux incertitudes de mesure (LNE R\u00e9f. ME66)<\/strong><\/p>\n<p><strong>Une formation <\/strong><strong>d&rsquo;une demi-journ\u00e9e en e-learning &nbsp; &nbsp; &nbsp; &nbsp; &nbsp; &nbsp; &nbsp; &nbsp; &nbsp; &nbsp; &nbsp; &nbsp; &nbsp; &nbsp; &nbsp; &nbsp; &nbsp; &nbsp;&nbsp;<\/strong><\/p>\n\n\t<p>&nbsp;<\/p>\n<p><strong>Les objectifs : <\/strong><\/p>\n<p>Stage sur les incertitudes de mesure pour une premi\u00e8re mont\u00e9e en comp\u00e9tence<\/p>\n<p><strong>Les avantages :<\/strong><\/p>\n<p>Accompagnement ludique, d\u00e9taill\u00e9, modulable<\/p>\n<p>Expertise terrain et p\u00e9dagogique e-learning des intervenants<\/p>\n<p>Aucun pr\u00e9requis obligatoire<\/p>\n<p>Possibilit\u00e9 de paiement en ligne par CB<\/p>\n<p>&nbsp;<\/p>\n<p><strong>Le Centre de formation du LNE est certifi\u00e9 Qualiopi permettant une prise en charge par votre OPCO.<\/strong><\/p>\n<p><strong>Nombre de stagiaires par session&nbsp;:<\/strong>&nbsp; une personne par connexion.<\/p>\n<p><strong>Avis de nos clients :<\/strong> satisfaits ou tr\u00e8s satisfaits : 100 % | utilit\u00e9 de la formation : 95 % (calculs r\u00e9alis\u00e9s sur la base des sessions dispens\u00e9es en 2024)<\/p>\n<p>&nbsp;<\/p>\n<p><strong>N\u00e4chste Sitzung&nbsp;<\/strong>: &nbsp;Nous planifions les dates en fonction de vos demandes, alors n&rsquo;h\u00e9sitez pas \u00e0&nbsp;<a href=\"mailto:confray@reseau-mesure.com\">Kontaktiere uns<\/a>&nbsp;!<\/p>\n<p>&nbsp;<\/p>\n\t\t\t<a href=\"https:\/\/www.reseau-mesure.com\/wp-content\/uploads\/2026\/02\/ME66-2026-1.pdf\" target=\"_blank\" rel=\"noopener\">\n\t\t\t\t\t\t\tpresentation et programme\n\t\t\t\t\t<\/a>\n\t\t\t<a href=\"mailto:confray@reseau-mesure.com\" target=\"_blank\" rel=\"noopener\">\n\t\t\t\t\t\t\tAbonnementanfrage\n\t\t\t\t\t<\/a>","protected":false},"excerpt":{"rendered":"<p>&nbsp; Introduction aux incertitudes de mesure (LNE R\u00e9f. ME66) Une formation d&rsquo;une demi-journ\u00e9e en e-learning &nbsp; &nbsp; &nbsp; &nbsp; &nbsp; &nbsp; &nbsp; &nbsp; &nbsp; &nbsp; &nbsp; &nbsp; &nbsp; &nbsp; &nbsp; &nbsp; &nbsp; &nbsp;&nbsp; &nbsp; Les objectifs : Stage sur les incertitudes de mesure pour une premi\u00e8re mont\u00e9e en comp\u00e9tence Les avantages : Accompagnement ludique, d\u00e9taill\u00e9,&hellip;<\/p>","protected":false},"author":349,"featured_media":0,"parent":0,"menu_order":0,"comment_status":"closed","ping_status":"closed","template":"","meta":{"_acf_changed":false,"footnotes":""},"class_list":["post-30004","page","type-page","status-publish","hentry"],"acf":[],"yoast_head":"<!-- This site is optimized with the Yoast SEO plugin v27.3 - https:\/\/yoast.com\/product\/yoast-seo-wordpress\/ -->\n<title>Formation - Peser au plus juste : m\u00e9thodes, moyens, raccordement, incertitudes \u00a0(LNE R\u00e9f. ME15) - R\u00e9seau Mesure<\/title>\n<meta name=\"description\" content=\"Peser au plus juste : m\u00e9thodes, moyens, raccordement, incertitudes (LNE R\u00e9f. ME15) Formation en blended - 2j + 0,5j\" \/>\n<meta name=\"robots\" content=\"index, follow, max-snippet:-1, max-image-preview:large, max-video-preview:-1\" \/>\n<link rel=\"canonical\" href=\"https:\/\/www.reseau-mesure.com\/de\/peser-au-plus-juste\/\" \/>\n<meta property=\"og:locale\" content=\"de_DE\" \/>\n<meta property=\"og:type\" content=\"article\" \/>\n<meta property=\"og:title\" content=\"Formation - Peser au plus juste : m\u00e9thodes, moyens, raccordement, incertitudes \u00a0(LNE R\u00e9f. ME15) - R\u00e9seau Mesure\" \/>\n<meta property=\"og:description\" content=\"Peser au plus juste : m\u00e9thodes, moyens, raccordement, incertitudes (LNE R\u00e9f. ME15) Formation en blended - 2j + 0,5j\" \/>\n<meta property=\"og:url\" content=\"https:\/\/www.reseau-mesure.com\/de\/peser-au-plus-juste\/\" \/>\n<meta property=\"og:site_name\" content=\"R\u00e9seau Mesure\" \/>\n<meta property=\"article:publisher\" content=\"https:\/\/www.facebook.com\/reseaumesure\/\" \/>\n<meta property=\"article:modified_time\" content=\"2026-02-20T16:14:04+00:00\" \/>\n<meta property=\"og:image\" content=\"https:\/\/www.reseau-mesure.com\/wp-content\/uploads\/2025\/11\/LNE-Commercial-Couleurs_PUB.jpg\" \/>\n<meta name=\"twitter:card\" content=\"summary_large_image\" \/>\n<meta name=\"twitter:site\" content=\"@ReseauMesure\" \/>\n<meta name=\"twitter:label1\" content=\"Gesch\u00e4tzte Lesezeit\" \/>\n\t<meta name=\"twitter:data1\" content=\"2\u00a0Minuten\" \/>\n<script type=\"application\/ld+json\" class=\"yoast-schema-graph\">{\"@context\":\"https:\\\/\\\/schema.org\",\"@graph\":[{\"@type\":\"WebPage\",\"@id\":\"https:\\\/\\\/www.reseau-mesure.com\\\/peser-au-plus-juste\\\/\",\"url\":\"https:\\\/\\\/www.reseau-mesure.com\\\/peser-au-plus-juste\\\/\",\"name\":\"Formation - Peser au plus juste : m\u00e9thodes, moyens, raccordement, incertitudes \u00a0(LNE R\u00e9f. ME15) - R\u00e9seau Mesure\",\"isPartOf\":{\"@id\":\"https:\\\/\\\/www.reseau-mesure.com\\\/#website\"},\"primaryImageOfPage\":{\"@id\":\"https:\\\/\\\/www.reseau-mesure.com\\\/peser-au-plus-juste\\\/#primaryimage\"},\"image\":{\"@id\":\"https:\\\/\\\/www.reseau-mesure.com\\\/peser-au-plus-juste\\\/#primaryimage\"},\"thumbnailUrl\":\"https:\\\/\\\/www.reseau-mesure.com\\\/wp-content\\\/uploads\\\/2025\\\/11\\\/LNE-Commercial-Couleurs_PUB.jpg\",\"datePublished\":\"2026-02-20T14:54:05+00:00\",\"dateModified\":\"2026-02-20T16:14:04+00:00\",\"description\":\"Peser au plus juste : m\u00e9thodes, moyens, raccordement, incertitudes (LNE R\u00e9f. ME15) Formation en blended - 2j + 0,5j\",\"breadcrumb\":{\"@id\":\"https:\\\/\\\/www.reseau-mesure.com\\\/peser-au-plus-juste\\\/#breadcrumb\"},\"inLanguage\":\"de\",\"potentialAction\":[{\"@type\":\"ReadAction\",\"target\":[\"https:\\\/\\\/www.reseau-mesure.com\\\/peser-au-plus-juste\\\/\"]}]},{\"@type\":\"ImageObject\",\"inLanguage\":\"de\",\"@id\":\"https:\\\/\\\/www.reseau-mesure.com\\\/peser-au-plus-juste\\\/#primaryimage\",\"url\":\"https:\\\/\\\/www.reseau-mesure.com\\\/wp-content\\\/uploads\\\/2025\\\/11\\\/LNE-Commercial-Couleurs_PUB.jpg\",\"contentUrl\":\"https:\\\/\\\/www.reseau-mesure.com\\\/wp-content\\\/uploads\\\/2025\\\/11\\\/LNE-Commercial-Couleurs_PUB.jpg\"},{\"@type\":\"BreadcrumbList\",\"@id\":\"https:\\\/\\\/www.reseau-mesure.com\\\/peser-au-plus-juste\\\/#breadcrumb\",\"itemListElement\":[{\"@type\":\"ListItem\",\"position\":1,\"name\":\"Accueil\",\"item\":\"https:\\\/\\\/www.reseau-mesure.com\\\/\"},{\"@type\":\"ListItem\",\"position\":2,\"name\":\"Peser au plus juste : m\u00e9thodes, moyens, raccordement, incertitudes \u00a0(LNE R\u00e9f. ME15)\"}]},{\"@type\":\"WebSite\",\"@id\":\"https:\\\/\\\/www.reseau-mesure.com\\\/#website\",\"url\":\"https:\\\/\\\/www.reseau-mesure.com\\\/\",\"name\":\"R\u00e9seau-Mesure\",\"description\":\"R\u00e9seau Mesure\",\"publisher\":{\"@id\":\"https:\\\/\\\/www.reseau-mesure.com\\\/#organization\"},\"potentialAction\":[{\"@type\":\"SearchAction\",\"target\":{\"@type\":\"EntryPoint\",\"urlTemplate\":\"https:\\\/\\\/www.reseau-mesure.com\\\/?s={search_term_string}\"},\"query-input\":{\"@type\":\"PropertyValueSpecification\",\"valueRequired\":true,\"valueName\":\"search_term_string\"}}],\"inLanguage\":\"de\"},{\"@type\":\"Organization\",\"@id\":\"https:\\\/\\\/www.reseau-mesure.com\\\/#organization\",\"name\":\"R\u00e9seau-Mesure\",\"url\":\"https:\\\/\\\/www.reseau-mesure.com\\\/\",\"logo\":{\"@type\":\"ImageObject\",\"inLanguage\":\"de\",\"@id\":\"https:\\\/\\\/www.reseau-mesure.com\\\/#\\\/schema\\\/logo\\\/image\\\/\",\"url\":\"https:\\\/\\\/www.reseau-mesure.com\\\/wp-content\\\/uploads\\\/2018\\\/02\\\/logo-max.png\",\"contentUrl\":\"https:\\\/\\\/www.reseau-mesure.com\\\/wp-content\\\/uploads\\\/2018\\\/02\\\/logo-max.png\",\"width\":545,\"height\":285,\"caption\":\"R\u00e9seau-Mesure\"},\"image\":{\"@id\":\"https:\\\/\\\/www.reseau-mesure.com\\\/#\\\/schema\\\/logo\\\/image\\\/\"},\"sameAs\":[\"https:\\\/\\\/www.facebook.com\\\/reseaumesure\\\/\",\"https:\\\/\\\/x.com\\\/ReseauMesure\",\"https:\\\/\\\/www.linkedin.com\\\/company\\\/reseau-mesure\\\/\"]}]}<\/script>\n<!-- \/ Yoast SEO plugin. -->","yoast_head_json":{"title":"Formation - Peser au plus juste : m\u00e9thodes, moyens, raccordement, incertitudes \u00a0(LNE R\u00e9f. ME15) - R\u00e9seau Mesure","description":"Peser au plus juste : m\u00e9thodes, moyens, raccordement, incertitudes (LNE R\u00e9f. ME15) Formation en blended - 2j + 0,5j","robots":{"index":"index","follow":"follow","max-snippet":"max-snippet:-1","max-image-preview":"max-image-preview:large","max-video-preview":"max-video-preview:-1"},"canonical":"https:\/\/www.reseau-mesure.com\/de\/peser-au-plus-juste\/","og_locale":"de_DE","og_type":"article","og_title":"Formation - Peser au plus juste : m\u00e9thodes, moyens, raccordement, incertitudes \u00a0(LNE R\u00e9f. ME15) - R\u00e9seau Mesure","og_description":"Peser au plus juste : m\u00e9thodes, moyens, raccordement, incertitudes (LNE R\u00e9f. ME15) Formation en blended - 2j + 0,5j","og_url":"https:\/\/www.reseau-mesure.com\/de\/peser-au-plus-juste\/","og_site_name":"R\u00e9seau Mesure","article_publisher":"https:\/\/www.facebook.com\/reseaumesure\/","article_modified_time":"2026-02-20T16:14:04+00:00","og_image":[{"url":"https:\/\/www.reseau-mesure.com\/wp-content\/uploads\/2025\/11\/LNE-Commercial-Couleurs_PUB.jpg","type":"","width":"","height":""}],"twitter_card":"summary_large_image","twitter_site":"@ReseauMesure","twitter_misc":{"Gesch\u00e4tzte Lesezeit":"2\u00a0Minuten"},"schema":{"@context":"https:\/\/schema.org","@graph":[{"@type":"WebPage","@id":"https:\/\/www.reseau-mesure.com\/peser-au-plus-juste\/","url":"https:\/\/www.reseau-mesure.com\/peser-au-plus-juste\/","name":"Formation - Peser au plus juste : m\u00e9thodes, moyens, raccordement, incertitudes \u00a0(LNE R\u00e9f. ME15) - R\u00e9seau Mesure","isPartOf":{"@id":"https:\/\/www.reseau-mesure.com\/#website"},"primaryImageOfPage":{"@id":"https:\/\/www.reseau-mesure.com\/peser-au-plus-juste\/#primaryimage"},"image":{"@id":"https:\/\/www.reseau-mesure.com\/peser-au-plus-juste\/#primaryimage"},"thumbnailUrl":"https:\/\/www.reseau-mesure.com\/wp-content\/uploads\/2025\/11\/LNE-Commercial-Couleurs_PUB.jpg","datePublished":"2026-02-20T14:54:05+00:00","dateModified":"2026-02-20T16:14:04+00:00","description":"Peser au plus juste : m\u00e9thodes, moyens, raccordement, incertitudes (LNE R\u00e9f. ME15) Formation en blended - 2j + 0,5j","breadcrumb":{"@id":"https:\/\/www.reseau-mesure.com\/peser-au-plus-juste\/#breadcrumb"},"inLanguage":"de","potentialAction":[{"@type":"ReadAction","target":["https:\/\/www.reseau-mesure.com\/peser-au-plus-juste\/"]}]},{"@type":"ImageObject","inLanguage":"de","@id":"https:\/\/www.reseau-mesure.com\/peser-au-plus-juste\/#primaryimage","url":"https:\/\/www.reseau-mesure.com\/wp-content\/uploads\/2025\/11\/LNE-Commercial-Couleurs_PUB.jpg","contentUrl":"https:\/\/www.reseau-mesure.com\/wp-content\/uploads\/2025\/11\/LNE-Commercial-Couleurs_PUB.jpg"},{"@type":"BreadcrumbList","@id":"https:\/\/www.reseau-mesure.com\/peser-au-plus-juste\/#breadcrumb","itemListElement":[{"@type":"ListItem","position":1,"name":"Accueil","item":"https:\/\/www.reseau-mesure.com\/"},{"@type":"ListItem","position":2,"name":"Peser au plus juste : m\u00e9thodes, moyens, raccordement, incertitudes \u00a0(LNE R\u00e9f. ME15)"}]},{"@type":"WebSite","@id":"https:\/\/www.reseau-mesure.com\/#website","url":"https:\/\/www.reseau-mesure.com\/","name":"Netzwerk-Messung","description":"Netzwerkma\u00dfnahme","publisher":{"@id":"https:\/\/www.reseau-mesure.com\/#organization"},"potentialAction":[{"@type":"SearchAction","target":{"@type":"EntryPoint","urlTemplate":"https:\/\/www.reseau-mesure.com\/?s={search_term_string}"},"query-input":{"@type":"PropertyValueSpecification","valueRequired":true,"valueName":"search_term_string"}}],"inLanguage":"de"},{"@type":"Organization","@id":"https:\/\/www.reseau-mesure.com\/#organization","name":"Netzwerk-Messung","url":"https:\/\/www.reseau-mesure.com\/","logo":{"@type":"ImageObject","inLanguage":"de","@id":"https:\/\/www.reseau-mesure.com\/#\/schema\/logo\/image\/","url":"https:\/\/www.reseau-mesure.com\/wp-content\/uploads\/2018\/02\/logo-max.png","contentUrl":"https:\/\/www.reseau-mesure.com\/wp-content\/uploads\/2018\/02\/logo-max.png","width":545,"height":285,"caption":"R\u00e9seau-Mesure"},"image":{"@id":"https:\/\/www.reseau-mesure.com\/#\/schema\/logo\/image\/"},"sameAs":["https:\/\/www.facebook.com\/reseaumesure\/","https:\/\/x.com\/ReseauMesure","https:\/\/www.linkedin.com\/company\/reseau-mesure\/"]}]}},"_links":{"self":[{"href":"https:\/\/www.reseau-mesure.com\/de\/wp-json\/wp\/v2\/pages\/30004","targetHints":{"allow":["GET"]}}],"collection":[{"href":"https:\/\/www.reseau-mesure.com\/de\/wp-json\/wp\/v2\/pages"}],"about":[{"href":"https:\/\/www.reseau-mesure.com\/de\/wp-json\/wp\/v2\/types\/page"}],"author":[{"embeddable":true,"href":"https:\/\/www.reseau-mesure.com\/de\/wp-json\/wp\/v2\/users\/349"}],"replies":[{"embeddable":true,"href":"https:\/\/www.reseau-mesure.com\/de\/wp-json\/wp\/v2\/comments?post=30004"}],"version-history":[{"count":4,"href":"https:\/\/www.reseau-mesure.com\/de\/wp-json\/wp\/v2\/pages\/30004\/revisions"}],"predecessor-version":[{"id":30010,"href":"https:\/\/www.reseau-mesure.com\/de\/wp-json\/wp\/v2\/pages\/30004\/revisions\/30010"}],"wp:attachment":[{"href":"https:\/\/www.reseau-mesure.com\/de\/wp-json\/wp\/v2\/media?parent=30004"}],"curies":[{"name":"wp","href":"https:\/\/api.w.org\/{rel}","templated":true}]}}