{"id":337,"date":"2017-12-07T06:52:49","date_gmt":"2017-12-07T05:52:49","guid":{"rendered":"http:\/\/reseau-mesure.fr\/?page_id=337"},"modified":"2019-06-13T15:20:30","modified_gmt":"2019-06-13T13:20:30","slug":"charte-reseau-mesure","status":"publish","type":"page","link":"https:\/\/www.reseau-mesure.com\/de\/charte-reseau-mesure\/","title":{"rendered":"Charta zur Nutzung der Website des Messnetzwerks"},"content":{"rendered":"<img loading=\"lazy\" decoding=\"async\" title=\"Charta der Netzwerkmessung\" src=\"https:\/\/www.reseau-mesure.com\/wp-content\/uploads\/2018\/10\/AdobeStock_131148175-1024x597.jpeg\" alt=\"Charte R\u00e9seau Mesure\" width=\"1024\" height=\"597\" \/>\r\n<h1>F\u00fcr den t\u00e4glichen Betrieb Charta des Messnetzes<\/h1>\r\n<h2>Bitte lesen Sie dieses Dokument sorgf\u00e4ltig durch, bevor Sie die Site nutzen.<\/h2>\r\n&nbsp;\r\n<h2>Pr\u00e4ambel \/ Vorwort<\/h2>\r\nDiese Charta definiert die Nutzungsbedingungen der Website https:\/\/www.reseau-mesure.com. Die Website erm\u00f6glicht die Online-Konsultation von Informationen und Daten \u00fcber den Verein R\u00e9seau Mesure, einschlie\u00dflich Nachrichten, Erfahrungsberichte, Standarddokumente usw. sowie den Zugriff auf verschiedene Dienste wie ein Verzeichnis, einen Dienst f\u00fcr Kleinanzeigen. \u2026 Zugriff auf einige der Daten und Dienste k\u00f6nnen eingeschr\u00e4nkt oder sogar geb\u00fchrenpflichtig sein, wie unten erl\u00e4utert. In diesem Fall wird auf der Seite eine Warnung angezeigt, \u00fcber die Sie darauf zugreifen k\u00f6nnen. Jeder, der die Site durchsucht, wird als Benutzer angesehen, unabh\u00e4ngig davon, ob er auf der Site identifiziert wurde, Mitwirkender oder nicht, Abonnent oder nicht.\r\n<h2>Annahme der Nutzungsurkunde<\/h2>\r\nDurch die Nutzung der Website von R\u00e9seau Mesure erkl\u00e4rt sich der Benutzer damit einverstanden, die in dieser Charta festgelegten Nutzungs- und Navigationsbedingungen zu respektieren. Da die Charta vom Herausgeber jederzeit ohne vorherige Ank\u00fcndigung ge\u00e4ndert werden kann, obliegt es dem Benutzer der Site, sie regelm\u00e4\u00dfig zu konsultieren. Bei jeder neuen Verbindung mit der Site wird davon ausgegangen, dass der Benutzer die neueste Version akzeptiert. Jede Verbindung mit der Site unterliegt der Einhaltung dieser Charta.\r\n<h2>Benutzereingriff<\/h2>\r\nDer Benutzer verpflichtet sich, keine Gesetze oder Vorschriften zu verletzen. Untersagt sind insbesondere unter Androhung ggf. strafrechtlicher Sanktionen: Eingriff in die Privatsph\u00e4re anderer (Namen Dritter ohne deren ausdr\u00fcckliche Zustimmung). In diesem Zusammenhang ist das Versenden von unerw\u00fcnschten elektronischen Nachrichten an die Benutzer der Website untersagt; Verleumdung und Beleidigung; Aufstachelung zu Verbrechen und Straftaten und Aufstachelung zum Selbstmord, Aufstachelung zu Diskriminierung, insbesondere Rassenhass oder Gewalt; die Verteidigung aller Verbrechen, einschlie\u00dflich Mord, Vergewaltigung, Kriegsverbrechen und Verbrechen gegen die Menschlichkeit; Leugnung von Verbrechen gegen die Menschlichkeit; die Vervielf\u00e4ltigung, Darstellung oder Verbreitung eines Werks, das Schutzrechten unterliegt, die dies nicht zulassen; Werbung oder Nachrichten oder Inhalte jeglicher Art f\u00fcr kommerzielle Zwecke; Diskussionen \u00fcber das Kopieren kommerzieller Software f\u00fcr eine andere Verwendung als eine Sicherungskopie unter den Bedingungen des Gesetzes \u00fcber geistiges Eigentum.\r\n<h2>Rechte des Messnetzes<\/h2>\r\nDas Messnetz beh\u00e4lt sich jederzeit das Recht vor: Inhalte jeglicher Art, insbesondere Nachrichten, Fotos oder Grafiken, die gegen geltende Gesetze und Vorschriften und insbesondere gegen die oben genannten Vorschriften versto\u00dfen, unverz\u00fcglich und ohne vorherige Ank\u00fcndigung zu entfernen . die Charter aus irgendeinem Grund \u00e4ndern. Die Online-Charta hat Vorrang vor der gedruckten Charta. Es obliegt dem Benutzer, sich \u00fcber \u00c4nderungen der Charta zu informieren, indem er die entsprechende Seite konsultiert. Sollten eine oder mehrere Bestimmungen dieser Charta aus irgendeinem Grund ung\u00fcltig sein, behalten die anderen Bestimmungen ihre volle Kraft und ihren Umfang. die Site ganz oder teilweise zu unterbrechen oder auszusetzen oder sogar die bestehende Site zu \u00e4ndern, hinzuzuf\u00fcgen oder zu erg\u00e4nzen, um ihre Benutzerfreundlichkeit zu verbessern oder sie zu bereichern, ohne jegliche Verpflichtung zu vorherigen Informationen oder Entsch\u00e4digungen jeglicher Art. das Zugangsrecht ganz oder teilweise zu k\u00fcndigen, das Konto und das Passwort zu l\u00f6schen, alle verbreiteten Inhalte zu entfernen und jede Mitgliedschaft von Rechts wegen und ohne Entsch\u00e4digung oder Benachrichtigung zu k\u00fcndigen, die einen Benutzer betrifft, der eine der Bestimmungen dieser Charta nicht eingehalten hat . die Kennungen ganz oder teilweise zu \u00e4ndern, insbesondere aus technischen oder sicherheitstechnischen Gr\u00fcnden, ohne dass der Nutzer einen Ersatzanspruch geltend machen kann.\r\n<h2>Rechte an geistigem Eigentum<\/h2>\r\nDas Measurement Network und seine Partner besitzen alle geistigen Eigentumsrechte und Nutzungs-\/Verbreitungsrechte in Bezug auf die auf der Website enthaltenen Elemente, einschlie\u00dflich, ohne darauf beschr\u00e4nkt zu sein, Domainnamen, Marken und Logos, Grafiken und Illustrationen, Bilder und Fotografien, Artikel, Dokumente, Datenbanken einschlie\u00dflich insbesondere Nachrichteninformationen sowie spezielle Software, die f\u00fcr die Nutzung der Website entwickelt wurde. Dem Benutzer ist jede direkte oder indirekte kommerzielle Nutzung der Site und ihrer Inhalte untersagt, und daher jede Vervielf\u00e4ltigung der Inhalte der Site im Hinblick auf \u00c4nderung, Verkauf, Wiederver\u00f6ffentlichung, Kommunikation, Online-Verteilung, direkte oder indirekte Nutzung, zu kommerziellen Zwecken, aller oder eines Teils der immateriellen Elemente der Website, ihrer Dienste oder des Zugangsrechts zur Website. Der Nutzer hat ein Nutzungsrecht zur nicht-kommerziellen Nutzung zu privaten oder gewerblichen Zwecken mit dem Recht zur Vervielf\u00e4ltigung, Ver\u00e4nderung, Verbreitung und Speicherung unter Angabe des Urhebers und der Quelle. Es ist ein pers\u00f6nliches und nicht \u00fcbertragbares Recht.\r\n<h2>Sicherheit<\/h2>\r\nDer Benutzer erkennt an, dass das Internet trotz aller vom Messnetz eingesetzten Mittel technische Besonderheiten aufweist, die es dem Messnetz unm\u00f6glich machen, eine absolute Kontinuit\u00e4t des Zugriffs auf den Dienst und die Reaktionszeiten sowie die Sicherheit bei der Daten\u00fcbertragung zu gew\u00e4hrleisten. In jedem Fall akzeptiert der Benutzer, dass die auf der Website von R\u00e9seau Mesure angebotenen Informationen und Dienstleistungen: aufgrund h\u00f6herer Gewalt oder au\u00dferhalb der Kontrolle von R\u00e9seau Mesure oder aufgrund von Tatsachen, die au\u00dferhalb seiner Verantwortung liegen, unterbrochen werden k\u00f6nnen, technische oder menschliche Fehler enthalten k\u00f6nnen Natur kann zu gelegentlichen Datenverlusten f\u00fchren.\r\n<h2>Respekt f\u00fcr IT-Integrit\u00e4t und Sicherheit<\/h2>\r\nDer Benutzer verpflichtet sich, die geltenden Vorschriften in Bezug auf Computerbetrug einzuhalten und daher keinen Versuch eines Eindringens in ein automatisiertes Datenverarbeitungssystem oder eine vollst\u00e4ndige oder teilweise \u00c4nderung der darin enthaltenen Elemente zu unterlassen. Er wird dar\u00fcber informiert, dass solche Handlungen strafrechtlich geahndet werden. Es liegt auch am Benutzer, keine virenhaltigen Elemente zu \u00fcbertragen, die Website f\u00fcr b\u00f6swillige Aktionen wie Hacking oder andere Hackings zu verwenden.\r\n<h2>Verg\u00fctung<\/h2>\r\nDer Nutzer kann verpflichtet sein, das Messnetz im Falle von Sch\u00e4den oder Anspr\u00fcchen Dritter freizustellen, die durch das Versenden, Verbreiten oder \u00dcbermitteln von Inhalten durch den Nutzer oder die Nutzung der Site in unbefugter Weise oder Nichteinhaltung der Bestimmungen entstehen der Charta.\r\n<h2>Links zur Website<\/h2>\r\nDie Einrichtung von Links zu der Seite, deren Adresse https:\/\/www.reseau-mesure.com lautet, ist unter den folgenden kumulativen Bedingungen gestattet: dass diese Seite unter der oben genannten Adresse erscheint, dass, wenn die Links von der Semi -Bildmarke, das Measurement Network gestattet die Vervielf\u00e4ltigung und Darstellung nur zu diesem Zweck, dass die Websites, die Links zu dieser Adresse betreiben, eine Aktivit\u00e4t ausf\u00fchren und Informationen, Bilder und jedes andere Medium in \u00dcbereinstimmung mit der \u00f6ffentlichen Ordnung und den guten Sitten verbreiten und in allgemein sind in \u00dcbereinstimmung mit franz\u00f6sischem Recht.\r\n<h2>Links zu anderen Seiten<\/h2>\r\nDie Links, die zu Websites au\u00dferhalb oder innerhalb des Messnetzwerks angeboten werden, k\u00f6nnen nicht die Verantwortung des Messnetzwerks f\u00fcr deren Inhalt und Zugriffsbedingungen \u00fcbernehmen. Solche Links stellen keine Empfehlung oder Validierung der betreffenden Websites oder ihres Inhalts dar.\r\n<h2>Garantie \/ Qualit\u00e4t<\/h2>\r\nDas Messnetz garantiert weder die \u00dcbereinstimmung der Site mit einem bestimmten Bedarf oder Gebrauch noch einen Betrieb ohne Unterbrechungen, Fehler, St\u00f6rungen, Viren oder Ausf\u00e4lle, aus welchen Gr\u00fcnden auch immer. Im Allgemeinen garantiert das Messnetzwerk nicht die Vollst\u00e4ndigkeit, Vollst\u00e4ndigkeit und Richtigkeit des Inhalts der auf der Website angebotenen Informationen und Dienste, wobei das Messnetzwerk alle verf\u00fcgbaren Mittel einsetzt, um den Internetnutzern Inhalte bereitzustellen. In keinem Fall kann die Verantwortung des Messnetzes, eines seiner Partner oder seiner Mitarbeiter f\u00fcr die Nutzung der auf der Website und \/ oder der Navigation angebotenen Informationen und Dienste durch den Benutzer geltend gemacht werden.\r\n<h2>Passw\u00f6rter<\/h2>\r\nDer Benutzer ist f\u00fcr die ihm zugewiesenen Passw\u00f6rter f\u00fcr den Zugang und die Durchf\u00fchrung der zugangsbeschr\u00e4nkten Dienste der Website www.reseau-mesure.com verantwortlich. Es liegt in ihrer Verantwortung: die zum Schutz ihrer Benutzernamen und Passw\u00f6rter erforderlichen Vorsichts- und Sicherheitsma\u00dfnahmen zu ergreifen, sich unverz\u00fcglich an das Messnetz zu wenden, wenn sie von einem Diebstahl, Verlust oder der Verwendung ihrer Kennung durch einen unbefugten Dritten Kenntnis erlangen. Das Messnetz kann nicht f\u00fcr die betr\u00fcgerische Verwendung von Identifikatoren verantwortlich gemacht werden, die von einem Dritten verwendet werden, der diese gestohlen hat.\r\n<h2>Inhalte und Dienste mit eingeschr\u00e4nktem Zugriff<\/h2>\r\nDer Zugang zu bestimmten Inhalten und Diensten, die auf der Website angeboten werden, ist ausschlie\u00dflich Mitgliedern des Measurement Network vorbehalten und als solche gekennzeichnet. Sofern nicht anders angegeben, ist die Nutzung der betreffenden Dienste kostenlos. Um auf die betreffenden Dienste zugreifen zu k\u00f6nnen, wird der Benutzer gebeten: Alle geltenden gesetzlichen und beh\u00f6rdlichen Bestimmungen, insbesondere die oben beschriebenen, vollst\u00e4ndig und dauerhaft einzuhalten. Als solcher ist der Nutzer allein verantwortlich f\u00fcr die Informationen, Nachrichten, Bilder und allgemein alle Inhalte, die er \u00fcber die angebotenen Dienste verbreitet. Der Nutzer erkl\u00e4rt, den Herausgeber diesbez\u00fcglich von jeglicher Verantwortung zu entbinden und ihn gegebenenfalls unverletzt zu befreien und ihn von allen Urteilen zu befreien, die verh\u00e4ngt werden k\u00f6nnten und die Folgen ihrer Ver\u00f6ffentlichung w\u00e4ren, akzeptieren, dass das Measure Network entscheidet, ohne vorherige Ank\u00fcndigung, Inhalte weder ganz noch teilweise zu ver\u00f6ffentlichen oder zu l\u00f6schen, wenn diese Inhalte geeignet sind, die geltenden Gesetze und Vorschriften oder die guten Sitten oder die Bestimmungen dieser Charta zu verletzen. Diese Dienste umfassen insbesondere: Ein Online-Verzeichnis: Mitglieder, die die Site abonnieren, k\u00f6nnen dort nach Ausf\u00fcllen eines Registrierungsformulars erscheinen. Die Einsichtnahme in dieses Verzeichnis unterliegt den Bestimmungen des Gesetzes \u00fcber geistiges Eigentum. Insbesondere ist es untersagt, den Inhalt der Datenbank ganz oder teilweise zu extrahieren, auf welche Weise und in welcher Form auch immer. Ein Tool, das es erm\u00f6glicht, auf der Site eine Anzeige zu Themen zu ver\u00f6ffentlichen, die sich auf das Thema der Site bezieht, indem Sie dem Eingabeframe der bereitgestellten Anzeige folgen. Erfahrungsberichte: Der Benutzer hat die M\u00f6glichkeit, einen Erfahrungsbericht zu Themen im Zusammenhang mit dem Zweck der Website abzugeben, indem er das diesem Service gewidmete Kontaktformular ausf\u00fcllt. Der Nutzer verpflichtet sich in jedem Fall, \u00fcber die angebotenen Eingabeformulare vollst\u00e4ndige, richtige und aktuelle Angaben zu machen. Wenn der betreffende Dienst die Ver\u00f6ffentlichung von Daten auf der Website erm\u00f6glicht, kann diese von der vorherigen Zusendung einer Best\u00e4tigungs-E-Mail durch den Herausgeber abh\u00e4ngig gemacht werden. Dies wird dann im Dateneingabeformular erw\u00e4hnt. Es obliegt dem Mitgliedsunternehmen unter seiner Verantwortung sicherzustellen, dass der Referent und etwaige Beauftragte, soweit sie ihn betreffende Daten auf der Website eingeben oder \u00e4ndern k\u00f6nnen, im Rahmen dieser Befugnisse das Mitgliedsunternehmen beauftragen k\u00f6nnen. Jedem Delegierten wird ein Passwort zugeteilt, zu dessen Aufbewahrung er sich unter den im Kapitel \u201ePassw\u00f6rter\u201c genannten Bedingungen verpflichtet.\r\n\r\n&nbsp;","protected":false},"excerpt":{"rendered":"<p>F\u00fcr den t\u00e4glichen Betrieb Charta des Messnetzwerks Bitte lesen Sie dieses Dokument sorgf\u00e4ltig durch, bevor Sie die Website nutzen. Pr\u00e4ambel \/ Vorwort Diese Charta definiert die Nutzungsbedingungen der Website https:\/\/www.reseau-mesure.com. Die Website erm\u00f6glicht die Online-Abfrage von Informationen und Daten \u00fcber den Verein R\u00e9seau Mesure, einschlie\u00dflich Nachrichten, Testimonials, Standarddokumenten usw.<\/p>","protected":false},"author":685,"featured_media":0,"parent":0,"menu_order":0,"comment_status":"closed","ping_status":"closed","template":"","meta":{"_acf_changed":false,"footnotes":""},"class_list":["post-337","page","type-page","status-publish","hentry"],"acf":[],"yoast_head":"<!-- This site is optimized with the Yoast SEO plugin v27.5 - https:\/\/yoast.com\/product\/yoast-seo-wordpress\/ -->\n<title>Charte utilisation site internet du R\u00e9seau Mesure - R\u00e9seau Mesure<\/title>\n<meta name=\"description\" content=\"La charte d&#039;utilisation du site du R\u00e9seau Mesure nous assure \u00e0 tous un fonctionnement respecteux et responsables au quotidien.\" \/>\n<meta name=\"robots\" content=\"index, follow, max-snippet:-1, max-image-preview:large, max-video-preview:-1\" \/>\n<link rel=\"canonical\" href=\"https:\/\/www.reseau-mesure.com\/de\/charte-reseau-mesure\/\" \/>\n<meta property=\"og:locale\" content=\"de_DE\" \/>\n<meta property=\"og:type\" content=\"article\" \/>\n<meta property=\"og:title\" content=\"Charte utilisation site internet du R\u00e9seau Mesure - R\u00e9seau Mesure\" \/>\n<meta property=\"og:description\" content=\"La charte d&#039;utilisation du site du R\u00e9seau Mesure nous assure \u00e0 tous un fonctionnement respecteux et responsables au quotidien.\" \/>\n<meta property=\"og:url\" content=\"https:\/\/www.reseau-mesure.com\/de\/charte-reseau-mesure\/\" \/>\n<meta property=\"og:site_name\" content=\"R\u00e9seau Mesure\" \/>\n<meta property=\"article:publisher\" content=\"https:\/\/www.facebook.com\/reseaumesure\/\" \/>\n<meta property=\"article:modified_time\" content=\"2019-06-13T13:20:30+00:00\" \/>\n<meta property=\"og:image\" content=\"https:\/\/www.reseau-mesure.com\/wp-content\/uploads\/2018\/10\/AdobeStock_131148175-1024x597.jpeg\" \/>\n<meta name=\"twitter:card\" content=\"summary_large_image\" \/>\n<meta name=\"twitter:site\" content=\"@ReseauMesure\" \/>\n<meta name=\"twitter:label1\" content=\"Gesch\u00e4tzte Lesezeit\" \/>\n\t<meta name=\"twitter:data1\" content=\"10\u00a0Minuten\" \/>\n<script type=\"application\/ld+json\" class=\"yoast-schema-graph\">{\"@context\":\"https:\\\/\\\/schema.org\",\"@graph\":[{\"@type\":\"WebPage\",\"@id\":\"https:\\\/\\\/www.reseau-mesure.com\\\/de\\\/charte-reseau-mesure\\\/\",\"url\":\"https:\\\/\\\/www.reseau-mesure.com\\\/de\\\/charte-reseau-mesure\\\/\",\"name\":\"Charte utilisation site internet du R\u00e9seau Mesure - R\u00e9seau Mesure\",\"isPartOf\":{\"@id\":\"https:\\\/\\\/www.reseau-mesure.com\\\/#website\"},\"primaryImageOfPage\":{\"@id\":\"https:\\\/\\\/www.reseau-mesure.com\\\/de\\\/charte-reseau-mesure\\\/#primaryimage\"},\"image\":{\"@id\":\"https:\\\/\\\/www.reseau-mesure.com\\\/de\\\/charte-reseau-mesure\\\/#primaryimage\"},\"thumbnailUrl\":\"https:\\\/\\\/www.reseau-mesure.com\\\/wp-content\\\/uploads\\\/2018\\\/10\\\/AdobeStock_131148175-1024x597.jpeg\",\"datePublished\":\"2017-12-07T05:52:49+00:00\",\"dateModified\":\"2019-06-13T13:20:30+00:00\",\"description\":\"La charte d'utilisation du site du R\u00e9seau Mesure nous assure \u00e0 tous un fonctionnement respecteux et responsables au quotidien.\",\"breadcrumb\":{\"@id\":\"https:\\\/\\\/www.reseau-mesure.com\\\/de\\\/charte-reseau-mesure\\\/#breadcrumb\"},\"inLanguage\":\"de\",\"potentialAction\":[{\"@type\":\"ReadAction\",\"target\":[\"https:\\\/\\\/www.reseau-mesure.com\\\/de\\\/charte-reseau-mesure\\\/\"]}]},{\"@type\":\"ImageObject\",\"inLanguage\":\"de\",\"@id\":\"https:\\\/\\\/www.reseau-mesure.com\\\/de\\\/charte-reseau-mesure\\\/#primaryimage\",\"url\":\"https:\\\/\\\/www.reseau-mesure.com\\\/wp-content\\\/uploads\\\/2018\\\/10\\\/AdobeStock_131148175-1024x597.jpeg\",\"contentUrl\":\"https:\\\/\\\/www.reseau-mesure.com\\\/wp-content\\\/uploads\\\/2018\\\/10\\\/AdobeStock_131148175-1024x597.jpeg\"},{\"@type\":\"BreadcrumbList\",\"@id\":\"https:\\\/\\\/www.reseau-mesure.com\\\/de\\\/charte-reseau-mesure\\\/#breadcrumb\",\"itemListElement\":[{\"@type\":\"ListItem\",\"position\":1,\"name\":\"Accueil\",\"item\":\"https:\\\/\\\/www.reseau-mesure.com\\\/\"},{\"@type\":\"ListItem\",\"position\":2,\"name\":\"Charte utilisation site internet du R\u00e9seau Mesure\"}]},{\"@type\":\"WebSite\",\"@id\":\"https:\\\/\\\/www.reseau-mesure.com\\\/#website\",\"url\":\"https:\\\/\\\/www.reseau-mesure.com\\\/\",\"name\":\"R\u00e9seau-Mesure\",\"description\":\"R\u00e9seau Mesure\",\"publisher\":{\"@id\":\"https:\\\/\\\/www.reseau-mesure.com\\\/#organization\"},\"potentialAction\":[{\"@type\":\"SearchAction\",\"target\":{\"@type\":\"EntryPoint\",\"urlTemplate\":\"https:\\\/\\\/www.reseau-mesure.com\\\/?s={search_term_string}\"},\"query-input\":{\"@type\":\"PropertyValueSpecification\",\"valueRequired\":true,\"valueName\":\"search_term_string\"}}],\"inLanguage\":\"de\"},{\"@type\":\"Organization\",\"@id\":\"https:\\\/\\\/www.reseau-mesure.com\\\/#organization\",\"name\":\"R\u00e9seau-Mesure\",\"url\":\"https:\\\/\\\/www.reseau-mesure.com\\\/\",\"logo\":{\"@type\":\"ImageObject\",\"inLanguage\":\"de\",\"@id\":\"https:\\\/\\\/www.reseau-mesure.com\\\/#\\\/schema\\\/logo\\\/image\\\/\",\"url\":\"https:\\\/\\\/www.reseau-mesure.com\\\/wp-content\\\/uploads\\\/2018\\\/02\\\/logo-max.png\",\"contentUrl\":\"https:\\\/\\\/www.reseau-mesure.com\\\/wp-content\\\/uploads\\\/2018\\\/02\\\/logo-max.png\",\"width\":545,\"height\":285,\"caption\":\"R\u00e9seau-Mesure\"},\"image\":{\"@id\":\"https:\\\/\\\/www.reseau-mesure.com\\\/#\\\/schema\\\/logo\\\/image\\\/\"},\"sameAs\":[\"https:\\\/\\\/www.facebook.com\\\/reseaumesure\\\/\",\"https:\\\/\\\/x.com\\\/ReseauMesure\",\"https:\\\/\\\/www.linkedin.com\\\/company\\\/reseau-mesure\\\/\"]}]}<\/script>\n<!-- \/ Yoast SEO plugin. -->","yoast_head_json":{"title":"Charte utilisation site internet du R\u00e9seau Mesure - R\u00e9seau Mesure","description":"La charte d'utilisation du site du R\u00e9seau Mesure nous assure \u00e0 tous un fonctionnement respecteux et responsables au quotidien.","robots":{"index":"index","follow":"follow","max-snippet":"max-snippet:-1","max-image-preview":"max-image-preview:large","max-video-preview":"max-video-preview:-1"},"canonical":"https:\/\/www.reseau-mesure.com\/de\/charte-reseau-mesure\/","og_locale":"de_DE","og_type":"article","og_title":"Charte utilisation site internet du R\u00e9seau Mesure - R\u00e9seau Mesure","og_description":"La charte d'utilisation du site du R\u00e9seau Mesure nous assure \u00e0 tous un fonctionnement respecteux et responsables au quotidien.","og_url":"https:\/\/www.reseau-mesure.com\/de\/charte-reseau-mesure\/","og_site_name":"R\u00e9seau Mesure","article_publisher":"https:\/\/www.facebook.com\/reseaumesure\/","article_modified_time":"2019-06-13T13:20:30+00:00","og_image":[{"url":"https:\/\/www.reseau-mesure.com\/wp-content\/uploads\/2018\/10\/AdobeStock_131148175-1024x597.jpeg","type":"","width":"","height":""}],"twitter_card":"summary_large_image","twitter_site":"@ReseauMesure","twitter_misc":{"Gesch\u00e4tzte Lesezeit":"10\u00a0Minuten"},"schema":{"@context":"https:\/\/schema.org","@graph":[{"@type":"WebPage","@id":"https:\/\/www.reseau-mesure.com\/de\/charte-reseau-mesure\/","url":"https:\/\/www.reseau-mesure.com\/de\/charte-reseau-mesure\/","name":"Charte utilisation site internet du R\u00e9seau Mesure - R\u00e9seau Mesure","isPartOf":{"@id":"https:\/\/www.reseau-mesure.com\/#website"},"primaryImageOfPage":{"@id":"https:\/\/www.reseau-mesure.com\/de\/charte-reseau-mesure\/#primaryimage"},"image":{"@id":"https:\/\/www.reseau-mesure.com\/de\/charte-reseau-mesure\/#primaryimage"},"thumbnailUrl":"https:\/\/www.reseau-mesure.com\/wp-content\/uploads\/2018\/10\/AdobeStock_131148175-1024x597.jpeg","datePublished":"2017-12-07T05:52:49+00:00","dateModified":"2019-06-13T13:20:30+00:00","description":"La charte d'utilisation du site du R\u00e9seau Mesure nous assure \u00e0 tous un fonctionnement respecteux et responsables au quotidien.","breadcrumb":{"@id":"https:\/\/www.reseau-mesure.com\/de\/charte-reseau-mesure\/#breadcrumb"},"inLanguage":"de","potentialAction":[{"@type":"ReadAction","target":["https:\/\/www.reseau-mesure.com\/de\/charte-reseau-mesure\/"]}]},{"@type":"ImageObject","inLanguage":"de","@id":"https:\/\/www.reseau-mesure.com\/de\/charte-reseau-mesure\/#primaryimage","url":"https:\/\/www.reseau-mesure.com\/wp-content\/uploads\/2018\/10\/AdobeStock_131148175-1024x597.jpeg","contentUrl":"https:\/\/www.reseau-mesure.com\/wp-content\/uploads\/2018\/10\/AdobeStock_131148175-1024x597.jpeg"},{"@type":"BreadcrumbList","@id":"https:\/\/www.reseau-mesure.com\/de\/charte-reseau-mesure\/#breadcrumb","itemListElement":[{"@type":"ListItem","position":1,"name":"Accueil","item":"https:\/\/www.reseau-mesure.com\/"},{"@type":"ListItem","position":2,"name":"Charte utilisation site internet du R\u00e9seau Mesure"}]},{"@type":"WebSite","@id":"https:\/\/www.reseau-mesure.com\/#website","url":"https:\/\/www.reseau-mesure.com\/","name":"Netzwerk-Messung","description":"Netzwerkma\u00dfnahme","publisher":{"@id":"https:\/\/www.reseau-mesure.com\/#organization"},"potentialAction":[{"@type":"SearchAction","target":{"@type":"EntryPoint","urlTemplate":"https:\/\/www.reseau-mesure.com\/?s={search_term_string}"},"query-input":{"@type":"PropertyValueSpecification","valueRequired":true,"valueName":"search_term_string"}}],"inLanguage":"de"},{"@type":"Organization","@id":"https:\/\/www.reseau-mesure.com\/#organization","name":"Netzwerk-Messung","url":"https:\/\/www.reseau-mesure.com\/","logo":{"@type":"ImageObject","inLanguage":"de","@id":"https:\/\/www.reseau-mesure.com\/#\/schema\/logo\/image\/","url":"https:\/\/www.reseau-mesure.com\/wp-content\/uploads\/2018\/02\/logo-max.png","contentUrl":"https:\/\/www.reseau-mesure.com\/wp-content\/uploads\/2018\/02\/logo-max.png","width":545,"height":285,"caption":"R\u00e9seau-Mesure"},"image":{"@id":"https:\/\/www.reseau-mesure.com\/#\/schema\/logo\/image\/"},"sameAs":["https:\/\/www.facebook.com\/reseaumesure\/","https:\/\/x.com\/ReseauMesure","https:\/\/www.linkedin.com\/company\/reseau-mesure\/"]}]}},"_links":{"self":[{"href":"https:\/\/www.reseau-mesure.com\/de\/wp-json\/wp\/v2\/pages\/337","targetHints":{"allow":["GET"]}}],"collection":[{"href":"https:\/\/www.reseau-mesure.com\/de\/wp-json\/wp\/v2\/pages"}],"about":[{"href":"https:\/\/www.reseau-mesure.com\/de\/wp-json\/wp\/v2\/types\/page"}],"author":[{"embeddable":true,"href":"https:\/\/www.reseau-mesure.com\/de\/wp-json\/wp\/v2\/users\/685"}],"replies":[{"embeddable":true,"href":"https:\/\/www.reseau-mesure.com\/de\/wp-json\/wp\/v2\/comments?post=337"}],"version-history":[{"count":0,"href":"https:\/\/www.reseau-mesure.com\/de\/wp-json\/wp\/v2\/pages\/337\/revisions"}],"wp:attachment":[{"href":"https:\/\/www.reseau-mesure.com\/de\/wp-json\/wp\/v2\/media?parent=337"}],"curies":[{"name":"wp","href":"https:\/\/api.w.org\/{rel}","templated":true}]}}