{"id":383,"date":"2017-12-12T21:09:58","date_gmt":"2017-12-12T20:09:58","guid":{"rendered":"http:\/\/reseau-mesure.fr\/?page_id=383"},"modified":"2026-03-16T12:06:38","modified_gmt":"2026-03-16T11:06:38","slug":"achats-mutualises","status":"publish","type":"page","link":"https:\/\/www.reseau-mesure.com\/de\/achats-mutualises\/","title":{"rendered":"Zusammengeschlossener Einkauf Eink\u00e4ufergruppe"},"content":{"rendered":"<h1>\n\t\t\t\tEine Quelle f\u00fcr zus\u00e4tzliche Einsparungen GEGENSEITIGE K\u00c4UFE\n\t\t<\/h1>\n\t<h2><strong>Eine Quelle zus\u00e4tzlicher Einsparungen f\u00fcr Mitglieder bei ihren Ausgaben durch gepoolte Einkaufsaktionen, die von speziellen Arbeitsgruppen verwaltet werden.<\/strong><\/h2>\n<p>&nbsp;<\/p>\nDas Pooling erm\u00f6glicht es, Partnerschaften in verschiedenen Bereichen aufzubauen und den Mitgliedern die M\u00f6glichkeit zu geben, von Vorzugspreisen zu profitieren, die dank der St\u00e4rke des Netzwerks und der gepoolten Eink\u00e4ufe aufgebaut wurden.<br \/>\n\n<p><strong>Gepoolte Eink\u00e4ufe sind eine wichtige Einsparungsquelle.<\/strong><\/p>\n<p>&nbsp;<\/p>\n<p>Bisher bietet Ihnen das Messnetzwerk die folgenden Partnerschaften:<\/p>\n<figure itemscope itemtype=\"https:\/\/schema.org\/ImageObject\">\n\t\t\t\t<a href=\"https:\/\/www.reseau-mesure.com\/de\/simpel\/\"  target=\"_blank\" rel=\"noopener\"  itemprop=\"url\">\n\t\t\t\t<img decoding=\"async\" src=\"https:\/\/www.reseau-mesure.com\/wp-content\/uploads\/2021\/09\/SIMPEL.png\" alt=\"SIMPEL\" height=\"150\" width=\"150\" title=\"SIMPEL\" onerror=\"this.style.display='none'\" loading=\"lazy\" \/>\n\t\t\t\t<\/a>\n\t<\/figure>\n<figure itemscope itemtype=\"https:\/\/schema.org\/ImageObject\">\n\t\t\t\t<a href=\"https:\/\/www.reseau-mesure.com\/de\/origaly-3\/\"  target=\"_blank\" rel=\"noopener\"  itemprop=\"url\">\n\t\t\t\t<img decoding=\"async\" src=\"https:\/\/www.reseau-mesure.com\/wp-content\/uploads\/2023\/02\/origaly-1.jpg\" alt=\"origaly\" height=\"224\" width=\"235\" title=\"urspr\u00fcnglich\" onerror=\"this.style.display='none'\" loading=\"lazy\" \/>\n\t\t\t\t<\/a>\n\t<\/figure>\n<figure itemscope itemtype=\"https:\/\/schema.org\/ImageObject\">\n\t\t\t\t<a href=\"https:\/\/www.reseau-mesure.com\/de\/securite-routiere-et-eco-conduite\/\"  target=\"_blank\" rel=\"noopener\"  itemprop=\"url\">\n\t\t\t\t<img decoding=\"async\" src=\"https:\/\/www.reseau-mesure.com\/wp-content\/uploads\/2019\/05\/LOGO.jpg\" alt=\"Logo Centaure\" height=\"193\" width=\"392\" title=\"Centaur-Logo\" onerror=\"this.style.display='none'\" loading=\"lazy\" \/>\n\t\t\t\t<\/a>\n\t<\/figure>\n<figure itemscope itemtype=\"https:\/\/schema.org\/ImageObject\">\n\t\t\t\t<a href=\"https:\/\/www.reseau-mesure.com\/de\/tnt-2\/\"  target=\"_blank\" rel=\"noopener\"  itemprop=\"url\">\n\t\t\t\t<img decoding=\"async\" src=\"https:\/\/www.reseau-mesure.com\/wp-content\/uploads\/2018\/01\/logo-tnt-fr.png\" alt=\"logo-tnt-fr\" height=\"114\" width=\"204\" title=\"logo-tnt-fr\" onerror=\"this.style.display='none'\" loading=\"lazy\" \/>\n\t\t\t\t<\/a>\n\t<\/figure>\n<figure itemscope itemtype=\"https:\/\/schema.org\/ImageObject\">\n\t\t\t\t<a href=\"https:\/\/www.reseau-mesure.com\/de\/carprassur\/\"  target=\"_self\" itemprop=\"url\">\n\t\t\t\t<img decoding=\"async\" src=\"https:\/\/www.reseau-mesure.com\/wp-content\/uploads\/2024\/09\/CARPRASSUR-logo-rvb-01.jpg\" alt=\"CARPRASSUR\" height=\"790\" width=\"1595\" title=\"CARPRASSUR-Logo rvb-01\" onerror=\"this.style.display='none'\" loading=\"lazy\" \/>\n\t\t\t\t<\/a>\n\t<\/figure>\n<figure itemscope itemtype=\"https:\/\/schema.org\/ImageObject\">\n\t\t\t\t<a href=\"https:\/\/www.reseau-mesure.com\/de\/place-des-salaries\/\"  target=\"_blank\" rel=\"noopener\"  itemprop=\"url\">\n\t\t\t\t<img decoding=\"async\" src=\"https:\/\/www.reseau-mesure.com\/wp-content\/uploads\/2023\/11\/Logo_Place-des-Salaries_2023.png\" alt=\"Logo_Place des Salarie\u0301s_2023\" height=\"302\" width=\"1454\" title=\"Logo_Place des Salari\u00e9s_2023\" onerror=\"this.style.display='none'\" loading=\"lazy\" \/>\n\t\t\t\t<\/a>\n\t<\/figure>\n<figure itemscope itemtype=\"https:\/\/schema.org\/ImageObject\">\n\t\t\t\t<img decoding=\"async\" src=\"https:\/\/www.reseau-mesure.com\/wp-content\/uploads\/2020\/04\/ACAVI-logo.jpg\" alt=\"LOGO ACAVI\" height=\"568\" width=\"1649\" title=\"ACAVI logo\" onerror=\"this.style.display='none'\" loading=\"lazy\" \/>\n\t<\/figure>\n<figure itemscope itemtype=\"https:\/\/schema.org\/ImageObject\">\n\t\t\t\t<a href=\"https:\/\/www.reseau-mesure.com\/de\/haxoneo\/\"  target=\"_blank\" rel=\"noopener\"  itemprop=\"url\">\n\t\t\t\t<img decoding=\"async\" src=\"https:\/\/www.reseau-mesure.com\/wp-content\/uploads\/2018\/01\/haxoneo.png\" alt=\"HAXONEO\" height=\"84\" width=\"296\" title=\"haxoneo\" onerror=\"this.style.display='none'\" loading=\"lazy\" \/>\n\t\t\t\t<\/a>\n\t<\/figure>\n<figure itemscope itemtype=\"https:\/\/schema.org\/ImageObject\">\n\t\t\t\t<img decoding=\"async\" src=\"https:\/\/www.reseau-mesure.com\/wp-content\/uploads\/2024\/09\/CARPRASSUR-logo-rvb-01.jpg\" alt=\"CARPRASSUR\" height=\"790\" width=\"1595\" title=\"CARPRASSUR-Logo rvb-01\" onerror=\"this.style.display='none'\" loading=\"lazy\" \/>\n\t<\/figure>\n\t<h2>CARPRASSUR<\/h2>\n<p>Das Measurement Network hat mit CARPRASSUR eine Partnerschaft f\u00fcr Versicherungen geschlossen, die sich auf drei Achsen konzentriert:<\/p>\n<ul>\n<li><strong>Schadensversicherungsvertrag <\/strong>(Zivilhaftung, berufliche und gesch\u00e4ftliche Multirisks, Kfz-Versicherung, technische Risiken usw.)<\/li>\n<li><strong>Versicherungspolice f\u00fcr Personen und Manager <\/strong>(zus\u00e4tzliche Kosten f\u00fcr die Gruppenbetreuung, Gruppen- und Einzelvorsorgekasse, Altersvorsorge usw.)<\/li>\n<li><strong>Onlinesicherheit <\/strong>Die finanziellen Folgen nach einem Angriff auf Computersysteme (Betrug, Angriff, Virus, menschliches Versagen) sind <u>von SCH\u00c4DEN UND RC-Vertr\u00e4gen ausgeschlossen<\/u>. Der CYBER RISK-Vertrag wird zu einem ESSENTIAL zum Schutz Ihres Unternehmens.<\/li>\n<\/ul>\n<p><a href=\"https:\/\/www.reseau-mesure.com\/de\/carprassur\/\"><b>Finde mehr heraus ...<\/b><\/a><\/p>\n\t\t\t<a href=\"https:\/\/www.reseau-mesure.com\/wp-content\/uploads\/2026\/03\/Offre-CARPRASSUR-2026-CIFL-Reseau-Mesure.pdf\"  target=\"_blank\" rel=\"noopener\">\n\t\t\t\t\t\t\tLaden Sie das Protokoll herunter\n\t\t\t\t\t<\/a>\n<figure itemscope itemtype=\"https:\/\/schema.org\/ImageObject\">\n\t\t\t\t<img decoding=\"async\" src=\"https:\/\/www.reseau-mesure.com\/wp-content\/uploads\/2019\/04\/TNT-taille-web.jpg\" alt=\"TNT FEDEX\" height=\"179\" width=\"320\" title=\"TNT FEDEX\" onerror=\"this.style.display='none'\" loading=\"lazy\" \/>\n\t<\/figure>\n<figure itemscope itemtype=\"https:\/\/schema.org\/ImageObject\">\n\t\t\t\t<img decoding=\"async\" src=\"https:\/\/www.reseau-mesure.com\/wp-content\/uploads\/2022\/01\/FedEx.jpg\" alt=\"logo fedex\" height=\"250\" width=\"260\" title=\"Fedex\" onerror=\"this.style.display='none'\" loading=\"lazy\" \/>\n\t<\/figure>\n\t<h2>TNT-FEDEX<\/h2>\n<p>Das Messnetzwerk bietet seinen Mitgliedern die M\u00f6glichkeit, Ressourcen zu b\u00fcndeln und Eink\u00e4ufe au\u00dferhalb der Produktion zu optimieren, um den besten Service zu erhalten und die Kosten zu senken.<\/p>\n<p>Das Angebot von TNT-FEDEX wurde von der Messnetzwerk-Arbeitsgruppe ausgew\u00e4hlt und erm\u00f6glicht es allen Unternehmen, die Mitglieder des Messnetzwerks sind, von Vorzugstarifen f\u00fcr die folgenden Dienstleistungen zu profitieren:<\/p>\n<ul>\n<li>Pakettransport in Frankreich<\/li>\n<li>Palettenservice Frankreich anbieten<\/li>\n<li>Paketangebot International Express und Economy Express<\/li>\n<\/ul>\n<p><em>\u00a0<\/em><\/p>\n<p><a href=\"https:\/\/www.reseau-mesure.com\/de\/tnt-2\/\"><b>Finde mehr heraus ...<\/b><\/a><\/p>\n<figure itemscope itemtype=\"https:\/\/schema.org\/ImageObject\">\n\t\t\t\t<img decoding=\"async\" src=\"https:\/\/www.reseau-mesure.com\/wp-content\/uploads\/2019\/04\/LOGO.jpg\" alt=\"logo Centaure\" height=\"193\" width=\"392\" title=\"Zentauren-Logo\" onerror=\"this.style.display='none'\" loading=\"lazy\" \/>\n\t<\/figure>\n\t<h2>ZENTAUR<\/h2>\n<p>Im Rahmen der Arbeit der Gruppe \u201eThe Road and the Company\u201c bieten das R\u00e9seau Mesure und das CIFL ihren Mitgliedern Verkehrssicherheitstrainings zu erm\u00e4\u00dfigten Preisen an.<\/p>\n<p><b>F\u00fcr Unternehmen im Messnetzwerk und im CIFL wird das Stra\u00dfenrisiko in ihrem einzigen Dokument als Hauptrisiko identifiziert.<\/b><\/p>\n<p>4 possibilit\u00e9s de formation sont \u00e0 disposition des adh\u00e9rents sur 1 journ\u00e9e, 2 jours ou une \u00ab\u00a0 journ\u00e9e \u00e9quipe interne \u00bb,<\/p>\n<p>&nbsp;<\/p>\n<p><a href=\"https:\/\/www.reseau-mesure.com\/de\/securite-routiere-et-eco-conduite-2\/\"><b>Finde mehr heraus ...<\/b><\/a><\/p>\n\t\t\t<a href=\"mailto:confray@reseau-mesure.com\"  target=\"_blank\" rel=\"noopener\">\n\t\t\t\t\t\t\tZur Anmeldung\n\t\t\t\t\t<\/a>\n<figure itemscope itemtype=\"https:\/\/schema.org\/ImageObject\">\n\t\t\t\t<img decoding=\"async\" src=\"https:\/\/www.reseau-mesure.com\/wp-content\/uploads\/2019\/04\/HAXONEO-taille-web.jpg\" alt=\"HAXONEO taille web\" height=\"91\" width=\"320\" title=\"HAXONEO Webgr\u00f6\u00dfe\" onerror=\"this.style.display='none'\" loading=\"lazy\" \/>\n\t<\/figure>\n\tHAXONEO<br \/>\n<strong><br \/>\nReduzieren Sie Ihre Kosten und vereinfachen Sie Ihre Eink\u00e4ufe mit Haxoneo ...<br \/>\n<\/strong>B\u00fcroumgebung - Verpackung - Wartung und Instandhaltung von R\u00e4umlichkeiten - Fahrzeuge und Transport usw.\n<strong>Zeitersparnis<\/strong><br \/>\nEine einzige Bestellplattform f\u00fcr mehrere Lieferanten f\u00fcr alle Ihre Eink\u00e4ufe\n<strong>Kontrolle des Einkaufs:<\/strong><br \/>\n\u00dcberwachung der get\u00e4tigten Eink\u00e4ufe, Verwaltung der Favoritenlisten und Ihrer verschiedenen Benutzer\n<strong>Mehrfachauswahl:<\/strong><br \/>\n\u00dcber 200.000 Produkte und Dienstleistungen aus \u00fcber 70 Kategorien und 100 Lieferanten\n<p><a href=\"https:\/\/www.reseau-mesure.com\/de\/haxoneo\/\"><b>Finde mehr heraus ...<\/b><\/a><\/p>\n\t\t\t<a href=\"https:\/\/www.reseau-mesure.com\/wp-content\/uploads\/2026\/01\/Protocole-Reseau-Mesure-2026.pdf\"  target=\"_blank\" rel=\"noopener\">\n\t\t\t\t\t\t\tLaden Sie das Protokoll herunter\n\t\t\t\t\t<\/a>\n<figure itemscope itemtype=\"https:\/\/schema.org\/ImageObject\">\n\t\t\t\t<img decoding=\"async\" src=\"https:\/\/www.reseau-mesure.com\/wp-content\/uploads\/2023\/11\/Logo_Place-des-Salaries_2023.png\" alt=\"Logo_Place des Salarie\u0301s_2023\" height=\"302\" width=\"1454\" title=\"Logo_Place des Salari\u00e9s_2023\" onerror=\"this.style.display='none'\" loading=\"lazy\" \/>\n\t<\/figure>\n\t<h2>MITARBEITERPLATZ<\/h2>\n<p>&nbsp;<\/p>\n<p>Dank der Partnerschaft mit dem Measurement Network k\u00f6nnen Sie auf die Dienste des &quot;Place des salari\u00e9es&quot; zugreifen.<\/p>\n<p><b>Bieten Sie Ihren Mitarbeitern die gleichen Vorteile wie den Betriebsr\u00e4ten gro\u00dfer Gruppen.\u00a0<\/b><\/p>\n<ul>\n<li>mehr Kaufkraft<\/li>\n<li>mehr Motivation<\/li>\n<li>mehr Einfachheit<\/li>\n<\/ul>\n<p><strong>Ab Erm\u00e4\u00dfigungen: Hotels, Freizeitaktivit\u00e4ten, Ferienclubs, gro\u00dfe Sportmarken, Konfektionsware\u2026.<\/strong><\/p>\n<p>Steigern Sie die Kaufkraft Ihrer Mitarbeiter ohne Sozialabgaben zu zahlen, das geht!<\/p>\nUnd ja, Sie k\u00f6nnen Ihre Mitarbeiter belohnen, ohne dass Ihnen, dem Arbeitgeber oder ihnen zus\u00e4tzliche Kosten (Sozialabgaben, Lohnsteuer etc.) entstehen. Ein System <strong>Win-Win<\/strong> dank eines Werkzeugs, das oft missverstanden oder missbraucht wird.\n<p><a href=\"https:\/\/www.reseau-mesure.com\/de\/place-des-salaries\/\"><b>Finde mehr heraus ...<\/b><\/a><\/p>\n\t\t\t<a href=\"https:\/\/www.reseau-mesure.com\/wp-content\/uploads\/2026\/01\/Protocole-Reseau-Mesure-2026.pdf\"  target=\"_blank\" rel=\"noopener\">\n\t\t\t\t\t\t\tLaden Sie das Protokoll herunter\n\t\t\t\t\t<\/a>\n<figure itemscope itemtype=\"https:\/\/schema.org\/ImageObject\">\n\t\t\t\t<a href=\"https:\/\/www.acavi.fr\/\"  target=\"_blank\" rel=\"noopener\"  itemprop=\"url\">\n\t\t\t\t<img decoding=\"async\" src=\"https:\/\/www.reseau-mesure.com\/wp-content\/uploads\/2020\/04\/ACAVI-logo.jpg\" alt=\"LOGO ACAVI\" height=\"568\" width=\"1649\" title=\"ACAVI logo\" onerror=\"this.style.display='none'\" loading=\"lazy\" \/>\n\t\t\t\t<\/a>\n\t<\/figure>\n\t\n<p><a href=\"https:\/\/www.reseau-mesure.com\/de\/partenaire\/?pid=566\">ACAVI &#8211; Cabinet de recrutement<\/a><\/p>\n<p>ACAVI cabinet de recrutement de profils techniques et scientifiques, propose dans le cadre du partenariat avec le R\u00e9seau Mesure, une offre de recrutement r\u00e9serv\u00e9e aux adh\u00e9rents.<\/p>\n<p><b>Kontakt <a href=\"mailto:christine.giovane@acavi.fr\">Christine Giovane<\/a> f\u00fcr mehr Informationen.\u00a0<\/b><\/p>\n<p>&nbsp;<\/p>\n<figure itemscope itemtype=\"https:\/\/schema.org\/ImageObject\">\n\t\t\t\t<img decoding=\"async\" src=\"https:\/\/www.reseau-mesure.com\/wp-content\/uploads\/2023\/02\/origaly-1.jpg\" alt=\"origaly\" height=\"224\" width=\"235\" title=\"urspr\u00fcnglich\" onerror=\"this.style.display='none'\" loading=\"lazy\" \/>\n\t<\/figure>\n\t<h2>ORIGINAL<\/h2>\n<p><b>Innovationsfinanzierungsl\u00f6sung<\/b><\/p>\n<p>Im Rahmen der Arbeit der Einkaufsgruppe bietet das Messnetzwerk seinen Mitgliedern eine Unterst\u00fctzungsl\u00f6sung zur Finanzierung von Innovationen zu Vorzugsbedingungen.<\/p>\n<p>\u2013 Forschungssteuergutschrift<\/p>\n<p>\u2013 Innovationssteuergutschrift<\/p>\n<p>\u2013 Junges innovatives Unternehmen<\/p>\n<p>\u2013 CIR- und CII-Zulassungen<\/p>\n<p>\u2013 Beihilfen &amp; Subventionen<\/p>\n<p>\u2013 IP-Box<\/p>\n<p><strong><a href=\"https:\/\/www.reseau-mesure.com\/de\/origaly-3\/\">Finde mehr heraus ...<\/a><\/strong><\/p>\n<p>&nbsp;<\/p>\n\t\t\t<a href=\"https:\/\/www.reseau-mesure.com\/wp-content\/uploads\/2023\/09\/Offre-ORIGALY-2023-Reseau-Mesure.docx\"  target=\"_blank\" rel=\"noopener\">\n\t\t\t\t\t\t\tLaden Sie das Protokoll herunter\n\t\t\t\t\t<\/a>\n<figure itemscope itemtype=\"https:\/\/schema.org\/ImageObject\">\n\t\t\t\t<a href=\"https:\/\/www.reseau-mesure.com\/de\/simpel\/\"  target=\"_blank\" rel=\"noopener\"  itemprop=\"url\">\n\t\t\t\t<img decoding=\"async\" src=\"https:\/\/www.reseau-mesure.com\/wp-content\/uploads\/2021\/09\/SIMPEL.png\" alt=\"SIMPEL\" height=\"150\" width=\"150\" title=\"SIMPEL\" onerror=\"this.style.display='none'\" loading=\"lazy\" \/>\n\t\t\t\t<\/a>\n\t<\/figure>\n\t<h2>SIMPEL \u2013 langfristige Miet- und Abonnementl\u00f6sungen<\/h2>\n<p>Das Measurement Network hat eine Partnerschaft mit\u00a0<a href=\"https:\/\/www.cleodis.com\/\">CLEODIS<\/a>\u00a0um Ihre langfristigen Miet- und Abo-Angebote zu entwickeln: SIMPEL-Angebot.<\/p>\n<p>Ziel ist es, Mitgliedsunternehmen bei der Transformation ihres Modells zu unterst\u00fctzen; vom transaktionalen Verkauf zu einer Dienstleistungs\u00f6konomie zu wechseln und damit neue Markterwartungen zu erf\u00fcllen.<\/p>\n<p>Bieten Sie Ihren Kunden neue Dienstleistungen an, indem Sie Ihre langfristigen Miet- und Abonnementangebote entwickeln.<\/p>\n<p>SIMPEL BEGLEITET SIE: FINANZIERUNG UND VERWALTUNG VON 100% DES NUTZUNGSANGEBOT<\/p>\n<p><b><a href=\"https:\/\/www.reseau-mesure.com\/de\/simpel\/\">Finde mehr heraus ...<\/a><\/b><\/p>\n\t\t\t<a href=\"https:\/\/www.reseau-mesure.com\/wp-content\/uploads\/2026\/03\/Protocole-CLEODIS-SIMPEL-RM-CIFL-Reseau-Mesure.pdf\"  target=\"_blank\" rel=\"noopener\">\n\t\t\t\t\t\t\tLaden Sie das Protokoll herunter\n\t\t\t\t\t<\/a>\n\t\t\t<a href=\"mailto:eduflot@reseau-mesure.com\"  target=\"_self\">\n\t\t\t\t\t\t\tM\u00f6chten Sie der Arbeitsgruppe \u201eEinkauf\u201c beitreten?\n\t\t\t\t\t<\/a>","protected":false},"excerpt":{"rendered":"<p>Eine Quelle zus\u00e4tzlicher Einsparungen GEGENSEITIGE K\u00c4UFE Eine Quelle zus\u00e4tzlicher Einsparungen f\u00fcr Mitglieder in Bezug auf ihre Ausgaben durch gepoolte Einkaufsaktionen, die von speziellen Arbeitsgruppen verwaltet werden. Pooling erm\u00f6glicht es, Partnerschaften in verschiedenen Bereichen aufzubauen und den Mitgliedern die M\u00f6glichkeit zu geben, von Vorzugspreisen zu profitieren, die dank ...<\/p>","protected":false},"author":685,"featured_media":0,"parent":0,"menu_order":0,"comment_status":"closed","ping_status":"closed","template":"","meta":{"_acf_changed":false,"footnotes":""},"class_list":["post-383","page","type-page","status-publish","hentry"],"acf":[],"yoast_head":"<!-- This site is optimized with the Yoast SEO plugin v27.4 - https:\/\/yoast.com\/product\/yoast-seo-wordpress\/ -->\n<title>Achats mutualis\u00e9s | Groupe Achats - R\u00e9seau Mesure<\/title>\n<meta name=\"description\" content=\"Le R\u00e9seau Mesure propose des achats mutualis\u00e9s via l&#039;action du groupe achat pour de nombreux biens ou services disponibles pour tous les adh\u00e9rents\" \/>\n<meta name=\"robots\" content=\"index, follow, max-snippet:-1, max-image-preview:large, max-video-preview:-1\" \/>\n<link rel=\"canonical\" href=\"https:\/\/www.reseau-mesure.com\/de\/achats-mutualises\/\" \/>\n<meta property=\"og:locale\" content=\"de_DE\" \/>\n<meta property=\"og:type\" content=\"article\" \/>\n<meta property=\"og:title\" content=\"Achats mutualis\u00e9s\" \/>\n<meta property=\"og:description\" content=\"Actions du groupe achats\" \/>\n<meta property=\"og:url\" content=\"https:\/\/www.reseau-mesure.com\/de\/achats-mutualises\/\" \/>\n<meta property=\"og:site_name\" content=\"R\u00e9seau Mesure\" \/>\n<meta property=\"article:publisher\" content=\"https:\/\/www.facebook.com\/reseaumesure\/\" \/>\n<meta property=\"article:modified_time\" content=\"2026-03-16T11:06:38+00:00\" \/>\n<meta property=\"og:image\" content=\"https:\/\/www.reseau-mesure.com\/wp-content\/uploads\/2021\/09\/SIMPEL.png\" \/>\n<meta name=\"twitter:card\" content=\"summary_large_image\" \/>\n<meta name=\"twitter:site\" content=\"@ReseauMesure\" \/>\n<meta name=\"twitter:label1\" content=\"Gesch\u00e4tzte Lesezeit\" \/>\n\t<meta name=\"twitter:data1\" content=\"4\u00a0Minuten\" \/>\n<script type=\"application\/ld+json\" class=\"yoast-schema-graph\">{\"@context\":\"https:\\\/\\\/schema.org\",\"@graph\":[{\"@type\":\"WebPage\",\"@id\":\"https:\\\/\\\/www.reseau-mesure.com\\\/achats-mutualises\\\/\",\"url\":\"https:\\\/\\\/www.reseau-mesure.com\\\/achats-mutualises\\\/\",\"name\":\"Achats mutualis\u00e9s | Groupe Achats - R\u00e9seau Mesure\",\"isPartOf\":{\"@id\":\"https:\\\/\\\/www.reseau-mesure.com\\\/#website\"},\"primaryImageOfPage\":{\"@id\":\"https:\\\/\\\/www.reseau-mesure.com\\\/achats-mutualises\\\/#primaryimage\"},\"image\":{\"@id\":\"https:\\\/\\\/www.reseau-mesure.com\\\/achats-mutualises\\\/#primaryimage\"},\"thumbnailUrl\":\"https:\\\/\\\/www.reseau-mesure.com\\\/wp-content\\\/uploads\\\/2021\\\/09\\\/SIMPEL.png\",\"datePublished\":\"2017-12-12T20:09:58+00:00\",\"dateModified\":\"2026-03-16T11:06:38+00:00\",\"description\":\"Le R\u00e9seau Mesure propose des achats mutualis\u00e9s via l'action du groupe achat pour de nombreux biens ou services disponibles pour tous les adh\u00e9rents\",\"breadcrumb\":{\"@id\":\"https:\\\/\\\/www.reseau-mesure.com\\\/achats-mutualises\\\/#breadcrumb\"},\"inLanguage\":\"de\",\"potentialAction\":[{\"@type\":\"ReadAction\",\"target\":[\"https:\\\/\\\/www.reseau-mesure.com\\\/achats-mutualises\\\/\"]}]},{\"@type\":\"ImageObject\",\"inLanguage\":\"de\",\"@id\":\"https:\\\/\\\/www.reseau-mesure.com\\\/achats-mutualises\\\/#primaryimage\",\"url\":\"https:\\\/\\\/www.reseau-mesure.com\\\/wp-content\\\/uploads\\\/2021\\\/09\\\/SIMPEL.png\",\"contentUrl\":\"https:\\\/\\\/www.reseau-mesure.com\\\/wp-content\\\/uploads\\\/2021\\\/09\\\/SIMPEL.png\"},{\"@type\":\"BreadcrumbList\",\"@id\":\"https:\\\/\\\/www.reseau-mesure.com\\\/achats-mutualises\\\/#breadcrumb\",\"itemListElement\":[{\"@type\":\"ListItem\",\"position\":1,\"name\":\"Accueil\",\"item\":\"https:\\\/\\\/www.reseau-mesure.com\\\/\"},{\"@type\":\"ListItem\",\"position\":2,\"name\":\"Achats mutualis\u00e9s | Groupe Achats\"}]},{\"@type\":\"WebSite\",\"@id\":\"https:\\\/\\\/www.reseau-mesure.com\\\/#website\",\"url\":\"https:\\\/\\\/www.reseau-mesure.com\\\/\",\"name\":\"R\u00e9seau-Mesure\",\"description\":\"R\u00e9seau Mesure\",\"publisher\":{\"@id\":\"https:\\\/\\\/www.reseau-mesure.com\\\/#organization\"},\"potentialAction\":[{\"@type\":\"SearchAction\",\"target\":{\"@type\":\"EntryPoint\",\"urlTemplate\":\"https:\\\/\\\/www.reseau-mesure.com\\\/?s={search_term_string}\"},\"query-input\":{\"@type\":\"PropertyValueSpecification\",\"valueRequired\":true,\"valueName\":\"search_term_string\"}}],\"inLanguage\":\"de\"},{\"@type\":\"Organization\",\"@id\":\"https:\\\/\\\/www.reseau-mesure.com\\\/#organization\",\"name\":\"R\u00e9seau-Mesure\",\"url\":\"https:\\\/\\\/www.reseau-mesure.com\\\/\",\"logo\":{\"@type\":\"ImageObject\",\"inLanguage\":\"de\",\"@id\":\"https:\\\/\\\/www.reseau-mesure.com\\\/#\\\/schema\\\/logo\\\/image\\\/\",\"url\":\"https:\\\/\\\/www.reseau-mesure.com\\\/wp-content\\\/uploads\\\/2018\\\/02\\\/logo-max.png\",\"contentUrl\":\"https:\\\/\\\/www.reseau-mesure.com\\\/wp-content\\\/uploads\\\/2018\\\/02\\\/logo-max.png\",\"width\":545,\"height\":285,\"caption\":\"R\u00e9seau-Mesure\"},\"image\":{\"@id\":\"https:\\\/\\\/www.reseau-mesure.com\\\/#\\\/schema\\\/logo\\\/image\\\/\"},\"sameAs\":[\"https:\\\/\\\/www.facebook.com\\\/reseaumesure\\\/\",\"https:\\\/\\\/x.com\\\/ReseauMesure\",\"https:\\\/\\\/www.linkedin.com\\\/company\\\/reseau-mesure\\\/\"]}]}<\/script>\n<!-- \/ Yoast SEO plugin. -->","yoast_head_json":{"title":"Achats mutualis\u00e9s | Groupe Achats - R\u00e9seau Mesure","description":"Le R\u00e9seau Mesure propose des achats mutualis\u00e9s via l'action du groupe achat pour de nombreux biens ou services disponibles pour tous les adh\u00e9rents","robots":{"index":"index","follow":"follow","max-snippet":"max-snippet:-1","max-image-preview":"max-image-preview:large","max-video-preview":"max-video-preview:-1"},"canonical":"https:\/\/www.reseau-mesure.com\/de\/achats-mutualises\/","og_locale":"de_DE","og_type":"article","og_title":"Achats mutualis\u00e9s","og_description":"Actions du groupe achats","og_url":"https:\/\/www.reseau-mesure.com\/de\/achats-mutualises\/","og_site_name":"R\u00e9seau Mesure","article_publisher":"https:\/\/www.facebook.com\/reseaumesure\/","article_modified_time":"2026-03-16T11:06:38+00:00","og_image":[{"url":"https:\/\/www.reseau-mesure.com\/wp-content\/uploads\/2021\/09\/SIMPEL.png","type":"","width":"","height":""}],"twitter_card":"summary_large_image","twitter_site":"@ReseauMesure","twitter_misc":{"Gesch\u00e4tzte Lesezeit":"4\u00a0Minuten"},"schema":{"@context":"https:\/\/schema.org","@graph":[{"@type":"WebPage","@id":"https:\/\/www.reseau-mesure.com\/achats-mutualises\/","url":"https:\/\/www.reseau-mesure.com\/achats-mutualises\/","name":"Achats mutualis\u00e9s | Groupe Achats - R\u00e9seau Mesure","isPartOf":{"@id":"https:\/\/www.reseau-mesure.com\/#website"},"primaryImageOfPage":{"@id":"https:\/\/www.reseau-mesure.com\/achats-mutualises\/#primaryimage"},"image":{"@id":"https:\/\/www.reseau-mesure.com\/achats-mutualises\/#primaryimage"},"thumbnailUrl":"https:\/\/www.reseau-mesure.com\/wp-content\/uploads\/2021\/09\/SIMPEL.png","datePublished":"2017-12-12T20:09:58+00:00","dateModified":"2026-03-16T11:06:38+00:00","description":"Le R\u00e9seau Mesure propose des achats mutualis\u00e9s via l'action du groupe achat pour de nombreux biens ou services disponibles pour tous les adh\u00e9rents","breadcrumb":{"@id":"https:\/\/www.reseau-mesure.com\/achats-mutualises\/#breadcrumb"},"inLanguage":"de","potentialAction":[{"@type":"ReadAction","target":["https:\/\/www.reseau-mesure.com\/achats-mutualises\/"]}]},{"@type":"ImageObject","inLanguage":"de","@id":"https:\/\/www.reseau-mesure.com\/achats-mutualises\/#primaryimage","url":"https:\/\/www.reseau-mesure.com\/wp-content\/uploads\/2021\/09\/SIMPEL.png","contentUrl":"https:\/\/www.reseau-mesure.com\/wp-content\/uploads\/2021\/09\/SIMPEL.png"},{"@type":"BreadcrumbList","@id":"https:\/\/www.reseau-mesure.com\/achats-mutualises\/#breadcrumb","itemListElement":[{"@type":"ListItem","position":1,"name":"Accueil","item":"https:\/\/www.reseau-mesure.com\/"},{"@type":"ListItem","position":2,"name":"Achats mutualis\u00e9s | Groupe Achats"}]},{"@type":"WebSite","@id":"https:\/\/www.reseau-mesure.com\/#website","url":"https:\/\/www.reseau-mesure.com\/","name":"Netzwerk-Messung","description":"Netzwerkma\u00dfnahme","publisher":{"@id":"https:\/\/www.reseau-mesure.com\/#organization"},"potentialAction":[{"@type":"SearchAction","target":{"@type":"EntryPoint","urlTemplate":"https:\/\/www.reseau-mesure.com\/?s={search_term_string}"},"query-input":{"@type":"PropertyValueSpecification","valueRequired":true,"valueName":"search_term_string"}}],"inLanguage":"de"},{"@type":"Organization","@id":"https:\/\/www.reseau-mesure.com\/#organization","name":"Netzwerk-Messung","url":"https:\/\/www.reseau-mesure.com\/","logo":{"@type":"ImageObject","inLanguage":"de","@id":"https:\/\/www.reseau-mesure.com\/#\/schema\/logo\/image\/","url":"https:\/\/www.reseau-mesure.com\/wp-content\/uploads\/2018\/02\/logo-max.png","contentUrl":"https:\/\/www.reseau-mesure.com\/wp-content\/uploads\/2018\/02\/logo-max.png","width":545,"height":285,"caption":"R\u00e9seau-Mesure"},"image":{"@id":"https:\/\/www.reseau-mesure.com\/#\/schema\/logo\/image\/"},"sameAs":["https:\/\/www.facebook.com\/reseaumesure\/","https:\/\/x.com\/ReseauMesure","https:\/\/www.linkedin.com\/company\/reseau-mesure\/"]}]}},"_links":{"self":[{"href":"https:\/\/www.reseau-mesure.com\/de\/wp-json\/wp\/v2\/pages\/383","targetHints":{"allow":["GET"]}}],"collection":[{"href":"https:\/\/www.reseau-mesure.com\/de\/wp-json\/wp\/v2\/pages"}],"about":[{"href":"https:\/\/www.reseau-mesure.com\/de\/wp-json\/wp\/v2\/types\/page"}],"author":[{"embeddable":true,"href":"https:\/\/www.reseau-mesure.com\/de\/wp-json\/wp\/v2\/users\/685"}],"replies":[{"embeddable":true,"href":"https:\/\/www.reseau-mesure.com\/de\/wp-json\/wp\/v2\/comments?post=383"}],"version-history":[{"count":5,"href":"https:\/\/www.reseau-mesure.com\/de\/wp-json\/wp\/v2\/pages\/383\/revisions"}],"predecessor-version":[{"id":30348,"href":"https:\/\/www.reseau-mesure.com\/de\/wp-json\/wp\/v2\/pages\/383\/revisions\/30348"}],"wp:attachment":[{"href":"https:\/\/www.reseau-mesure.com\/de\/wp-json\/wp\/v2\/media?parent=383"}],"curies":[{"name":"wp","href":"https:\/\/api.w.org\/{rel}","templated":true}]}}