{"id":387,"date":"2017-12-12T21:11:30","date_gmt":"2017-12-12T20:11:30","guid":{"rendered":"http:\/\/reseau-mesure.fr\/?page_id=387"},"modified":"2026-03-31T12:30:50","modified_gmt":"2026-03-31T10:30:50","slug":"international","status":"publish","type":"page","link":"https:\/\/www.reseau-mesure.com\/de\/international\/","title":{"rendered":"International"},"content":{"rendered":"<h2>\n\t\t\t\tEin Hebel f\u00fcr den INTERNATIONALEN Export\n\t\t<\/h2>\n\t<p><strong>Das Messnetz, ein Exporthebel:\u00a0<\/strong><\/p>\n<ul>\n<li>Gemeinsame Nutzung von Pooling-M\u00f6glichkeiten <strong>Prospektionsoperationen<\/strong> beim <strong>Export.<\/strong><\/li>\n<li><strong>Sich entwickeln<\/strong> <strong>Export<\/strong> durch die Herstellung der <strong>Erfahrungen<\/strong>, Erfolge und das Netzwerk.<\/li>\n<li>Entdeckte Missionen mit B-to-B-Meetings.<\/li>\n<\/ul>\n<h2>\n\t\t\tGABON\t<\/h2>\n<figure itemscope itemtype=\"https:\/\/schema.org\/ImageObject\">\n\t\t\t\t<img decoding=\"async\" src=\"https:\/\/www.reseau-mesure.com\/wp-content\/uploads\/2026\/02\/CADEEFA-150x150.jpeg\" alt=\"CADEEFA\" height=\"150\" width=\"150\" title=\"CADEEFA\" onerror=\"this.style.display='none'\" loading=\"lazy\" \/>\n\t<\/figure>\n<figure itemscope itemtype=\"https:\/\/schema.org\/ImageObject\">\n\t\t\t\t<img decoding=\"async\" src=\"https:\/\/www.reseau-mesure.com\/wp-content\/uploads\/2026\/03\/logo_rm_2026-300x224.png\" alt=\"logo_rm_2026\" height=\"224\" width=\"300\" title=\"logo_rm_2026\" onerror=\"this.style.display='none'\" loading=\"lazy\" \/>\n\t<\/figure>\n\t<p>&nbsp;<\/p>\n<h2>Rencontres de l&rsquo;Industrie au Gabon \u00e0 Libreville du 23 au 26 juin 2026<\/h2>\n<p>En association avec le CADEEFA, nous avons le plaisir de vous inviter aux\u00a0<strong>Rencontres de l&rsquo;Industrie au Gabon<\/strong>, qui se tiendront<strong>\u00a0Libreville du 23 au 26 juin 2026<\/strong>. Vous trouverez en <a href=\"https:\/\/4zs1g.r.bh.d.sendibt3.com\/mk\/cl\/f\/sh\/1f8JIKXx3IkdaCbGefQJ8EaNow\/SSmnN69Vw1tN\" target=\"_blank\" rel=\"noopener\" type=\"absoluteLink\">pi\u00e8ce jointe<\/a> le dossier de participation d\u00e9taillant le programme, les modalit\u00e9s pratiques et le <a href=\"https:\/\/4zs1g.r.bh.d.sendibt3.com\/mk\/cl\/f\/sh\/1f8JIKXx3IkdaCbGefQJ8EaNow\/_wrhDmvQxayn\" target=\"_blank\" rel=\"noopener\" type=\"absoluteLink\">bulletin d&rsquo;inscription<\/a>.<\/p>\n<p>Plac\u00e9 sous le haut patronage des minist\u00e8res gabonais comp\u00e9tents (confirmations officielles en cours), <strong>cette rencontre r\u00e9unira d\u00e9cideurs publics, entreprises, investisseurs, \u00e9tablissements de formation et acteurs de l&rsquo;appui, avec pour ambition de faire \u00e9merger des partenariats concrets et durables<\/strong>.<\/p>\n<p><strong>Les secteurs strat\u00e9giques \u00e0 l&rsquo;honneur : BTP &amp; Infrastructures, Hydrocarbures &amp; \u00e9nergie, Mines &amp; Carri\u00e8res, Agro-industrie, D\u00e9fense et Formation\/Comp\u00e9tences.<\/strong><\/p>\n<p>Les participants b\u00e9n\u00e9ficieront de <strong>rendez-vous B2B et B2G cibl\u00e9s<\/strong> avec des d\u00e9cideurs de premier plan, leur permettant de <strong>qualifier des opportunit\u00e9s sur un march\u00e9 en pleine transformation (diversification \u00e9conomique, contenu local, industrialisation), de valoriser leurs solutions et d&rsquo;accentuer leurs courants d&rsquo;affaires dans un cadre op\u00e9rationnel structurant.<\/strong>\u00a0<\/p>\n<figure itemscope itemtype=\"https:\/\/schema.org\/ImageObject\">\n\t\t\t\t<img decoding=\"async\" src=\"https:\/\/www.reseau-mesure.com\/wp-content\/uploads\/2026\/02\/DOSSIER-PARTICIPATION-RENCONTRES-LIBREVILLE-2026-ADH-RM_Page_1-1-225x300.jpg\" alt=\"Rencontres de l&#039;Industrie au Gabon \u00e0 Libreville du 23 au 26 juin 2026\" height=\"300\" width=\"225\" title=\"DOSSIER PARTICIPATION RENCONTRES LIBREVILLE 2026-ADH RM_Page_1\" onerror=\"this.style.display='none'\" loading=\"lazy\" \/>\n\t<\/figure>\n\t<p><strong>L&rsquo;organisation est propos\u00e9e cl\u00e9 en main<\/strong> : accueil a\u00e9roport, h\u00e9bergement, logistique sur place, espace d&rsquo;exposition, restauration et accompagnement personnalis\u00e9 d\u00e9taill\u00e9 dans le <a href=\"https:\/\/4zs1g.r.bh.d.sendibt3.com\/mk\/cl\/f\/sh\/1f8JIKXx3IkdaCbGefQJ8EaNow\/X_U_7eHQAcgD\" target=\"_blank\" rel=\"noopener\" type=\"absoluteLink\">dossier joint<\/a>.<\/p>\n<p>Pour participer, il convient de nous retourner le<a href=\"https:\/\/4zs1g.r.bh.d.sendibt3.com\/mk\/cl\/f\/sh\/1f8JIKXx3IkdaCbGefQJ8EaNow\/qD7Vkjr8rvaF\" target=\"_blank\" rel=\"noopener\" type=\"absoluteLink\">\u00a0dossier d&rsquo;inscription\u00a0<\/a>compl\u00e9t\u00e9 et sign\u00e9. A r\u00e9ception, un cahier des charges pr\u00e9paratoire vous sera transmis afin de cibler au mieux vos rendez-vous. Des visioconf\u00e9rences de pr\u00e9paration seront ensuite organis\u00e9es avec la CCI du Gabon et le CADEEFA.<\/p>\n<p>\u00a0<strong>En qualit\u00e9 d&rsquo;adh\u00e9rent du R\u00e9seau Mesure, vous b\u00e9n\u00e9ficiez, au m\u00eame titre que les membres du CADEEFA, d&rsquo;un <\/strong><strong>Vorzugstarif <\/strong><strong>pour votre participation.<\/strong><\/p>\n<h2>\n\t\t\tALGERIEN\t<\/h2>\n<figure itemscope itemtype=\"https:\/\/schema.org\/ImageObject\">\n\t\t\t\t<img decoding=\"async\" src=\"https:\/\/www.reseau-mesure.com\/wp-content\/uploads\/2021\/07\/logo-CCI-ALGER-300x72.png\" alt=\"logo CCI ALGER\" height=\"72\" width=\"300\" title=\"logo CCI ALGER\" onerror=\"this.style.display='none'\" loading=\"lazy\" \/>\n\t<\/figure>\n<figure itemscope itemtype=\"https:\/\/schema.org\/ImageObject\">\n\t\t\t\t<img decoding=\"async\" src=\"https:\/\/www.reseau-mesure.com\/wp-content\/uploads\/2026\/03\/logo_rm_2026.png\" alt=\"logo_rm_2026\" height=\"533\" width=\"715\" title=\"logo_rm_2026\" onerror=\"this.style.display='none'\" loading=\"lazy\" \/>\n\t<\/figure>\n\t<h2><strong>B\u00e9n\u00e9ficiez de la convention de partenariat avec la CCI ALGERO FRANCAISE<\/strong><\/h2>\n<p>Ein Ger\u00e4t wird von der vorgeschlagen <a href=\"https:\/\/www.cciaf.org\/\">CCIAF<\/a> und das <a href=\"http:\/\/www.reseau-mesure.com\/de\/\">Netzwerkma\u00dfnahme<\/a>, &quot; <em><strong>Vollzeitwerbung oder Timesharing-Werbung<\/strong> <\/em>\u00bbIn ALGERIEN die kommerziellen Aktivit\u00e4ten der Mitglieder so zu entwickeln, dass sie m\u00f6glichst nah an ihren Kunden und zuk\u00fcnftigen Partnern sind.<\/p>\n<p>Zweck der Vereinbarung ist die Unterst\u00fctzung eines oder mehrerer Mitgliedsunternehmen des MESURE NETWORK im Rahmen ihrer kommerziellen Entwicklungsstrategien in Algerien durch die CCIAF:<\/p>\n<ul>\n<li>Die Bereitstellung eines hochkompetenten Personals, verf\u00fcgbar in Vollzeit oder Teilzeit mit einem kaufm\u00e4nnischen Profil in H\u00f6he von 5 Tagen \/ Wochen pro FTE.<\/li>\n<li>Bereitstellung der notwendigen Reiseausr\u00fcstung (Fahrzeug, Wartungskosten und Kraftstoff im Rahmen der regionalen Pr\u00e4senz der CCIAF - 200 km Umkreis jedes Regionalb\u00fcros).<\/li>\n<li><em>Jede Bewegung au\u00dferhalb dieses Umkreises unterliegt einer Vereinbarung zwischen den<br \/>\nParteien und wird zu einem zus\u00e4tzlichen Aufschub f\u00fchren.<\/em><\/li>\n<li>Bereitstellung der f\u00fcr die Aufgabenerf\u00fcllung erforderlichen Computerausr\u00fcstung (LAPTOP, Drucker, Verbindungsmodem).<\/li>\n<li>Bereitstellung von Kommunikationsger\u00e4ten (Telefonchip, Mobiltelefon, Kommunikationspaket und Internetpaket).<\/li>\n<li>Bereitstellung eines Arbeitsplatzes mit den notwendigen M\u00f6beln.<\/li>\n<\/ul>\n<ul>\n<li>\n<ul>\n<li><strong>Entwickeln Sie Ihr kommerzielles Potenzial in Algerien.<\/strong><\/li>\n<li><strong>Unterst\u00fctzen Sie seine Kunden und Interessenten.<\/strong><\/li>\n<li><strong>Profitieren Sie von einem qualifizierten und spezialisierten Personal.<\/strong><\/li>\n<li><strong>T\u00e4glich Pilotprojekte mit einem Handels- und Management-Relais vor Ort.<\/strong><\/li>\n<li><strong>Profitieren Sie von der St\u00e4rke des Messnetzwerks.<\/strong><\/li>\n<li><strong>Profitieren Sie von den F\u00e4higkeiten und der Macht des konsularischen Netzwerks.<\/strong><\/li>\n<\/ul>\n<\/li>\n<\/ul>\n\t<h2><strong>Mission des solutions de mesures, de la calibration et syst\u00e8mes d&rsquo;\u00e9talonnages\u00a0<\/strong><\/h2>\n<p><em><strong>Mission \u00e0 venir<\/strong><\/em><\/p>\n<strong>Makro\u00f6konomische Pr\u00e4sentation \u201eDoing Business in Algeria\u201c<\/strong><br \/>\n<strong> B to B Termin \u201e3 bis 4 Termine pro Tag\u201c<\/strong>\n<em>Bereitstellung eines Fahrers und eines Autos, mit einem Mitarbeiter der IHK, der Sie zu den Terminen begleitet.<\/em><br \/>\n<em>Mittagessen wird w\u00e4hrend der gesamten Dauer der Mission zur Verf\u00fcgung gestellt.<\/em><br \/>\n<em>Unterst\u00fctzung und Hilfestellung sind in allen Phasen durch die IHK enthalten <\/em><em>Algero Fran\u00e7aise und das Messnetz!<\/em>\n<p>\u2022 Aufforderung zur Einreichung des Visumantrags.<\/p>\n<p>\u2022 Validierung von Potenzialen und Spezifikationen vor der Mission.<\/p>\n<p>\u2022 Identifizierung von Interessenten und Best\u00e4tigung des Interesses.<\/p>\n<p>\u2022 Begleitung und Unterst\u00fctzung in Algerien w\u00e4hrend der gesamten Einsatzdauer. \u2022 Weiterverfolgung von Kontakten nach der Entsendung.<\/p>\n<p>\u2022 Regulatorische Beratung \u201eZahlungsbedingungen, Anlage \u2026 etc\u201c<\/p>\n<h2>\n\t\t\tCANADA\t<\/h2>\n<figure itemscope itemtype=\"https:\/\/schema.org\/ImageObject\">\n\t\t\t\t<img decoding=\"async\" src=\"https:\/\/www.reseau-mesure.com\/wp-content\/uploads\/2026\/02\/FDEF-LONG-300x59.jpg\" alt=\"FDEF\" height=\"59\" width=\"300\" title=\"FDEF-LONG\" onerror=\"this.style.display='none'\" loading=\"lazy\" \/>\n\t<\/figure>\n<figure itemscope itemtype=\"https:\/\/schema.org\/ImageObject\">\n\t\t\t\t<img decoding=\"async\" src=\"https:\/\/www.reseau-mesure.com\/wp-content\/uploads\/2026\/03\/logo_rm_2026.png\" alt=\"logo_rm_2026\" height=\"533\" width=\"715\" title=\"logo_rm_2026\" onerror=\"this.style.display='none'\" loading=\"lazy\" \/>\n\t<\/figure>\n\t<h2>Quelles opportunit\u00e9s pour les adh\u00e9rents au Canada ?<\/h2>\n<p>Le R\u00e9seau Mesure m\u00e8ne une r\u00e9flexion conjointe avec la F\u00e9d\u00e9ration de l&rsquo;Electronique Fran\u00e7aise sur les actions \u00e0 mener pour le d\u00e9veloppement des adh\u00e9rents au Canada.<\/p>\n<ul>\n<li dir=\"ltr\" data-placeholder=\"Traduction\">Quelles actions mutualis\u00e9es ?<\/li>\n<li dir=\"ltr\" data-placeholder=\"Traduction\">Quels march\u00e9s ?<\/li>\n<li dir=\"ltr\" data-placeholder=\"Traduction\">Quels enjeux \/ quelles limites ?<\/li>\n<\/ul>\n<p>Travaux en cours.<\/p>\n<h2>\n\t\t\tDEUTSCHLAND\t<\/h2>\n<figure itemscope itemtype=\"https:\/\/schema.org\/ImageObject\">\n\t\t\t\t<img decoding=\"async\" src=\"https:\/\/www.reseau-mesure.com\/wp-content\/uploads\/2018\/10\/AMA-300x151.png\" alt=\"Logo AMA\" height=\"151\" width=\"300\" title=\"AMA\" onerror=\"this.style.display='none'\" loading=\"lazy\" \/>\n\t<\/figure>\n<figure itemscope itemtype=\"https:\/\/schema.org\/ImageObject\">\n\t\t\t\t<img decoding=\"async\" src=\"https:\/\/www.reseau-mesure.com\/wp-content\/uploads\/2026\/03\/logo_rm_2026.png\" alt=\"logo_rm_2026\" height=\"533\" width=\"715\" title=\"logo_rm_2026\" onerror=\"this.style.display='none'\" loading=\"lazy\" \/>\n\t<\/figure>\n\t<h2>Eine enge Partnerschaft zwischen dem Messnetz und der WADA<\/h2>\n<p>Der Messverbund arbeitet eng mit seinem deutschen Pendant, dem AMA \u2013 Verband f\u00fcr Sensorik und Messtechnik eV . zusammen<\/p>\n<p>Die Liste der Mitglieder des Vereins finden Sie unter <a href=\"https:\/\/www.ama-sensorik.de\/en\/\">https:\/\/www.ama-sensorik.de\/en\/<\/a><\/p>\n<p>Durch die gegenseitige Vereinbarung zwischen den beiden Verb\u00e4nden k\u00f6nnen Mitglieder des Messnetzwerks von folgenden Ma\u00dfnahmen profitieren:<\/p>\nF\u00fcr R\u00e9seau Mesure-Mitglieder gelten dieselben erm\u00e4\u00dfigten S\u00e4tze wie f\u00fcr AMA-Mitglieder f\u00fcr: \n<ul>\n<li dir=\"ltr\" data-placeholder=\"Traduction\">Teilnahme an AMA-Seminaren <\/li>\n<li dir=\"ltr\" data-placeholder=\"Traduction\">Vorzugspreise f\u00fcr Shows, an denen die WADA teilnimmt, einschlie\u00dflich SENSOR + TEST<\/li>\n<li dir=\"ltr\" data-placeholder=\"Traduction\">Teilnahme an AMA-Arbeitsgruppen<\/li>\n<\/ul>\n<p>Treffen zwischen Mitgliedern der beiden Verb\u00e4nde werden organisiert, um kommerzielle und technische Entwicklungsm\u00f6glichkeiten zwischen Deutschland und Frankreich zu entwickeln.<\/p>\n<p>Das Messnetzwerk bietet seinen Mitgliedern auch die M\u00f6glichkeit, gemeinsam an Missionen und Ausstellungen im Ausland teilzunehmen.<\/p>","protected":false},"excerpt":{"rendered":"<p>Un levier \u00e0 l&rsquo;export INTERNATIONAL Le R\u00e9seau Mesure, un levier \u00e0 l&rsquo;export :\u00a0 Partage d&rsquo;opportunit\u00e9s de mutualisation d&rsquo;op\u00e9rations de prospection \u00e0 l&rsquo;export. D\u00e9velopper l&rsquo;export en rentabilisant les exp\u00e9riences, les acquis et le r\u00e9seau. Des missions d\u00e9couvertes avec des rendez-vous B to B. GABON &nbsp; Rencontres de l&rsquo;Industrie au Gabon \u00e0 Libreville du 23 au 26&hellip;<\/p>","protected":false},"author":685,"featured_media":0,"parent":0,"menu_order":0,"comment_status":"closed","ping_status":"closed","template":"","meta":{"_acf_changed":false,"footnotes":""},"class_list":["post-387","page","type-page","status-publish","hentry"],"acf":[],"yoast_head":"<!-- This site is optimized with the Yoast SEO plugin v27.4 - https:\/\/yoast.com\/product\/yoast-seo-wordpress\/ -->\n<title>International - R\u00e9seau Mesure<\/title>\n<meta name=\"description\" content=\"Le R\u00e9seau Mesure rayonne aussi \u00e0 l&#039;international pour nos adh\u00e9rents souhaitants importer ou exporter avec d&#039;autres r\u00e9gions du monde.\" \/>\n<meta name=\"robots\" content=\"index, follow, max-snippet:-1, max-image-preview:large, max-video-preview:-1\" \/>\n<link rel=\"canonical\" href=\"https:\/\/www.reseau-mesure.com\/de\/international\/\" \/>\n<meta property=\"og:locale\" content=\"de_DE\" \/>\n<meta property=\"og:type\" content=\"article\" \/>\n<meta property=\"og:title\" content=\"International - R\u00e9seau Mesure\" \/>\n<meta property=\"og:description\" content=\"Le R\u00e9seau Mesure rayonne aussi \u00e0 l&#039;international pour nos adh\u00e9rents souhaitants importer ou exporter avec d&#039;autres r\u00e9gions du monde.\" \/>\n<meta property=\"og:url\" content=\"https:\/\/www.reseau-mesure.com\/de\/international\/\" \/>\n<meta property=\"og:site_name\" content=\"R\u00e9seau Mesure\" \/>\n<meta property=\"article:publisher\" content=\"https:\/\/www.facebook.com\/reseaumesure\/\" \/>\n<meta property=\"article:modified_time\" content=\"2026-03-31T10:30:50+00:00\" \/>\n<meta property=\"og:image\" content=\"https:\/\/www.reseau-mesure.com\/wp-content\/uploads\/2026\/02\/CADEEFA-150x150.jpeg\" \/>\n<meta name=\"twitter:card\" content=\"summary_large_image\" \/>\n<meta name=\"twitter:site\" content=\"@ReseauMesure\" \/>\n<meta name=\"twitter:label1\" content=\"Gesch\u00e4tzte Lesezeit\" \/>\n\t<meta name=\"twitter:data1\" content=\"5\u00a0Minuten\" \/>\n<script type=\"application\/ld+json\" class=\"yoast-schema-graph\">{\"@context\":\"https:\\\/\\\/schema.org\",\"@graph\":[{\"@type\":\"WebPage\",\"@id\":\"https:\\\/\\\/www.reseau-mesure.com\\\/international\\\/\",\"url\":\"https:\\\/\\\/www.reseau-mesure.com\\\/international\\\/\",\"name\":\"International - R\u00e9seau Mesure\",\"isPartOf\":{\"@id\":\"https:\\\/\\\/www.reseau-mesure.com\\\/#website\"},\"primaryImageOfPage\":{\"@id\":\"https:\\\/\\\/www.reseau-mesure.com\\\/international\\\/#primaryimage\"},\"image\":{\"@id\":\"https:\\\/\\\/www.reseau-mesure.com\\\/international\\\/#primaryimage\"},\"thumbnailUrl\":\"https:\\\/\\\/www.reseau-mesure.com\\\/wp-content\\\/uploads\\\/2026\\\/02\\\/CADEEFA-150x150.jpeg\",\"datePublished\":\"2017-12-12T20:11:30+00:00\",\"dateModified\":\"2026-03-31T10:30:50+00:00\",\"description\":\"Le R\u00e9seau Mesure rayonne aussi \u00e0 l'international pour nos adh\u00e9rents souhaitants importer ou exporter avec d'autres r\u00e9gions du monde.\",\"breadcrumb\":{\"@id\":\"https:\\\/\\\/www.reseau-mesure.com\\\/international\\\/#breadcrumb\"},\"inLanguage\":\"de\",\"potentialAction\":[{\"@type\":\"ReadAction\",\"target\":[\"https:\\\/\\\/www.reseau-mesure.com\\\/international\\\/\"]}]},{\"@type\":\"ImageObject\",\"inLanguage\":\"de\",\"@id\":\"https:\\\/\\\/www.reseau-mesure.com\\\/international\\\/#primaryimage\",\"url\":\"https:\\\/\\\/www.reseau-mesure.com\\\/wp-content\\\/uploads\\\/2026\\\/02\\\/CADEEFA-150x150.jpeg\",\"contentUrl\":\"https:\\\/\\\/www.reseau-mesure.com\\\/wp-content\\\/uploads\\\/2026\\\/02\\\/CADEEFA-150x150.jpeg\"},{\"@type\":\"BreadcrumbList\",\"@id\":\"https:\\\/\\\/www.reseau-mesure.com\\\/international\\\/#breadcrumb\",\"itemListElement\":[{\"@type\":\"ListItem\",\"position\":1,\"name\":\"Accueil\",\"item\":\"https:\\\/\\\/www.reseau-mesure.com\\\/\"},{\"@type\":\"ListItem\",\"position\":2,\"name\":\"International\"}]},{\"@type\":\"WebSite\",\"@id\":\"https:\\\/\\\/www.reseau-mesure.com\\\/#website\",\"url\":\"https:\\\/\\\/www.reseau-mesure.com\\\/\",\"name\":\"R\u00e9seau-Mesure\",\"description\":\"R\u00e9seau Mesure\",\"publisher\":{\"@id\":\"https:\\\/\\\/www.reseau-mesure.com\\\/#organization\"},\"potentialAction\":[{\"@type\":\"SearchAction\",\"target\":{\"@type\":\"EntryPoint\",\"urlTemplate\":\"https:\\\/\\\/www.reseau-mesure.com\\\/?s={search_term_string}\"},\"query-input\":{\"@type\":\"PropertyValueSpecification\",\"valueRequired\":true,\"valueName\":\"search_term_string\"}}],\"inLanguage\":\"de\"},{\"@type\":\"Organization\",\"@id\":\"https:\\\/\\\/www.reseau-mesure.com\\\/#organization\",\"name\":\"R\u00e9seau-Mesure\",\"url\":\"https:\\\/\\\/www.reseau-mesure.com\\\/\",\"logo\":{\"@type\":\"ImageObject\",\"inLanguage\":\"de\",\"@id\":\"https:\\\/\\\/www.reseau-mesure.com\\\/#\\\/schema\\\/logo\\\/image\\\/\",\"url\":\"https:\\\/\\\/www.reseau-mesure.com\\\/wp-content\\\/uploads\\\/2018\\\/02\\\/logo-max.png\",\"contentUrl\":\"https:\\\/\\\/www.reseau-mesure.com\\\/wp-content\\\/uploads\\\/2018\\\/02\\\/logo-max.png\",\"width\":545,\"height\":285,\"caption\":\"R\u00e9seau-Mesure\"},\"image\":{\"@id\":\"https:\\\/\\\/www.reseau-mesure.com\\\/#\\\/schema\\\/logo\\\/image\\\/\"},\"sameAs\":[\"https:\\\/\\\/www.facebook.com\\\/reseaumesure\\\/\",\"https:\\\/\\\/x.com\\\/ReseauMesure\",\"https:\\\/\\\/www.linkedin.com\\\/company\\\/reseau-mesure\\\/\"]}]}<\/script>\n<!-- \/ Yoast SEO plugin. -->","yoast_head_json":{"title":"International - R\u00e9seau Mesure","description":"Le R\u00e9seau Mesure rayonne aussi \u00e0 l'international pour nos adh\u00e9rents souhaitants importer ou exporter avec d'autres r\u00e9gions du monde.","robots":{"index":"index","follow":"follow","max-snippet":"max-snippet:-1","max-image-preview":"max-image-preview:large","max-video-preview":"max-video-preview:-1"},"canonical":"https:\/\/www.reseau-mesure.com\/de\/international\/","og_locale":"de_DE","og_type":"article","og_title":"International - R\u00e9seau Mesure","og_description":"Le R\u00e9seau Mesure rayonne aussi \u00e0 l'international pour nos adh\u00e9rents souhaitants importer ou exporter avec d'autres r\u00e9gions du monde.","og_url":"https:\/\/www.reseau-mesure.com\/de\/international\/","og_site_name":"R\u00e9seau Mesure","article_publisher":"https:\/\/www.facebook.com\/reseaumesure\/","article_modified_time":"2026-03-31T10:30:50+00:00","og_image":[{"url":"https:\/\/www.reseau-mesure.com\/wp-content\/uploads\/2026\/02\/CADEEFA-150x150.jpeg","type":"","width":"","height":""}],"twitter_card":"summary_large_image","twitter_site":"@ReseauMesure","twitter_misc":{"Gesch\u00e4tzte Lesezeit":"5\u00a0Minuten"},"schema":{"@context":"https:\/\/schema.org","@graph":[{"@type":"WebPage","@id":"https:\/\/www.reseau-mesure.com\/international\/","url":"https:\/\/www.reseau-mesure.com\/international\/","name":"International - R\u00e9seau Mesure","isPartOf":{"@id":"https:\/\/www.reseau-mesure.com\/#website"},"primaryImageOfPage":{"@id":"https:\/\/www.reseau-mesure.com\/international\/#primaryimage"},"image":{"@id":"https:\/\/www.reseau-mesure.com\/international\/#primaryimage"},"thumbnailUrl":"https:\/\/www.reseau-mesure.com\/wp-content\/uploads\/2026\/02\/CADEEFA-150x150.jpeg","datePublished":"2017-12-12T20:11:30+00:00","dateModified":"2026-03-31T10:30:50+00:00","description":"Le R\u00e9seau Mesure rayonne aussi \u00e0 l'international pour nos adh\u00e9rents souhaitants importer ou exporter avec d'autres r\u00e9gions du monde.","breadcrumb":{"@id":"https:\/\/www.reseau-mesure.com\/international\/#breadcrumb"},"inLanguage":"de","potentialAction":[{"@type":"ReadAction","target":["https:\/\/www.reseau-mesure.com\/international\/"]}]},{"@type":"ImageObject","inLanguage":"de","@id":"https:\/\/www.reseau-mesure.com\/international\/#primaryimage","url":"https:\/\/www.reseau-mesure.com\/wp-content\/uploads\/2026\/02\/CADEEFA-150x150.jpeg","contentUrl":"https:\/\/www.reseau-mesure.com\/wp-content\/uploads\/2026\/02\/CADEEFA-150x150.jpeg"},{"@type":"BreadcrumbList","@id":"https:\/\/www.reseau-mesure.com\/international\/#breadcrumb","itemListElement":[{"@type":"ListItem","position":1,"name":"Accueil","item":"https:\/\/www.reseau-mesure.com\/"},{"@type":"ListItem","position":2,"name":"International"}]},{"@type":"WebSite","@id":"https:\/\/www.reseau-mesure.com\/#website","url":"https:\/\/www.reseau-mesure.com\/","name":"Netzwerk-Messung","description":"Netzwerkma\u00dfnahme","publisher":{"@id":"https:\/\/www.reseau-mesure.com\/#organization"},"potentialAction":[{"@type":"SearchAction","target":{"@type":"EntryPoint","urlTemplate":"https:\/\/www.reseau-mesure.com\/?s={search_term_string}"},"query-input":{"@type":"PropertyValueSpecification","valueRequired":true,"valueName":"search_term_string"}}],"inLanguage":"de"},{"@type":"Organization","@id":"https:\/\/www.reseau-mesure.com\/#organization","name":"Netzwerk-Messung","url":"https:\/\/www.reseau-mesure.com\/","logo":{"@type":"ImageObject","inLanguage":"de","@id":"https:\/\/www.reseau-mesure.com\/#\/schema\/logo\/image\/","url":"https:\/\/www.reseau-mesure.com\/wp-content\/uploads\/2018\/02\/logo-max.png","contentUrl":"https:\/\/www.reseau-mesure.com\/wp-content\/uploads\/2018\/02\/logo-max.png","width":545,"height":285,"caption":"R\u00e9seau-Mesure"},"image":{"@id":"https:\/\/www.reseau-mesure.com\/#\/schema\/logo\/image\/"},"sameAs":["https:\/\/www.facebook.com\/reseaumesure\/","https:\/\/x.com\/ReseauMesure","https:\/\/www.linkedin.com\/company\/reseau-mesure\/"]}]}},"_links":{"self":[{"href":"https:\/\/www.reseau-mesure.com\/de\/wp-json\/wp\/v2\/pages\/387","targetHints":{"allow":["GET"]}}],"collection":[{"href":"https:\/\/www.reseau-mesure.com\/de\/wp-json\/wp\/v2\/pages"}],"about":[{"href":"https:\/\/www.reseau-mesure.com\/de\/wp-json\/wp\/v2\/types\/page"}],"author":[{"embeddable":true,"href":"https:\/\/www.reseau-mesure.com\/de\/wp-json\/wp\/v2\/users\/685"}],"replies":[{"embeddable":true,"href":"https:\/\/www.reseau-mesure.com\/de\/wp-json\/wp\/v2\/comments?post=387"}],"version-history":[{"count":5,"href":"https:\/\/www.reseau-mesure.com\/de\/wp-json\/wp\/v2\/pages\/387\/revisions"}],"predecessor-version":[{"id":30460,"href":"https:\/\/www.reseau-mesure.com\/de\/wp-json\/wp\/v2\/pages\/387\/revisions\/30460"}],"wp:attachment":[{"href":"https:\/\/www.reseau-mesure.com\/de\/wp-json\/wp\/v2\/media?parent=387"}],"curies":[{"name":"wp","href":"https:\/\/api.w.org\/{rel}","templated":true}]}}