{"id":390,"date":"2017-12-12T21:14:56","date_gmt":"2017-12-12T20:14:56","guid":{"rendered":"http:\/\/reseau-mesure.fr\/?page_id=390"},"modified":"2026-04-15T09:48:35","modified_gmt":"2026-04-15T07:48:35","slug":"communication","status":"publish","type":"page","link":"https:\/\/www.reseau-mesure.com\/de\/communication\/","title":{"rendered":"Kommunikation"},"content":{"rendered":"<h1>\n\t\t\t\tWeb- und Print-Kommunikation\n\t\t<\/h1>\n\t<h2><b>Verst\u00e4rken Sie die Kommunikation mit kontrollierten Budgets.<\/b><\/h2>\n<em>\u201eDank des Messnetzwerks konnte ich davon profitieren <b>sehr wettbewerbsf\u00e4hige Preise <\/b>zu entwickeln <b>Sichtweite<\/b> meiner Firma und meiner Produkte auf industriellen Webportalen. Au\u00dferdem kann ich <b>kostenlos \u00fcbertragen <\/b>Informationen, die in der Fachpresse im Rahmen der Partnerschaften des R\u00e9seau Mesure Media Plan, I, weitergegeben werden <b>Reduzieren Sie daher meine Kosten <\/b>von Werbepublikationen. &quot;&quot;<\/em><br \/>\n<strong><em>Christophe Bracon - WIMESURE<\/em><\/strong>\n<h2><b>Eine eigene Arbeitsgruppe<\/b><\/h2>\n<ul>\n<li>Entwicklung eines Trainingsplans f\u00fcr Mitglieder<\/li>\n<li>Ein Erfahrungsaustausch<\/li>\n<li>Interventionen mit Spezialisten zur Entwicklung Ihres digitalen Aktionsplans<\/li>\n<\/ul>\n<h2><b>Kommunikation f\u00fcr Mitglieder auf der Website des Measurement Network und auf LinkedIn<\/b><\/h2>\n<ul>\n<li>Erweitern Sie Ihre SEO<\/li>\n<li>Entwickeln Sie Ihr Image<\/li>\n<\/ul>\n<h2><b>Verst\u00e4rkte digitale Kommunikation dank des Mediaplans des Messnetzwerks<\/b><\/h2>\n\t<p>&nbsp;<\/p>\n<p><strong>Le R\u00e9seau Mesure vous permet de b\u00e9n\u00e9ficier de tarifs pr\u00e9f\u00e9rentiels et d&rsquo;opportunit\u00e9s de communication privil\u00e9gi\u00e9es avec nos 20 partenaires : un partenariat presse \/ web<\/strong><\/p>\n\t<p>\u2022 Virtuelle St\u00e4nde \u2022 Advertorials \u2022 E-Mail \u2022 Spezifisches Angebot auf dem klassifizierten Markt Ma\u00dfnahmen \u2022 Eingeworfene Beilagen \u2022 Newsletter-Routing \u2022 Webproduktpr\u00e4senz \u2022 Werbebanner \u2022 Audits und Website-Erstellung \u2022 Unterst\u00fctzung digitaler Kommunikationsstrategien \u2022 Videoportr\u00e4ts von Unternehmen\u2026.<\/p>\n<figure itemscope itemtype=\"https:\/\/schema.org\/ImageObject\">\n\t\t\t\t<img decoding=\"async\" src=\"https:\/\/www.reseau-mesure.com\/wp-content\/uploads\/2026\/04\/2026-PARTENAIRES-PRESSE-1024x576.jpg\" alt=\"PARTENAIRES PRESSE RESEAU MESURE 2026\" height=\"576\" width=\"1024\" title=\"2026 PARTENAIRES PRESSE\" onerror=\"this.style.display='none'\" loading=\"lazy\" \/>\n\t<\/figure>\n\t<p><strong>Pour d\u00e9couvrir le<\/strong><strong><a href=\"https:\/\/www.reseau-mesure.com\/de\/livre-blanc\/\" target=\"_blank\" rel=\"noopener\">\u00a0LI<\/a>WHITE VRE<\/strong><\/p>\n<p><strong><a href=\"https:\/\/www.reseau-mesure.com\/de\/livre-blanc\/\" target=\"_blank\" rel=\"noopener\">Klicken Sie hier.\u00a0<\/a><\/strong><\/p>\n<figure itemscope itemtype=\"https:\/\/schema.org\/ImageObject\">\n\t\t\t\t<a href=\"https:\/\/www.reseau-mesure.com\/de\/livre-les-savoir-faire-du-reseau-mesure-volume-1\/\"  target=\"_self\" itemprop=\"url\">\n\t\t\t\t<img decoding=\"async\" src=\"https:\/\/www.reseau-mesure.com\/wp-content\/uploads\/2020\/12\/Pages-de-Les-savoir-faire-du-Reseau-Mesure-Volume-1-211x300.jpg\" alt=\"Couverture les savoir-faire du R\u00e9seau Mesure\" height=\"300\" width=\"211\" title=\"Know-how-Seiten des Messnetzwerks - Band 1\" onerror=\"this.style.display='none'\" loading=\"lazy\" \/>\n\t\t\t\t<\/a>\n\t<\/figure>\n<figure itemscope itemtype=\"https:\/\/schema.org\/ImageObject\">\n\t\t\t\t<a href=\"https:\/\/www.reseau-mesure.com\/wp-content\/uploads\/2021\/04\/partenariat-transat-JV-3.pdf\"  target=\"_blank\" rel=\"noopener\"  itemprop=\"url\">\n\t\t\t\t<img decoding=\"async\" src=\"https:\/\/www.reseau-mesure.com\/wp-content\/uploads\/2021\/04\/bateau-300x222.png\" alt=\"Transat Jacques Vabre\" height=\"222\" width=\"300\" title=\"Transat Jacques Vabre\" onerror=\"this.style.display='none'\" loading=\"lazy\" \/>\n\t\t\t\t<\/a>\n\t<\/figure>\n<figure itemscope itemtype=\"https:\/\/schema.org\/ImageObject\">\n\t\t\t\t<img decoding=\"async\" src=\"https:\/\/www.reseau-mesure.com\/wp-content\/uploads\/2021\/04\/photo_1-300x225.jpg\" alt=\"Philippe Balamoutoff - SIKA\" height=\"225\" width=\"300\" title=\"Philippe Balamoutoff - SIKA\" onerror=\"this.style.display='none'\" loading=\"lazy\" \/>\n\t<\/figure>\n<figure itemscope itemtype=\"https:\/\/schema.org\/ImageObject\">\n\t\t\t\t<img decoding=\"async\" src=\"https:\/\/www.reseau-mesure.com\/wp-content\/plugins\/bb-plugin\/img\/pixel.png\" alt=\"\" onerror=\"this.style.display='none'\" loading=\"lazy\" \/>\n\t<\/figure>\n\t<h4><strong>Sponsoring - Transat Jacques Vabre<\/strong><\/h4>\n<strong>Warum in Ozeanrennen investieren?<\/strong>\n\u2713 Entwickeln Sie ein Zugeh\u00f6rigkeitsgef\u00fchl rund um eine gemeinsame Herausforderung f\u00fcr Ihre Mitarbeiter und Ihre<br \/>\nPartner<br \/>\n\u2713 Teilen Sie eine Vision, motivieren Sie Teams<br \/>\n\u2713 Bewerben Sie Ihre Marke<br \/>\n\u2713 Pflegen Sie Ihre Beziehungen zu Ihren Kunden\n<a href=\"https:\/\/www.reseau-mesure.com\/wp-content\/uploads\/2021\/04\/partenariat-transat-JV-3.pdf\"><strong>&gt;&gt; Partnerschaftsdatei &lt;&lt;&lt;<\/strong><\/a>\n<p>&nbsp;<\/p>\n\t<h5><strong>Aussage von Philippe Balamoutoff - SIKA France<\/strong><\/h5>\n\t<p>\u201eIch habe das Projekt von Sebastien Desquesses kennengelernt und viele \u00c4hnlichkeiten mit unserem t\u00e4glichen Leben gefunden:<\/p>\n<p>&nbsp;<\/p>\n<ul>\n<li><strong>Bereiten Sie sich vor und legen Sie fest<\/strong>\u00a0um das beste Ergebnis unter Ber\u00fccksichtigung aller m\u00f6glichen Gefahren zu erzielen\u2026.<\/li>\n<\/ul>\nDar\u00fcber hinaus m\u00fcssen Sie mehr dar\u00fcber wissen.\n<ul>\n<li>F\u00fcr diesen Liegestuhl ist es\u00a0<strong>trainieren<\/strong>, bereite das Material vor,\u00a0<strong>Finde das Budget<\/strong>\u00a0notwendig, ignorieren Sie die Wetterbedingungen und die Grenze der Ausr\u00fcstung ...<\/li>\n<\/ul>\nDar\u00fcber hinaus m\u00fcssen Sie mehr dar\u00fcber wissen.\n<figure itemscope itemtype=\"https:\/\/schema.org\/ImageObject\">\n\t\t\t\t<a href=\"https:\/\/www.reseau-mesure.com\/wp-content\/uploads\/2021\/04\/partenariat-transat-JV-3.pdf\"  target=\"_blank\" rel=\"noopener\"  itemprop=\"url\">\n\t\t\t\t<img decoding=\"async\" src=\"https:\/\/www.reseau-mesure.com\/wp-content\/uploads\/2021\/04\/SPIRIT-OF-SAINT-MALO.jpg\" alt=\"SPIRIT OF SAINT MALO\" height=\"480\" width=\"640\" title=\"GEIST DES HEILIGEN MALO\" onerror=\"this.style.display='none'\" loading=\"lazy\" \/>\n\t\t\t\t<\/a>\n\t<\/figure>\n<ul>\n<li>F\u00fcr uns,\u00a0<strong>rekrutieren, trainieren, \u00fcberwachen, die richtigen Orientierungen umsetzen, korrigieren<\/strong>\u00a0Management entsprechend den aufgetretenen Situationen\u2026.<\/li>\n<\/ul>\n<p>Dar\u00fcber hinaus m\u00fcssen Sie mehr dar\u00fcber wissen.<\/p>\n<p>Integrieren Sie in beiden F\u00e4llen die Regeln f\u00fcr Mechanik, Physik und andere ...<\/p>\n<p>&nbsp;<\/p>\n<p><strong>Ich unterst\u00fctze daher dieses Projekt<\/strong>\u00a0denn jenseits der technischen und betrieblichen Qualit\u00e4ten,\u00a0<strong>Es braucht Hellsichtigkeit und Wagemut, um sich an den Start eines solchen Wettbewerbs zu stellen, der die Besten vereint.<\/strong>&quot;&quot;\u00a0<\/p>\n\t<p><strong>Eine andere Art, Teams zu kommunizieren und zu motivieren!<\/strong><\/p>\n<figure itemscope itemtype=\"https:\/\/schema.org\/ImageObject\">\n\t\t\t\t<img decoding=\"async\" src=\"https:\/\/www.reseau-mesure.com\/wp-content\/plugins\/bb-plugin\/img\/pixel.png\" alt=\"\" onerror=\"this.style.display='none'\" loading=\"lazy\" \/>\n\t<\/figure>\n\t<p><strong>Verwenden Sie digitale Kommunikation oder m\u00f6chten Sie sie f\u00fcr Ihr Unternehmen entwickeln?<\/strong><\/p>\n<p><a href=\"mailto:eduflot@reseau-mesure.com\">Treten Sie der Arbeitsgruppe &quot;Digitale Kommunikation&quot; bei<\/a>, ein Raum f\u00fcr den Austausch und <a href=\"https:\/\/www.reseau-mesure.com\/de\/formation\/\">Ausbildung<\/a>.<\/p>","protected":false},"excerpt":{"rendered":"<p>Web- und Print-Kommunikation Steigern Sie Ihre Kommunikation mit kontrollierten Budgets. \u201eDank des Messnetzwerks konnte ich von sehr wettbewerbsf\u00e4higen Preisen profitieren, um die Sichtbarkeit meines Unternehmens und meiner Produkte auf industriellen Webportalen zu verbessern. Dar\u00fcber hinaus kann ich kostenlose Informationen, die in der Fachpresse weitergegeben werden, im Rahmen von\u2026<\/p>","protected":false},"author":685,"featured_media":0,"parent":0,"menu_order":0,"comment_status":"closed","ping_status":"closed","template":"","meta":{"_acf_changed":false,"footnotes":""},"class_list":["post-390","page","type-page","status-publish","hentry"],"acf":[],"yoast_head":"<!-- This site is optimized with the Yoast SEO plugin v27.4 - https:\/\/yoast.com\/product\/yoast-seo-wordpress\/ -->\n<title>Communication - R\u00e9seau Mesure<\/title>\n<meta name=\"description\" content=\"Retrouvez l&#039;ensemble des actions de communication propos\u00e9es aux adh\u00e9rents par le R\u00e9seau Mesure (plan m\u00e9dia, tarifs pr\u00e9f\u00e9rentiels, etc.).\" \/>\n<meta name=\"robots\" content=\"index, follow, max-snippet:-1, max-image-preview:large, max-video-preview:-1\" \/>\n<link rel=\"canonical\" href=\"https:\/\/www.reseau-mesure.com\/de\/communication\/\" \/>\n<meta property=\"og:locale\" content=\"de_DE\" \/>\n<meta property=\"og:type\" content=\"article\" \/>\n<meta property=\"og:title\" content=\"Communication - R\u00e9seau Mesure\" \/>\n<meta property=\"og:description\" content=\"Retrouvez l&#039;ensemble des actions de communication propos\u00e9es aux adh\u00e9rents par le R\u00e9seau Mesure (plan m\u00e9dia, tarifs pr\u00e9f\u00e9rentiels, etc.).\" \/>\n<meta property=\"og:url\" content=\"https:\/\/www.reseau-mesure.com\/de\/communication\/\" \/>\n<meta property=\"og:site_name\" content=\"R\u00e9seau Mesure\" \/>\n<meta property=\"article:publisher\" content=\"https:\/\/www.facebook.com\/reseaumesure\/\" \/>\n<meta property=\"article:modified_time\" content=\"2026-04-15T07:48:35+00:00\" \/>\n<meta property=\"og:image\" content=\"https:\/\/www.reseau-mesure.com\/wp-content\/uploads\/2026\/04\/2026-PARTENAIRES-PRESSE-1024x576.jpg\" \/>\n<meta name=\"twitter:card\" content=\"summary_large_image\" \/>\n<meta name=\"twitter:site\" content=\"@ReseauMesure\" \/>\n<meta name=\"twitter:label1\" content=\"Gesch\u00e4tzte Lesezeit\" \/>\n\t<meta name=\"twitter:data1\" content=\"7\u00a0Minuten\" \/>\n<script type=\"application\/ld+json\" class=\"yoast-schema-graph\">{\"@context\":\"https:\\\/\\\/schema.org\",\"@graph\":[{\"@type\":\"WebPage\",\"@id\":\"https:\\\/\\\/www.reseau-mesure.com\\\/communication\\\/\",\"url\":\"https:\\\/\\\/www.reseau-mesure.com\\\/communication\\\/\",\"name\":\"Communication - R\u00e9seau Mesure\",\"isPartOf\":{\"@id\":\"https:\\\/\\\/www.reseau-mesure.com\\\/#website\"},\"primaryImageOfPage\":{\"@id\":\"https:\\\/\\\/www.reseau-mesure.com\\\/communication\\\/#primaryimage\"},\"image\":{\"@id\":\"https:\\\/\\\/www.reseau-mesure.com\\\/communication\\\/#primaryimage\"},\"thumbnailUrl\":\"https:\\\/\\\/www.reseau-mesure.com\\\/wp-content\\\/uploads\\\/2026\\\/04\\\/2026-PARTENAIRES-PRESSE-1024x576.jpg\",\"datePublished\":\"2017-12-12T20:14:56+00:00\",\"dateModified\":\"2026-04-15T07:48:35+00:00\",\"description\":\"Retrouvez l'ensemble des actions de communication propos\u00e9es aux adh\u00e9rents par le R\u00e9seau Mesure (plan m\u00e9dia, tarifs pr\u00e9f\u00e9rentiels, etc.).\",\"breadcrumb\":{\"@id\":\"https:\\\/\\\/www.reseau-mesure.com\\\/communication\\\/#breadcrumb\"},\"inLanguage\":\"de\",\"potentialAction\":[{\"@type\":\"ReadAction\",\"target\":[\"https:\\\/\\\/www.reseau-mesure.com\\\/communication\\\/\"]}]},{\"@type\":\"ImageObject\",\"inLanguage\":\"de\",\"@id\":\"https:\\\/\\\/www.reseau-mesure.com\\\/communication\\\/#primaryimage\",\"url\":\"https:\\\/\\\/www.reseau-mesure.com\\\/wp-content\\\/uploads\\\/2026\\\/04\\\/2026-PARTENAIRES-PRESSE-1024x576.jpg\",\"contentUrl\":\"https:\\\/\\\/www.reseau-mesure.com\\\/wp-content\\\/uploads\\\/2026\\\/04\\\/2026-PARTENAIRES-PRESSE-1024x576.jpg\"},{\"@type\":\"BreadcrumbList\",\"@id\":\"https:\\\/\\\/www.reseau-mesure.com\\\/communication\\\/#breadcrumb\",\"itemListElement\":[{\"@type\":\"ListItem\",\"position\":1,\"name\":\"Accueil\",\"item\":\"https:\\\/\\\/www.reseau-mesure.com\\\/\"},{\"@type\":\"ListItem\",\"position\":2,\"name\":\"Communication\"}]},{\"@type\":\"WebSite\",\"@id\":\"https:\\\/\\\/www.reseau-mesure.com\\\/#website\",\"url\":\"https:\\\/\\\/www.reseau-mesure.com\\\/\",\"name\":\"R\u00e9seau-Mesure\",\"description\":\"R\u00e9seau Mesure\",\"publisher\":{\"@id\":\"https:\\\/\\\/www.reseau-mesure.com\\\/#organization\"},\"potentialAction\":[{\"@type\":\"SearchAction\",\"target\":{\"@type\":\"EntryPoint\",\"urlTemplate\":\"https:\\\/\\\/www.reseau-mesure.com\\\/?s={search_term_string}\"},\"query-input\":{\"@type\":\"PropertyValueSpecification\",\"valueRequired\":true,\"valueName\":\"search_term_string\"}}],\"inLanguage\":\"de\"},{\"@type\":\"Organization\",\"@id\":\"https:\\\/\\\/www.reseau-mesure.com\\\/#organization\",\"name\":\"R\u00e9seau-Mesure\",\"url\":\"https:\\\/\\\/www.reseau-mesure.com\\\/\",\"logo\":{\"@type\":\"ImageObject\",\"inLanguage\":\"de\",\"@id\":\"https:\\\/\\\/www.reseau-mesure.com\\\/#\\\/schema\\\/logo\\\/image\\\/\",\"url\":\"https:\\\/\\\/www.reseau-mesure.com\\\/wp-content\\\/uploads\\\/2018\\\/02\\\/logo-max.png\",\"contentUrl\":\"https:\\\/\\\/www.reseau-mesure.com\\\/wp-content\\\/uploads\\\/2018\\\/02\\\/logo-max.png\",\"width\":545,\"height\":285,\"caption\":\"R\u00e9seau-Mesure\"},\"image\":{\"@id\":\"https:\\\/\\\/www.reseau-mesure.com\\\/#\\\/schema\\\/logo\\\/image\\\/\"},\"sameAs\":[\"https:\\\/\\\/www.facebook.com\\\/reseaumesure\\\/\",\"https:\\\/\\\/x.com\\\/ReseauMesure\",\"https:\\\/\\\/www.linkedin.com\\\/company\\\/reseau-mesure\\\/\"]}]}<\/script>\n<!-- \/ Yoast SEO plugin. -->","yoast_head_json":{"title":"Communication - R\u00e9seau Mesure","description":"Retrouvez l'ensemble des actions de communication propos\u00e9es aux adh\u00e9rents par le R\u00e9seau Mesure (plan m\u00e9dia, tarifs pr\u00e9f\u00e9rentiels, etc.).","robots":{"index":"index","follow":"follow","max-snippet":"max-snippet:-1","max-image-preview":"max-image-preview:large","max-video-preview":"max-video-preview:-1"},"canonical":"https:\/\/www.reseau-mesure.com\/de\/communication\/","og_locale":"de_DE","og_type":"article","og_title":"Communication - R\u00e9seau Mesure","og_description":"Retrouvez l'ensemble des actions de communication propos\u00e9es aux adh\u00e9rents par le R\u00e9seau Mesure (plan m\u00e9dia, tarifs pr\u00e9f\u00e9rentiels, etc.).","og_url":"https:\/\/www.reseau-mesure.com\/de\/communication\/","og_site_name":"R\u00e9seau Mesure","article_publisher":"https:\/\/www.facebook.com\/reseaumesure\/","article_modified_time":"2026-04-15T07:48:35+00:00","og_image":[{"url":"https:\/\/www.reseau-mesure.com\/wp-content\/uploads\/2026\/04\/2026-PARTENAIRES-PRESSE-1024x576.jpg","type":"","width":"","height":""}],"twitter_card":"summary_large_image","twitter_site":"@ReseauMesure","twitter_misc":{"Gesch\u00e4tzte Lesezeit":"7\u00a0Minuten"},"schema":{"@context":"https:\/\/schema.org","@graph":[{"@type":"WebPage","@id":"https:\/\/www.reseau-mesure.com\/communication\/","url":"https:\/\/www.reseau-mesure.com\/communication\/","name":"Communication - R\u00e9seau Mesure","isPartOf":{"@id":"https:\/\/www.reseau-mesure.com\/#website"},"primaryImageOfPage":{"@id":"https:\/\/www.reseau-mesure.com\/communication\/#primaryimage"},"image":{"@id":"https:\/\/www.reseau-mesure.com\/communication\/#primaryimage"},"thumbnailUrl":"https:\/\/www.reseau-mesure.com\/wp-content\/uploads\/2026\/04\/2026-PARTENAIRES-PRESSE-1024x576.jpg","datePublished":"2017-12-12T20:14:56+00:00","dateModified":"2026-04-15T07:48:35+00:00","description":"Retrouvez l'ensemble des actions de communication propos\u00e9es aux adh\u00e9rents par le R\u00e9seau Mesure (plan m\u00e9dia, tarifs pr\u00e9f\u00e9rentiels, etc.).","breadcrumb":{"@id":"https:\/\/www.reseau-mesure.com\/communication\/#breadcrumb"},"inLanguage":"de","potentialAction":[{"@type":"ReadAction","target":["https:\/\/www.reseau-mesure.com\/communication\/"]}]},{"@type":"ImageObject","inLanguage":"de","@id":"https:\/\/www.reseau-mesure.com\/communication\/#primaryimage","url":"https:\/\/www.reseau-mesure.com\/wp-content\/uploads\/2026\/04\/2026-PARTENAIRES-PRESSE-1024x576.jpg","contentUrl":"https:\/\/www.reseau-mesure.com\/wp-content\/uploads\/2026\/04\/2026-PARTENAIRES-PRESSE-1024x576.jpg"},{"@type":"BreadcrumbList","@id":"https:\/\/www.reseau-mesure.com\/communication\/#breadcrumb","itemListElement":[{"@type":"ListItem","position":1,"name":"Accueil","item":"https:\/\/www.reseau-mesure.com\/"},{"@type":"ListItem","position":2,"name":"Communication"}]},{"@type":"WebSite","@id":"https:\/\/www.reseau-mesure.com\/#website","url":"https:\/\/www.reseau-mesure.com\/","name":"Netzwerk-Messung","description":"Netzwerkma\u00dfnahme","publisher":{"@id":"https:\/\/www.reseau-mesure.com\/#organization"},"potentialAction":[{"@type":"SearchAction","target":{"@type":"EntryPoint","urlTemplate":"https:\/\/www.reseau-mesure.com\/?s={search_term_string}"},"query-input":{"@type":"PropertyValueSpecification","valueRequired":true,"valueName":"search_term_string"}}],"inLanguage":"de"},{"@type":"Organization","@id":"https:\/\/www.reseau-mesure.com\/#organization","name":"Netzwerk-Messung","url":"https:\/\/www.reseau-mesure.com\/","logo":{"@type":"ImageObject","inLanguage":"de","@id":"https:\/\/www.reseau-mesure.com\/#\/schema\/logo\/image\/","url":"https:\/\/www.reseau-mesure.com\/wp-content\/uploads\/2018\/02\/logo-max.png","contentUrl":"https:\/\/www.reseau-mesure.com\/wp-content\/uploads\/2018\/02\/logo-max.png","width":545,"height":285,"caption":"R\u00e9seau-Mesure"},"image":{"@id":"https:\/\/www.reseau-mesure.com\/#\/schema\/logo\/image\/"},"sameAs":["https:\/\/www.facebook.com\/reseaumesure\/","https:\/\/x.com\/ReseauMesure","https:\/\/www.linkedin.com\/company\/reseau-mesure\/"]}]}},"_links":{"self":[{"href":"https:\/\/www.reseau-mesure.com\/de\/wp-json\/wp\/v2\/pages\/390","targetHints":{"allow":["GET"]}}],"collection":[{"href":"https:\/\/www.reseau-mesure.com\/de\/wp-json\/wp\/v2\/pages"}],"about":[{"href":"https:\/\/www.reseau-mesure.com\/de\/wp-json\/wp\/v2\/types\/page"}],"author":[{"embeddable":true,"href":"https:\/\/www.reseau-mesure.com\/de\/wp-json\/wp\/v2\/users\/685"}],"replies":[{"embeddable":true,"href":"https:\/\/www.reseau-mesure.com\/de\/wp-json\/wp\/v2\/comments?post=390"}],"version-history":[{"count":5,"href":"https:\/\/www.reseau-mesure.com\/de\/wp-json\/wp\/v2\/pages\/390\/revisions"}],"predecessor-version":[{"id":30672,"href":"https:\/\/www.reseau-mesure.com\/de\/wp-json\/wp\/v2\/pages\/390\/revisions\/30672"}],"wp:attachment":[{"href":"https:\/\/www.reseau-mesure.com\/de\/wp-json\/wp\/v2\/media?parent=390"}],"curies":[{"name":"wp","href":"https:\/\/api.w.org\/{rel}","templated":true}]}}