{"id":504,"date":"2018-01-03T09:21:36","date_gmt":"2018-01-03T08:21:36","guid":{"rendered":"http:\/\/reseau-mesure.fr\/?page_id=504"},"modified":"2023-12-13T14:37:43","modified_gmt":"2023-12-13T13:37:43","slug":"evolution-du-reseau","status":"publish","type":"page","link":"https:\/\/www.reseau-mesure.com\/de\/evolution-du-reseau\/","title":{"rendered":"Entwicklung des Netzwerks"},"content":{"rendered":"<img loading=\"lazy\" decoding=\"async\" src=\"https:\/\/www.reseau-mesure.com\/wp-content\/uploads\/2018\/02\/logo-max.png\" alt=\"logo-max\" itemprop=\"image\" height=\"285\" width=\"545\" title=\"logo-max\" onerror=\"this.style.display='none'\"  \/>\n\t\t<h1>\n\t\t\tDie Entwicklung des Messnetzwerks\n\t\t<\/h1>\n\t<h2>Ein Netzwerk, das 2002 durch den Willen von 5 Wirtschaftsf\u00fchrern gegr\u00fcndet wurde.<\/h2>\n\t<p><strong><em>Das<\/em><\/strong> <strong><em>Netzwerkma\u00dfnahme<\/em><\/strong> ist ein Verein, der 2002 unter dem Namen RMVO von 5 Gesch\u00e4ftsf\u00fchrern gegr\u00fcndet wurde.<\/p>\n<p>Laur\u00e9at de la s\u00e9lection nationale \u00ab Grappe d&rsquo;entreprises \u00bb en 2010, le R\u00e9seau Mesure compte \u00e0 ce jour plus de 205 entreprises adh\u00e9rentes dans les domaines de la mesure, du contr\u00f4le, de l&rsquo;\u00e9talonnage et de l&rsquo;instrumentation.<\/p>\n\t\t\t\t<img loading=\"lazy\" decoding=\"async\" src=\"https:\/\/www.reseau-mesure.com\/wp-content\/uploads\/2018\/01\/schema-mains-150x150.jpg\" alt=\"r\u00e9seau entreprises\" itemprop=\"image\" height=\"150\" width=\"150\" title=\"Zeigerdiagramm\" onerror=\"this.style.display='none'\"  \/>\n\t<ul>\n<li>Sein Ziel ist es, die Entwicklung der Mitgliedsunternehmen zu unterst\u00fctzen, indem:\n<ul>\n<li>Bereitstellung eines gepoolten Serviceangebots;<\/li>\n<li>Bereitstellung kollektiver L\u00f6sungen mit Mehrwert;<\/li>\n<li>F\u00f6rderung des Know-hows und der F\u00e4higkeiten seiner Mitglieder;<\/li>\n<li>Wertsch\u00f6pfende Synergien umsetzen;<\/li>\n<li>Schaffung einer zus\u00e4tzlichen Einsparungsquelle f\u00fcr Mitglieder durch gepoolte Aktionen, die von dedizierten Arbeitsgruppen verwaltet werden.<\/li>\n<\/ul>\n<\/li>\n<\/ul>\n\t<p>Die Arbeitsgruppen: Eink\u00e4ufe, Ausstellungen, Export, digitale Kommunikation, physikalisch-chemische Analyse von Wasser, Markt- und Gesch\u00e4ftsm\u00f6glichkeiten, Stra\u00dfe und Gesch\u00e4ft, allgemeine Verkaufsbedingungen.<\/p>\n<p>Das Messnetzwerk basiert auf zwei starken Prinzipien:<\/p>\n<ul>\n<li>Die Mitglieder schlagen Ma\u00dfnahmen vor<\/li>\n<li>Das Messnetzwerk setzt es, wenn es einen Mehrwert bringt, in einem kollektiven Rahmen um.<\/li>\n<\/ul>\n<p>Le plan d&rsquo;actions construit par les entreprises membres du r\u00e9seau s&rsquo;articule autour de deux axes prioritaires :<\/p>\n<ul>\n<li>Eine zus\u00e4tzliche Einsparungsquelle f\u00fcr Mitglieder durch gepoolte Aktionen, die von speziellen Arbeitsgruppen verwaltet werden.<\/li>\n<li>Die Umsetzung wertsch\u00f6pfender Synergien.<\/li>\n<\/ul>\n\t\t\t\t<img decoding=\"async\" src=\"https:\/\/www.reseau-mesure.com\/wp-content\/uploads\/2018\/01\/iceberg-reseau-mesure-HD-768x676.jpg\" alt=\"iceberg reseau mesure\" itemprop=\"image\" title=\"Messung des Eisbergnetzwerks\" onerror=\"this.style.display='none'\"  \/>\n\t\t<h2>\n\t\t\tUnsere Mitglieder\n\t\t<\/h2>\n    <p>Finden Sie alle Mitgliedsunternehmen des Messnetzwerks<\/p>\n    <p>- Mitglieder des Messnetzwerks -<\/p>\n  <a href=\"https:\/\/www.reseau-mesure.com\/de\/adherent\/chauvin-arnoux\/\"><img decoding=\"async\" src=\"https:\/\/www.reseau-mesure.com\/wp-content\/uploads\/2022\/09\/logo-MM.png\" alt=\"\" \/><\/a>\n  <a href=\"https:\/\/www.reseau-mesure.com\/de\/adherent\/citec-sa\/\"><img decoding=\"async\" src=\"https:\/\/www.reseau-mesure.com\/wp-content\/uploads\/2018\/02\/CITEC.jpg\" alt=\"\" \/><\/a>\n  <a href=\"https:\/\/www.reseau-mesure.com\/de\/adherent\/emd2i-2\/\"><img decoding=\"async\" src=\"https:\/\/www.reseau-mesure.com\/wp-content\/uploads\/2023\/09\/EMD2I.jpg\" alt=\"\" \/><\/a>\n  <a href=\"https:\/\/www.reseau-mesure.com\/de\/adherent\/sts-france\/\"><img decoding=\"async\" src=\"https:\/\/www.reseau-mesure.com\/wp-content\/uploads\/2018\/12\/STScom-2.jpg\" alt=\"\" \/><\/a>\n  <a href=\"https:\/\/www.reseau-mesure.com\/de\/adherent\/ecom\/\"><img decoding=\"async\" src=\"https:\/\/www.reseau-mesure.com\/wp-content\/uploads\/2019\/06\/ecom-2023.png\" alt=\"\" \/><\/a>\n  <a href=\"https:\/\/www.reseau-mesure.com\/de\/adherent\/wormsensing\/\"><img decoding=\"async\" src=\"https:\/\/www.reseau-mesure.com\/wp-content\/uploads\/2023\/09\/Logo-Worms-RVB-Noir.png\" alt=\"\" \/><\/a>\n  <a href=\"https:\/\/www.reseau-mesure.com\/de\/adherent\/cmi-cleanroom-management-international\/\"><img decoding=\"async\" src=\"https:\/\/www.reseau-mesure.com\/wp-content\/uploads\/2023\/11\/FR_CMI_bleu_fond_blanc_3lignes_Groupe_Trescal.jpg\" alt=\"\" \/><\/a>\n  <a href=\"https:\/\/www.reseau-mesure.com\/de\/adherent\/sofimae-2\/\"><img decoding=\"async\" src=\"https:\/\/www.reseau-mesure.com\/wp-content\/uploads\/2023\/10\/sofimae.jpg\" alt=\"\" \/><\/a>","protected":false},"excerpt":{"rendered":"<p>L&rsquo;\u00e9volution du R\u00e9seau Mesure Un R\u00e9seau cr\u00e9\u00e9 par la volont\u00e9 de 5 chefs d&rsquo;entreprises en 2002. Le R\u00e9seau Mesure est une association cr\u00e9\u00e9e en 2002 sous le nom RMVO par 5 chefs d&rsquo;entreprise. Laur\u00e9at de la s\u00e9lection nationale \u00ab Grappe d&rsquo;entreprises \u00bb en 2010, le R\u00e9seau Mesure compte \u00e0 ce jour plus de 205 entreprises&hellip;<\/p>","protected":false},"author":685,"featured_media":0,"parent":0,"menu_order":0,"comment_status":"closed","ping_status":"closed","template":"","meta":{"_acf_changed":false,"footnotes":""},"class_list":["post-504","page","type-page","status-publish","hentry"],"acf":[],"yoast_head":"<!-- This site is optimized with the Yoast SEO plugin v27.3 - https:\/\/yoast.com\/product\/yoast-seo-wordpress\/ -->\n<title>Evolution du reseau - R\u00e9seau Mesure<\/title>\n<meta name=\"description\" content=\"Venez d\u00e9couvrir le R\u00e9seau Mesure etr son \u00e9volution. Une histoire pleine de rebondissement avec un objectif claire, aider les adh\u00e9rents.\" \/>\n<meta name=\"robots\" content=\"index, follow, max-snippet:-1, max-image-preview:large, max-video-preview:-1\" \/>\n<link rel=\"canonical\" href=\"https:\/\/www.reseau-mesure.com\/de\/evolution-du-reseau\/\" \/>\n<meta property=\"og:locale\" content=\"de_DE\" \/>\n<meta property=\"og:type\" content=\"article\" \/>\n<meta property=\"og:title\" content=\"Evolution du reseau - R\u00e9seau Mesure\" \/>\n<meta property=\"og:description\" content=\"Venez d\u00e9couvrir le R\u00e9seau Mesure etr son \u00e9volution. Une histoire pleine de rebondissement avec un objectif claire, aider les adh\u00e9rents.\" \/>\n<meta property=\"og:url\" content=\"https:\/\/www.reseau-mesure.com\/de\/evolution-du-reseau\/\" \/>\n<meta property=\"og:site_name\" content=\"R\u00e9seau Mesure\" \/>\n<meta property=\"article:publisher\" content=\"https:\/\/www.facebook.com\/reseaumesure\/\" \/>\n<meta property=\"article:modified_time\" content=\"2023-12-13T13:37:43+00:00\" \/>\n<meta property=\"og:image\" content=\"https:\/\/www.reseau-mesure.com\/wp-content\/uploads\/2018\/02\/logo-max.png\" \/>\n<meta name=\"twitter:card\" content=\"summary_large_image\" \/>\n<meta name=\"twitter:site\" content=\"@ReseauMesure\" \/>\n<meta name=\"twitter:label1\" content=\"Gesch\u00e4tzte Lesezeit\" \/>\n\t<meta name=\"twitter:data1\" content=\"1\u00a0Minute\" \/>\n<script type=\"application\/ld+json\" class=\"yoast-schema-graph\">{\"@context\":\"https:\\\/\\\/schema.org\",\"@graph\":[{\"@type\":\"WebPage\",\"@id\":\"https:\\\/\\\/www.reseau-mesure.com\\\/evolution-du-reseau\\\/\",\"url\":\"https:\\\/\\\/www.reseau-mesure.com\\\/evolution-du-reseau\\\/\",\"name\":\"Evolution du reseau - R\u00e9seau Mesure\",\"isPartOf\":{\"@id\":\"https:\\\/\\\/www.reseau-mesure.com\\\/#website\"},\"primaryImageOfPage\":{\"@id\":\"https:\\\/\\\/www.reseau-mesure.com\\\/evolution-du-reseau\\\/#primaryimage\"},\"image\":{\"@id\":\"https:\\\/\\\/www.reseau-mesure.com\\\/evolution-du-reseau\\\/#primaryimage\"},\"thumbnailUrl\":\"https:\\\/\\\/www.reseau-mesure.com\\\/wp-content\\\/uploads\\\/2018\\\/02\\\/logo-max.png\",\"datePublished\":\"2018-01-03T08:21:36+00:00\",\"dateModified\":\"2023-12-13T13:37:43+00:00\",\"description\":\"Venez d\u00e9couvrir le R\u00e9seau Mesure etr son \u00e9volution. Une histoire pleine de rebondissement avec un objectif claire, aider les adh\u00e9rents.\",\"breadcrumb\":{\"@id\":\"https:\\\/\\\/www.reseau-mesure.com\\\/evolution-du-reseau\\\/#breadcrumb\"},\"inLanguage\":\"de\",\"potentialAction\":[{\"@type\":\"ReadAction\",\"target\":[\"https:\\\/\\\/www.reseau-mesure.com\\\/evolution-du-reseau\\\/\"]}]},{\"@type\":\"ImageObject\",\"inLanguage\":\"de\",\"@id\":\"https:\\\/\\\/www.reseau-mesure.com\\\/evolution-du-reseau\\\/#primaryimage\",\"url\":\"https:\\\/\\\/www.reseau-mesure.com\\\/wp-content\\\/uploads\\\/2018\\\/02\\\/logo-max.png\",\"contentUrl\":\"https:\\\/\\\/www.reseau-mesure.com\\\/wp-content\\\/uploads\\\/2018\\\/02\\\/logo-max.png\"},{\"@type\":\"BreadcrumbList\",\"@id\":\"https:\\\/\\\/www.reseau-mesure.com\\\/evolution-du-reseau\\\/#breadcrumb\",\"itemListElement\":[{\"@type\":\"ListItem\",\"position\":1,\"name\":\"Accueil\",\"item\":\"https:\\\/\\\/www.reseau-mesure.com\\\/\"},{\"@type\":\"ListItem\",\"position\":2,\"name\":\"Evolution du reseau\"}]},{\"@type\":\"WebSite\",\"@id\":\"https:\\\/\\\/www.reseau-mesure.com\\\/#website\",\"url\":\"https:\\\/\\\/www.reseau-mesure.com\\\/\",\"name\":\"R\u00e9seau-Mesure\",\"description\":\"R\u00e9seau Mesure\",\"publisher\":{\"@id\":\"https:\\\/\\\/www.reseau-mesure.com\\\/#organization\"},\"potentialAction\":[{\"@type\":\"SearchAction\",\"target\":{\"@type\":\"EntryPoint\",\"urlTemplate\":\"https:\\\/\\\/www.reseau-mesure.com\\\/?s={search_term_string}\"},\"query-input\":{\"@type\":\"PropertyValueSpecification\",\"valueRequired\":true,\"valueName\":\"search_term_string\"}}],\"inLanguage\":\"de\"},{\"@type\":\"Organization\",\"@id\":\"https:\\\/\\\/www.reseau-mesure.com\\\/#organization\",\"name\":\"R\u00e9seau-Mesure\",\"url\":\"https:\\\/\\\/www.reseau-mesure.com\\\/\",\"logo\":{\"@type\":\"ImageObject\",\"inLanguage\":\"de\",\"@id\":\"https:\\\/\\\/www.reseau-mesure.com\\\/#\\\/schema\\\/logo\\\/image\\\/\",\"url\":\"https:\\\/\\\/www.reseau-mesure.com\\\/wp-content\\\/uploads\\\/2018\\\/02\\\/logo-max.png\",\"contentUrl\":\"https:\\\/\\\/www.reseau-mesure.com\\\/wp-content\\\/uploads\\\/2018\\\/02\\\/logo-max.png\",\"width\":545,\"height\":285,\"caption\":\"R\u00e9seau-Mesure\"},\"image\":{\"@id\":\"https:\\\/\\\/www.reseau-mesure.com\\\/#\\\/schema\\\/logo\\\/image\\\/\"},\"sameAs\":[\"https:\\\/\\\/www.facebook.com\\\/reseaumesure\\\/\",\"https:\\\/\\\/x.com\\\/ReseauMesure\",\"https:\\\/\\\/www.linkedin.com\\\/company\\\/reseau-mesure\\\/\"]}]}<\/script>\n<!-- \/ Yoast SEO plugin. -->","yoast_head_json":{"title":"Evolution du reseau - R\u00e9seau Mesure","description":"Venez d\u00e9couvrir le R\u00e9seau Mesure etr son \u00e9volution. Une histoire pleine de rebondissement avec un objectif claire, aider les adh\u00e9rents.","robots":{"index":"index","follow":"follow","max-snippet":"max-snippet:-1","max-image-preview":"max-image-preview:large","max-video-preview":"max-video-preview:-1"},"canonical":"https:\/\/www.reseau-mesure.com\/de\/evolution-du-reseau\/","og_locale":"de_DE","og_type":"article","og_title":"Evolution du reseau - R\u00e9seau Mesure","og_description":"Venez d\u00e9couvrir le R\u00e9seau Mesure etr son \u00e9volution. Une histoire pleine de rebondissement avec un objectif claire, aider les adh\u00e9rents.","og_url":"https:\/\/www.reseau-mesure.com\/de\/evolution-du-reseau\/","og_site_name":"R\u00e9seau Mesure","article_publisher":"https:\/\/www.facebook.com\/reseaumesure\/","article_modified_time":"2023-12-13T13:37:43+00:00","og_image":[{"url":"https:\/\/www.reseau-mesure.com\/wp-content\/uploads\/2018\/02\/logo-max.png","type":"","width":"","height":""}],"twitter_card":"summary_large_image","twitter_site":"@ReseauMesure","twitter_misc":{"Gesch\u00e4tzte Lesezeit":"1\u00a0Minute"},"schema":{"@context":"https:\/\/schema.org","@graph":[{"@type":"WebPage","@id":"https:\/\/www.reseau-mesure.com\/evolution-du-reseau\/","url":"https:\/\/www.reseau-mesure.com\/evolution-du-reseau\/","name":"Evolution du reseau - R\u00e9seau Mesure","isPartOf":{"@id":"https:\/\/www.reseau-mesure.com\/#website"},"primaryImageOfPage":{"@id":"https:\/\/www.reseau-mesure.com\/evolution-du-reseau\/#primaryimage"},"image":{"@id":"https:\/\/www.reseau-mesure.com\/evolution-du-reseau\/#primaryimage"},"thumbnailUrl":"https:\/\/www.reseau-mesure.com\/wp-content\/uploads\/2018\/02\/logo-max.png","datePublished":"2018-01-03T08:21:36+00:00","dateModified":"2023-12-13T13:37:43+00:00","description":"Venez d\u00e9couvrir le R\u00e9seau Mesure etr son \u00e9volution. Une histoire pleine de rebondissement avec un objectif claire, aider les adh\u00e9rents.","breadcrumb":{"@id":"https:\/\/www.reseau-mesure.com\/evolution-du-reseau\/#breadcrumb"},"inLanguage":"de","potentialAction":[{"@type":"ReadAction","target":["https:\/\/www.reseau-mesure.com\/evolution-du-reseau\/"]}]},{"@type":"ImageObject","inLanguage":"de","@id":"https:\/\/www.reseau-mesure.com\/evolution-du-reseau\/#primaryimage","url":"https:\/\/www.reseau-mesure.com\/wp-content\/uploads\/2018\/02\/logo-max.png","contentUrl":"https:\/\/www.reseau-mesure.com\/wp-content\/uploads\/2018\/02\/logo-max.png"},{"@type":"BreadcrumbList","@id":"https:\/\/www.reseau-mesure.com\/evolution-du-reseau\/#breadcrumb","itemListElement":[{"@type":"ListItem","position":1,"name":"Accueil","item":"https:\/\/www.reseau-mesure.com\/"},{"@type":"ListItem","position":2,"name":"Evolution du reseau"}]},{"@type":"WebSite","@id":"https:\/\/www.reseau-mesure.com\/#website","url":"https:\/\/www.reseau-mesure.com\/","name":"Netzwerk-Messung","description":"Netzwerkma\u00dfnahme","publisher":{"@id":"https:\/\/www.reseau-mesure.com\/#organization"},"potentialAction":[{"@type":"SearchAction","target":{"@type":"EntryPoint","urlTemplate":"https:\/\/www.reseau-mesure.com\/?s={search_term_string}"},"query-input":{"@type":"PropertyValueSpecification","valueRequired":true,"valueName":"search_term_string"}}],"inLanguage":"de"},{"@type":"Organization","@id":"https:\/\/www.reseau-mesure.com\/#organization","name":"Netzwerk-Messung","url":"https:\/\/www.reseau-mesure.com\/","logo":{"@type":"ImageObject","inLanguage":"de","@id":"https:\/\/www.reseau-mesure.com\/#\/schema\/logo\/image\/","url":"https:\/\/www.reseau-mesure.com\/wp-content\/uploads\/2018\/02\/logo-max.png","contentUrl":"https:\/\/www.reseau-mesure.com\/wp-content\/uploads\/2018\/02\/logo-max.png","width":545,"height":285,"caption":"R\u00e9seau-Mesure"},"image":{"@id":"https:\/\/www.reseau-mesure.com\/#\/schema\/logo\/image\/"},"sameAs":["https:\/\/www.facebook.com\/reseaumesure\/","https:\/\/x.com\/ReseauMesure","https:\/\/www.linkedin.com\/company\/reseau-mesure\/"]}]}},"_links":{"self":[{"href":"https:\/\/www.reseau-mesure.com\/de\/wp-json\/wp\/v2\/pages\/504","targetHints":{"allow":["GET"]}}],"collection":[{"href":"https:\/\/www.reseau-mesure.com\/de\/wp-json\/wp\/v2\/pages"}],"about":[{"href":"https:\/\/www.reseau-mesure.com\/de\/wp-json\/wp\/v2\/types\/page"}],"author":[{"embeddable":true,"href":"https:\/\/www.reseau-mesure.com\/de\/wp-json\/wp\/v2\/users\/685"}],"replies":[{"embeddable":true,"href":"https:\/\/www.reseau-mesure.com\/de\/wp-json\/wp\/v2\/comments?post=504"}],"version-history":[{"count":0,"href":"https:\/\/www.reseau-mesure.com\/de\/wp-json\/wp\/v2\/pages\/504\/revisions"}],"wp:attachment":[{"href":"https:\/\/www.reseau-mesure.com\/de\/wp-json\/wp\/v2\/media?parent=504"}],"curies":[{"name":"wp","href":"https:\/\/api.w.org\/{rel}","templated":true}]}}