{"id":52,"date":"2017-10-30T18:37:44","date_gmt":"2017-10-30T17:37:44","guid":{"rendered":"http:\/\/reseau-mesure.fr\/?page_id=52"},"modified":"2020-03-03T16:31:08","modified_gmt":"2020-03-03T15:31:08","slug":"mentions-legales","status":"publish","type":"page","link":"https:\/\/www.reseau-mesure.com\/de\/mentions-legales\/","title":{"rendered":"Impressum"},"content":{"rendered":"<h1 >\n\t\t\tImpressum\n\t\t<\/h1>\n\t<h2>Bitte lesen Sie diese Nutzungsbedingungen dieser Website sorgf\u00e4ltig durch, bevor Sie sie durchsuchen. Wenn Sie eine Verbindung zu dieser Website herstellen, akzeptieren Sie diese Bedingungen vollst\u00e4ndig.<\/h2>\n\t<p><strong>Site-Editor<\/strong><\/p>\n<p><strong>Messnetzwerk-Vereinigung<\/strong><\/p>\n<p>Adresse :<\/p>\nc \/ o CCI VAL D&#039;OISE<br \/>\n35 Bld du Port - Cap Cergy<br \/>\nGeb\u00e4ude C1 - CS 20209<br \/>\n95031 CERGY PONTOISE Cedex\n<p>Telefon: 09 54 64 45 56<\/p>\n<p>Vereinsgesetz 1901 - Registriert am J0 20020019, ver\u00f6ffentlicht am 11. Mai 2002 - Code SIREN 444 837 504<\/p>\n<p>CNIL-Deklarationsnummer: 2001254V0<\/p>\n<p><strong>Nutzungsbedingungen<\/strong><\/p>\nDie Website, auf die \u00fcber die folgenden URLs zugegriffen werden kann: www.reseau-mesure.com wird in \u00dcbereinstimmung mit franz\u00f6sischem Recht betrieben. Die Nutzung dieser Website unterliegt diesen Allgemeinen Gesch\u00e4ftsbedingungen. Durch die Nutzung der Website best\u00e4tigen Sie, diese Bedingungen gelesen und akzeptiert zu haben. Diese k\u00f6nnen jederzeit und ohne vorherige Ank\u00fcndigung vom Verband R\u00e9seau-Mesure ge\u00e4ndert werden.<br \/>\nDas R\u00e9seau-Mesure kann in keiner Weise f\u00fcr den Missbrauch des Dienstes verantwortlich gemacht werden.\n<p><strong>Beschreibung der Dienstleistungen <\/strong><\/p>\n<p>Der Verein RESEAU MESURE ist ein Verein nach dem Gesetz von 1901, dessen T\u00e4tigkeit die Vertretung der Interessen von Unternehmen im Mess- und Instrumentierungssektor ist, mit dem Ziel, ihre Wettbewerbsf\u00e4higkeit zu st\u00e4rken, indem auf ihre Entwicklungsbed\u00fcrfnisse reagiert wird durch gepoolte Aktionen.<\/p>\n<p>RESEAU MESURE bietet seinen Mitgliedern und Benutzern verschiedene Verbindungsdienste an (Stellenausschreibung, Einreichung von Online-Lebensl\u00e4ufen, Gesch\u00e4ftsbeziehung). Der Benutzer wird dar\u00fcber informiert, dass RESEAU MESURE sich das Recht vorbeh\u00e4lt, die Dienste jederzeit ohne vorherige Ank\u00fcndigung und nach eigenem Ermessen zu \u00e4ndern oder zu l\u00f6schen. Die Beschreibung der Dienste kann bei Bedarf auf der Website ausgef\u00fcllt werden.<\/p>\n<p><strong>Dauer der Dienste, Abmeldung, K\u00fcndigung <\/strong><\/p>\n<p>Die Dienste sind auf unbestimmte Zeit abonniert. Der Benutzer kann sich von den Diensten abmelden, indem er eine entsprechende Anfrage an RESEAU MESURE per E-Mail an admin@reseau-mesure.com sendet.<\/p>\n<p>Jede Aufforderung zur Beendigung der Mitgliedschaft im Messnetzwerk f\u00fchrt sofort zur Unzug\u00e4nglichkeit des Benutzerkontos und seines pers\u00f6nlichen Bereichs auf der Website sowie aller vom Messnetzwerk angebotenen Dienste.<\/p>\n<p><strong>Haftungsbeschr\u00e4nkung<\/strong><\/p>\n<p>Die auf dieser Website enthaltenen Informationen sind so genau wie m\u00f6glich und die Website wird regelm\u00e4\u00dfig aktualisiert, kann jedoch Ungenauigkeiten, Auslassungen oder L\u00fccken enthalten. Wenn Sie eine L\u00fccke, einen Fehler oder eine Fehlfunktion bemerken, melden Sie diese bitte per E-Mail und beschreiben Sie das Problem so genau wie m\u00f6glich (Seite, die das Problem verursacht, ausl\u00f6sende Aktion, Art des verwendeten Computers und verwendeten Browsers). ,\u2026).<\/p>\n<p>Alle heruntergeladenen Inhalte werden auf eigenes Risiko und unter seiner alleinigen Verantwortung erstellt. Folglich kann R\u00e9seau-Mesure nicht f\u00fcr Sch\u00e4den am Computer des Benutzers oder f\u00fcr Datenverluste infolge des Downloads verantwortlich gemacht werden. Bilder sind nicht vertraglich. Die im Rahmen dieser Website eingerichteten Hypertext-Links zu anderen im Internet vorhandenen Ressourcen k\u00f6nnen nicht die Verantwortung von R\u00e9seau-Mesure \u00fcbernehmen.<\/p>\n<p><strong>Streitigkeiten<\/strong><\/p>\n<p>Diese Bedingungen unterliegen franz\u00f6sischem Recht, und alle Streitigkeiten oder Rechtsstreitigkeiten, die sich aus der Auslegung oder Vollstreckung dieser Streitigkeiten ergeben, sind ausschlie\u00dflich den Gerichten vorbehalten, von denen der Hauptsitz der Vereinigung R\u00e9seau-Mesure abh\u00e4ngt. Die Referenzsprache f\u00fcr die Beilegung m\u00f6glicher Streitigkeiten ist Franz\u00f6sisch.<\/p>\n<p><strong>Erkl\u00e4rung an die CNIL<\/strong><\/p>\n<p>In \u00dcbereinstimmung mit dem Gesetz 78-17 vom 6. Januar 1978 (ge\u00e4ndert durch das Gesetz 2004-801 vom 6. August 2004 \u00fcber den Schutz von Personen bei der Verarbeitung personenbezogener Daten) in Bezug auf Computer, Dateien und Freiheiten, die Website wurde der Nationalen Kommission f\u00fcr Informatik und Freiheiten erkl\u00e4rt (<a href=\"http:\/\/www.cnil.fr\/\">www.cnil.fr<\/a>).<\/p>\n<p><strong>Zugangsgenehmigung<\/strong><\/p>\n<p>In Anwendung dieses Gesetzes haben Internetnutzer das Recht, auf sie betreffende Daten zuzugreifen, diese zu korrigieren, zu \u00e4ndern und zu l\u00f6schen. Dieses Recht kann per Post an folgende Adresse ausge\u00fcbt werden: RESEAU MESURE - CCI VAL D&#039;OISE - 35 Bld du Port - Cap Cergy - B\u00e2timent C1 - CS 20209 - 95031 CERGY PONTOISE Cedex<\/p>\n<p>oder auf elektronischem Wege an folgende E-Mail-Adresse: admin@reseau-mesure.com<\/p>\n<p><strong>Geistiges Eigentum<\/strong><\/p>\n<p>Der gesamte Inhalt dieser Website, einschlie\u00dflich, ohne Einschr\u00e4nkung, Grafiken, Bilder, Texte, Videos, Animationen, Sounds, Logos, Gifs und Symbole sowie deren Formatierung, ist das ausschlie\u00dfliche Eigentum von Reseau-Mesure.com im &#039;mit Ausnahme von Marken, Logos oder Inhalten anderer Partnerunternehmen oder Autoren. Jegliche Vervielf\u00e4ltigung, Verbreitung, \u00c4nderung, Anpassung, Weiterverbreitung oder Ver\u00f6ffentlichung dieser verschiedenen Elemente, auch nur teilweise, ist ohne die ausdr\u00fcckliche schriftliche Zustimmung von R\u00e9seau-Mesure.com strengstens untersagt. Diese Darstellung oder Reproduktion stellt in irgendeiner Weise eine Verletzung dar, die mit den Artikeln L.3335-2 und den Bestimmungen des Kodex f\u00fcr geistiges Eigentum geahndet werden kann. Die Nichteinhaltung dieses Verbots stellt einen Versto\u00df dar, der die zivil- und strafrechtliche Haftung des Verletzers beeintr\u00e4chtigen kann. Dar\u00fcber hinaus k\u00f6nnen die Eigent\u00fcmer des kopierten Inhalts rechtliche Schritte gegen Sie einleiten. Reseau-Mesure.com ist der identische Eigent\u00fcmer der &quot;Rechte der Datenbankproduzenten&quot; gem\u00e4\u00df Buch III, Titel IV des Gesetzes \u00fcber geistiges Eigentum (Gesetz Nr. 98-536 vom 1. Juli 1998) in Bezug auf das Urheberrecht und Datenbanken.<\/p>\n<p>Benutzer und Besucher der Website k\u00f6nnen einen Hyperlink zu dieser Website einrichten, jedoch nur zur Startseite, auf die unter der folgenden URL zugegriffen werden kann: www.reseau-mesure.com, sofern dieser Link vorhanden ist \u00f6ffnet sich in einem neuen Fenster. Insbesondere ist ein Link zu einer Unterseite (&quot;Deep Link&quot;) sowie das \u00d6ffnen dieser Site innerhalb eines Frames (&quot;Framing&quot;) verboten, au\u00dfer mit ausdr\u00fccklicher vorheriger Genehmigung des Measurement Network.<\/p>\n<p>F\u00fcr Autorisierungs- oder Informationsanfragen kontaktieren Sie uns bitte per E-Mail: admin@reseau-mesure.com. F\u00fcr die Presse sind besondere Bedingungen vorgesehen.<\/p>\n<p><strong>\u00a0<\/strong><\/p>\n<p><strong>Nutzungsbedingungen<\/strong><\/p>\n<p><strong>Information und Ausschluss<\/strong><\/p>\n<p>Das Measure.com-Netzwerk setzt alle ihm zur Verf\u00fcgung stehenden Mittel ein, um zuverl\u00e4ssige Informationen und eine zuverl\u00e4ssige Aktualisierung seiner Websites zu gew\u00e4hrleisten. Es k\u00f6nnen jedoch Fehler oder Auslassungen auftreten. Der Internetbenutzer muss daher die Richtigkeit der Informationen mit dem Messnetzwerk sicherstellen und alle \u00c4nderungen an der Site melden, die er f\u00fcr n\u00fctzlich h\u00e4lt. Reseau-mesure.com ist in keiner Weise verantwortlich f\u00fcr die Verwendung dieser Informationen und f\u00fcr direkte oder indirekte Sch\u00e4den, die daraus entstehen k\u00f6nnen.<\/p>\n<p><strong>Kekse<\/strong><\/p>\n<p>F\u00fcr statistische und Anzeigezwecke verwendet diese Website Cookies. Dies sind kleine Textdateien, die auf Ihrer Festplatte gespeichert sind, um technische Daten in Ihrer Navigation aufzuzeichnen. Bestimmte Teile dieser Website k\u00f6nnen ohne die Annahme von Cookies nicht funktionieren.<\/p>\n<p><strong>Hypertext-Links<\/strong><\/p>\n<p>Die Websites von reseau-mesure.com bieten m\u00f6glicherweise Links zu anderen Websites oder anderen im Internet verf\u00fcgbaren Ressourcen.<\/p>\n<p>Reseau-mesure.com hat keine M\u00f6glichkeit, die Websites im Zusammenhang mit seinen Websites zu kontrollieren. Reseau-mesure.com \u00fcbernimmt keine Verantwortung f\u00fcr die Verf\u00fcgbarkeit solcher Websites und externer Quellen und garantiert diese auch nicht. Es kann nicht f\u00fcr Sch\u00e4den jeglicher Art verantwortlich gemacht werden, die sich aus dem Inhalt dieser Websites oder externen Quellen ergeben, insbesondere aus den von ihnen angebotenen Informationen, Produkten oder Dienstleistungen oder aus einer m\u00f6glichen Verwendung diese Elemente. Die mit dieser Nutzung verbundenen Risiken liegen in der alleinigen Verantwortung des Internetnutzers, der seine Nutzungsbedingungen einhalten muss. Benutzer, Abonnenten und Besucher von Reseau-mesure.com-Websites k\u00f6nnen ohne die ausdr\u00fcckliche vorherige Genehmigung des Messnetzwerks keinen Hyperlink zu dieser Website einrichten. F\u00fcr den Fall, dass ein Benutzer oder Besucher einen Hyperlink zu einer der Websites von Reseau-mesure.com einrichten m\u00f6chte, muss er eine auf der Website zug\u00e4ngliche E-Mail senden, um seinen Antrag auf Implementierung zu formulieren. Ort eines Hyperlinks. Das Messnetz beh\u00e4lt sich das Recht vor, einen Hyperlink zu akzeptieren oder abzulehnen, ohne seine Entscheidung begr\u00fcnden zu m\u00fcssen.<\/p>\n<p><strong>Forschung<\/strong><\/p>\n<p>Dar\u00fcber hinaus bedeutet der Verweis auf eine Website zur Vervollst\u00e4ndigung der gesuchten Informationen in keiner Weise, dass das Messnetzwerk eine Verantwortung f\u00fcr den Inhalt oder die Nutzung dieser Website erkennt oder \u00fcbernimmt.<\/p>\n<p><strong>Vorsichtsma\u00dfnahmen f\u00fcr den Gebrauch<\/strong><\/p>\n<p>Es liegt daher in Ihrer Verantwortung, die erforderlichen Vorkehrungen zu treffen, um sicherzustellen, dass das, was Sie verwenden, nicht mit Fehlern oder sogar zerst\u00f6rerischen Elementen wie Viren, Trojanern usw. belastet ist.<\/p>\n<p><strong>Verantwortung<\/strong><\/p>\n<p>Dem Mitglied \/ Partner, das verpflichtet ist, seine Bed\u00fcrfnisse klar zu formulieren und sich selbst zu informieren, wird keine andere Garantie gew\u00e4hrt. Wenn die von Reseau-mesure.com bereitgestellten Informationen ungenau erscheinen, ist es Sache des Mitglieds \/ Partners, die Konsistenz oder Plausibilit\u00e4t der erzielten Ergebnisse zu \u00fcberpr\u00fcfen. Das Messnetzwerk ist in keiner Weise gegen\u00fcber Dritten f\u00fcr die Verwendung der in seinen Produkten, einschlie\u00dflich einer seiner Websites, enthaltenen Informationen durch das Mitglied \/ den Partner oder deren Fehlen verantwortlich.<\/p>\n\n<p><strong>pers\u00f6nliche Daten<\/strong><\/p>\n<p>In \u00dcbereinstimmung mit dem Gesetz Nr. 78-17 vom 6. Januar 1978 \u00fcber die Datenverarbeitung, Dateien und Freiheiten in der ge\u00e4nderten Fassung praktiziert RESEAU MESURE eine Datenschutzrichtlinie, deren Merkmale in einem separaten Dokument mit dem Titel &quot;Richtlinie&quot; erl\u00e4utert werden der Vertraulichkeit \u201c. Die Parteien werden ausdr\u00fccklich gebeten, diese Richtlinie zu lesen, auf die direkt auf der Website zugegriffen werden kann.<\/p>\n<p>Wenn der Benutzer sein Konto l\u00f6scht, wird auf dessen Inhalt nicht mehr zugegriffen, bestimmte Daten werden jedoch zu statistischen Zwecken gespeichert, es sei denn, der Benutzer fordert ausdr\u00fccklich auf, sie gem\u00e4\u00df den &quot;Datenschutzbestimmungen&quot; zu l\u00f6schen.<\/p>\n<p>An dieser Stelle sei daran erinnert, dass jede nat\u00fcrliche Person gem\u00e4\u00df dem Gesetz das Recht hat, auf sie betreffende Daten zuzugreifen, diese zu \u00e4ndern, zu korrigieren und zu l\u00f6schen. Diese Rechte werden durch Kontaktaufnahme mit dem Datenschutzbeauftragten von MESURE NETWORK: Claire ONFRAY unter den folgenden Koordinaten ausge\u00fcbt: admin@reseau-mesure.com<\/p>\n<p><strong><em>\u00a0<\/em><\/strong><strong>Kontaktiere uns<\/strong><\/p>\n<p>Das Messnetz steht Ihnen f\u00fcr Kommentare oder Vorschl\u00e4ge zur Verf\u00fcgung. Sie k\u00f6nnen uns auf Franz\u00f6sisch per E-Mail schreiben: info@reseau-mesure.com<\/p>","protected":false},"excerpt":{"rendered":"<p>Rechtliche Hinweise Bitte lesen Sie diese Nutzungsbedingungen dieser Website sorgf\u00e4ltig durch, bevor Sie sie durchsuchen. Wenn Sie eine Verbindung zu dieser Website herstellen, akzeptieren Sie diese Bedingungen vollst\u00e4ndig. Herausgeber der Website der Measurement Network Association Adresse: c \/ o CCI VAL D&#039;OISE 35 Geb\u00e4ude des Hafens - Cap Cergy Building C1 - CS 20209 95031 CERGY\u2026<\/p>","protected":false},"author":685,"featured_media":0,"parent":0,"menu_order":0,"comment_status":"closed","ping_status":"closed","template":"","meta":{"_acf_changed":false,"footnotes":""},"class_list":["post-52","page","type-page","status-publish","hentry"],"acf":[],"yoast_head":"<!-- This site is optimized with the Yoast SEO plugin v27.3 - https:\/\/yoast.com\/product\/yoast-seo-wordpress\/ -->\n<title>Mentions l\u00e9gales - R\u00e9seau Mesure<\/title>\n<meta name=\"description\" content=\"Mentions l\u00e9gales su site Internet du R\u00e9seau Mesure. Merci de les lires, il y a toujours des choses int\u00e9ressantes \u00e0 d\u00e9couvrir.\" \/>\n<meta name=\"robots\" content=\"index, follow, max-snippet:-1, max-image-preview:large, max-video-preview:-1\" \/>\n<link rel=\"canonical\" href=\"https:\/\/www.reseau-mesure.com\/de\/mentions-legales\/\" \/>\n<meta property=\"og:locale\" content=\"de_DE\" \/>\n<meta property=\"og:type\" content=\"article\" \/>\n<meta property=\"og:title\" content=\"Mentions l\u00e9gales - R\u00e9seau Mesure\" \/>\n<meta property=\"og:description\" content=\"Mentions l\u00e9gales su site Internet du R\u00e9seau Mesure. Merci de les lires, il y a toujours des choses int\u00e9ressantes \u00e0 d\u00e9couvrir.\" \/>\n<meta property=\"og:url\" content=\"https:\/\/www.reseau-mesure.com\/de\/mentions-legales\/\" \/>\n<meta property=\"og:site_name\" content=\"R\u00e9seau Mesure\" \/>\n<meta property=\"article:publisher\" content=\"https:\/\/www.facebook.com\/reseaumesure\/\" \/>\n<meta property=\"article:modified_time\" content=\"2020-03-03T15:31:08+00:00\" \/>\n<meta name=\"twitter:card\" content=\"summary_large_image\" \/>\n<meta name=\"twitter:site\" content=\"@ReseauMesure\" \/>\n<meta name=\"twitter:label1\" content=\"Gesch\u00e4tzte Lesezeit\" \/>\n\t<meta name=\"twitter:data1\" content=\"9\u00a0Minuten\" \/>\n<script type=\"application\/ld+json\" class=\"yoast-schema-graph\">{\"@context\":\"https:\\\/\\\/schema.org\",\"@graph\":[{\"@type\":\"WebPage\",\"@id\":\"https:\\\/\\\/www.reseau-mesure.com\\\/mentions-legales\\\/\",\"url\":\"https:\\\/\\\/www.reseau-mesure.com\\\/mentions-legales\\\/\",\"name\":\"Mentions l\u00e9gales - R\u00e9seau Mesure\",\"isPartOf\":{\"@id\":\"https:\\\/\\\/www.reseau-mesure.com\\\/#website\"},\"datePublished\":\"2017-10-30T17:37:44+00:00\",\"dateModified\":\"2020-03-03T15:31:08+00:00\",\"description\":\"Mentions l\u00e9gales su site Internet du R\u00e9seau Mesure. Merci de les lires, il y a toujours des choses int\u00e9ressantes \u00e0 d\u00e9couvrir.\",\"breadcrumb\":{\"@id\":\"https:\\\/\\\/www.reseau-mesure.com\\\/mentions-legales\\\/#breadcrumb\"},\"inLanguage\":\"de\",\"potentialAction\":[{\"@type\":\"ReadAction\",\"target\":[\"https:\\\/\\\/www.reseau-mesure.com\\\/mentions-legales\\\/\"]}]},{\"@type\":\"BreadcrumbList\",\"@id\":\"https:\\\/\\\/www.reseau-mesure.com\\\/mentions-legales\\\/#breadcrumb\",\"itemListElement\":[{\"@type\":\"ListItem\",\"position\":1,\"name\":\"Accueil\",\"item\":\"https:\\\/\\\/www.reseau-mesure.com\\\/\"},{\"@type\":\"ListItem\",\"position\":2,\"name\":\"Mentions l\u00e9gales\"}]},{\"@type\":\"WebSite\",\"@id\":\"https:\\\/\\\/www.reseau-mesure.com\\\/#website\",\"url\":\"https:\\\/\\\/www.reseau-mesure.com\\\/\",\"name\":\"R\u00e9seau-Mesure\",\"description\":\"R\u00e9seau Mesure\",\"publisher\":{\"@id\":\"https:\\\/\\\/www.reseau-mesure.com\\\/#organization\"},\"potentialAction\":[{\"@type\":\"SearchAction\",\"target\":{\"@type\":\"EntryPoint\",\"urlTemplate\":\"https:\\\/\\\/www.reseau-mesure.com\\\/?s={search_term_string}\"},\"query-input\":{\"@type\":\"PropertyValueSpecification\",\"valueRequired\":true,\"valueName\":\"search_term_string\"}}],\"inLanguage\":\"de\"},{\"@type\":\"Organization\",\"@id\":\"https:\\\/\\\/www.reseau-mesure.com\\\/#organization\",\"name\":\"R\u00e9seau-Mesure\",\"url\":\"https:\\\/\\\/www.reseau-mesure.com\\\/\",\"logo\":{\"@type\":\"ImageObject\",\"inLanguage\":\"de\",\"@id\":\"https:\\\/\\\/www.reseau-mesure.com\\\/#\\\/schema\\\/logo\\\/image\\\/\",\"url\":\"https:\\\/\\\/www.reseau-mesure.com\\\/wp-content\\\/uploads\\\/2018\\\/02\\\/logo-max.png\",\"contentUrl\":\"https:\\\/\\\/www.reseau-mesure.com\\\/wp-content\\\/uploads\\\/2018\\\/02\\\/logo-max.png\",\"width\":545,\"height\":285,\"caption\":\"R\u00e9seau-Mesure\"},\"image\":{\"@id\":\"https:\\\/\\\/www.reseau-mesure.com\\\/#\\\/schema\\\/logo\\\/image\\\/\"},\"sameAs\":[\"https:\\\/\\\/www.facebook.com\\\/reseaumesure\\\/\",\"https:\\\/\\\/x.com\\\/ReseauMesure\",\"https:\\\/\\\/www.linkedin.com\\\/company\\\/reseau-mesure\\\/\"]}]}<\/script>\n<!-- \/ Yoast SEO plugin. -->","yoast_head_json":{"title":"Mentions l\u00e9gales - R\u00e9seau Mesure","description":"Mentions l\u00e9gales su site Internet du R\u00e9seau Mesure. Merci de les lires, il y a toujours des choses int\u00e9ressantes \u00e0 d\u00e9couvrir.","robots":{"index":"index","follow":"follow","max-snippet":"max-snippet:-1","max-image-preview":"max-image-preview:large","max-video-preview":"max-video-preview:-1"},"canonical":"https:\/\/www.reseau-mesure.com\/de\/mentions-legales\/","og_locale":"de_DE","og_type":"article","og_title":"Mentions l\u00e9gales - R\u00e9seau Mesure","og_description":"Mentions l\u00e9gales su site Internet du R\u00e9seau Mesure. Merci de les lires, il y a toujours des choses int\u00e9ressantes \u00e0 d\u00e9couvrir.","og_url":"https:\/\/www.reseau-mesure.com\/de\/mentions-legales\/","og_site_name":"R\u00e9seau Mesure","article_publisher":"https:\/\/www.facebook.com\/reseaumesure\/","article_modified_time":"2020-03-03T15:31:08+00:00","twitter_card":"summary_large_image","twitter_site":"@ReseauMesure","twitter_misc":{"Gesch\u00e4tzte Lesezeit":"9\u00a0Minuten"},"schema":{"@context":"https:\/\/schema.org","@graph":[{"@type":"WebPage","@id":"https:\/\/www.reseau-mesure.com\/mentions-legales\/","url":"https:\/\/www.reseau-mesure.com\/mentions-legales\/","name":"Mentions l\u00e9gales - R\u00e9seau Mesure","isPartOf":{"@id":"https:\/\/www.reseau-mesure.com\/#website"},"datePublished":"2017-10-30T17:37:44+00:00","dateModified":"2020-03-03T15:31:08+00:00","description":"Mentions l\u00e9gales su site Internet du R\u00e9seau Mesure. Merci de les lires, il y a toujours des choses int\u00e9ressantes \u00e0 d\u00e9couvrir.","breadcrumb":{"@id":"https:\/\/www.reseau-mesure.com\/mentions-legales\/#breadcrumb"},"inLanguage":"de","potentialAction":[{"@type":"ReadAction","target":["https:\/\/www.reseau-mesure.com\/mentions-legales\/"]}]},{"@type":"BreadcrumbList","@id":"https:\/\/www.reseau-mesure.com\/mentions-legales\/#breadcrumb","itemListElement":[{"@type":"ListItem","position":1,"name":"Accueil","item":"https:\/\/www.reseau-mesure.com\/"},{"@type":"ListItem","position":2,"name":"Mentions l\u00e9gales"}]},{"@type":"WebSite","@id":"https:\/\/www.reseau-mesure.com\/#website","url":"https:\/\/www.reseau-mesure.com\/","name":"Netzwerk-Messung","description":"Netzwerkma\u00dfnahme","publisher":{"@id":"https:\/\/www.reseau-mesure.com\/#organization"},"potentialAction":[{"@type":"SearchAction","target":{"@type":"EntryPoint","urlTemplate":"https:\/\/www.reseau-mesure.com\/?s={search_term_string}"},"query-input":{"@type":"PropertyValueSpecification","valueRequired":true,"valueName":"search_term_string"}}],"inLanguage":"de"},{"@type":"Organization","@id":"https:\/\/www.reseau-mesure.com\/#organization","name":"Netzwerk-Messung","url":"https:\/\/www.reseau-mesure.com\/","logo":{"@type":"ImageObject","inLanguage":"de","@id":"https:\/\/www.reseau-mesure.com\/#\/schema\/logo\/image\/","url":"https:\/\/www.reseau-mesure.com\/wp-content\/uploads\/2018\/02\/logo-max.png","contentUrl":"https:\/\/www.reseau-mesure.com\/wp-content\/uploads\/2018\/02\/logo-max.png","width":545,"height":285,"caption":"R\u00e9seau-Mesure"},"image":{"@id":"https:\/\/www.reseau-mesure.com\/#\/schema\/logo\/image\/"},"sameAs":["https:\/\/www.facebook.com\/reseaumesure\/","https:\/\/x.com\/ReseauMesure","https:\/\/www.linkedin.com\/company\/reseau-mesure\/"]}]}},"_links":{"self":[{"href":"https:\/\/www.reseau-mesure.com\/de\/wp-json\/wp\/v2\/pages\/52","targetHints":{"allow":["GET"]}}],"collection":[{"href":"https:\/\/www.reseau-mesure.com\/de\/wp-json\/wp\/v2\/pages"}],"about":[{"href":"https:\/\/www.reseau-mesure.com\/de\/wp-json\/wp\/v2\/types\/page"}],"author":[{"embeddable":true,"href":"https:\/\/www.reseau-mesure.com\/de\/wp-json\/wp\/v2\/users\/685"}],"replies":[{"embeddable":true,"href":"https:\/\/www.reseau-mesure.com\/de\/wp-json\/wp\/v2\/comments?post=52"}],"version-history":[{"count":0,"href":"https:\/\/www.reseau-mesure.com\/de\/wp-json\/wp\/v2\/pages\/52\/revisions"}],"wp:attachment":[{"href":"https:\/\/www.reseau-mesure.com\/de\/wp-json\/wp\/v2\/media?parent=52"}],"curies":[{"name":"wp","href":"https:\/\/api.w.org\/{rel}","templated":true}]}}