{"id":5504,"date":"2018-11-03T15:37:32","date_gmt":"2018-11-03T14:37:32","guid":{"rendered":"http:\/\/www.reseau-mesure.com\/?page_id=5504"},"modified":"2019-10-23T16:58:52","modified_gmt":"2019-10-23T14:58:52","slug":"brexit","status":"publish","type":"page","link":"https:\/\/www.reseau-mesure.com\/de\/brexit\/","title":{"rendered":"Brexit, eine in Europa angek\u00fcndigte \u00c4nderung"},"content":{"rendered":"<h1 >\n\t\t\tBrexit eine europ\u00e4ische Ver\u00e4nderung\n\t\t<\/h1>\n\t<h2>Brexit<\/h2>\n<h3>Der Startpunkt :<\/h3>\n<p><img loading=\"lazy\" decoding=\"async\" src=\"https:\/\/www.reseau-mesure.com\/wp-content\/uploads\/2018\/11\/AdobeStock_114429065-300x175.jpeg\" alt=\"Le Brexit\" width=\"300\" height=\"175\" \/><\/p>\n<p>Der Begriff \u201eBrexit\u201c ist ein Kofferwort, die Abk\u00fcrzung von \u201eBritain\u201c und \u201eExit\u201c, das den Austritt des Vereinigten K\u00f6nigreichs aus der Europ\u00e4ischen Union bezeichnet. Im Jahr 2013 versprach Premierminister David Cameron, ein Referendum \u00fcber den m\u00f6glichen Austritt Gro\u00dfbritanniens aus der Europ\u00e4ischen Union abzuhalten, falls seine Partei die Parlamentswahlen 2015 gewinnen sollte. Trotz ung\u00fcnstiger Umfragen gewannen die Tories die Abstimmung. Daher wurde am 23. Juni 2016 ein Referendum organisiert, das eine gro\u00dfe Zahl von W\u00e4hlern mobilisierte und von den \u201eBrexitern\u201c mit 51,91 TP1T-Stimmen gegen 48,11 TP1T f\u00fcr den \u201eRemain\u201c gewonnen wurde, obwohl Cameron selbst f\u00fcr den Erhalt eintrat. Er trat zur\u00fcck und wurde durch die derzeitige Premierministerin Theresa May ersetzt, obwohl sie auch den &quot;Remain&quot; unterst\u00fctzte, Boris Johnson seinerseits, der Hauptarchitekt des &quot;Brexit&quot;, der den Posten abgelehnt hatte. Daher ist sie f\u00fcr die Organisation der \u201eAusreise\u201c aus ihrem Land zust\u00e4ndig.<\/p>\n<p>Das Vereinigte K\u00f6nigreich soll die Europ\u00e4ische Union im M\u00e4rz 2019 verlassen, d. h. nach zweij\u00e4hrigen Verhandlungen, die durch die Ausl\u00f6sung von Artikel 50 des Vertrags \u00fcber die Europ\u00e4ische Union vorgesehen sind, der die Bedingungen f\u00fcr den Austritt eines Mitgliedstaats aus dem Vereinigten K\u00f6nigreich festlegt. &#039;Union. In diesem Artikel wird nicht genau beschrieben, wie der Widerruf organisiert werden sollte; es sieht lediglich vor, dass die Union und der scheidende Staat verhandeln m\u00fcssen, um eine Vereinbarung mit den Modalit\u00e4ten dieses Austritts zu treffen, die der Europ\u00e4ische Rat dann nach Zustimmung des Europ\u00e4ischen Parlaments mit qualifizierter Mehrheit abschlie\u00dft. Die Hauptakteure bei diesen Verhandlungen sind der Pr\u00e4sident der Europ\u00e4ischen Kommission Jean-Claude Juncker und Michel Barnier, der EU-Chefunterh\u00e4ndler f\u00fcr den Brexit. Auf der anderen Seite des \u00c4rmelkanals besteht der Verhandlungsausschuss von Theresa May aus konservativen Ministern, darunter dem Brexit-Au\u00dfenminister, dem Euroskeptiker Dominic Raab.<\/p>\n<h3>Ein europ\u00e4isches Abkommen:<\/h3>\n<p>Anfang 2018 einigten sich die Siebenundzwanzig auf die Bedingungen f\u00fcr die \u00dcbergangsfrist nach dem Brexit, die von M\u00e4rz 2019 bis Dezember 2020 dauern wird. Diese Zeit soll es den beiden Parteien erm\u00f6glichen, sich auf ihre zuk\u00fcnftigen Beziehungen vorzubereiten, insbesondere durch \u201e kommerzielle Vereinbarungen.<\/p>\n<p>Dieses Abkommen sollte haupts\u00e4chlich die Modalit\u00e4ten der k\u00fcnftigen Partnerschaft zwischen Europa und dem Vereinigten K\u00f6nigreich beschreiben, insbesondere den Betrag, den das Land in den europ\u00e4ischen Haushalt einzahlen muss. Sie muss auch den Status der im Vereinigten K\u00f6nigreich lebenden europ\u00e4ischen B\u00fcrger und im Gegenzug den der Briten, die derzeit in einem der EU-L\u00e4nder leben, definieren, das Problem der Grenze zu Irland l\u00f6sen und den Status Irlands von Norden aus definieren. Auch England wird sich der Unabh\u00e4ngigkeit und dem europhilen Aufstieg der Schotten stellen m\u00fcssen. Auch \u00fcber die Aufrechterhaltung der britischen Milit\u00e4rkooperation wird entschieden werden m\u00fcssen. Ein weiteres wichtiges Projekt betrifft die Schaffung eines neuen Rahmens f\u00fcr den Handel mit Produkten und Dienstleistungen, w\u00e4hrend fast die H\u00e4lfte der britischen Exporte f\u00fcr die Europ\u00e4ische Union bestimmt sind.<\/p>\n<h3>Nach dem Brexit:<\/h3>\n<p>Wie hoch wird die Rechnung f\u00fcr den Austritt aus der EU sein? Das Vereinigte K\u00f6nigreich k\u00f6nnte bis zu 60 Milliarden Euro an den EU-Haushalt zahlen m\u00fcssen, was den bis zum Ende des Haushaltszyklus im Jahr 2020 eingegangenen Verpflichtungen entspricht.<\/p>\n<p>Laut einer k\u00fcrzlich vom Centre for European Reform (CER) ver\u00f6ffentlichten Studie hat der Austritt Gro\u00dfbritanniens den britischen Staat bereits 500 Millionen Pfund pro Woche (560 Millionen Euro) gekostet. Die britische Wirtschaft w\u00e4re um 2,51 TP1T niedriger als bei einem Verbleib in der EU. Dies entspricht 52 Milliarden Pfund f\u00fcr zwei Jahre. Eine Zahl, die seither stetig steigt. Unternehmen sollen aufgrund der politischen Instabilit\u00e4t vorsichtiger mit ihren Investitionen umgehen, was Investoren bef\u00fcrchten l\u00e4sst, dass kein Brexit-Unterst\u00fctzungsplan f\u00fcr Unternehmen geplant ist.<\/p>\n<h3>Ein Einfluss in Frankreich:<\/h3>\n<p>Aber auch der Brexit wird franz\u00f6sische Unternehmen teuer zu stehen kommen, fast 4 Milliarden Euro pro Jahr. Frankreich ist nach Deutschland und Holland das am dritth\u00e4ufigsten betroffene Land in der EU. Die am st\u00e4rksten betroffenen Branchen werden die Lebensmittelindustrie, die Automobilindustrie und Konsumg\u00fcter sein, sagt eine Studie von Oliver Wyman in Zusammenarbeit mit Clifford Chance.<\/p>\n<h3>Globale Auswirkungen:<\/h3>\n<p>Die politischen Folgen des Brexits f\u00fcr die Europ\u00e4ische Union sind schwer vorhersehbar. Der Austritt des Vereinigten K\u00f6nigreichs ist f\u00fcr manche eine Katastrophe: Tats\u00e4chlich verliert die Europ\u00e4ische Union eine ihrer drei Gro\u00dfm\u00e4chte, einen der wichtigsten Finanzpl\u00e4tze der Welt, den ersten diplomatischen Partner der USA in Europa sowie as einer der wenigen europ\u00e4ischen Staaten, der \u00fcber eine betr\u00e4chtliche regul\u00e4re Armee verf\u00fcgt. F\u00fcr andere kann es helfen, die Union wieder zusammenzuf\u00fchren: Das Vereinigte K\u00f6nigreich ist historisch gesehen eines der L\u00e4nder, die der europ\u00e4ischen Integration am wenigsten zutr\u00e4glich sind, und sein Austritt kann andere Staaten ermutigen, voranzukommen.<\/p>\n<p>&nbsp;<\/p>\n<h3><strong>Neuigkeiten am 23.10.2019:<\/strong><\/h3>\n<a href=\"https:\/\/www.reseau-mesure.com\/wp-content\/uploads\/2019\/10\/Brexit__What_did_you_agree_with_the_UK_today_-1.pdf\">Brexit: Die Europ\u00e4ische Kommission empfiehlt dem Europ\u00e4ischen Rat (Artikel 50), das \u00fcber das \u00fcberarbeitete Protokoll Irland\/Nordirland und die \u00fcberarbeitete politische Erkl\u00e4rung abgeschlossene Protokoll zu billigen<\/a>.\n<a href=\"https:\/\/www.reseau-mesure.com\/wp-content\/uploads\/2019\/10\/Communiqu\u00e9-de-presse-BREXIT-Commission-europ\u00e9enne-17-octobre-2019.pdf\">Pressemitteilung<\/a>\n\n<h3 dir=\"ltr\" data-placeholder=\"Traduction\">Selbstdiagnose<\/h3>\n<p>Die Eigendiagnose erm\u00f6glicht es Unternehmen, ihren Vorbereitungsstand vor dem BREXIT zu analysieren. Dies ist besonders n\u00fctzlich f\u00fcr Unternehmen, die von und nach Gro\u00dfbritannien importieren oder exportieren, aber auch f\u00fcr Unternehmen, die Subunternehmer haben oder Teile von Gro\u00dfbritannien kaufen.<\/p>\n<p><a href=\"https:\/\/www.entreprises.gouv.fr\/politique-et-enjeux\/la-dge-lance-outil-d-autodiagnostic-sur-brexit-a-destination-des-entreprises\">https:\/\/www.entreprises.gouv.fr\/politique-et-enjeux\/la-dge-lance-outil-d-autodiagnostic-sur-brexit-a-destination-des-entreprises<\/a><\/p>\n<p>&nbsp;<\/p>\n\n\n\t\t\t<a href=\"https:\/\/www.reseau-mesure.com\/de\/ressources-documentaires\/\" target=\"_self\" role=\"button\" rel=\"noopener noreferrer\">\n\t\t\t\t\t\t\tZur\u00fcck zu den Dokumentationsressourcen\n\t\t\t\t\t<\/a>","protected":false},"excerpt":{"rendered":"<p>Der Brexit eine europ\u00e4ische Ver\u00e4nderung Der Brexit Der Ausgangspunkt: Der Begriff &quot;Brexit&quot; ist ein Portmanteau-Wort, eine Kontraktion von &quot;Gro\u00dfbritannien&quot; und &quot;Austritt&quot;, die den Austritt des Vereinigten K\u00f6nigreichs aus der Europ\u00e4ischen Union bezeichnet. Im Jahr 2013 versprach Premierminister David Cameron, ein Referendum \u00fcber den m\u00f6glichen Austritt Gro\u00dfbritanniens aus der Europ\u00e4ischen Union abzuhalten, wenn sein ...<\/p>","protected":false},"author":685,"featured_media":0,"parent":0,"menu_order":0,"comment_status":"closed","ping_status":"closed","template":"","meta":{"_acf_changed":false,"footnotes":""},"class_list":["post-5504","page","type-page","status-publish","hentry"],"acf":[],"yoast_head":"<!-- This site is optimized with the Yoast SEO plugin v27.4 - https:\/\/yoast.com\/product\/yoast-seo-wordpress\/ -->\n<title>Le Brexit, un changement annonc\u00e9 en Europe - R\u00e9seau Mesure<\/title>\n<meta name=\"description\" content=\"Le Brexit est un moment qui marque l&#039;histoire mais qui impact l&#039;\u00e9conomie des soci\u00e9t\u00e9s Fran\u00e7aise qui travaille l&#039;angleterre. informez vous.\" \/>\n<meta name=\"robots\" content=\"index, follow, max-snippet:-1, max-image-preview:large, max-video-preview:-1\" \/>\n<link rel=\"canonical\" href=\"https:\/\/www.reseau-mesure.com\/de\/brexit\/\" \/>\n<meta property=\"og:locale\" content=\"de_DE\" \/>\n<meta property=\"og:type\" content=\"article\" \/>\n<meta property=\"og:title\" content=\"Le Brexit, un changement annonc\u00e9 en Europe - R\u00e9seau Mesure\" \/>\n<meta property=\"og:description\" content=\"Le Brexit est un moment qui marque l&#039;histoire mais qui impact l&#039;\u00e9conomie des soci\u00e9t\u00e9s Fran\u00e7aise qui travaille l&#039;angleterre. informez vous.\" \/>\n<meta property=\"og:url\" content=\"https:\/\/www.reseau-mesure.com\/de\/brexit\/\" \/>\n<meta property=\"og:site_name\" content=\"R\u00e9seau Mesure\" \/>\n<meta property=\"article:publisher\" content=\"https:\/\/www.facebook.com\/reseaumesure\/\" \/>\n<meta property=\"article:modified_time\" content=\"2019-10-23T14:58:52+00:00\" \/>\n<meta property=\"og:image\" content=\"https:\/\/www.reseau-mesure.com\/wp-content\/uploads\/2018\/11\/AdobeStock_114429065-300x175.jpeg\" \/>\n<meta name=\"twitter:card\" content=\"summary_large_image\" \/>\n<meta name=\"twitter:site\" content=\"@ReseauMesure\" \/>\n<meta name=\"twitter:label1\" content=\"Gesch\u00e4tzte Lesezeit\" \/>\n\t<meta name=\"twitter:data1\" content=\"5\u00a0Minuten\" \/>\n<script type=\"application\/ld+json\" class=\"yoast-schema-graph\">{\"@context\":\"https:\\\/\\\/schema.org\",\"@graph\":[{\"@type\":\"WebPage\",\"@id\":\"https:\\\/\\\/www.reseau-mesure.com\\\/de\\\/brexit\\\/\",\"url\":\"https:\\\/\\\/www.reseau-mesure.com\\\/de\\\/brexit\\\/\",\"name\":\"Le Brexit, un changement annonc\u00e9 en Europe - R\u00e9seau Mesure\",\"isPartOf\":{\"@id\":\"https:\\\/\\\/www.reseau-mesure.com\\\/#website\"},\"primaryImageOfPage\":{\"@id\":\"https:\\\/\\\/www.reseau-mesure.com\\\/de\\\/brexit\\\/#primaryimage\"},\"image\":{\"@id\":\"https:\\\/\\\/www.reseau-mesure.com\\\/de\\\/brexit\\\/#primaryimage\"},\"thumbnailUrl\":\"https:\\\/\\\/www.reseau-mesure.com\\\/wp-content\\\/uploads\\\/2018\\\/11\\\/AdobeStock_114429065-300x175.jpeg\",\"datePublished\":\"2018-11-03T14:37:32+00:00\",\"dateModified\":\"2019-10-23T14:58:52+00:00\",\"description\":\"Le Brexit est un moment qui marque l'histoire mais qui impact l'\u00e9conomie des soci\u00e9t\u00e9s Fran\u00e7aise qui travaille l'angleterre. informez vous.\",\"breadcrumb\":{\"@id\":\"https:\\\/\\\/www.reseau-mesure.com\\\/de\\\/brexit\\\/#breadcrumb\"},\"inLanguage\":\"de\",\"potentialAction\":[{\"@type\":\"ReadAction\",\"target\":[\"https:\\\/\\\/www.reseau-mesure.com\\\/de\\\/brexit\\\/\"]}]},{\"@type\":\"ImageObject\",\"inLanguage\":\"de\",\"@id\":\"https:\\\/\\\/www.reseau-mesure.com\\\/de\\\/brexit\\\/#primaryimage\",\"url\":\"https:\\\/\\\/www.reseau-mesure.com\\\/wp-content\\\/uploads\\\/2018\\\/11\\\/AdobeStock_114429065-300x175.jpeg\",\"contentUrl\":\"https:\\\/\\\/www.reseau-mesure.com\\\/wp-content\\\/uploads\\\/2018\\\/11\\\/AdobeStock_114429065-300x175.jpeg\"},{\"@type\":\"BreadcrumbList\",\"@id\":\"https:\\\/\\\/www.reseau-mesure.com\\\/de\\\/brexit\\\/#breadcrumb\",\"itemListElement\":[{\"@type\":\"ListItem\",\"position\":1,\"name\":\"Accueil\",\"item\":\"https:\\\/\\\/www.reseau-mesure.com\\\/\"},{\"@type\":\"ListItem\",\"position\":2,\"name\":\"Le Brexit, un changement annonc\u00e9 en Europe\"}]},{\"@type\":\"WebSite\",\"@id\":\"https:\\\/\\\/www.reseau-mesure.com\\\/#website\",\"url\":\"https:\\\/\\\/www.reseau-mesure.com\\\/\",\"name\":\"R\u00e9seau-Mesure\",\"description\":\"R\u00e9seau Mesure\",\"publisher\":{\"@id\":\"https:\\\/\\\/www.reseau-mesure.com\\\/#organization\"},\"potentialAction\":[{\"@type\":\"SearchAction\",\"target\":{\"@type\":\"EntryPoint\",\"urlTemplate\":\"https:\\\/\\\/www.reseau-mesure.com\\\/?s={search_term_string}\"},\"query-input\":{\"@type\":\"PropertyValueSpecification\",\"valueRequired\":true,\"valueName\":\"search_term_string\"}}],\"inLanguage\":\"de\"},{\"@type\":\"Organization\",\"@id\":\"https:\\\/\\\/www.reseau-mesure.com\\\/#organization\",\"name\":\"R\u00e9seau-Mesure\",\"url\":\"https:\\\/\\\/www.reseau-mesure.com\\\/\",\"logo\":{\"@type\":\"ImageObject\",\"inLanguage\":\"de\",\"@id\":\"https:\\\/\\\/www.reseau-mesure.com\\\/#\\\/schema\\\/logo\\\/image\\\/\",\"url\":\"https:\\\/\\\/www.reseau-mesure.com\\\/wp-content\\\/uploads\\\/2018\\\/02\\\/logo-max.png\",\"contentUrl\":\"https:\\\/\\\/www.reseau-mesure.com\\\/wp-content\\\/uploads\\\/2018\\\/02\\\/logo-max.png\",\"width\":545,\"height\":285,\"caption\":\"R\u00e9seau-Mesure\"},\"image\":{\"@id\":\"https:\\\/\\\/www.reseau-mesure.com\\\/#\\\/schema\\\/logo\\\/image\\\/\"},\"sameAs\":[\"https:\\\/\\\/www.facebook.com\\\/reseaumesure\\\/\",\"https:\\\/\\\/x.com\\\/ReseauMesure\",\"https:\\\/\\\/www.linkedin.com\\\/company\\\/reseau-mesure\\\/\"]}]}<\/script>\n<!-- \/ Yoast SEO plugin. -->","yoast_head_json":{"title":"Le Brexit, un changement annonc\u00e9 en Europe - R\u00e9seau Mesure","description":"Le Brexit est un moment qui marque l'histoire mais qui impact l'\u00e9conomie des soci\u00e9t\u00e9s Fran\u00e7aise qui travaille l'angleterre. informez vous.","robots":{"index":"index","follow":"follow","max-snippet":"max-snippet:-1","max-image-preview":"max-image-preview:large","max-video-preview":"max-video-preview:-1"},"canonical":"https:\/\/www.reseau-mesure.com\/de\/brexit\/","og_locale":"de_DE","og_type":"article","og_title":"Le Brexit, un changement annonc\u00e9 en Europe - R\u00e9seau Mesure","og_description":"Le Brexit est un moment qui marque l'histoire mais qui impact l'\u00e9conomie des soci\u00e9t\u00e9s Fran\u00e7aise qui travaille l'angleterre. informez vous.","og_url":"https:\/\/www.reseau-mesure.com\/de\/brexit\/","og_site_name":"R\u00e9seau Mesure","article_publisher":"https:\/\/www.facebook.com\/reseaumesure\/","article_modified_time":"2019-10-23T14:58:52+00:00","og_image":[{"url":"https:\/\/www.reseau-mesure.com\/wp-content\/uploads\/2018\/11\/AdobeStock_114429065-300x175.jpeg","type":"","width":"","height":""}],"twitter_card":"summary_large_image","twitter_site":"@ReseauMesure","twitter_misc":{"Gesch\u00e4tzte Lesezeit":"5\u00a0Minuten"},"schema":{"@context":"https:\/\/schema.org","@graph":[{"@type":"WebPage","@id":"https:\/\/www.reseau-mesure.com\/de\/brexit\/","url":"https:\/\/www.reseau-mesure.com\/de\/brexit\/","name":"Le Brexit, un changement annonc\u00e9 en Europe - R\u00e9seau Mesure","isPartOf":{"@id":"https:\/\/www.reseau-mesure.com\/#website"},"primaryImageOfPage":{"@id":"https:\/\/www.reseau-mesure.com\/de\/brexit\/#primaryimage"},"image":{"@id":"https:\/\/www.reseau-mesure.com\/de\/brexit\/#primaryimage"},"thumbnailUrl":"https:\/\/www.reseau-mesure.com\/wp-content\/uploads\/2018\/11\/AdobeStock_114429065-300x175.jpeg","datePublished":"2018-11-03T14:37:32+00:00","dateModified":"2019-10-23T14:58:52+00:00","description":"Le Brexit est un moment qui marque l'histoire mais qui impact l'\u00e9conomie des soci\u00e9t\u00e9s Fran\u00e7aise qui travaille l'angleterre. informez vous.","breadcrumb":{"@id":"https:\/\/www.reseau-mesure.com\/de\/brexit\/#breadcrumb"},"inLanguage":"de","potentialAction":[{"@type":"ReadAction","target":["https:\/\/www.reseau-mesure.com\/de\/brexit\/"]}]},{"@type":"ImageObject","inLanguage":"de","@id":"https:\/\/www.reseau-mesure.com\/de\/brexit\/#primaryimage","url":"https:\/\/www.reseau-mesure.com\/wp-content\/uploads\/2018\/11\/AdobeStock_114429065-300x175.jpeg","contentUrl":"https:\/\/www.reseau-mesure.com\/wp-content\/uploads\/2018\/11\/AdobeStock_114429065-300x175.jpeg"},{"@type":"BreadcrumbList","@id":"https:\/\/www.reseau-mesure.com\/de\/brexit\/#breadcrumb","itemListElement":[{"@type":"ListItem","position":1,"name":"Accueil","item":"https:\/\/www.reseau-mesure.com\/"},{"@type":"ListItem","position":2,"name":"Le Brexit, un changement annonc\u00e9 en Europe"}]},{"@type":"WebSite","@id":"https:\/\/www.reseau-mesure.com\/#website","url":"https:\/\/www.reseau-mesure.com\/","name":"Netzwerk-Messung","description":"Netzwerkma\u00dfnahme","publisher":{"@id":"https:\/\/www.reseau-mesure.com\/#organization"},"potentialAction":[{"@type":"SearchAction","target":{"@type":"EntryPoint","urlTemplate":"https:\/\/www.reseau-mesure.com\/?s={search_term_string}"},"query-input":{"@type":"PropertyValueSpecification","valueRequired":true,"valueName":"search_term_string"}}],"inLanguage":"de"},{"@type":"Organization","@id":"https:\/\/www.reseau-mesure.com\/#organization","name":"Netzwerk-Messung","url":"https:\/\/www.reseau-mesure.com\/","logo":{"@type":"ImageObject","inLanguage":"de","@id":"https:\/\/www.reseau-mesure.com\/#\/schema\/logo\/image\/","url":"https:\/\/www.reseau-mesure.com\/wp-content\/uploads\/2018\/02\/logo-max.png","contentUrl":"https:\/\/www.reseau-mesure.com\/wp-content\/uploads\/2018\/02\/logo-max.png","width":545,"height":285,"caption":"R\u00e9seau-Mesure"},"image":{"@id":"https:\/\/www.reseau-mesure.com\/#\/schema\/logo\/image\/"},"sameAs":["https:\/\/www.facebook.com\/reseaumesure\/","https:\/\/x.com\/ReseauMesure","https:\/\/www.linkedin.com\/company\/reseau-mesure\/"]}]}},"_links":{"self":[{"href":"https:\/\/www.reseau-mesure.com\/de\/wp-json\/wp\/v2\/pages\/5504","targetHints":{"allow":["GET"]}}],"collection":[{"href":"https:\/\/www.reseau-mesure.com\/de\/wp-json\/wp\/v2\/pages"}],"about":[{"href":"https:\/\/www.reseau-mesure.com\/de\/wp-json\/wp\/v2\/types\/page"}],"author":[{"embeddable":true,"href":"https:\/\/www.reseau-mesure.com\/de\/wp-json\/wp\/v2\/users\/685"}],"replies":[{"embeddable":true,"href":"https:\/\/www.reseau-mesure.com\/de\/wp-json\/wp\/v2\/comments?post=5504"}],"version-history":[{"count":0,"href":"https:\/\/www.reseau-mesure.com\/de\/wp-json\/wp\/v2\/pages\/5504\/revisions"}],"wp:attachment":[{"href":"https:\/\/www.reseau-mesure.com\/de\/wp-json\/wp\/v2\/media?parent=5504"}],"curies":[{"name":"wp","href":"https:\/\/api.w.org\/{rel}","templated":true}]}}