{"id":5516,"date":"2018-11-03T16:10:58","date_gmt":"2018-11-03T15:10:58","guid":{"rendered":"http:\/\/www.reseau-mesure.com\/?page_id=5516"},"modified":"2019-02-06T22:14:58","modified_gmt":"2019-02-06T21:14:58","slug":"management-et-teambuilding","status":"publish","type":"page","link":"https:\/\/www.reseau-mesure.com\/de\/management-et-teambuilding\/","title":{"rendered":"Management und Teambuilding"},"content":{"rendered":"<h1 >\n\t\t\tManagement und Teambuilding<br \/>\n\t\t\t\tMotiviere uns!<br \/>\n\t\t<\/h1>\n<h2>Management und Teambuilding<\/h2>\n<h3>Definition:<\/h3>\n<p>&quot;Teambuilding: Optimierung der Arbeit in einem Unternehmen!&quot; oder sogar &#039;Teamzusammenhalt mit Teambuilding f\u00f6rdern&#039;. So viele Haken zu diesem Thema k\u00f6nnen nicht gelesen werden!<\/p>\n<p>In den letzten Jahren war \u201eTeambuilding\u201c - im wahrsten Sinne des Wortes Teambuilding, aber es sollte Teamzusammenhalt hei\u00dfen - eine L\u00f6sung, um den Zusammenhalt einer Gruppe von Mitarbeitern zu festigen. Ist es eine Notwendigkeit f\u00fcr das Unternehmen? Welche Vorteile kann sie daraus ziehen? Ist es nur eine Modeerscheinung? Was ist konkret ein &quot;Teambuilding&quot;? Ist es nur auf das Management ausgerichtet?<\/p>\n<h3>Tor :<\/h3>\n<p>Die Verbesserung der Funktionsweise eines Teams, die St\u00e4rkung der Verbindungen innerhalb einer Gruppe von Mitarbeitern und ein Team, das \u201egut funktioniert\u201c, sind f\u00fcr Unternehmen in einem wirtschaftlichen Kontext mit starkem Wettbewerb zu einer wirtschaftlichen Notwendigkeit geworden. Dies sind die wichtigsten kollektiven Herausforderungen dieses Konzepts, das vor etwa drei\u00dfig Jahren aufgetreten ist. \u00dcber die Gruppe hinaus kann sich dieser Begriff aber auch auf individueller Ebene als n\u00fctzlich erweisen, um beispielsweise die eigene Kommunikation zu verbessern, die Motivation zu steigern und Selbstvertrauen zu gewinnen. Diese pers\u00f6nliche Bereicherung kommt der Gruppe zugute, wobei sich jede Person in den Dienst des Kollektivs stellt.<\/p>\n<h3>Wie funktioniert es?<\/h3>\n<p>Die Teambuilding-\u00dcbung besteht aus der Planung und Durchf\u00fchrung haupts\u00e4chlich lustiger Aktivit\u00e4ten zur Entwicklung oder Schaffung von F\u00e4higkeiten, die auf den Zusammenhalt der Gruppe abzielen.<\/p>\n<p>Im Allgemeinen ist es um drei Hauptachsen organisiert. Zun\u00e4chst werden Rollenspiele organisiert und gemeinsam Workshops durchgef\u00fchrt, um die Funktionsst\u00f6rungen oder Blockaden zu analysieren, die w\u00e4hrend der \u00dcbungen auftreten werden. Dann kommt die Zeit zum Teilen und Zuh\u00f6ren; Jeder macht seine Sichtweisen auf m\u00f6gliche Blockaden und andere unangenehme Situationen, seine Erfahrungen, seine Zweifel, aber auch seine Erwartungen offen. Ziel ist es, aktiv zu sprechen und zuzuh\u00f6ren, ohne zu urteilen. Dann kommt die sogenannte Offenheit, dieser Moment, in dem jeder ein Potenzial entdecken oder hervorheben kann, ein Talent, das bisher mehr oder weniger schlummerte. Hier geht es darum, das Kollektiv zu \u00fcberraschen, zu dr\u00e4ngen und zu destabilisieren, um anders zu denken und sogar innovativ zu sein.<\/p>\n<h3>Zus\u00e4tzliche Regeln<\/h3>\n<p>Ein entscheidender Punkt w\u00e4hrend einer Teambuilding-Sitzung ist es, die Teilnehmer aus den Augen zu verlieren. Um Konflikte zu bew\u00e4ltigen, werden sie an Orte gebracht, die weit von ihrer t\u00e4glichen Umgebung entfernt sind, und Aktivit\u00e4ten ausgew\u00e4hlt, die ihren Gewohnheiten widersprechen. Es kann sich um sportliche oder kulturelle Aktivit\u00e4ten wie Rafting, Baumklettern, Entdeckung der \u00d6nologie oder die Entwicklung eines &quot;Top Chef&quot; -Men\u00fcs handeln. Um den Gruppengeist zu st\u00e4rken, werden wir den Erwerb einer neuen F\u00e4higkeit w\u00e4hlen, die von jedem Teilnehmer ignoriert wird, beispielsweise Stereotomie.<\/p>\n<p>Um die Mission eines jeden besser zu verstehen und dem Kollektiv einen Sinn zu geben, werden wir Rollenspiele ausw\u00e4hlen. Schatzsuche st\u00e4rkt den Gruppenzusammenhalt und die kollektive Motivation mit einem gemeinsamen Ziel. Um Stress abzubauen und Energie zu kanalisieren, werden wir uns auf die Entdeckung einer neuen Kultur verlassen, insbesondere in multinationalen Unternehmen. Oder machen Sie sogar Videos zu einem Produkt, das vom Unternehmen hergestellt oder verkauft wird, um den Geist des Unternehmens hervorzuheben.<\/p>\n<h3>Ist es effektiv?<\/h3>\n<p>Wie kann die Effektivit\u00e4t von Teambuilding-Aktivit\u00e4ten gemessen werden? Was k\u00f6nnte der Return on Investment sein? Wir wissen, wie man mit einem Messger\u00e4t das Volumen, die Oberfl\u00e4che, die Menge und die Temperatur von etwas mit Sicherheit beurteilt und bestimmt. Wenn es darum geht, die Wichtigkeit, Gr\u00f6\u00dfe oder Qualit\u00e4t von etwas zu beurteilen, wird die Angelegenheit komplexer. In dem Rahmen, der uns interessiert, w\u00e4re es ratsam, Ziele f\u00fcr die Bewertung der Ergebnisse festzulegen. Teambuilding ist ein Akt des Managements: Die Festlegung der Ziele f\u00fcr dieses Teambuilding ist ausschlie\u00dflich Sache des Managers. Je genauer das Ziel ist, desto weniger schwierig wird es sein, es zu messen. Spezialisierte Unternehmen verf\u00fcgen \u00fcber eine Reihe von Frageb\u00f6gen, die f\u00fcr Mitarbeiter bestimmt sind, und messen anhand eines Vergleichs anhand sehr gro\u00dfer Panels beispielsweise die unterschiedlichen Engagements, aber ein Vergleich ist nicht richtig. Es gibt jedoch relativ zuverl\u00e4ssige Daten. INSEE sagt uns, dass mehr als die H\u00e4lfte der Mitarbeiter wegen mangelnden Interesses an ihrer Arbeit zur\u00fccktritt und dass Demotivation ein wichtiger Faktor ist. Wir wissen auch, dass Mitarbeiter, die mit ihrer Arbeit zufrieden sind, von 10 bis 12 % produktiver sind und dass im Gegenteil die Kosten f\u00fcr eine Abreise und eine Einstellung 2 Jahre Gehalt betragen. Wir k\u00f6nnen daher die Motivation von Unternehmen verstehen, leistungsstarke Mitarbeiter zu halten.<\/p>\n<h3>Kollektive Intelligenz:<\/h3>\n<p>Wir k\u00f6nnen daraus schlie\u00dfen, dass die Bindung von Talenten daher ein wichtiges Ziel ist, zu dessen Erreichung Teambuilding beitragen kann. Aber st\u00e4rken diese Erfahrungen wirklich den Zusammenhalt der Gruppe? Sicher, aber halten die Effekte nicht so lange an, wie das Ereignis stattfindet? Sobald dies vorbei ist, kehren die Individuen zu ihren Gewohnheiten zur\u00fcck. Das Hauptproblem liegt in der Best\u00e4ndigkeit der Ergebnisse. Laut Peter Senge, Professor am MIT und Spezialist f\u00fcr Organisationen, m\u00fcssen wir jedoch durchhalten, denn \u201eDer Austausch von Erfahrungen und die Zusammenarbeit zwischen Einzelpersonen sind der Schl\u00fcssel zu Kreativit\u00e4t und Fortschritt. Kollektive Intelligenz basiert auf gemeinsamen Aktionen. &quot;&quot;<\/p>\n<p>&nbsp;<\/p>\n<p>&nbsp;<\/p>\n<p>&nbsp;<\/p>\n<p>\t\t\t<a href=\"https:\/\/www.reseau-mesure.com\/de\/ressources-documentaires\/\" target=\"_self\" role=\"button\"><br \/>\n\t\t\t\t\t\t\tZur\u00fcck zu den Dokumentationsressourcen<br \/>\n\t\t\t\t\t<\/a><\/p>","protected":false},"excerpt":{"rendered":"<p>Management und Teambuilding Lassen Sie uns motivieren! Management und Teambuilding Definition: &#039;Teambuilding: Optimierung der Arbeit in einem Unternehmen!&#039; oder sogar &#039;Teamzusammenhalt mit Teambuilding f\u00f6rdern&#039;. So viele Haken zu diesem Thema k\u00f6nnen nicht gelesen werden! Seit einigen Jahren &#039;Teambuilding&#039; - buchst\u00e4blich Teambuilding, aber man muss Teamzusammenhalt lesen ...<\/p>","protected":false},"author":685,"featured_media":0,"parent":0,"menu_order":0,"comment_status":"closed","ping_status":"closed","template":"","meta":{"_acf_changed":false,"footnotes":""},"class_list":["post-5516","page","type-page","status-publish","hentry"],"acf":[],"yoast_head":"<!-- This site is optimized with the Yoast SEO plugin v27.3 - https:\/\/yoast.com\/product\/yoast-seo-wordpress\/ -->\n<title>Management et teambuilding - R\u00e9seau Mesure<\/title>\n<meta name=\"description\" content=\"Management et teambuilding sont des \u00e9l\u00e9ments importants et indispensables pour l&#039;entreprise. R\u00e9flexion sur le sujet pour vous ouvrir la voie.\" \/>\n<meta name=\"robots\" content=\"index, follow, max-snippet:-1, max-image-preview:large, max-video-preview:-1\" \/>\n<link rel=\"canonical\" href=\"https:\/\/www.reseau-mesure.com\/de\/management-et-teambuilding\/\" \/>\n<meta property=\"og:locale\" content=\"de_DE\" \/>\n<meta property=\"og:type\" content=\"article\" \/>\n<meta property=\"og:title\" content=\"Management et teambuilding - R\u00e9seau Mesure\" \/>\n<meta property=\"og:description\" content=\"Management et teambuilding sont des \u00e9l\u00e9ments importants et indispensables pour l&#039;entreprise. R\u00e9flexion sur le sujet pour vous ouvrir la voie.\" \/>\n<meta property=\"og:url\" content=\"https:\/\/www.reseau-mesure.com\/de\/management-et-teambuilding\/\" \/>\n<meta property=\"og:site_name\" content=\"R\u00e9seau Mesure\" \/>\n<meta property=\"article:publisher\" content=\"https:\/\/www.facebook.com\/reseaumesure\/\" \/>\n<meta property=\"article:modified_time\" content=\"2019-02-06T21:14:58+00:00\" \/>\n<meta name=\"twitter:card\" content=\"summary_large_image\" \/>\n<meta name=\"twitter:site\" content=\"@ReseauMesure\" \/>\n<meta name=\"twitter:label1\" content=\"Gesch\u00e4tzte Lesezeit\" \/>\n\t<meta name=\"twitter:data1\" content=\"5\u00a0Minuten\" \/>\n<script type=\"application\/ld+json\" class=\"yoast-schema-graph\">{\"@context\":\"https:\\\/\\\/schema.org\",\"@graph\":[{\"@type\":\"WebPage\",\"@id\":\"https:\\\/\\\/www.reseau-mesure.com\\\/de\\\/management-et-teambuilding\\\/\",\"url\":\"https:\\\/\\\/www.reseau-mesure.com\\\/de\\\/management-et-teambuilding\\\/\",\"name\":\"Management et teambuilding - R\u00e9seau Mesure\",\"isPartOf\":{\"@id\":\"https:\\\/\\\/www.reseau-mesure.com\\\/#website\"},\"datePublished\":\"2018-11-03T15:10:58+00:00\",\"dateModified\":\"2019-02-06T21:14:58+00:00\",\"description\":\"Management et teambuilding sont des \u00e9l\u00e9ments importants et indispensables pour l'entreprise. R\u00e9flexion sur le sujet pour vous ouvrir la voie.\",\"breadcrumb\":{\"@id\":\"https:\\\/\\\/www.reseau-mesure.com\\\/de\\\/management-et-teambuilding\\\/#breadcrumb\"},\"inLanguage\":\"de\",\"potentialAction\":[{\"@type\":\"ReadAction\",\"target\":[\"https:\\\/\\\/www.reseau-mesure.com\\\/de\\\/management-et-teambuilding\\\/\"]}]},{\"@type\":\"BreadcrumbList\",\"@id\":\"https:\\\/\\\/www.reseau-mesure.com\\\/de\\\/management-et-teambuilding\\\/#breadcrumb\",\"itemListElement\":[{\"@type\":\"ListItem\",\"position\":1,\"name\":\"Accueil\",\"item\":\"https:\\\/\\\/www.reseau-mesure.com\\\/\"},{\"@type\":\"ListItem\",\"position\":2,\"name\":\"Management et teambuilding\"}]},{\"@type\":\"WebSite\",\"@id\":\"https:\\\/\\\/www.reseau-mesure.com\\\/#website\",\"url\":\"https:\\\/\\\/www.reseau-mesure.com\\\/\",\"name\":\"R\u00e9seau-Mesure\",\"description\":\"R\u00e9seau Mesure\",\"publisher\":{\"@id\":\"https:\\\/\\\/www.reseau-mesure.com\\\/#organization\"},\"potentialAction\":[{\"@type\":\"SearchAction\",\"target\":{\"@type\":\"EntryPoint\",\"urlTemplate\":\"https:\\\/\\\/www.reseau-mesure.com\\\/?s={search_term_string}\"},\"query-input\":{\"@type\":\"PropertyValueSpecification\",\"valueRequired\":true,\"valueName\":\"search_term_string\"}}],\"inLanguage\":\"de\"},{\"@type\":\"Organization\",\"@id\":\"https:\\\/\\\/www.reseau-mesure.com\\\/#organization\",\"name\":\"R\u00e9seau-Mesure\",\"url\":\"https:\\\/\\\/www.reseau-mesure.com\\\/\",\"logo\":{\"@type\":\"ImageObject\",\"inLanguage\":\"de\",\"@id\":\"https:\\\/\\\/www.reseau-mesure.com\\\/#\\\/schema\\\/logo\\\/image\\\/\",\"url\":\"https:\\\/\\\/www.reseau-mesure.com\\\/wp-content\\\/uploads\\\/2018\\\/02\\\/logo-max.png\",\"contentUrl\":\"https:\\\/\\\/www.reseau-mesure.com\\\/wp-content\\\/uploads\\\/2018\\\/02\\\/logo-max.png\",\"width\":545,\"height\":285,\"caption\":\"R\u00e9seau-Mesure\"},\"image\":{\"@id\":\"https:\\\/\\\/www.reseau-mesure.com\\\/#\\\/schema\\\/logo\\\/image\\\/\"},\"sameAs\":[\"https:\\\/\\\/www.facebook.com\\\/reseaumesure\\\/\",\"https:\\\/\\\/x.com\\\/ReseauMesure\",\"https:\\\/\\\/www.linkedin.com\\\/company\\\/reseau-mesure\\\/\"]}]}<\/script>\n<!-- \/ Yoast SEO plugin. -->","yoast_head_json":{"title":"Management et teambuilding - R\u00e9seau Mesure","description":"Management et teambuilding sont des \u00e9l\u00e9ments importants et indispensables pour l'entreprise. R\u00e9flexion sur le sujet pour vous ouvrir la voie.","robots":{"index":"index","follow":"follow","max-snippet":"max-snippet:-1","max-image-preview":"max-image-preview:large","max-video-preview":"max-video-preview:-1"},"canonical":"https:\/\/www.reseau-mesure.com\/de\/management-et-teambuilding\/","og_locale":"de_DE","og_type":"article","og_title":"Management et teambuilding - R\u00e9seau Mesure","og_description":"Management et teambuilding sont des \u00e9l\u00e9ments importants et indispensables pour l'entreprise. R\u00e9flexion sur le sujet pour vous ouvrir la voie.","og_url":"https:\/\/www.reseau-mesure.com\/de\/management-et-teambuilding\/","og_site_name":"R\u00e9seau Mesure","article_publisher":"https:\/\/www.facebook.com\/reseaumesure\/","article_modified_time":"2019-02-06T21:14:58+00:00","twitter_card":"summary_large_image","twitter_site":"@ReseauMesure","twitter_misc":{"Gesch\u00e4tzte Lesezeit":"5\u00a0Minuten"},"schema":{"@context":"https:\/\/schema.org","@graph":[{"@type":"WebPage","@id":"https:\/\/www.reseau-mesure.com\/de\/management-et-teambuilding\/","url":"https:\/\/www.reseau-mesure.com\/de\/management-et-teambuilding\/","name":"Management et teambuilding - R\u00e9seau Mesure","isPartOf":{"@id":"https:\/\/www.reseau-mesure.com\/#website"},"datePublished":"2018-11-03T15:10:58+00:00","dateModified":"2019-02-06T21:14:58+00:00","description":"Management et teambuilding sont des \u00e9l\u00e9ments importants et indispensables pour l'entreprise. R\u00e9flexion sur le sujet pour vous ouvrir la voie.","breadcrumb":{"@id":"https:\/\/www.reseau-mesure.com\/de\/management-et-teambuilding\/#breadcrumb"},"inLanguage":"de","potentialAction":[{"@type":"ReadAction","target":["https:\/\/www.reseau-mesure.com\/de\/management-et-teambuilding\/"]}]},{"@type":"BreadcrumbList","@id":"https:\/\/www.reseau-mesure.com\/de\/management-et-teambuilding\/#breadcrumb","itemListElement":[{"@type":"ListItem","position":1,"name":"Accueil","item":"https:\/\/www.reseau-mesure.com\/"},{"@type":"ListItem","position":2,"name":"Management et teambuilding"}]},{"@type":"WebSite","@id":"https:\/\/www.reseau-mesure.com\/#website","url":"https:\/\/www.reseau-mesure.com\/","name":"Netzwerk-Messung","description":"Netzwerkma\u00dfnahme","publisher":{"@id":"https:\/\/www.reseau-mesure.com\/#organization"},"potentialAction":[{"@type":"SearchAction","target":{"@type":"EntryPoint","urlTemplate":"https:\/\/www.reseau-mesure.com\/?s={search_term_string}"},"query-input":{"@type":"PropertyValueSpecification","valueRequired":true,"valueName":"search_term_string"}}],"inLanguage":"de"},{"@type":"Organization","@id":"https:\/\/www.reseau-mesure.com\/#organization","name":"Netzwerk-Messung","url":"https:\/\/www.reseau-mesure.com\/","logo":{"@type":"ImageObject","inLanguage":"de","@id":"https:\/\/www.reseau-mesure.com\/#\/schema\/logo\/image\/","url":"https:\/\/www.reseau-mesure.com\/wp-content\/uploads\/2018\/02\/logo-max.png","contentUrl":"https:\/\/www.reseau-mesure.com\/wp-content\/uploads\/2018\/02\/logo-max.png","width":545,"height":285,"caption":"R\u00e9seau-Mesure"},"image":{"@id":"https:\/\/www.reseau-mesure.com\/#\/schema\/logo\/image\/"},"sameAs":["https:\/\/www.facebook.com\/reseaumesure\/","https:\/\/x.com\/ReseauMesure","https:\/\/www.linkedin.com\/company\/reseau-mesure\/"]}]}},"_links":{"self":[{"href":"https:\/\/www.reseau-mesure.com\/de\/wp-json\/wp\/v2\/pages\/5516","targetHints":{"allow":["GET"]}}],"collection":[{"href":"https:\/\/www.reseau-mesure.com\/de\/wp-json\/wp\/v2\/pages"}],"about":[{"href":"https:\/\/www.reseau-mesure.com\/de\/wp-json\/wp\/v2\/types\/page"}],"author":[{"embeddable":true,"href":"https:\/\/www.reseau-mesure.com\/de\/wp-json\/wp\/v2\/users\/685"}],"replies":[{"embeddable":true,"href":"https:\/\/www.reseau-mesure.com\/de\/wp-json\/wp\/v2\/comments?post=5516"}],"version-history":[{"count":0,"href":"https:\/\/www.reseau-mesure.com\/de\/wp-json\/wp\/v2\/pages\/5516\/revisions"}],"wp:attachment":[{"href":"https:\/\/www.reseau-mesure.com\/de\/wp-json\/wp\/v2\/media?parent=5516"}],"curies":[{"name":"wp","href":"https:\/\/api.w.org\/{rel}","templated":true}]}}