{"id":6604,"date":"2019-03-25T16:46:12","date_gmt":"2019-03-25T15:46:12","guid":{"rendered":"https:\/\/www.reseau-mesure.com\/?page_id=6604"},"modified":"2019-03-25T16:57:03","modified_gmt":"2019-03-25T15:57:03","slug":"promotion-par-la-video","status":"publish","type":"page","link":"https:\/\/www.reseau-mesure.com\/de\/promotion-par-la-video\/","title":{"rendered":"Videowerbung"},"content":{"rendered":"<p>\t\t\t\t<img loading=\"lazy\" decoding=\"async\" src=\"https:\/\/www.reseau-mesure.com\/wp-content\/uploads\/2019\/03\/Visuel_actu_MOOC_reportage_V1_png_1030x625_q85_crop-smart_upscale.png\" alt=\"mooc reportage pro\" itemprop=\"image\" height=\"625\" width=\"1030\" title=\"Visuel_actu_MOOC_reportage_V1_png_1030x625_q85_crop-smart_upscale\" onerror=\"this.style.display='none'\"  \/><\/p>\n<h1>Drehen und bearbeiten Sie einen Pro-Bericht mit Ihrem Smartphone<\/h1>\n<h2>Ein MOOC, um zu lernen, wie man Videos in professioneller Qualit\u00e4t strukturiert ...<\/h2>\n<p>Immer zahlreicher und aufw\u00e4ndiger werden Videos in den Medien, die wir t\u00e4glich konsultieren, eine wichtige Rolle spielen. W\u00e4hrend ihr Design seit einem Jahrhundert Sache von Spezialisten war, ist es wesentlich demokratischer geworden, seit wir alle eine Kamera in unsere Smartphones gesteckt haben.<\/p>\n<p><strong>Filmen Sie vor Ort und m\u00f6chten ein Smartphone verwenden und gleichzeitig qualitativ hochwertige Inhalte f\u00fcr Ihre Produktionen bereitstellen?<\/strong><\/p>\n<p>Das Expertenteam <strong><a href=\"https:\/\/www.fun-mooc.fr\/universities\/gobelins\/\">GOBELINS, die Schule des Bildes<\/a><\/strong>, offenbart Sie durch dieses neue <strong>MOOC die Geheimnisse eines effizienten und professionellen Berichts mit einem Smartphone<\/strong>. Dieses MOOC hilft Ihnen bei der Strukturierung der Geschichte, die Sie erz\u00e4hlen werden, und bietet Ihnen Tools zum Aufnehmen und Bearbeiten Ihres Berichts.<\/p>\n<p>&nbsp;<\/p>\n<p><strong><a href=\"https:\/\/www.fun-mooc.fr\/courses\/course-v1:gobelins+83004+session01\/about\">Um sich zu registrieren<\/a><\/strong><\/p>","protected":false},"excerpt":{"rendered":"<p>SCHIESSEN UND BEARBEITEN SIE EINEN PRO-BERICHT MIT IHREM SMARTPHONE Ein MOOC, um zu lernen, wie Sie Videos in professioneller Qualit\u00e4t strukturieren ... Immer zahlreicher und aufw\u00e4ndiger werden Videos in den Medien, die wir t\u00e4glich konsultieren, eine wichtige Rolle. W\u00e4hrend ihr Design eine Frage der ...<\/p>","protected":false},"author":349,"featured_media":0,"parent":0,"menu_order":0,"comment_status":"closed","ping_status":"closed","template":"","meta":{"_acf_changed":false,"footnotes":""},"class_list":["post-6604","page","type-page","status-publish","hentry"],"acf":[],"yoast_head":"<!-- This site is optimized with the Yoast SEO plugin v27.5 - https:\/\/yoast.com\/product\/yoast-seo-wordpress\/ -->\n<title>Promotion par la vid\u00e9o - R\u00e9seau Mesure<\/title>\n<meta name=\"robots\" content=\"index, follow, max-snippet:-1, max-image-preview:large, max-video-preview:-1\" \/>\n<link rel=\"canonical\" href=\"http:\/\/www.reseau-mesure.com\/de\/promotion-par-la-video\/\" \/>\n<meta property=\"og:locale\" content=\"de_DE\" \/>\n<meta property=\"og:type\" content=\"article\" \/>\n<meta property=\"og:title\" content=\"Promotion par la vid\u00e9o - R\u00e9seau Mesure\" \/>\n<meta property=\"og:description\" content=\"TOURNER ET MONTER UN REPORTAGE PRO AVEC SON SMARTPHONE Un MOOC pour apprendre \u00e0 structurer des vid\u00e9os de qualit\u00e9 pro&#8230; De plus en plus nombreuses et de plus en plus \u00e9labor\u00e9es, les vid\u00e9os prennent une part non n\u00e9gligeable dans les m\u00e9dias que nous consultons chaque jour. Alors que leur conception \u00e9tait rest\u00e9e une affaire de&hellip;\" \/>\n<meta property=\"og:url\" content=\"http:\/\/www.reseau-mesure.com\/de\/promotion-par-la-video\/\" \/>\n<meta property=\"og:site_name\" content=\"R\u00e9seau Mesure\" \/>\n<meta property=\"article:publisher\" content=\"https:\/\/www.facebook.com\/reseaumesure\/\" \/>\n<meta property=\"article:modified_time\" content=\"2019-03-25T15:57:03+00:00\" \/>\n<meta property=\"og:image\" content=\"https:\/\/www.reseau-mesure.com\/wp-content\/uploads\/2019\/03\/Visuel_actu_MOOC_reportage_V1_png_1030x625_q85_crop-smart_upscale.png\" \/>\n<meta name=\"twitter:card\" content=\"summary_large_image\" \/>\n<meta name=\"twitter:site\" content=\"@ReseauMesure\" \/>\n<meta name=\"twitter:label1\" content=\"Gesch\u00e4tzte Lesezeit\" \/>\n\t<meta name=\"twitter:data1\" content=\"1\u00a0Minute\" \/>\n<script type=\"application\/ld+json\" class=\"yoast-schema-graph\">{\"@context\":\"https:\\\/\\\/schema.org\",\"@graph\":[{\"@type\":\"WebPage\",\"@id\":\"http:\\\/\\\/www.reseau-mesure.com\\\/de\\\/promotion-par-la-video\\\/\",\"url\":\"http:\\\/\\\/www.reseau-mesure.com\\\/de\\\/promotion-par-la-video\\\/\",\"name\":\"Promotion par la vid\u00e9o - R\u00e9seau Mesure\",\"isPartOf\":{\"@id\":\"https:\\\/\\\/www.reseau-mesure.com\\\/#website\"},\"primaryImageOfPage\":{\"@id\":\"http:\\\/\\\/www.reseau-mesure.com\\\/de\\\/promotion-par-la-video\\\/#primaryimage\"},\"image\":{\"@id\":\"http:\\\/\\\/www.reseau-mesure.com\\\/de\\\/promotion-par-la-video\\\/#primaryimage\"},\"thumbnailUrl\":\"https:\\\/\\\/www.reseau-mesure.com\\\/wp-content\\\/uploads\\\/2019\\\/03\\\/Visuel_actu_MOOC_reportage_V1_png_1030x625_q85_crop-smart_upscale.png\",\"datePublished\":\"2019-03-25T15:46:12+00:00\",\"dateModified\":\"2019-03-25T15:57:03+00:00\",\"breadcrumb\":{\"@id\":\"http:\\\/\\\/www.reseau-mesure.com\\\/de\\\/promotion-par-la-video\\\/#breadcrumb\"},\"inLanguage\":\"de\",\"potentialAction\":[{\"@type\":\"ReadAction\",\"target\":[\"http:\\\/\\\/www.reseau-mesure.com\\\/de\\\/promotion-par-la-video\\\/\"]}]},{\"@type\":\"ImageObject\",\"inLanguage\":\"de\",\"@id\":\"http:\\\/\\\/www.reseau-mesure.com\\\/de\\\/promotion-par-la-video\\\/#primaryimage\",\"url\":\"https:\\\/\\\/www.reseau-mesure.com\\\/wp-content\\\/uploads\\\/2019\\\/03\\\/Visuel_actu_MOOC_reportage_V1_png_1030x625_q85_crop-smart_upscale.png\",\"contentUrl\":\"https:\\\/\\\/www.reseau-mesure.com\\\/wp-content\\\/uploads\\\/2019\\\/03\\\/Visuel_actu_MOOC_reportage_V1_png_1030x625_q85_crop-smart_upscale.png\"},{\"@type\":\"BreadcrumbList\",\"@id\":\"http:\\\/\\\/www.reseau-mesure.com\\\/de\\\/promotion-par-la-video\\\/#breadcrumb\",\"itemListElement\":[{\"@type\":\"ListItem\",\"position\":1,\"name\":\"Accueil\",\"item\":\"https:\\\/\\\/www.reseau-mesure.com\\\/\"},{\"@type\":\"ListItem\",\"position\":2,\"name\":\"Promotion par la vid\u00e9o\"}]},{\"@type\":\"WebSite\",\"@id\":\"https:\\\/\\\/www.reseau-mesure.com\\\/#website\",\"url\":\"https:\\\/\\\/www.reseau-mesure.com\\\/\",\"name\":\"R\u00e9seau-Mesure\",\"description\":\"R\u00e9seau Mesure\",\"publisher\":{\"@id\":\"https:\\\/\\\/www.reseau-mesure.com\\\/#organization\"},\"potentialAction\":[{\"@type\":\"SearchAction\",\"target\":{\"@type\":\"EntryPoint\",\"urlTemplate\":\"https:\\\/\\\/www.reseau-mesure.com\\\/?s={search_term_string}\"},\"query-input\":{\"@type\":\"PropertyValueSpecification\",\"valueRequired\":true,\"valueName\":\"search_term_string\"}}],\"inLanguage\":\"de\"},{\"@type\":\"Organization\",\"@id\":\"https:\\\/\\\/www.reseau-mesure.com\\\/#organization\",\"name\":\"R\u00e9seau-Mesure\",\"url\":\"https:\\\/\\\/www.reseau-mesure.com\\\/\",\"logo\":{\"@type\":\"ImageObject\",\"inLanguage\":\"de\",\"@id\":\"https:\\\/\\\/www.reseau-mesure.com\\\/#\\\/schema\\\/logo\\\/image\\\/\",\"url\":\"https:\\\/\\\/www.reseau-mesure.com\\\/wp-content\\\/uploads\\\/2018\\\/02\\\/logo-max.png\",\"contentUrl\":\"https:\\\/\\\/www.reseau-mesure.com\\\/wp-content\\\/uploads\\\/2018\\\/02\\\/logo-max.png\",\"width\":545,\"height\":285,\"caption\":\"R\u00e9seau-Mesure\"},\"image\":{\"@id\":\"https:\\\/\\\/www.reseau-mesure.com\\\/#\\\/schema\\\/logo\\\/image\\\/\"},\"sameAs\":[\"https:\\\/\\\/www.facebook.com\\\/reseaumesure\\\/\",\"https:\\\/\\\/x.com\\\/ReseauMesure\",\"https:\\\/\\\/www.linkedin.com\\\/company\\\/reseau-mesure\\\/\"]}]}<\/script>\n<!-- \/ Yoast SEO plugin. -->","yoast_head_json":{"title":"Promotion par la vid\u00e9o - R\u00e9seau Mesure","robots":{"index":"index","follow":"follow","max-snippet":"max-snippet:-1","max-image-preview":"max-image-preview:large","max-video-preview":"max-video-preview:-1"},"canonical":"http:\/\/www.reseau-mesure.com\/de\/promotion-par-la-video\/","og_locale":"de_DE","og_type":"article","og_title":"Promotion par la vid\u00e9o - R\u00e9seau Mesure","og_description":"TOURNER ET MONTER UN REPORTAGE PRO AVEC SON SMARTPHONE Un MOOC pour apprendre \u00e0 structurer des vid\u00e9os de qualit\u00e9 pro&#8230; De plus en plus nombreuses et de plus en plus \u00e9labor\u00e9es, les vid\u00e9os prennent une part non n\u00e9gligeable dans les m\u00e9dias que nous consultons chaque jour. Alors que leur conception \u00e9tait rest\u00e9e une affaire de&hellip;","og_url":"http:\/\/www.reseau-mesure.com\/de\/promotion-par-la-video\/","og_site_name":"R\u00e9seau Mesure","article_publisher":"https:\/\/www.facebook.com\/reseaumesure\/","article_modified_time":"2019-03-25T15:57:03+00:00","og_image":[{"url":"https:\/\/www.reseau-mesure.com\/wp-content\/uploads\/2019\/03\/Visuel_actu_MOOC_reportage_V1_png_1030x625_q85_crop-smart_upscale.png","type":"","width":"","height":""}],"twitter_card":"summary_large_image","twitter_site":"@ReseauMesure","twitter_misc":{"Gesch\u00e4tzte Lesezeit":"1\u00a0Minute"},"schema":{"@context":"https:\/\/schema.org","@graph":[{"@type":"WebPage","@id":"http:\/\/www.reseau-mesure.com\/de\/promotion-par-la-video\/","url":"http:\/\/www.reseau-mesure.com\/de\/promotion-par-la-video\/","name":"Promotion par la vid\u00e9o - R\u00e9seau Mesure","isPartOf":{"@id":"https:\/\/www.reseau-mesure.com\/#website"},"primaryImageOfPage":{"@id":"http:\/\/www.reseau-mesure.com\/de\/promotion-par-la-video\/#primaryimage"},"image":{"@id":"http:\/\/www.reseau-mesure.com\/de\/promotion-par-la-video\/#primaryimage"},"thumbnailUrl":"https:\/\/www.reseau-mesure.com\/wp-content\/uploads\/2019\/03\/Visuel_actu_MOOC_reportage_V1_png_1030x625_q85_crop-smart_upscale.png","datePublished":"2019-03-25T15:46:12+00:00","dateModified":"2019-03-25T15:57:03+00:00","breadcrumb":{"@id":"http:\/\/www.reseau-mesure.com\/de\/promotion-par-la-video\/#breadcrumb"},"inLanguage":"de","potentialAction":[{"@type":"ReadAction","target":["http:\/\/www.reseau-mesure.com\/de\/promotion-par-la-video\/"]}]},{"@type":"ImageObject","inLanguage":"de","@id":"http:\/\/www.reseau-mesure.com\/de\/promotion-par-la-video\/#primaryimage","url":"https:\/\/www.reseau-mesure.com\/wp-content\/uploads\/2019\/03\/Visuel_actu_MOOC_reportage_V1_png_1030x625_q85_crop-smart_upscale.png","contentUrl":"https:\/\/www.reseau-mesure.com\/wp-content\/uploads\/2019\/03\/Visuel_actu_MOOC_reportage_V1_png_1030x625_q85_crop-smart_upscale.png"},{"@type":"BreadcrumbList","@id":"http:\/\/www.reseau-mesure.com\/de\/promotion-par-la-video\/#breadcrumb","itemListElement":[{"@type":"ListItem","position":1,"name":"Accueil","item":"https:\/\/www.reseau-mesure.com\/"},{"@type":"ListItem","position":2,"name":"Promotion par la vid\u00e9o"}]},{"@type":"WebSite","@id":"https:\/\/www.reseau-mesure.com\/#website","url":"https:\/\/www.reseau-mesure.com\/","name":"Netzwerk-Messung","description":"Netzwerkma\u00dfnahme","publisher":{"@id":"https:\/\/www.reseau-mesure.com\/#organization"},"potentialAction":[{"@type":"SearchAction","target":{"@type":"EntryPoint","urlTemplate":"https:\/\/www.reseau-mesure.com\/?s={search_term_string}"},"query-input":{"@type":"PropertyValueSpecification","valueRequired":true,"valueName":"search_term_string"}}],"inLanguage":"de"},{"@type":"Organization","@id":"https:\/\/www.reseau-mesure.com\/#organization","name":"Netzwerk-Messung","url":"https:\/\/www.reseau-mesure.com\/","logo":{"@type":"ImageObject","inLanguage":"de","@id":"https:\/\/www.reseau-mesure.com\/#\/schema\/logo\/image\/","url":"https:\/\/www.reseau-mesure.com\/wp-content\/uploads\/2018\/02\/logo-max.png","contentUrl":"https:\/\/www.reseau-mesure.com\/wp-content\/uploads\/2018\/02\/logo-max.png","width":545,"height":285,"caption":"R\u00e9seau-Mesure"},"image":{"@id":"https:\/\/www.reseau-mesure.com\/#\/schema\/logo\/image\/"},"sameAs":["https:\/\/www.facebook.com\/reseaumesure\/","https:\/\/x.com\/ReseauMesure","https:\/\/www.linkedin.com\/company\/reseau-mesure\/"]}]}},"_links":{"self":[{"href":"https:\/\/www.reseau-mesure.com\/de\/wp-json\/wp\/v2\/pages\/6604","targetHints":{"allow":["GET"]}}],"collection":[{"href":"https:\/\/www.reseau-mesure.com\/de\/wp-json\/wp\/v2\/pages"}],"about":[{"href":"https:\/\/www.reseau-mesure.com\/de\/wp-json\/wp\/v2\/types\/page"}],"author":[{"embeddable":true,"href":"https:\/\/www.reseau-mesure.com\/de\/wp-json\/wp\/v2\/users\/349"}],"replies":[{"embeddable":true,"href":"https:\/\/www.reseau-mesure.com\/de\/wp-json\/wp\/v2\/comments?post=6604"}],"version-history":[{"count":0,"href":"https:\/\/www.reseau-mesure.com\/de\/wp-json\/wp\/v2\/pages\/6604\/revisions"}],"wp:attachment":[{"href":"https:\/\/www.reseau-mesure.com\/de\/wp-json\/wp\/v2\/media?parent=6604"}],"curies":[{"name":"wp","href":"https:\/\/api.w.org\/{rel}","templated":true}]}}