{"id":666,"date":"2018-01-10T08:44:48","date_gmt":"2018-01-10T07:44:48","guid":{"rendered":"http:\/\/reseau-mesure.fr\/?page_id=666"},"modified":"2019-08-22T15:47:36","modified_gmt":"2019-08-22T13:47:36","slug":"pourquoi-adherer","status":"publish","type":"page","link":"https:\/\/www.reseau-mesure.com\/de\/pourquoi-adherer\/","title":{"rendered":"Warum dem Messnetzwerk beitreten?"},"content":{"rendered":"<img loading=\"lazy\" decoding=\"async\" src=\"https:\/\/www.reseau-mesure.com\/wp-content\/uploads\/2018\/11\/shutterstock_344824130-300x182.jpg\" alt=\"Adh\u00e9rer au R\u00e9seau Mesure\" itemprop=\"image\" height=\"182\" width=\"300\" title=\"Treten Sie dem Messnetzwerk bei\"  \/>\n\t\t<h1 >\n\t\t\tWarum dem Measure Network beitreten 7 Gr\u00fcnde, dem Verband beizutreten\n\t\t<\/h1>\n\t<ul>\n<li><strong>Profitieren Sie von der St\u00e4rke eines Unternehmensnetzwerks.<\/strong><\/li>\n<li><strong>Um die Einsamkeit des Unternehmers oder Ihre einzigartige Funktion innerhalb Ihres Unternehmens zu durchbrechen.<\/strong><\/li>\n<li><strong>Um sich mit Gleichaltrigen auszutauschen.<\/strong><\/li>\n<li><strong>Betriebskosten sparen.<\/strong><\/li>\n<li><strong>Um Ihre Kommunikation zu geringeren Kosten zu verbessern.<\/strong><\/li>\n<li><strong>Von gezielten Schulungen zu optimierten Preisen profitieren.<\/strong><\/li>\n<li><strong>Um Ihr Netzwerk zu entwickeln.<\/strong><\/li>\n<\/ul>\n<p><strong>Das Team von R\u00e9seau Mesure steht Ihnen zur Verf\u00fcgung<\/strong><\/p>\n<p><strong>Die Ziele des Messnetzwerks<\/strong><\/p>\n<p><b>=&gt; Unterst\u00fctzung bei der Entwicklung von Mitgliedsunternehmen<\/b><\/p>\n<ul>\n<li>Durch die Bereitstellung eines gepoolten Serviceangebots f\u00fcr seine Mitglieder<\/li>\n<li>Durch die Bereitstellung kollektiver L\u00f6sungen mit Mehrwert<\/li>\n<li>Durch die F\u00f6rderung des Know-hows und der F\u00e4higkeiten seiner Mitglieder<\/li>\n<\/ul>\n<p><strong>Aktionen des Messnetzwerks<\/strong><\/p>\n<ul>\n<li>Die Umsetzung wertsch\u00f6pfender Synergien.<\/li>\n<li>Eine Quelle zus\u00e4tzlicher Einsparungen f\u00fcr Mitglieder durch gepoolte Aktionen, die von speziellen Arbeitsgruppen verwaltet werden.<\/li>\n<\/ul>\n\t\t\t\t<img decoding=\"async\" src=\"https:\/\/www.reseau-mesure.com\/wp-content\/uploads\/2018\/01\/reseau.jpg\" alt=\"Adh\u00e9rer au R\u00e9seau Mesure\" itemprop=\"image\" title=\"Treten Sie dem Messnetzwerk bei\"  \/>\n\t\t<h2 >\n\t\t\tUnsere Mitglieder\n\t\t<\/h2>\n    <p>Finden Sie alle Mitgliedsunternehmen des Messnetzwerks<\/p>\n    <p>- Mitglieder des Messnetzwerks -<\/p>\n    <a href=\"\/de\/adherent\/?aid=79\"><img decoding=\"async\" src=\"https:\/\/www.reseau-mesure.com\/wp-content\/uploads\/2018\/02\/Alytech.jpg\" alt=\"ALYTECH\" \/><\/a>\n    <a href=\"\/de\/adherent\/?aid=147\"><img decoding=\"async\" src=\"https:\/\/www.reseau-mesure.com\/wp-content\/uploads\/2018\/02\/one-too.png\" alt=\"ONE-TOO\" \/><\/a>\n    <a href=\"\/de\/adherent\/?aid=85\"><img decoding=\"async\" src=\"https:\/\/www.reseau-mesure.com\/wp-content\/uploads\/2018\/02\/B-Mesure-HD.jpg\" alt=\"B.MESURE\" \/><\/a>\n    <a href=\"\/de\/adherent\/?aid=115\"><img decoding=\"async\" src=\"https:\/\/www.reseau-mesure.com\/wp-content\/uploads\/2018\/02\/LNE-2018.png\" alt=\"LNE\" \/><\/a>\n    <a href=\"\/de\/adherent\/?aid=103\"><img decoding=\"async\" src=\"https:\/\/www.reseau-mesure.com\/wp-content\/uploads\/2018\/02\/FLUIDES_PRECISION.jpeg\" alt=\"FLUIDES PRECISION\" \/><\/a>\n    <a href=\"\/de\/adherent\/?aid=110\"><img decoding=\"async\" src=\"https:\/\/www.reseau-mesure.com\/wp-content\/uploads\/2018\/02\/JM-INVESTMENT-FUND.jpg\" alt=\"JM INVESTMENT FUND\" \/><\/a>\n    <a href=\"\/de\/adherent\/?aid=97\"><img decoding=\"async\" src=\"https:\/\/www.reseau-mesure.com\/wp-content\/uploads\/2018\/06\/distrilabo-logo-1467100471.jpg\" alt=\"DISTRILABO\" \/><\/a>\n    <a href=\"\/de\/adherent\/?aid=45\"><img decoding=\"async\" src=\"https:\/\/www.reseau-mesure.com\/wp-content\/uploads\/2018\/02\/Intertek-\u00e0-utiliser-002-1.jpg\" alt=\"INTERTEK FRANCE\" \/><\/a>","protected":false},"excerpt":{"rendered":"<p>Warum dem Measure Network beitreten? 7 Gr\u00fcnde, dem Verband beizutreten Um von der St\u00e4rke eines Unternehmensnetzwerks zu profitieren. Um die Einsamkeit des Gesch\u00e4ftsf\u00fchrers oder Ihre einzigartige Funktion in Ihrem Unternehmen zu brechen. Um sich mit Gleichaltrigen auszutauschen. Betriebskosten sparen. Um Ihre Kommunikation auf einem niedrigeren ...<\/p>","protected":false},"author":685,"featured_media":0,"parent":0,"menu_order":0,"comment_status":"closed","ping_status":"closed","template":"","meta":{"_acf_changed":false,"footnotes":""},"class_list":["post-666","page","type-page","status-publish","hentry"],"acf":[],"yoast_head":"<!-- This site is optimized with the Yoast SEO plugin v27.3 - https:\/\/yoast.com\/product\/yoast-seo-wordpress\/ -->\n<title>Adh\u00e9rer au R\u00e9seau Mesure, Pourquoi ? - R\u00e9seau Mesure<\/title>\n<meta name=\"description\" content=\"Adh\u00e9rer au R\u00e9seau Mesure est une solution simple et efficace de developper votre activit\u00e9 au quotidien en b\u00e9n\u00e9ficiant de la force d&#039;un R\u00e9seau.\" \/>\n<meta name=\"robots\" content=\"index, follow, max-snippet:-1, max-image-preview:large, max-video-preview:-1\" \/>\n<link rel=\"canonical\" href=\"https:\/\/www.reseau-mesure.com\/de\/pourquoi-adherer\/\" \/>\n<meta property=\"og:locale\" content=\"de_DE\" \/>\n<meta property=\"og:type\" content=\"article\" \/>\n<meta property=\"og:title\" content=\"Adh\u00e9rer au R\u00e9seau Mesure, Pourquoi ? - R\u00e9seau Mesure\" \/>\n<meta property=\"og:description\" content=\"Adh\u00e9rer au R\u00e9seau Mesure est une solution simple et efficace de developper votre activit\u00e9 au quotidien en b\u00e9n\u00e9ficiant de la force d&#039;un R\u00e9seau.\" \/>\n<meta property=\"og:url\" content=\"https:\/\/www.reseau-mesure.com\/de\/pourquoi-adherer\/\" \/>\n<meta property=\"og:site_name\" content=\"R\u00e9seau Mesure\" \/>\n<meta property=\"article:publisher\" content=\"https:\/\/www.facebook.com\/reseaumesure\/\" \/>\n<meta property=\"article:modified_time\" content=\"2019-08-22T13:47:36+00:00\" \/>\n<meta property=\"og:image\" content=\"https:\/\/www.reseau-mesure.com\/wp-content\/uploads\/2018\/11\/shutterstock_344824130-300x182.jpg\" \/>\n<meta name=\"twitter:card\" content=\"summary_large_image\" \/>\n<meta name=\"twitter:site\" content=\"@ReseauMesure\" \/>\n<meta name=\"twitter:label1\" content=\"Gesch\u00e4tzte Lesezeit\" \/>\n\t<meta name=\"twitter:data1\" content=\"1\u00a0Minute\" \/>\n<script type=\"application\/ld+json\" class=\"yoast-schema-graph\">{\"@context\":\"https:\\\/\\\/schema.org\",\"@graph\":[{\"@type\":\"WebPage\",\"@id\":\"https:\\\/\\\/www.reseau-mesure.com\\\/pourquoi-adherer\\\/\",\"url\":\"https:\\\/\\\/www.reseau-mesure.com\\\/pourquoi-adherer\\\/\",\"name\":\"Adh\u00e9rer au R\u00e9seau Mesure, Pourquoi ? - R\u00e9seau Mesure\",\"isPartOf\":{\"@id\":\"https:\\\/\\\/www.reseau-mesure.com\\\/#website\"},\"primaryImageOfPage\":{\"@id\":\"https:\\\/\\\/www.reseau-mesure.com\\\/pourquoi-adherer\\\/#primaryimage\"},\"image\":{\"@id\":\"https:\\\/\\\/www.reseau-mesure.com\\\/pourquoi-adherer\\\/#primaryimage\"},\"thumbnailUrl\":\"https:\\\/\\\/www.reseau-mesure.com\\\/wp-content\\\/uploads\\\/2018\\\/11\\\/shutterstock_344824130-300x182.jpg\",\"datePublished\":\"2018-01-10T07:44:48+00:00\",\"dateModified\":\"2019-08-22T13:47:36+00:00\",\"description\":\"Adh\u00e9rer au R\u00e9seau Mesure est une solution simple et efficace de developper votre activit\u00e9 au quotidien en b\u00e9n\u00e9ficiant de la force d'un R\u00e9seau.\",\"breadcrumb\":{\"@id\":\"https:\\\/\\\/www.reseau-mesure.com\\\/pourquoi-adherer\\\/#breadcrumb\"},\"inLanguage\":\"de\",\"potentialAction\":[{\"@type\":\"ReadAction\",\"target\":[\"https:\\\/\\\/www.reseau-mesure.com\\\/pourquoi-adherer\\\/\"]}]},{\"@type\":\"ImageObject\",\"inLanguage\":\"de\",\"@id\":\"https:\\\/\\\/www.reseau-mesure.com\\\/pourquoi-adherer\\\/#primaryimage\",\"url\":\"https:\\\/\\\/www.reseau-mesure.com\\\/wp-content\\\/uploads\\\/2018\\\/11\\\/shutterstock_344824130-300x182.jpg\",\"contentUrl\":\"https:\\\/\\\/www.reseau-mesure.com\\\/wp-content\\\/uploads\\\/2018\\\/11\\\/shutterstock_344824130-300x182.jpg\"},{\"@type\":\"BreadcrumbList\",\"@id\":\"https:\\\/\\\/www.reseau-mesure.com\\\/pourquoi-adherer\\\/#breadcrumb\",\"itemListElement\":[{\"@type\":\"ListItem\",\"position\":1,\"name\":\"Accueil\",\"item\":\"https:\\\/\\\/www.reseau-mesure.com\\\/\"},{\"@type\":\"ListItem\",\"position\":2,\"name\":\"Adh\u00e9rer au R\u00e9seau Mesure, Pourquoi ?\"}]},{\"@type\":\"WebSite\",\"@id\":\"https:\\\/\\\/www.reseau-mesure.com\\\/#website\",\"url\":\"https:\\\/\\\/www.reseau-mesure.com\\\/\",\"name\":\"R\u00e9seau-Mesure\",\"description\":\"R\u00e9seau Mesure\",\"publisher\":{\"@id\":\"https:\\\/\\\/www.reseau-mesure.com\\\/#organization\"},\"potentialAction\":[{\"@type\":\"SearchAction\",\"target\":{\"@type\":\"EntryPoint\",\"urlTemplate\":\"https:\\\/\\\/www.reseau-mesure.com\\\/?s={search_term_string}\"},\"query-input\":{\"@type\":\"PropertyValueSpecification\",\"valueRequired\":true,\"valueName\":\"search_term_string\"}}],\"inLanguage\":\"de\"},{\"@type\":\"Organization\",\"@id\":\"https:\\\/\\\/www.reseau-mesure.com\\\/#organization\",\"name\":\"R\u00e9seau-Mesure\",\"url\":\"https:\\\/\\\/www.reseau-mesure.com\\\/\",\"logo\":{\"@type\":\"ImageObject\",\"inLanguage\":\"de\",\"@id\":\"https:\\\/\\\/www.reseau-mesure.com\\\/#\\\/schema\\\/logo\\\/image\\\/\",\"url\":\"https:\\\/\\\/www.reseau-mesure.com\\\/wp-content\\\/uploads\\\/2018\\\/02\\\/logo-max.png\",\"contentUrl\":\"https:\\\/\\\/www.reseau-mesure.com\\\/wp-content\\\/uploads\\\/2018\\\/02\\\/logo-max.png\",\"width\":545,\"height\":285,\"caption\":\"R\u00e9seau-Mesure\"},\"image\":{\"@id\":\"https:\\\/\\\/www.reseau-mesure.com\\\/#\\\/schema\\\/logo\\\/image\\\/\"},\"sameAs\":[\"https:\\\/\\\/www.facebook.com\\\/reseaumesure\\\/\",\"https:\\\/\\\/x.com\\\/ReseauMesure\",\"https:\\\/\\\/www.linkedin.com\\\/company\\\/reseau-mesure\\\/\"]}]}<\/script>\n<!-- \/ Yoast SEO plugin. -->","yoast_head_json":{"title":"Adh\u00e9rer au R\u00e9seau Mesure, Pourquoi ? - R\u00e9seau Mesure","description":"Adh\u00e9rer au R\u00e9seau Mesure est une solution simple et efficace de developper votre activit\u00e9 au quotidien en b\u00e9n\u00e9ficiant de la force d'un R\u00e9seau.","robots":{"index":"index","follow":"follow","max-snippet":"max-snippet:-1","max-image-preview":"max-image-preview:large","max-video-preview":"max-video-preview:-1"},"canonical":"https:\/\/www.reseau-mesure.com\/de\/pourquoi-adherer\/","og_locale":"de_DE","og_type":"article","og_title":"Adh\u00e9rer au R\u00e9seau Mesure, Pourquoi ? - R\u00e9seau Mesure","og_description":"Adh\u00e9rer au R\u00e9seau Mesure est une solution simple et efficace de developper votre activit\u00e9 au quotidien en b\u00e9n\u00e9ficiant de la force d'un R\u00e9seau.","og_url":"https:\/\/www.reseau-mesure.com\/de\/pourquoi-adherer\/","og_site_name":"R\u00e9seau Mesure","article_publisher":"https:\/\/www.facebook.com\/reseaumesure\/","article_modified_time":"2019-08-22T13:47:36+00:00","og_image":[{"url":"https:\/\/www.reseau-mesure.com\/wp-content\/uploads\/2018\/11\/shutterstock_344824130-300x182.jpg","type":"","width":"","height":""}],"twitter_card":"summary_large_image","twitter_site":"@ReseauMesure","twitter_misc":{"Gesch\u00e4tzte Lesezeit":"1\u00a0Minute"},"schema":{"@context":"https:\/\/schema.org","@graph":[{"@type":"WebPage","@id":"https:\/\/www.reseau-mesure.com\/pourquoi-adherer\/","url":"https:\/\/www.reseau-mesure.com\/pourquoi-adherer\/","name":"Adh\u00e9rer au R\u00e9seau Mesure, Pourquoi ? - R\u00e9seau Mesure","isPartOf":{"@id":"https:\/\/www.reseau-mesure.com\/#website"},"primaryImageOfPage":{"@id":"https:\/\/www.reseau-mesure.com\/pourquoi-adherer\/#primaryimage"},"image":{"@id":"https:\/\/www.reseau-mesure.com\/pourquoi-adherer\/#primaryimage"},"thumbnailUrl":"https:\/\/www.reseau-mesure.com\/wp-content\/uploads\/2018\/11\/shutterstock_344824130-300x182.jpg","datePublished":"2018-01-10T07:44:48+00:00","dateModified":"2019-08-22T13:47:36+00:00","description":"Adh\u00e9rer au R\u00e9seau Mesure est une solution simple et efficace de developper votre activit\u00e9 au quotidien en b\u00e9n\u00e9ficiant de la force d'un R\u00e9seau.","breadcrumb":{"@id":"https:\/\/www.reseau-mesure.com\/pourquoi-adherer\/#breadcrumb"},"inLanguage":"de","potentialAction":[{"@type":"ReadAction","target":["https:\/\/www.reseau-mesure.com\/pourquoi-adherer\/"]}]},{"@type":"ImageObject","inLanguage":"de","@id":"https:\/\/www.reseau-mesure.com\/pourquoi-adherer\/#primaryimage","url":"https:\/\/www.reseau-mesure.com\/wp-content\/uploads\/2018\/11\/shutterstock_344824130-300x182.jpg","contentUrl":"https:\/\/www.reseau-mesure.com\/wp-content\/uploads\/2018\/11\/shutterstock_344824130-300x182.jpg"},{"@type":"BreadcrumbList","@id":"https:\/\/www.reseau-mesure.com\/pourquoi-adherer\/#breadcrumb","itemListElement":[{"@type":"ListItem","position":1,"name":"Accueil","item":"https:\/\/www.reseau-mesure.com\/"},{"@type":"ListItem","position":2,"name":"Adh\u00e9rer au R\u00e9seau Mesure, Pourquoi ?"}]},{"@type":"WebSite","@id":"https:\/\/www.reseau-mesure.com\/#website","url":"https:\/\/www.reseau-mesure.com\/","name":"Netzwerk-Messung","description":"Netzwerkma\u00dfnahme","publisher":{"@id":"https:\/\/www.reseau-mesure.com\/#organization"},"potentialAction":[{"@type":"SearchAction","target":{"@type":"EntryPoint","urlTemplate":"https:\/\/www.reseau-mesure.com\/?s={search_term_string}"},"query-input":{"@type":"PropertyValueSpecification","valueRequired":true,"valueName":"search_term_string"}}],"inLanguage":"de"},{"@type":"Organization","@id":"https:\/\/www.reseau-mesure.com\/#organization","name":"Netzwerk-Messung","url":"https:\/\/www.reseau-mesure.com\/","logo":{"@type":"ImageObject","inLanguage":"de","@id":"https:\/\/www.reseau-mesure.com\/#\/schema\/logo\/image\/","url":"https:\/\/www.reseau-mesure.com\/wp-content\/uploads\/2018\/02\/logo-max.png","contentUrl":"https:\/\/www.reseau-mesure.com\/wp-content\/uploads\/2018\/02\/logo-max.png","width":545,"height":285,"caption":"R\u00e9seau-Mesure"},"image":{"@id":"https:\/\/www.reseau-mesure.com\/#\/schema\/logo\/image\/"},"sameAs":["https:\/\/www.facebook.com\/reseaumesure\/","https:\/\/x.com\/ReseauMesure","https:\/\/www.linkedin.com\/company\/reseau-mesure\/"]}]}},"_links":{"self":[{"href":"https:\/\/www.reseau-mesure.com\/de\/wp-json\/wp\/v2\/pages\/666","targetHints":{"allow":["GET"]}}],"collection":[{"href":"https:\/\/www.reseau-mesure.com\/de\/wp-json\/wp\/v2\/pages"}],"about":[{"href":"https:\/\/www.reseau-mesure.com\/de\/wp-json\/wp\/v2\/types\/page"}],"author":[{"embeddable":true,"href":"https:\/\/www.reseau-mesure.com\/de\/wp-json\/wp\/v2\/users\/685"}],"replies":[{"embeddable":true,"href":"https:\/\/www.reseau-mesure.com\/de\/wp-json\/wp\/v2\/comments?post=666"}],"version-history":[{"count":0,"href":"https:\/\/www.reseau-mesure.com\/de\/wp-json\/wp\/v2\/pages\/666\/revisions"}],"wp:attachment":[{"href":"https:\/\/www.reseau-mesure.com\/de\/wp-json\/wp\/v2\/media?parent=666"}],"curies":[{"name":"wp","href":"https:\/\/api.w.org\/{rel}","templated":true}]}}