{"id":6678,"date":"2019-04-09T11:17:28","date_gmt":"2019-04-09T09:17:28","guid":{"rendered":"https:\/\/www.reseau-mesure.com\/?page_id=6678"},"modified":"2019-04-09T11:21:31","modified_gmt":"2019-04-09T09:21:31","slug":"lactualite-des-drones","status":"publish","type":"page","link":"https:\/\/www.reseau-mesure.com\/de\/lactualite-des-drones\/","title":{"rendered":"Drohnen-News"},"content":{"rendered":"<p>\t\t\t\t<img loading=\"lazy\" decoding=\"async\" src=\"https:\/\/www.reseau-mesure.com\/wp-content\/uploads\/2018\/01\/Image1.png\" alt=\"Drone\" itemprop=\"image\" height=\"150\" width=\"346\" title=\"Bild1\" onerror=\"this.style.display='none'\"  \/><br \/>\n\t\t\t\t<img loading=\"lazy\" decoding=\"async\" src=\"https:\/\/www.reseau-mesure.com\/wp-content\/uploads\/2018\/01\/logo_astech.png\" alt=\"logo_astech\" itemprop=\"image\" height=\"250\" width=\"250\" title=\"logo_astech\" onerror=\"this.style.display='none'\"  \/><\/p>\n<h1><strong>Drohnen-News<\/strong><\/h1>\n<h2>Informationen des Astech Competitiveness Cluster<br \/>\n01 04 2019<\/h2>\n<p>&nbsp;<\/p>\n<h3><strong>Drohnen zur Beobachtung von H\u00f6hlen auf dem Mars und auf dem Mond<\/strong><\/h3>\n<p>Ein 3D-Plan einer H\u00f6hle in Island wurde mit Drohnen erstellt, die mit einem LiDAR-Sensor ausgestattet waren. Diese Technik k\u00f6nnte es erm\u00f6glichen, ein \u00e4hnliches System zur Beobachtung von Hohlr\u00e4umen auf dem Mars und auf dem Mond einzurichten.<\/p>\n<p><a href=\"http:\/\/www.apps-drones.com\/des-drones-pour-observer-les-grottes-sur-mars-et-sur-la-lune-121915\" target=\"_blank\" rel=\"noopener\">Mehr erfahren<\/a><\/p>\n<h3><strong>Drohnen: Die Europ\u00e4ische Kommission verabschiedet neue Regeln<\/strong><\/h3>\n<p>Die Europ\u00e4ische Kommission hat neue Regeln f\u00fcr den Einsatz von Drohnen verabschiedet. Das Ziel? St\u00e4rkung der Flugsicherheit, um die Entwicklung dieses T\u00e4tigkeitsbereichs zu erm\u00f6glichen und damit die soziale Akzeptanz dieser Technologie zu f\u00f6rdern.<\/p>\n<p><a href=\"http:\/\/www.apps-drones.com\/drones-la-commission-europeenne-adopte-des-nouvelles-regles-121431\" target=\"_blank\" rel=\"noopener\">Mehr erfahren<\/a><\/p>","protected":false},"excerpt":{"rendered":"<p>Drohnen-News Informationen des Astech Competitiveness Cluster 01 04 2019 Drohnen zur Beobachtung von H\u00f6hlen auf dem Mars und auf dem Mond Mit Drohnen, die mit einem Sensor ausgestattet sind, wurde ein 3D-Plan einer H\u00f6hle in Island erstellt LiDAR. Diese Technik k\u00f6nnte es erm\u00f6glichen, eine ...<\/p>","protected":false},"author":685,"featured_media":0,"parent":0,"menu_order":0,"comment_status":"closed","ping_status":"closed","template":"","meta":{"_acf_changed":false,"footnotes":""},"class_list":["post-6678","page","type-page","status-publish","hentry"],"acf":[],"yoast_head":"<!-- This site is optimized with the Yoast SEO plugin v27.5 - https:\/\/yoast.com\/product\/yoast-seo-wordpress\/ -->\n<title>L\u2019actualit\u00e9 des drones - R\u00e9seau Mesure<\/title>\n<meta name=\"robots\" content=\"index, follow, max-snippet:-1, max-image-preview:large, max-video-preview:-1\" \/>\n<link rel=\"canonical\" href=\"https:\/\/www.reseau-mesure.com\/de\/lactualite-des-drones\/\" \/>\n<meta property=\"og:locale\" content=\"de_DE\" \/>\n<meta property=\"og:type\" content=\"article\" \/>\n<meta property=\"og:title\" content=\"L\u2019actualit\u00e9 des drones - R\u00e9seau Mesure\" \/>\n<meta property=\"og:description\" content=\"L\u2019actualit\u00e9 des drones Information transmise par le p\u00f4le de Comp\u00e9titivit\u00e9 Astech 01 04 2019 &nbsp; Des drones pour observer les grottes sur Mars et sur la Lune Un plan 3D d\u2019une grotte en Islande a pu \u00eatre r\u00e9alis\u00e9 gr\u00e2ce \u00e0 des drones \u00e9quip\u00e9s d\u2019un capteur LiDAR. Cette technique pourrait permettre de mettre en place un&hellip;\" \/>\n<meta property=\"og:url\" content=\"https:\/\/www.reseau-mesure.com\/de\/lactualite-des-drones\/\" \/>\n<meta property=\"og:site_name\" content=\"R\u00e9seau Mesure\" \/>\n<meta property=\"article:publisher\" content=\"https:\/\/www.facebook.com\/reseaumesure\/\" \/>\n<meta property=\"article:modified_time\" content=\"2019-04-09T09:21:31+00:00\" \/>\n<meta property=\"og:image\" content=\"https:\/\/www.reseau-mesure.com\/wp-content\/uploads\/2018\/01\/Image1.png\" \/>\n<meta name=\"twitter:card\" content=\"summary_large_image\" \/>\n<meta name=\"twitter:site\" content=\"@ReseauMesure\" \/>\n<meta name=\"twitter:label1\" content=\"Gesch\u00e4tzte Lesezeit\" \/>\n\t<meta name=\"twitter:data1\" content=\"1\u00a0Minute\" \/>\n<script type=\"application\/ld+json\" class=\"yoast-schema-graph\">{\"@context\":\"https:\\\/\\\/schema.org\",\"@graph\":[{\"@type\":\"WebPage\",\"@id\":\"https:\\\/\\\/www.reseau-mesure.com\\\/lactualite-des-drones\\\/\",\"url\":\"https:\\\/\\\/www.reseau-mesure.com\\\/lactualite-des-drones\\\/\",\"name\":\"L\u2019actualit\u00e9 des drones - R\u00e9seau Mesure\",\"isPartOf\":{\"@id\":\"https:\\\/\\\/www.reseau-mesure.com\\\/#website\"},\"primaryImageOfPage\":{\"@id\":\"https:\\\/\\\/www.reseau-mesure.com\\\/lactualite-des-drones\\\/#primaryimage\"},\"image\":{\"@id\":\"https:\\\/\\\/www.reseau-mesure.com\\\/lactualite-des-drones\\\/#primaryimage\"},\"thumbnailUrl\":\"https:\\\/\\\/www.reseau-mesure.com\\\/wp-content\\\/uploads\\\/2018\\\/01\\\/Image1.png\",\"datePublished\":\"2019-04-09T09:17:28+00:00\",\"dateModified\":\"2019-04-09T09:21:31+00:00\",\"breadcrumb\":{\"@id\":\"https:\\\/\\\/www.reseau-mesure.com\\\/lactualite-des-drones\\\/#breadcrumb\"},\"inLanguage\":\"de\",\"potentialAction\":[{\"@type\":\"ReadAction\",\"target\":[\"https:\\\/\\\/www.reseau-mesure.com\\\/lactualite-des-drones\\\/\"]}]},{\"@type\":\"ImageObject\",\"inLanguage\":\"de\",\"@id\":\"https:\\\/\\\/www.reseau-mesure.com\\\/lactualite-des-drones\\\/#primaryimage\",\"url\":\"https:\\\/\\\/www.reseau-mesure.com\\\/wp-content\\\/uploads\\\/2018\\\/01\\\/Image1.png\",\"contentUrl\":\"https:\\\/\\\/www.reseau-mesure.com\\\/wp-content\\\/uploads\\\/2018\\\/01\\\/Image1.png\"},{\"@type\":\"BreadcrumbList\",\"@id\":\"https:\\\/\\\/www.reseau-mesure.com\\\/lactualite-des-drones\\\/#breadcrumb\",\"itemListElement\":[{\"@type\":\"ListItem\",\"position\":1,\"name\":\"Accueil\",\"item\":\"https:\\\/\\\/www.reseau-mesure.com\\\/\"},{\"@type\":\"ListItem\",\"position\":2,\"name\":\"L\u2019actualit\u00e9 des drones\"}]},{\"@type\":\"WebSite\",\"@id\":\"https:\\\/\\\/www.reseau-mesure.com\\\/#website\",\"url\":\"https:\\\/\\\/www.reseau-mesure.com\\\/\",\"name\":\"R\u00e9seau-Mesure\",\"description\":\"R\u00e9seau Mesure\",\"publisher\":{\"@id\":\"https:\\\/\\\/www.reseau-mesure.com\\\/#organization\"},\"potentialAction\":[{\"@type\":\"SearchAction\",\"target\":{\"@type\":\"EntryPoint\",\"urlTemplate\":\"https:\\\/\\\/www.reseau-mesure.com\\\/?s={search_term_string}\"},\"query-input\":{\"@type\":\"PropertyValueSpecification\",\"valueRequired\":true,\"valueName\":\"search_term_string\"}}],\"inLanguage\":\"de\"},{\"@type\":\"Organization\",\"@id\":\"https:\\\/\\\/www.reseau-mesure.com\\\/#organization\",\"name\":\"R\u00e9seau-Mesure\",\"url\":\"https:\\\/\\\/www.reseau-mesure.com\\\/\",\"logo\":{\"@type\":\"ImageObject\",\"inLanguage\":\"de\",\"@id\":\"https:\\\/\\\/www.reseau-mesure.com\\\/#\\\/schema\\\/logo\\\/image\\\/\",\"url\":\"https:\\\/\\\/www.reseau-mesure.com\\\/wp-content\\\/uploads\\\/2018\\\/02\\\/logo-max.png\",\"contentUrl\":\"https:\\\/\\\/www.reseau-mesure.com\\\/wp-content\\\/uploads\\\/2018\\\/02\\\/logo-max.png\",\"width\":545,\"height\":285,\"caption\":\"R\u00e9seau-Mesure\"},\"image\":{\"@id\":\"https:\\\/\\\/www.reseau-mesure.com\\\/#\\\/schema\\\/logo\\\/image\\\/\"},\"sameAs\":[\"https:\\\/\\\/www.facebook.com\\\/reseaumesure\\\/\",\"https:\\\/\\\/x.com\\\/ReseauMesure\",\"https:\\\/\\\/www.linkedin.com\\\/company\\\/reseau-mesure\\\/\"]}]}<\/script>\n<!-- \/ Yoast SEO plugin. -->","yoast_head_json":{"title":"L\u2019actualit\u00e9 des drones - R\u00e9seau Mesure","robots":{"index":"index","follow":"follow","max-snippet":"max-snippet:-1","max-image-preview":"max-image-preview:large","max-video-preview":"max-video-preview:-1"},"canonical":"https:\/\/www.reseau-mesure.com\/de\/lactualite-des-drones\/","og_locale":"de_DE","og_type":"article","og_title":"L\u2019actualit\u00e9 des drones - R\u00e9seau Mesure","og_description":"L\u2019actualit\u00e9 des drones Information transmise par le p\u00f4le de Comp\u00e9titivit\u00e9 Astech 01 04 2019 &nbsp; Des drones pour observer les grottes sur Mars et sur la Lune Un plan 3D d\u2019une grotte en Islande a pu \u00eatre r\u00e9alis\u00e9 gr\u00e2ce \u00e0 des drones \u00e9quip\u00e9s d\u2019un capteur LiDAR. Cette technique pourrait permettre de mettre en place un&hellip;","og_url":"https:\/\/www.reseau-mesure.com\/de\/lactualite-des-drones\/","og_site_name":"R\u00e9seau Mesure","article_publisher":"https:\/\/www.facebook.com\/reseaumesure\/","article_modified_time":"2019-04-09T09:21:31+00:00","og_image":[{"url":"https:\/\/www.reseau-mesure.com\/wp-content\/uploads\/2018\/01\/Image1.png","type":"","width":"","height":""}],"twitter_card":"summary_large_image","twitter_site":"@ReseauMesure","twitter_misc":{"Gesch\u00e4tzte Lesezeit":"1\u00a0Minute"},"schema":{"@context":"https:\/\/schema.org","@graph":[{"@type":"WebPage","@id":"https:\/\/www.reseau-mesure.com\/lactualite-des-drones\/","url":"https:\/\/www.reseau-mesure.com\/lactualite-des-drones\/","name":"L\u2019actualit\u00e9 des drones - R\u00e9seau Mesure","isPartOf":{"@id":"https:\/\/www.reseau-mesure.com\/#website"},"primaryImageOfPage":{"@id":"https:\/\/www.reseau-mesure.com\/lactualite-des-drones\/#primaryimage"},"image":{"@id":"https:\/\/www.reseau-mesure.com\/lactualite-des-drones\/#primaryimage"},"thumbnailUrl":"https:\/\/www.reseau-mesure.com\/wp-content\/uploads\/2018\/01\/Image1.png","datePublished":"2019-04-09T09:17:28+00:00","dateModified":"2019-04-09T09:21:31+00:00","breadcrumb":{"@id":"https:\/\/www.reseau-mesure.com\/lactualite-des-drones\/#breadcrumb"},"inLanguage":"de","potentialAction":[{"@type":"ReadAction","target":["https:\/\/www.reseau-mesure.com\/lactualite-des-drones\/"]}]},{"@type":"ImageObject","inLanguage":"de","@id":"https:\/\/www.reseau-mesure.com\/lactualite-des-drones\/#primaryimage","url":"https:\/\/www.reseau-mesure.com\/wp-content\/uploads\/2018\/01\/Image1.png","contentUrl":"https:\/\/www.reseau-mesure.com\/wp-content\/uploads\/2018\/01\/Image1.png"},{"@type":"BreadcrumbList","@id":"https:\/\/www.reseau-mesure.com\/lactualite-des-drones\/#breadcrumb","itemListElement":[{"@type":"ListItem","position":1,"name":"Accueil","item":"https:\/\/www.reseau-mesure.com\/"},{"@type":"ListItem","position":2,"name":"L\u2019actualit\u00e9 des drones"}]},{"@type":"WebSite","@id":"https:\/\/www.reseau-mesure.com\/#website","url":"https:\/\/www.reseau-mesure.com\/","name":"Netzwerk-Messung","description":"Netzwerkma\u00dfnahme","publisher":{"@id":"https:\/\/www.reseau-mesure.com\/#organization"},"potentialAction":[{"@type":"SearchAction","target":{"@type":"EntryPoint","urlTemplate":"https:\/\/www.reseau-mesure.com\/?s={search_term_string}"},"query-input":{"@type":"PropertyValueSpecification","valueRequired":true,"valueName":"search_term_string"}}],"inLanguage":"de"},{"@type":"Organization","@id":"https:\/\/www.reseau-mesure.com\/#organization","name":"Netzwerk-Messung","url":"https:\/\/www.reseau-mesure.com\/","logo":{"@type":"ImageObject","inLanguage":"de","@id":"https:\/\/www.reseau-mesure.com\/#\/schema\/logo\/image\/","url":"https:\/\/www.reseau-mesure.com\/wp-content\/uploads\/2018\/02\/logo-max.png","contentUrl":"https:\/\/www.reseau-mesure.com\/wp-content\/uploads\/2018\/02\/logo-max.png","width":545,"height":285,"caption":"R\u00e9seau-Mesure"},"image":{"@id":"https:\/\/www.reseau-mesure.com\/#\/schema\/logo\/image\/"},"sameAs":["https:\/\/www.facebook.com\/reseaumesure\/","https:\/\/x.com\/ReseauMesure","https:\/\/www.linkedin.com\/company\/reseau-mesure\/"]}]}},"_links":{"self":[{"href":"https:\/\/www.reseau-mesure.com\/de\/wp-json\/wp\/v2\/pages\/6678","targetHints":{"allow":["GET"]}}],"collection":[{"href":"https:\/\/www.reseau-mesure.com\/de\/wp-json\/wp\/v2\/pages"}],"about":[{"href":"https:\/\/www.reseau-mesure.com\/de\/wp-json\/wp\/v2\/types\/page"}],"author":[{"embeddable":true,"href":"https:\/\/www.reseau-mesure.com\/de\/wp-json\/wp\/v2\/users\/685"}],"replies":[{"embeddable":true,"href":"https:\/\/www.reseau-mesure.com\/de\/wp-json\/wp\/v2\/comments?post=6678"}],"version-history":[{"count":0,"href":"https:\/\/www.reseau-mesure.com\/de\/wp-json\/wp\/v2\/pages\/6678\/revisions"}],"wp:attachment":[{"href":"https:\/\/www.reseau-mesure.com\/de\/wp-json\/wp\/v2\/media?parent=6678"}],"curies":[{"name":"wp","href":"https:\/\/api.w.org\/{rel}","templated":true}]}}