{"id":6695,"date":"2019-04-12T11:26:47","date_gmt":"2019-04-12T09:26:47","guid":{"rendered":"https:\/\/www.reseau-mesure.com\/?page_id=6695"},"modified":"2023-10-12T07:36:11","modified_gmt":"2023-10-12T05:36:11","slug":"f-iniciativas","status":"publish","type":"page","link":"https:\/\/www.reseau-mesure.com\/de\/f-iniciativas\/","title":{"rendered":"F. Iniciativas"},"content":{"rendered":"<img loading=\"lazy\" decoding=\"async\" src=\"https:\/\/www.reseau-mesure.com\/wp-content\/uploads\/2019\/04\/logo-F.Iniciativas.jpg\" alt=\"logo F.Iniciativas\" itemprop=\"image\" height=\"105\" width=\"146\" title=\"F. Iniciativas Logo\" onerror=\"this.style.display='none'\"  \/>\n\t\t\t\t<img loading=\"lazy\" decoding=\"async\" src=\"https:\/\/www.reseau-mesure.com\/wp-content\/uploads\/2019\/04\/logo3.jpg\" alt=\"f iniciativas bureau veritas\" itemprop=\"image\" height=\"152\" width=\"270\" title=\"f iniciativas office veritas\" onerror=\"this.style.display='none'\"  \/>\n\t\t\t\t<img loading=\"lazy\" decoding=\"async\" src=\"https:\/\/www.reseau-mesure.com\/wp-content\/uploads\/2019\/04\/logo-2.png\" alt=\"F Inititivas conseil en CIR\" itemprop=\"image\" height=\"140\" width=\"110\" title=\"F Inititivas CIR-Beratung\" onerror=\"this.style.display='none'\"  \/>\n\t\n<p>&nbsp;<\/p>\n<h1><strong>Innovationsfinanzierungsl\u00f6sung<\/strong><\/h1>\n<p>&nbsp;<\/p>\n<h2>Im Rahmen der Arbeit der Einkaufsgruppe bietet das Messnetzwerk seinen Mitgliedern eine Unterst\u00fctzungsl\u00f6sung zur Finanzierung von Innovationen zu Vorzugsbedingungen.<\/h2>\n<p>&nbsp;<\/p>\n<p>Als Experte f\u00fcr F&amp;E bietet F. Iniciativas seinen Kunden 360\u00b0 Innovationsunterst\u00fctzung:<\/p>\n<ul>\n<li>Steuergutschrift f\u00fcr Forschung<\/li>\n<li>Innovationssteuergutschrift<\/li>\n<li>Young Innovative Company &amp; CIR &amp; CII Zulassungen<\/li>\n<li>Hilfe &amp; Subventionen<\/li>\n<li>Ausbildung<\/li>\n<li>Innovationsmanagement<\/li>\n<\/ul>\n<h3><strong>CIR &amp; CII<\/strong><\/h3>\n<p>\u00dcbernahme aller Schritte rund um die Deklaration Ihres CIR \/ CII: Definition der <strong>f\u00f6rderf\u00e4higer Umfang <\/strong>(F &amp; E \/ Innovation), <strong>finanzielle Bewertung,<\/strong> <strong>Schreiben <\/strong>unterst\u00fctzende Zusammenfassungen, <strong>Begleitung<\/strong> im Falle einer Steuerpr\u00fcfung.<\/p>\n<h3><strong>JUNGES INNOVATIVES UNTERNEHMEN<\/strong><\/h3>\n<p>Du bist ein <strong>Unabh\u00e4ngiges KMU <\/strong>weniger als 8 Jahre alt und 15% Ihrer Ausgaben werden f\u00fcr F &amp; E-Arbeiten verwendet?<strong> Dieser Service ist f\u00fcr Sie gemacht!<\/strong><\/p>\n<h3><strong>AID &amp; SUBVENTIONEN<\/strong><\/h3>\n<p>In dem Labyrinth der \u00f6ffentlichen Beihilfen f\u00fcr Innovation zielt F. Iniciativas <strong>das Ger\u00e4t<\/strong> <strong>besser geeignet f\u00fcr Projekte <\/strong>seiner Kunden und <strong>maximiert<\/strong> <strong>Erfolgschancen. <\/strong>F. Iniciativas unterst\u00fctzt daher Strukturen jeder Gr\u00f6\u00dfe in dieser sehr strukturierten \u00dcbung, n\u00e4mlich der Beantragung eines Finanzierungsmechanismus.<\/p>\n<h3><strong>INTERNATIONALE SYSTEME \/ BPI-EXPORTVERSICHERUNG<\/strong><\/h3>\n<p>Iniciativas unterst\u00fctzt KMU und Mid-Cap-Unternehmen im Hinblick auf <strong>minimieren die<\/strong> <strong>finanzielle Risiken<\/strong> <strong>w\u00e4hrend ihrer Prospektion<\/strong> <strong>kommerziell <\/strong>auf neuen internationalen M\u00e4rkten. Ziel ist es, Ihre Auslandsaktionen zu organisieren, zu strukturieren und zu budgetieren, um die effektive Unterst\u00fctzung von BPI Export zu erhalten.<\/p>\n<h3><strong>AUSBILDUNG<\/strong><\/h3>\n<p>FI University bietet Ihnen <strong>ma\u00dfgeschneiderte Ausbildung,<\/strong> spezialisiert auf <strong>die Experten<\/strong> <strong>Buchhalter, Wirtschaftspr\u00fcfer<\/strong> <strong>auf die Konten, <\/strong>aber auch f\u00fcr <strong>Startups.<\/strong><\/p>\n<h3><strong>INNOVATIONSMANAGEMENT<\/strong><\/h3>\n<p><strong>Kollektive Intelligenz f\u00f6rdern <\/strong>indem Sie Ihre Mitarbeiter einbeziehen, um <strong>Wertsch\u00f6pfung durch Innovation. <\/strong>Innovationsmanagement erm\u00f6glicht es Ihnen, Ihre Leistung zu verbessern und die zuk\u00fcnftigen Anforderungen Ihres Marktes zu verstehen.<\/p>\n<p>&nbsp;<\/p>\n<h2><strong><u>Die f\u00fcr Mitglieder des Messnetzwerks reservierten Bedingungen:<\/u><\/strong><\/h2>\n<p><strong>Iniciativas bietet freundlicherweise an:<\/strong><\/p>\n<ul>\n<li><strong><u>Un Audit d&rsquo;\u00e9ligibilit\u00e9 (Cr\u00e9dit d&rsquo;Imp\u00f4t Recherche \/ Innovation \/ Statut JEI)\u00a0:<\/u><\/strong><\/li>\n<\/ul>\n<ul>\n<li>Fachlicher Austausch zu den Hauptgrunds\u00e4tzen der Eignung f\u00fcr das System (wissenschaftliche Neuheit, Unsicherheiten, Ressourcen und Ansatz)<\/li>\n<li>Definition des F\u00f6rderbereichs (f\u00f6rderf\u00e4hige Phasen, thematische Gruppierung)<\/li>\n<li>Redaktionelle Empfehlungen und Sch\u00e4tzung des Bewertungspotenzials<\/li>\n<\/ul>\n<p><em>A l&rsquo;issue du pr\u00e9 audit, restitution d&rsquo;un compte rendu succinct par mail afin de situer l&rsquo;adh\u00e9rent par rapport aux dispositifs et d&rsquo;estimer les montants d&rsquo;aides potentielles<\/em><\/p>\n<p>&nbsp;<\/p>\n<ul>\n<li><strong><u>Un Audit de vuln\u00e9rabilit\u00e9 (Cr\u00e9dit d&rsquo;Imp\u00f4t Recherche \/ Innovation)\u00a0:<\/u><\/strong><\/li>\n<\/ul>\n<p>&nbsp;<\/p>\n<ul>\n<li>Untersuchung der F\u00f6rderf\u00e4higkeit und der Projektergebnisse (CIR): Globale Vision der Qualit\u00e4t des Formalismus der Projektergebnisse\n<ul>\n<li>Risikoanalyse ausgew\u00e4hlter Projekte<\/li>\n<li>Empfohlene Sicherheitsma\u00dfnahmen<\/li>\n<li>Hypoth\u00e8ses d&rsquo;optimisation<\/li>\n<\/ul>\n<\/li>\n<\/ul>\n<ul>\n<li>\u00dcberpr\u00fcfung des CIR-Prozesses im Unternehmen<\/li>\n<li>Empfehlungen und Aktionsplan:\n<ul>\n<li>Allgemeine Schlussfolgerung zur Qualit\u00e4t der Datei<\/li>\n<li>Estimation d&rsquo;un niveau de vuln\u00e9rabilit\u00e9<\/li>\n<\/ul>\n<\/li>\n<\/ul>\n<p><em>\u00a0<\/em><em>A l&rsquo;issu du pr\u00e9 audit, restitution \u00e0 l&rsquo;oral de nos commentaires et pr\u00e9conisations sous forme d&rsquo;entretien t\u00e9l\u00e9phonique avec l&rsquo;adh\u00e9rent.<\/em><\/p>\n<p><strong>\u00a0<\/strong><\/p>\n<p><strong>Kontakt<\/strong><\/p>\n<p>Abel WORMSER<\/p>\n<p>Verkaufsleiter<\/p>\n<p>B\u00fcro in Lyon<\/p>\n<p>+33 4 81 09 07 54 - M. +33 6 18 21 39 34<\/p>\n<p>abel.wormser@f-iniciativas.fr<\/p>\n\n\t\t\t<a href=\"https:\/\/www.reseau-mesure.com\/wp-content\/uploads\/2019\/04\/Protocole-FINICIATIVAS-2019-R\u00e9seau-Mesure-.docx\" target=\"_self\" role=\"button\" rel=\"noopener\">\n\t\t\t\t\t\t\tIch lade das Protokoll herunter, um von der kostenlosen Pr\u00fcfung zu profitieren\n\t\t\t\t\t<\/a>","protected":false},"excerpt":{"rendered":"<p>&nbsp; Solution de financement de l&rsquo;innovation &nbsp; Dans le cadre des travaux du groupe achats, le R\u00e9seau Mesure propose \u00e0 ses adh\u00e9rents une solution d&rsquo;accompagnement de financement de l&rsquo;innovation \u00e0 des conditions pr\u00e9f\u00e9rentielles. &nbsp; En tant qu&rsquo;expert de la R&amp;D, F. Iniciativas propose un accompagnement innovation \u00e0 360\u00b0 pour ses clients : Cr\u00e9dit d&rsquo;Imp\u00f4t Recherche&hellip;<\/p>","protected":false},"author":685,"featured_media":0,"parent":0,"menu_order":0,"comment_status":"closed","ping_status":"closed","template":"","meta":{"_acf_changed":false,"footnotes":""},"class_list":["post-6695","page","type-page","status-publish","hentry"],"acf":[],"yoast_head":"<!-- This site is optimized with the Yoast SEO plugin v27.5 - https:\/\/yoast.com\/product\/yoast-seo-wordpress\/ -->\n<title>F.Iniciativas - R\u00e9seau Mesure<\/title>\n<meta name=\"robots\" content=\"index, follow, max-snippet:-1, max-image-preview:large, max-video-preview:-1\" \/>\n<link rel=\"canonical\" href=\"https:\/\/www.reseau-mesure.com\/de\/f-iniciativas\/\" \/>\n<meta property=\"og:locale\" content=\"de_DE\" \/>\n<meta property=\"og:type\" content=\"article\" \/>\n<meta property=\"og:title\" content=\"F.Iniciativas - R\u00e9seau Mesure\" \/>\n<meta property=\"og:description\" content=\"&nbsp; Solution de financement de l&rsquo;innovation &nbsp; Dans le cadre des travaux du groupe achats, le R\u00e9seau Mesure propose \u00e0 ses adh\u00e9rents une solution d&rsquo;accompagnement de financement de l&rsquo;innovation \u00e0 des conditions pr\u00e9f\u00e9rentielles. &nbsp; En tant qu&rsquo;expert de la R&amp;D, F. Iniciativas propose un accompagnement innovation \u00e0 360\u00b0 pour ses clients : Cr\u00e9dit d&rsquo;Imp\u00f4t Recherche&hellip;\" \/>\n<meta property=\"og:url\" content=\"https:\/\/www.reseau-mesure.com\/de\/f-iniciativas\/\" \/>\n<meta property=\"og:site_name\" content=\"R\u00e9seau Mesure\" \/>\n<meta property=\"article:publisher\" content=\"https:\/\/www.facebook.com\/reseaumesure\/\" \/>\n<meta property=\"article:modified_time\" content=\"2023-10-12T05:36:11+00:00\" \/>\n<meta property=\"og:image\" content=\"https:\/\/www.reseau-mesure.com\/wp-content\/uploads\/2019\/04\/logo-F.Iniciativas.jpg\" \/>\n<meta name=\"twitter:card\" content=\"summary_large_image\" \/>\n<meta name=\"twitter:site\" content=\"@ReseauMesure\" \/>\n<meta name=\"twitter:label1\" content=\"Gesch\u00e4tzte Lesezeit\" \/>\n\t<meta name=\"twitter:data1\" content=\"3\u00a0Minuten\" \/>\n<script type=\"application\/ld+json\" class=\"yoast-schema-graph\">{\"@context\":\"https:\\\/\\\/schema.org\",\"@graph\":[{\"@type\":\"WebPage\",\"@id\":\"https:\\\/\\\/www.reseau-mesure.com\\\/f-iniciativas\\\/\",\"url\":\"https:\\\/\\\/www.reseau-mesure.com\\\/f-iniciativas\\\/\",\"name\":\"F.Iniciativas - R\u00e9seau Mesure\",\"isPartOf\":{\"@id\":\"https:\\\/\\\/www.reseau-mesure.com\\\/#website\"},\"primaryImageOfPage\":{\"@id\":\"https:\\\/\\\/www.reseau-mesure.com\\\/f-iniciativas\\\/#primaryimage\"},\"image\":{\"@id\":\"https:\\\/\\\/www.reseau-mesure.com\\\/f-iniciativas\\\/#primaryimage\"},\"thumbnailUrl\":\"https:\\\/\\\/www.reseau-mesure.com\\\/wp-content\\\/uploads\\\/2019\\\/04\\\/logo-F.Iniciativas.jpg\",\"datePublished\":\"2019-04-12T09:26:47+00:00\",\"dateModified\":\"2023-10-12T05:36:11+00:00\",\"breadcrumb\":{\"@id\":\"https:\\\/\\\/www.reseau-mesure.com\\\/f-iniciativas\\\/#breadcrumb\"},\"inLanguage\":\"de\",\"potentialAction\":[{\"@type\":\"ReadAction\",\"target\":[\"https:\\\/\\\/www.reseau-mesure.com\\\/f-iniciativas\\\/\"]}]},{\"@type\":\"ImageObject\",\"inLanguage\":\"de\",\"@id\":\"https:\\\/\\\/www.reseau-mesure.com\\\/f-iniciativas\\\/#primaryimage\",\"url\":\"https:\\\/\\\/www.reseau-mesure.com\\\/wp-content\\\/uploads\\\/2019\\\/04\\\/logo-F.Iniciativas.jpg\",\"contentUrl\":\"https:\\\/\\\/www.reseau-mesure.com\\\/wp-content\\\/uploads\\\/2019\\\/04\\\/logo-F.Iniciativas.jpg\"},{\"@type\":\"BreadcrumbList\",\"@id\":\"https:\\\/\\\/www.reseau-mesure.com\\\/f-iniciativas\\\/#breadcrumb\",\"itemListElement\":[{\"@type\":\"ListItem\",\"position\":1,\"name\":\"Accueil\",\"item\":\"https:\\\/\\\/www.reseau-mesure.com\\\/\"},{\"@type\":\"ListItem\",\"position\":2,\"name\":\"F.Iniciativas\"}]},{\"@type\":\"WebSite\",\"@id\":\"https:\\\/\\\/www.reseau-mesure.com\\\/#website\",\"url\":\"https:\\\/\\\/www.reseau-mesure.com\\\/\",\"name\":\"R\u00e9seau-Mesure\",\"description\":\"R\u00e9seau Mesure\",\"publisher\":{\"@id\":\"https:\\\/\\\/www.reseau-mesure.com\\\/#organization\"},\"potentialAction\":[{\"@type\":\"SearchAction\",\"target\":{\"@type\":\"EntryPoint\",\"urlTemplate\":\"https:\\\/\\\/www.reseau-mesure.com\\\/?s={search_term_string}\"},\"query-input\":{\"@type\":\"PropertyValueSpecification\",\"valueRequired\":true,\"valueName\":\"search_term_string\"}}],\"inLanguage\":\"de\"},{\"@type\":\"Organization\",\"@id\":\"https:\\\/\\\/www.reseau-mesure.com\\\/#organization\",\"name\":\"R\u00e9seau-Mesure\",\"url\":\"https:\\\/\\\/www.reseau-mesure.com\\\/\",\"logo\":{\"@type\":\"ImageObject\",\"inLanguage\":\"de\",\"@id\":\"https:\\\/\\\/www.reseau-mesure.com\\\/#\\\/schema\\\/logo\\\/image\\\/\",\"url\":\"https:\\\/\\\/www.reseau-mesure.com\\\/wp-content\\\/uploads\\\/2018\\\/02\\\/logo-max.png\",\"contentUrl\":\"https:\\\/\\\/www.reseau-mesure.com\\\/wp-content\\\/uploads\\\/2018\\\/02\\\/logo-max.png\",\"width\":545,\"height\":285,\"caption\":\"R\u00e9seau-Mesure\"},\"image\":{\"@id\":\"https:\\\/\\\/www.reseau-mesure.com\\\/#\\\/schema\\\/logo\\\/image\\\/\"},\"sameAs\":[\"https:\\\/\\\/www.facebook.com\\\/reseaumesure\\\/\",\"https:\\\/\\\/x.com\\\/ReseauMesure\",\"https:\\\/\\\/www.linkedin.com\\\/company\\\/reseau-mesure\\\/\"]}]}<\/script>\n<!-- \/ Yoast SEO plugin. -->","yoast_head_json":{"title":"F.Iniciativas - R\u00e9seau Mesure","robots":{"index":"index","follow":"follow","max-snippet":"max-snippet:-1","max-image-preview":"max-image-preview:large","max-video-preview":"max-video-preview:-1"},"canonical":"https:\/\/www.reseau-mesure.com\/de\/f-iniciativas\/","og_locale":"de_DE","og_type":"article","og_title":"F.Iniciativas - R\u00e9seau Mesure","og_description":"&nbsp; Solution de financement de l&rsquo;innovation &nbsp; Dans le cadre des travaux du groupe achats, le R\u00e9seau Mesure propose \u00e0 ses adh\u00e9rents une solution d&rsquo;accompagnement de financement de l&rsquo;innovation \u00e0 des conditions pr\u00e9f\u00e9rentielles. &nbsp; En tant qu&rsquo;expert de la R&amp;D, F. Iniciativas propose un accompagnement innovation \u00e0 360\u00b0 pour ses clients : Cr\u00e9dit d&rsquo;Imp\u00f4t Recherche&hellip;","og_url":"https:\/\/www.reseau-mesure.com\/de\/f-iniciativas\/","og_site_name":"R\u00e9seau Mesure","article_publisher":"https:\/\/www.facebook.com\/reseaumesure\/","article_modified_time":"2023-10-12T05:36:11+00:00","og_image":[{"url":"https:\/\/www.reseau-mesure.com\/wp-content\/uploads\/2019\/04\/logo-F.Iniciativas.jpg","type":"","width":"","height":""}],"twitter_card":"summary_large_image","twitter_site":"@ReseauMesure","twitter_misc":{"Gesch\u00e4tzte Lesezeit":"3\u00a0Minuten"},"schema":{"@context":"https:\/\/schema.org","@graph":[{"@type":"WebPage","@id":"https:\/\/www.reseau-mesure.com\/f-iniciativas\/","url":"https:\/\/www.reseau-mesure.com\/f-iniciativas\/","name":"F.Iniciativas - R\u00e9seau Mesure","isPartOf":{"@id":"https:\/\/www.reseau-mesure.com\/#website"},"primaryImageOfPage":{"@id":"https:\/\/www.reseau-mesure.com\/f-iniciativas\/#primaryimage"},"image":{"@id":"https:\/\/www.reseau-mesure.com\/f-iniciativas\/#primaryimage"},"thumbnailUrl":"https:\/\/www.reseau-mesure.com\/wp-content\/uploads\/2019\/04\/logo-F.Iniciativas.jpg","datePublished":"2019-04-12T09:26:47+00:00","dateModified":"2023-10-12T05:36:11+00:00","breadcrumb":{"@id":"https:\/\/www.reseau-mesure.com\/f-iniciativas\/#breadcrumb"},"inLanguage":"de","potentialAction":[{"@type":"ReadAction","target":["https:\/\/www.reseau-mesure.com\/f-iniciativas\/"]}]},{"@type":"ImageObject","inLanguage":"de","@id":"https:\/\/www.reseau-mesure.com\/f-iniciativas\/#primaryimage","url":"https:\/\/www.reseau-mesure.com\/wp-content\/uploads\/2019\/04\/logo-F.Iniciativas.jpg","contentUrl":"https:\/\/www.reseau-mesure.com\/wp-content\/uploads\/2019\/04\/logo-F.Iniciativas.jpg"},{"@type":"BreadcrumbList","@id":"https:\/\/www.reseau-mesure.com\/f-iniciativas\/#breadcrumb","itemListElement":[{"@type":"ListItem","position":1,"name":"Accueil","item":"https:\/\/www.reseau-mesure.com\/"},{"@type":"ListItem","position":2,"name":"F.Iniciativas"}]},{"@type":"WebSite","@id":"https:\/\/www.reseau-mesure.com\/#website","url":"https:\/\/www.reseau-mesure.com\/","name":"Netzwerk-Messung","description":"Netzwerkma\u00dfnahme","publisher":{"@id":"https:\/\/www.reseau-mesure.com\/#organization"},"potentialAction":[{"@type":"SearchAction","target":{"@type":"EntryPoint","urlTemplate":"https:\/\/www.reseau-mesure.com\/?s={search_term_string}"},"query-input":{"@type":"PropertyValueSpecification","valueRequired":true,"valueName":"search_term_string"}}],"inLanguage":"de"},{"@type":"Organization","@id":"https:\/\/www.reseau-mesure.com\/#organization","name":"Netzwerk-Messung","url":"https:\/\/www.reseau-mesure.com\/","logo":{"@type":"ImageObject","inLanguage":"de","@id":"https:\/\/www.reseau-mesure.com\/#\/schema\/logo\/image\/","url":"https:\/\/www.reseau-mesure.com\/wp-content\/uploads\/2018\/02\/logo-max.png","contentUrl":"https:\/\/www.reseau-mesure.com\/wp-content\/uploads\/2018\/02\/logo-max.png","width":545,"height":285,"caption":"R\u00e9seau-Mesure"},"image":{"@id":"https:\/\/www.reseau-mesure.com\/#\/schema\/logo\/image\/"},"sameAs":["https:\/\/www.facebook.com\/reseaumesure\/","https:\/\/x.com\/ReseauMesure","https:\/\/www.linkedin.com\/company\/reseau-mesure\/"]}]}},"_links":{"self":[{"href":"https:\/\/www.reseau-mesure.com\/de\/wp-json\/wp\/v2\/pages\/6695","targetHints":{"allow":["GET"]}}],"collection":[{"href":"https:\/\/www.reseau-mesure.com\/de\/wp-json\/wp\/v2\/pages"}],"about":[{"href":"https:\/\/www.reseau-mesure.com\/de\/wp-json\/wp\/v2\/types\/page"}],"author":[{"embeddable":true,"href":"https:\/\/www.reseau-mesure.com\/de\/wp-json\/wp\/v2\/users\/685"}],"replies":[{"embeddable":true,"href":"https:\/\/www.reseau-mesure.com\/de\/wp-json\/wp\/v2\/comments?post=6695"}],"version-history":[{"count":0,"href":"https:\/\/www.reseau-mesure.com\/de\/wp-json\/wp\/v2\/pages\/6695\/revisions"}],"wp:attachment":[{"href":"https:\/\/www.reseau-mesure.com\/de\/wp-json\/wp\/v2\/media?parent=6695"}],"curies":[{"name":"wp","href":"https:\/\/api.w.org\/{rel}","templated":true}]}}