{"id":6733,"date":"2019-04-19T13:27:09","date_gmt":"2019-04-19T11:27:09","guid":{"rendered":"https:\/\/www.reseau-mesure.com\/?page_id=6733"},"modified":"2026-02-13T15:02:58","modified_gmt":"2026-02-13T14:02:58","slug":"carprassur","status":"publish","type":"page","link":"https:\/\/www.reseau-mesure.com\/de\/carprassur\/","title":{"rendered":"CARPRASSUR"},"content":{"rendered":"<h1><strong>PARTNERSCHAFT IM MESSNETZWERK - CARPRASSUR<\/strong><\/h1>\n<p><img loading=\"lazy\" decoding=\"async\" src=\"https:\/\/www.reseau-mesure.com\/wp-content\/uploads\/2024\/09\/CARPRASSUR-logo-rvb-01.jpg\" alt=\"CARPRASSUR Assurances\" width=\"350\" height=\"173\" \/><\/p>\n<h2>Le R\u00e9seau Mesure a mis en place un partenariat pour les Assurances avec CARPRASSUR orient\u00e9 sur plusieurs axes :<\/h2>\n<p>&nbsp;<\/p>\n<strong>Une approche personnalis\u00e9e avec un v\u00e9ritable savoir-faire :<br \/>\n<\/strong>&#8211; R\u00e9aliser l&rsquo;\u00e9tat des lieux<br \/>\n&#8211; Analyser les risques et cons\u00e9quences<br \/>\n&#8211; Identifier les priorit\u00e9s<br \/>\n&#8211; Rechercher les leviers fiscaux<br \/>\n&#8211; D\u00e9terminer votre investissement<br \/>\n&#8211; Mettre en \u0153uvre des solutions sur mesure<br \/>\n&#8211; Un suivi r\u00e9gulier<br \/>\n<strong><br \/>\nUne mutualisation des produits gr\u00e2ce \u00e0 l&rsquo;effet r\u00e9seau<\/strong><br \/>\nTarifangebote, die speziell f\u00fcr das Messnetz ausgehandelt wurden\n<ul>\n<li><strong>Assurance dommages <\/strong>(responsabilit\u00e9 civile, multirisques professionnelle et entreprise, assurances des v\u00e9hicules, risque techniques etc&#8230;)<\/li>\n<li><strong>Assurance Cybers\u00e9curit\u00e9<\/strong><\/li>\n<li><strong>Protection sociale des salari\u00e9s et des dirigeants <\/strong>(mutuelle, pr\u00e9voyance, retraite et \u00e9pargne etc&#8230;)<\/li>\n<\/ul>\n<p><strong>\u00a0<\/strong><\/p>\n<p><strong>CARPRASSUR profitiert von einem Lebenszentrum, das dem sozialen Schutz gewidmet ist:<\/strong><\/p>\n<ul>\n<li><strong>A l&rsquo;attention des salari\u00e9s<\/strong><\/li>\n<\/ul>\n<p>&#8211; Audit de la protection sociale \u00e0 destination des salari\u00e9s (pr\u00e9voyance et sant\u00e9 collectives)<\/p>\n<p>&#8211; Optimisation\u00a0: \u00e9pargne salariale<\/p>\n<p>&nbsp;<\/p>\n<ul>\n<li><strong>A l&rsquo;attention du dirigeant<\/strong><\/li>\n<\/ul>\n<p>&#8211; Audit de protection sociale\u00a0:<\/p>\n<p>&#8211; diagnostic retraite (reconstitution de carri\u00e8re, \u00e9tude de rachat de trimestres &#8230;)<\/p>\n<p>&#8211; strat\u00e9gie de r\u00e9mun\u00e9ration (arbitrage r\u00e9mun\u00e9ration\/dividendes)<\/p>\n<p>&#8211; \u00e9tude des p\u00e9riph\u00e9riques de r\u00e9mun\u00e9ration (pr\u00e9voyance, sant\u00e9, retraite) et optimisations<\/p>\n<p><strong>\u00a0<\/strong><\/p>\n<p><strong>Die Partnerschaft :<\/strong><\/p>\n<p>&nbsp;<\/p>\n<p><strong>A l&rsquo;attention des salari\u00e9s<\/strong><\/p>\n<ul>\n<li>\n<ul>\n<li>\n<ul>\n<li><strong>Une approche personnalis\u00e9e avec un v\u00e9ritable savoir-faire :<br \/>\n<\/strong>&#8211; R\u00e9aliser l&rsquo;\u00e9tat des lieux<br \/>\n&#8211; Analyser les risques et cons\u00e9quences<br \/>\n&#8211; Identifier les priorit\u00e9s<br \/>\n&#8211; Rechercher les leviers fiscaux<br \/>\n&#8211; D\u00e9terminer votre investissement<br \/>\n&#8211; Mettre en \u0153uvre des solutions sur mesure<br \/>\n&#8211; Un suivi r\u00e9gulier<br \/>\n<strong><br \/>\n2) B\u00fcndelung von Produkten dank Netzwerkeffekt<\/strong><br \/>\nTarifangebote, die speziell f\u00fcr das Messnetz ausgehandelt wurden<\/li>\n<\/ul>\n<\/li>\n<\/ul>\n<\/li>\n<\/ul>\n\t\t\t<a href=\"https:\/\/www.reseau-mesure.com\/wp-content\/uploads\/2026\/01\/Offre-CARPRASSUR-2026-CIFL-Reseau-Mesure.pdf\"  target=\"_blank\" rel=\"noopener\">\n\t\t\t\t\t\t\tLaden Sie das Protokoll herunter\n\t\t\t\t\t<\/a>\n<figure itemscope itemtype=\"https:\/\/schema.org\/ImageObject\">\n\t\t\t\t<a href=\"https:\/\/youtu.be\/-CTen6MXzkE\"  target=\"_self\" itemprop=\"url\">\n\t\t\t\t<img decoding=\"async\" src=\"https:\/\/www.reseau-mesure.com\/wp-content\/uploads\/2025\/03\/Aurelie-Dizengremel-temoigne.jpg\" alt=\"Aur\u00e9lie Dizengremel t\u00e9moigne\" height=\"720\" width=\"960\" title=\"Aur\u00e9lie Dizengremel t\u00e9moigne\" onerror=\"this.style.display='none'\" loading=\"lazy\" \/>\n\t\t\t\t<\/a>\n\t<\/figure>\n<figure itemscope itemtype=\"https:\/\/schema.org\/ImageObject\">\n\t\t\t\t<img decoding=\"async\" src=\"https:\/\/www.reseau-mesure.com\/wp-content\/plugins\/bb-plugin\/img\/pixel.png\" alt=\"\" onerror=\"this.style.display='none'\" loading=\"lazy\" \/>\n\t<\/figure>\n\t<h3>CYBER-RISIKO<\/h3>\n<p>Die finanziellen Folgen nach einem Angriff auf Computersysteme (Betrug, Angriff, Virus, menschliches Versagen) sind<strong> <u>von SCH\u00c4DEN UND RC-Vertr\u00e4gen ausgeschlossen<\/u>.<\/strong><\/p>\n<p>Es ist die Unterbrechung des Betriebs des Unternehmens (ERP nicht zug\u00e4nglich \/ WEB-Site nicht funktionsf\u00e4hig \/ Rechnungsstellung-Verkauf unm\u00f6glich usw.)<strong> =&gt; BETRIEBSVERLUST<\/strong><\/p>\n<p>Es ist die Befragung des Dritten, die betroffen ist<strong> =&gt; ZIVILHAFTPFLICHT <\/strong><\/p>\n<p><strong>\u00a0<\/strong><\/p>\n<p><strong>Der CYBER RISK-Vertrag wird zu einem ESSENTIAL zum Schutz Ihres Unternehmens \u00a0<\/strong><\/p>\n<p>&nbsp;<\/p>\n<p><img loading=\"lazy\" decoding=\"async\" src=\"https:\/\/www.reseau-mesure.com\/wp-content\/uploads\/2022\/02\/cyber.jpg\" alt=\"L'assurance Cyber\" width=\"624\" height=\"669\" \/><\/p>\n\t<p>&nbsp;<\/p>\n<p><em>\u201eSeit 2015 arbeite ich mit CARPRASSUR ASSURANCES zusammen. An CARPRASSUR sch\u00e4tze ich besonders die Beratungsqualit\u00e4t und Aufmerksamkeit unserer Gespr\u00e4chspartner. Die Nachverfolgung unserer Vertr\u00e4ge ist effizient mit einem echten Sinn f\u00fcr Service mit Fachleuten, die auf ihren Beruf spezialisiert sind. <\/em><\/p>\n<p><em>Das Erstaudit erm\u00f6glichte es, meine Versicherungsakte effektiv zu aktualisieren und eine echte Bestandsaufnahme der vorhandenen L\u00f6sungen ohne systematisches Hinterfragen zu haben. Ein vertrauensw\u00fcrdiger und enger Vermittler, den ich empfehle. \u00bb<\/em><\/p>\n<p>&nbsp;<\/p>\n<p>Claudel Massies - WIKA<\/p>\n<p><em>\u00a0<\/em><\/p>\n<figure itemscope itemtype=\"https:\/\/schema.org\/ImageObject\">\n\t\t\t\t<a href=\"https:\/\/www.reseau-mesure.com\/de\/adherent\/wika-instruments\/\"  target=\"_blank\" rel=\"noopener\"  itemprop=\"url\">\n\t\t\t\t<img decoding=\"async\" src=\"https:\/\/www.reseau-mesure.com\/wp-content\/uploads\/2021\/07\/2021-portrait-271x300.jpg\" alt=\"Claunel Massies\" height=\"300\" width=\"271\" title=\"Claudel Massies 2021 Portr\u00e4t\" onerror=\"this.style.display='none'\" loading=\"lazy\" \/>\n\t\t\t\t<\/a>\n\t<\/figure>\n<figure itemscope itemtype=\"https:\/\/schema.org\/ImageObject\">\n\t\t\t\t<a href=\"https:\/\/www.reseau-mesure.com\/de\/adherent\/kobold\/\"  target=\"_blank\" rel=\"noopener\"  itemprop=\"url\">\n\t\t\t\t<img decoding=\"async\" src=\"https:\/\/www.reseau-mesure.com\/wp-content\/uploads\/2021\/09\/JACQUES-MARIONNEAU-2021.jpg\" alt=\"JACQUES MARIONNEAU 2021\" height=\"270\" width=\"302\" title=\"JACQUES MARIONNEAU 2021\" onerror=\"this.style.display='none'\" loading=\"lazy\" \/>\n\t\t\t\t<\/a>\n\t<\/figure>\n\t<p>&nbsp;<\/p>\n<p><em>\u201eAls Mitglied der Einkaufsgemeinschaft habe ich bei der Auswahl des Dienstleisters in Sachen Versicherung mitgewirkt. Unsere Wahl fiel auf die Firma CARPRASSUR, die unserer Meinung nach eher der Art der Mitglieder des Messnetzwerks entsprach, n\u00e4mlich haupts\u00e4chlich KMU. Als Mitglied haben wir CARPRASSUR zu verschiedenen Themen kontaktiert und waren mehr als zufrieden, mit freundlichen, aufmerksamen und kompetenten Gespr\u00e4chspartnern und interessanten L\u00f6sungsvorschl\u00e4gen (z Vertrag mit einer j\u00e4hrlichen Ersparnis von 400\u20ac). Ich kann Ihnen nur raten, sich f\u00fcr alle Versicherungsaspekte an sie zu wenden. <\/em><em>&quot;&quot;\u00a0<\/em><\/p>\n<p>&nbsp;<\/p>\n<p>Jacques Marioneau - KOBOLD<\/p>\n<p><em>\u00a0<\/em><\/p>","protected":false},"excerpt":{"rendered":"<p>PARTENARIAT R\u00c9SEAU MESURE &#8211; CARPRASSUR Le R\u00e9seau Mesure a mis en place un partenariat pour les Assurances avec CARPRASSUR orient\u00e9 sur plusieurs axes : &nbsp; Une approche personnalis\u00e9e avec un v\u00e9ritable savoir-faire : &#8211; R\u00e9aliser l&rsquo;\u00e9tat des lieux &#8211; Analyser les risques et cons\u00e9quences &#8211; Identifier les priorit\u00e9s &#8211; Rechercher les leviers fiscaux &#8211; D\u00e9terminer&hellip;<\/p>","protected":false},"author":349,"featured_media":0,"parent":0,"menu_order":0,"comment_status":"closed","ping_status":"closed","template":"","meta":{"_acf_changed":false,"footnotes":""},"class_list":["post-6733","page","type-page","status-publish","hentry"],"acf":[],"yoast_head":"<!-- This site is optimized with the Yoast SEO plugin v27.4 - https:\/\/yoast.com\/product\/yoast-seo-wordpress\/ -->\n<title>CARPRASSUR - R\u00e9seau Mesure<\/title>\n<meta name=\"description\" content=\"Le R\u00e9seau Mesure a mis en place un partenariat pour les Assurances avec CARPRASSUR orient\u00e9 sur trois axes : Contrat Assurance Dommages, Contrat Assurance des Personnes et des dirigeants et Cybers\u00e9curit\u00e9\" \/>\n<meta name=\"robots\" content=\"index, follow, max-snippet:-1, max-image-preview:large, max-video-preview:-1\" \/>\n<link rel=\"canonical\" href=\"https:\/\/www.reseau-mesure.com\/de\/carprassur\/\" \/>\n<meta property=\"og:locale\" content=\"de_DE\" \/>\n<meta property=\"og:type\" content=\"article\" \/>\n<meta property=\"og:title\" content=\"CARPRASSUR - R\u00e9seau Mesure\" \/>\n<meta property=\"og:description\" content=\"Le R\u00e9seau Mesure a mis en place un partenariat pour les Assurances avec CARPRASSUR orient\u00e9 sur trois axes : Contrat Assurance Dommages, Contrat Assurance des Personnes et des dirigeants et Cybers\u00e9curit\u00e9\" \/>\n<meta property=\"og:url\" content=\"https:\/\/www.reseau-mesure.com\/de\/carprassur\/\" \/>\n<meta property=\"og:site_name\" content=\"R\u00e9seau Mesure\" \/>\n<meta property=\"article:publisher\" content=\"https:\/\/www.facebook.com\/reseaumesure\/\" \/>\n<meta property=\"article:modified_time\" content=\"2026-02-13T14:02:58+00:00\" \/>\n<meta property=\"og:image\" content=\"https:\/\/www.reseau-mesure.com\/wp-content\/uploads\/2024\/09\/CARPRASSUR-logo-rvb-01.jpg\" \/>\n<meta name=\"twitter:card\" content=\"summary_large_image\" \/>\n<meta name=\"twitter:site\" content=\"@ReseauMesure\" \/>\n<meta name=\"twitter:label1\" content=\"Gesch\u00e4tzte Lesezeit\" \/>\n\t<meta name=\"twitter:data1\" content=\"2\u00a0Minuten\" \/>\n<script type=\"application\/ld+json\" class=\"yoast-schema-graph\">{\"@context\":\"https:\\\/\\\/schema.org\",\"@graph\":[{\"@type\":\"WebPage\",\"@id\":\"https:\\\/\\\/www.reseau-mesure.com\\\/carprassur\\\/\",\"url\":\"https:\\\/\\\/www.reseau-mesure.com\\\/carprassur\\\/\",\"name\":\"CARPRASSUR - R\u00e9seau Mesure\",\"isPartOf\":{\"@id\":\"https:\\\/\\\/www.reseau-mesure.com\\\/#website\"},\"primaryImageOfPage\":{\"@id\":\"https:\\\/\\\/www.reseau-mesure.com\\\/carprassur\\\/#primaryimage\"},\"image\":{\"@id\":\"https:\\\/\\\/www.reseau-mesure.com\\\/carprassur\\\/#primaryimage\"},\"thumbnailUrl\":\"https:\\\/\\\/www.reseau-mesure.com\\\/wp-content\\\/uploads\\\/2024\\\/09\\\/CARPRASSUR-logo-rvb-01.jpg\",\"datePublished\":\"2019-04-19T11:27:09+00:00\",\"dateModified\":\"2026-02-13T14:02:58+00:00\",\"description\":\"Le R\u00e9seau Mesure a mis en place un partenariat pour les Assurances avec CARPRASSUR orient\u00e9 sur trois axes : Contrat Assurance Dommages, Contrat Assurance des Personnes et des dirigeants et Cybers\u00e9curit\u00e9\",\"breadcrumb\":{\"@id\":\"https:\\\/\\\/www.reseau-mesure.com\\\/carprassur\\\/#breadcrumb\"},\"inLanguage\":\"de\",\"potentialAction\":[{\"@type\":\"ReadAction\",\"target\":[\"https:\\\/\\\/www.reseau-mesure.com\\\/carprassur\\\/\"]}]},{\"@type\":\"ImageObject\",\"inLanguage\":\"de\",\"@id\":\"https:\\\/\\\/www.reseau-mesure.com\\\/carprassur\\\/#primaryimage\",\"url\":\"https:\\\/\\\/www.reseau-mesure.com\\\/wp-content\\\/uploads\\\/2024\\\/09\\\/CARPRASSUR-logo-rvb-01.jpg\",\"contentUrl\":\"https:\\\/\\\/www.reseau-mesure.com\\\/wp-content\\\/uploads\\\/2024\\\/09\\\/CARPRASSUR-logo-rvb-01.jpg\"},{\"@type\":\"BreadcrumbList\",\"@id\":\"https:\\\/\\\/www.reseau-mesure.com\\\/carprassur\\\/#breadcrumb\",\"itemListElement\":[{\"@type\":\"ListItem\",\"position\":1,\"name\":\"Accueil\",\"item\":\"https:\\\/\\\/www.reseau-mesure.com\\\/\"},{\"@type\":\"ListItem\",\"position\":2,\"name\":\"CARPRASSUR\"}]},{\"@type\":\"WebSite\",\"@id\":\"https:\\\/\\\/www.reseau-mesure.com\\\/#website\",\"url\":\"https:\\\/\\\/www.reseau-mesure.com\\\/\",\"name\":\"R\u00e9seau-Mesure\",\"description\":\"R\u00e9seau Mesure\",\"publisher\":{\"@id\":\"https:\\\/\\\/www.reseau-mesure.com\\\/#organization\"},\"potentialAction\":[{\"@type\":\"SearchAction\",\"target\":{\"@type\":\"EntryPoint\",\"urlTemplate\":\"https:\\\/\\\/www.reseau-mesure.com\\\/?s={search_term_string}\"},\"query-input\":{\"@type\":\"PropertyValueSpecification\",\"valueRequired\":true,\"valueName\":\"search_term_string\"}}],\"inLanguage\":\"de\"},{\"@type\":\"Organization\",\"@id\":\"https:\\\/\\\/www.reseau-mesure.com\\\/#organization\",\"name\":\"R\u00e9seau-Mesure\",\"url\":\"https:\\\/\\\/www.reseau-mesure.com\\\/\",\"logo\":{\"@type\":\"ImageObject\",\"inLanguage\":\"de\",\"@id\":\"https:\\\/\\\/www.reseau-mesure.com\\\/#\\\/schema\\\/logo\\\/image\\\/\",\"url\":\"https:\\\/\\\/www.reseau-mesure.com\\\/wp-content\\\/uploads\\\/2018\\\/02\\\/logo-max.png\",\"contentUrl\":\"https:\\\/\\\/www.reseau-mesure.com\\\/wp-content\\\/uploads\\\/2018\\\/02\\\/logo-max.png\",\"width\":545,\"height\":285,\"caption\":\"R\u00e9seau-Mesure\"},\"image\":{\"@id\":\"https:\\\/\\\/www.reseau-mesure.com\\\/#\\\/schema\\\/logo\\\/image\\\/\"},\"sameAs\":[\"https:\\\/\\\/www.facebook.com\\\/reseaumesure\\\/\",\"https:\\\/\\\/x.com\\\/ReseauMesure\",\"https:\\\/\\\/www.linkedin.com\\\/company\\\/reseau-mesure\\\/\"]}]}<\/script>\n<!-- \/ Yoast SEO plugin. -->","yoast_head_json":{"title":"CARPRASSUR - R\u00e9seau Mesure","description":"Le R\u00e9seau Mesure a mis en place un partenariat pour les Assurances avec CARPRASSUR orient\u00e9 sur trois axes : Contrat Assurance Dommages, Contrat Assurance des Personnes et des dirigeants et Cybers\u00e9curit\u00e9","robots":{"index":"index","follow":"follow","max-snippet":"max-snippet:-1","max-image-preview":"max-image-preview:large","max-video-preview":"max-video-preview:-1"},"canonical":"https:\/\/www.reseau-mesure.com\/de\/carprassur\/","og_locale":"de_DE","og_type":"article","og_title":"CARPRASSUR - R\u00e9seau Mesure","og_description":"Le R\u00e9seau Mesure a mis en place un partenariat pour les Assurances avec CARPRASSUR orient\u00e9 sur trois axes : Contrat Assurance Dommages, Contrat Assurance des Personnes et des dirigeants et Cybers\u00e9curit\u00e9","og_url":"https:\/\/www.reseau-mesure.com\/de\/carprassur\/","og_site_name":"R\u00e9seau Mesure","article_publisher":"https:\/\/www.facebook.com\/reseaumesure\/","article_modified_time":"2026-02-13T14:02:58+00:00","og_image":[{"url":"https:\/\/www.reseau-mesure.com\/wp-content\/uploads\/2024\/09\/CARPRASSUR-logo-rvb-01.jpg","type":"","width":"","height":""}],"twitter_card":"summary_large_image","twitter_site":"@ReseauMesure","twitter_misc":{"Gesch\u00e4tzte Lesezeit":"2\u00a0Minuten"},"schema":{"@context":"https:\/\/schema.org","@graph":[{"@type":"WebPage","@id":"https:\/\/www.reseau-mesure.com\/carprassur\/","url":"https:\/\/www.reseau-mesure.com\/carprassur\/","name":"CARPRASSUR - R\u00e9seau Mesure","isPartOf":{"@id":"https:\/\/www.reseau-mesure.com\/#website"},"primaryImageOfPage":{"@id":"https:\/\/www.reseau-mesure.com\/carprassur\/#primaryimage"},"image":{"@id":"https:\/\/www.reseau-mesure.com\/carprassur\/#primaryimage"},"thumbnailUrl":"https:\/\/www.reseau-mesure.com\/wp-content\/uploads\/2024\/09\/CARPRASSUR-logo-rvb-01.jpg","datePublished":"2019-04-19T11:27:09+00:00","dateModified":"2026-02-13T14:02:58+00:00","description":"Le R\u00e9seau Mesure a mis en place un partenariat pour les Assurances avec CARPRASSUR orient\u00e9 sur trois axes : Contrat Assurance Dommages, Contrat Assurance des Personnes et des dirigeants et Cybers\u00e9curit\u00e9","breadcrumb":{"@id":"https:\/\/www.reseau-mesure.com\/carprassur\/#breadcrumb"},"inLanguage":"de","potentialAction":[{"@type":"ReadAction","target":["https:\/\/www.reseau-mesure.com\/carprassur\/"]}]},{"@type":"ImageObject","inLanguage":"de","@id":"https:\/\/www.reseau-mesure.com\/carprassur\/#primaryimage","url":"https:\/\/www.reseau-mesure.com\/wp-content\/uploads\/2024\/09\/CARPRASSUR-logo-rvb-01.jpg","contentUrl":"https:\/\/www.reseau-mesure.com\/wp-content\/uploads\/2024\/09\/CARPRASSUR-logo-rvb-01.jpg"},{"@type":"BreadcrumbList","@id":"https:\/\/www.reseau-mesure.com\/carprassur\/#breadcrumb","itemListElement":[{"@type":"ListItem","position":1,"name":"Accueil","item":"https:\/\/www.reseau-mesure.com\/"},{"@type":"ListItem","position":2,"name":"CARPRASSUR"}]},{"@type":"WebSite","@id":"https:\/\/www.reseau-mesure.com\/#website","url":"https:\/\/www.reseau-mesure.com\/","name":"Netzwerk-Messung","description":"Netzwerkma\u00dfnahme","publisher":{"@id":"https:\/\/www.reseau-mesure.com\/#organization"},"potentialAction":[{"@type":"SearchAction","target":{"@type":"EntryPoint","urlTemplate":"https:\/\/www.reseau-mesure.com\/?s={search_term_string}"},"query-input":{"@type":"PropertyValueSpecification","valueRequired":true,"valueName":"search_term_string"}}],"inLanguage":"de"},{"@type":"Organization","@id":"https:\/\/www.reseau-mesure.com\/#organization","name":"Netzwerk-Messung","url":"https:\/\/www.reseau-mesure.com\/","logo":{"@type":"ImageObject","inLanguage":"de","@id":"https:\/\/www.reseau-mesure.com\/#\/schema\/logo\/image\/","url":"https:\/\/www.reseau-mesure.com\/wp-content\/uploads\/2018\/02\/logo-max.png","contentUrl":"https:\/\/www.reseau-mesure.com\/wp-content\/uploads\/2018\/02\/logo-max.png","width":545,"height":285,"caption":"R\u00e9seau-Mesure"},"image":{"@id":"https:\/\/www.reseau-mesure.com\/#\/schema\/logo\/image\/"},"sameAs":["https:\/\/www.facebook.com\/reseaumesure\/","https:\/\/x.com\/ReseauMesure","https:\/\/www.linkedin.com\/company\/reseau-mesure\/"]}]}},"_links":{"self":[{"href":"https:\/\/www.reseau-mesure.com\/de\/wp-json\/wp\/v2\/pages\/6733","targetHints":{"allow":["GET"]}}],"collection":[{"href":"https:\/\/www.reseau-mesure.com\/de\/wp-json\/wp\/v2\/pages"}],"about":[{"href":"https:\/\/www.reseau-mesure.com\/de\/wp-json\/wp\/v2\/types\/page"}],"author":[{"embeddable":true,"href":"https:\/\/www.reseau-mesure.com\/de\/wp-json\/wp\/v2\/users\/349"}],"replies":[{"embeddable":true,"href":"https:\/\/www.reseau-mesure.com\/de\/wp-json\/wp\/v2\/comments?post=6733"}],"version-history":[{"count":1,"href":"https:\/\/www.reseau-mesure.com\/de\/wp-json\/wp\/v2\/pages\/6733\/revisions"}],"predecessor-version":[{"id":29868,"href":"https:\/\/www.reseau-mesure.com\/de\/wp-json\/wp\/v2\/pages\/6733\/revisions\/29868"}],"wp:attachment":[{"href":"https:\/\/www.reseau-mesure.com\/de\/wp-json\/wp\/v2\/media?parent=6733"}],"curies":[{"name":"wp","href":"https:\/\/api.w.org\/{rel}","templated":true}]}}