{"id":6839,"date":"2019-04-19T14:39:45","date_gmt":"2019-04-19T12:39:45","guid":{"rendered":"https:\/\/www.reseau-mesure.com\/?page_id=6839"},"modified":"2026-02-03T13:09:42","modified_gmt":"2026-02-03T12:09:42","slug":"place-des-salaries","status":"publish","type":"page","link":"https:\/\/www.reseau-mesure.com\/de\/place-des-salaries\/","title":{"rendered":"MITARBEITERPLATZ"},"content":{"rendered":"<h1><strong>MESSNETZ PARTNERSCHAFT \u2013 PLACE DES MITARBEITER<\/strong><\/h1>\n<p><img loading=\"lazy\" decoding=\"async\" src=\"https:\/\/www.reseau-mesure.com\/wp-content\/uploads\/2023\/11\/Logo_Place-des-Salaries_2023.png\" alt=\"PLACEDESSALARIES.COM\" width=\"562\" height=\"159\" \/><\/p>\n<p>&nbsp;<\/p>\nPlace des Salari\u00e9s ist Ihr Partner f\u00fcr <strong>am\u00e9liorer le pouvoir d&rsquo;achat de vos salari\u00e9s<\/strong>. C&rsquo;est un service externalis\u00e9 qui permet d&rsquo;offrir \u00e0 tous vos collaborateurs<br \/>\nvon <strong>milliers d&rsquo;avantages sur leurs achats et loisirs du quotidien<\/strong> und stellt Ihnen Tools zur Verf\u00fcgung, die die Verwaltung Ihres CSE vereinfachen.\n<p>Seine Mission: Sie dabei zu unterst\u00fctzen <strong>Wohlbefinden Ihrer Mitarbeiter<\/strong>.<\/p>\n\tDank Ihrer Mitgliedschaft im R\u00e9seau Mesure profitieren Sie von:<br \/>\n&#8211; de <strong>35% de r\u00e9duction<\/strong> (wenn Sie nur den Service Place des Salari\u00e9s abonnieren)<br \/>\n&#8211; de <strong>42% de r\u00e9duction<\/strong> (si vous souscrivez aux services Place des Salari\u00e9s <strong>und<\/strong> Haxoneo)\n<p>&nbsp;<\/p>\n<p>\u279d Bieten Sie Ihren Teams die gleichen Vorteile wie Gro\u00dfgruppen!<\/p>\n&#8211; Avec la <strong>Online-Ticketverkauf<\/strong> : proposez des milliers de r\u00e9ductions et de bons plans toute l&rsquo;ann\u00e9e, avec des remises jusqu&rsquo;\u00e0 60% chez de nombreuses enseignes locales &amp; nationales.<br \/>\n&#8211; Offrez une <strong>Geschenkkarte<\/strong> multi-marques, multi-enseignes, et 100% digitale \u00e0 vos collaborateurs, en \u00e9tant exon\u00e9r\u00e9 de charges !<br \/>\n&#8211; Gr\u00e2ce \u00e0 la <strong>Jackpot<\/strong>, subventionnez les activit\u00e9s sportives, culturelles et sociales de vos salari\u00e9s, des avantages en nature sans charges suppl\u00e9mentaires.\n<p><strong><em>Nouveaux plafonds applicables en 2026 :<\/em><\/strong><\/p>\n<p><em>&#8211;\u00a0 Le plafond des\u00a0<strong>Geschenkkarten\u00a0<\/strong>ging zu\u00a0<strong>200 \u20ac <\/strong>par \u00e9v\u00e9nement et par salari\u00e9.<\/em><\/p>\n<p><em>&#8211; Le montant de la <strong>Jackpot<\/strong> pour l<strong>e service \u00e0 la personne &amp; la garde d&rsquo;enfant <\/strong>ging zu<strong> 2591 \u20ac <\/strong>par salari\u00e9 et par ann\u00e9e civile.<\/em><\/p>\n<p><em>Les domaines d&rsquo;utilisation restent inchang\u00e9s.<\/em><\/p>\nGewinnen und binden Sie mit Place des Salari\u00e9s Ihre Mitarbeiter:<br \/>\n\u25b8A <strong>plateforme d&rsquo;avantages<\/strong> mehr zu bieten<strong> pouvoir d&rsquo;achat<\/strong> an Ihre Mitarbeiter.<br \/>\n\u25b8A <strong>reaktionsschnelles Team<\/strong> qui vous accompagne dans le d\u00e9ploiement et l&rsquo;utilisation de<br \/>\nDeine L\u00f6sung.<br \/>\n\u25b8 A <strong>skalierbare Komplettl\u00f6sung<\/strong> was Ihnen den Alltag erleichtert.\n<p>&nbsp;<\/p>\n\t\t\t<a href=\"https:\/\/www.reseau-mesure.com\/wp-content\/uploads\/2025\/02\/Plaquette_Place_des_Salaries_2025.pdf\"  target=\"_blank\" rel=\"noopener\">\n\t\t\t\t\t\t\tLADEN SIE DIE PR\u00c4SENTATION PLACE DES SALARIES HERUNTER\n\t\t\t\t\t<\/a>\n\t<p>&nbsp;<\/p>\n<p>Pers\u00f6nliche Betreuung ist garantiert.<\/p>\n<figure itemscope itemtype=\"https:\/\/schema.org\/ImageObject\">\n\t\t\t\t<img decoding=\"async\" src=\"https:\/\/www.reseau-mesure.com\/wp-content\/uploads\/2023\/11\/Contact-Anne-Gandelin-1.jpg\" alt=\"Contact Anne Gandelin\" height=\"352\" width=\"754\" title=\"Kontaktieren Sie Anne Gandelin\" onerror=\"this.style.display='none'\" loading=\"lazy\" \/>\n\t<\/figure>\n\t<p>Pour en savoir plus sur la plateforme d&rsquo;avantages Place des Salari\u00e9s, contactez directement votre contact privil\u00e9gi\u00e9, Anne GANDELIN.<\/p>\n\t\t\t<a href=\"https:\/\/calendly.com\/anne-gandelin-1\/15min\"  target=\"_blank\" rel=\"noopener\">\n\t\t\t\t\t\t\tKontaktieren Sie Anne Gandelin\n\t\t\t\t\t<\/a>\n\t\t\t<a href=\"https:\/\/www.reseau-mesure.com\/wp-content\/uploads\/2026\/01\/Protocole-Reseau-Mesure-2026.pdf\"  target=\"_blank\" rel=\"noopener\">\n\t\t\t\t\t\t\tLaden Sie das Protokoll herunter\n\t\t\t\t\t<\/a>","protected":false},"excerpt":{"rendered":"<p>PARTENARIAT R\u00c9SEAU MESURE &#8211; PLACE DES SALARIES &nbsp; Place des Salari\u00e9s est votre partenaire pour am\u00e9liorer le pouvoir d&rsquo;achat de vos salari\u00e9s. C&rsquo;est un service externalis\u00e9 qui permet d&rsquo;offrir \u00e0 tous vos collaborateurs des milliers d&rsquo;avantages sur leurs achats et loisirs du quotidien et vous fournit des outils pour simplifier la gestion de votre CSE.&hellip;<\/p>","protected":false},"author":349,"featured_media":0,"parent":0,"menu_order":0,"comment_status":"closed","ping_status":"closed","template":"","meta":{"_acf_changed":false,"footnotes":""},"class_list":["post-6839","page","type-page","status-publish","hentry"],"acf":[],"yoast_head":"<!-- This site is optimized with the Yoast SEO plugin v27.3 - https:\/\/yoast.com\/product\/yoast-seo-wordpress\/ -->\n<title>PLACE DES SALARIES - R\u00e9seau Mesure<\/title>\n<meta name=\"robots\" content=\"index, follow, max-snippet:-1, max-image-preview:large, max-video-preview:-1\" \/>\n<link rel=\"canonical\" href=\"https:\/\/www.reseau-mesure.com\/de\/place-des-salaries\/\" \/>\n<meta property=\"og:locale\" content=\"de_DE\" \/>\n<meta property=\"og:type\" content=\"article\" \/>\n<meta property=\"og:title\" content=\"PLACE DES SALARIES - R\u00e9seau Mesure\" \/>\n<meta property=\"og:description\" content=\"PARTENARIAT R\u00c9SEAU MESURE &#8211; PLACE DES SALARIES &nbsp; Place des Salari\u00e9s est votre partenaire pour am\u00e9liorer le pouvoir d&rsquo;achat de vos salari\u00e9s. C&rsquo;est un service externalis\u00e9 qui permet d&rsquo;offrir \u00e0 tous vos collaborateurs des milliers d&rsquo;avantages sur leurs achats et loisirs du quotidien et vous fournit des outils pour simplifier la gestion de votre CSE.&hellip;\" \/>\n<meta property=\"og:url\" content=\"https:\/\/www.reseau-mesure.com\/de\/place-des-salaries\/\" \/>\n<meta property=\"og:site_name\" content=\"R\u00e9seau Mesure\" \/>\n<meta property=\"article:publisher\" content=\"https:\/\/www.facebook.com\/reseaumesure\/\" \/>\n<meta property=\"article:modified_time\" content=\"2026-02-03T12:09:42+00:00\" \/>\n<meta property=\"og:image\" content=\"https:\/\/www.reseau-mesure.com\/wp-content\/uploads\/2023\/11\/Logo_Place-des-Salaries_2023.png\" \/>\n<meta name=\"twitter:card\" content=\"summary_large_image\" \/>\n<meta name=\"twitter:site\" content=\"@ReseauMesure\" \/>\n<meta name=\"twitter:label1\" content=\"Gesch\u00e4tzte Lesezeit\" \/>\n\t<meta name=\"twitter:data1\" content=\"2\u00a0Minuten\" \/>\n<script type=\"application\/ld+json\" class=\"yoast-schema-graph\">{\"@context\":\"https:\\\/\\\/schema.org\",\"@graph\":[{\"@type\":\"WebPage\",\"@id\":\"https:\\\/\\\/www.reseau-mesure.com\\\/place-des-salaries\\\/\",\"url\":\"https:\\\/\\\/www.reseau-mesure.com\\\/place-des-salaries\\\/\",\"name\":\"PLACE DES SALARIES - R\u00e9seau Mesure\",\"isPartOf\":{\"@id\":\"https:\\\/\\\/www.reseau-mesure.com\\\/#website\"},\"primaryImageOfPage\":{\"@id\":\"https:\\\/\\\/www.reseau-mesure.com\\\/place-des-salaries\\\/#primaryimage\"},\"image\":{\"@id\":\"https:\\\/\\\/www.reseau-mesure.com\\\/place-des-salaries\\\/#primaryimage\"},\"thumbnailUrl\":\"https:\\\/\\\/www.reseau-mesure.com\\\/wp-content\\\/uploads\\\/2023\\\/11\\\/Logo_Place-des-Salaries_2023.png\",\"datePublished\":\"2019-04-19T12:39:45+00:00\",\"dateModified\":\"2026-02-03T12:09:42+00:00\",\"breadcrumb\":{\"@id\":\"https:\\\/\\\/www.reseau-mesure.com\\\/place-des-salaries\\\/#breadcrumb\"},\"inLanguage\":\"de\",\"potentialAction\":[{\"@type\":\"ReadAction\",\"target\":[\"https:\\\/\\\/www.reseau-mesure.com\\\/place-des-salaries\\\/\"]}]},{\"@type\":\"ImageObject\",\"inLanguage\":\"de\",\"@id\":\"https:\\\/\\\/www.reseau-mesure.com\\\/place-des-salaries\\\/#primaryimage\",\"url\":\"https:\\\/\\\/www.reseau-mesure.com\\\/wp-content\\\/uploads\\\/2023\\\/11\\\/Logo_Place-des-Salaries_2023.png\",\"contentUrl\":\"https:\\\/\\\/www.reseau-mesure.com\\\/wp-content\\\/uploads\\\/2023\\\/11\\\/Logo_Place-des-Salaries_2023.png\"},{\"@type\":\"BreadcrumbList\",\"@id\":\"https:\\\/\\\/www.reseau-mesure.com\\\/place-des-salaries\\\/#breadcrumb\",\"itemListElement\":[{\"@type\":\"ListItem\",\"position\":1,\"name\":\"Accueil\",\"item\":\"https:\\\/\\\/www.reseau-mesure.com\\\/\"},{\"@type\":\"ListItem\",\"position\":2,\"name\":\"PLACE DES SALARIES\"}]},{\"@type\":\"WebSite\",\"@id\":\"https:\\\/\\\/www.reseau-mesure.com\\\/#website\",\"url\":\"https:\\\/\\\/www.reseau-mesure.com\\\/\",\"name\":\"R\u00e9seau-Mesure\",\"description\":\"R\u00e9seau Mesure\",\"publisher\":{\"@id\":\"https:\\\/\\\/www.reseau-mesure.com\\\/#organization\"},\"potentialAction\":[{\"@type\":\"SearchAction\",\"target\":{\"@type\":\"EntryPoint\",\"urlTemplate\":\"https:\\\/\\\/www.reseau-mesure.com\\\/?s={search_term_string}\"},\"query-input\":{\"@type\":\"PropertyValueSpecification\",\"valueRequired\":true,\"valueName\":\"search_term_string\"}}],\"inLanguage\":\"de\"},{\"@type\":\"Organization\",\"@id\":\"https:\\\/\\\/www.reseau-mesure.com\\\/#organization\",\"name\":\"R\u00e9seau-Mesure\",\"url\":\"https:\\\/\\\/www.reseau-mesure.com\\\/\",\"logo\":{\"@type\":\"ImageObject\",\"inLanguage\":\"de\",\"@id\":\"https:\\\/\\\/www.reseau-mesure.com\\\/#\\\/schema\\\/logo\\\/image\\\/\",\"url\":\"https:\\\/\\\/www.reseau-mesure.com\\\/wp-content\\\/uploads\\\/2018\\\/02\\\/logo-max.png\",\"contentUrl\":\"https:\\\/\\\/www.reseau-mesure.com\\\/wp-content\\\/uploads\\\/2018\\\/02\\\/logo-max.png\",\"width\":545,\"height\":285,\"caption\":\"R\u00e9seau-Mesure\"},\"image\":{\"@id\":\"https:\\\/\\\/www.reseau-mesure.com\\\/#\\\/schema\\\/logo\\\/image\\\/\"},\"sameAs\":[\"https:\\\/\\\/www.facebook.com\\\/reseaumesure\\\/\",\"https:\\\/\\\/x.com\\\/ReseauMesure\",\"https:\\\/\\\/www.linkedin.com\\\/company\\\/reseau-mesure\\\/\"]}]}<\/script>\n<!-- \/ Yoast SEO plugin. -->","yoast_head_json":{"title":"PLACE DES SALARIES - R\u00e9seau Mesure","robots":{"index":"index","follow":"follow","max-snippet":"max-snippet:-1","max-image-preview":"max-image-preview:large","max-video-preview":"max-video-preview:-1"},"canonical":"https:\/\/www.reseau-mesure.com\/de\/place-des-salaries\/","og_locale":"de_DE","og_type":"article","og_title":"PLACE DES SALARIES - R\u00e9seau Mesure","og_description":"PARTENARIAT R\u00c9SEAU MESURE &#8211; PLACE DES SALARIES &nbsp; Place des Salari\u00e9s est votre partenaire pour am\u00e9liorer le pouvoir d&rsquo;achat de vos salari\u00e9s. C&rsquo;est un service externalis\u00e9 qui permet d&rsquo;offrir \u00e0 tous vos collaborateurs des milliers d&rsquo;avantages sur leurs achats et loisirs du quotidien et vous fournit des outils pour simplifier la gestion de votre CSE.&hellip;","og_url":"https:\/\/www.reseau-mesure.com\/de\/place-des-salaries\/","og_site_name":"R\u00e9seau Mesure","article_publisher":"https:\/\/www.facebook.com\/reseaumesure\/","article_modified_time":"2026-02-03T12:09:42+00:00","og_image":[{"url":"https:\/\/www.reseau-mesure.com\/wp-content\/uploads\/2023\/11\/Logo_Place-des-Salaries_2023.png","type":"","width":"","height":""}],"twitter_card":"summary_large_image","twitter_site":"@ReseauMesure","twitter_misc":{"Gesch\u00e4tzte Lesezeit":"2\u00a0Minuten"},"schema":{"@context":"https:\/\/schema.org","@graph":[{"@type":"WebPage","@id":"https:\/\/www.reseau-mesure.com\/place-des-salaries\/","url":"https:\/\/www.reseau-mesure.com\/place-des-salaries\/","name":"PLACE DES SALARIES - R\u00e9seau Mesure","isPartOf":{"@id":"https:\/\/www.reseau-mesure.com\/#website"},"primaryImageOfPage":{"@id":"https:\/\/www.reseau-mesure.com\/place-des-salaries\/#primaryimage"},"image":{"@id":"https:\/\/www.reseau-mesure.com\/place-des-salaries\/#primaryimage"},"thumbnailUrl":"https:\/\/www.reseau-mesure.com\/wp-content\/uploads\/2023\/11\/Logo_Place-des-Salaries_2023.png","datePublished":"2019-04-19T12:39:45+00:00","dateModified":"2026-02-03T12:09:42+00:00","breadcrumb":{"@id":"https:\/\/www.reseau-mesure.com\/place-des-salaries\/#breadcrumb"},"inLanguage":"de","potentialAction":[{"@type":"ReadAction","target":["https:\/\/www.reseau-mesure.com\/place-des-salaries\/"]}]},{"@type":"ImageObject","inLanguage":"de","@id":"https:\/\/www.reseau-mesure.com\/place-des-salaries\/#primaryimage","url":"https:\/\/www.reseau-mesure.com\/wp-content\/uploads\/2023\/11\/Logo_Place-des-Salaries_2023.png","contentUrl":"https:\/\/www.reseau-mesure.com\/wp-content\/uploads\/2023\/11\/Logo_Place-des-Salaries_2023.png"},{"@type":"BreadcrumbList","@id":"https:\/\/www.reseau-mesure.com\/place-des-salaries\/#breadcrumb","itemListElement":[{"@type":"ListItem","position":1,"name":"Accueil","item":"https:\/\/www.reseau-mesure.com\/"},{"@type":"ListItem","position":2,"name":"PLACE DES SALARIES"}]},{"@type":"WebSite","@id":"https:\/\/www.reseau-mesure.com\/#website","url":"https:\/\/www.reseau-mesure.com\/","name":"Netzwerk-Messung","description":"Netzwerkma\u00dfnahme","publisher":{"@id":"https:\/\/www.reseau-mesure.com\/#organization"},"potentialAction":[{"@type":"SearchAction","target":{"@type":"EntryPoint","urlTemplate":"https:\/\/www.reseau-mesure.com\/?s={search_term_string}"},"query-input":{"@type":"PropertyValueSpecification","valueRequired":true,"valueName":"search_term_string"}}],"inLanguage":"de"},{"@type":"Organization","@id":"https:\/\/www.reseau-mesure.com\/#organization","name":"Netzwerk-Messung","url":"https:\/\/www.reseau-mesure.com\/","logo":{"@type":"ImageObject","inLanguage":"de","@id":"https:\/\/www.reseau-mesure.com\/#\/schema\/logo\/image\/","url":"https:\/\/www.reseau-mesure.com\/wp-content\/uploads\/2018\/02\/logo-max.png","contentUrl":"https:\/\/www.reseau-mesure.com\/wp-content\/uploads\/2018\/02\/logo-max.png","width":545,"height":285,"caption":"R\u00e9seau-Mesure"},"image":{"@id":"https:\/\/www.reseau-mesure.com\/#\/schema\/logo\/image\/"},"sameAs":["https:\/\/www.facebook.com\/reseaumesure\/","https:\/\/x.com\/ReseauMesure","https:\/\/www.linkedin.com\/company\/reseau-mesure\/"]}]}},"_links":{"self":[{"href":"https:\/\/www.reseau-mesure.com\/de\/wp-json\/wp\/v2\/pages\/6839","targetHints":{"allow":["GET"]}}],"collection":[{"href":"https:\/\/www.reseau-mesure.com\/de\/wp-json\/wp\/v2\/pages"}],"about":[{"href":"https:\/\/www.reseau-mesure.com\/de\/wp-json\/wp\/v2\/types\/page"}],"author":[{"embeddable":true,"href":"https:\/\/www.reseau-mesure.com\/de\/wp-json\/wp\/v2\/users\/349"}],"replies":[{"embeddable":true,"href":"https:\/\/www.reseau-mesure.com\/de\/wp-json\/wp\/v2\/comments?post=6839"}],"version-history":[{"count":0,"href":"https:\/\/www.reseau-mesure.com\/de\/wp-json\/wp\/v2\/pages\/6839\/revisions"}],"wp:attachment":[{"href":"https:\/\/www.reseau-mesure.com\/de\/wp-json\/wp\/v2\/media?parent=6839"}],"curies":[{"name":"wp","href":"https:\/\/api.w.org\/{rel}","templated":true}]}}