{"id":6931,"date":"2019-04-19T15:46:36","date_gmt":"2019-04-19T13:46:36","guid":{"rendered":"https:\/\/www.reseau-mesure.com\/?page_id=6931"},"modified":"2019-04-19T16:31:36","modified_gmt":"2019-04-19T14:31:36","slug":"tnt","status":"publish","type":"page","link":"https:\/\/www.reseau-mesure.com\/de\/tnt\/","title":{"rendered":"TNT"},"content":{"rendered":"<h1><strong>MESSNETZWERKPARTNERSCHAFT - TNT<\/strong><\/h1>\n<p><img loading=\"lazy\" decoding=\"async\" src=\"https:\/\/www.reseau-mesure.com\/wp-content\/uploads\/2019\/04\/TNT-taille-web.jpg\" alt=\"TNT\" width=\"320\" height=\"179\" \/><\/p>\n<p>&nbsp;<\/p>\n<p><strong><u>TRANSPORTANGEBOTSPAKETE WENIGER ALS 30 kg<\/u><\/strong><\/p>\n<p><em>\u00a0<\/em><\/p>\n<p>Das TNT-Angebot wurde von der Arbeitsgruppe des Messnetzwerks ausgew\u00e4hlt und erm\u00f6glicht allen Unternehmen, die Mitglieder des Messnetzwerks sind, die folgenden Vorzugspreise zu nutzen:<\/p>\n<p><strong>\u00a0<\/strong><\/p>\n<p><strong>Nationale Pakete <\/strong><strong><em>(G\u00fcltig bis 31.12.2019)<\/em><\/strong><\/p>\n<p><strong><em>\u00a0<\/em><\/strong><\/p>\n<p><strong><em>\u00a0<\/em><\/strong><\/p>\n<p>Erm\u00e4\u00dfigung von - 40% auf den Kraftstoffzuschlag (Tarif verf\u00fcgbar am <a href=\"http:\/\/www.tnt.fr\">www.tnt.fr.<\/a>)<\/p>\n<p>Sicherheitsgeb\u00fchr von 0,55 \u20ac pro Paket.<\/p>\n<p>&nbsp;<\/p>\n<p>EXPRESS-TRANSPORT: <strong>LIEFERUNG D + 1 VOR 13.00 UHR<\/strong><\/p>\n<p>&nbsp;<\/p>\n<p>&nbsp;<\/p>\n<p>&nbsp;<\/p>\n<p>&nbsp;<\/p>\n<p>&nbsp;<\/p>\n<p>&nbsp;<\/p>\n<p>&nbsp;<\/p>\n<p>&nbsp;<\/p>\n<p>&nbsp;<\/p>\n<p>&nbsp;<\/p>\n<p>&nbsp;<\/p>\n<p>&nbsp;<\/p>\n<p>&nbsp;<\/p>\n<p>&nbsp;<\/p>\n<p>&nbsp;<\/p>\n<p>&nbsp;<\/p>\n<p><strong>\u00a0<\/strong><\/p>\n<p><strong>\u00a0<\/strong><\/p>\n<p><strong>\u00a0<\/strong><\/p>\n<p><strong>\u00a0<\/strong><\/p>\n<p><strong>\u00a0<\/strong><\/p>\n<p><strong>Internationale Pakete <\/strong><strong><em>(G\u00fcltig bis 31.12.2019) <\/em><\/strong><\/p>\n<p>&nbsp;<\/p>\n<p>&nbsp;<\/p>\n<p>&nbsp;<\/p>\n<p>&nbsp;<\/p>\n<p><strong>\u00a0<\/strong><\/p>\n<p><strong>\u00a0<\/strong><\/p>\n<p><strong>\u00a0<\/strong><\/p>\n<p><strong>\u00a0<\/strong><\/p>\n<p><strong>Kontakt<\/strong><\/p>\n<p>Daniel Bensimon<\/p>\n<p>Buchhalter<\/p>\n<p>Regionale Verkaufsabteilung Paris IDF<\/p>\n<p>M: + 33 (0) 6 85 03 81 35<\/p>\n<p>T: +33 (0) 1 43 53 54 14<\/p>\n<p>F: +33 (0) 1 43 53 85 44<\/p>\n<p><a href=\"mailto:daniel.bensimon@tnt.fr\">daniel.bensimon@tnt.fr<\/a><\/p>\n<p><p>&nbsp;<\/p>\n<p>&nbsp;<\/p>","protected":false},"excerpt":{"rendered":"<p>PARTNERSCHAFT F\u00dcR MESSNETZWERKE - TNT-TRANSPORT-ANGEBOTSPAKETE MIT WENIGER ALS 30 kg Das TNT-Angebot wurde von der Arbeitsgruppe Messnetzwerk ausgew\u00e4hlt und erm\u00f6glicht allen Unternehmen, die Mitglieder des Messnetzwerks sind, die folgenden Vorzugspreise zu nutzen: Nationale Pakete (g\u00fcltig bis 31.12.) \/ 2019) Reduzierung von -\u2026<\/p>","protected":false},"author":685,"featured_media":0,"parent":0,"menu_order":0,"comment_status":"closed","ping_status":"closed","template":"","meta":{"_acf_changed":false,"footnotes":""},"class_list":["post-6931","page","type-page","status-publish","hentry"],"acf":[],"yoast_head":"<!-- This site is optimized with the Yoast SEO plugin v27.5 - https:\/\/yoast.com\/product\/yoast-seo-wordpress\/ -->\n<title>TNT - R\u00e9seau Mesure<\/title>\n<meta name=\"robots\" content=\"index, follow, max-snippet:-1, max-image-preview:large, max-video-preview:-1\" \/>\n<link rel=\"canonical\" href=\"https:\/\/www.reseau-mesure.com\/de\/tnt\/\" \/>\n<meta property=\"og:locale\" content=\"de_DE\" \/>\n<meta property=\"og:type\" content=\"article\" \/>\n<meta property=\"og:title\" content=\"TNT - R\u00e9seau Mesure\" \/>\n<meta property=\"og:description\" content=\"PARTENARIAT R\u00c9SEAU MESURE &#8211; TNT &nbsp; OFFRE TRANSPORT COLIS DE MOINS DE 30KG \u00a0 L\u2019offre de TNT a \u00e9t\u00e9 retenue par le groupe de travail du R\u00e9seau Mesure et permet \u00e0 l\u2019ensemble des soci\u00e9t\u00e9s adh\u00e9rentes au R\u00e9seau Mesure de b\u00e9n\u00e9ficier des tarifs pr\u00e9f\u00e9rentiels suivants\u00a0: \u00a0 Colis nationaux (Validit\u00e9 jusqu\u2019au 31\/12\/2019) \u00a0 \u00a0 R\u00e9duction de \u2013&hellip;\" \/>\n<meta property=\"og:url\" content=\"https:\/\/www.reseau-mesure.com\/de\/tnt\/\" \/>\n<meta property=\"og:site_name\" content=\"R\u00e9seau Mesure\" \/>\n<meta property=\"article:publisher\" content=\"https:\/\/www.facebook.com\/reseaumesure\/\" \/>\n<meta property=\"article:modified_time\" content=\"2019-04-19T14:31:36+00:00\" \/>\n<meta property=\"og:image\" content=\"https:\/\/www.reseau-mesure.com\/wp-content\/uploads\/2019\/04\/TNT-taille-web.jpg\" \/>\n<meta name=\"twitter:card\" content=\"summary_large_image\" \/>\n<meta name=\"twitter:site\" content=\"@ReseauMesure\" \/>\n<meta name=\"twitter:label1\" content=\"Gesch\u00e4tzte Lesezeit\" \/>\n\t<meta name=\"twitter:data1\" content=\"1\u00a0Minute\" \/>\n<script type=\"application\/ld+json\" class=\"yoast-schema-graph\">{\"@context\":\"https:\\\/\\\/schema.org\",\"@graph\":[{\"@type\":\"WebPage\",\"@id\":\"https:\\\/\\\/www.reseau-mesure.com\\\/de\\\/tnt\\\/\",\"url\":\"https:\\\/\\\/www.reseau-mesure.com\\\/de\\\/tnt\\\/\",\"name\":\"TNT - R\u00e9seau Mesure\",\"isPartOf\":{\"@id\":\"https:\\\/\\\/www.reseau-mesure.com\\\/#website\"},\"primaryImageOfPage\":{\"@id\":\"https:\\\/\\\/www.reseau-mesure.com\\\/de\\\/tnt\\\/#primaryimage\"},\"image\":{\"@id\":\"https:\\\/\\\/www.reseau-mesure.com\\\/de\\\/tnt\\\/#primaryimage\"},\"thumbnailUrl\":\"https:\\\/\\\/www.reseau-mesure.com\\\/wp-content\\\/uploads\\\/2019\\\/04\\\/TNT-taille-web.jpg\",\"datePublished\":\"2019-04-19T13:46:36+00:00\",\"dateModified\":\"2019-04-19T14:31:36+00:00\",\"breadcrumb\":{\"@id\":\"https:\\\/\\\/www.reseau-mesure.com\\\/de\\\/tnt\\\/#breadcrumb\"},\"inLanguage\":\"de\",\"potentialAction\":[{\"@type\":\"ReadAction\",\"target\":[\"https:\\\/\\\/www.reseau-mesure.com\\\/de\\\/tnt\\\/\"]}]},{\"@type\":\"ImageObject\",\"inLanguage\":\"de\",\"@id\":\"https:\\\/\\\/www.reseau-mesure.com\\\/de\\\/tnt\\\/#primaryimage\",\"url\":\"https:\\\/\\\/www.reseau-mesure.com\\\/wp-content\\\/uploads\\\/2019\\\/04\\\/TNT-taille-web.jpg\",\"contentUrl\":\"https:\\\/\\\/www.reseau-mesure.com\\\/wp-content\\\/uploads\\\/2019\\\/04\\\/TNT-taille-web.jpg\"},{\"@type\":\"BreadcrumbList\",\"@id\":\"https:\\\/\\\/www.reseau-mesure.com\\\/de\\\/tnt\\\/#breadcrumb\",\"itemListElement\":[{\"@type\":\"ListItem\",\"position\":1,\"name\":\"Accueil\",\"item\":\"https:\\\/\\\/www.reseau-mesure.com\\\/\"},{\"@type\":\"ListItem\",\"position\":2,\"name\":\"TNT\"}]},{\"@type\":\"WebSite\",\"@id\":\"https:\\\/\\\/www.reseau-mesure.com\\\/#website\",\"url\":\"https:\\\/\\\/www.reseau-mesure.com\\\/\",\"name\":\"R\u00e9seau-Mesure\",\"description\":\"R\u00e9seau Mesure\",\"publisher\":{\"@id\":\"https:\\\/\\\/www.reseau-mesure.com\\\/#organization\"},\"potentialAction\":[{\"@type\":\"SearchAction\",\"target\":{\"@type\":\"EntryPoint\",\"urlTemplate\":\"https:\\\/\\\/www.reseau-mesure.com\\\/?s={search_term_string}\"},\"query-input\":{\"@type\":\"PropertyValueSpecification\",\"valueRequired\":true,\"valueName\":\"search_term_string\"}}],\"inLanguage\":\"de\"},{\"@type\":\"Organization\",\"@id\":\"https:\\\/\\\/www.reseau-mesure.com\\\/#organization\",\"name\":\"R\u00e9seau-Mesure\",\"url\":\"https:\\\/\\\/www.reseau-mesure.com\\\/\",\"logo\":{\"@type\":\"ImageObject\",\"inLanguage\":\"de\",\"@id\":\"https:\\\/\\\/www.reseau-mesure.com\\\/#\\\/schema\\\/logo\\\/image\\\/\",\"url\":\"https:\\\/\\\/www.reseau-mesure.com\\\/wp-content\\\/uploads\\\/2018\\\/02\\\/logo-max.png\",\"contentUrl\":\"https:\\\/\\\/www.reseau-mesure.com\\\/wp-content\\\/uploads\\\/2018\\\/02\\\/logo-max.png\",\"width\":545,\"height\":285,\"caption\":\"R\u00e9seau-Mesure\"},\"image\":{\"@id\":\"https:\\\/\\\/www.reseau-mesure.com\\\/#\\\/schema\\\/logo\\\/image\\\/\"},\"sameAs\":[\"https:\\\/\\\/www.facebook.com\\\/reseaumesure\\\/\",\"https:\\\/\\\/x.com\\\/ReseauMesure\",\"https:\\\/\\\/www.linkedin.com\\\/company\\\/reseau-mesure\\\/\"]}]}<\/script>\n<!-- \/ Yoast SEO plugin. -->","yoast_head_json":{"title":"TNT - R\u00e9seau Mesure","robots":{"index":"index","follow":"follow","max-snippet":"max-snippet:-1","max-image-preview":"max-image-preview:large","max-video-preview":"max-video-preview:-1"},"canonical":"https:\/\/www.reseau-mesure.com\/de\/tnt\/","og_locale":"de_DE","og_type":"article","og_title":"TNT - R\u00e9seau Mesure","og_description":"PARTENARIAT R\u00c9SEAU MESURE &#8211; TNT &nbsp; OFFRE TRANSPORT COLIS DE MOINS DE 30KG \u00a0 L\u2019offre de TNT a \u00e9t\u00e9 retenue par le groupe de travail du R\u00e9seau Mesure et permet \u00e0 l\u2019ensemble des soci\u00e9t\u00e9s adh\u00e9rentes au R\u00e9seau Mesure de b\u00e9n\u00e9ficier des tarifs pr\u00e9f\u00e9rentiels suivants\u00a0: \u00a0 Colis nationaux (Validit\u00e9 jusqu\u2019au 31\/12\/2019) \u00a0 \u00a0 R\u00e9duction de \u2013&hellip;","og_url":"https:\/\/www.reseau-mesure.com\/de\/tnt\/","og_site_name":"R\u00e9seau Mesure","article_publisher":"https:\/\/www.facebook.com\/reseaumesure\/","article_modified_time":"2019-04-19T14:31:36+00:00","og_image":[{"url":"https:\/\/www.reseau-mesure.com\/wp-content\/uploads\/2019\/04\/TNT-taille-web.jpg","type":"","width":"","height":""}],"twitter_card":"summary_large_image","twitter_site":"@ReseauMesure","twitter_misc":{"Gesch\u00e4tzte Lesezeit":"1\u00a0Minute"},"schema":{"@context":"https:\/\/schema.org","@graph":[{"@type":"WebPage","@id":"https:\/\/www.reseau-mesure.com\/de\/tnt\/","url":"https:\/\/www.reseau-mesure.com\/de\/tnt\/","name":"TNT - R\u00e9seau Mesure","isPartOf":{"@id":"https:\/\/www.reseau-mesure.com\/#website"},"primaryImageOfPage":{"@id":"https:\/\/www.reseau-mesure.com\/de\/tnt\/#primaryimage"},"image":{"@id":"https:\/\/www.reseau-mesure.com\/de\/tnt\/#primaryimage"},"thumbnailUrl":"https:\/\/www.reseau-mesure.com\/wp-content\/uploads\/2019\/04\/TNT-taille-web.jpg","datePublished":"2019-04-19T13:46:36+00:00","dateModified":"2019-04-19T14:31:36+00:00","breadcrumb":{"@id":"https:\/\/www.reseau-mesure.com\/de\/tnt\/#breadcrumb"},"inLanguage":"de","potentialAction":[{"@type":"ReadAction","target":["https:\/\/www.reseau-mesure.com\/de\/tnt\/"]}]},{"@type":"ImageObject","inLanguage":"de","@id":"https:\/\/www.reseau-mesure.com\/de\/tnt\/#primaryimage","url":"https:\/\/www.reseau-mesure.com\/wp-content\/uploads\/2019\/04\/TNT-taille-web.jpg","contentUrl":"https:\/\/www.reseau-mesure.com\/wp-content\/uploads\/2019\/04\/TNT-taille-web.jpg"},{"@type":"BreadcrumbList","@id":"https:\/\/www.reseau-mesure.com\/de\/tnt\/#breadcrumb","itemListElement":[{"@type":"ListItem","position":1,"name":"Accueil","item":"https:\/\/www.reseau-mesure.com\/"},{"@type":"ListItem","position":2,"name":"TNT"}]},{"@type":"WebSite","@id":"https:\/\/www.reseau-mesure.com\/#website","url":"https:\/\/www.reseau-mesure.com\/","name":"Netzwerk-Messung","description":"Netzwerkma\u00dfnahme","publisher":{"@id":"https:\/\/www.reseau-mesure.com\/#organization"},"potentialAction":[{"@type":"SearchAction","target":{"@type":"EntryPoint","urlTemplate":"https:\/\/www.reseau-mesure.com\/?s={search_term_string}"},"query-input":{"@type":"PropertyValueSpecification","valueRequired":true,"valueName":"search_term_string"}}],"inLanguage":"de"},{"@type":"Organization","@id":"https:\/\/www.reseau-mesure.com\/#organization","name":"Netzwerk-Messung","url":"https:\/\/www.reseau-mesure.com\/","logo":{"@type":"ImageObject","inLanguage":"de","@id":"https:\/\/www.reseau-mesure.com\/#\/schema\/logo\/image\/","url":"https:\/\/www.reseau-mesure.com\/wp-content\/uploads\/2018\/02\/logo-max.png","contentUrl":"https:\/\/www.reseau-mesure.com\/wp-content\/uploads\/2018\/02\/logo-max.png","width":545,"height":285,"caption":"R\u00e9seau-Mesure"},"image":{"@id":"https:\/\/www.reseau-mesure.com\/#\/schema\/logo\/image\/"},"sameAs":["https:\/\/www.facebook.com\/reseaumesure\/","https:\/\/x.com\/ReseauMesure","https:\/\/www.linkedin.com\/company\/reseau-mesure\/"]}]}},"_links":{"self":[{"href":"https:\/\/www.reseau-mesure.com\/de\/wp-json\/wp\/v2\/pages\/6931","targetHints":{"allow":["GET"]}}],"collection":[{"href":"https:\/\/www.reseau-mesure.com\/de\/wp-json\/wp\/v2\/pages"}],"about":[{"href":"https:\/\/www.reseau-mesure.com\/de\/wp-json\/wp\/v2\/types\/page"}],"author":[{"embeddable":true,"href":"https:\/\/www.reseau-mesure.com\/de\/wp-json\/wp\/v2\/users\/685"}],"replies":[{"embeddable":true,"href":"https:\/\/www.reseau-mesure.com\/de\/wp-json\/wp\/v2\/comments?post=6931"}],"version-history":[{"count":0,"href":"https:\/\/www.reseau-mesure.com\/de\/wp-json\/wp\/v2\/pages\/6931\/revisions"}],"wp:attachment":[{"href":"https:\/\/www.reseau-mesure.com\/de\/wp-json\/wp\/v2\/media?parent=6931"}],"curies":[{"name":"wp","href":"https:\/\/api.w.org\/{rel}","templated":true}]}}