{"id":6965,"date":"2023-03-28T09:51:09","date_gmt":"2023-03-28T07:51:09","guid":{"rendered":"https:\/\/www.reseau-mesure.com\/?page_id=6965"},"modified":"2023-09-19T10:12:41","modified_gmt":"2023-09-19T08:12:41","slug":"origaly-3","status":"publish","type":"page","link":"https:\/\/www.reseau-mesure.com\/de\/origaly-3\/","title":{"rendered":"ORIGINAL"},"content":{"rendered":"<h1><strong>MESSNETZ PARTNERSCHAFT \u2013 ORIGALY<\/strong><\/h1>\n<p><a href=\"mailto:abel.wormser@origaly.com\"><img loading=\"lazy\" decoding=\"async\" src=\"https:\/\/www.reseau-mesure.com\/wp-content\/uploads\/2023\/02\/origaly-1.jpg\" alt=\"origaly\" width=\"235\" height=\"224\" \/><\/a><\/p>\n<p>Im Rahmen der Arbeit der Einkaufsgruppe bietet das Messnetzwerk seinen Mitgliedern eine Unterst\u00fctzungsl\u00f6sung zur Finanzierung von Innovationen zu Vorzugsbedingungen.<\/p>\n<p>Als F&amp;E-Experte bietet ORIGALY Innovationsunterst\u00fctzung:<\/p>\n<ul>\n<li>Steuergutschrift f\u00fcr Forschung<\/li>\n<li>Innovationssteuergutschrift<\/li>\n<li>Junges innovatives Unternehmen<\/li>\n<li>CIR- und CII-Zulassungen<\/li>\n<li>Hilfe &amp; Subventionen<\/li>\n<li>IP-Box<\/li>\n<\/ul>\n<p><strong><u>Die den Mitgliedern des Messnetzes vorbehaltenen Bedingungen:<\/u><\/strong><\/p>\n<p>ORIGALY kann eine kostenlose anbieten <strong>Eignungspr\u00fcfung<\/strong> (Steuergutschrift f\u00fcr Forschung\/Innovation\/JEI-Status):<\/p>\n<ul>\n<li>Fachlicher Austausch zu den Hauptgrunds\u00e4tzen der Eignung f\u00fcr das System (wissenschaftliche Neuheit, Unsicherheiten, Ressourcen und Ansatz)<\/li>\n<li>Definition des F\u00f6rderbereichs (f\u00f6rderf\u00e4hige Phasen, thematische Gruppierung)<\/li>\n<li>Redaktionelle Empfehlungen und Sch\u00e4tzung des Bewertungspotenzials<\/li>\n<\/ul>\n<p>&nbsp;<\/p>\n<p>Dar\u00fcber hinaus bietet ORIGALY:<\/p>\n<p><strong>Eine spezielle kostenlose Hotline<\/strong> auf alle individuellen Fragen von Mitgliedern des Messnetzwerks<\/p>\n<p>&nbsp;<\/p>\n<p>&nbsp;<\/p>\n<p>&nbsp;<\/p>\n\t\t\t<a href=\"https:\/\/www.reseau-mesure.com\/wp-content\/uploads\/2023\/09\/Offre-ORIGALY-2023-Reseau-Mesure.docx\" target=\"_blank\" rel=\"noopener\">\n\t\t\t\t\t\t\tLaden Sie das Protokoll herunter\n\t\t\t\t\t<\/a>","protected":false},"excerpt":{"rendered":"<p>MESURE NETWORK PARTNERSHIP \u2013 ORIGALY Im Rahmen der Arbeit der Einkaufsgemeinschaft bietet das Mesure Network seinen Mitgliedern eine F\u00f6rderl\u00f6sung zur Finanzierung von Innovationen zu Vorzugskonditionen. Als Experte f\u00fcr F&amp;E bietet ORIGALY Innovationsunterst\u00fctzung: Research Tax Credit Innovation Tax Credit Young Innovative Company CIR &amp;\u2026<\/p>","protected":false},"author":685,"featured_media":0,"parent":0,"menu_order":0,"comment_status":"closed","ping_status":"closed","template":"","meta":{"_acf_changed":false,"footnotes":""},"class_list":["post-6965","page","type-page","status-publish","hentry"],"acf":[],"yoast_head":"<!-- This site is optimized with the Yoast SEO plugin v27.4 - https:\/\/yoast.com\/product\/yoast-seo-wordpress\/ -->\n<title>ORIGALY - R\u00e9seau Mesure<\/title>\n<meta name=\"description\" content=\"Origaly : accompagnement sur-mesure pour ceux, qui le souhaitent, sur les dispositifs li\u00e9s aux financements de l\u2019innovation.\" \/>\n<meta name=\"robots\" content=\"index, follow, max-snippet:-1, max-image-preview:large, max-video-preview:-1\" \/>\n<link rel=\"canonical\" href=\"https:\/\/www.reseau-mesure.com\/de\/origaly-3\/\" \/>\n<meta property=\"og:locale\" content=\"de_DE\" \/>\n<meta property=\"og:type\" content=\"article\" \/>\n<meta property=\"og:title\" content=\"ORIGALY - R\u00e9seau Mesure\" \/>\n<meta property=\"og:description\" content=\"Origaly : accompagnement sur-mesure pour ceux, qui le souhaitent, sur les dispositifs li\u00e9s aux financements de l\u2019innovation.\" \/>\n<meta property=\"og:url\" content=\"https:\/\/www.reseau-mesure.com\/de\/origaly-3\/\" \/>\n<meta property=\"og:site_name\" content=\"R\u00e9seau Mesure\" \/>\n<meta property=\"article:publisher\" content=\"https:\/\/www.facebook.com\/reseaumesure\/\" \/>\n<meta property=\"article:modified_time\" content=\"2023-09-19T08:12:41+00:00\" \/>\n<meta property=\"og:image\" content=\"https:\/\/www.reseau-mesure.com\/wp-content\/uploads\/2023\/02\/origaly-1.jpg\" \/>\n<meta name=\"twitter:card\" content=\"summary_large_image\" \/>\n<meta name=\"twitter:site\" content=\"@ReseauMesure\" \/>\n<meta name=\"twitter:label1\" content=\"Gesch\u00e4tzte Lesezeit\" \/>\n\t<meta name=\"twitter:data1\" content=\"1\u00a0Minute\" \/>\n<script type=\"application\/ld+json\" class=\"yoast-schema-graph\">{\"@context\":\"https:\\\/\\\/schema.org\",\"@graph\":[{\"@type\":\"WebPage\",\"@id\":\"https:\\\/\\\/www.reseau-mesure.com\\\/origaly-3\\\/\",\"url\":\"https:\\\/\\\/www.reseau-mesure.com\\\/origaly-3\\\/\",\"name\":\"ORIGALY - R\u00e9seau Mesure\",\"isPartOf\":{\"@id\":\"https:\\\/\\\/www.reseau-mesure.com\\\/#website\"},\"primaryImageOfPage\":{\"@id\":\"https:\\\/\\\/www.reseau-mesure.com\\\/origaly-3\\\/#primaryimage\"},\"image\":{\"@id\":\"https:\\\/\\\/www.reseau-mesure.com\\\/origaly-3\\\/#primaryimage\"},\"thumbnailUrl\":\"https:\\\/\\\/www.reseau-mesure.com\\\/wp-content\\\/uploads\\\/2023\\\/02\\\/origaly-1.jpg\",\"datePublished\":\"2023-03-28T07:51:09+00:00\",\"dateModified\":\"2023-09-19T08:12:41+00:00\",\"description\":\"Origaly : accompagnement sur-mesure pour ceux, qui le souhaitent, sur les dispositifs li\u00e9s aux financements de l\u2019innovation.\",\"breadcrumb\":{\"@id\":\"https:\\\/\\\/www.reseau-mesure.com\\\/origaly-3\\\/#breadcrumb\"},\"inLanguage\":\"de\",\"potentialAction\":[{\"@type\":\"ReadAction\",\"target\":[\"https:\\\/\\\/www.reseau-mesure.com\\\/origaly-3\\\/\"]}]},{\"@type\":\"ImageObject\",\"inLanguage\":\"de\",\"@id\":\"https:\\\/\\\/www.reseau-mesure.com\\\/origaly-3\\\/#primaryimage\",\"url\":\"https:\\\/\\\/www.reseau-mesure.com\\\/wp-content\\\/uploads\\\/2023\\\/02\\\/origaly-1.jpg\",\"contentUrl\":\"https:\\\/\\\/www.reseau-mesure.com\\\/wp-content\\\/uploads\\\/2023\\\/02\\\/origaly-1.jpg\"},{\"@type\":\"BreadcrumbList\",\"@id\":\"https:\\\/\\\/www.reseau-mesure.com\\\/origaly-3\\\/#breadcrumb\",\"itemListElement\":[{\"@type\":\"ListItem\",\"position\":1,\"name\":\"Accueil\",\"item\":\"https:\\\/\\\/www.reseau-mesure.com\\\/\"},{\"@type\":\"ListItem\",\"position\":2,\"name\":\"ORIGALY\"}]},{\"@type\":\"WebSite\",\"@id\":\"https:\\\/\\\/www.reseau-mesure.com\\\/#website\",\"url\":\"https:\\\/\\\/www.reseau-mesure.com\\\/\",\"name\":\"R\u00e9seau-Mesure\",\"description\":\"R\u00e9seau Mesure\",\"publisher\":{\"@id\":\"https:\\\/\\\/www.reseau-mesure.com\\\/#organization\"},\"potentialAction\":[{\"@type\":\"SearchAction\",\"target\":{\"@type\":\"EntryPoint\",\"urlTemplate\":\"https:\\\/\\\/www.reseau-mesure.com\\\/?s={search_term_string}\"},\"query-input\":{\"@type\":\"PropertyValueSpecification\",\"valueRequired\":true,\"valueName\":\"search_term_string\"}}],\"inLanguage\":\"de\"},{\"@type\":\"Organization\",\"@id\":\"https:\\\/\\\/www.reseau-mesure.com\\\/#organization\",\"name\":\"R\u00e9seau-Mesure\",\"url\":\"https:\\\/\\\/www.reseau-mesure.com\\\/\",\"logo\":{\"@type\":\"ImageObject\",\"inLanguage\":\"de\",\"@id\":\"https:\\\/\\\/www.reseau-mesure.com\\\/#\\\/schema\\\/logo\\\/image\\\/\",\"url\":\"https:\\\/\\\/www.reseau-mesure.com\\\/wp-content\\\/uploads\\\/2018\\\/02\\\/logo-max.png\",\"contentUrl\":\"https:\\\/\\\/www.reseau-mesure.com\\\/wp-content\\\/uploads\\\/2018\\\/02\\\/logo-max.png\",\"width\":545,\"height\":285,\"caption\":\"R\u00e9seau-Mesure\"},\"image\":{\"@id\":\"https:\\\/\\\/www.reseau-mesure.com\\\/#\\\/schema\\\/logo\\\/image\\\/\"},\"sameAs\":[\"https:\\\/\\\/www.facebook.com\\\/reseaumesure\\\/\",\"https:\\\/\\\/x.com\\\/ReseauMesure\",\"https:\\\/\\\/www.linkedin.com\\\/company\\\/reseau-mesure\\\/\"]}]}<\/script>\n<!-- \/ Yoast SEO plugin. -->","yoast_head_json":{"title":"ORIGALY - R\u00e9seau Mesure","description":"Origaly : accompagnement sur-mesure pour ceux, qui le souhaitent, sur les dispositifs li\u00e9s aux financements de l\u2019innovation.","robots":{"index":"index","follow":"follow","max-snippet":"max-snippet:-1","max-image-preview":"max-image-preview:large","max-video-preview":"max-video-preview:-1"},"canonical":"https:\/\/www.reseau-mesure.com\/de\/origaly-3\/","og_locale":"de_DE","og_type":"article","og_title":"ORIGALY - R\u00e9seau Mesure","og_description":"Origaly : accompagnement sur-mesure pour ceux, qui le souhaitent, sur les dispositifs li\u00e9s aux financements de l\u2019innovation.","og_url":"https:\/\/www.reseau-mesure.com\/de\/origaly-3\/","og_site_name":"R\u00e9seau Mesure","article_publisher":"https:\/\/www.facebook.com\/reseaumesure\/","article_modified_time":"2023-09-19T08:12:41+00:00","og_image":[{"url":"https:\/\/www.reseau-mesure.com\/wp-content\/uploads\/2023\/02\/origaly-1.jpg","type":"","width":"","height":""}],"twitter_card":"summary_large_image","twitter_site":"@ReseauMesure","twitter_misc":{"Gesch\u00e4tzte Lesezeit":"1\u00a0Minute"},"schema":{"@context":"https:\/\/schema.org","@graph":[{"@type":"WebPage","@id":"https:\/\/www.reseau-mesure.com\/origaly-3\/","url":"https:\/\/www.reseau-mesure.com\/origaly-3\/","name":"ORIGALY - R\u00e9seau Mesure","isPartOf":{"@id":"https:\/\/www.reseau-mesure.com\/#website"},"primaryImageOfPage":{"@id":"https:\/\/www.reseau-mesure.com\/origaly-3\/#primaryimage"},"image":{"@id":"https:\/\/www.reseau-mesure.com\/origaly-3\/#primaryimage"},"thumbnailUrl":"https:\/\/www.reseau-mesure.com\/wp-content\/uploads\/2023\/02\/origaly-1.jpg","datePublished":"2023-03-28T07:51:09+00:00","dateModified":"2023-09-19T08:12:41+00:00","description":"Origaly : accompagnement sur-mesure pour ceux, qui le souhaitent, sur les dispositifs li\u00e9s aux financements de l\u2019innovation.","breadcrumb":{"@id":"https:\/\/www.reseau-mesure.com\/origaly-3\/#breadcrumb"},"inLanguage":"de","potentialAction":[{"@type":"ReadAction","target":["https:\/\/www.reseau-mesure.com\/origaly-3\/"]}]},{"@type":"ImageObject","inLanguage":"de","@id":"https:\/\/www.reseau-mesure.com\/origaly-3\/#primaryimage","url":"https:\/\/www.reseau-mesure.com\/wp-content\/uploads\/2023\/02\/origaly-1.jpg","contentUrl":"https:\/\/www.reseau-mesure.com\/wp-content\/uploads\/2023\/02\/origaly-1.jpg"},{"@type":"BreadcrumbList","@id":"https:\/\/www.reseau-mesure.com\/origaly-3\/#breadcrumb","itemListElement":[{"@type":"ListItem","position":1,"name":"Accueil","item":"https:\/\/www.reseau-mesure.com\/"},{"@type":"ListItem","position":2,"name":"ORIGALY"}]},{"@type":"WebSite","@id":"https:\/\/www.reseau-mesure.com\/#website","url":"https:\/\/www.reseau-mesure.com\/","name":"Netzwerk-Messung","description":"Netzwerkma\u00dfnahme","publisher":{"@id":"https:\/\/www.reseau-mesure.com\/#organization"},"potentialAction":[{"@type":"SearchAction","target":{"@type":"EntryPoint","urlTemplate":"https:\/\/www.reseau-mesure.com\/?s={search_term_string}"},"query-input":{"@type":"PropertyValueSpecification","valueRequired":true,"valueName":"search_term_string"}}],"inLanguage":"de"},{"@type":"Organization","@id":"https:\/\/www.reseau-mesure.com\/#organization","name":"Netzwerk-Messung","url":"https:\/\/www.reseau-mesure.com\/","logo":{"@type":"ImageObject","inLanguage":"de","@id":"https:\/\/www.reseau-mesure.com\/#\/schema\/logo\/image\/","url":"https:\/\/www.reseau-mesure.com\/wp-content\/uploads\/2018\/02\/logo-max.png","contentUrl":"https:\/\/www.reseau-mesure.com\/wp-content\/uploads\/2018\/02\/logo-max.png","width":545,"height":285,"caption":"R\u00e9seau-Mesure"},"image":{"@id":"https:\/\/www.reseau-mesure.com\/#\/schema\/logo\/image\/"},"sameAs":["https:\/\/www.facebook.com\/reseaumesure\/","https:\/\/x.com\/ReseauMesure","https:\/\/www.linkedin.com\/company\/reseau-mesure\/"]}]}},"_links":{"self":[{"href":"https:\/\/www.reseau-mesure.com\/de\/wp-json\/wp\/v2\/pages\/6965","targetHints":{"allow":["GET"]}}],"collection":[{"href":"https:\/\/www.reseau-mesure.com\/de\/wp-json\/wp\/v2\/pages"}],"about":[{"href":"https:\/\/www.reseau-mesure.com\/de\/wp-json\/wp\/v2\/types\/page"}],"author":[{"embeddable":true,"href":"https:\/\/www.reseau-mesure.com\/de\/wp-json\/wp\/v2\/users\/685"}],"replies":[{"embeddable":true,"href":"https:\/\/www.reseau-mesure.com\/de\/wp-json\/wp\/v2\/comments?post=6965"}],"version-history":[{"count":0,"href":"https:\/\/www.reseau-mesure.com\/de\/wp-json\/wp\/v2\/pages\/6965\/revisions"}],"wp:attachment":[{"href":"https:\/\/www.reseau-mesure.com\/de\/wp-json\/wp\/v2\/media?parent=6965"}],"curies":[{"name":"wp","href":"https:\/\/api.w.org\/{rel}","templated":true}]}}