{"id":6980,"date":"2019-04-23T14:35:08","date_gmt":"2019-04-23T12:35:08","guid":{"rendered":"https:\/\/www.reseau-mesure.com\/?page_id=6980"},"modified":"2019-05-09T12:08:53","modified_gmt":"2019-05-09T10:08:53","slug":"arp","status":"publish","type":"page","link":"https:\/\/www.reseau-mesure.com\/de\/arp\/","title":{"rendered":"ARP"},"content":{"rendered":"<h1><strong>PARTNERSCHAFT IM MESSNETZWERK - ARP<\/strong><\/h1>\n<p><img loading=\"lazy\" decoding=\"async\" src=\"https:\/\/www.reseau-mesure.com\/wp-content\/uploads\/2018\/01\/ARP.png\" alt=\"ARP\" width=\"248\" height=\"149\" \/><\/p>\n<p>&nbsp;<\/p>\n<h2><strong>Profitieren Sie von einem HARDWARE- UND SOFTWARE-Angebot<\/strong><\/h2>\n<ul>\n<li><strong>Hardware<\/strong>: PCs, Drucker, Server ...<\/li>\n<li><strong>Peripherieger\u00e4te, Zubeh\u00f6r und Verbrauchsmaterialien<\/strong>: Kabel, Fasern, Zifferntasten ...<\/li>\n<li><strong>Telefonie, Kommunikation<\/strong>: Mobiltelefone, Videoprojektor usw.<\/li>\n<li><strong>Software<\/strong>: Lizenzen, Software ...<\/li>\n<\/ul>\n<h2><strong>Eine globale Antwort f\u00fcr alle Ihre Bed\u00fcrfnisse:<\/strong><\/h2>\n<ul>\n<li>300 Bauherren und Redakteure direkt,<\/li>\n<li><strong>Zertifizierungen<\/strong>\u00a0: unter den h\u00f6chsten auf dem Markt, um die besten Preise zu erhalten,<\/li>\n<li><strong>Decke<\/strong>\u00a0: Verwaltung von 60.000 Artikelreferenzen,<\/li>\n<li><strong>Lager:<\/strong>\u00a020.000 m2 mit Lieferung innerhalb von 24 Stunden f\u00fcr jedes in Frankreich erh\u00e4ltliche Produkt<\/li>\n<\/ul>\n<h2><strong>Die Vorteile des Messnetzwerks:<\/strong><\/h2>\n<ul>\n<li>Eine Website mit einem<strong> dedizierter Bereich<\/strong> an das Messnetzwerk<\/li>\n<li>Von<strong> ausgehandelte Preise\u00a0<\/strong>auf eine Auswahl von Produkten<\/li>\n<li>Von <strong>ARP-Computer liefert zu Vorzugspreisen<\/strong><\/li>\n<li>EIN<strong> engagierter Kontakt\u00a0<\/strong>an das Messnetzwerk, um Sie zu beraten und auf Anfrage Angebote zu unterbreiten<\/li>\n<\/ul>\n<p>&nbsp;<\/p>\n<p>\t\t\t<a href=\"https:\/\/www.reseau-mesure.com\/wp-content\/uploads\/2019\/04\/Protocole-accord-adh\u00e9rents-ARP-2019.pdf\" target=\"_self\" role=\"button\"><br \/>\n\t\t\t\t\t\t\tLaden Sie das Protokoll herunter<br \/>\n\t\t\t\t\t<\/a><\/p>","protected":false},"excerpt":{"rendered":"<p>MESSNETZWERKPARTNERSCHAFT - ARP Profitieren Sie von einem HARDWARE- UND SOFTWARE-Hardwareangebot: PCs, Drucker, Server\u2026 Peripherieger\u00e4te, Zubeh\u00f6r und Verbrauchsmaterialien: Kabel, Fasern, Ziffernbl\u00f6cke\u2026 Telefonie, Kommunikation: Mobiltelefone, Videoprojektor\u2026 Software: Lizenzen, Software\u2026 A. Globale Antwort f\u00fcr alle Ihre Anforderungen: 300 Hersteller und Verlage direkt, Zertifizierungen: Zu den h\u00f6chsten auf dem Markt, die es zu erhalten gilt\u2026<\/p>","protected":false},"author":349,"featured_media":0,"parent":0,"menu_order":0,"comment_status":"closed","ping_status":"closed","template":"","meta":{"_acf_changed":false,"footnotes":""},"class_list":["post-6980","page","type-page","status-publish","hentry"],"acf":[],"yoast_head":"<!-- This site is optimized with the Yoast SEO plugin v27.3 - https:\/\/yoast.com\/product\/yoast-seo-wordpress\/ -->\n<title>ARP - R\u00e9seau Mesure<\/title>\n<meta name=\"robots\" content=\"index, follow, max-snippet:-1, max-image-preview:large, max-video-preview:-1\" \/>\n<link rel=\"canonical\" href=\"http:\/\/www.reseau-mesure.com\/de\/arp\/\" \/>\n<meta property=\"og:locale\" content=\"de_DE\" \/>\n<meta property=\"og:type\" content=\"article\" \/>\n<meta property=\"og:title\" content=\"ARP - R\u00e9seau Mesure\" \/>\n<meta property=\"og:description\" content=\"PARTENARIAT R\u00c9SEAU MESURE &#8211; ARP &nbsp; B\u00e9n\u00e9ficier d&rsquo;une offre HARDWARE ET SOFTWARE Hardware: PC, imprimantes, serveurs&#8230; P\u00e9riph\u00e9riques, accessoires et consommables: c\u00e2bles, fibres, pav\u00e9s num\u00e9riques&#8230; T\u00e9l\u00e9phonie, communication: t\u00e9l\u00e9phones mobiles, vid\u00e9o projecteur&#8230; Software: Licences, logiciels&#8230; Une r\u00e9ponse globale pour tous vos besoins: 300 constructeurs et \u00e9diteurs en direct, Certifications\u00a0: parmi les plus hautes du march\u00e9 pour obtenir&hellip;\" \/>\n<meta property=\"og:url\" content=\"http:\/\/www.reseau-mesure.com\/de\/arp\/\" \/>\n<meta property=\"og:site_name\" content=\"R\u00e9seau Mesure\" \/>\n<meta property=\"article:publisher\" content=\"https:\/\/www.facebook.com\/reseaumesure\/\" \/>\n<meta property=\"article:modified_time\" content=\"2019-05-09T10:08:53+00:00\" \/>\n<meta property=\"og:image\" content=\"https:\/\/www.reseau-mesure.com\/wp-content\/uploads\/2018\/01\/ARP.png\" \/>\n<meta name=\"twitter:card\" content=\"summary_large_image\" \/>\n<meta name=\"twitter:site\" content=\"@ReseauMesure\" \/>\n<meta name=\"twitter:label1\" content=\"Gesch\u00e4tzte Lesezeit\" \/>\n\t<meta name=\"twitter:data1\" content=\"1\u00a0Minute\" \/>\n<script type=\"application\/ld+json\" class=\"yoast-schema-graph\">{\"@context\":\"https:\\\/\\\/schema.org\",\"@graph\":[{\"@type\":\"WebPage\",\"@id\":\"http:\\\/\\\/www.reseau-mesure.com\\\/en\\\/arp\\\/\",\"url\":\"http:\\\/\\\/www.reseau-mesure.com\\\/en\\\/arp\\\/\",\"name\":\"ARP - R\u00e9seau Mesure\",\"isPartOf\":{\"@id\":\"https:\\\/\\\/www.reseau-mesure.com\\\/#website\"},\"primaryImageOfPage\":{\"@id\":\"http:\\\/\\\/www.reseau-mesure.com\\\/en\\\/arp\\\/#primaryimage\"},\"image\":{\"@id\":\"http:\\\/\\\/www.reseau-mesure.com\\\/en\\\/arp\\\/#primaryimage\"},\"thumbnailUrl\":\"https:\\\/\\\/www.reseau-mesure.com\\\/wp-content\\\/uploads\\\/2018\\\/01\\\/ARP.png\",\"datePublished\":\"2019-04-23T12:35:08+00:00\",\"dateModified\":\"2019-05-09T10:08:53+00:00\",\"breadcrumb\":{\"@id\":\"http:\\\/\\\/www.reseau-mesure.com\\\/en\\\/arp\\\/#breadcrumb\"},\"inLanguage\":\"de\",\"potentialAction\":[{\"@type\":\"ReadAction\",\"target\":[\"http:\\\/\\\/www.reseau-mesure.com\\\/en\\\/arp\\\/\"]}]},{\"@type\":\"ImageObject\",\"inLanguage\":\"de\",\"@id\":\"http:\\\/\\\/www.reseau-mesure.com\\\/en\\\/arp\\\/#primaryimage\",\"url\":\"https:\\\/\\\/www.reseau-mesure.com\\\/wp-content\\\/uploads\\\/2018\\\/01\\\/ARP.png\",\"contentUrl\":\"https:\\\/\\\/www.reseau-mesure.com\\\/wp-content\\\/uploads\\\/2018\\\/01\\\/ARP.png\"},{\"@type\":\"BreadcrumbList\",\"@id\":\"http:\\\/\\\/www.reseau-mesure.com\\\/en\\\/arp\\\/#breadcrumb\",\"itemListElement\":[{\"@type\":\"ListItem\",\"position\":1,\"name\":\"Accueil\",\"item\":\"https:\\\/\\\/www.reseau-mesure.com\\\/\"},{\"@type\":\"ListItem\",\"position\":2,\"name\":\"ARP\"}]},{\"@type\":\"WebSite\",\"@id\":\"https:\\\/\\\/www.reseau-mesure.com\\\/#website\",\"url\":\"https:\\\/\\\/www.reseau-mesure.com\\\/\",\"name\":\"R\u00e9seau-Mesure\",\"description\":\"R\u00e9seau Mesure\",\"publisher\":{\"@id\":\"https:\\\/\\\/www.reseau-mesure.com\\\/#organization\"},\"potentialAction\":[{\"@type\":\"SearchAction\",\"target\":{\"@type\":\"EntryPoint\",\"urlTemplate\":\"https:\\\/\\\/www.reseau-mesure.com\\\/?s={search_term_string}\"},\"query-input\":{\"@type\":\"PropertyValueSpecification\",\"valueRequired\":true,\"valueName\":\"search_term_string\"}}],\"inLanguage\":\"de\"},{\"@type\":\"Organization\",\"@id\":\"https:\\\/\\\/www.reseau-mesure.com\\\/#organization\",\"name\":\"R\u00e9seau-Mesure\",\"url\":\"https:\\\/\\\/www.reseau-mesure.com\\\/\",\"logo\":{\"@type\":\"ImageObject\",\"inLanguage\":\"de\",\"@id\":\"https:\\\/\\\/www.reseau-mesure.com\\\/#\\\/schema\\\/logo\\\/image\\\/\",\"url\":\"https:\\\/\\\/www.reseau-mesure.com\\\/wp-content\\\/uploads\\\/2018\\\/02\\\/logo-max.png\",\"contentUrl\":\"https:\\\/\\\/www.reseau-mesure.com\\\/wp-content\\\/uploads\\\/2018\\\/02\\\/logo-max.png\",\"width\":545,\"height\":285,\"caption\":\"R\u00e9seau-Mesure\"},\"image\":{\"@id\":\"https:\\\/\\\/www.reseau-mesure.com\\\/#\\\/schema\\\/logo\\\/image\\\/\"},\"sameAs\":[\"https:\\\/\\\/www.facebook.com\\\/reseaumesure\\\/\",\"https:\\\/\\\/x.com\\\/ReseauMesure\",\"https:\\\/\\\/www.linkedin.com\\\/company\\\/reseau-mesure\\\/\"]}]}<\/script>\n<!-- \/ Yoast SEO plugin. -->","yoast_head_json":{"title":"ARP - R\u00e9seau Mesure","robots":{"index":"index","follow":"follow","max-snippet":"max-snippet:-1","max-image-preview":"max-image-preview:large","max-video-preview":"max-video-preview:-1"},"canonical":"http:\/\/www.reseau-mesure.com\/de\/arp\/","og_locale":"de_DE","og_type":"article","og_title":"ARP - R\u00e9seau Mesure","og_description":"PARTENARIAT R\u00c9SEAU MESURE &#8211; ARP &nbsp; B\u00e9n\u00e9ficier d&rsquo;une offre HARDWARE ET SOFTWARE Hardware: PC, imprimantes, serveurs&#8230; P\u00e9riph\u00e9riques, accessoires et consommables: c\u00e2bles, fibres, pav\u00e9s num\u00e9riques&#8230; T\u00e9l\u00e9phonie, communication: t\u00e9l\u00e9phones mobiles, vid\u00e9o projecteur&#8230; Software: Licences, logiciels&#8230; Une r\u00e9ponse globale pour tous vos besoins: 300 constructeurs et \u00e9diteurs en direct, Certifications\u00a0: parmi les plus hautes du march\u00e9 pour obtenir&hellip;","og_url":"http:\/\/www.reseau-mesure.com\/de\/arp\/","og_site_name":"R\u00e9seau Mesure","article_publisher":"https:\/\/www.facebook.com\/reseaumesure\/","article_modified_time":"2019-05-09T10:08:53+00:00","og_image":[{"url":"https:\/\/www.reseau-mesure.com\/wp-content\/uploads\/2018\/01\/ARP.png","type":"","width":"","height":""}],"twitter_card":"summary_large_image","twitter_site":"@ReseauMesure","twitter_misc":{"Gesch\u00e4tzte Lesezeit":"1\u00a0Minute"},"schema":{"@context":"https:\/\/schema.org","@graph":[{"@type":"WebPage","@id":"http:\/\/www.reseau-mesure.com\/en\/arp\/","url":"http:\/\/www.reseau-mesure.com\/en\/arp\/","name":"ARP - R\u00e9seau Mesure","isPartOf":{"@id":"https:\/\/www.reseau-mesure.com\/#website"},"primaryImageOfPage":{"@id":"http:\/\/www.reseau-mesure.com\/en\/arp\/#primaryimage"},"image":{"@id":"http:\/\/www.reseau-mesure.com\/en\/arp\/#primaryimage"},"thumbnailUrl":"https:\/\/www.reseau-mesure.com\/wp-content\/uploads\/2018\/01\/ARP.png","datePublished":"2019-04-23T12:35:08+00:00","dateModified":"2019-05-09T10:08:53+00:00","breadcrumb":{"@id":"http:\/\/www.reseau-mesure.com\/en\/arp\/#breadcrumb"},"inLanguage":"de","potentialAction":[{"@type":"ReadAction","target":["http:\/\/www.reseau-mesure.com\/en\/arp\/"]}]},{"@type":"ImageObject","inLanguage":"de","@id":"http:\/\/www.reseau-mesure.com\/en\/arp\/#primaryimage","url":"https:\/\/www.reseau-mesure.com\/wp-content\/uploads\/2018\/01\/ARP.png","contentUrl":"https:\/\/www.reseau-mesure.com\/wp-content\/uploads\/2018\/01\/ARP.png"},{"@type":"BreadcrumbList","@id":"http:\/\/www.reseau-mesure.com\/en\/arp\/#breadcrumb","itemListElement":[{"@type":"ListItem","position":1,"name":"Accueil","item":"https:\/\/www.reseau-mesure.com\/"},{"@type":"ListItem","position":2,"name":"ARP"}]},{"@type":"WebSite","@id":"https:\/\/www.reseau-mesure.com\/#website","url":"https:\/\/www.reseau-mesure.com\/","name":"Netzwerk-Messung","description":"Netzwerkma\u00dfnahme","publisher":{"@id":"https:\/\/www.reseau-mesure.com\/#organization"},"potentialAction":[{"@type":"SearchAction","target":{"@type":"EntryPoint","urlTemplate":"https:\/\/www.reseau-mesure.com\/?s={search_term_string}"},"query-input":{"@type":"PropertyValueSpecification","valueRequired":true,"valueName":"search_term_string"}}],"inLanguage":"de"},{"@type":"Organization","@id":"https:\/\/www.reseau-mesure.com\/#organization","name":"Netzwerk-Messung","url":"https:\/\/www.reseau-mesure.com\/","logo":{"@type":"ImageObject","inLanguage":"de","@id":"https:\/\/www.reseau-mesure.com\/#\/schema\/logo\/image\/","url":"https:\/\/www.reseau-mesure.com\/wp-content\/uploads\/2018\/02\/logo-max.png","contentUrl":"https:\/\/www.reseau-mesure.com\/wp-content\/uploads\/2018\/02\/logo-max.png","width":545,"height":285,"caption":"R\u00e9seau-Mesure"},"image":{"@id":"https:\/\/www.reseau-mesure.com\/#\/schema\/logo\/image\/"},"sameAs":["https:\/\/www.facebook.com\/reseaumesure\/","https:\/\/x.com\/ReseauMesure","https:\/\/www.linkedin.com\/company\/reseau-mesure\/"]}]}},"_links":{"self":[{"href":"https:\/\/www.reseau-mesure.com\/de\/wp-json\/wp\/v2\/pages\/6980","targetHints":{"allow":["GET"]}}],"collection":[{"href":"https:\/\/www.reseau-mesure.com\/de\/wp-json\/wp\/v2\/pages"}],"about":[{"href":"https:\/\/www.reseau-mesure.com\/de\/wp-json\/wp\/v2\/types\/page"}],"author":[{"embeddable":true,"href":"https:\/\/www.reseau-mesure.com\/de\/wp-json\/wp\/v2\/users\/349"}],"replies":[{"embeddable":true,"href":"https:\/\/www.reseau-mesure.com\/de\/wp-json\/wp\/v2\/comments?post=6980"}],"version-history":[{"count":0,"href":"https:\/\/www.reseau-mesure.com\/de\/wp-json\/wp\/v2\/pages\/6980\/revisions"}],"wp:attachment":[{"href":"https:\/\/www.reseau-mesure.com\/de\/wp-json\/wp\/v2\/media?parent=6980"}],"curies":[{"name":"wp","href":"https:\/\/api.w.org\/{rel}","templated":true}]}}