{"id":7012,"date":"2019-04-29T15:24:43","date_gmt":"2019-04-29T13:24:43","guid":{"rendered":"https:\/\/www.reseau-mesure.com\/?page_id=7012"},"modified":"2019-04-29T15:24:43","modified_gmt":"2019-04-29T13:24:43","slug":"offre-speciale-la-gazette-du-laboratoire-cim-2019-measurement-world-2019","status":"publish","type":"page","link":"https:\/\/www.reseau-mesure.com\/de\/offre-speciale-la-gazette-du-laboratoire-cim-2019-measurement-world-2019\/","title":{"rendered":"Sonderangebot La Gazette du Laboratoire - CIM 2019 - Measurement World 2019"},"content":{"rendered":"<h1><strong><u>LABOR GAZETTE Sonderangebot<\/u><\/strong><\/h1>\n<p><img loading=\"lazy\" decoding=\"async\" src=\"https:\/\/www.reseau-mesure.com\/wp-content\/uploads\/2018\/01\/LOGO-la-gazette-du-labratoire-300x98.png\" alt=\"la Gazette du Laboratoire\" width=\"300\" height=\"98\" \/><\/p>\n<p>&nbsp;<\/p>\n<p>Das<strong> LABOR Gazette<\/strong>, Partner des Messnetzwerks, bietet Ihnen <strong>ihre Medien zu nutzen, um Ihre Sichtbarkeit bei ihrem wissenschaftlichen Publikum zu erh\u00f6hen.<\/strong><strong>\u00a0<\/strong><\/p>\n<p>Die Gazette du LABORATOIRE wird im Herzen des Metrologiedorfes MW2019 vertreten sein.<\/p>\n<p>&nbsp;<\/p>\n<p><strong><u>Sonderangebot CIM 2019 + Measurement World 2019 - September 2019:<\/u><\/strong><\/p>\n<p>&nbsp;<\/p>\n<p><strong>\u00a0<\/strong><strong>Online-Sichtbarkeit\u00a0<\/strong><\/p>\n<p>Aufnahme in den FRANCE JUNI 2019 Newsletter (interaktiver + visueller Text)<\/p>\n<p><strong>bei 350 \u20ac HT<\/strong>\/ Ver\u00f6ffentlichung (statt 390 \u20ac HT Preisliste) - <strong><em>Technische Frist 06\/06\/2019<\/em><\/strong><\/p>\n<p>&nbsp;<\/p>\n<p><strong>Sichtbarkeit drucken<\/strong><\/p>\n<p>\u00bc-seitiger vierfarbiger Werbeeinsatz (Format 105 x H 155 mm) in der Ausgabe SEPTEMBER 2019<\/p>\n<p><strong>beim<\/strong> <strong>1350 \u20ac ht \/ Publikation<\/strong> \u00a0(statt \u20ac 1.500 ohne Steuerpreis) - <strong><em>Technische Frist 22\/07\/2019<\/em><\/strong><\/p>\n<p>&nbsp;<\/p>\n<p><strong>Angebot f\u00fcr Print + Online Visibility Pack\u00a0<\/strong><\/p>\n<p>Einf\u00fcgung in den FRANKREICH JUNI Newsletter + \u00bc Seite vierfarbiger Werbeeinsatz (Format 105 x H 155 mm) in der Ausgabe SEPTEMBER 2019<\/p>\n<p><strong>bei 1500 \u20ac HT<\/strong> <em>(statt 1.890 \u20ac ohne Steuern, Standardtarif)<\/em><\/p>\n<p>&nbsp;<\/p>\n<p><em>Unsere Printausgaben von Juni, Juli und September (8000 Exemplare \/ Monat) sowie unsere n\u00e4chsten <\/em><a href=\"https:\/\/www.gazettelabo.fr\/elettre\/\"><em>Newsletter Frankreich<\/em><\/a><em> (jeweilige Ver\u00f6ffentlichung am 16\/05, 13\/06, 11\/07 und 12\/09 - zum Zeitpunkt der Ver\u00f6ffentlichung auf unserer Website an mehr als 45.000 Kontakte gesendet <\/em><a href=\"http:\/\/www.gazettelabo.fr\"><em>www.gazettelabo.fr<\/em><\/a><em>) wird an der F\u00f6rderung von CIM 2019 und MW2019 teilnehmen.<\/em><\/p>\n<p><em>Unsere Printausgabe vom September 2019 wird auch w\u00e4hrend der gesamten Messe auf unserem Stand erh\u00e4ltlich sein. <\/em><\/p>\n<p>&nbsp;<\/p>\n<p>&nbsp;<\/p>\n<p><strong>Um Ihre Stellpl\u00e4tze jetzt zu buchen und weitere Informationen zu erhalten, wenden Sie sich an:<\/strong><\/p>\n<p>Virginie MURAT - <a href=\"mailto:virginie.murat@gazettelabo.fr\">virginie.murat@gazettelabo.fr<\/a> oder<\/p>\n<p>Christine BOUILLARD - <a href=\"mailto:cbouillard@gazettelabo.fr\">cbouillard@gazettelabo.fr<\/a><\/p>\n<p>oder rufen Sie La Gazette du LABORATOIRE unter 04 77 72 09 65 an.<\/p>\n<p>&nbsp;<\/p>","protected":false},"excerpt":{"rendered":"<p>Sonderangebot LA GAZETTE DU LABORATOIRE Die Gazette du LABORATOIRE, ein Partner des Messnetzwerks, schl\u00e4gt vor, dass Sie ihre Medien verwenden, um Ihre Sichtbarkeit beim wissenschaftlichen Publikum zu erh\u00f6hen. Die Gazette du LABORATOIRE wird im Herzen des Metrologiedorfes MW2019 vertreten sein. Sonderangebot CIM 2019 + Measurement World 2019 - September 2019:\u2026<\/p>","protected":false},"author":349,"featured_media":0,"parent":0,"menu_order":0,"comment_status":"closed","ping_status":"closed","template":"","meta":{"_acf_changed":false,"footnotes":""},"class_list":["post-7012","page","type-page","status-publish","hentry"],"acf":[],"yoast_head":"<!-- This site is optimized with the Yoast SEO plugin v27.4 - https:\/\/yoast.com\/product\/yoast-seo-wordpress\/ -->\n<title>Offre sp\u00e9ciale La Gazette du Laboratoire- CIM 2019 - Measurement World 2019 - R\u00e9seau Mesure<\/title>\n<meta name=\"robots\" content=\"index, follow, max-snippet:-1, max-image-preview:large, max-video-preview:-1\" \/>\n<link rel=\"canonical\" href=\"https:\/\/www.reseau-mesure.com\/de\/offre-speciale-la-gazette-du-laboratoire-cim-2019-measurement-world-2019\/\" \/>\n<meta property=\"og:locale\" content=\"de_DE\" \/>\n<meta property=\"og:type\" content=\"article\" \/>\n<meta property=\"og:title\" content=\"Offre sp\u00e9ciale La Gazette du Laboratoire- CIM 2019 - Measurement World 2019 - R\u00e9seau Mesure\" \/>\n<meta property=\"og:description\" content=\"Offre sp\u00e9ciale LA GAZETTE DU LABORATOIRE &nbsp; La Gazette du LABORATOIRE, partenaire du R\u00e9seau Mesure, vous propose d\u2019utiliser leurs supports pour accro\u00eetre votre visibilit\u00e9 aupr\u00e8s de leur public scientifique.\u00a0 La Gazette du LABORATOIRE sera pr\u00e9sente au c\u0153ur du village m\u00e9trologie de MW2019. &nbsp; Offre sp\u00e9ciale CIM 2019 +\u00a0 Measurement World 2019 \u2013 Septembre 2019\u00a0: &nbsp;&hellip;\" \/>\n<meta property=\"og:url\" content=\"https:\/\/www.reseau-mesure.com\/de\/offre-speciale-la-gazette-du-laboratoire-cim-2019-measurement-world-2019\/\" \/>\n<meta property=\"og:site_name\" content=\"R\u00e9seau Mesure\" \/>\n<meta property=\"article:publisher\" content=\"https:\/\/www.facebook.com\/reseaumesure\/\" \/>\n<meta property=\"og:image\" content=\"https:\/\/www.reseau-mesure.com\/wp-content\/uploads\/2018\/01\/LOGO-la-gazette-du-labratoire-300x98.png\" \/>\n<meta name=\"twitter:card\" content=\"summary_large_image\" \/>\n<meta name=\"twitter:site\" content=\"@ReseauMesure\" \/>\n<meta name=\"twitter:label1\" content=\"Gesch\u00e4tzte Lesezeit\" \/>\n\t<meta name=\"twitter:data1\" content=\"1\u00a0Minute\" \/>\n<script type=\"application\/ld+json\" class=\"yoast-schema-graph\">{\"@context\":\"https:\\\/\\\/schema.org\",\"@graph\":[{\"@type\":\"WebPage\",\"@id\":\"https:\\\/\\\/www.reseau-mesure.com\\\/de\\\/offre-speciale-la-gazette-du-laboratoire-cim-2019-measurement-world-2019\\\/\",\"url\":\"https:\\\/\\\/www.reseau-mesure.com\\\/de\\\/offre-speciale-la-gazette-du-laboratoire-cim-2019-measurement-world-2019\\\/\",\"name\":\"Offre sp\u00e9ciale La Gazette du Laboratoire- CIM 2019 - Measurement World 2019 - R\u00e9seau Mesure\",\"isPartOf\":{\"@id\":\"https:\\\/\\\/www.reseau-mesure.com\\\/#website\"},\"primaryImageOfPage\":{\"@id\":\"https:\\\/\\\/www.reseau-mesure.com\\\/de\\\/offre-speciale-la-gazette-du-laboratoire-cim-2019-measurement-world-2019\\\/#primaryimage\"},\"image\":{\"@id\":\"https:\\\/\\\/www.reseau-mesure.com\\\/de\\\/offre-speciale-la-gazette-du-laboratoire-cim-2019-measurement-world-2019\\\/#primaryimage\"},\"thumbnailUrl\":\"https:\\\/\\\/www.reseau-mesure.com\\\/wp-content\\\/uploads\\\/2018\\\/01\\\/LOGO-la-gazette-du-labratoire-300x98.png\",\"datePublished\":\"2019-04-29T13:24:43+00:00\",\"breadcrumb\":{\"@id\":\"https:\\\/\\\/www.reseau-mesure.com\\\/de\\\/offre-speciale-la-gazette-du-laboratoire-cim-2019-measurement-world-2019\\\/#breadcrumb\"},\"inLanguage\":\"de\",\"potentialAction\":[{\"@type\":\"ReadAction\",\"target\":[\"https:\\\/\\\/www.reseau-mesure.com\\\/de\\\/offre-speciale-la-gazette-du-laboratoire-cim-2019-measurement-world-2019\\\/\"]}]},{\"@type\":\"ImageObject\",\"inLanguage\":\"de\",\"@id\":\"https:\\\/\\\/www.reseau-mesure.com\\\/de\\\/offre-speciale-la-gazette-du-laboratoire-cim-2019-measurement-world-2019\\\/#primaryimage\",\"url\":\"https:\\\/\\\/www.reseau-mesure.com\\\/wp-content\\\/uploads\\\/2018\\\/01\\\/LOGO-la-gazette-du-labratoire-300x98.png\",\"contentUrl\":\"https:\\\/\\\/www.reseau-mesure.com\\\/wp-content\\\/uploads\\\/2018\\\/01\\\/LOGO-la-gazette-du-labratoire-300x98.png\"},{\"@type\":\"BreadcrumbList\",\"@id\":\"https:\\\/\\\/www.reseau-mesure.com\\\/de\\\/offre-speciale-la-gazette-du-laboratoire-cim-2019-measurement-world-2019\\\/#breadcrumb\",\"itemListElement\":[{\"@type\":\"ListItem\",\"position\":1,\"name\":\"Accueil\",\"item\":\"https:\\\/\\\/www.reseau-mesure.com\\\/\"},{\"@type\":\"ListItem\",\"position\":2,\"name\":\"Offre sp\u00e9ciale La Gazette du Laboratoire- CIM 2019 &#8211; Measurement World 2019\"}]},{\"@type\":\"WebSite\",\"@id\":\"https:\\\/\\\/www.reseau-mesure.com\\\/#website\",\"url\":\"https:\\\/\\\/www.reseau-mesure.com\\\/\",\"name\":\"R\u00e9seau-Mesure\",\"description\":\"R\u00e9seau Mesure\",\"publisher\":{\"@id\":\"https:\\\/\\\/www.reseau-mesure.com\\\/#organization\"},\"potentialAction\":[{\"@type\":\"SearchAction\",\"target\":{\"@type\":\"EntryPoint\",\"urlTemplate\":\"https:\\\/\\\/www.reseau-mesure.com\\\/?s={search_term_string}\"},\"query-input\":{\"@type\":\"PropertyValueSpecification\",\"valueRequired\":true,\"valueName\":\"search_term_string\"}}],\"inLanguage\":\"de\"},{\"@type\":\"Organization\",\"@id\":\"https:\\\/\\\/www.reseau-mesure.com\\\/#organization\",\"name\":\"R\u00e9seau-Mesure\",\"url\":\"https:\\\/\\\/www.reseau-mesure.com\\\/\",\"logo\":{\"@type\":\"ImageObject\",\"inLanguage\":\"de\",\"@id\":\"https:\\\/\\\/www.reseau-mesure.com\\\/#\\\/schema\\\/logo\\\/image\\\/\",\"url\":\"https:\\\/\\\/www.reseau-mesure.com\\\/wp-content\\\/uploads\\\/2018\\\/02\\\/logo-max.png\",\"contentUrl\":\"https:\\\/\\\/www.reseau-mesure.com\\\/wp-content\\\/uploads\\\/2018\\\/02\\\/logo-max.png\",\"width\":545,\"height\":285,\"caption\":\"R\u00e9seau-Mesure\"},\"image\":{\"@id\":\"https:\\\/\\\/www.reseau-mesure.com\\\/#\\\/schema\\\/logo\\\/image\\\/\"},\"sameAs\":[\"https:\\\/\\\/www.facebook.com\\\/reseaumesure\\\/\",\"https:\\\/\\\/x.com\\\/ReseauMesure\",\"https:\\\/\\\/www.linkedin.com\\\/company\\\/reseau-mesure\\\/\"]}]}<\/script>\n<!-- \/ Yoast SEO plugin. -->","yoast_head_json":{"title":"Offre sp\u00e9ciale La Gazette du Laboratoire- CIM 2019 - Measurement World 2019 - R\u00e9seau Mesure","robots":{"index":"index","follow":"follow","max-snippet":"max-snippet:-1","max-image-preview":"max-image-preview:large","max-video-preview":"max-video-preview:-1"},"canonical":"https:\/\/www.reseau-mesure.com\/de\/offre-speciale-la-gazette-du-laboratoire-cim-2019-measurement-world-2019\/","og_locale":"de_DE","og_type":"article","og_title":"Offre sp\u00e9ciale La Gazette du Laboratoire- CIM 2019 - Measurement World 2019 - R\u00e9seau Mesure","og_description":"Offre sp\u00e9ciale LA GAZETTE DU LABORATOIRE &nbsp; La Gazette du LABORATOIRE, partenaire du R\u00e9seau Mesure, vous propose d\u2019utiliser leurs supports pour accro\u00eetre votre visibilit\u00e9 aupr\u00e8s de leur public scientifique.\u00a0 La Gazette du LABORATOIRE sera pr\u00e9sente au c\u0153ur du village m\u00e9trologie de MW2019. &nbsp; Offre sp\u00e9ciale CIM 2019 +\u00a0 Measurement World 2019 \u2013 Septembre 2019\u00a0: &nbsp;&hellip;","og_url":"https:\/\/www.reseau-mesure.com\/de\/offre-speciale-la-gazette-du-laboratoire-cim-2019-measurement-world-2019\/","og_site_name":"R\u00e9seau Mesure","article_publisher":"https:\/\/www.facebook.com\/reseaumesure\/","og_image":[{"url":"https:\/\/www.reseau-mesure.com\/wp-content\/uploads\/2018\/01\/LOGO-la-gazette-du-labratoire-300x98.png","type":"","width":"","height":""}],"twitter_card":"summary_large_image","twitter_site":"@ReseauMesure","twitter_misc":{"Gesch\u00e4tzte Lesezeit":"1\u00a0Minute"},"schema":{"@context":"https:\/\/schema.org","@graph":[{"@type":"WebPage","@id":"https:\/\/www.reseau-mesure.com\/de\/offre-speciale-la-gazette-du-laboratoire-cim-2019-measurement-world-2019\/","url":"https:\/\/www.reseau-mesure.com\/de\/offre-speciale-la-gazette-du-laboratoire-cim-2019-measurement-world-2019\/","name":"Offre sp\u00e9ciale La Gazette du Laboratoire- CIM 2019 - Measurement World 2019 - R\u00e9seau Mesure","isPartOf":{"@id":"https:\/\/www.reseau-mesure.com\/#website"},"primaryImageOfPage":{"@id":"https:\/\/www.reseau-mesure.com\/de\/offre-speciale-la-gazette-du-laboratoire-cim-2019-measurement-world-2019\/#primaryimage"},"image":{"@id":"https:\/\/www.reseau-mesure.com\/de\/offre-speciale-la-gazette-du-laboratoire-cim-2019-measurement-world-2019\/#primaryimage"},"thumbnailUrl":"https:\/\/www.reseau-mesure.com\/wp-content\/uploads\/2018\/01\/LOGO-la-gazette-du-labratoire-300x98.png","datePublished":"2019-04-29T13:24:43+00:00","breadcrumb":{"@id":"https:\/\/www.reseau-mesure.com\/de\/offre-speciale-la-gazette-du-laboratoire-cim-2019-measurement-world-2019\/#breadcrumb"},"inLanguage":"de","potentialAction":[{"@type":"ReadAction","target":["https:\/\/www.reseau-mesure.com\/de\/offre-speciale-la-gazette-du-laboratoire-cim-2019-measurement-world-2019\/"]}]},{"@type":"ImageObject","inLanguage":"de","@id":"https:\/\/www.reseau-mesure.com\/de\/offre-speciale-la-gazette-du-laboratoire-cim-2019-measurement-world-2019\/#primaryimage","url":"https:\/\/www.reseau-mesure.com\/wp-content\/uploads\/2018\/01\/LOGO-la-gazette-du-labratoire-300x98.png","contentUrl":"https:\/\/www.reseau-mesure.com\/wp-content\/uploads\/2018\/01\/LOGO-la-gazette-du-labratoire-300x98.png"},{"@type":"BreadcrumbList","@id":"https:\/\/www.reseau-mesure.com\/de\/offre-speciale-la-gazette-du-laboratoire-cim-2019-measurement-world-2019\/#breadcrumb","itemListElement":[{"@type":"ListItem","position":1,"name":"Accueil","item":"https:\/\/www.reseau-mesure.com\/"},{"@type":"ListItem","position":2,"name":"Offre sp\u00e9ciale La Gazette du Laboratoire- CIM 2019 &#8211; Measurement World 2019"}]},{"@type":"WebSite","@id":"https:\/\/www.reseau-mesure.com\/#website","url":"https:\/\/www.reseau-mesure.com\/","name":"Netzwerk-Messung","description":"Netzwerkma\u00dfnahme","publisher":{"@id":"https:\/\/www.reseau-mesure.com\/#organization"},"potentialAction":[{"@type":"SearchAction","target":{"@type":"EntryPoint","urlTemplate":"https:\/\/www.reseau-mesure.com\/?s={search_term_string}"},"query-input":{"@type":"PropertyValueSpecification","valueRequired":true,"valueName":"search_term_string"}}],"inLanguage":"de"},{"@type":"Organization","@id":"https:\/\/www.reseau-mesure.com\/#organization","name":"Netzwerk-Messung","url":"https:\/\/www.reseau-mesure.com\/","logo":{"@type":"ImageObject","inLanguage":"de","@id":"https:\/\/www.reseau-mesure.com\/#\/schema\/logo\/image\/","url":"https:\/\/www.reseau-mesure.com\/wp-content\/uploads\/2018\/02\/logo-max.png","contentUrl":"https:\/\/www.reseau-mesure.com\/wp-content\/uploads\/2018\/02\/logo-max.png","width":545,"height":285,"caption":"R\u00e9seau-Mesure"},"image":{"@id":"https:\/\/www.reseau-mesure.com\/#\/schema\/logo\/image\/"},"sameAs":["https:\/\/www.facebook.com\/reseaumesure\/","https:\/\/x.com\/ReseauMesure","https:\/\/www.linkedin.com\/company\/reseau-mesure\/"]}]}},"_links":{"self":[{"href":"https:\/\/www.reseau-mesure.com\/de\/wp-json\/wp\/v2\/pages\/7012","targetHints":{"allow":["GET"]}}],"collection":[{"href":"https:\/\/www.reseau-mesure.com\/de\/wp-json\/wp\/v2\/pages"}],"about":[{"href":"https:\/\/www.reseau-mesure.com\/de\/wp-json\/wp\/v2\/types\/page"}],"author":[{"embeddable":true,"href":"https:\/\/www.reseau-mesure.com\/de\/wp-json\/wp\/v2\/users\/349"}],"replies":[{"embeddable":true,"href":"https:\/\/www.reseau-mesure.com\/de\/wp-json\/wp\/v2\/comments?post=7012"}],"version-history":[{"count":0,"href":"https:\/\/www.reseau-mesure.com\/de\/wp-json\/wp\/v2\/pages\/7012\/revisions"}],"wp:attachment":[{"href":"https:\/\/www.reseau-mesure.com\/de\/wp-json\/wp\/v2\/media?parent=7012"}],"curies":[{"name":"wp","href":"https:\/\/api.w.org\/{rel}","templated":true}]}}