{"id":7056,"date":"2019-05-09T17:54:55","date_gmt":"2019-05-09T15:54:55","guid":{"rendered":"https:\/\/www.reseau-mesure.com\/?page_id=7056"},"modified":"2021-05-19T11:22:54","modified_gmt":"2021-05-19T09:22:54","slug":"xerfi","status":"publish","type":"page","link":"https:\/\/www.reseau-mesure.com\/de\/xerfi\/","title":{"rendered":"XERFI"},"content":{"rendered":"<h1><strong>MESSNETZWERKPARTNERSCHAFT - XERFI<\/strong><\/h1>\n\n<p>&nbsp;<\/p>\n<h2><strong>Profitieren Sie vom Zugang zu XERFI-Studien<\/strong><\/h2>\n<p>&nbsp;<\/p>\n<p>Als Teil des Aktionsplans des Messnetzwerks erm\u00f6glicht Ihnen eine neue Aktion, die von der Gruppe &quot;M\u00e4rkte und Gesch\u00e4ftsm\u00f6glichkeiten&quot; vorgeschlagen wurde\u00a0<strong>profitieren Sie von privilegiertem Zugriff auf die Xerfi 7000-Datenbank<\/strong>.<\/p>\n<ul>\n<li>Xerfi ist ein unabh\u00e4ngiger Verlag f\u00fcr sektorale Wirtschaftsstudien. Sie haben vollst\u00e4ndige und aktuelle Studien:\n<ul>\n<li>Mit exklusiven Portalen k\u00f6nnen Sie den Sektoren Ihrer Wahl folgen<\/li>\n<li>Tools zum Wissensaustausch, Videos, Flashs usw.<\/li>\n<li>Informationen flie\u00dfen das ganze Jahr \u00fcber. Monatliche Aktualisierung der Finanzkennzahlen.<\/li>\n<\/ul>\nDas XERFI 7000-Abonnement beinhaltet:<\/li>\n<\/ul>\n<p>XERFI FRANKREICH<\/p>\n<p>Xerfi France analysiert in Echtzeit die Situation, die Akteure und die Leistung von Unternehmen in der gesamten franz\u00f6sischen Wirtschaft. Ein kontinuierlicher Informationsdienst versorgt Sie mit aktuellen Daten zu Unternehmen und Konjunkturprognosen.<\/p>\n\n<p>GLOBALES GESCH\u00c4FT<\/p>\n<p>Global Business Studien liefern Informationen, Analysen und Prognosen zu den gro\u00dfen Sektoren der Weltwirtschaft sowie deren Hauptgruppen.<\/p>\n\n<p>XERFI-GRUPPEN<\/p>\n<p>60 Studien zur Analyse der Situation der gr\u00f6\u00dften franz\u00f6sischen Gruppen, ihrer Positionierung, des Wettbewerbs sowie der St\u00e4rken und Schw\u00e4chen der Betreiber.<\/p>\n<p>&nbsp;<\/p>\n\n<p>EIN KONTINUIERLICHER INFORMATIONSSERVICE, DER IHNEN ZUGANG ZU DEN AKTUELLSTEN KENNZAHLEN UND FINANZPROGNOSEN VON UNTERNEHMEN ERM\u00d6GLICHT<\/p>\n<p>700 STUDIEN F\u00dcR MEISTER FRANZ\u00d6SISCHE UND INTERNATIONALE SEKTOREN UND UNTERNEHMEN<\/p>\n\n<p>Sie k\u00f6nnen den allgemeinen Katalog konsultieren, der den ebenfalls auf der Website verf\u00fcgbaren Studien beigef\u00fcgt ist <a href=\"http:\/\/www.xerfi.com\">www.xerfi.com<\/a>.<\/p>\n<table>\n<tbody>\n<tr>\n<td width=\"130\"><strong>Art des Studiums<\/strong><\/td>\n<td width=\"128\"><strong>Xerfi-Rate<\/strong><\/td>\n<td width=\"216\"><strong>RM Mitglieder Rabatt<\/strong><\/td>\n<td width=\"210\"><strong>Nettopreis<\/strong><\/td>\n<\/tr>\n<tr>\n<td width=\"130\"><strong>Xerfi 7000<\/strong><\/td>\n<td width=\"128\">Von 450 bis 999 Euro<\/td>\n<td width=\"216\">30%<\/td>\n<td width=\"210\">Von 315 bis 699 Euro<\/td>\n<\/tr>\n<tr>\n<td width=\"130\"><strong>Xerfi 7000<\/strong><\/td>\n<td width=\"128\">&gt; 1000 Euro<\/td>\n<td width=\"216\">60%<\/td>\n<td width=\"210\">&gt; 400 Euro<\/td>\n<\/tr>\n<\/tbody>\n<\/table>\n\n\n<table>\n<tbody>\n<tr>\n<td width=\"130\"><strong>Art des Studiums<\/strong><\/td>\n<td width=\"128\"><strong>Xerfi-Rate<\/strong><\/td>\n<td width=\"216\"><strong>RM Mitglieder Rabatt<\/strong><\/td>\n<td width=\"210\"><strong>Nettopreis<\/strong><\/td>\n<\/tr>\n<tr>\n<td width=\"130\"><strong>Dassault Aviation (Gruppenstudie)<\/strong><\/td>\n<td width=\"128\">450 Euro<\/td>\n<td width=\"216\">30%<\/td>\n<td width=\"210\">315 Euro<\/td>\n<\/tr>\n<tr>\n<td width=\"130\"><strong>Pharmazeutische Laboratorien (Xerfi Frankreich)<\/strong><\/td>\n<td width=\"128\">1.800 Euro<\/td>\n<td width=\"216\">60%<\/td>\n<td width=\"210\">720 Euro<\/td>\n<\/tr>\n<tr>\n<td width=\"130\"><strong>Die globale petrochemische Industrie: der Markt<\/strong>\n<strong>(Xerfi Global)<\/strong><\/td>\n<td width=\"128\">1.600 Euro<\/td>\n<td width=\"216\">60%<\/td>\n<td width=\"210\">640 Euro<\/td>\n<\/tr>\n<\/tbody>\n<\/table>\n\n\n\t\t\t<a href=\"https:\/\/www.reseau-mesure.com\/wp-content\/uploads\/2021\/05\/XERFI_CATALOGUE_MAI_2021.pdf\" target=\"_blank\" role=\"button\" rel=\"noopener\">\n\t\t\t\t\t\t\tLaden Sie den Katalog herunter\n\t\t\t\t\t<\/a>\n\t\t\t<a href=\"https:\/\/www.reseau-mesure.com\/wp-content\/uploads\/2021\/05\/Catalogue-Xerfi-7000.pdf\" target=\"_blank\" role=\"button\" rel=\"noopener\">\n\t\t\t\t\t\t\tLaden Sie den XERFI 7000-Katalog herunter\n\t\t\t\t\t<\/a>","protected":false},"excerpt":{"rendered":"<p>MESURE NETWORK PARTNERSHIP \u2013 XERFI Profitieren Sie vom Zugang zu XERFI-Studien Als Teil des Aktionsplans des Measurement Network erm\u00f6glicht Ihnen eine neue Aktion, die von der Gruppe \u201eM\u00e4rkte und Gesch\u00e4ftsm\u00f6glichkeiten\u201c vorgeschlagen wurde, von einem privilegierten Zugang zur Xerfi 7000-Datenbank zu profitieren ein unabh\u00e4ngiger Verlag f\u00fcr sektorale Wirtschaftsstudien.\u2026<\/p>","protected":false},"author":685,"featured_media":0,"parent":0,"menu_order":0,"comment_status":"closed","ping_status":"closed","template":"","meta":{"_acf_changed":false,"footnotes":""},"class_list":["post-7056","page","type-page","status-publish","hentry"],"acf":[],"yoast_head":"<!-- This site is optimized with the Yoast SEO plugin v27.3 - https:\/\/yoast.com\/product\/yoast-seo-wordpress\/ -->\n<title>XERFI - R\u00e9seau Mesure<\/title>\n<meta name=\"robots\" content=\"index, follow, max-snippet:-1, max-image-preview:large, max-video-preview:-1\" \/>\n<link rel=\"canonical\" href=\"https:\/\/www.reseau-mesure.com\/de\/xerfi\/\" \/>\n<meta property=\"og:locale\" content=\"de_DE\" \/>\n<meta property=\"og:type\" content=\"article\" \/>\n<meta property=\"og:title\" content=\"XERFI - R\u00e9seau Mesure\" \/>\n<meta property=\"og:description\" content=\"PARTENARIAT R\u00c9SEAU MESURE &#8211; XERFI &nbsp; B\u00e9n\u00e9ficier d&rsquo;un acc\u00e8s aux \u00e9tudes XERFI &nbsp; Dans le cadre du plan d&rsquo;actions du R\u00e9seau Mesure, une nouvelle action, propos\u00e9e par le groupe \u00ab\u00a0Opportunit\u00e9s March\u00e9s et Entreprises\u00a0\u00bb, vous permet de\u00a0b\u00e9n\u00e9ficier d&rsquo;un acc\u00e8s privil\u00e9gi\u00e9 \u00e0 la base de donn\u00e9es Xerfi 7000. Xerfi, est un \u00e9diteur ind\u00e9pendant d&rsquo;\u00e9tudes \u00e9conomiques sectorielles.Vous disposez&hellip;\" \/>\n<meta property=\"og:url\" content=\"https:\/\/www.reseau-mesure.com\/de\/xerfi\/\" \/>\n<meta property=\"og:site_name\" content=\"R\u00e9seau Mesure\" \/>\n<meta property=\"article:publisher\" content=\"https:\/\/www.facebook.com\/reseaumesure\/\" \/>\n<meta property=\"article:modified_time\" content=\"2021-05-19T09:22:54+00:00\" \/>\n<meta name=\"twitter:card\" content=\"summary_large_image\" \/>\n<meta name=\"twitter:site\" content=\"@ReseauMesure\" \/>\n<meta name=\"twitter:label1\" content=\"Gesch\u00e4tzte Lesezeit\" \/>\n\t<meta name=\"twitter:data1\" content=\"2\u00a0Minuten\" \/>\n<script type=\"application\/ld+json\" class=\"yoast-schema-graph\">{\"@context\":\"https:\\\/\\\/schema.org\",\"@graph\":[{\"@type\":\"WebPage\",\"@id\":\"https:\\\/\\\/www.reseau-mesure.com\\\/xerfi\\\/\",\"url\":\"https:\\\/\\\/www.reseau-mesure.com\\\/xerfi\\\/\",\"name\":\"XERFI - R\u00e9seau Mesure\",\"isPartOf\":{\"@id\":\"https:\\\/\\\/www.reseau-mesure.com\\\/#website\"},\"datePublished\":\"2019-05-09T15:54:55+00:00\",\"dateModified\":\"2021-05-19T09:22:54+00:00\",\"breadcrumb\":{\"@id\":\"https:\\\/\\\/www.reseau-mesure.com\\\/xerfi\\\/#breadcrumb\"},\"inLanguage\":\"de\",\"potentialAction\":[{\"@type\":\"ReadAction\",\"target\":[\"https:\\\/\\\/www.reseau-mesure.com\\\/xerfi\\\/\"]}]},{\"@type\":\"BreadcrumbList\",\"@id\":\"https:\\\/\\\/www.reseau-mesure.com\\\/xerfi\\\/#breadcrumb\",\"itemListElement\":[{\"@type\":\"ListItem\",\"position\":1,\"name\":\"Accueil\",\"item\":\"https:\\\/\\\/www.reseau-mesure.com\\\/\"},{\"@type\":\"ListItem\",\"position\":2,\"name\":\"XERFI\"}]},{\"@type\":\"WebSite\",\"@id\":\"https:\\\/\\\/www.reseau-mesure.com\\\/#website\",\"url\":\"https:\\\/\\\/www.reseau-mesure.com\\\/\",\"name\":\"R\u00e9seau-Mesure\",\"description\":\"R\u00e9seau Mesure\",\"publisher\":{\"@id\":\"https:\\\/\\\/www.reseau-mesure.com\\\/#organization\"},\"potentialAction\":[{\"@type\":\"SearchAction\",\"target\":{\"@type\":\"EntryPoint\",\"urlTemplate\":\"https:\\\/\\\/www.reseau-mesure.com\\\/?s={search_term_string}\"},\"query-input\":{\"@type\":\"PropertyValueSpecification\",\"valueRequired\":true,\"valueName\":\"search_term_string\"}}],\"inLanguage\":\"de\"},{\"@type\":\"Organization\",\"@id\":\"https:\\\/\\\/www.reseau-mesure.com\\\/#organization\",\"name\":\"R\u00e9seau-Mesure\",\"url\":\"https:\\\/\\\/www.reseau-mesure.com\\\/\",\"logo\":{\"@type\":\"ImageObject\",\"inLanguage\":\"de\",\"@id\":\"https:\\\/\\\/www.reseau-mesure.com\\\/#\\\/schema\\\/logo\\\/image\\\/\",\"url\":\"https:\\\/\\\/www.reseau-mesure.com\\\/wp-content\\\/uploads\\\/2018\\\/02\\\/logo-max.png\",\"contentUrl\":\"https:\\\/\\\/www.reseau-mesure.com\\\/wp-content\\\/uploads\\\/2018\\\/02\\\/logo-max.png\",\"width\":545,\"height\":285,\"caption\":\"R\u00e9seau-Mesure\"},\"image\":{\"@id\":\"https:\\\/\\\/www.reseau-mesure.com\\\/#\\\/schema\\\/logo\\\/image\\\/\"},\"sameAs\":[\"https:\\\/\\\/www.facebook.com\\\/reseaumesure\\\/\",\"https:\\\/\\\/x.com\\\/ReseauMesure\",\"https:\\\/\\\/www.linkedin.com\\\/company\\\/reseau-mesure\\\/\"]}]}<\/script>\n<!-- \/ Yoast SEO plugin. -->","yoast_head_json":{"title":"XERFI - R\u00e9seau Mesure","robots":{"index":"index","follow":"follow","max-snippet":"max-snippet:-1","max-image-preview":"max-image-preview:large","max-video-preview":"max-video-preview:-1"},"canonical":"https:\/\/www.reseau-mesure.com\/de\/xerfi\/","og_locale":"de_DE","og_type":"article","og_title":"XERFI - R\u00e9seau Mesure","og_description":"PARTENARIAT R\u00c9SEAU MESURE &#8211; XERFI &nbsp; B\u00e9n\u00e9ficier d&rsquo;un acc\u00e8s aux \u00e9tudes XERFI &nbsp; Dans le cadre du plan d&rsquo;actions du R\u00e9seau Mesure, une nouvelle action, propos\u00e9e par le groupe \u00ab\u00a0Opportunit\u00e9s March\u00e9s et Entreprises\u00a0\u00bb, vous permet de\u00a0b\u00e9n\u00e9ficier d&rsquo;un acc\u00e8s privil\u00e9gi\u00e9 \u00e0 la base de donn\u00e9es Xerfi 7000. Xerfi, est un \u00e9diteur ind\u00e9pendant d&rsquo;\u00e9tudes \u00e9conomiques sectorielles.Vous disposez&hellip;","og_url":"https:\/\/www.reseau-mesure.com\/de\/xerfi\/","og_site_name":"R\u00e9seau Mesure","article_publisher":"https:\/\/www.facebook.com\/reseaumesure\/","article_modified_time":"2021-05-19T09:22:54+00:00","twitter_card":"summary_large_image","twitter_site":"@ReseauMesure","twitter_misc":{"Gesch\u00e4tzte Lesezeit":"2\u00a0Minuten"},"schema":{"@context":"https:\/\/schema.org","@graph":[{"@type":"WebPage","@id":"https:\/\/www.reseau-mesure.com\/xerfi\/","url":"https:\/\/www.reseau-mesure.com\/xerfi\/","name":"XERFI - R\u00e9seau Mesure","isPartOf":{"@id":"https:\/\/www.reseau-mesure.com\/#website"},"datePublished":"2019-05-09T15:54:55+00:00","dateModified":"2021-05-19T09:22:54+00:00","breadcrumb":{"@id":"https:\/\/www.reseau-mesure.com\/xerfi\/#breadcrumb"},"inLanguage":"de","potentialAction":[{"@type":"ReadAction","target":["https:\/\/www.reseau-mesure.com\/xerfi\/"]}]},{"@type":"BreadcrumbList","@id":"https:\/\/www.reseau-mesure.com\/xerfi\/#breadcrumb","itemListElement":[{"@type":"ListItem","position":1,"name":"Accueil","item":"https:\/\/www.reseau-mesure.com\/"},{"@type":"ListItem","position":2,"name":"XERFI"}]},{"@type":"WebSite","@id":"https:\/\/www.reseau-mesure.com\/#website","url":"https:\/\/www.reseau-mesure.com\/","name":"Netzwerk-Messung","description":"Netzwerkma\u00dfnahme","publisher":{"@id":"https:\/\/www.reseau-mesure.com\/#organization"},"potentialAction":[{"@type":"SearchAction","target":{"@type":"EntryPoint","urlTemplate":"https:\/\/www.reseau-mesure.com\/?s={search_term_string}"},"query-input":{"@type":"PropertyValueSpecification","valueRequired":true,"valueName":"search_term_string"}}],"inLanguage":"de"},{"@type":"Organization","@id":"https:\/\/www.reseau-mesure.com\/#organization","name":"Netzwerk-Messung","url":"https:\/\/www.reseau-mesure.com\/","logo":{"@type":"ImageObject","inLanguage":"de","@id":"https:\/\/www.reseau-mesure.com\/#\/schema\/logo\/image\/","url":"https:\/\/www.reseau-mesure.com\/wp-content\/uploads\/2018\/02\/logo-max.png","contentUrl":"https:\/\/www.reseau-mesure.com\/wp-content\/uploads\/2018\/02\/logo-max.png","width":545,"height":285,"caption":"R\u00e9seau-Mesure"},"image":{"@id":"https:\/\/www.reseau-mesure.com\/#\/schema\/logo\/image\/"},"sameAs":["https:\/\/www.facebook.com\/reseaumesure\/","https:\/\/x.com\/ReseauMesure","https:\/\/www.linkedin.com\/company\/reseau-mesure\/"]}]}},"_links":{"self":[{"href":"https:\/\/www.reseau-mesure.com\/de\/wp-json\/wp\/v2\/pages\/7056","targetHints":{"allow":["GET"]}}],"collection":[{"href":"https:\/\/www.reseau-mesure.com\/de\/wp-json\/wp\/v2\/pages"}],"about":[{"href":"https:\/\/www.reseau-mesure.com\/de\/wp-json\/wp\/v2\/types\/page"}],"author":[{"embeddable":true,"href":"https:\/\/www.reseau-mesure.com\/de\/wp-json\/wp\/v2\/users\/685"}],"replies":[{"embeddable":true,"href":"https:\/\/www.reseau-mesure.com\/de\/wp-json\/wp\/v2\/comments?post=7056"}],"version-history":[{"count":0,"href":"https:\/\/www.reseau-mesure.com\/de\/wp-json\/wp\/v2\/pages\/7056\/revisions"}],"wp:attachment":[{"href":"https:\/\/www.reseau-mesure.com\/de\/wp-json\/wp\/v2\/media?parent=7056"}],"curies":[{"name":"wp","href":"https:\/\/api.w.org\/{rel}","templated":true}]}}