{"id":7985,"date":"2019-06-14T15:58:18","date_gmt":"2019-06-14T13:58:18","guid":{"rendered":"https:\/\/www.reseau-mesure.com\/?page_id=7985"},"modified":"2022-03-22T17:50:12","modified_gmt":"2022-03-22T16:50:12","slug":"measurement-world-2022","status":"publish","type":"page","link":"https:\/\/www.reseau-mesure.com\/de\/measurement-world-2022\/","title":{"rendered":"MESSWELT 2022"},"content":{"rendered":"<a href=\"https:\/\/global-industrie.com\/fr\/l-offre\/mw\" target=\"_blank\" rel=\"noopener\" itemprop=\"url\">\n\t\t\t\t<img loading=\"lazy\" decoding=\"async\" src=\"https:\/\/www.reseau-mesure.com\/wp-content\/uploads\/2018\/06\/MEASUREMENT_WORLD-LARGEUR.jpg\" alt=\"MEASUREMENT_WORLD-LARGEUR\" itemprop=\"image\" height=\"1129\" width=\"3544\" title=\"MEASUREMENT_WORLD-WIDTH\" onerror=\"this.style.display='none'\"  \/>\n\t\t\t\t<\/a>\n\t\t\t\t<a href=\"https:\/\/global-industrie.com\/fr\/l-offre\/mw\" target=\"_blank\" rel=\"noopener\" itemprop=\"url\">\n\t\t\t\t<img loading=\"lazy\" decoding=\"async\" src=\"https:\/\/www.reseau-mesure.com\/wp-content\/uploads\/2018\/06\/Nuage-MW-21-juin.jpg\" alt=\"Measurement wolrd\" itemprop=\"image\" height=\"1529\" width=\"1852\" title=\"Cloud MW - Kopie\" onerror=\"this.style.display='none'\"  \/>\n\t\t\t\t<\/a>\n\t\t\t\t<img decoding=\"async\" src=\"https:\/\/www.reseau-mesure.com\/wp-content\/plugins\/bb-plugin\/img\/pixel.png\" alt=\"\" itemprop=\"image\" onerror=\"this.style.display='none'\"  \/>\n\t<h2><strong>Global Industrie entwickelt sein Universum<\/strong><br \/>\n<strong>der Messung durch Integration der Measurement World 2022<\/strong><\/h2>\n<p>vom 17. bis 20. Mai 2022, Paris Nord-Villepinte<\/p>\n<p>2022, <strong><a href=\"https:\/\/global-industrie.com\/fr\/l-offre\/mw\">Messwelt<\/a><\/strong>, ein internationales Treffen f\u00fcr Akteure in der Messtechnik (Analyse \/ Steuerung \/ Optik \/ Prozess \/ Vision), st\u00e4rkt die Welt der Messtechnik, die historisch auf der Global Industrie pr\u00e4sent ist. Zus\u00e4tzlich zu diesem spezialisierten Angebot werden exklusive Inhalte angeboten, die <strong><a href=\"https:\/\/www.gasanalysisevent.com\/\">Internationales GAS Analysis Symposium 2022<\/a><\/strong>.<\/p>\n<p><img loading=\"lazy\" decoding=\"async\" src=\"https:\/\/www.reseau-mesure.com\/wp-content\/uploads\/2022\/02\/GI.png\" alt=\"Chiffres cl\u00e9s\" width=\"995\" height=\"394\" \/><\/p>\n<p>&nbsp;<\/p>\n\n\t\t\t<a href=\"https:\/\/www.reseau-mesure.com\/wp-content\/uploads\/2022\/03\/GI22_Reseau-Mesure-17.03.pdf\" target=\"_blank\" role=\"button\" rel=\"noopener\">\n\t\t\t\t\t\t\tPr\u00e4sentation des Workshops vom 17.03.2022\n\t\t\t\t\t<\/a>\n\n\t<h2>Ein Marktumfeld, das neue Chancen schafft<\/h2>\nDie ganz besondere Situation des Jahres 2021 hat die Veranstaltungslandschaft erheblich ver\u00e4ndert und ungeahnte Assoziationen entstehen lassen. So hat die gemeinsame Veranstaltung von Global Industrie und Measurement World im Jahr 2021 in Lyon deutlich die Relevanz einer Synergie zwischen der Welt der Messung und der industriellen Entwicklung gezeigt. Diese Initiative, die allen zugute kommt, wurde von allen Teilnehmern (Aussteller, Besucher, Delegierte, Partner) sehr begr\u00fc\u00dft, die darauf bedacht waren, diesen Ansatz fortzusetzen und zu erweitern.<br \/>\nAngetrieben von dieser Begeisterung wird die Measurement World im Jahr 2022 vollst\u00e4ndig in die Global Industrie in Paris integriert. Dieses erweiterte Universum bringt industrielle Anwender, Experten, Akademiker, Hersteller, Dienstleister, internationale und institutionelle Labors zusammen und f\u00f6rdert das franz\u00f6sische und europ\u00e4ische technologische Know-how, insbesondere in Bezug auf Instrumentierung, Metrologie und Analyse. Es ist auch ein Sprungbrett f\u00fcr die Einf\u00fchrung von Innovationen und ein \u00dcberwachungstool, es ist eine einzigartige Gelegenheit, das Ausma\u00df technologischer L\u00f6sungen und alle Beitr\u00e4ge der Messung (Kontrolle, Optimierung, Produktivit\u00e4t, Qualit\u00e4t, Zuverl\u00e4ssigkeit, Datenbewertung \u2026) zu sehen, zu ber\u00fchren und zu verstehen, z alle Industriezweige.\n<h2>Ort f\u00fcr Austausch und Begegnungen zwischen Industrie und Forschung<\/h2>\nIhr historisches Konzept, das Ausstellung, Vorf\u00fchrungen, Gesch\u00e4ftstreffen, Fachinhalte und die Integration eines wissenschaftlichen Kongresses kombiniert, macht sie zu einem Treffpunkt f\u00fcr Industrie und Forschung.<br \/>\nF\u00fcr diese Ausgabe organisiert das CFM (Franz\u00f6sische Hochschule f\u00fcr Metrologie) das Internationale Symposium GAS Analysis 2022, an dem 300 Teilnehmer aus metrologischen Forschungslabors und Key-Account-Anwendern im Bereich der Gasanalyse teilnehmen werden.<br \/>\nDie GAS Analysis gilt als das beste Forum f\u00fcr den Austausch der neuesten innovativen Fortschritte und Anwendungen in der Branche und zieht Experten, regulatorische Entscheidungstr\u00e4ger, technische Manager, Forschungslabors, Hersteller und industrielle Anwender an. Das Symposium wird unter 3 Hauptanwendungsbereichen orchestriert: Umwelt, Energie\/BioGas und Gesundheit.<br \/>\nDas Programm besteht aus Konferenzen, Tutorials, einem Ausstellungsbereich innerhalb der Messe und Social-Networking-Veranstaltungen und wird eine Bestandsaufnahme der neuesten Fortschritte in den Bereichen Gasmetrologie, Energiewende, industrielle Innovation und Luftqualit\u00e4t machen.<br \/>\nParallel dazu wird w\u00e4hrend 4 Tagen ein Programm von technischen Konferenzen mit freiem Zugang von EMVA (European Machine Vision Association), dem LCIE BUREAU VERITAS und dem CFM (Franz\u00f6sische Hochschule f\u00fcr Metrologie) animiert.\n<p>&nbsp;<\/p>\n<p><strong>MITGLIEDER DES MESSNETZES PROFITIEREN BIS ZUM 31. M\u00c4RZ 2022 VON EINEM FR\u00dcHBUCHERPREIS \u2013 also einem Rabatt von 6%.<\/strong><\/p>\n\t\t\t<a href=\"https:\/\/www.reseau-mesure.com\/wp-content\/uploads\/2022\/02\/DOSSIER-INSCRIPTION-MW-ADHTS-RM-2022.pdf\" target=\"_blank\" role=\"button\" rel=\"noopener\">\n\t\t\t\t\t\t\tRegistrierungsdatei f\u00fcr Mitglieder des Messnetzwerks reserviert\n\t\t\t\t\t<\/a>\n\t\t\t\t<a href=\"https:\/\/www.reseau-mesure.com\/wp-content\/uploads\/2022\/02\/DOSSIER-INSCRIPTION-MW-ADHTS-RM-2022.pdf\" target=\"_blank\" rel=\"noopener\" itemprop=\"url\">\n\t\t\t\t<img loading=\"lazy\" decoding=\"async\" src=\"https:\/\/www.reseau-mesure.com\/wp-content\/uploads\/2018\/06\/SCHEM.png\" alt=\"SCHEM\" itemprop=\"image\" height=\"4372\" width=\"6488\" title=\"SCHEM\" onerror=\"this.style.display='none'\"  \/>\n\t\t\t\t<\/a>","protected":false},"excerpt":{"rendered":"<p>Global Industrie entwickelt sein Messuniversum durch die Integration der Measurement World 2022 vom 17. bis 20. Mai 2022 in Paris Nord-Villepinte Welt der Messung, die historisch bei Global Industrie pr\u00e4sent ist. Au\u00dferdem\u2026<\/p>","protected":false},"author":685,"featured_media":0,"parent":0,"menu_order":0,"comment_status":"closed","ping_status":"closed","template":"","meta":{"_acf_changed":false,"footnotes":""},"class_list":["post-7985","page","type-page","status-publish","hentry"],"acf":[],"yoast_head":"<!-- This site is optimized with the Yoast SEO plugin v27.5 - https:\/\/yoast.com\/product\/yoast-seo-wordpress\/ -->\n<title>MEASUREMENT WORLD 2022 - R\u00e9seau Mesure<\/title>\n<meta name=\"description\" content=\"Global Industrie d\u00e9veloppe son univers de la mesure en int\u00e9grant Measurement World 2022. Informations et renseignements.\" \/>\n<meta name=\"robots\" content=\"index, follow, max-snippet:-1, max-image-preview:large, max-video-preview:-1\" \/>\n<link rel=\"canonical\" href=\"https:\/\/www.reseau-mesure.com\/de\/measurement-world-2022\/\" \/>\n<meta property=\"og:locale\" content=\"de_DE\" \/>\n<meta property=\"og:type\" content=\"article\" \/>\n<meta property=\"og:title\" content=\"MEASUREMENT WORLD 2022 - R\u00e9seau Mesure\" \/>\n<meta property=\"og:description\" content=\"Global Industrie d\u00e9veloppe son univers de la mesure en int\u00e9grant Measurement World 2022. Informations et renseignements.\" \/>\n<meta property=\"og:url\" content=\"https:\/\/www.reseau-mesure.com\/de\/measurement-world-2022\/\" \/>\n<meta property=\"og:site_name\" content=\"R\u00e9seau Mesure\" \/>\n<meta property=\"article:publisher\" content=\"https:\/\/www.facebook.com\/reseaumesure\/\" \/>\n<meta property=\"article:modified_time\" content=\"2022-03-22T16:50:12+00:00\" \/>\n<meta property=\"og:image\" content=\"https:\/\/www.reseau-mesure.com\/wp-content\/uploads\/2018\/06\/MEASUREMENT_WORLD-LARGEUR.jpg\" \/>\n<meta name=\"twitter:card\" content=\"summary_large_image\" \/>\n<meta name=\"twitter:site\" content=\"@ReseauMesure\" \/>\n<meta name=\"twitter:label1\" content=\"Gesch\u00e4tzte Lesezeit\" \/>\n\t<meta name=\"twitter:data1\" content=\"5\u00a0Minuten\" \/>\n<script type=\"application\/ld+json\" class=\"yoast-schema-graph\">{\"@context\":\"https:\\\/\\\/schema.org\",\"@graph\":[{\"@type\":\"WebPage\",\"@id\":\"https:\\\/\\\/www.reseau-mesure.com\\\/measurement-world-2022\\\/\",\"url\":\"https:\\\/\\\/www.reseau-mesure.com\\\/measurement-world-2022\\\/\",\"name\":\"MEASUREMENT WORLD 2022 - R\u00e9seau Mesure\",\"isPartOf\":{\"@id\":\"https:\\\/\\\/www.reseau-mesure.com\\\/#website\"},\"primaryImageOfPage\":{\"@id\":\"https:\\\/\\\/www.reseau-mesure.com\\\/measurement-world-2022\\\/#primaryimage\"},\"image\":{\"@id\":\"https:\\\/\\\/www.reseau-mesure.com\\\/measurement-world-2022\\\/#primaryimage\"},\"thumbnailUrl\":\"https:\\\/\\\/www.reseau-mesure.com\\\/wp-content\\\/uploads\\\/2018\\\/06\\\/MEASUREMENT_WORLD-LARGEUR.jpg\",\"datePublished\":\"2019-06-14T13:58:18+00:00\",\"dateModified\":\"2022-03-22T16:50:12+00:00\",\"description\":\"Global Industrie d\u00e9veloppe son univers de la mesure en int\u00e9grant Measurement World 2022. Informations et renseignements.\",\"breadcrumb\":{\"@id\":\"https:\\\/\\\/www.reseau-mesure.com\\\/measurement-world-2022\\\/#breadcrumb\"},\"inLanguage\":\"de\",\"potentialAction\":[{\"@type\":\"ReadAction\",\"target\":[\"https:\\\/\\\/www.reseau-mesure.com\\\/measurement-world-2022\\\/\"]}]},{\"@type\":\"ImageObject\",\"inLanguage\":\"de\",\"@id\":\"https:\\\/\\\/www.reseau-mesure.com\\\/measurement-world-2022\\\/#primaryimage\",\"url\":\"https:\\\/\\\/www.reseau-mesure.com\\\/wp-content\\\/uploads\\\/2018\\\/06\\\/MEASUREMENT_WORLD-LARGEUR.jpg\",\"contentUrl\":\"https:\\\/\\\/www.reseau-mesure.com\\\/wp-content\\\/uploads\\\/2018\\\/06\\\/MEASUREMENT_WORLD-LARGEUR.jpg\"},{\"@type\":\"BreadcrumbList\",\"@id\":\"https:\\\/\\\/www.reseau-mesure.com\\\/measurement-world-2022\\\/#breadcrumb\",\"itemListElement\":[{\"@type\":\"ListItem\",\"position\":1,\"name\":\"Accueil\",\"item\":\"https:\\\/\\\/www.reseau-mesure.com\\\/\"},{\"@type\":\"ListItem\",\"position\":2,\"name\":\"MEASUREMENT WORLD 2022\"}]},{\"@type\":\"WebSite\",\"@id\":\"https:\\\/\\\/www.reseau-mesure.com\\\/#website\",\"url\":\"https:\\\/\\\/www.reseau-mesure.com\\\/\",\"name\":\"R\u00e9seau-Mesure\",\"description\":\"R\u00e9seau Mesure\",\"publisher\":{\"@id\":\"https:\\\/\\\/www.reseau-mesure.com\\\/#organization\"},\"potentialAction\":[{\"@type\":\"SearchAction\",\"target\":{\"@type\":\"EntryPoint\",\"urlTemplate\":\"https:\\\/\\\/www.reseau-mesure.com\\\/?s={search_term_string}\"},\"query-input\":{\"@type\":\"PropertyValueSpecification\",\"valueRequired\":true,\"valueName\":\"search_term_string\"}}],\"inLanguage\":\"de\"},{\"@type\":\"Organization\",\"@id\":\"https:\\\/\\\/www.reseau-mesure.com\\\/#organization\",\"name\":\"R\u00e9seau-Mesure\",\"url\":\"https:\\\/\\\/www.reseau-mesure.com\\\/\",\"logo\":{\"@type\":\"ImageObject\",\"inLanguage\":\"de\",\"@id\":\"https:\\\/\\\/www.reseau-mesure.com\\\/#\\\/schema\\\/logo\\\/image\\\/\",\"url\":\"https:\\\/\\\/www.reseau-mesure.com\\\/wp-content\\\/uploads\\\/2018\\\/02\\\/logo-max.png\",\"contentUrl\":\"https:\\\/\\\/www.reseau-mesure.com\\\/wp-content\\\/uploads\\\/2018\\\/02\\\/logo-max.png\",\"width\":545,\"height\":285,\"caption\":\"R\u00e9seau-Mesure\"},\"image\":{\"@id\":\"https:\\\/\\\/www.reseau-mesure.com\\\/#\\\/schema\\\/logo\\\/image\\\/\"},\"sameAs\":[\"https:\\\/\\\/www.facebook.com\\\/reseaumesure\\\/\",\"https:\\\/\\\/x.com\\\/ReseauMesure\",\"https:\\\/\\\/www.linkedin.com\\\/company\\\/reseau-mesure\\\/\"]}]}<\/script>\n<!-- \/ Yoast SEO plugin. -->","yoast_head_json":{"title":"MEASUREMENT WORLD 2022 - R\u00e9seau Mesure","description":"Global Industrie d\u00e9veloppe son univers de la mesure en int\u00e9grant Measurement World 2022. Informations et renseignements.","robots":{"index":"index","follow":"follow","max-snippet":"max-snippet:-1","max-image-preview":"max-image-preview:large","max-video-preview":"max-video-preview:-1"},"canonical":"https:\/\/www.reseau-mesure.com\/de\/measurement-world-2022\/","og_locale":"de_DE","og_type":"article","og_title":"MEASUREMENT WORLD 2022 - R\u00e9seau Mesure","og_description":"Global Industrie d\u00e9veloppe son univers de la mesure en int\u00e9grant Measurement World 2022. Informations et renseignements.","og_url":"https:\/\/www.reseau-mesure.com\/de\/measurement-world-2022\/","og_site_name":"R\u00e9seau Mesure","article_publisher":"https:\/\/www.facebook.com\/reseaumesure\/","article_modified_time":"2022-03-22T16:50:12+00:00","og_image":[{"url":"https:\/\/www.reseau-mesure.com\/wp-content\/uploads\/2018\/06\/MEASUREMENT_WORLD-LARGEUR.jpg","type":"","width":"","height":""}],"twitter_card":"summary_large_image","twitter_site":"@ReseauMesure","twitter_misc":{"Gesch\u00e4tzte Lesezeit":"5\u00a0Minuten"},"schema":{"@context":"https:\/\/schema.org","@graph":[{"@type":"WebPage","@id":"https:\/\/www.reseau-mesure.com\/measurement-world-2022\/","url":"https:\/\/www.reseau-mesure.com\/measurement-world-2022\/","name":"MEASUREMENT WORLD 2022 - R\u00e9seau Mesure","isPartOf":{"@id":"https:\/\/www.reseau-mesure.com\/#website"},"primaryImageOfPage":{"@id":"https:\/\/www.reseau-mesure.com\/measurement-world-2022\/#primaryimage"},"image":{"@id":"https:\/\/www.reseau-mesure.com\/measurement-world-2022\/#primaryimage"},"thumbnailUrl":"https:\/\/www.reseau-mesure.com\/wp-content\/uploads\/2018\/06\/MEASUREMENT_WORLD-LARGEUR.jpg","datePublished":"2019-06-14T13:58:18+00:00","dateModified":"2022-03-22T16:50:12+00:00","description":"Global Industrie d\u00e9veloppe son univers de la mesure en int\u00e9grant Measurement World 2022. Informations et renseignements.","breadcrumb":{"@id":"https:\/\/www.reseau-mesure.com\/measurement-world-2022\/#breadcrumb"},"inLanguage":"de","potentialAction":[{"@type":"ReadAction","target":["https:\/\/www.reseau-mesure.com\/measurement-world-2022\/"]}]},{"@type":"ImageObject","inLanguage":"de","@id":"https:\/\/www.reseau-mesure.com\/measurement-world-2022\/#primaryimage","url":"https:\/\/www.reseau-mesure.com\/wp-content\/uploads\/2018\/06\/MEASUREMENT_WORLD-LARGEUR.jpg","contentUrl":"https:\/\/www.reseau-mesure.com\/wp-content\/uploads\/2018\/06\/MEASUREMENT_WORLD-LARGEUR.jpg"},{"@type":"BreadcrumbList","@id":"https:\/\/www.reseau-mesure.com\/measurement-world-2022\/#breadcrumb","itemListElement":[{"@type":"ListItem","position":1,"name":"Accueil","item":"https:\/\/www.reseau-mesure.com\/"},{"@type":"ListItem","position":2,"name":"MEASUREMENT WORLD 2022"}]},{"@type":"WebSite","@id":"https:\/\/www.reseau-mesure.com\/#website","url":"https:\/\/www.reseau-mesure.com\/","name":"Netzwerk-Messung","description":"Netzwerkma\u00dfnahme","publisher":{"@id":"https:\/\/www.reseau-mesure.com\/#organization"},"potentialAction":[{"@type":"SearchAction","target":{"@type":"EntryPoint","urlTemplate":"https:\/\/www.reseau-mesure.com\/?s={search_term_string}"},"query-input":{"@type":"PropertyValueSpecification","valueRequired":true,"valueName":"search_term_string"}}],"inLanguage":"de"},{"@type":"Organization","@id":"https:\/\/www.reseau-mesure.com\/#organization","name":"Netzwerk-Messung","url":"https:\/\/www.reseau-mesure.com\/","logo":{"@type":"ImageObject","inLanguage":"de","@id":"https:\/\/www.reseau-mesure.com\/#\/schema\/logo\/image\/","url":"https:\/\/www.reseau-mesure.com\/wp-content\/uploads\/2018\/02\/logo-max.png","contentUrl":"https:\/\/www.reseau-mesure.com\/wp-content\/uploads\/2018\/02\/logo-max.png","width":545,"height":285,"caption":"R\u00e9seau-Mesure"},"image":{"@id":"https:\/\/www.reseau-mesure.com\/#\/schema\/logo\/image\/"},"sameAs":["https:\/\/www.facebook.com\/reseaumesure\/","https:\/\/x.com\/ReseauMesure","https:\/\/www.linkedin.com\/company\/reseau-mesure\/"]}]}},"_links":{"self":[{"href":"https:\/\/www.reseau-mesure.com\/de\/wp-json\/wp\/v2\/pages\/7985","targetHints":{"allow":["GET"]}}],"collection":[{"href":"https:\/\/www.reseau-mesure.com\/de\/wp-json\/wp\/v2\/pages"}],"about":[{"href":"https:\/\/www.reseau-mesure.com\/de\/wp-json\/wp\/v2\/types\/page"}],"author":[{"embeddable":true,"href":"https:\/\/www.reseau-mesure.com\/de\/wp-json\/wp\/v2\/users\/685"}],"replies":[{"embeddable":true,"href":"https:\/\/www.reseau-mesure.com\/de\/wp-json\/wp\/v2\/comments?post=7985"}],"version-history":[{"count":0,"href":"https:\/\/www.reseau-mesure.com\/de\/wp-json\/wp\/v2\/pages\/7985\/revisions"}],"wp:attachment":[{"href":"https:\/\/www.reseau-mesure.com\/de\/wp-json\/wp\/v2\/media?parent=7985"}],"curies":[{"name":"wp","href":"https:\/\/api.w.org\/{rel}","templated":true}]}}