{"id":8922,"date":"2020-12-01T20:22:33","date_gmt":"2020-12-01T19:22:33","guid":{"rendered":"https:\/\/www.reseau-mesure.com\/?page_id=8922"},"modified":"2020-12-07T15:44:50","modified_gmt":"2020-12-07T14:44:50","slug":"livre-les-savoir-faire-du-reseau-mesure-volume-1","status":"publish","type":"page","link":"https:\/\/www.reseau-mesure.com\/de\/livre-les-savoir-faire-du-reseau-mesure-volume-1\/","title":{"rendered":"das Know-how des Volumenmessnetzwerks 1"},"content":{"rendered":"<h2>\n\t\tDas Know-how des Messnetzwerks\n\t<\/h2>\n\t<p>Band 1<\/p>\n\t\t\t\t<img loading=\"lazy\" decoding=\"async\" src=\"https:\/\/www.reseau-mesure.com\/wp-content\/uploads\/2020\/12\/Pages-de-Les-savoir-faire-du-Reseau-Mesure-Volume-1-722x1024.jpg\" alt=\"Couverture les savoir-faire du R\u00e9seau Mesure\" itemprop=\"image\" height=\"1024\" width=\"722\" title=\"Know-how-Seiten des Messnetzwerks - Band 1\" onerror=\"this.style.display='none'\"  \/>\n\t<h3><strong>Das Know-how des Messnetzwerks<\/strong><br \/>\n<strong>Entdecken und \/ oder erweitern Sie Ihr Wissen \u00fcber das Gute<\/strong><br \/>\n<strong>industrielle Messpraktiken.<\/strong><\/h3>\n\u2022 Welche Ma\u00dfnahme f\u00fcr welches Ziel, zu welchen Kosten?<br \/>\n\u2022 Wie und warum werden die Daten verarbeitet?<br \/>\n\u2022 Welche Auswirkungen auf Produktionssysteme?<br \/>\n\u2022 Messung und Wartung? So viele Fragen, die du dir stellen kannst in deinem<br \/>\nt\u00e4gliche Aktivit\u00e4ten.\n<strong>\u00a0<\/strong>Dieses Buch richtet sich an alle, die an technischen Prozessen beteiligt sind.<br \/>\nvom Ingenieur zum Techniker, von der Qualit\u00e4t zum Prozess, einschlie\u00dflich<br \/>\ndurch Kontrolle und Wartung.\n<h2>\n\t\tLade es herunter!\n\t<\/h2>\n\t<p>\u00a0F\u00fcllen Sie das folgende Formular aus und klicken Sie auf die Schaltfl\u00e4che<\/p>\n<p>\u00a0&quot;Erhalten Sie das Know-how des Messnetzes&quot;.<\/p>\n<p>Sie erhalten das Dokument im PDF-Format per E-Mail.<\/p>\n<p>Danke f\u00fcr dein Vertrauen.<\/p>\n\t<center>\n<div class=\"wpcf7 no-js\" id=\"wpcf7-f11736-o1\" lang=\"fr-FR\" dir=\"ltr\" data-wpcf7-id=\"11736\">\n<div class=\"screen-reader-response\"><p role=\"status\" aria-live=\"polite\" aria-atomic=\"true\"><\/p> <ul><\/ul><\/div>\n<form action=\"\/de\/wp-json\/wp\/v2\/pages\/8922#wpcf7-f11736-o1\" method=\"post\" class=\"wpcf7-form init\" aria-label=\"Kontakt Formular\" novalidate=\"novalidate\" data-status=\"init\" data-trp-original-action=\"\/de\/wp-json\/wp\/v2\/pages\/8922#wpcf7-f11736-o1\">\n<fieldset class=\"hidden-fields-container\"><input type=\"hidden\" name=\"_wpcf7\" value=\"11736\" \/><input type=\"hidden\" name=\"_wpcf7_version\" value=\"6.1.5\" \/><input type=\"hidden\" name=\"_wpcf7_locale\" value=\"fr_FR\" \/><input type=\"hidden\" name=\"_wpcf7_unit_tag\" value=\"wpcf7-f11736-o1\" \/><input type=\"hidden\" name=\"_wpcf7_container_post\" value=\"0\" \/><input type=\"hidden\" name=\"_wpcf7_posted_data_hash\" value=\"\" \/><input type=\"hidden\" name=\"_wpcf7_recaptcha_response\" value=\"\" \/>\n<\/fieldset>\n<p><span class=\"wpcf7-form-control-wrap\" data-name=\"checkbox-190\"><span class=\"wpcf7-form-control wpcf7-checkbox wpcf7-exclusive-checkbox\"><\/span><\/span><label> deine E-Mail :<br \/>\n<span class=\"wpcf7-form-control-wrap\" data-name=\"your-email\"><input size=\"40\" maxlength=\"400\" class=\"wpcf7-form-control wpcf7-email wpcf7-validates-as-required wpcf7-text wpcf7-validates-as-email\" aria-required=\"true\" aria-invalid=\"false\" value=\"\" type=\"email\" name=\"your-email\" \/><\/span> <\/label><br \/>\n<label> Deine Telefonnummer :<br \/>\n<span class=\"wpcf7-form-control-wrap\" data-name=\"Telephone\"><input size=\"40\" maxlength=\"400\" class=\"wpcf7-form-control wpcf7-tel wpcf7-validates-as-required wpcf7-text wpcf7-validates-as-tel\" aria-required=\"true\" aria-invalid=\"false\" value=\"\" type=\"tel\" name=\"Telephone\" \/><\/span> <\/label>\n<\/p>\n<p><input class=\"wpcf7-form-control wpcf7-submit has-spinner\" type=\"submit\" value=\"Erhalten Sie * das Know-how des Messnetzwerks\" \/>\n<\/p><div class=\"wpcf7-response-output\" aria-hidden=\"true\"><\/div>\n<input type=\"hidden\" name=\"trp-form-language\" value=\"de\"\/><\/form>\n<\/div>\n<\/center>\n\t<p>* Ich bin damit einverstanden, Mitteilungen des Messnetzwerks und der Mitgliedsunternehmen im Buch &quot;Das Know-how des Messnetzwerks (Band 1)&quot; zu erhalten. Um Ihnen die erwarteten Informationen zukommen zu lassen, m\u00fcssen wir Ihre personenbezogenen Daten speichern und verarbeiten. Die Sicherheit Ihrer Daten ist uns wichtig. Weitere Informationen zur Verarbeitung personenbezogener Daten und zu unseren Verpflichtungen zum Schutz der Privatsph\u00e4re finden Sie in der Beratung<a href=\"https:\/\/www.reseau-mesure.com\/de\/politique-de-confidentialite\/\">Hier<\/a>unsere Politik des Respekts personenbezogener Daten.<\/p>","protected":false},"excerpt":{"rendered":"<p>Das Know-how des Messnetzwerks Band 1 Das Know-how des Messnetzwerks Entdecken und \/ oder unterst\u00fctzen Sie Ihr Wissen in Bezug auf gute industrielle Messpraktiken. \u2022 Welche Ma\u00dfnahme f\u00fcr welches Ziel, zu welchen Kosten? \u2022 Wie und warum werden die Daten verarbeitet? \u2022 Welche Auswirkungen auf Produktionssysteme? \u2022 Messung und Wartung ...<\/p>","protected":false},"author":685,"featured_media":0,"parent":0,"menu_order":0,"comment_status":"closed","ping_status":"closed","template":"","meta":{"_acf_changed":false,"footnotes":""},"class_list":["post-8922","page","type-page","status-publish","hentry"],"acf":[],"yoast_head":"<!-- This site is optimized with the Yoast SEO plugin v27.4 - https:\/\/yoast.com\/product\/yoast-seo-wordpress\/ -->\n<title>les-savoir-faire-du-reseau-mesure-volume-1 - R\u00e9seau Mesure<\/title>\n<meta name=\"robots\" content=\"index, follow, max-snippet:-1, max-image-preview:large, max-video-preview:-1\" \/>\n<link rel=\"canonical\" href=\"https:\/\/www.reseau-mesure.com\/de\/livre-les-savoir-faire-du-reseau-mesure-volume-1\/\" \/>\n<meta property=\"og:locale\" content=\"de_DE\" \/>\n<meta property=\"og:type\" content=\"article\" \/>\n<meta property=\"og:title\" content=\"les-savoir-faire-du-reseau-mesure-volume-1 - R\u00e9seau Mesure\" \/>\n<meta property=\"og:description\" content=\"Les savoir faire du R\u00e9seau-Mesure Volume 1 Les savoir-faire du R\u00e9seau Mesure D\u00e9couvrez et\/ou \u00e9tayez vos connaissances relatives aux bonnes pratiques industrielles de mesure. \u2022 Quelle mesure pour quel objectif, \u00e0 quel co\u00fbt ? \u2022 Comment et pourquoi traiter les donn\u00e9es ? \u2022 Quel impact sur les syst\u00e8mes de production ? \u2022 Mesure et maintenance&hellip;\" \/>\n<meta property=\"og:url\" content=\"https:\/\/www.reseau-mesure.com\/de\/livre-les-savoir-faire-du-reseau-mesure-volume-1\/\" \/>\n<meta property=\"og:site_name\" content=\"R\u00e9seau Mesure\" \/>\n<meta property=\"article:publisher\" content=\"https:\/\/www.facebook.com\/reseaumesure\/\" \/>\n<meta property=\"article:modified_time\" content=\"2020-12-07T14:44:50+00:00\" \/>\n<meta property=\"og:image\" content=\"https:\/\/www.reseau-mesure.com\/wp-content\/uploads\/2020\/12\/Pages-de-Les-savoir-faire-du-Reseau-Mesure-Volume-1-722x1024.jpg\" \/>\n<meta name=\"twitter:card\" content=\"summary_large_image\" \/>\n<meta name=\"twitter:site\" content=\"@ReseauMesure\" \/>\n<meta name=\"twitter:label1\" content=\"Gesch\u00e4tzte Lesezeit\" \/>\n\t<meta name=\"twitter:data1\" content=\"1\u00a0Minute\" \/>\n<script type=\"application\/ld+json\" class=\"yoast-schema-graph\">{\"@context\":\"https:\\\/\\\/schema.org\",\"@graph\":[{\"@type\":\"WebPage\",\"@id\":\"https:\\\/\\\/www.reseau-mesure.com\\\/de\\\/livre-les-savoir-faire-du-reseau-mesure-volume-1\\\/\",\"url\":\"https:\\\/\\\/www.reseau-mesure.com\\\/de\\\/livre-les-savoir-faire-du-reseau-mesure-volume-1\\\/\",\"name\":\"les-savoir-faire-du-reseau-mesure-volume-1 - R\u00e9seau Mesure\",\"isPartOf\":{\"@id\":\"https:\\\/\\\/www.reseau-mesure.com\\\/#website\"},\"primaryImageOfPage\":{\"@id\":\"https:\\\/\\\/www.reseau-mesure.com\\\/de\\\/livre-les-savoir-faire-du-reseau-mesure-volume-1\\\/#primaryimage\"},\"image\":{\"@id\":\"https:\\\/\\\/www.reseau-mesure.com\\\/de\\\/livre-les-savoir-faire-du-reseau-mesure-volume-1\\\/#primaryimage\"},\"thumbnailUrl\":\"https:\\\/\\\/www.reseau-mesure.com\\\/wp-content\\\/uploads\\\/2020\\\/12\\\/Pages-de-Les-savoir-faire-du-Reseau-Mesure-Volume-1-722x1024.jpg\",\"datePublished\":\"2020-12-01T19:22:33+00:00\",\"dateModified\":\"2020-12-07T14:44:50+00:00\",\"breadcrumb\":{\"@id\":\"https:\\\/\\\/www.reseau-mesure.com\\\/de\\\/livre-les-savoir-faire-du-reseau-mesure-volume-1\\\/#breadcrumb\"},\"inLanguage\":\"de\",\"potentialAction\":[{\"@type\":\"ReadAction\",\"target\":[\"https:\\\/\\\/www.reseau-mesure.com\\\/de\\\/livre-les-savoir-faire-du-reseau-mesure-volume-1\\\/\"]}]},{\"@type\":\"ImageObject\",\"inLanguage\":\"de\",\"@id\":\"https:\\\/\\\/www.reseau-mesure.com\\\/de\\\/livre-les-savoir-faire-du-reseau-mesure-volume-1\\\/#primaryimage\",\"url\":\"https:\\\/\\\/www.reseau-mesure.com\\\/wp-content\\\/uploads\\\/2020\\\/12\\\/Pages-de-Les-savoir-faire-du-Reseau-Mesure-Volume-1-722x1024.jpg\",\"contentUrl\":\"https:\\\/\\\/www.reseau-mesure.com\\\/wp-content\\\/uploads\\\/2020\\\/12\\\/Pages-de-Les-savoir-faire-du-Reseau-Mesure-Volume-1-722x1024.jpg\"},{\"@type\":\"BreadcrumbList\",\"@id\":\"https:\\\/\\\/www.reseau-mesure.com\\\/de\\\/livre-les-savoir-faire-du-reseau-mesure-volume-1\\\/#breadcrumb\",\"itemListElement\":[{\"@type\":\"ListItem\",\"position\":1,\"name\":\"Accueil\",\"item\":\"https:\\\/\\\/www.reseau-mesure.com\\\/\"},{\"@type\":\"ListItem\",\"position\":2,\"name\":\"les-savoir-faire-du-reseau-mesure-volume-1\"}]},{\"@type\":\"WebSite\",\"@id\":\"https:\\\/\\\/www.reseau-mesure.com\\\/#website\",\"url\":\"https:\\\/\\\/www.reseau-mesure.com\\\/\",\"name\":\"R\u00e9seau-Mesure\",\"description\":\"R\u00e9seau Mesure\",\"publisher\":{\"@id\":\"https:\\\/\\\/www.reseau-mesure.com\\\/#organization\"},\"potentialAction\":[{\"@type\":\"SearchAction\",\"target\":{\"@type\":\"EntryPoint\",\"urlTemplate\":\"https:\\\/\\\/www.reseau-mesure.com\\\/?s={search_term_string}\"},\"query-input\":{\"@type\":\"PropertyValueSpecification\",\"valueRequired\":true,\"valueName\":\"search_term_string\"}}],\"inLanguage\":\"de\"},{\"@type\":\"Organization\",\"@id\":\"https:\\\/\\\/www.reseau-mesure.com\\\/#organization\",\"name\":\"R\u00e9seau-Mesure\",\"url\":\"https:\\\/\\\/www.reseau-mesure.com\\\/\",\"logo\":{\"@type\":\"ImageObject\",\"inLanguage\":\"de\",\"@id\":\"https:\\\/\\\/www.reseau-mesure.com\\\/#\\\/schema\\\/logo\\\/image\\\/\",\"url\":\"https:\\\/\\\/www.reseau-mesure.com\\\/wp-content\\\/uploads\\\/2018\\\/02\\\/logo-max.png\",\"contentUrl\":\"https:\\\/\\\/www.reseau-mesure.com\\\/wp-content\\\/uploads\\\/2018\\\/02\\\/logo-max.png\",\"width\":545,\"height\":285,\"caption\":\"R\u00e9seau-Mesure\"},\"image\":{\"@id\":\"https:\\\/\\\/www.reseau-mesure.com\\\/#\\\/schema\\\/logo\\\/image\\\/\"},\"sameAs\":[\"https:\\\/\\\/www.facebook.com\\\/reseaumesure\\\/\",\"https:\\\/\\\/x.com\\\/ReseauMesure\",\"https:\\\/\\\/www.linkedin.com\\\/company\\\/reseau-mesure\\\/\"]}]}<\/script>\n<!-- \/ Yoast SEO plugin. -->","yoast_head_json":{"title":"les-savoir-faire-du-reseau-mesure-volume-1 - R\u00e9seau Mesure","robots":{"index":"index","follow":"follow","max-snippet":"max-snippet:-1","max-image-preview":"max-image-preview:large","max-video-preview":"max-video-preview:-1"},"canonical":"https:\/\/www.reseau-mesure.com\/de\/livre-les-savoir-faire-du-reseau-mesure-volume-1\/","og_locale":"de_DE","og_type":"article","og_title":"les-savoir-faire-du-reseau-mesure-volume-1 - R\u00e9seau Mesure","og_description":"Les savoir faire du R\u00e9seau-Mesure Volume 1 Les savoir-faire du R\u00e9seau Mesure D\u00e9couvrez et\/ou \u00e9tayez vos connaissances relatives aux bonnes pratiques industrielles de mesure. \u2022 Quelle mesure pour quel objectif, \u00e0 quel co\u00fbt ? \u2022 Comment et pourquoi traiter les donn\u00e9es ? \u2022 Quel impact sur les syst\u00e8mes de production ? \u2022 Mesure et maintenance&hellip;","og_url":"https:\/\/www.reseau-mesure.com\/de\/livre-les-savoir-faire-du-reseau-mesure-volume-1\/","og_site_name":"R\u00e9seau Mesure","article_publisher":"https:\/\/www.facebook.com\/reseaumesure\/","article_modified_time":"2020-12-07T14:44:50+00:00","og_image":[{"url":"https:\/\/www.reseau-mesure.com\/wp-content\/uploads\/2020\/12\/Pages-de-Les-savoir-faire-du-Reseau-Mesure-Volume-1-722x1024.jpg","type":"","width":"","height":""}],"twitter_card":"summary_large_image","twitter_site":"@ReseauMesure","twitter_misc":{"Gesch\u00e4tzte Lesezeit":"1\u00a0Minute"},"schema":{"@context":"https:\/\/schema.org","@graph":[{"@type":"WebPage","@id":"https:\/\/www.reseau-mesure.com\/de\/livre-les-savoir-faire-du-reseau-mesure-volume-1\/","url":"https:\/\/www.reseau-mesure.com\/de\/livre-les-savoir-faire-du-reseau-mesure-volume-1\/","name":"les-savoir-faire-du-reseau-mesure-volume-1 - R\u00e9seau Mesure","isPartOf":{"@id":"https:\/\/www.reseau-mesure.com\/#website"},"primaryImageOfPage":{"@id":"https:\/\/www.reseau-mesure.com\/de\/livre-les-savoir-faire-du-reseau-mesure-volume-1\/#primaryimage"},"image":{"@id":"https:\/\/www.reseau-mesure.com\/de\/livre-les-savoir-faire-du-reseau-mesure-volume-1\/#primaryimage"},"thumbnailUrl":"https:\/\/www.reseau-mesure.com\/wp-content\/uploads\/2020\/12\/Pages-de-Les-savoir-faire-du-Reseau-Mesure-Volume-1-722x1024.jpg","datePublished":"2020-12-01T19:22:33+00:00","dateModified":"2020-12-07T14:44:50+00:00","breadcrumb":{"@id":"https:\/\/www.reseau-mesure.com\/de\/livre-les-savoir-faire-du-reseau-mesure-volume-1\/#breadcrumb"},"inLanguage":"de","potentialAction":[{"@type":"ReadAction","target":["https:\/\/www.reseau-mesure.com\/de\/livre-les-savoir-faire-du-reseau-mesure-volume-1\/"]}]},{"@type":"ImageObject","inLanguage":"de","@id":"https:\/\/www.reseau-mesure.com\/de\/livre-les-savoir-faire-du-reseau-mesure-volume-1\/#primaryimage","url":"https:\/\/www.reseau-mesure.com\/wp-content\/uploads\/2020\/12\/Pages-de-Les-savoir-faire-du-Reseau-Mesure-Volume-1-722x1024.jpg","contentUrl":"https:\/\/www.reseau-mesure.com\/wp-content\/uploads\/2020\/12\/Pages-de-Les-savoir-faire-du-Reseau-Mesure-Volume-1-722x1024.jpg"},{"@type":"BreadcrumbList","@id":"https:\/\/www.reseau-mesure.com\/de\/livre-les-savoir-faire-du-reseau-mesure-volume-1\/#breadcrumb","itemListElement":[{"@type":"ListItem","position":1,"name":"Accueil","item":"https:\/\/www.reseau-mesure.com\/"},{"@type":"ListItem","position":2,"name":"les-savoir-faire-du-reseau-mesure-volume-1"}]},{"@type":"WebSite","@id":"https:\/\/www.reseau-mesure.com\/#website","url":"https:\/\/www.reseau-mesure.com\/","name":"Netzwerk-Messung","description":"Netzwerkma\u00dfnahme","publisher":{"@id":"https:\/\/www.reseau-mesure.com\/#organization"},"potentialAction":[{"@type":"SearchAction","target":{"@type":"EntryPoint","urlTemplate":"https:\/\/www.reseau-mesure.com\/?s={search_term_string}"},"query-input":{"@type":"PropertyValueSpecification","valueRequired":true,"valueName":"search_term_string"}}],"inLanguage":"de"},{"@type":"Organization","@id":"https:\/\/www.reseau-mesure.com\/#organization","name":"Netzwerk-Messung","url":"https:\/\/www.reseau-mesure.com\/","logo":{"@type":"ImageObject","inLanguage":"de","@id":"https:\/\/www.reseau-mesure.com\/#\/schema\/logo\/image\/","url":"https:\/\/www.reseau-mesure.com\/wp-content\/uploads\/2018\/02\/logo-max.png","contentUrl":"https:\/\/www.reseau-mesure.com\/wp-content\/uploads\/2018\/02\/logo-max.png","width":545,"height":285,"caption":"R\u00e9seau-Mesure"},"image":{"@id":"https:\/\/www.reseau-mesure.com\/#\/schema\/logo\/image\/"},"sameAs":["https:\/\/www.facebook.com\/reseaumesure\/","https:\/\/x.com\/ReseauMesure","https:\/\/www.linkedin.com\/company\/reseau-mesure\/"]}]}},"_links":{"self":[{"href":"https:\/\/www.reseau-mesure.com\/de\/wp-json\/wp\/v2\/pages\/8922","targetHints":{"allow":["GET"]}}],"collection":[{"href":"https:\/\/www.reseau-mesure.com\/de\/wp-json\/wp\/v2\/pages"}],"about":[{"href":"https:\/\/www.reseau-mesure.com\/de\/wp-json\/wp\/v2\/types\/page"}],"author":[{"embeddable":true,"href":"https:\/\/www.reseau-mesure.com\/de\/wp-json\/wp\/v2\/users\/685"}],"replies":[{"embeddable":true,"href":"https:\/\/www.reseau-mesure.com\/de\/wp-json\/wp\/v2\/comments?post=8922"}],"version-history":[{"count":0,"href":"https:\/\/www.reseau-mesure.com\/de\/wp-json\/wp\/v2\/pages\/8922\/revisions"}],"wp:attachment":[{"href":"https:\/\/www.reseau-mesure.com\/de\/wp-json\/wp\/v2\/media?parent=8922"}],"curies":[{"name":"wp","href":"https:\/\/api.w.org\/{rel}","templated":true}]}}