{"id":8943,"date":"2019-11-18T15:04:26","date_gmt":"2019-11-18T14:04:26","guid":{"rendered":"https:\/\/www.reseau-mesure.com\/?page_id=8943"},"modified":"2020-09-11T10:25:35","modified_gmt":"2020-09-11T08:25:35","slug":"mesures-solutions-expo","status":"publish","type":"page","link":"https:\/\/www.reseau-mesure.com\/de\/mesures-solutions-expo\/","title":{"rendered":"EXPO Solutions Ma\u00dfnahmen"},"content":{"rendered":"<img loading=\"lazy\" decoding=\"async\" src=\"https:\/\/www.reseau-mesure.com\/wp-content\/uploads\/2019\/11\/LOGO-MSE-2020-300x147.png\" alt=\"LOGO MSE 2020\" itemprop=\"image\" height=\"147\" width=\"300\" title=\"MSE 2020 LOGO\" onerror=\"this.style.display='none'\"  \/>\n\t<p><b>2 Tage Ausstellung<\/b><\/p>\n\t<p><strong>14 &amp; 15<\/strong><\/p>\n<p><strong>Oktober<\/strong><\/p>\n<p><strong> 2020<\/strong><\/p>\n\t<p><strong>LYON-KONGRESSZENTRUM<\/strong><\/p>\n<p><strong>50 Quai Charles de Gaulle<\/strong><\/p>\n<p><strong>69006 Lyon<\/strong><\/p>\n\t\t\t<a href=\"https:\/\/www.mesures-solutions-expo.fr\/exposants\/demande-d-inscription-mse2020\" target=\"_self\" role=\"button\" rel=\"noopener noreferrer\">\n\t\t\t\t\t\t\tAUSSTELLERregistrierung\n\t\t\t\t\t<\/a>\n\t<p><a href=\"https:\/\/www.reseau-mesure.com\/wp-content\/uploads\/2020\/04\/PRESENTATION-MSE-2020..pdf\"><b>DER SALON VON <\/b><b>SPEZIALISTEN<\/b><b> DER MESSUNG<\/b><\/a><\/p>\n\t<p>&nbsp;<\/p>\n<p>Finden Sie die Liste von <a href=\"https:\/\/www.mesures-solutions-expo.fr\/exposants\/liste-des-exposants-2020\">AUSSTELLER 2020<\/a><\/p>\n<p>&nbsp;<\/p>\n\t<p><b>#-Innovationen <\/b><b>#<\/b><\/p>\n\t<p><strong><a href=\"https:\/\/www.reseau-mesure.com\/wp-content\/uploads\/2020\/07\/acalime-formulaire-dinnovationacalime9010.pdf\" target=\"_blank\" rel=\"noopener noreferrer\">Acalime<\/a> &#8211; <a href=\"https:\/\/www.reseau-mesure.com\/wp-content\/uploads\/2020\/06\/actimesure-innovation.pdf\" target=\"_blank\" rel=\"noopener noreferrer\">Actimesure<\/a><\/strong><strong> &#8211; <a href=\"https:\/\/www.reseau-mesure.com\/de\/?page_id=10595\" target=\"_blank\" rel=\"noopener noreferrer\">Anael<\/a> &#8211; <a href=\"https:\/\/www.reseau-mesure.com\/wp-content\/uploads\/2020\/07\/anton-paar-formulaire-innovation.pdf\" target=\"_blank\" rel=\"noopener noreferrer\">Anton Paar<\/a> &#8211;<a href=\"https:\/\/www.reseau-mesure.com\/wp-content\/uploads\/2020\/07\/AOIP-innovation-2020.pdf\" target=\"_blank\" rel=\"noopener noreferrer\"> AOIP<\/a> &#8211;\u00a0<a href=\"https:\/\/www.reseau-mesure.com\/wp-content\/uploads\/2020\/07\/ARDETEM-SFERE-formulaire-dinnovation-.pdf\" target=\"_blank\" rel=\"noopener noreferrer\">Ardetem Sfere<\/a> &#8211; <a href=\"https:\/\/www.reseau-mesure.com\/wp-content\/uploads\/2020\/07\/asc-instrument-formulaire-dinnovation.pdf\" target=\"_blank\" rel=\"noopener noreferrer\">ASC-Instrument<\/a> &#8211; <a href=\"https:\/\/www.reseau-mesure.com\/wp-content\/uploads\/2020\/07\/ASTRIIS-formulaire_dinnovation_ASTRIIS.pdf\" target=\"_blank\" rel=\"noopener noreferrer\">Astriis<\/a> &#8211; <a href=\"https:\/\/www.reseau-mesure.com\/wp-content\/uploads\/2020\/07\/Baumer_formulaire-dinnovation.pdf\" target=\"_blank\" rel=\"noopener noreferrer\">Baumer<\/a> &#8211; <a href=\"https:\/\/www.reseau-mesure.com\/wp-admin\/post.php?post=10794&amp;action=edit\" target=\"_blank\" rel=\"noopener noreferrer\">Beamex<\/a> &#8211; <a href=\"https:\/\/www.reseau-mesure.com\/wp-content\/uploads\/2020\/07\/Bruker-Alicona.-formulaire-innovation.pdf\" target=\"_blank\" rel=\"noopener noreferrer\">Bruker Alicona<\/a> &#8211; <a href=\"https:\/\/www.reseau-mesure.com\/wp-content\/uploads\/2020\/06\/cetiat-formulaire-innovation-NANO-QL_v2.pdf\" target=\"_blank\" rel=\"noopener noreferrer\">Cetiat<\/a> &#8211;\u00a0<a href=\"https:\/\/www.reseau-mesure.com\/wp-content\/uploads\/2020\/06\/ConsoMIX-formulaire-innovation_consomix.pdf\" target=\"_blank\" rel=\"noopener noreferrer\">ConsoMIX<\/a> &#8211; <a href=\"https:\/\/www.reseau-mesure.com\/wp-content\/uploads\/2020\/06\/Creaform-MetraSCAN-3D-formulaire-innovation.pdf\" target=\"_blank\" rel=\"noopener noreferrer\">Creaform<\/a> &#8211; <a href=\"https:\/\/www.reseau-mesure.com\/wp-content\/uploads\/2020\/07\/CTS-innovation-1.pdf\" target=\"_blank\" rel=\"noopener noreferrer\">Klima- und W\u00e4rmeservice<\/a>\u00a0&#8211; <a href=\"https:\/\/www.reseau-mesure.com\/wp-content\/uploads\/2020\/07\/Cuenot-R\u00e9gulation-innovation-Mesures-Expo2020.pdf\" target=\"_blank\" rel=\"noopener noreferrer\">Cuenot-Verordnung<\/a> &#8211; <a href=\"https:\/\/www.reseau-mesure.com\/wp-content\/uploads\/2020\/06\/dewesoft-formulaire-innovation.pdf\" target=\"_blank\" rel=\"noopener noreferrer\">Dewesoft<\/a> &#8211; <a href=\"https:\/\/www.reseau-mesure.com\/wp-content\/uploads\/2020\/07\/dewetron-formulaire-dinnovation-.pdf\" target=\"_blank\" rel=\"noopener noreferrer\">Dewetron<\/a> &#8211; <a href=\"https:\/\/www.reseau-mesure.com\/wp-content\/uploads\/2020\/07\/dexys-formulaire-dinnovation.pdf\" target=\"_blank\" rel=\"noopener noreferrer\">Dexys<\/a> &#8211; <a href=\"https:\/\/www.reseau-mesure.com\/wp-content\/uploads\/2020\/07\/dimelco-formulaire-dinnovation.pdf\" target=\"_blank\" rel=\"noopener noreferrer\">Dimelco<\/a> &#8211; <a href=\"https:\/\/www.reseau-mesure.com\/wp-content\/uploads\/2020\/06\/dynae-Adorec-Dynae_.pdf\" target=\"_blank\" rel=\"noopener noreferrer\">Dynae<\/a> &#8211; <a href=\"https:\/\/www.reseau-mesure.com\/wp-content\/uploads\/2020\/07\/edmund-opticsformulaire-dinnovation3.pdf\" target=\"_blank\" rel=\"noopener noreferrer\">Edmund<\/a> &#8211; <a href=\"https:\/\/www.reseau-mesure.com\/wp-content\/uploads\/2020\/08\/emd2i-formulaire-dinnovation.pdf\" target=\"_blank\" rel=\"noopener noreferrer\">Emd2i<\/a> &#8211;\u00a0<a href=\"https:\/\/www.reseau-mesure.com\/wp-content\/uploads\/2020\/07\/endress-formulaire-dinnovation.pdf\" target=\"_blank\" rel=\"noopener noreferrer\">Endress + Hauser<\/a> &#8211;\u00a0<a href=\"https:\/\/www.reseau-mesure.com\/wp-content\/uploads\/2020\/07\/Fischer-connectors-Formulaire-innovation_Fischer-Freedom\u2122.pdf\" target=\"_blank\" rel=\"noopener noreferrer\">Fischer-Steckverbinder<\/a> &#8211; <a href=\"https:\/\/www.reseau-mesure.com\/wp-content\/uploads\/2020\/07\/Furness-Controls-formulaire-dinnovation.pdf\" target=\"_blank\" rel=\"noopener noreferrer\">Furness Control<\/a>s - <a href=\"https:\/\/www.reseau-mesure.com\/wp-content\/uploads\/2020\/06\/gantner-formulaire-innovation.pdf\" target=\"_blank\" rel=\"noopener noreferrer\">Handschuh<\/a> &#8211; <a href=\"https:\/\/www.reseau-mesure.com\/wp-content\/uploads\/2020\/08\/imc-EOS-2020.pdf\" target=\"_blank\" rel=\"noopener noreferrer\">imc<\/a> &#8211; <a href=\"https:\/\/www.reseau-mesure.com\/wp-content\/uploads\/2020\/06\/INTERTEK.pdf\" target=\"_blank\" rel=\"noopener noreferrer\">Intertek<\/a> &#8211; <a href=\"https:\/\/www.reseau-mesure.com\/wp-content\/uploads\/2020\/06\/JRI-formulaire-innovation_JRI.pdf\" target=\"_blank\" rel=\"noopener noreferrer\">JRI<\/a> &#8211;\u00a0<\/strong><strong><a href=\"https:\/\/www.reseau-mesure.com\/wp-content\/uploads\/2020\/07\/jumo-formulaire-innovation.pdf\" target=\"_blank\" rel=\"noopener noreferrer\">Jumo<\/a>\u00a0<\/strong><strong>&#8211;<a href=\"https:\/\/www.reseau-mesure.com\/wp-content\/uploads\/2020\/06\/KREON-formulaire-innovation.pdf\" target=\"_blank\" rel=\"noopener noreferrer\">\u00a0Kreon<\/a> &#8211; <a href=\"https:\/\/www.reseau-mesure.com\/wp-content\/uploads\/2020\/07\/LESCATE.pdf\" target=\"_blank\" rel=\"noopener noreferrer\">Lescate<\/a> &#8211; <a href=\"https:\/\/www.reseau-mesure.com\/wp-content\/uploads\/2020\/07\/mp-internationalformulaire-dinnovation.pdf\" target=\"_blank\" rel=\"noopener noreferrer\">m + p International<\/a> &#8211; <a href=\"https:\/\/www.reseau-mesure.com\/wp-content\/uploads\/2020\/07\/MB-Electronique_-formulaire-dinnovation_FLUKE-8588A.pdf\" target=\"_blank\" rel=\"noopener noreferrer\">MB Electronics<\/a> &#8211; <a href=\"https:\/\/www.reseau-mesure.com\/wp-content\/uploads\/2020\/07\/michell-instruments-rotronicformulaire-dinnovation.pdf\" target=\"_blank\" rel=\"noopener noreferrer\">Michell Instrument<\/a> &#8211;\u00a0<a href=\"https:\/\/www.reseau-mesure.com\/wp-content\/uploads\/2020\/07\/MICRO-EPSILON-formulaire-dinnovation.pdf\" target=\"_blank\" rel=\"noopener noreferrer\">Micro Epsilon<\/a> &#8211; <a href=\"https:\/\/www.reseau-mesure.com\/wp-content\/uploads\/2020\/07\/Mitutoyo.pdf\" target=\"_blank\" rel=\"noopener noreferrer\">Mitutoyo<\/a> &#8211; <a href=\"https:\/\/www.reseau-mesure.com\/de\/innovations-nerys\/\" target=\"_blank\" rel=\"noopener noreferrer\">Nerys<\/a> &#8211; <a href=\"https:\/\/www.reseau-mesure.com\/wp-content\/uploads\/2020\/07\/nikon-formulaire-dinnovation_filled-out.pdf\" target=\"_blank\" rel=\"noopener noreferrer\">Nikon<\/a> &#8211; <a href=\"https:\/\/www.reseau-mesure.com\/wp-content\/uploads\/2020\/07\/nir-industry-formulaire-dinnovation.pdf\" target=\"_blank\" rel=\"noopener noreferrer\">Nir-Industrie<\/a> &#8211;\u00a0 <a href=\"https:\/\/www.reseau-mesure.com\/wp-content\/uploads\/2020\/07\/Novus-formulaire-dinnovation-1.pdf\" target=\"_blank\" rel=\"noopener noreferrer\">Novus<\/a> &#8211; <a href=\"https:\/\/www.reseau-mesure.com\/wp-content\/uploads\/2020\/07\/OROS-formulaire-dinnovation.pdf\" target=\"_blank\" rel=\"noopener noreferrer\">Oros<\/a> &#8211; <a href=\"https:\/\/www.reseau-mesure.com\/wp-content\/uploads\/2020\/07\/PCB-PIEZOTRONICS-Formulaire-dinnovation-RESEAU-MESURE-Mesures-Solution-Expo2020-.pdf\" target=\"_blank\" rel=\"noopener noreferrer\">Piezotronics PCB<\/a> &#8211; <a href=\"https:\/\/www.reseau-mesure.com\/wp-content\/uploads\/2020\/08\/polytec.pdf\" target=\"_blank\" rel=\"noopener noreferrer\">Polytec<\/a> &#8211; <a href=\"https:\/\/www.reseau-mesure.com\/wp-content\/uploads\/2020\/07\/qmtinnovation_qmtvline.pdf\" target=\"_blank\" rel=\"noopener noreferrer\">qmt +<\/a> &#8211; <a href=\"https:\/\/www.reseau-mesure.com\/wp-content\/uploads\/2020\/07\/RD-Vision-Formulaire-dinnovation.pdf\" target=\"_blank\" rel=\"noopener noreferrer\">F &amp; E-Vision<\/a> &#8211;\u00a0<a href=\"https:\/\/www.reseau-mesure.com\/wp-content\/uploads\/2020\/07\/Trafag-formulaire-dinnovation-TRAFAG.pdf\" target=\"_blank\" rel=\"noopener noreferrer\">Trafag<\/a> &#8211; <a href=\"https:\/\/www.reseau-mesure.com\/wp-content\/uploads\/2020\/07\/TRIOPTICS-formulaire-dinnovation-2020.pdf\" target=\"_blank\" rel=\"noopener noreferrer\">Trioptik<\/a> &#8211; <a href=\"https:\/\/www.reseau-mesure.com\/wp-content\/uploads\/2020\/08\/Trescal.pdf\" target=\"_blank\" rel=\"noopener noreferrer\">Trescal<\/a> &#8211;\u00a0<a href=\"https:\/\/www.reseau-mesure.com\/wp-content\/uploads\/2020\/07\/vaisala-formulaire-dinnovation.pdf\" target=\"_blank\" rel=\"noopener noreferrer\">Vaisala<\/a> &#8211; <a href=\"https:\/\/www.reseau-mesure.com\/wp-content\/uploads\/2020\/07\/vision-engeneeringformulaire-dinnovation_VEF.pdf.html\" target=\"_blank\" rel=\"noopener noreferrer\">Vision Engineering<\/a> &#8211;\u00a0<a href=\"https:\/\/www.reseau-mesure.com\/wp-content\/uploads\/2020\/07\/WIKA.pdf\" target=\"_blank\" rel=\"noopener noreferrer\">Wika<\/a> &#8211; <a href=\"https:\/\/www.reseau-mesure.com\/wp-content\/uploads\/2020\/07\/ZEISS-formulaire-dinnovation_ZEISS-T-SCAN.pdf\" target=\"_blank\" rel=\"noopener noreferrer\">Zeiss<\/a><\/strong><\/p>\n<p>&nbsp;<\/p>\n\t\t\t<a href=\"https:\/\/www.reseau-mesure.com\/wp-content\/uploads\/2020\/08\/visuels-innovations-31082020.zip\" target=\"_blank\" role=\"button\" rel=\"noopener noreferrer\">\n\t\t\t\t\t\t\tInnovationen in Fotos\n\t\t\t\t\t<\/a>\n\t<p>Das Flaggschiff des Measure Network f\u00fcr das Jahr 2020 ist das\u00a0<strong>3<sup>th<\/sup>\u00a0Ausgabe der Salon Measures Solutions EXPO2020<\/strong>\u00a0findet in der Cit\u00e9 des Congr\u00e8s in Lyon statt. Es wird die Vollst\u00e4ndigkeit des Messangebots von der Forschungswelt bis zur Produktion, von aktuellen L\u00f6sungen bis hin zu Zukunftsaussichten darstellen.<\/p>\n<p><strong>So nah wie m\u00f6glich am Kunden zu sein, lautet das Motto der Measures Solutions EXPO.<\/strong>\u00a0Mit einem allgemeinen Angebot, das mehrere potenzielle Anforderungen erf\u00fcllt, wollten die Aussteller Messfachleute am selben Ort zusammenbringen, um ihnen Komplettl\u00f6sungen anzubieten. Besucher k\u00f6nnen somit unabh\u00e4ngig von ihren Erwartungen, Techniken und Prozessen auf ein abwechslungsreiches Angebot zugreifen.<\/p>\n<p>Innovative Produkte werden zusammen mit dem fortschrittlichsten Know-how sowohl auf den St\u00e4nden als auch w\u00e4hrend der Aussteller-Workshops pr\u00e4sentiert.<\/p>\n<p>Organisiert um\u00a0<strong>mehr als 130 St\u00e4nde<\/strong>\u00a0werden Besucher fast entdecken\u00a0<strong>300 gro\u00dfe franz\u00f6sische und internationale Marken.<\/strong><\/p>\n<p>Von der Beratung bis zur Realisierung von Projekten beraten die auf dieser Messe anwesenden Experten die Besucher nicht nur durch die auf ihren St\u00e4nden pr\u00e4sentierten innovativen L\u00f6sungen, sondern auch durch die Organisation von rund zwanzig thematischen Workshops, in denen sie pr\u00e4sentieren ihr Know-how und ihre Neuheiten.<\/p>\n\tDas franz\u00f6sische College f\u00fcr Metrologie<br \/>\nVeranstaltungspartner\n<p>In diesem Kontext\u00a0<strong>das franz\u00f6sische College of Metrology<\/strong>\u00a0wird den Pavillon animieren\u00a0<strong>&quot;Messtechnik-Innovation&quot;<\/strong>\u00a0der Show, ein Raum, der CFM-Mitgliedern gewidmet ist, die diesem Thema n\u00e4her kommen m\u00f6chten. Es organisiert auch\u00a0<strong>eine Reihe von Konferenzen zu Themen, die den industriellen Bed\u00fcrfnissen entsprechen<\/strong>\u00a0und Quizfragen zu Qualit\u00e4t, Methoden und Techniken sowie unterhaltsame und pragmatische Animationen zur Metrologie: Haben Sie das richtige Ma\u00df?<\/p>\n\t\t\t\t<img loading=\"lazy\" decoding=\"async\" src=\"https:\/\/www.reseau-mesure.com\/wp-content\/uploads\/2019\/10\/3_CFM-logoquadri-2018_HD-150x150.jpg\" alt=\"3_CFM-logoquadri-2018\" itemprop=\"image\" height=\"150\" width=\"150\" title=\"3_CFM-logoquadri-2018\" onerror=\"this.style.display='none'\"  \/>\n\t<p><b># das Programm<\/b><b> # <\/b><\/p>\n\t<strong>130<\/strong> Aussteller<br \/>\n4 <strong>Konferenzen<\/strong> von CFM<br \/>\n20 <strong>technische Pr\u00e4sentationen<br \/>\n<\/strong>1 Buffet und 2 Kaffeepausen f\u00fcr Diskussionen\n\t\t\t<a href=\"https:\/\/mesures-solutions-expo.fr\/conferences\" target=\"_self\" role=\"button\" rel=\"noopener noreferrer\">\n\t\t\t\t\t\t\tKonferenzen und thematische Pr\u00e4sentationen\n\t\t\t\t\t<\/a>\n\t\t\t<a href=\"https:\/\/www.reseau-mesure.com\/wp-content\/uploads\/2020\/09\/PROTOCOLE-SANITAIRE-VISITEURS-MSE2020.pdf\" target=\"_blank\" role=\"button\" rel=\"noopener noreferrer\">\n\t\t\t\t\t\t\tBESUCHERGESUNDHEITSPROTOKOLL\n\t\t\t\t\t<\/a>\n\t\t\t<a href=\"https:\/\/www.reseau-mesure.com\/wp-content\/uploads\/2020\/09\/PROTOCOLE-SANITAIRE-EXPOSANTS-MSE2020.pdf\" target=\"_blank\" role=\"button\" rel=\"noopener noreferrer\">\n\t\t\t\t\t\t\tGESUNDHEITSPROTOKOLL DES AUSSTELLERS\n\t\t\t\t\t<\/a>\n\t\t\t<a href=\"https:\/\/www.mesures-solutions-expo.fr\/\" target=\"_self\" role=\"button\" rel=\"noopener noreferrer\">\n\t\t\t\t\t\tFINDEN SIE ALLE INFORMATIONEN \u00dcBER DIE SHOW \n\t\t\t\t\t<\/a>","protected":false},"excerpt":{"rendered":"<p>2 Messetage 14. &amp; 15. Oktober 2020 CENTER DE CONGRES LYON 50 Quai Charles de Gaulle 69006 Lyon Anmeldung AUSSTELLER DIE MESSPEZIALISTEN AUSSTELLER Finden Sie die Liste der AUSSTELLER 2020 # # Innovationen Acalime - Actimesure - Anael - Anton Paar - AOIP - Ardetem Sfere - ASC Instrument -\u2026<\/p>","protected":false},"author":349,"featured_media":0,"parent":0,"menu_order":0,"comment_status":"closed","ping_status":"closed","template":"","meta":{"_acf_changed":false,"footnotes":""},"class_list":["post-8943","page","type-page","status-publish","hentry"],"acf":[],"yoast_head":"<!-- This site is optimized with the Yoast SEO plugin v27.3 - https:\/\/yoast.com\/product\/yoast-seo-wordpress\/ -->\n<title>Mesures Solutions EXPO - R\u00e9seau Mesure<\/title>\n<meta name=\"description\" content=\"Le salon measurement world est le salon de la mesure pour 2019. Les adh\u00e9rents du R\u00e9seau Mesure seront pr\u00e9sent. Informations et renseignements.\" \/>\n<meta name=\"robots\" content=\"index, follow, max-snippet:-1, max-image-preview:large, max-video-preview:-1\" \/>\n<link rel=\"canonical\" href=\"https:\/\/www.reseau-mesure.com\/de\/mesures-solutions-expo\/\" \/>\n<meta property=\"og:locale\" content=\"de_DE\" \/>\n<meta property=\"og:type\" content=\"article\" \/>\n<meta property=\"og:title\" content=\"Mesures Solutions EXPO - R\u00e9seau Mesure\" \/>\n<meta property=\"og:description\" content=\"Le salon measurement world est le salon de la mesure pour 2019. Les adh\u00e9rents du R\u00e9seau Mesure seront pr\u00e9sent. Informations et renseignements.\" \/>\n<meta property=\"og:url\" content=\"https:\/\/www.reseau-mesure.com\/de\/mesures-solutions-expo\/\" \/>\n<meta property=\"og:site_name\" content=\"R\u00e9seau Mesure\" \/>\n<meta property=\"article:publisher\" content=\"https:\/\/www.facebook.com\/reseaumesure\/\" \/>\n<meta property=\"article:modified_time\" content=\"2020-09-11T08:25:35+00:00\" \/>\n<meta property=\"og:image\" content=\"https:\/\/www.reseau-mesure.com\/wp-content\/uploads\/2019\/11\/LOGO-MSE-2020-300x147.png\" \/>\n<meta name=\"twitter:card\" content=\"summary_large_image\" \/>\n<meta name=\"twitter:site\" content=\"@ReseauMesure\" \/>\n<meta name=\"twitter:label1\" content=\"Gesch\u00e4tzte Lesezeit\" \/>\n\t<meta name=\"twitter:data1\" content=\"3\u00a0Minuten\" \/>\n<script type=\"application\/ld+json\" class=\"yoast-schema-graph\">{\"@context\":\"https:\\\/\\\/schema.org\",\"@graph\":[{\"@type\":\"WebPage\",\"@id\":\"https:\\\/\\\/www.reseau-mesure.com\\\/de\\\/mesures-solutions-expo\\\/\",\"url\":\"https:\\\/\\\/www.reseau-mesure.com\\\/de\\\/mesures-solutions-expo\\\/\",\"name\":\"Mesures Solutions EXPO - R\u00e9seau Mesure\",\"isPartOf\":{\"@id\":\"https:\\\/\\\/www.reseau-mesure.com\\\/#website\"},\"primaryImageOfPage\":{\"@id\":\"https:\\\/\\\/www.reseau-mesure.com\\\/de\\\/mesures-solutions-expo\\\/#primaryimage\"},\"image\":{\"@id\":\"https:\\\/\\\/www.reseau-mesure.com\\\/de\\\/mesures-solutions-expo\\\/#primaryimage\"},\"thumbnailUrl\":\"https:\\\/\\\/www.reseau-mesure.com\\\/wp-content\\\/uploads\\\/2019\\\/11\\\/LOGO-MSE-2020-300x147.png\",\"datePublished\":\"2019-11-18T14:04:26+00:00\",\"dateModified\":\"2020-09-11T08:25:35+00:00\",\"description\":\"Le salon measurement world est le salon de la mesure pour 2019. Les adh\u00e9rents du R\u00e9seau Mesure seront pr\u00e9sent. Informations et renseignements.\",\"breadcrumb\":{\"@id\":\"https:\\\/\\\/www.reseau-mesure.com\\\/de\\\/mesures-solutions-expo\\\/#breadcrumb\"},\"inLanguage\":\"de\",\"potentialAction\":[{\"@type\":\"ReadAction\",\"target\":[\"https:\\\/\\\/www.reseau-mesure.com\\\/de\\\/mesures-solutions-expo\\\/\"]}]},{\"@type\":\"ImageObject\",\"inLanguage\":\"de\",\"@id\":\"https:\\\/\\\/www.reseau-mesure.com\\\/de\\\/mesures-solutions-expo\\\/#primaryimage\",\"url\":\"https:\\\/\\\/www.reseau-mesure.com\\\/wp-content\\\/uploads\\\/2019\\\/11\\\/LOGO-MSE-2020-300x147.png\",\"contentUrl\":\"https:\\\/\\\/www.reseau-mesure.com\\\/wp-content\\\/uploads\\\/2019\\\/11\\\/LOGO-MSE-2020-300x147.png\"},{\"@type\":\"BreadcrumbList\",\"@id\":\"https:\\\/\\\/www.reseau-mesure.com\\\/de\\\/mesures-solutions-expo\\\/#breadcrumb\",\"itemListElement\":[{\"@type\":\"ListItem\",\"position\":1,\"name\":\"Accueil\",\"item\":\"https:\\\/\\\/www.reseau-mesure.com\\\/\"},{\"@type\":\"ListItem\",\"position\":2,\"name\":\"Mesures Solutions EXPO\"}]},{\"@type\":\"WebSite\",\"@id\":\"https:\\\/\\\/www.reseau-mesure.com\\\/#website\",\"url\":\"https:\\\/\\\/www.reseau-mesure.com\\\/\",\"name\":\"R\u00e9seau-Mesure\",\"description\":\"R\u00e9seau Mesure\",\"publisher\":{\"@id\":\"https:\\\/\\\/www.reseau-mesure.com\\\/#organization\"},\"potentialAction\":[{\"@type\":\"SearchAction\",\"target\":{\"@type\":\"EntryPoint\",\"urlTemplate\":\"https:\\\/\\\/www.reseau-mesure.com\\\/?s={search_term_string}\"},\"query-input\":{\"@type\":\"PropertyValueSpecification\",\"valueRequired\":true,\"valueName\":\"search_term_string\"}}],\"inLanguage\":\"de\"},{\"@type\":\"Organization\",\"@id\":\"https:\\\/\\\/www.reseau-mesure.com\\\/#organization\",\"name\":\"R\u00e9seau-Mesure\",\"url\":\"https:\\\/\\\/www.reseau-mesure.com\\\/\",\"logo\":{\"@type\":\"ImageObject\",\"inLanguage\":\"de\",\"@id\":\"https:\\\/\\\/www.reseau-mesure.com\\\/#\\\/schema\\\/logo\\\/image\\\/\",\"url\":\"https:\\\/\\\/www.reseau-mesure.com\\\/wp-content\\\/uploads\\\/2018\\\/02\\\/logo-max.png\",\"contentUrl\":\"https:\\\/\\\/www.reseau-mesure.com\\\/wp-content\\\/uploads\\\/2018\\\/02\\\/logo-max.png\",\"width\":545,\"height\":285,\"caption\":\"R\u00e9seau-Mesure\"},\"image\":{\"@id\":\"https:\\\/\\\/www.reseau-mesure.com\\\/#\\\/schema\\\/logo\\\/image\\\/\"},\"sameAs\":[\"https:\\\/\\\/www.facebook.com\\\/reseaumesure\\\/\",\"https:\\\/\\\/x.com\\\/ReseauMesure\",\"https:\\\/\\\/www.linkedin.com\\\/company\\\/reseau-mesure\\\/\"]}]}<\/script>\n<!-- \/ Yoast SEO plugin. -->","yoast_head_json":{"title":"Mesures Solutions EXPO - R\u00e9seau Mesure","description":"Le salon measurement world est le salon de la mesure pour 2019. Les adh\u00e9rents du R\u00e9seau Mesure seront pr\u00e9sent. Informations et renseignements.","robots":{"index":"index","follow":"follow","max-snippet":"max-snippet:-1","max-image-preview":"max-image-preview:large","max-video-preview":"max-video-preview:-1"},"canonical":"https:\/\/www.reseau-mesure.com\/de\/mesures-solutions-expo\/","og_locale":"de_DE","og_type":"article","og_title":"Mesures Solutions EXPO - R\u00e9seau Mesure","og_description":"Le salon measurement world est le salon de la mesure pour 2019. Les adh\u00e9rents du R\u00e9seau Mesure seront pr\u00e9sent. Informations et renseignements.","og_url":"https:\/\/www.reseau-mesure.com\/de\/mesures-solutions-expo\/","og_site_name":"R\u00e9seau Mesure","article_publisher":"https:\/\/www.facebook.com\/reseaumesure\/","article_modified_time":"2020-09-11T08:25:35+00:00","og_image":[{"url":"https:\/\/www.reseau-mesure.com\/wp-content\/uploads\/2019\/11\/LOGO-MSE-2020-300x147.png","type":"","width":"","height":""}],"twitter_card":"summary_large_image","twitter_site":"@ReseauMesure","twitter_misc":{"Gesch\u00e4tzte Lesezeit":"3\u00a0Minuten"},"schema":{"@context":"https:\/\/schema.org","@graph":[{"@type":"WebPage","@id":"https:\/\/www.reseau-mesure.com\/de\/mesures-solutions-expo\/","url":"https:\/\/www.reseau-mesure.com\/de\/mesures-solutions-expo\/","name":"Mesures Solutions EXPO - R\u00e9seau Mesure","isPartOf":{"@id":"https:\/\/www.reseau-mesure.com\/#website"},"primaryImageOfPage":{"@id":"https:\/\/www.reseau-mesure.com\/de\/mesures-solutions-expo\/#primaryimage"},"image":{"@id":"https:\/\/www.reseau-mesure.com\/de\/mesures-solutions-expo\/#primaryimage"},"thumbnailUrl":"https:\/\/www.reseau-mesure.com\/wp-content\/uploads\/2019\/11\/LOGO-MSE-2020-300x147.png","datePublished":"2019-11-18T14:04:26+00:00","dateModified":"2020-09-11T08:25:35+00:00","description":"Le salon measurement world est le salon de la mesure pour 2019. Les adh\u00e9rents du R\u00e9seau Mesure seront pr\u00e9sent. Informations et renseignements.","breadcrumb":{"@id":"https:\/\/www.reseau-mesure.com\/de\/mesures-solutions-expo\/#breadcrumb"},"inLanguage":"de","potentialAction":[{"@type":"ReadAction","target":["https:\/\/www.reseau-mesure.com\/de\/mesures-solutions-expo\/"]}]},{"@type":"ImageObject","inLanguage":"de","@id":"https:\/\/www.reseau-mesure.com\/de\/mesures-solutions-expo\/#primaryimage","url":"https:\/\/www.reseau-mesure.com\/wp-content\/uploads\/2019\/11\/LOGO-MSE-2020-300x147.png","contentUrl":"https:\/\/www.reseau-mesure.com\/wp-content\/uploads\/2019\/11\/LOGO-MSE-2020-300x147.png"},{"@type":"BreadcrumbList","@id":"https:\/\/www.reseau-mesure.com\/de\/mesures-solutions-expo\/#breadcrumb","itemListElement":[{"@type":"ListItem","position":1,"name":"Accueil","item":"https:\/\/www.reseau-mesure.com\/"},{"@type":"ListItem","position":2,"name":"Mesures Solutions EXPO"}]},{"@type":"WebSite","@id":"https:\/\/www.reseau-mesure.com\/#website","url":"https:\/\/www.reseau-mesure.com\/","name":"Netzwerk-Messung","description":"Netzwerkma\u00dfnahme","publisher":{"@id":"https:\/\/www.reseau-mesure.com\/#organization"},"potentialAction":[{"@type":"SearchAction","target":{"@type":"EntryPoint","urlTemplate":"https:\/\/www.reseau-mesure.com\/?s={search_term_string}"},"query-input":{"@type":"PropertyValueSpecification","valueRequired":true,"valueName":"search_term_string"}}],"inLanguage":"de"},{"@type":"Organization","@id":"https:\/\/www.reseau-mesure.com\/#organization","name":"Netzwerk-Messung","url":"https:\/\/www.reseau-mesure.com\/","logo":{"@type":"ImageObject","inLanguage":"de","@id":"https:\/\/www.reseau-mesure.com\/#\/schema\/logo\/image\/","url":"https:\/\/www.reseau-mesure.com\/wp-content\/uploads\/2018\/02\/logo-max.png","contentUrl":"https:\/\/www.reseau-mesure.com\/wp-content\/uploads\/2018\/02\/logo-max.png","width":545,"height":285,"caption":"R\u00e9seau-Mesure"},"image":{"@id":"https:\/\/www.reseau-mesure.com\/#\/schema\/logo\/image\/"},"sameAs":["https:\/\/www.facebook.com\/reseaumesure\/","https:\/\/x.com\/ReseauMesure","https:\/\/www.linkedin.com\/company\/reseau-mesure\/"]}]}},"_links":{"self":[{"href":"https:\/\/www.reseau-mesure.com\/de\/wp-json\/wp\/v2\/pages\/8943","targetHints":{"allow":["GET"]}}],"collection":[{"href":"https:\/\/www.reseau-mesure.com\/de\/wp-json\/wp\/v2\/pages"}],"about":[{"href":"https:\/\/www.reseau-mesure.com\/de\/wp-json\/wp\/v2\/types\/page"}],"author":[{"embeddable":true,"href":"https:\/\/www.reseau-mesure.com\/de\/wp-json\/wp\/v2\/users\/349"}],"replies":[{"embeddable":true,"href":"https:\/\/www.reseau-mesure.com\/de\/wp-json\/wp\/v2\/comments?post=8943"}],"version-history":[{"count":0,"href":"https:\/\/www.reseau-mesure.com\/de\/wp-json\/wp\/v2\/pages\/8943\/revisions"}],"wp:attachment":[{"href":"https:\/\/www.reseau-mesure.com\/de\/wp-json\/wp\/v2\/media?parent=8943"}],"curies":[{"name":"wp","href":"https:\/\/api.w.org\/{rel}","templated":true}]}}