{"id":8957,"date":"2019-11-19T16:13:05","date_gmt":"2019-11-19T15:13:05","guid":{"rendered":"https:\/\/www.reseau-mesure.com\/?page_id=8957"},"modified":"2020-03-10T10:05:25","modified_gmt":"2020-03-10T09:05:25","slug":"analytica","status":"publish","type":"page","link":"https:\/\/www.reseau-mesure.com\/de\/analytica\/","title":{"rendered":"ANALYTICA"},"content":{"rendered":"<img loading=\"lazy\" decoding=\"async\" src=\"https:\/\/www.reseau-mesure.com\/wp-content\/uploads\/2019\/08\/LOGO.jpg\" alt=\"LOGO ANALYTICIA 2020\" itemprop=\"image\" height=\"200\" width=\"200\" title=\"LOGO ANALYTICIA 2020\" onerror=\"this.style.display='none'\"  \/>\n\t<p><b>4 Tage Ausstellung<\/b><\/p>\n\t<p><strong>19. bis 22. Oktober\u00a0<\/strong><\/p>\n<p><strong> 2020<\/strong><\/p>\n\t<p><b>M\u00fcnchner Messegel\u00e4nde<\/b><\/p>\n<p><strong>DEUTSCHLAND<\/strong><\/p>\n<p>&nbsp;<\/p>\n\t\t\t<a href=\"https:\/\/www.reseau-mesure.com\/wp-content\/uploads\/2019\/08\/Bon-de-participation.pdf\" target=\"_self\" role=\"button\" rel=\"noopener noreferrer\">\n\t\t\t\t\t\t\tAUSSTELLERregistrierung\n\t\t\t\t\t<\/a>\n\t<p><b>Business France erneuert sein Angebot f\u00fcr Pavillon France <\/b><\/p>\n<p><b>auf der Analytica Messe<\/b><\/p>\n\t<p>Business France wird Sie in Zusammenarbeit mit Fabrilabo und dem Measurement Network zum achten Mal in Folge bei dieser unumg\u00e4nglichen Veranstaltung durch die Organisation eines France Pavilion unterst\u00fctzen.<\/p>\n<p>\u201eAnalytica\u201c, die internationale Fachmesse f\u00fcr chemische Analyse und Biowissenschaften, ist seit f\u00fcnfzig Jahren die globale Fachmesse f\u00fcr moderne Labortechniken und die Biotechnologie von morgen. Es ist das gr\u00f6\u00dfte Schaufenster f\u00fcr Instrumente, Laborger\u00e4te und damit verbundene Dienstleistungen.<\/p>\n<p>Die Teilnahme am France Pavilion bringt Ihnen:<\/p>\n- Erh\u00f6hte Sichtbarkeit,<br \/>\n- Zeitersparnis durch \u201eschl\u00fcsselfertige\u201c St\u00e4nder,<br \/>\n- Die Werbung f\u00fcr Ihr Unternehmen durch Ihre Registrierung im Frankreich-Katalog, im offiziellen Katalog der Messe und in sozialen Netzwerken,<br \/>\n- Treffen mit deutschen, schweizerischen und \u00f6sterreichischen Interessenten, die von unseren Auslandsb\u00fcros im Vorfeld kontaktiert wurden,<br \/>\n- Die einzigartige Gelegenheit, mit Distributoren und Agenten aus der ganzen Welt in Kontakt zu treten,<br \/>\n- Sowie Momente des Networking-Austauschs.\n<p>F\u00fcr weitere Informationen und zur Registrierung:\u00a0<a href=\"https:\/\/extranet-btob.businessfrance.fr\/analyticamunich2020-pavillonfrancedanslessecteursdelanalyseinstrumentaledestechniquesetequipementsde\/\">https:\/\/extranet-btob.businessfrance.fr\/analyticamunich2020-pavillonfrancedanslessecteursdelanalyseinstrumentaledestechniquesetequipementsde\/<\/a><\/p>\n<p>&nbsp;<\/p>\n<p>Denken Sie daran, dass Business France, ein nationaler \u00f6ffentlicher Betreiber, der der Internationalisierung der franz\u00f6sischen Wirtschaft dient, die Attraktivit\u00e4t des Angebots in Frankreich, seinen Unternehmen und seinen Territorien sch\u00e4tzt und f\u00f6rdert.<\/p>\n\t<p><strong>Franz\u00f6sische Laborinstrumente und -ger\u00e4te werden exportiert.<\/strong><\/p>\n<p><strong>\u00a0Exportunternehmen waren 2018 bei anwesend\u00a0<em>S.<\/em><\/strong><strong><em>alon internationale &quot;analytica&quot;, die instrumentelle Analytik, Labortechniken und -ausr\u00fcstung, Biotechnologie und Life Sciences umfasst. Diese und andere werden auch bei der Ausgabe 2020 wieder dabei sein: Die \u201eAnalytica\u201c ist eine unverzichtbare Veranstaltung, die sich daher als globales Schaufenster abhebt und eine gro\u00dfe Anzahl von Besuchern aus der ganzen Welt begr\u00fc\u00dft.<\/em><\/strong><\/p>\n<p>Der Frankreich-Pavillon, der 2018 von Business France in einer historischen Partnerschaft mit der Berufsgruppe FABRILABO organisiert wurde, brachte Unternehmen mit starkem Innovationspotenzial und sehr diversifizierten Aktivit\u00e4ten zusammen.<\/p>\n\t<p>&nbsp;<\/p>\n<p>Finden Sie die <a href=\"https:\/\/www.analytica.de\/index-2.html\">Informationen f\u00fcr 2018<\/a><\/p>\n<p>&nbsp;<\/p>\n\t\t\t<a href=\"https:\/\/www.mesures-solutions-expo.fr\/\" target=\"_self\" role=\"button\" rel=\"noopener noreferrer\">\n\t\t\t\t\t\tFINDEN SIE ALLE INFORMATIONEN \u00dcBER DIE SHOW \n\t\t\t\t\t<\/a>","protected":false},"excerpt":{"rendered":"<p>4 Messetage Vom 19. bis 22. Oktober 2020 Registrierung des M\u00fcnchner Messegel\u00e4ndes DEUTSCHLAND AUSSTELLER Business France erneuert sein Pavillon France-Angebot auf der Analytica Business France in Zusammenarbeit mit Fabrilabo und dem R\u00e9seau Mesure und unterst\u00fctzt Sie dies zum achten Mal in Folge unumg\u00e4ngliches Ereignis durch die Organisation eines Frankreich-Pavillons.\u2026<\/p>","protected":false},"author":349,"featured_media":0,"parent":0,"menu_order":0,"comment_status":"closed","ping_status":"closed","template":"","meta":{"_acf_changed":false,"footnotes":""},"class_list":["post-8957","page","type-page","status-publish","hentry"],"acf":[],"yoast_head":"<!-- This site is optimized with the Yoast SEO plugin v27.3 - https:\/\/yoast.com\/product\/yoast-seo-wordpress\/ -->\n<title>ANALYTICA - R\u00e9seau Mesure<\/title>\n<meta name=\"description\" content=\"Le salon measurement world est le salon de la mesure pour 2019. Les adh\u00e9rents du R\u00e9seau Mesure seront pr\u00e9sent. Informations et renseignements.\" \/>\n<meta name=\"robots\" content=\"index, follow, max-snippet:-1, max-image-preview:large, max-video-preview:-1\" \/>\n<link rel=\"canonical\" href=\"https:\/\/www.reseau-mesure.com\/de\/analytica\/\" \/>\n<meta property=\"og:locale\" content=\"de_DE\" \/>\n<meta property=\"og:type\" content=\"article\" \/>\n<meta property=\"og:title\" content=\"ANALYTICA - R\u00e9seau Mesure\" \/>\n<meta property=\"og:description\" content=\"Le salon measurement world est le salon de la mesure pour 2019. Les adh\u00e9rents du R\u00e9seau Mesure seront pr\u00e9sent. Informations et renseignements.\" \/>\n<meta property=\"og:url\" content=\"https:\/\/www.reseau-mesure.com\/de\/analytica\/\" \/>\n<meta property=\"og:site_name\" content=\"R\u00e9seau Mesure\" \/>\n<meta property=\"article:publisher\" content=\"https:\/\/www.facebook.com\/reseaumesure\/\" \/>\n<meta property=\"article:modified_time\" content=\"2020-03-10T09:05:25+00:00\" \/>\n<meta property=\"og:image\" content=\"https:\/\/www.reseau-mesure.com\/wp-content\/uploads\/2019\/08\/LOGO.jpg\" \/>\n<meta name=\"twitter:card\" content=\"summary_large_image\" \/>\n<meta name=\"twitter:site\" content=\"@ReseauMesure\" \/>\n<meta name=\"twitter:label1\" content=\"Gesch\u00e4tzte Lesezeit\" \/>\n\t<meta name=\"twitter:data1\" content=\"2\u00a0Minuten\" \/>\n<script type=\"application\/ld+json\" class=\"yoast-schema-graph\">{\"@context\":\"https:\\\/\\\/schema.org\",\"@graph\":[{\"@type\":\"WebPage\",\"@id\":\"https:\\\/\\\/www.reseau-mesure.com\\\/de\\\/analytica\\\/\",\"url\":\"https:\\\/\\\/www.reseau-mesure.com\\\/de\\\/analytica\\\/\",\"name\":\"ANALYTICA - R\u00e9seau Mesure\",\"isPartOf\":{\"@id\":\"https:\\\/\\\/www.reseau-mesure.com\\\/#website\"},\"primaryImageOfPage\":{\"@id\":\"https:\\\/\\\/www.reseau-mesure.com\\\/de\\\/analytica\\\/#primaryimage\"},\"image\":{\"@id\":\"https:\\\/\\\/www.reseau-mesure.com\\\/de\\\/analytica\\\/#primaryimage\"},\"thumbnailUrl\":\"https:\\\/\\\/www.reseau-mesure.com\\\/wp-content\\\/uploads\\\/2019\\\/08\\\/LOGO.jpg\",\"datePublished\":\"2019-11-19T15:13:05+00:00\",\"dateModified\":\"2020-03-10T09:05:25+00:00\",\"description\":\"Le salon measurement world est le salon de la mesure pour 2019. Les adh\u00e9rents du R\u00e9seau Mesure seront pr\u00e9sent. Informations et renseignements.\",\"breadcrumb\":{\"@id\":\"https:\\\/\\\/www.reseau-mesure.com\\\/de\\\/analytica\\\/#breadcrumb\"},\"inLanguage\":\"de\",\"potentialAction\":[{\"@type\":\"ReadAction\",\"target\":[\"https:\\\/\\\/www.reseau-mesure.com\\\/de\\\/analytica\\\/\"]}]},{\"@type\":\"ImageObject\",\"inLanguage\":\"de\",\"@id\":\"https:\\\/\\\/www.reseau-mesure.com\\\/de\\\/analytica\\\/#primaryimage\",\"url\":\"https:\\\/\\\/www.reseau-mesure.com\\\/wp-content\\\/uploads\\\/2019\\\/08\\\/LOGO.jpg\",\"contentUrl\":\"https:\\\/\\\/www.reseau-mesure.com\\\/wp-content\\\/uploads\\\/2019\\\/08\\\/LOGO.jpg\"},{\"@type\":\"BreadcrumbList\",\"@id\":\"https:\\\/\\\/www.reseau-mesure.com\\\/de\\\/analytica\\\/#breadcrumb\",\"itemListElement\":[{\"@type\":\"ListItem\",\"position\":1,\"name\":\"Accueil\",\"item\":\"https:\\\/\\\/www.reseau-mesure.com\\\/\"},{\"@type\":\"ListItem\",\"position\":2,\"name\":\"ANALYTICA\"}]},{\"@type\":\"WebSite\",\"@id\":\"https:\\\/\\\/www.reseau-mesure.com\\\/#website\",\"url\":\"https:\\\/\\\/www.reseau-mesure.com\\\/\",\"name\":\"R\u00e9seau-Mesure\",\"description\":\"R\u00e9seau Mesure\",\"publisher\":{\"@id\":\"https:\\\/\\\/www.reseau-mesure.com\\\/#organization\"},\"potentialAction\":[{\"@type\":\"SearchAction\",\"target\":{\"@type\":\"EntryPoint\",\"urlTemplate\":\"https:\\\/\\\/www.reseau-mesure.com\\\/?s={search_term_string}\"},\"query-input\":{\"@type\":\"PropertyValueSpecification\",\"valueRequired\":true,\"valueName\":\"search_term_string\"}}],\"inLanguage\":\"de\"},{\"@type\":\"Organization\",\"@id\":\"https:\\\/\\\/www.reseau-mesure.com\\\/#organization\",\"name\":\"R\u00e9seau-Mesure\",\"url\":\"https:\\\/\\\/www.reseau-mesure.com\\\/\",\"logo\":{\"@type\":\"ImageObject\",\"inLanguage\":\"de\",\"@id\":\"https:\\\/\\\/www.reseau-mesure.com\\\/#\\\/schema\\\/logo\\\/image\\\/\",\"url\":\"https:\\\/\\\/www.reseau-mesure.com\\\/wp-content\\\/uploads\\\/2018\\\/02\\\/logo-max.png\",\"contentUrl\":\"https:\\\/\\\/www.reseau-mesure.com\\\/wp-content\\\/uploads\\\/2018\\\/02\\\/logo-max.png\",\"width\":545,\"height\":285,\"caption\":\"R\u00e9seau-Mesure\"},\"image\":{\"@id\":\"https:\\\/\\\/www.reseau-mesure.com\\\/#\\\/schema\\\/logo\\\/image\\\/\"},\"sameAs\":[\"https:\\\/\\\/www.facebook.com\\\/reseaumesure\\\/\",\"https:\\\/\\\/x.com\\\/ReseauMesure\",\"https:\\\/\\\/www.linkedin.com\\\/company\\\/reseau-mesure\\\/\"]}]}<\/script>\n<!-- \/ Yoast SEO plugin. -->","yoast_head_json":{"title":"ANALYTICA - R\u00e9seau Mesure","description":"Le salon measurement world est le salon de la mesure pour 2019. Les adh\u00e9rents du R\u00e9seau Mesure seront pr\u00e9sent. Informations et renseignements.","robots":{"index":"index","follow":"follow","max-snippet":"max-snippet:-1","max-image-preview":"max-image-preview:large","max-video-preview":"max-video-preview:-1"},"canonical":"https:\/\/www.reseau-mesure.com\/de\/analytica\/","og_locale":"de_DE","og_type":"article","og_title":"ANALYTICA - R\u00e9seau Mesure","og_description":"Le salon measurement world est le salon de la mesure pour 2019. Les adh\u00e9rents du R\u00e9seau Mesure seront pr\u00e9sent. Informations et renseignements.","og_url":"https:\/\/www.reseau-mesure.com\/de\/analytica\/","og_site_name":"R\u00e9seau Mesure","article_publisher":"https:\/\/www.facebook.com\/reseaumesure\/","article_modified_time":"2020-03-10T09:05:25+00:00","og_image":[{"url":"https:\/\/www.reseau-mesure.com\/wp-content\/uploads\/2019\/08\/LOGO.jpg","type":"","width":"","height":""}],"twitter_card":"summary_large_image","twitter_site":"@ReseauMesure","twitter_misc":{"Gesch\u00e4tzte Lesezeit":"2\u00a0Minuten"},"schema":{"@context":"https:\/\/schema.org","@graph":[{"@type":"WebPage","@id":"https:\/\/www.reseau-mesure.com\/de\/analytica\/","url":"https:\/\/www.reseau-mesure.com\/de\/analytica\/","name":"ANALYTICA - R\u00e9seau Mesure","isPartOf":{"@id":"https:\/\/www.reseau-mesure.com\/#website"},"primaryImageOfPage":{"@id":"https:\/\/www.reseau-mesure.com\/de\/analytica\/#primaryimage"},"image":{"@id":"https:\/\/www.reseau-mesure.com\/de\/analytica\/#primaryimage"},"thumbnailUrl":"https:\/\/www.reseau-mesure.com\/wp-content\/uploads\/2019\/08\/LOGO.jpg","datePublished":"2019-11-19T15:13:05+00:00","dateModified":"2020-03-10T09:05:25+00:00","description":"Le salon measurement world est le salon de la mesure pour 2019. Les adh\u00e9rents du R\u00e9seau Mesure seront pr\u00e9sent. Informations et renseignements.","breadcrumb":{"@id":"https:\/\/www.reseau-mesure.com\/de\/analytica\/#breadcrumb"},"inLanguage":"de","potentialAction":[{"@type":"ReadAction","target":["https:\/\/www.reseau-mesure.com\/de\/analytica\/"]}]},{"@type":"ImageObject","inLanguage":"de","@id":"https:\/\/www.reseau-mesure.com\/de\/analytica\/#primaryimage","url":"https:\/\/www.reseau-mesure.com\/wp-content\/uploads\/2019\/08\/LOGO.jpg","contentUrl":"https:\/\/www.reseau-mesure.com\/wp-content\/uploads\/2019\/08\/LOGO.jpg"},{"@type":"BreadcrumbList","@id":"https:\/\/www.reseau-mesure.com\/de\/analytica\/#breadcrumb","itemListElement":[{"@type":"ListItem","position":1,"name":"Accueil","item":"https:\/\/www.reseau-mesure.com\/"},{"@type":"ListItem","position":2,"name":"ANALYTICA"}]},{"@type":"WebSite","@id":"https:\/\/www.reseau-mesure.com\/#website","url":"https:\/\/www.reseau-mesure.com\/","name":"Netzwerk-Messung","description":"Netzwerkma\u00dfnahme","publisher":{"@id":"https:\/\/www.reseau-mesure.com\/#organization"},"potentialAction":[{"@type":"SearchAction","target":{"@type":"EntryPoint","urlTemplate":"https:\/\/www.reseau-mesure.com\/?s={search_term_string}"},"query-input":{"@type":"PropertyValueSpecification","valueRequired":true,"valueName":"search_term_string"}}],"inLanguage":"de"},{"@type":"Organization","@id":"https:\/\/www.reseau-mesure.com\/#organization","name":"Netzwerk-Messung","url":"https:\/\/www.reseau-mesure.com\/","logo":{"@type":"ImageObject","inLanguage":"de","@id":"https:\/\/www.reseau-mesure.com\/#\/schema\/logo\/image\/","url":"https:\/\/www.reseau-mesure.com\/wp-content\/uploads\/2018\/02\/logo-max.png","contentUrl":"https:\/\/www.reseau-mesure.com\/wp-content\/uploads\/2018\/02\/logo-max.png","width":545,"height":285,"caption":"R\u00e9seau-Mesure"},"image":{"@id":"https:\/\/www.reseau-mesure.com\/#\/schema\/logo\/image\/"},"sameAs":["https:\/\/www.facebook.com\/reseaumesure\/","https:\/\/x.com\/ReseauMesure","https:\/\/www.linkedin.com\/company\/reseau-mesure\/"]}]}},"_links":{"self":[{"href":"https:\/\/www.reseau-mesure.com\/de\/wp-json\/wp\/v2\/pages\/8957","targetHints":{"allow":["GET"]}}],"collection":[{"href":"https:\/\/www.reseau-mesure.com\/de\/wp-json\/wp\/v2\/pages"}],"about":[{"href":"https:\/\/www.reseau-mesure.com\/de\/wp-json\/wp\/v2\/types\/page"}],"author":[{"embeddable":true,"href":"https:\/\/www.reseau-mesure.com\/de\/wp-json\/wp\/v2\/users\/349"}],"replies":[{"embeddable":true,"href":"https:\/\/www.reseau-mesure.com\/de\/wp-json\/wp\/v2\/comments?post=8957"}],"version-history":[{"count":0,"href":"https:\/\/www.reseau-mesure.com\/de\/wp-json\/wp\/v2\/pages\/8957\/revisions"}],"wp:attachment":[{"href":"https:\/\/www.reseau-mesure.com\/de\/wp-json\/wp\/v2\/media?parent=8957"}],"curies":[{"name":"wp","href":"https:\/\/api.w.org\/{rel}","templated":true}]}}