{"id":9343,"date":"2019-12-26T13:52:56","date_gmt":"2019-12-26T12:52:56","guid":{"rendered":"https:\/\/www.reseau-mesure.com\/?page_id=9343"},"modified":"2021-04-15T15:15:30","modified_gmt":"2021-04-15T13:15:30","slug":"sensor-test","status":"publish","type":"page","link":"https:\/\/www.reseau-mesure.com\/de\/sensor-test\/","title":{"rendered":"Sensor + Test"},"content":{"rendered":"<img loading=\"lazy\" decoding=\"async\" src=\"https:\/\/www.reseau-mesure.com\/wp-content\/uploads\/2021\/01\/sensortest-2021.png\" alt=\"salon sensor + test 2021\" itemprop=\"image\" height=\"144\" width=\"350\" title=\"Sensor + Test 2021\" onerror=\"this.style.display='none'\"  \/>\n\t\n\t\n\n\n\t\n\n\t\t\t<a href=\"https:\/\/www.reseau-mesure.com\/wp-content\/uploads\/2020\/02\/ApplicationCoExhibitor.pdf\" target=\"_self\" role=\"button\" rel=\"noopener\">\n\t\t\t\t\t\t\tAUSSTELLERregistrierung\n\t\t\t\t\t<\/a>\n\t\n\t\n<p>Nach drei glanzvollen Messetagen ist die Messtechnikmesse SENSOR + TEST in N\u00fcrnberg zu Ende gegangen. Trotz der Hitze drau\u00dfen versammelten sich rund 7.000 in- und ausl\u00e4ndische Fachbesucher in den angenehm warmen Messehallen. Die Zahl der Aussteller lag mit 538 unter dem Vorjahr. Der Anteil ausl\u00e4ndischer Aussteller schwankte nicht um 40%. Die SENSOR + TEST hat ihre Position als internationale Leitveranstaltung f\u00fcr Sensorik, Mess- und Pr\u00fcftechnik einmal mehr best\u00e4tigt.<\/p>\n<p>Besucher nutzten die Gelegenheit, auf einer Ausstellungsfl\u00e4che von rund 18.000 Quadratmetern die vielen interessanten Neuheiten der Messest\u00e4nde zu entdecken. Dort und in den beliebten Foren der Ausstellerkonferenz wurde begeistert diskutiert, insbesondere das Sonderthema der diesj\u00e4hrigen Messe \u2013 Sensorik und Messtechnik f\u00fcr die Prozessautomatisierung. Holger B\u00f6deker, Gesch\u00e4ftsf\u00fchrer der Organisation AMA Service GmbH: \u201eDie beiden f\u00fcr Besucher frei zug\u00e4nglichen Ausstellerforen in den Messehallen werden immer mehr zu echten Publikumsmagneten. &quot;<\/p>\n<p>Auch Christoph Kleye (Pewatron), Vorsitzender des Ausstellerbeirats, best\u00e4tigt die enorme Zufriedenheit der Aussteller: \u201eWir hatten viele fruchtbare und sehr konkrete Gespr\u00e4che. Insbesondere die Halle 5 war in diesem Jahr deutlich belebter, was eine bessere Durchmischung der Besucherstr\u00f6me erfordert. Gratulieren Sie ausdr\u00fccklich zu den verschiedenen Kommunikationskan\u00e4len, die die Messe den Ausstellern bietet. Wir haben es ausgiebig genutzt und sehr davon profitiert. &quot;\u00a0<\/p>\n<p>Auch das 20. GMA\/ITG Symposium, Sensors and Measurement Systems, 2019 wurde trotz der Termin\u00fcberschneidung mit anderen internationalen Konferenzen sehr gut angenommen, wie die wissenschaftliche Kongressleitung best\u00e4tigt. Auch die Er\u00f6ffnung und der freie Eintritt der Kongresssession zum Thema \u201eCitizen Science mit Sensoren \u2013 Sensoren f\u00fcr Citizen Science\u201c fanden gro\u00dfen Anklang.<\/p>\n<p>&nbsp;<\/p>\n<p>Die Ausgabe 2022 findet vom 10. bis 12. Mai 2022 statt.<\/p>\n\t<p>&nbsp;<\/p>\n\n<p>&nbsp;<\/p>\n\t\t\t<a href=\"https:\/\/www.reseau-mesure.com\/wp-content\/uploads\/2019\/09\/show-report-sensortest-2019.pdf\" target=\"_self\" role=\"button\" rel=\"noopener\">\n\t\t\t\t\t\tLADEN SIE DEN BERICHT 2019 HERUNTER\n\t\t\t\t\t<\/a>","protected":false},"excerpt":{"rendered":"<p>AUSSTELLER-Anmeldung Nach drei glanzvollen Messetagen hat die Messtechnikmesse SENSOR + TEST in N\u00fcrnberg ihre Tore geschlossen. Trotz der Hitze drau\u00dfen versammelten sich rund 7.000 in- und ausl\u00e4ndische Fachbesucher in den angenehm warmen Messehallen. Die Zahl der Aussteller lag mit 538 unter\u2026<\/p>","protected":false},"author":349,"featured_media":0,"parent":0,"menu_order":0,"comment_status":"closed","ping_status":"closed","template":"","meta":{"_acf_changed":false,"footnotes":""},"class_list":["post-9343","page","type-page","status-publish","hentry"],"acf":[],"yoast_head":"<!-- This site is optimized with the Yoast SEO plugin v27.4 - https:\/\/yoast.com\/product\/yoast-seo-wordpress\/ -->\n<title>Sensor+Test - R\u00e9seau Mesure<\/title>\n<meta name=\"description\" content=\"Le salon measurement world est le salon de la mesure pour 2019. Les adh\u00e9rents du R\u00e9seau Mesure seront pr\u00e9sent. Informations et renseignements.\" \/>\n<meta name=\"robots\" content=\"index, follow, max-snippet:-1, max-image-preview:large, max-video-preview:-1\" \/>\n<link rel=\"canonical\" href=\"https:\/\/www.reseau-mesure.com\/de\/sensor-test\/\" \/>\n<meta property=\"og:locale\" content=\"de_DE\" \/>\n<meta property=\"og:type\" content=\"article\" \/>\n<meta property=\"og:title\" content=\"Sensor+Test - R\u00e9seau Mesure\" \/>\n<meta property=\"og:description\" content=\"Le salon measurement world est le salon de la mesure pour 2019. Les adh\u00e9rents du R\u00e9seau Mesure seront pr\u00e9sent. Informations et renseignements.\" \/>\n<meta property=\"og:url\" content=\"https:\/\/www.reseau-mesure.com\/de\/sensor-test\/\" \/>\n<meta property=\"og:site_name\" content=\"R\u00e9seau Mesure\" \/>\n<meta property=\"article:publisher\" content=\"https:\/\/www.facebook.com\/reseaumesure\/\" \/>\n<meta property=\"article:modified_time\" content=\"2021-04-15T13:15:30+00:00\" \/>\n<meta property=\"og:image\" content=\"https:\/\/www.reseau-mesure.com\/wp-content\/uploads\/2021\/01\/sensortest-2021.png\" \/>\n<meta name=\"twitter:card\" content=\"summary_large_image\" \/>\n<meta name=\"twitter:site\" content=\"@ReseauMesure\" \/>\n<meta name=\"twitter:label1\" content=\"Gesch\u00e4tzte Lesezeit\" \/>\n\t<meta name=\"twitter:data1\" content=\"2\u00a0Minuten\" \/>\n<script type=\"application\/ld+json\" class=\"yoast-schema-graph\">{\"@context\":\"https:\\\/\\\/schema.org\",\"@graph\":[{\"@type\":\"WebPage\",\"@id\":\"https:\\\/\\\/www.reseau-mesure.com\\\/de\\\/sensor-test\\\/\",\"url\":\"https:\\\/\\\/www.reseau-mesure.com\\\/de\\\/sensor-test\\\/\",\"name\":\"Sensor+Test - R\u00e9seau Mesure\",\"isPartOf\":{\"@id\":\"https:\\\/\\\/www.reseau-mesure.com\\\/#website\"},\"primaryImageOfPage\":{\"@id\":\"https:\\\/\\\/www.reseau-mesure.com\\\/de\\\/sensor-test\\\/#primaryimage\"},\"image\":{\"@id\":\"https:\\\/\\\/www.reseau-mesure.com\\\/de\\\/sensor-test\\\/#primaryimage\"},\"thumbnailUrl\":\"https:\\\/\\\/www.reseau-mesure.com\\\/wp-content\\\/uploads\\\/2021\\\/01\\\/sensortest-2021.png\",\"datePublished\":\"2019-12-26T12:52:56+00:00\",\"dateModified\":\"2021-04-15T13:15:30+00:00\",\"description\":\"Le salon measurement world est le salon de la mesure pour 2019. Les adh\u00e9rents du R\u00e9seau Mesure seront pr\u00e9sent. Informations et renseignements.\",\"breadcrumb\":{\"@id\":\"https:\\\/\\\/www.reseau-mesure.com\\\/de\\\/sensor-test\\\/#breadcrumb\"},\"inLanguage\":\"de\",\"potentialAction\":[{\"@type\":\"ReadAction\",\"target\":[\"https:\\\/\\\/www.reseau-mesure.com\\\/de\\\/sensor-test\\\/\"]}]},{\"@type\":\"ImageObject\",\"inLanguage\":\"de\",\"@id\":\"https:\\\/\\\/www.reseau-mesure.com\\\/de\\\/sensor-test\\\/#primaryimage\",\"url\":\"https:\\\/\\\/www.reseau-mesure.com\\\/wp-content\\\/uploads\\\/2021\\\/01\\\/sensortest-2021.png\",\"contentUrl\":\"https:\\\/\\\/www.reseau-mesure.com\\\/wp-content\\\/uploads\\\/2021\\\/01\\\/sensortest-2021.png\"},{\"@type\":\"BreadcrumbList\",\"@id\":\"https:\\\/\\\/www.reseau-mesure.com\\\/de\\\/sensor-test\\\/#breadcrumb\",\"itemListElement\":[{\"@type\":\"ListItem\",\"position\":1,\"name\":\"Accueil\",\"item\":\"https:\\\/\\\/www.reseau-mesure.com\\\/\"},{\"@type\":\"ListItem\",\"position\":2,\"name\":\"Sensor+Test\"}]},{\"@type\":\"WebSite\",\"@id\":\"https:\\\/\\\/www.reseau-mesure.com\\\/#website\",\"url\":\"https:\\\/\\\/www.reseau-mesure.com\\\/\",\"name\":\"R\u00e9seau-Mesure\",\"description\":\"R\u00e9seau Mesure\",\"publisher\":{\"@id\":\"https:\\\/\\\/www.reseau-mesure.com\\\/#organization\"},\"potentialAction\":[{\"@type\":\"SearchAction\",\"target\":{\"@type\":\"EntryPoint\",\"urlTemplate\":\"https:\\\/\\\/www.reseau-mesure.com\\\/?s={search_term_string}\"},\"query-input\":{\"@type\":\"PropertyValueSpecification\",\"valueRequired\":true,\"valueName\":\"search_term_string\"}}],\"inLanguage\":\"de\"},{\"@type\":\"Organization\",\"@id\":\"https:\\\/\\\/www.reseau-mesure.com\\\/#organization\",\"name\":\"R\u00e9seau-Mesure\",\"url\":\"https:\\\/\\\/www.reseau-mesure.com\\\/\",\"logo\":{\"@type\":\"ImageObject\",\"inLanguage\":\"de\",\"@id\":\"https:\\\/\\\/www.reseau-mesure.com\\\/#\\\/schema\\\/logo\\\/image\\\/\",\"url\":\"https:\\\/\\\/www.reseau-mesure.com\\\/wp-content\\\/uploads\\\/2018\\\/02\\\/logo-max.png\",\"contentUrl\":\"https:\\\/\\\/www.reseau-mesure.com\\\/wp-content\\\/uploads\\\/2018\\\/02\\\/logo-max.png\",\"width\":545,\"height\":285,\"caption\":\"R\u00e9seau-Mesure\"},\"image\":{\"@id\":\"https:\\\/\\\/www.reseau-mesure.com\\\/#\\\/schema\\\/logo\\\/image\\\/\"},\"sameAs\":[\"https:\\\/\\\/www.facebook.com\\\/reseaumesure\\\/\",\"https:\\\/\\\/x.com\\\/ReseauMesure\",\"https:\\\/\\\/www.linkedin.com\\\/company\\\/reseau-mesure\\\/\"]}]}<\/script>\n<!-- \/ Yoast SEO plugin. -->","yoast_head_json":{"title":"Sensor+Test - R\u00e9seau Mesure","description":"Le salon measurement world est le salon de la mesure pour 2019. Les adh\u00e9rents du R\u00e9seau Mesure seront pr\u00e9sent. Informations et renseignements.","robots":{"index":"index","follow":"follow","max-snippet":"max-snippet:-1","max-image-preview":"max-image-preview:large","max-video-preview":"max-video-preview:-1"},"canonical":"https:\/\/www.reseau-mesure.com\/de\/sensor-test\/","og_locale":"de_DE","og_type":"article","og_title":"Sensor+Test - R\u00e9seau Mesure","og_description":"Le salon measurement world est le salon de la mesure pour 2019. Les adh\u00e9rents du R\u00e9seau Mesure seront pr\u00e9sent. Informations et renseignements.","og_url":"https:\/\/www.reseau-mesure.com\/de\/sensor-test\/","og_site_name":"R\u00e9seau Mesure","article_publisher":"https:\/\/www.facebook.com\/reseaumesure\/","article_modified_time":"2021-04-15T13:15:30+00:00","og_image":[{"url":"https:\/\/www.reseau-mesure.com\/wp-content\/uploads\/2021\/01\/sensortest-2021.png","type":"","width":"","height":""}],"twitter_card":"summary_large_image","twitter_site":"@ReseauMesure","twitter_misc":{"Gesch\u00e4tzte Lesezeit":"2\u00a0Minuten"},"schema":{"@context":"https:\/\/schema.org","@graph":[{"@type":"WebPage","@id":"https:\/\/www.reseau-mesure.com\/de\/sensor-test\/","url":"https:\/\/www.reseau-mesure.com\/de\/sensor-test\/","name":"Sensor+Test - R\u00e9seau Mesure","isPartOf":{"@id":"https:\/\/www.reseau-mesure.com\/#website"},"primaryImageOfPage":{"@id":"https:\/\/www.reseau-mesure.com\/de\/sensor-test\/#primaryimage"},"image":{"@id":"https:\/\/www.reseau-mesure.com\/de\/sensor-test\/#primaryimage"},"thumbnailUrl":"https:\/\/www.reseau-mesure.com\/wp-content\/uploads\/2021\/01\/sensortest-2021.png","datePublished":"2019-12-26T12:52:56+00:00","dateModified":"2021-04-15T13:15:30+00:00","description":"Le salon measurement world est le salon de la mesure pour 2019. Les adh\u00e9rents du R\u00e9seau Mesure seront pr\u00e9sent. Informations et renseignements.","breadcrumb":{"@id":"https:\/\/www.reseau-mesure.com\/de\/sensor-test\/#breadcrumb"},"inLanguage":"de","potentialAction":[{"@type":"ReadAction","target":["https:\/\/www.reseau-mesure.com\/de\/sensor-test\/"]}]},{"@type":"ImageObject","inLanguage":"de","@id":"https:\/\/www.reseau-mesure.com\/de\/sensor-test\/#primaryimage","url":"https:\/\/www.reseau-mesure.com\/wp-content\/uploads\/2021\/01\/sensortest-2021.png","contentUrl":"https:\/\/www.reseau-mesure.com\/wp-content\/uploads\/2021\/01\/sensortest-2021.png"},{"@type":"BreadcrumbList","@id":"https:\/\/www.reseau-mesure.com\/de\/sensor-test\/#breadcrumb","itemListElement":[{"@type":"ListItem","position":1,"name":"Accueil","item":"https:\/\/www.reseau-mesure.com\/"},{"@type":"ListItem","position":2,"name":"Sensor+Test"}]},{"@type":"WebSite","@id":"https:\/\/www.reseau-mesure.com\/#website","url":"https:\/\/www.reseau-mesure.com\/","name":"Netzwerk-Messung","description":"Netzwerkma\u00dfnahme","publisher":{"@id":"https:\/\/www.reseau-mesure.com\/#organization"},"potentialAction":[{"@type":"SearchAction","target":{"@type":"EntryPoint","urlTemplate":"https:\/\/www.reseau-mesure.com\/?s={search_term_string}"},"query-input":{"@type":"PropertyValueSpecification","valueRequired":true,"valueName":"search_term_string"}}],"inLanguage":"de"},{"@type":"Organization","@id":"https:\/\/www.reseau-mesure.com\/#organization","name":"Netzwerk-Messung","url":"https:\/\/www.reseau-mesure.com\/","logo":{"@type":"ImageObject","inLanguage":"de","@id":"https:\/\/www.reseau-mesure.com\/#\/schema\/logo\/image\/","url":"https:\/\/www.reseau-mesure.com\/wp-content\/uploads\/2018\/02\/logo-max.png","contentUrl":"https:\/\/www.reseau-mesure.com\/wp-content\/uploads\/2018\/02\/logo-max.png","width":545,"height":285,"caption":"R\u00e9seau-Mesure"},"image":{"@id":"https:\/\/www.reseau-mesure.com\/#\/schema\/logo\/image\/"},"sameAs":["https:\/\/www.facebook.com\/reseaumesure\/","https:\/\/x.com\/ReseauMesure","https:\/\/www.linkedin.com\/company\/reseau-mesure\/"]}]}},"_links":{"self":[{"href":"https:\/\/www.reseau-mesure.com\/de\/wp-json\/wp\/v2\/pages\/9343","targetHints":{"allow":["GET"]}}],"collection":[{"href":"https:\/\/www.reseau-mesure.com\/de\/wp-json\/wp\/v2\/pages"}],"about":[{"href":"https:\/\/www.reseau-mesure.com\/de\/wp-json\/wp\/v2\/types\/page"}],"author":[{"embeddable":true,"href":"https:\/\/www.reseau-mesure.com\/de\/wp-json\/wp\/v2\/users\/349"}],"replies":[{"embeddable":true,"href":"https:\/\/www.reseau-mesure.com\/de\/wp-json\/wp\/v2\/comments?post=9343"}],"version-history":[{"count":0,"href":"https:\/\/www.reseau-mesure.com\/de\/wp-json\/wp\/v2\/pages\/9343\/revisions"}],"wp:attachment":[{"href":"https:\/\/www.reseau-mesure.com\/de\/wp-json\/wp\/v2\/media?parent=9343"}],"curies":[{"name":"wp","href":"https:\/\/api.w.org\/{rel}","templated":true}]}}