{"id":9347,"date":"2019-12-26T14:30:33","date_gmt":"2019-12-26T13:30:33","guid":{"rendered":"https:\/\/www.reseau-mesure.com\/?page_id=9347"},"modified":"2023-07-04T11:04:04","modified_gmt":"2023-07-04T09:04:04","slug":"analyse-indsutrielle","status":"publish","type":"page","link":"https:\/\/www.reseau-mesure.com\/de\/analyse-indsutrielle\/","title":{"rendered":"INDUSTRIELLE ANALYSE"},"content":{"rendered":"<a href=\"https:\/\/www.reseau-mesure.com\/wp-content\/uploads\/2023\/07\/contrat-analyse-Reseau-Mesures-2024.pdf\" target=\"_self\" itemprop=\"url\" rel=\"noopener\">\n\t\t\t\t<img loading=\"lazy\" decoding=\"async\" src=\"https:\/\/www.reseau-mesure.com\/wp-content\/uploads\/2023\/07\/logo-FR.jpg\" alt=\"Salon Analyse Industrielle 2024\" itemprop=\"image\" height=\"161\" width=\"367\" title=\"Messe f\u00fcr Industrieanalysen 2024\" onerror=\"this.style.display='none'\"  \/>\n\t\t\t\t<\/a>\n\t<p><b>2 Tage Ausstellung<\/b><\/p>\n\t<p><strong>3. und 4. April <\/strong><\/p>\n<p><strong> 2024<\/strong><\/p>\n\t<p><strong>Champerret Raum<\/strong><\/p>\n<p><strong>PARIS\u00a0<\/strong><\/p>\n\t<p><b>DIE MESSE F\u00dcR INDUSTRIELLE ANALYSE-L\u00d6SUNGEN<\/b><\/p>\n\t<p><strong>36<sup>th<\/sup> Ausgabe der Fachmesse f\u00fcr L\u00f6sungen in der industriellen Analyse und Instrumentierung<\/strong><\/p>\n<p><strong>Das Ereignis<\/strong> unvermeidlich<strong>\u00a0Industrielle Analyse <\/strong>Spezialisten zusammenbringen <strong>Kontrolle<\/strong>, <strong>das<\/strong> <strong>messen<\/strong>, Messtechnik, <strong>Verordnung<\/strong>,\u00a0<strong>Erkennung und<\/strong> <strong>Prozessinstrumentierung<\/strong>, das <strong>Fl\u00fcssigkeitsmanagement und Industrieausr\u00fcstung <\/strong>gebe dir<strong> Treffen am 3. und 4. April 2024 in Paris Champerret.<\/strong><\/p>\n<p><strong>Die Industrieanalyse ist ein Gewinn f\u00fcr den industriellen Aufschwung <\/strong><\/p>\n<p><strong>Die letzten Monate waren gepr\u00e4gt von einer Reihe von Regierungsank\u00fcndigungen, die die Branche betreffen. <\/strong>Beispielsweise zielt der Plan \u201eFrankreich 2030\u201c darauf ab, die industrielle Wettbewerbsf\u00e4higkeit und Zukunftstechnologien durch zehn Ziele zu entwickeln, wie etwa die F\u00f6rderung der Entstehung eines franz\u00f6sischen Angebots an kleinen modularen Reaktoren (SMR) bis 2035, um zum Marktf\u00fchrer bei gr\u00fcnem Wasserstoff und erneuerbaren Energien zu werden bis 2030 und die Dekarbonisierung der franz\u00f6sischen Industrie, um der Verpflichtung nachzukommen, die Treibhausgasemissionen in diesem Sektor zwischen 2015 und 2030 um 35 % zu reduzieren.<\/p>\n\t<p><strong>Nutzen Sie den R\u00e9seau Mesure-Mitgliedsbeitrag, um an dieser Show teilzunehmen!<\/strong><\/p>\n<p>F\u00fcr jede Anfrage:<\/p>\n<p>Guillaume <a href=\"mailto:g.courcelle@infoexpo.fr\">COURCELLE<\/a> , Showdirektor<\/p>\n<p>Ist sie <a href=\"mailto:eduflot@resau-mesure.com\">DUFLOT<\/a> , Direktor des Messnetzwerks<\/p>\n\t\t\t<a href=\"https:\/\/www.reseau-mesure.com\/wp-content\/uploads\/2023\/07\/Communique_Presse_bilan_SAI_2023.pdf\" target=\"_self\" rel=\"noopener\">\n\t\t\t\t\t\t\tSehen Sie sich die Ergebnisse der Ausgabe 2023 an\n\t\t\t\t\t<\/a>\n\t<p><strong>Die Industrieanalyse ist ein Gewinn f\u00fcr den industriellen Aufschwung <\/strong><\/p>\n<p><strong>Die letzten Monate waren gepr\u00e4gt von einer Reihe von Regierungsank\u00fcndigungen, die die Branche betreffen. <\/strong>Beispielsweise zielt der Plan \u201eFrankreich 2030\u201c darauf ab, die industrielle Wettbewerbsf\u00e4higkeit und Zukunftstechnologien durch zehn Ziele zu entwickeln, wie etwa die F\u00f6rderung der Entstehung eines franz\u00f6sischen Angebots an kleinen modularen Reaktoren (SMR) bis 2035, um zum Marktf\u00fchrer bei gr\u00fcnem Wasserstoff und erneuerbaren Energien zu werden bis 2030 und die Dekarbonisierung der franz\u00f6sischen Industrie, um der Verpflichtung nachzukommen, die Treibhausgasemissionen in diesem Sektor zwischen 2015 und 2030 um 35 % zu reduzieren.<\/p>\n<p>&nbsp;<\/p>\n<p><strong>Dar\u00fcber hinaus bietet sie neue M\u00f6glichkeiten f\u00fcr Akteure in der industriellen Analyse und Prozessinstrumentierung<\/strong>, sind diese Pl\u00e4ne auch eine Gelegenheit, die Entwicklung von Innovationen zu beschleunigen, um eine Reihe technologischer Hindernisse zu \u00fcberwinden. Im Bereich Industrie 4.0, digitale Zwillinge, k\u00fcnstliche Intelligenz (KI), 4.0-Wartungsl\u00f6sungen usw. kann erhebliche Vorteile bei der Prozess\u00fcberwachung bringen. Und Frankreich kann sich auf seine Forschungslabore und Start-ups verlassen, um die Technologien und L\u00f6sungen von morgen zu entwickeln.<\/p>\n<p><strong>\u00a0<\/strong><\/p>\n<p>Auf der Tagungszyklusseite ein umfangreiches Angebot an Tagungen, Round Tables und Workshops<\/p>\n<p>Neben der M\u00f6glichkeit, ihre Projekte zu besprechen, <strong>Die Industrial Analysis Show ist auch der Ort, um w\u00e4hrend der 20 technischen Konferenzen und Workshops Bilanz zu ziehen<\/strong> zu pragmatischeren Themen.<\/p>\n<p>Betonen <strong>die 2 neuen Zyklen<\/strong> : <strong>Analyse und Instrumentierung f\u00fcr die Dekarbonisierung der Industrie und die Beschleunigung der erneuerbaren Gassektoren<\/strong> Dies bringt neue Anforderungen an Analyse und Messung zum Vorschein, die neue Themenbereiche er\u00f6ffnet haben, die von den Besuchern der vorherigen Ausgabe gelobt wurden.<\/p>\n<p>&nbsp;<\/p>\n<p><strong>Die 36. Ausgabe der Ausstellung f\u00fcr industrielle Analysel\u00f6sungen findet am 3. und 4. April im Pariser Espace Champerret statt. <\/strong><\/p>\n<p>Dies ist eine gro\u00dfartige Gelegenheit f\u00fcr Sie, Ihr Fachwissen zu kommunizieren, das Image Ihres Unternehmens wiederzubeleben \u2026 und vor allem Ihre Aktivit\u00e4ten weiterzuentwickeln.<\/p>\n<p>Wenn Sie Ausstellerpartner der unverzichtbaren Industrieanalysemesse werden, k\u00f6nnen Sie rund 2.500 Besucher mit hoher Entscheidungskompetenz treffen!<\/p>\n<p>&nbsp;<\/p>\n<p><a href=\"https:\/\/www.analyse-industrielle.fr\/visiter.php\">Ausweisanfrage f\u00fcr einen Besuch<\/a><\/p>\n\n<p>\u00d6ffnungszeiten :<\/p>\n<p>Dienstag, 3. April und Mittwoch, 4. April 2024 von 9 bis 18 Uhr.<\/p>\n\n<p>Salon f\u00fcr Profis reserviert \u2013 Freier Zugang<\/p>\n<p>Anmeldung vor Ort oder online bevorzugt<\/p>\n\n<p>Webseite : <a href=\"https:\/\/www.analyse-industrielle.fr\/\">https:\/\/www.analyse-industrielle.fr\/<\/a><\/p>\n<p>auf Twitter: @AnalyseInd<\/p>\n\t\t\t<a href=\"http:\/\/www.analyse-industrielle.fr\/\" target=\"_self\" rel=\"noopener\">\n\t\t\t\t\t\tFinden Sie alle Informationen zur Ausstellung\n\t\t\t\t\t<\/a>","protected":false},"excerpt":{"rendered":"<p>2 Ausstellungstage 3. und 4. April 2024 Espace Champerret PARIS DIE AUSSTELLUNG F\u00dcR INDUSTRIELLE ANALYSEL\u00d6SUNGEN 36. Ausgabe der Ausstellung f\u00fcr industrielle Analyse- und Instrumentierungsl\u00f6sungen Die unverzichtbare Veranstaltung f\u00fcr die industrielle Analyse, die Spezialisten aus den Bereichen Steuerung, Messung, Messtechnik, Regulierung, Prozesserkennung und Instrumentierung zusammenbringt , Fl\u00fcssigkeitsmanagement usw.<\/p>","protected":false},"author":349,"featured_media":0,"parent":0,"menu_order":0,"comment_status":"closed","ping_status":"closed","template":"","meta":{"_acf_changed":false,"footnotes":""},"class_list":["post-9347","page","type-page","status-publish","hentry"],"acf":[],"yoast_head":"<!-- This site is optimized with the Yoast SEO plugin v27.3 - https:\/\/yoast.com\/product\/yoast-seo-wordpress\/ -->\n<title>ANALYSE INDUSTRIELLE - R\u00e9seau Mesure<\/title>\n<meta name=\"description\" content=\"Le salon measurement world est le salon de la mesure pour 2019. Les adh\u00e9rents du R\u00e9seau Mesure seront pr\u00e9sent. Informations et renseignements.\" \/>\n<meta name=\"robots\" content=\"index, follow, max-snippet:-1, max-image-preview:large, max-video-preview:-1\" \/>\n<link rel=\"canonical\" href=\"https:\/\/www.reseau-mesure.com\/de\/analyse-indsutrielle\/\" \/>\n<meta property=\"og:locale\" content=\"de_DE\" \/>\n<meta property=\"og:type\" content=\"article\" \/>\n<meta property=\"og:title\" content=\"ANALYSE INDUSTRIELLE - R\u00e9seau Mesure\" \/>\n<meta property=\"og:description\" content=\"Le salon measurement world est le salon de la mesure pour 2019. Les adh\u00e9rents du R\u00e9seau Mesure seront pr\u00e9sent. Informations et renseignements.\" \/>\n<meta property=\"og:url\" content=\"https:\/\/www.reseau-mesure.com\/de\/analyse-indsutrielle\/\" \/>\n<meta property=\"og:site_name\" content=\"R\u00e9seau Mesure\" \/>\n<meta property=\"article:publisher\" content=\"https:\/\/www.facebook.com\/reseaumesure\/\" \/>\n<meta property=\"article:modified_time\" content=\"2023-07-04T09:04:04+00:00\" \/>\n<meta property=\"og:image\" content=\"https:\/\/www.reseau-mesure.com\/wp-content\/uploads\/2023\/07\/logo-FR.jpg\" \/>\n<meta name=\"twitter:card\" content=\"summary_large_image\" \/>\n<meta name=\"twitter:site\" content=\"@ReseauMesure\" \/>\n<meta name=\"twitter:label1\" content=\"Gesch\u00e4tzte Lesezeit\" \/>\n\t<meta name=\"twitter:data1\" content=\"3\u00a0Minuten\" \/>\n<script type=\"application\/ld+json\" class=\"yoast-schema-graph\">{\"@context\":\"https:\\\/\\\/schema.org\",\"@graph\":[{\"@type\":\"WebPage\",\"@id\":\"https:\\\/\\\/www.reseau-mesure.com\\\/analyse-indsutrielle\\\/\",\"url\":\"https:\\\/\\\/www.reseau-mesure.com\\\/analyse-indsutrielle\\\/\",\"name\":\"ANALYSE INDUSTRIELLE - R\u00e9seau Mesure\",\"isPartOf\":{\"@id\":\"https:\\\/\\\/www.reseau-mesure.com\\\/#website\"},\"primaryImageOfPage\":{\"@id\":\"https:\\\/\\\/www.reseau-mesure.com\\\/analyse-indsutrielle\\\/#primaryimage\"},\"image\":{\"@id\":\"https:\\\/\\\/www.reseau-mesure.com\\\/analyse-indsutrielle\\\/#primaryimage\"},\"thumbnailUrl\":\"https:\\\/\\\/www.reseau-mesure.com\\\/wp-content\\\/uploads\\\/2023\\\/07\\\/logo-FR.jpg\",\"datePublished\":\"2019-12-26T13:30:33+00:00\",\"dateModified\":\"2023-07-04T09:04:04+00:00\",\"description\":\"Le salon measurement world est le salon de la mesure pour 2019. Les adh\u00e9rents du R\u00e9seau Mesure seront pr\u00e9sent. Informations et renseignements.\",\"breadcrumb\":{\"@id\":\"https:\\\/\\\/www.reseau-mesure.com\\\/analyse-indsutrielle\\\/#breadcrumb\"},\"inLanguage\":\"de\",\"potentialAction\":[{\"@type\":\"ReadAction\",\"target\":[\"https:\\\/\\\/www.reseau-mesure.com\\\/analyse-indsutrielle\\\/\"]}]},{\"@type\":\"ImageObject\",\"inLanguage\":\"de\",\"@id\":\"https:\\\/\\\/www.reseau-mesure.com\\\/analyse-indsutrielle\\\/#primaryimage\",\"url\":\"https:\\\/\\\/www.reseau-mesure.com\\\/wp-content\\\/uploads\\\/2023\\\/07\\\/logo-FR.jpg\",\"contentUrl\":\"https:\\\/\\\/www.reseau-mesure.com\\\/wp-content\\\/uploads\\\/2023\\\/07\\\/logo-FR.jpg\"},{\"@type\":\"BreadcrumbList\",\"@id\":\"https:\\\/\\\/www.reseau-mesure.com\\\/analyse-indsutrielle\\\/#breadcrumb\",\"itemListElement\":[{\"@type\":\"ListItem\",\"position\":1,\"name\":\"Accueil\",\"item\":\"https:\\\/\\\/www.reseau-mesure.com\\\/\"},{\"@type\":\"ListItem\",\"position\":2,\"name\":\"ANALYSE INDUSTRIELLE\"}]},{\"@type\":\"WebSite\",\"@id\":\"https:\\\/\\\/www.reseau-mesure.com\\\/#website\",\"url\":\"https:\\\/\\\/www.reseau-mesure.com\\\/\",\"name\":\"R\u00e9seau-Mesure\",\"description\":\"R\u00e9seau Mesure\",\"publisher\":{\"@id\":\"https:\\\/\\\/www.reseau-mesure.com\\\/#organization\"},\"potentialAction\":[{\"@type\":\"SearchAction\",\"target\":{\"@type\":\"EntryPoint\",\"urlTemplate\":\"https:\\\/\\\/www.reseau-mesure.com\\\/?s={search_term_string}\"},\"query-input\":{\"@type\":\"PropertyValueSpecification\",\"valueRequired\":true,\"valueName\":\"search_term_string\"}}],\"inLanguage\":\"de\"},{\"@type\":\"Organization\",\"@id\":\"https:\\\/\\\/www.reseau-mesure.com\\\/#organization\",\"name\":\"R\u00e9seau-Mesure\",\"url\":\"https:\\\/\\\/www.reseau-mesure.com\\\/\",\"logo\":{\"@type\":\"ImageObject\",\"inLanguage\":\"de\",\"@id\":\"https:\\\/\\\/www.reseau-mesure.com\\\/#\\\/schema\\\/logo\\\/image\\\/\",\"url\":\"https:\\\/\\\/www.reseau-mesure.com\\\/wp-content\\\/uploads\\\/2018\\\/02\\\/logo-max.png\",\"contentUrl\":\"https:\\\/\\\/www.reseau-mesure.com\\\/wp-content\\\/uploads\\\/2018\\\/02\\\/logo-max.png\",\"width\":545,\"height\":285,\"caption\":\"R\u00e9seau-Mesure\"},\"image\":{\"@id\":\"https:\\\/\\\/www.reseau-mesure.com\\\/#\\\/schema\\\/logo\\\/image\\\/\"},\"sameAs\":[\"https:\\\/\\\/www.facebook.com\\\/reseaumesure\\\/\",\"https:\\\/\\\/x.com\\\/ReseauMesure\",\"https:\\\/\\\/www.linkedin.com\\\/company\\\/reseau-mesure\\\/\"]}]}<\/script>\n<!-- \/ Yoast SEO plugin. -->","yoast_head_json":{"title":"ANALYSE INDUSTRIELLE - R\u00e9seau Mesure","description":"Le salon measurement world est le salon de la mesure pour 2019. Les adh\u00e9rents du R\u00e9seau Mesure seront pr\u00e9sent. Informations et renseignements.","robots":{"index":"index","follow":"follow","max-snippet":"max-snippet:-1","max-image-preview":"max-image-preview:large","max-video-preview":"max-video-preview:-1"},"canonical":"https:\/\/www.reseau-mesure.com\/de\/analyse-indsutrielle\/","og_locale":"de_DE","og_type":"article","og_title":"ANALYSE INDUSTRIELLE - R\u00e9seau Mesure","og_description":"Le salon measurement world est le salon de la mesure pour 2019. Les adh\u00e9rents du R\u00e9seau Mesure seront pr\u00e9sent. Informations et renseignements.","og_url":"https:\/\/www.reseau-mesure.com\/de\/analyse-indsutrielle\/","og_site_name":"R\u00e9seau Mesure","article_publisher":"https:\/\/www.facebook.com\/reseaumesure\/","article_modified_time":"2023-07-04T09:04:04+00:00","og_image":[{"url":"https:\/\/www.reseau-mesure.com\/wp-content\/uploads\/2023\/07\/logo-FR.jpg","type":"","width":"","height":""}],"twitter_card":"summary_large_image","twitter_site":"@ReseauMesure","twitter_misc":{"Gesch\u00e4tzte Lesezeit":"3\u00a0Minuten"},"schema":{"@context":"https:\/\/schema.org","@graph":[{"@type":"WebPage","@id":"https:\/\/www.reseau-mesure.com\/analyse-indsutrielle\/","url":"https:\/\/www.reseau-mesure.com\/analyse-indsutrielle\/","name":"ANALYSE INDUSTRIELLE - R\u00e9seau Mesure","isPartOf":{"@id":"https:\/\/www.reseau-mesure.com\/#website"},"primaryImageOfPage":{"@id":"https:\/\/www.reseau-mesure.com\/analyse-indsutrielle\/#primaryimage"},"image":{"@id":"https:\/\/www.reseau-mesure.com\/analyse-indsutrielle\/#primaryimage"},"thumbnailUrl":"https:\/\/www.reseau-mesure.com\/wp-content\/uploads\/2023\/07\/logo-FR.jpg","datePublished":"2019-12-26T13:30:33+00:00","dateModified":"2023-07-04T09:04:04+00:00","description":"Le salon measurement world est le salon de la mesure pour 2019. Les adh\u00e9rents du R\u00e9seau Mesure seront pr\u00e9sent. Informations et renseignements.","breadcrumb":{"@id":"https:\/\/www.reseau-mesure.com\/analyse-indsutrielle\/#breadcrumb"},"inLanguage":"de","potentialAction":[{"@type":"ReadAction","target":["https:\/\/www.reseau-mesure.com\/analyse-indsutrielle\/"]}]},{"@type":"ImageObject","inLanguage":"de","@id":"https:\/\/www.reseau-mesure.com\/analyse-indsutrielle\/#primaryimage","url":"https:\/\/www.reseau-mesure.com\/wp-content\/uploads\/2023\/07\/logo-FR.jpg","contentUrl":"https:\/\/www.reseau-mesure.com\/wp-content\/uploads\/2023\/07\/logo-FR.jpg"},{"@type":"BreadcrumbList","@id":"https:\/\/www.reseau-mesure.com\/analyse-indsutrielle\/#breadcrumb","itemListElement":[{"@type":"ListItem","position":1,"name":"Accueil","item":"https:\/\/www.reseau-mesure.com\/"},{"@type":"ListItem","position":2,"name":"ANALYSE INDUSTRIELLE"}]},{"@type":"WebSite","@id":"https:\/\/www.reseau-mesure.com\/#website","url":"https:\/\/www.reseau-mesure.com\/","name":"Netzwerk-Messung","description":"Netzwerkma\u00dfnahme","publisher":{"@id":"https:\/\/www.reseau-mesure.com\/#organization"},"potentialAction":[{"@type":"SearchAction","target":{"@type":"EntryPoint","urlTemplate":"https:\/\/www.reseau-mesure.com\/?s={search_term_string}"},"query-input":{"@type":"PropertyValueSpecification","valueRequired":true,"valueName":"search_term_string"}}],"inLanguage":"de"},{"@type":"Organization","@id":"https:\/\/www.reseau-mesure.com\/#organization","name":"Netzwerk-Messung","url":"https:\/\/www.reseau-mesure.com\/","logo":{"@type":"ImageObject","inLanguage":"de","@id":"https:\/\/www.reseau-mesure.com\/#\/schema\/logo\/image\/","url":"https:\/\/www.reseau-mesure.com\/wp-content\/uploads\/2018\/02\/logo-max.png","contentUrl":"https:\/\/www.reseau-mesure.com\/wp-content\/uploads\/2018\/02\/logo-max.png","width":545,"height":285,"caption":"R\u00e9seau-Mesure"},"image":{"@id":"https:\/\/www.reseau-mesure.com\/#\/schema\/logo\/image\/"},"sameAs":["https:\/\/www.facebook.com\/reseaumesure\/","https:\/\/x.com\/ReseauMesure","https:\/\/www.linkedin.com\/company\/reseau-mesure\/"]}]}},"_links":{"self":[{"href":"https:\/\/www.reseau-mesure.com\/de\/wp-json\/wp\/v2\/pages\/9347","targetHints":{"allow":["GET"]}}],"collection":[{"href":"https:\/\/www.reseau-mesure.com\/de\/wp-json\/wp\/v2\/pages"}],"about":[{"href":"https:\/\/www.reseau-mesure.com\/de\/wp-json\/wp\/v2\/types\/page"}],"author":[{"embeddable":true,"href":"https:\/\/www.reseau-mesure.com\/de\/wp-json\/wp\/v2\/users\/349"}],"replies":[{"embeddable":true,"href":"https:\/\/www.reseau-mesure.com\/de\/wp-json\/wp\/v2\/comments?post=9347"}],"version-history":[{"count":0,"href":"https:\/\/www.reseau-mesure.com\/de\/wp-json\/wp\/v2\/pages\/9347\/revisions"}],"wp:attachment":[{"href":"https:\/\/www.reseau-mesure.com\/de\/wp-json\/wp\/v2\/media?parent=9347"}],"curies":[{"name":"wp","href":"https:\/\/api.w.org\/{rel}","templated":true}]}}