{"id":9805,"date":"2020-02-25T11:50:26","date_gmt":"2020-02-25T10:50:26","guid":{"rendered":"https:\/\/www.reseau-mesure.com\/?page_id=9805"},"modified":"2020-03-03T16:36:37","modified_gmt":"2020-03-03T15:36:37","slug":"politique-de-confidentialite","status":"publish","type":"page","link":"https:\/\/www.reseau-mesure.com\/de\/politique-de-confidentialite\/","title":{"rendered":"Datenschutz-Bestimmungen"},"content":{"rendered":"<img loading=\"lazy\" decoding=\"async\" src=\"https:\/\/www.reseau-mesure.com\/wp-content\/uploads\/2020\/02\/Plan-de-travail-1conf.png\" alt=\"politique de confidentialit\u00e9\" itemprop=\"image\" height=\"768\" width=\"1366\" title=\"Vertraulichkeitsrichtlinie\" onerror=\"this.style.display='none'\"  \/>\n\t\t<h1 >\n\t\t\tDatenschutz-Bestimmungen\n\t\t<\/h1>\n\t<p>&nbsp;<\/p>\n<p>&nbsp;<\/p>\n<p>&nbsp;<\/p>\n<p><strong>RESEAU MESURE verpflichtet sich sicherzustellen, dass die Verarbeitung Ihrer personenbezogenen Daten durch seine Dienste Folgendes erf\u00fcllt:<\/strong><\/p>\n<ul>\n<li>Gesetz Nr. 78-17 vom 6. Januar 1978 \u00fcber Datenverarbeitung, Dateien und Freiheiten in seiner aktuellen Fassung;<\/li>\n<li>zur Verordnung (EU) 2016\/679 des Europ\u00e4ischen Parlaments und des Rates vom 27. April 2016 \u00fcber den Schutz des Einzelnen bei der Verarbeitung personenbezogener Daten und \u00fcber den freien Verkehr dieser Daten, die am 25. Mai in Kraft getreten ist 2018 (im Folgenden &quot; <strong>DSGVO <\/strong>&quot;);<\/li>\n<li>Gesetz Nr. 2018-493 vom 20. Juni 2018 \u00fcber den Schutz personenbezogener Daten.<\/li>\n<\/ul>\n<p>&nbsp;<\/p>\n<h1><u>Artikel 1 - Zweck der Verarbeitung Ihrer personenbezogenen Daten<\/u><\/h1>\n<p><strong>\u00a0<\/strong><\/p>\n<p>Der Zweck dieser Datenschutzrichtlinie ist:<\/p>\n<ul>\n<li>die Nutzungsbedingungen f\u00fcr die personenbezogenen Daten zu definieren, die von den Personen auf der RESEAU MESURE-Website (die &quot; <strong>Seite? \u02c5 <\/strong>&quot;) Herausgegeben von RESEAU MESURE gem\u00e4\u00df Artikel 2,<\/li>\n<li>die Nutzungsbedingungen f\u00fcr die personenbezogenen Daten festzulegen, die die Personen dem Unternehmen RESEAU MESURE im Rahmen ihrer bestehenden oder k\u00fcnftigen Gesch\u00e4ftsbeziehungen anvertrauen;<\/li>\n<li>die Rechte und Pflichten der Parteien in diesem zu definieren<\/li>\n<\/ul>\n<p>&nbsp;<\/p>\n<p>Der Zweck dieser Richtlinie ist es auch, Sie \u00fcber die Mittel zu informieren, die wir zur Erhebung Ihrer pers\u00f6nlichen Daten einsetzen, wobei Ihre Rechte strengstens zu respektieren sind.<\/p>\n<h1><u>Artikel 2 - Identit\u00e4t des Datenerfassungsmanagers<\/u><\/h1>\n<p><strong>\u00a0<\/strong><\/p>\n<p>Die Partei, die f\u00fcr die Erhebung Ihrer pers\u00f6nlichen Daten verantwortlich ist, ist das Unternehmen <strong>MESSNETZ<\/strong>, eine Vereinigung, die dem Gesetz vom 1. Juli 1901, ABl. Nr. 20020019 vom 11. Mai 2002, SIREN 444 837 504, mit Sitz in CCI Val d&#039;Oise, CAP CERGY, CS 20209, 35 Bd du Port 95031 CERGY PONTOISE Cedex, unterliegt (im Folgenden: &quot; <strong>MESSNETZ <\/strong>&quot;).<\/p>\n<p><strong>MESSNETZ <\/strong>kann unter folgenden Koordinaten kontaktiert werden: Postanschrift: RESEAU MESURE<\/p>\n<p>Madame Claire ONFRAY, Datenschutzbeauftragte,<\/p>\n<p>c \/ o IHK Val d&#039;Oise, Cap Cergy, CS 20209.35 Bd du Port 95031 CERGY PONTOISE Cedex<\/p>\n<p>&nbsp;<\/p>\n<p>E-Mail-Addresse : <a href=\"mailto:admin@reseau-mesure.com\">admin@reseau-mesure.com<\/a><\/p>\n<p>&nbsp;<\/p>\n<p>&nbsp;<\/p>\n<h1><u>Artikel 3 - Notwendigkeit der Annahme der Datenschutzrichtlinie<\/u><\/h1>\n<p><strong>\u00a0<\/strong><\/p>\n<p>Auf der Website wird die Annahme dieser Richtlinie durch ein Kontrollk\u00e4stchen im Kontaktformular best\u00e4tigt.<\/p>\n<p>&nbsp;<\/p>\n<p>Wenn die geborenen oder geborenen Gesch\u00e4ftsbeziehungen au\u00dferhalb der Website begonnen haben, gilt die Annahme dieser Vertraulichkeitsrichtlinie ab dem Beginn einer Gesch\u00e4ftsbeziehung (Verhandlungen) mit RESEAU MESURE.<\/p>\n<p>&nbsp;<\/p>\n<p>Die Akzeptanz kann nur vollst\u00e4ndig und vollst\u00e4ndig sein. Sie gilt gleichzeitig (i) f\u00fcr die allgemeinen Bedingungen, (ii) f\u00fcr die besonderen Bedingungen, falls zutreffend, und (iii) f\u00fcr die auf der Website vorhandenen Cookies. <a href=\"https:\/\/www.reseau-mesure.com\/de\/\">https:\/\/www.reseau-mesure.com<\/a><\/p>\n<p>&nbsp;<\/p>\n<p>Jede vorbehaltliche Mitgliedschaft gilt als nichtig. Jeder, der nicht einverstanden ist, an diese Richtlinie gebunden zu sein, sollte die Dienste nicht nutzen.<\/p>\n<p>&nbsp;<\/p>\n<h1><u>Artikel 4 - Definition und Art der personenbezogenen Daten<\/u><\/h1>\n<p><strong>\u00a0<\/strong><\/p>\n<p>Wenn Sie unsere Website nutzen, bitten wir Sie m\u00f6glicherweise, uns personenbezogene Daten \u00fcber sich selbst zur Verf\u00fcgung zu stellen.<\/p>\n<p>&nbsp;<\/p>\n<ul>\n<li>Definition<\/li>\n<\/ul>\n<p>&nbsp;<\/p>\n<p>Gem\u00e4\u00df Artikel 4 Absatz 1 der DSGVO bedeutet der Begriff \u201epersonenbezogene Daten\u201c \u201ealle Informationen, die sich auf eine identifizierte oder identifizierbare nat\u00fcrliche Person beziehen; wird als &quot;identifizierbare nat\u00fcrliche Person&quot; angesehen, eine nat\u00fcrliche Person, die direkt oder indirekt identifiziert werden kann, insbesondere unter Bezugnahme auf eine Kennung, wie einen Namen, eine Identifikationsnummer, Standortdaten, eine Online-Kennung, oder auf ein oder mehrere spezifische Elemente, die f\u00fcr seine physische, physiologische, genetische, psychologische, wirtschaftliche, kulturelle oder soziale Identit\u00e4t spezifisch sind. \u201c<\/p>\n<p>&nbsp;<\/p>\n<ul>\n<li>Personenbezogene Daten verarbeitet<\/li>\n<\/ul>\n<p>&nbsp;<\/p>\n<p>Wenn Sie unsere Website oder unsere Anwendung nutzen, bitten wir Sie m\u00f6glicherweise, uns die folgenden Kategorien personenbezogener Daten zur Verf\u00fcgung zu stellen:<\/p>\n<ul>\n<li>Nachname Vorname,<\/li>\n<li>Unternehmen, K\u00f6rperschaft oder Einrichtung,<\/li>\n<li>Webseite<\/li>\n<li>E-Mail-Addresse,<\/li>\n<li>Festnetz- und \/ oder Mobilfunktelefon<\/li>\n<\/ul>\n<p>&nbsp;<\/p>\n<p>&nbsp;<\/p>\n<h1><u>Artikel 5 - Zwecke der Erhebung personenbezogener Daten<\/u><\/h1>\n<p><strong>\u00a0<\/strong><\/p>\n<p>-Zweck<\/p>\n<p>Ihre pers\u00f6nlichen Daten werden gesammelt, um einen oder mehrere der folgenden Zwecke zu erf\u00fcllen:<\/p>\n<ul>\n<li>eine Datei mit Mitgliedern und Interessenten erstellen,<\/li>\n<li>Erstellen Sie das Online-Verzeichnis der Mitglieder des Messnetzwerks<\/li>\n<li>M\u00f6glichkeiten zur Ver\u00f6ffentlichung auf der Website und Stellenangebote anbieten,<\/li>\n<li>Gew\u00e4hrleistung der Kommunikation des Vereins \u00fcber Veranstaltungen,<\/li>\n<li>Teilnahme an Ma\u00dfnahmen des Messnetzwerks<\/li>\n<li>Entwicklung kommerzieller Statistiken und Zugriffe auf unsere Website,<\/li>\n<li>das Management der Meinungen von Menschen zu Produkten, Dienstleistungen oder Inhalten verwalten,<\/li>\n<li>unsere gesetzlichen und beh\u00f6rdlichen Verpflichtungen einhalten,<\/li>\n<li>bieten unsere<\/li>\n<\/ul>\n<p>Wir informieren Sie bei der Erhebung Ihrer personenbezogenen Daten dar\u00fcber, ob bestimmte Daten eingegeben werden m\u00fcssen oder ob diese optional sind. Wir erkl\u00e4ren Ihnen auch die m\u00f6glichen Folgen einer Nichtbeantwortung.<\/p>\n<p>-Rechtliche Grundlage<\/p>\n<p>Artikel 6 Absatz 1 a, b, c DSGVO.<\/p>\n<p>Diese Datenverarbeitung basiert auf Ihrer Zustimmung zur Aus\u00fcbung unserer Aktivit\u00e4ten und zur Einhaltung der gesetzlichen Verpflichtungen, denen RESEAU MESURE unter Anwendung der Allgemeinen Datenschutzbestimmungen und des ge\u00e4nderten Datenschutzgesetzes unterliegt.<\/p>\n<p>&nbsp;<\/p>\n<h1><u>Artikel 6 - Ihre Zustimmung<\/u><\/h1>\n<p><strong>\u00a0<\/strong><\/p>\n<ul>\n<li>Ihre Zustimmung zur Verarbeitung<\/li>\n<\/ul>\n<p>Wenn Sie uns Ihre personenbezogenen Daten zum Zwecke des Vertragsabschlusses von Waren oder Dienstleistungen mit RESEAU MESURE zur Verf\u00fcgung stellen, stimmen Sie ausdr\u00fccklich zu, dass wir Ihre Daten sammeln und nur f\u00fcr die in Artikel 5 aufgef\u00fchrten Zwecke verwenden. .<\/p>\n<ul>\n<li>Widerruf Ihrer Einwilligung zur Bearbeitung<\/li>\n<\/ul>\n<p>Wenn Sie nach Ihrer Einwilligung Ihre Meinung \u00e4ndern und nicht mehr damit einverstanden sind, dass wir Sie kontaktieren, Ihre Daten sammeln oder offenlegen, k\u00f6nnen Sie uns benachrichtigen, indem Sie uns unter folgender Adresse kontaktieren:<\/p>\n<p>&nbsp;<\/p>\n<p>Postanschrift: MESURE NETWORK<\/p>\n<p>Madame Claire ONFRAY, Datenschutzbeauftragte, c \/ o CCI Val d&#039;Oise, Cap Cergy, CS 20209.35 Bd du Port<\/p>\n<p>95031 CERGY PONTOISE Cedex<\/p>\n<p>E-Mail-Addresse : <a href=\"mailto:admin@reseau-mesure.com\">admin@reseau-mesure.com<\/a><\/p>\n<p>Wir werden alle pers\u00f6nlichen Daten l\u00f6schen.<\/p>\n<p>&nbsp;<\/p>\n<p>&nbsp;<\/p>\n<h1><u>Artikel 7 - Offenlegung<\/u><\/h1>\n<p><strong>\u00a0<\/strong><\/p>\n<p>RESEAU MESURE beh\u00e4lt sich das Recht vor, Ihre pers\u00f6nlichen Daten an jede zust\u00e4ndige Beh\u00f6rde weiterzugeben, die das Recht hat, solche Informationen anzufordern.<\/p>\n<p>In diesem Fall informiert Sie RESEAU MESURE.<\/p>\n<p>&nbsp;<\/p>\n<h1><u>Artikel 8 - Empf\u00e4nger der erhobenen Daten<\/u><\/h1>\n<p><strong>\u00a0<\/strong><\/p>\n<p>Die Mitarbeiter unseres Unternehmens, die f\u00fcr die Kontrolle zust\u00e4ndigen Dienste (insbesondere der Pr\u00fcfer), die Administratoren der Website und m\u00f6glicherweise unsere IT-Subunternehmer, die am ordnungsgem\u00e4\u00dfen Funktionieren der Website beteiligt sind.<\/p>\n<p>&nbsp;<\/p>\n<p>Ihre personenbezogenen Daten k\u00f6nnen von unseren Gesch\u00e4ftspartnern und unseren Mitgliedern f\u00fcr kommerzielle Zwecke verwendet werden, um Waren und Dienstleistungen im Zusammenhang mit der T\u00e4tigkeit von RESEAU MESURE und insbesondere der Teilnahme an gemeinsamen Veranstaltungen mit anderen anzubieten. Mitglieder des MESURE NETWORK.<\/p>\n<p>&nbsp;<\/p>\n<p>\u00d6ffentliche Stellen k\u00f6nnen auch Empf\u00e4nger Ihrer personenbezogenen Daten sein, ausschlie\u00dflich zur Erf\u00fcllung unserer gesetzlichen Verpflichtungen, Gerichtsbeamte und Ministerialbeamte.<\/p>\n<p>&nbsp;<\/p>\n<h1><u>Artikel 9 - Dauer der Speicherung personenbezogener Daten<\/u><\/h1>\n<p><strong>\u00a0<\/strong><\/p>\n<p><strong>\u00a0<\/strong><\/p>\n<ul>\n<li>In Bezug auf Daten zur Verwaltung von Mitgliedern und Interessenten:<\/li>\n<\/ul>\n<p>&nbsp;<\/p>\n<p>Ihre pers\u00f6nlichen Daten werden nicht \u00fcber die Zeit hinaus gespeichert, die f\u00fcr die Verwaltung unserer Gesch\u00e4ftsbeziehung mit Ihnen unbedingt erforderlich ist. Die Daten, die den Nachweis eines Rechts, eines Vertrags oder einer Garantie erm\u00f6glichen, die zur Einhaltung einer gesetzlichen Verpflichtung aufbewahrt werden m\u00fcssen, werden jedoch f\u00fcr den vom geltenden Gesetz vorgesehenen Zeitraum aufbewahrt.<\/p>\n<p>In Bezug auf m\u00f6gliche Prospektionsvorg\u00e4nge f\u00fcr Mitglieder k\u00f6nnen ihre Daten ab dem Ende der Gesch\u00e4ftsbeziehung sechs Jahre lang aufbewahrt werden.<\/p>\n<p>Personenbezogene Daten eines potenziellen Kunden, der kein Mitglied ist, k\u00f6nnen ab dem Zeitpunkt ihrer Erfassung oder ab dem letzten Austausch mit dem potenziellen Kunden drei Jahre lang aufbewahrt werden.<\/p>\n<p>&nbsp;<\/p>\n<ul>\n<li>In Bezug auf die Verwaltung von Einspruchslisten, die aus der Prospektion zu erhalten sind:<\/li>\n<\/ul>\n<p>Die Informationen, mit denen Ihr Widerspruchsrecht ber\u00fccksichtigt werden kann, werden ab Aus\u00fcbung des Widerspruchsrechts mindestens drei Jahre lang aufbewahrt.<\/p>\n<ul>\n<li>Rechtliche Grundlage<\/li>\n<\/ul>\n<p>Artikel 5 (1) e DSGVO, Artikel 13 (2) c DSGVO.<\/p>\n<p>&nbsp;<\/p>\n<h1><u>Artikel 11 - Sicherheit<\/u><\/h1>\n<p><strong>\u00a0<\/strong><\/p>\n<p>Wir informieren Sie, alle n\u00fctzlichen Vorsichtsma\u00dfnahmen, organisatorischen und technischen Ma\u00dfnahmen zu treffen, die zur Wahrung der Sicherheit, Integrit\u00e4t und Vertraulichkeit Ihrer pers\u00f6nlichen Daten und insbesondere zur Verhinderung ihrer Verzerrung, Besch\u00e4digung oder des Zugriffs unbefugter Dritter auf diese erforderlich sind. .<\/p>\n<p>&nbsp;<\/p>\n<h1><u>Artikel 13 - Zugang zu Ihren pers\u00f6nlichen Daten<\/u><\/h1>\n<p><strong>\u00a0<\/strong><\/p>\n<ul>\n<li>Informationen und Zugang zu personenbezogenen Daten<\/li>\n<\/ul>\n<p>In \u00dcbereinstimmung mit dem Gesetz Nr. 78-17 vom 6. Januar 1978 \u00fcber Datenverarbeitung, Dateien und Freiheiten sowie das RGPD haben Sie das Recht, die Mitteilung und gegebenenfalls die Berichtigung, die Portabilit\u00e4t oder die L\u00f6schung Ihrer Daten durch Schreiben an:<\/p>\n<p>&nbsp;<\/p>\n<p>Postanschrift: MESURE NETWORK<\/p>\n<p>Madame Claire ONFRAY, Datenschutzbeauftragte, c \/ o CCI Val d&#039;Oise, Cap Cergy, CS 20209.35 Bd du Port<\/p>\n<p>95031 CERGY PONTOISE Cedex<\/p>\n<p>E-Mail-Addresse : <a href=\"mailto:admin@reseau-mesure.com\">admin@reseau-mesure.com<\/a><\/p>\n<p>&nbsp;<\/p>\n<p>Es wird daran erinnert, dass jede Person aus legitimen Gr\u00fcnden der Verarbeitung von sie betreffenden Daten widersprechen kann.<\/p>\n<p>&nbsp;<\/p>\n<ul>\n<li>Rechtliche Grundlage<\/li>\n<\/ul>\n<p>Artikel 13 der DSGVO \u00fcber die personenbezogenen Daten, die der betroffenen Person zur Verf\u00fcgung gestellt werden sollen,<\/p>\n<p>Artikel 14 der DSGVO betreffend personenbezogene Daten, die nicht von der betroffenen Person erhoben wurden.<\/p>\n<h1><\/h1>\n<h1><u>Artikel 13 - \u00c4nderungen<\/u><\/h1>\n<p><strong>\u00a0<\/strong><\/p>\n<p>Wir behalten uns das Recht vor, diese Richtlinie nach eigenem Ermessen jederzeit ganz oder teilweise zu \u00e4ndern. Diese \u00c4nderungen werden mit der Ver\u00f6ffentlichung der neuen Richtlinie wirksam. Ihre Nutzung unserer Website nach Inkrafttreten dieser \u00c4nderungen gilt als Anerkennung und Akzeptanz der neuen Richtlinie. Andernfalls und wenn diese neue Richtlinie nicht zu Ihnen passt, m\u00fcssen Sie nicht mehr auf die Site zugreifen.<\/p>\n<p>&nbsp;<\/p>\n<h1><u>Artikel 14 - Ernennung eines Datenschutzbeauftragten (DPO)<\/u><\/h1>\n<p><strong>\u00a0<\/strong><\/p>\n<p>Im Rahmen des Inkrafttretens der allgemeinen Datenschutzverordnung Nr. 2016\/679 des Europ\u00e4ischen Parlaments und des Rates vom 27. April 2016, die am 25. Mai 2018 in Kraft tritt, hat RESEAU MESURE im Rahmen der Schaffung ernannt und die Implementierung seiner Website, einer internen Datenschutzbeauftragten in der Person von Frau Claire ONFRAY vom 3-10-2018 (Bezeichnung Nr. DPO-28642)).<\/p>\n<p>&nbsp;<\/p>\n<h1><u>Artikel 15 - Inkrafttreten<\/u><\/h1>\n<p><strong>\u00a0<\/strong><\/p>\n<p>Diese Richtlinie trat am 1. Mai 2019 in Kraft.<\/p>","protected":false},"excerpt":{"rendered":"<p>Vertraulichkeitsrichtlinie RESEAU MESURE verpflichtet sich sicherzustellen, dass die von Ihren Diensten durchgef\u00fchrte Verarbeitung Ihrer personenbezogenen Daten den folgenden Bestimmungen entspricht: Gesetz Nr. 78-17 vom 6. Januar 1978 in Bezug auf Computer, Dateien und Freiheiten in ihren aktuelle Version ; zur Verordnung (EU) 2016\/679 des Europ\u00e4ischen Parlaments und von\u2026<\/p>","protected":false},"author":685,"featured_media":0,"parent":0,"menu_order":0,"comment_status":"closed","ping_status":"closed","template":"","meta":{"_acf_changed":false,"footnotes":""},"class_list":["post-9805","page","type-page","status-publish","hentry"],"acf":[],"yoast_head":"<!-- This site is optimized with the Yoast SEO plugin v27.3 - https:\/\/yoast.com\/product\/yoast-seo-wordpress\/ -->\n<title>Politique de confidentialit\u00e9 - R\u00e9seau Mesure<\/title>\n<meta name=\"description\" content=\"Mentions l\u00e9gales su site Internet du R\u00e9seau Mesure. Merci de les lires, il y a toujours des choses int\u00e9ressantes \u00e0 d\u00e9couvrir.\" \/>\n<meta name=\"robots\" content=\"index, follow, max-snippet:-1, max-image-preview:large, max-video-preview:-1\" \/>\n<link rel=\"canonical\" href=\"https:\/\/www.reseau-mesure.com\/de\/politique-de-confidentialite\/\" \/>\n<meta property=\"og:locale\" content=\"de_DE\" \/>\n<meta property=\"og:type\" content=\"article\" \/>\n<meta property=\"og:title\" content=\"Politique de confidentialit\u00e9 - R\u00e9seau Mesure\" \/>\n<meta property=\"og:description\" content=\"Mentions l\u00e9gales su site Internet du R\u00e9seau Mesure. Merci de les lires, il y a toujours des choses int\u00e9ressantes \u00e0 d\u00e9couvrir.\" \/>\n<meta property=\"og:url\" content=\"https:\/\/www.reseau-mesure.com\/de\/politique-de-confidentialite\/\" \/>\n<meta property=\"og:site_name\" content=\"R\u00e9seau Mesure\" \/>\n<meta property=\"article:publisher\" content=\"https:\/\/www.facebook.com\/reseaumesure\/\" \/>\n<meta property=\"article:modified_time\" content=\"2020-03-03T15:36:37+00:00\" \/>\n<meta property=\"og:image\" content=\"https:\/\/www.reseau-mesure.com\/wp-content\/uploads\/2020\/02\/Plan-de-travail-1conf.png\" \/>\n<meta name=\"twitter:card\" content=\"summary_large_image\" \/>\n<meta name=\"twitter:site\" content=\"@ReseauMesure\" \/>\n<meta name=\"twitter:label1\" content=\"Gesch\u00e4tzte Lesezeit\" \/>\n\t<meta name=\"twitter:data1\" content=\"9\u00a0Minuten\" \/>\n<script type=\"application\/ld+json\" class=\"yoast-schema-graph\">{\"@context\":\"https:\\\/\\\/schema.org\",\"@graph\":[{\"@type\":\"WebPage\",\"@id\":\"https:\\\/\\\/www.reseau-mesure.com\\\/en\\\/politique-de-confidentialite\\\/\",\"url\":\"https:\\\/\\\/www.reseau-mesure.com\\\/en\\\/politique-de-confidentialite\\\/\",\"name\":\"Politique de confidentialit\u00e9 - R\u00e9seau Mesure\",\"isPartOf\":{\"@id\":\"https:\\\/\\\/www.reseau-mesure.com\\\/#website\"},\"primaryImageOfPage\":{\"@id\":\"https:\\\/\\\/www.reseau-mesure.com\\\/en\\\/politique-de-confidentialite\\\/#primaryimage\"},\"image\":{\"@id\":\"https:\\\/\\\/www.reseau-mesure.com\\\/en\\\/politique-de-confidentialite\\\/#primaryimage\"},\"thumbnailUrl\":\"https:\\\/\\\/www.reseau-mesure.com\\\/wp-content\\\/uploads\\\/2020\\\/02\\\/Plan-de-travail-1conf.png\",\"datePublished\":\"2020-02-25T10:50:26+00:00\",\"dateModified\":\"2020-03-03T15:36:37+00:00\",\"description\":\"Mentions l\u00e9gales su site Internet du R\u00e9seau Mesure. Merci de les lires, il y a toujours des choses int\u00e9ressantes \u00e0 d\u00e9couvrir.\",\"breadcrumb\":{\"@id\":\"https:\\\/\\\/www.reseau-mesure.com\\\/en\\\/politique-de-confidentialite\\\/#breadcrumb\"},\"inLanguage\":\"de\",\"potentialAction\":[{\"@type\":\"ReadAction\",\"target\":[\"https:\\\/\\\/www.reseau-mesure.com\\\/en\\\/politique-de-confidentialite\\\/\"]}]},{\"@type\":\"ImageObject\",\"inLanguage\":\"de\",\"@id\":\"https:\\\/\\\/www.reseau-mesure.com\\\/en\\\/politique-de-confidentialite\\\/#primaryimage\",\"url\":\"https:\\\/\\\/www.reseau-mesure.com\\\/wp-content\\\/uploads\\\/2020\\\/02\\\/Plan-de-travail-1conf.png\",\"contentUrl\":\"https:\\\/\\\/www.reseau-mesure.com\\\/wp-content\\\/uploads\\\/2020\\\/02\\\/Plan-de-travail-1conf.png\"},{\"@type\":\"BreadcrumbList\",\"@id\":\"https:\\\/\\\/www.reseau-mesure.com\\\/en\\\/politique-de-confidentialite\\\/#breadcrumb\",\"itemListElement\":[{\"@type\":\"ListItem\",\"position\":1,\"name\":\"Accueil\",\"item\":\"https:\\\/\\\/www.reseau-mesure.com\\\/\"},{\"@type\":\"ListItem\",\"position\":2,\"name\":\"Politique de confidentialit\u00e9\"}]},{\"@type\":\"WebSite\",\"@id\":\"https:\\\/\\\/www.reseau-mesure.com\\\/#website\",\"url\":\"https:\\\/\\\/www.reseau-mesure.com\\\/\",\"name\":\"R\u00e9seau-Mesure\",\"description\":\"R\u00e9seau Mesure\",\"publisher\":{\"@id\":\"https:\\\/\\\/www.reseau-mesure.com\\\/#organization\"},\"potentialAction\":[{\"@type\":\"SearchAction\",\"target\":{\"@type\":\"EntryPoint\",\"urlTemplate\":\"https:\\\/\\\/www.reseau-mesure.com\\\/?s={search_term_string}\"},\"query-input\":{\"@type\":\"PropertyValueSpecification\",\"valueRequired\":true,\"valueName\":\"search_term_string\"}}],\"inLanguage\":\"de\"},{\"@type\":\"Organization\",\"@id\":\"https:\\\/\\\/www.reseau-mesure.com\\\/#organization\",\"name\":\"R\u00e9seau-Mesure\",\"url\":\"https:\\\/\\\/www.reseau-mesure.com\\\/\",\"logo\":{\"@type\":\"ImageObject\",\"inLanguage\":\"de\",\"@id\":\"https:\\\/\\\/www.reseau-mesure.com\\\/#\\\/schema\\\/logo\\\/image\\\/\",\"url\":\"https:\\\/\\\/www.reseau-mesure.com\\\/wp-content\\\/uploads\\\/2018\\\/02\\\/logo-max.png\",\"contentUrl\":\"https:\\\/\\\/www.reseau-mesure.com\\\/wp-content\\\/uploads\\\/2018\\\/02\\\/logo-max.png\",\"width\":545,\"height\":285,\"caption\":\"R\u00e9seau-Mesure\"},\"image\":{\"@id\":\"https:\\\/\\\/www.reseau-mesure.com\\\/#\\\/schema\\\/logo\\\/image\\\/\"},\"sameAs\":[\"https:\\\/\\\/www.facebook.com\\\/reseaumesure\\\/\",\"https:\\\/\\\/x.com\\\/ReseauMesure\",\"https:\\\/\\\/www.linkedin.com\\\/company\\\/reseau-mesure\\\/\"]}]}<\/script>\n<!-- \/ Yoast SEO plugin. -->","yoast_head_json":{"title":"Politique de confidentialit\u00e9 - R\u00e9seau Mesure","description":"Mentions l\u00e9gales su site Internet du R\u00e9seau Mesure. Merci de les lires, il y a toujours des choses int\u00e9ressantes \u00e0 d\u00e9couvrir.","robots":{"index":"index","follow":"follow","max-snippet":"max-snippet:-1","max-image-preview":"max-image-preview:large","max-video-preview":"max-video-preview:-1"},"canonical":"https:\/\/www.reseau-mesure.com\/de\/politique-de-confidentialite\/","og_locale":"de_DE","og_type":"article","og_title":"Politique de confidentialit\u00e9 - R\u00e9seau Mesure","og_description":"Mentions l\u00e9gales su site Internet du R\u00e9seau Mesure. Merci de les lires, il y a toujours des choses int\u00e9ressantes \u00e0 d\u00e9couvrir.","og_url":"https:\/\/www.reseau-mesure.com\/de\/politique-de-confidentialite\/","og_site_name":"R\u00e9seau Mesure","article_publisher":"https:\/\/www.facebook.com\/reseaumesure\/","article_modified_time":"2020-03-03T15:36:37+00:00","og_image":[{"url":"https:\/\/www.reseau-mesure.com\/wp-content\/uploads\/2020\/02\/Plan-de-travail-1conf.png","type":"","width":"","height":""}],"twitter_card":"summary_large_image","twitter_site":"@ReseauMesure","twitter_misc":{"Gesch\u00e4tzte Lesezeit":"9\u00a0Minuten"},"schema":{"@context":"https:\/\/schema.org","@graph":[{"@type":"WebPage","@id":"https:\/\/www.reseau-mesure.com\/en\/politique-de-confidentialite\/","url":"https:\/\/www.reseau-mesure.com\/en\/politique-de-confidentialite\/","name":"Politique de confidentialit\u00e9 - R\u00e9seau Mesure","isPartOf":{"@id":"https:\/\/www.reseau-mesure.com\/#website"},"primaryImageOfPage":{"@id":"https:\/\/www.reseau-mesure.com\/en\/politique-de-confidentialite\/#primaryimage"},"image":{"@id":"https:\/\/www.reseau-mesure.com\/en\/politique-de-confidentialite\/#primaryimage"},"thumbnailUrl":"https:\/\/www.reseau-mesure.com\/wp-content\/uploads\/2020\/02\/Plan-de-travail-1conf.png","datePublished":"2020-02-25T10:50:26+00:00","dateModified":"2020-03-03T15:36:37+00:00","description":"Mentions l\u00e9gales su site Internet du R\u00e9seau Mesure. Merci de les lires, il y a toujours des choses int\u00e9ressantes \u00e0 d\u00e9couvrir.","breadcrumb":{"@id":"https:\/\/www.reseau-mesure.com\/en\/politique-de-confidentialite\/#breadcrumb"},"inLanguage":"de","potentialAction":[{"@type":"ReadAction","target":["https:\/\/www.reseau-mesure.com\/en\/politique-de-confidentialite\/"]}]},{"@type":"ImageObject","inLanguage":"de","@id":"https:\/\/www.reseau-mesure.com\/en\/politique-de-confidentialite\/#primaryimage","url":"https:\/\/www.reseau-mesure.com\/wp-content\/uploads\/2020\/02\/Plan-de-travail-1conf.png","contentUrl":"https:\/\/www.reseau-mesure.com\/wp-content\/uploads\/2020\/02\/Plan-de-travail-1conf.png"},{"@type":"BreadcrumbList","@id":"https:\/\/www.reseau-mesure.com\/en\/politique-de-confidentialite\/#breadcrumb","itemListElement":[{"@type":"ListItem","position":1,"name":"Accueil","item":"https:\/\/www.reseau-mesure.com\/"},{"@type":"ListItem","position":2,"name":"Politique de confidentialit\u00e9"}]},{"@type":"WebSite","@id":"https:\/\/www.reseau-mesure.com\/#website","url":"https:\/\/www.reseau-mesure.com\/","name":"Netzwerk-Messung","description":"Netzwerkma\u00dfnahme","publisher":{"@id":"https:\/\/www.reseau-mesure.com\/#organization"},"potentialAction":[{"@type":"SearchAction","target":{"@type":"EntryPoint","urlTemplate":"https:\/\/www.reseau-mesure.com\/?s={search_term_string}"},"query-input":{"@type":"PropertyValueSpecification","valueRequired":true,"valueName":"search_term_string"}}],"inLanguage":"de"},{"@type":"Organization","@id":"https:\/\/www.reseau-mesure.com\/#organization","name":"Netzwerk-Messung","url":"https:\/\/www.reseau-mesure.com\/","logo":{"@type":"ImageObject","inLanguage":"de","@id":"https:\/\/www.reseau-mesure.com\/#\/schema\/logo\/image\/","url":"https:\/\/www.reseau-mesure.com\/wp-content\/uploads\/2018\/02\/logo-max.png","contentUrl":"https:\/\/www.reseau-mesure.com\/wp-content\/uploads\/2018\/02\/logo-max.png","width":545,"height":285,"caption":"R\u00e9seau-Mesure"},"image":{"@id":"https:\/\/www.reseau-mesure.com\/#\/schema\/logo\/image\/"},"sameAs":["https:\/\/www.facebook.com\/reseaumesure\/","https:\/\/x.com\/ReseauMesure","https:\/\/www.linkedin.com\/company\/reseau-mesure\/"]}]}},"_links":{"self":[{"href":"https:\/\/www.reseau-mesure.com\/de\/wp-json\/wp\/v2\/pages\/9805","targetHints":{"allow":["GET"]}}],"collection":[{"href":"https:\/\/www.reseau-mesure.com\/de\/wp-json\/wp\/v2\/pages"}],"about":[{"href":"https:\/\/www.reseau-mesure.com\/de\/wp-json\/wp\/v2\/types\/page"}],"author":[{"embeddable":true,"href":"https:\/\/www.reseau-mesure.com\/de\/wp-json\/wp\/v2\/users\/685"}],"replies":[{"embeddable":true,"href":"https:\/\/www.reseau-mesure.com\/de\/wp-json\/wp\/v2\/comments?post=9805"}],"version-history":[{"count":0,"href":"https:\/\/www.reseau-mesure.com\/de\/wp-json\/wp\/v2\/pages\/9805\/revisions"}],"wp:attachment":[{"href":"https:\/\/www.reseau-mesure.com\/de\/wp-json\/wp\/v2\/media?parent=9805"}],"curies":[{"name":"wp","href":"https:\/\/api.w.org\/{rel}","templated":true}]}}