{"id":9820,"date":"2020-02-26T16:00:33","date_gmt":"2020-02-26T15:00:33","guid":{"rendered":"https:\/\/www.reseau-mesure.com\/?page_id=9820"},"modified":"2020-02-26T16:03:26","modified_gmt":"2020-02-26T15:03:26","slug":"entretien-professionnel","status":"publish","type":"page","link":"https:\/\/www.reseau-mesure.com\/de\/entretien-professionnel\/","title":{"rendered":"&quot;Professionelles Treffen&quot;"},"content":{"rendered":"<h1><strong>Workshop \u201eBerufsgespr\u00e4ch\u201c.<\/strong><\/h1>\n<h2><strong>Workshop mit APEC organisiert<\/strong><\/h2>\n<ul>\n<li>Legislative Benchmarks<\/li>\n<li>Verstehen Sie die Ziele des professionellen Interviews<\/li>\n<li>Angemessene \u00c4nderungen seit dem Gesetz \u201ef\u00fcr die freie Wahl der beruflichen Zukunft\u201c<\/li>\n<\/ul>\n<p>PROFESSIONELLES INTERVIEW muss alle 2 Jahre von allen Unternehmen unabh\u00e4ngig von ihrer Gr\u00f6\u00dfe (Gesetz von 2014) f\u00fcr alle Mitarbeiter unabh\u00e4ngig von ihrem Arbeitsvertrag durchgef\u00fchrt werden: unbefristeter Vertrag (CDI) oder befristeter Vertrag (CDD), subventionierter Vertrag - Einzelintegrationsvertrag, Arbeitsstudienvertrag usw.<\/p>\n<h3>Ein wichtiger Verwaltungsakt:<\/h3>\n<p>- -<b>Ermittlung der Schl\u00fcsselkompetenzen des Mitarbeiters<\/b>, um Loyalit\u00e4t aufzubauen und ihre Entwicklung im Einklang mit den Bed\u00fcrfnissen der Unternehmen zu unterst\u00fctzen (Wettbewerbsvorteil)<\/p>\n<p>- -<b>Mitarbeitermotivation erhalten&nbsp;<\/b>indem er ihm einen Einblick in Perspektiven und M\u00f6glichkeiten zur beruflichen Weiterentwicklung gibt<\/p>\n<p>- -<b>Den Mitarbeiter in sein Entwicklungsprojekt einbeziehen&nbsp;<\/b>indem er ihm erlaubte, sich in Bezug auf seinen Beruf und andere Berufe zu positionieren, in die er gehen konnte<\/p>\n<p>- -<b>Schulungsbedarf ermitteln&nbsp;<\/b>und den Mitarbeiter unterst\u00fctzen, ob es darum geht, seine F\u00e4higkeiten zu entwickeln oder sie einfach zu aktualisieren<\/p>\n<p>&nbsp;<\/p>\n<p>Nachfolgend finden Sie die Pr\u00e4sentation des Workshops und die Dokumente, die Ihnen helfen k\u00f6nnen:<\/p>\n\t\t\t<a href=\"https:\/\/www.reseau-mesure.com\/wp-content\/uploads\/2020\/02\/DIAPORAMA-Entretien-Professionnel-RESEAU-MESURE-Juillet-2019.pptx\" target=\"_self\" role=\"button\" rel=\"noopener noreferrer\">\n\t\t\t\t\t\t\tSLIDESHOW Professionelles Interview MESSNETZWERK Juli 2019 \n\t\t\t\t\t<\/a>\n\t\t\t<a href=\"https:\/\/www.reseau-mesure.com\/wp-content\/uploads\/2020\/02\/trame-entretien-OPCA-3.pdf\" target=\"_self\" role=\"button\" rel=\"noopener noreferrer\">\n\t\t\t\t\t\t\tWartungsrahmen\n\t\t\t\t\t<\/a>\n\t\t\t<a href=\"https:\/\/www.reseau-mesure.com\/wp-content\/uploads\/2020\/02\/Rep\u00e8res-compl\u00e9mentaires-sur-le-RECONNAISSANCE-APEC.pptx\" target=\"_self\" role=\"button\" rel=\"noopener noreferrer\">\n\t\t\t\t\t\t\tZus\u00e4tzliche Hinweise zur APEC-ANERKENNUNG\n\t\t\t\t\t<\/a>\n\t\t\t<a href=\"https:\/\/www.reseau-mesure.com\/wp-content\/uploads\/2020\/02\/EP_mod\u00e8les_courrier_convocation_EPbiennal-OPCALIA.pdf\" target=\"_self\" role=\"button\" rel=\"noopener noreferrer\">\n\t\t\t\t\t\t\tEinladungsbriefvorlage\n\t\t\t\t\t<\/a>\n\t\t\t<a href=\"https:\/\/www.reseau-mesure.com\/wp-content\/uploads\/2020\/02\/Entretien_professionnel_GRILLE_simplifi\u00e9e_opcalia.pdf\" target=\"_self\" role=\"button\" rel=\"noopener noreferrer\">\n\t\t\t\t\t\t\tProfessional_Maintenance_Simplified_GRILLE_opcalia\n\t\t\t\t\t<\/a>\n\t\t\t<a href=\"https:\/\/www.reseau-mesure.com\/wp-content\/uploads\/2020\/02\/Entretien_professionnel_Etat-des-lieux_Bilan-6-ans_simplifi\u00e9_OPCALIA.pdf\" target=\"_self\" role=\"button\" rel=\"noopener noreferrer\">\n\t\t\t\t\t\t\tProfessional_ interview_State-of-fixtures_Simplified_6-year_summary_OPCALIA\n\t\t\t\t\t<\/a>","protected":false},"excerpt":{"rendered":"<p>Workshop \u201eBerufsgespr\u00e4ch\u201c Workshop organisiert mit APEC Gesetzliche Benchmarks Verstehen der Ziele des Berufsgespr\u00e4chs Angemessenheit der \u00c4nderungen seit dem Gesetz \u201ezur freien Wahl der beruflichen Zukunft\u201c DAS BERUFSGESPR\u00c4CH muss alle 2 Jahre von allen Unternehmen durchgef\u00fchrt werden ihre Gr\u00f6\u00dfe (Gesetz von 2014), f\u00fcr alle\u2026<\/p>","protected":false},"author":685,"featured_media":0,"parent":0,"menu_order":0,"comment_status":"closed","ping_status":"closed","template":"","meta":{"_acf_changed":false,"footnotes":""},"class_list":["post-9820","page","type-page","status-publish","hentry"],"acf":[],"yoast_head":"<!-- This site is optimized with the Yoast SEO plugin v27.4 - https:\/\/yoast.com\/product\/yoast-seo-wordpress\/ -->\n<title>\u00ab Entretien professionnel \u00bb - R\u00e9seau Mesure<\/title>\n<meta name=\"robots\" content=\"index, follow, max-snippet:-1, max-image-preview:large, max-video-preview:-1\" \/>\n<link rel=\"canonical\" href=\"https:\/\/www.reseau-mesure.com\/de\/entretien-professionnel\/\" \/>\n<meta property=\"og:locale\" content=\"de_DE\" \/>\n<meta property=\"og:type\" content=\"article\" \/>\n<meta property=\"og:title\" content=\"\u00ab Entretien professionnel \u00bb - R\u00e9seau Mesure\" \/>\n<meta property=\"og:description\" content=\"Atelier \u00ab&nbsp;Entretien professionnel&nbsp;\u00bb Atelier organis\u00e9 avec l\u2019APEC Rep\u00e8res l\u00e9gislatifs Comprendre les objectifs de l\u2019entretien professionnel S\u2019approprier les changements depuis la loi \u00ab&nbsp;pour la libert\u00e9 de choisir son avenir professionnel&nbsp;\u00bb L\u2019ENTRETIEN PROFESSIONNEL doit \u00eatre obligatoirement mis en place tous les 2 ans par toutes les entreprises, quelle soit leur taille (loi de 2014), pour tous les&hellip;\" \/>\n<meta property=\"og:url\" content=\"https:\/\/www.reseau-mesure.com\/de\/entretien-professionnel\/\" \/>\n<meta property=\"og:site_name\" content=\"R\u00e9seau Mesure\" \/>\n<meta property=\"article:publisher\" content=\"https:\/\/www.facebook.com\/reseaumesure\/\" \/>\n<meta property=\"article:modified_time\" content=\"2020-02-26T15:03:26+00:00\" \/>\n<meta name=\"twitter:card\" content=\"summary_large_image\" \/>\n<meta name=\"twitter:site\" content=\"@ReseauMesure\" \/>\n<meta name=\"twitter:label1\" content=\"Gesch\u00e4tzte Lesezeit\" \/>\n\t<meta name=\"twitter:data1\" content=\"1\u00a0Minute\" \/>\n<script type=\"application\/ld+json\" class=\"yoast-schema-graph\">{\"@context\":\"https:\\\/\\\/schema.org\",\"@graph\":[{\"@type\":\"WebPage\",\"@id\":\"https:\\\/\\\/www.reseau-mesure.com\\\/de\\\/entretien-professionnel\\\/\",\"url\":\"https:\\\/\\\/www.reseau-mesure.com\\\/de\\\/entretien-professionnel\\\/\",\"name\":\"\u00ab Entretien professionnel \u00bb - R\u00e9seau Mesure\",\"isPartOf\":{\"@id\":\"https:\\\/\\\/www.reseau-mesure.com\\\/#website\"},\"datePublished\":\"2020-02-26T15:00:33+00:00\",\"dateModified\":\"2020-02-26T15:03:26+00:00\",\"breadcrumb\":{\"@id\":\"https:\\\/\\\/www.reseau-mesure.com\\\/de\\\/entretien-professionnel\\\/#breadcrumb\"},\"inLanguage\":\"de\",\"potentialAction\":[{\"@type\":\"ReadAction\",\"target\":[\"https:\\\/\\\/www.reseau-mesure.com\\\/de\\\/entretien-professionnel\\\/\"]}]},{\"@type\":\"BreadcrumbList\",\"@id\":\"https:\\\/\\\/www.reseau-mesure.com\\\/de\\\/entretien-professionnel\\\/#breadcrumb\",\"itemListElement\":[{\"@type\":\"ListItem\",\"position\":1,\"name\":\"Accueil\",\"item\":\"https:\\\/\\\/www.reseau-mesure.com\\\/\"},{\"@type\":\"ListItem\",\"position\":2,\"name\":\"\u00ab Entretien professionnel \u00bb\"}]},{\"@type\":\"WebSite\",\"@id\":\"https:\\\/\\\/www.reseau-mesure.com\\\/#website\",\"url\":\"https:\\\/\\\/www.reseau-mesure.com\\\/\",\"name\":\"R\u00e9seau-Mesure\",\"description\":\"R\u00e9seau Mesure\",\"publisher\":{\"@id\":\"https:\\\/\\\/www.reseau-mesure.com\\\/#organization\"},\"potentialAction\":[{\"@type\":\"SearchAction\",\"target\":{\"@type\":\"EntryPoint\",\"urlTemplate\":\"https:\\\/\\\/www.reseau-mesure.com\\\/?s={search_term_string}\"},\"query-input\":{\"@type\":\"PropertyValueSpecification\",\"valueRequired\":true,\"valueName\":\"search_term_string\"}}],\"inLanguage\":\"de\"},{\"@type\":\"Organization\",\"@id\":\"https:\\\/\\\/www.reseau-mesure.com\\\/#organization\",\"name\":\"R\u00e9seau-Mesure\",\"url\":\"https:\\\/\\\/www.reseau-mesure.com\\\/\",\"logo\":{\"@type\":\"ImageObject\",\"inLanguage\":\"de\",\"@id\":\"https:\\\/\\\/www.reseau-mesure.com\\\/#\\\/schema\\\/logo\\\/image\\\/\",\"url\":\"https:\\\/\\\/www.reseau-mesure.com\\\/wp-content\\\/uploads\\\/2018\\\/02\\\/logo-max.png\",\"contentUrl\":\"https:\\\/\\\/www.reseau-mesure.com\\\/wp-content\\\/uploads\\\/2018\\\/02\\\/logo-max.png\",\"width\":545,\"height\":285,\"caption\":\"R\u00e9seau-Mesure\"},\"image\":{\"@id\":\"https:\\\/\\\/www.reseau-mesure.com\\\/#\\\/schema\\\/logo\\\/image\\\/\"},\"sameAs\":[\"https:\\\/\\\/www.facebook.com\\\/reseaumesure\\\/\",\"https:\\\/\\\/x.com\\\/ReseauMesure\",\"https:\\\/\\\/www.linkedin.com\\\/company\\\/reseau-mesure\\\/\"]}]}<\/script>\n<!-- \/ Yoast SEO plugin. -->","yoast_head_json":{"title":"\u00ab Entretien professionnel \u00bb - R\u00e9seau Mesure","robots":{"index":"index","follow":"follow","max-snippet":"max-snippet:-1","max-image-preview":"max-image-preview:large","max-video-preview":"max-video-preview:-1"},"canonical":"https:\/\/www.reseau-mesure.com\/de\/entretien-professionnel\/","og_locale":"de_DE","og_type":"article","og_title":"\u00ab Entretien professionnel \u00bb - R\u00e9seau Mesure","og_description":"Atelier \u00ab&nbsp;Entretien professionnel&nbsp;\u00bb Atelier organis\u00e9 avec l\u2019APEC Rep\u00e8res l\u00e9gislatifs Comprendre les objectifs de l\u2019entretien professionnel S\u2019approprier les changements depuis la loi \u00ab&nbsp;pour la libert\u00e9 de choisir son avenir professionnel&nbsp;\u00bb L\u2019ENTRETIEN PROFESSIONNEL doit \u00eatre obligatoirement mis en place tous les 2 ans par toutes les entreprises, quelle soit leur taille (loi de 2014), pour tous les&hellip;","og_url":"https:\/\/www.reseau-mesure.com\/de\/entretien-professionnel\/","og_site_name":"R\u00e9seau Mesure","article_publisher":"https:\/\/www.facebook.com\/reseaumesure\/","article_modified_time":"2020-02-26T15:03:26+00:00","twitter_card":"summary_large_image","twitter_site":"@ReseauMesure","twitter_misc":{"Gesch\u00e4tzte Lesezeit":"1\u00a0Minute"},"schema":{"@context":"https:\/\/schema.org","@graph":[{"@type":"WebPage","@id":"https:\/\/www.reseau-mesure.com\/de\/entretien-professionnel\/","url":"https:\/\/www.reseau-mesure.com\/de\/entretien-professionnel\/","name":"\u00ab Entretien professionnel \u00bb - R\u00e9seau Mesure","isPartOf":{"@id":"https:\/\/www.reseau-mesure.com\/#website"},"datePublished":"2020-02-26T15:00:33+00:00","dateModified":"2020-02-26T15:03:26+00:00","breadcrumb":{"@id":"https:\/\/www.reseau-mesure.com\/de\/entretien-professionnel\/#breadcrumb"},"inLanguage":"de","potentialAction":[{"@type":"ReadAction","target":["https:\/\/www.reseau-mesure.com\/de\/entretien-professionnel\/"]}]},{"@type":"BreadcrumbList","@id":"https:\/\/www.reseau-mesure.com\/de\/entretien-professionnel\/#breadcrumb","itemListElement":[{"@type":"ListItem","position":1,"name":"Accueil","item":"https:\/\/www.reseau-mesure.com\/"},{"@type":"ListItem","position":2,"name":"\u00ab Entretien professionnel \u00bb"}]},{"@type":"WebSite","@id":"https:\/\/www.reseau-mesure.com\/#website","url":"https:\/\/www.reseau-mesure.com\/","name":"Netzwerk-Messung","description":"Netzwerkma\u00dfnahme","publisher":{"@id":"https:\/\/www.reseau-mesure.com\/#organization"},"potentialAction":[{"@type":"SearchAction","target":{"@type":"EntryPoint","urlTemplate":"https:\/\/www.reseau-mesure.com\/?s={search_term_string}"},"query-input":{"@type":"PropertyValueSpecification","valueRequired":true,"valueName":"search_term_string"}}],"inLanguage":"de"},{"@type":"Organization","@id":"https:\/\/www.reseau-mesure.com\/#organization","name":"Netzwerk-Messung","url":"https:\/\/www.reseau-mesure.com\/","logo":{"@type":"ImageObject","inLanguage":"de","@id":"https:\/\/www.reseau-mesure.com\/#\/schema\/logo\/image\/","url":"https:\/\/www.reseau-mesure.com\/wp-content\/uploads\/2018\/02\/logo-max.png","contentUrl":"https:\/\/www.reseau-mesure.com\/wp-content\/uploads\/2018\/02\/logo-max.png","width":545,"height":285,"caption":"R\u00e9seau-Mesure"},"image":{"@id":"https:\/\/www.reseau-mesure.com\/#\/schema\/logo\/image\/"},"sameAs":["https:\/\/www.facebook.com\/reseaumesure\/","https:\/\/x.com\/ReseauMesure","https:\/\/www.linkedin.com\/company\/reseau-mesure\/"]}]}},"_links":{"self":[{"href":"https:\/\/www.reseau-mesure.com\/de\/wp-json\/wp\/v2\/pages\/9820","targetHints":{"allow":["GET"]}}],"collection":[{"href":"https:\/\/www.reseau-mesure.com\/de\/wp-json\/wp\/v2\/pages"}],"about":[{"href":"https:\/\/www.reseau-mesure.com\/de\/wp-json\/wp\/v2\/types\/page"}],"author":[{"embeddable":true,"href":"https:\/\/www.reseau-mesure.com\/de\/wp-json\/wp\/v2\/users\/685"}],"replies":[{"embeddable":true,"href":"https:\/\/www.reseau-mesure.com\/de\/wp-json\/wp\/v2\/comments?post=9820"}],"version-history":[{"count":0,"href":"https:\/\/www.reseau-mesure.com\/de\/wp-json\/wp\/v2\/pages\/9820\/revisions"}],"wp:attachment":[{"href":"https:\/\/www.reseau-mesure.com\/de\/wp-json\/wp\/v2\/media?parent=9820"}],"curies":[{"name":"wp","href":"https:\/\/api.w.org\/{rel}","templated":true}]}}