{"id":10418,"date":"2020-05-26T18:04:34","date_gmt":"2020-05-26T16:04:34","guid":{"rendered":"https:\/\/www.reseau-mesure.com\/?page_id=10418"},"modified":"2021-09-07T09:08:07","modified_gmt":"2021-09-07T07:08:07","slug":"measurement-world-2021-lyon","status":"publish","type":"page","link":"https:\/\/www.reseau-mesure.com\/en\/measurement-world-2021-lyon\/","title":{"rendered":"Measurement World 2021"},"content":{"rendered":"<h1>\n\t\tMeasurement World 2021\n\t<\/h1>\n\t\t\t\t<img loading=\"lazy\" decoding=\"async\" src=\"https:\/\/www.reseau-mesure.com\/wp-content\/uploads\/2018\/06\/MEASUREMENT_WORLD-HAUTEUR-e1530094801348.jpg\" alt=\"MEASUREMENT WORLD\" itemprop=\"image\" height=\"268\" width=\"300\" title=\"MEASUREMENT WORLD-HAUTEUR\" onerror=\"this.style.display='none'\"  \/>\n\t<h2>MEASUREMENT WORLD 2021, from September 6 to 9, 2021 at Eurexpo Lyon, is positioned as the international technological meeting for measurement!<\/h2>\n<h2><\/h2>\n<h3>Measurement World was born from an ambition unique in Europe: to create an exhibition focused on Measurement, with an international scope, to bring together all the players in the sector and promote French and European technological know-how.<\/h3>\n<p>&nbsp;<\/p>\n<h3><strong>Discover the innovations presented by members of the Measurement Network:<\/strong><\/h3>\n<ul>\n<li>\n\n<\/li>\n<li><a title=\"CETIAT: a new dynamic calibration method that is more representative of usage for flowmeters and water meters.\" href=\"https:\/\/www.reseau-mesure.com\/en\/le-cetiat-propose-un-banc-dessai-et-detalonnage-en-niveaumetrie-de-liquide-2\/\" rel=\"bookmark\">CETIAT: a new dynamic calibration method more representative of usage for flowmeters and water meters.<\/a><\/li>\n<li><a title=\"JM CONCEPT will showcase its signal conditioning devices on Measurement World\" href=\"https:\/\/www.reseau-mesure.com\/en\/dispositifs-de-conditionnement-de-signaux\/\" rel=\"bookmark\">JM CONCEPT will showcase its signal conditioning devices on Measurement World<\/a><\/li>\n<li><a title=\"Meatest and ACALIME present a new 9010 35 ppm Multifunction Laboratory Calibrator\" href=\"https:\/\/www.reseau-mesure.com\/en\/meatest-et-acalime\/\" rel=\"bookmark\">Meatest and ACALIME present a new 9010 35 ppm Multifunction Laboratory Calibrator<\/a><\/li>\n<li>\n\n<\/li>\n<li>\n\n<\/li>\n<li>\n\n<\/li>\n<li>\n\n<\/li>\n<li>\n\n<\/li>\n<li>\n\n<\/li>\n<li>\n\n<\/li>\n<li>\n\n<\/li>\n<li>\n\n<\/li>\n<li>\n\n<\/li>\n<li>\n\n<\/li>\n<li>\n\n<\/li>\n<li>\n\n<\/li>\n<li>\n\n<\/li>\n<li>\n\n<\/li>\n<li>\n\n<\/li>\n<li>\n\n<\/li>\n<li>\n\n<\/li>\n<\/ul>\n\n<p>&nbsp;<\/p>\n<p>&nbsp;<\/p>\n\n\n\n<p>The merger at the same dates and location of GLOBAL INDUSTRIE, MEASUREMENT WORLD and CIM2021 (International Metrology Congress) offers decisive synergy opportunities.<\/p>\n<p>These events all three tackle, with different orientations, the themes of Industry 4.0. Visitors, exhibitors, organizers and certain partners are common to the 3 events.<\/p>\n\n<p>The CIM (International Congress of Metrology), organized by the CFM, is an event dedicated to good industrial practices and R&amp;D applied to measurement, analysis and testing processes.<\/p>\n<p>It is oriented in 2021 around 3 application axes: Industry 4.0, Green Deal and Health. The conferences cover all technical sectors (mechanics, electromagnetism, flow, temperature, photonics, chemistry, biology\u2026) but also measurement processes: data, AI, quality, accreditation, compliance and risk, cost optimization\u2026.<\/p>\n<p>CIM round tables deal with topical issues:<\/p>\n<p>1. Metrology in the digital age<\/p>\n<p>2. The challenges of on-site measurements<\/p>\n<p>3. Health and metrology: a common challenge<\/p>\n<p>4. Industrial emissions<\/p>\n<p>5. The skills of future metrologists<\/p>\n\n\t\t\t<a href=\"https:\/\/www.measurement-world.com\/fr\/presentation\" target=\"_self\" role=\"button\" rel=\"noopener\">\n\t\t\t\t\t\t\tLog in to Measurement World\n\t\t\t\t\t<\/a>","protected":false},"excerpt":{"rendered":"<p>Measurement World 2021 MEASUREMENT WORLD 2021, from September 6 to 9, 2021 at Eurexpo Lyon, is positioned as the international technological meeting place for measurement! Measurement World was born from an ambition unique in Europe: to create an exhibition focused on Measurement, with an international scope, to bring together all the players in the sector and promote\u2026<\/p>","protected":false},"author":685,"featured_media":0,"parent":0,"menu_order":0,"comment_status":"closed","ping_status":"closed","template":"","meta":{"_acf_changed":false,"footnotes":""},"class_list":["post-10418","page","type-page","status-publish","hentry"],"acf":[],"yoast_head":"<!-- This site is optimized with the Yoast SEO plugin v27.4 - https:\/\/yoast.com\/product\/yoast-seo-wordpress\/ -->\n<title>Measurement World 2021 - Lyon - R\u00e9seau Mesure<\/title>\n<meta name=\"description\" content=\"Participez au salon Measurement World 2021 \u00e0 Lyon du 6 au 9 septembre \u00e0 Lyon. Le rendez-vous incontournable des professionnels de la mesure.\" \/>\n<meta name=\"robots\" content=\"index, follow, max-snippet:-1, max-image-preview:large, max-video-preview:-1\" \/>\n<link rel=\"canonical\" href=\"https:\/\/www.reseau-mesure.com\/en\/measurement-world-2021-lyon\/\" \/>\n<meta property=\"og:locale\" content=\"en_US\" \/>\n<meta property=\"og:type\" content=\"article\" \/>\n<meta property=\"og:title\" content=\"Measurement World 2021 - Lyon - R\u00e9seau Mesure\" \/>\n<meta property=\"og:description\" content=\"Participez au salon Measurement World 2021 \u00e0 Lyon du 6 au 9 septembre \u00e0 Lyon. Le rendez-vous incontournable des professionnels de la mesure.\" \/>\n<meta property=\"og:url\" content=\"https:\/\/www.reseau-mesure.com\/en\/measurement-world-2021-lyon\/\" \/>\n<meta property=\"og:site_name\" content=\"R\u00e9seau Mesure\" \/>\n<meta property=\"article:publisher\" content=\"https:\/\/www.facebook.com\/reseaumesure\/\" \/>\n<meta property=\"article:modified_time\" content=\"2021-09-07T07:08:07+00:00\" \/>\n<meta property=\"og:image\" content=\"https:\/\/www.reseau-mesure.com\/wp-content\/uploads\/2018\/06\/MEASUREMENT_WORLD-HAUTEUR-e1530094801348.jpg\" \/>\n<meta name=\"twitter:card\" content=\"summary_large_image\" \/>\n<meta name=\"twitter:site\" content=\"@ReseauMesure\" \/>\n<meta name=\"twitter:label1\" content=\"Est. reading time\" \/>\n\t<meta name=\"twitter:data1\" content=\"3 minutes\" \/>\n<script type=\"application\/ld+json\" class=\"yoast-schema-graph\">{\"@context\":\"https:\\\/\\\/schema.org\",\"@graph\":[{\"@type\":\"WebPage\",\"@id\":\"https:\\\/\\\/www.reseau-mesure.com\\\/measurement-world-2021-lyon\\\/\",\"url\":\"https:\\\/\\\/www.reseau-mesure.com\\\/measurement-world-2021-lyon\\\/\",\"name\":\"Measurement World 2021 - Lyon - R\u00e9seau Mesure\",\"isPartOf\":{\"@id\":\"https:\\\/\\\/www.reseau-mesure.com\\\/#website\"},\"primaryImageOfPage\":{\"@id\":\"https:\\\/\\\/www.reseau-mesure.com\\\/measurement-world-2021-lyon\\\/#primaryimage\"},\"image\":{\"@id\":\"https:\\\/\\\/www.reseau-mesure.com\\\/measurement-world-2021-lyon\\\/#primaryimage\"},\"thumbnailUrl\":\"https:\\\/\\\/www.reseau-mesure.com\\\/wp-content\\\/uploads\\\/2018\\\/06\\\/MEASUREMENT_WORLD-HAUTEUR-e1530094801348.jpg\",\"datePublished\":\"2020-05-26T16:04:34+00:00\",\"dateModified\":\"2021-09-07T07:08:07+00:00\",\"description\":\"Participez au salon Measurement World 2021 \u00e0 Lyon du 6 au 9 septembre \u00e0 Lyon. Le rendez-vous incontournable des professionnels de la mesure.\",\"breadcrumb\":{\"@id\":\"https:\\\/\\\/www.reseau-mesure.com\\\/measurement-world-2021-lyon\\\/#breadcrumb\"},\"inLanguage\":\"en-US\",\"potentialAction\":[{\"@type\":\"ReadAction\",\"target\":[\"https:\\\/\\\/www.reseau-mesure.com\\\/measurement-world-2021-lyon\\\/\"]}]},{\"@type\":\"ImageObject\",\"inLanguage\":\"en-US\",\"@id\":\"https:\\\/\\\/www.reseau-mesure.com\\\/measurement-world-2021-lyon\\\/#primaryimage\",\"url\":\"https:\\\/\\\/www.reseau-mesure.com\\\/wp-content\\\/uploads\\\/2018\\\/06\\\/MEASUREMENT_WORLD-HAUTEUR-e1530094801348.jpg\",\"contentUrl\":\"https:\\\/\\\/www.reseau-mesure.com\\\/wp-content\\\/uploads\\\/2018\\\/06\\\/MEASUREMENT_WORLD-HAUTEUR-e1530094801348.jpg\"},{\"@type\":\"BreadcrumbList\",\"@id\":\"https:\\\/\\\/www.reseau-mesure.com\\\/measurement-world-2021-lyon\\\/#breadcrumb\",\"itemListElement\":[{\"@type\":\"ListItem\",\"position\":1,\"name\":\"Accueil\",\"item\":\"https:\\\/\\\/www.reseau-mesure.com\\\/\"},{\"@type\":\"ListItem\",\"position\":2,\"name\":\"Measurement World 2021\"}]},{\"@type\":\"WebSite\",\"@id\":\"https:\\\/\\\/www.reseau-mesure.com\\\/#website\",\"url\":\"https:\\\/\\\/www.reseau-mesure.com\\\/\",\"name\":\"R\u00e9seau-Mesure\",\"description\":\"R\u00e9seau Mesure\",\"publisher\":{\"@id\":\"https:\\\/\\\/www.reseau-mesure.com\\\/#organization\"},\"potentialAction\":[{\"@type\":\"SearchAction\",\"target\":{\"@type\":\"EntryPoint\",\"urlTemplate\":\"https:\\\/\\\/www.reseau-mesure.com\\\/?s={search_term_string}\"},\"query-input\":{\"@type\":\"PropertyValueSpecification\",\"valueRequired\":true,\"valueName\":\"search_term_string\"}}],\"inLanguage\":\"en-US\"},{\"@type\":\"Organization\",\"@id\":\"https:\\\/\\\/www.reseau-mesure.com\\\/#organization\",\"name\":\"R\u00e9seau-Mesure\",\"url\":\"https:\\\/\\\/www.reseau-mesure.com\\\/\",\"logo\":{\"@type\":\"ImageObject\",\"inLanguage\":\"en-US\",\"@id\":\"https:\\\/\\\/www.reseau-mesure.com\\\/#\\\/schema\\\/logo\\\/image\\\/\",\"url\":\"https:\\\/\\\/www.reseau-mesure.com\\\/wp-content\\\/uploads\\\/2018\\\/02\\\/logo-max.png\",\"contentUrl\":\"https:\\\/\\\/www.reseau-mesure.com\\\/wp-content\\\/uploads\\\/2018\\\/02\\\/logo-max.png\",\"width\":545,\"height\":285,\"caption\":\"R\u00e9seau-Mesure\"},\"image\":{\"@id\":\"https:\\\/\\\/www.reseau-mesure.com\\\/#\\\/schema\\\/logo\\\/image\\\/\"},\"sameAs\":[\"https:\\\/\\\/www.facebook.com\\\/reseaumesure\\\/\",\"https:\\\/\\\/x.com\\\/ReseauMesure\",\"https:\\\/\\\/www.linkedin.com\\\/company\\\/reseau-mesure\\\/\"]}]}<\/script>\n<!-- \/ Yoast SEO plugin. -->","yoast_head_json":{"title":"Measurement World 2021 - Lyon - R\u00e9seau Mesure","description":"Participez au salon Measurement World 2021 \u00e0 Lyon du 6 au 9 septembre \u00e0 Lyon. Le rendez-vous incontournable des professionnels de la mesure.","robots":{"index":"index","follow":"follow","max-snippet":"max-snippet:-1","max-image-preview":"max-image-preview:large","max-video-preview":"max-video-preview:-1"},"canonical":"https:\/\/www.reseau-mesure.com\/en\/measurement-world-2021-lyon\/","og_locale":"en_US","og_type":"article","og_title":"Measurement World 2021 - Lyon - R\u00e9seau Mesure","og_description":"Participez au salon Measurement World 2021 \u00e0 Lyon du 6 au 9 septembre \u00e0 Lyon. Le rendez-vous incontournable des professionnels de la mesure.","og_url":"https:\/\/www.reseau-mesure.com\/en\/measurement-world-2021-lyon\/","og_site_name":"R\u00e9seau Mesure","article_publisher":"https:\/\/www.facebook.com\/reseaumesure\/","article_modified_time":"2021-09-07T07:08:07+00:00","og_image":[{"url":"https:\/\/www.reseau-mesure.com\/wp-content\/uploads\/2018\/06\/MEASUREMENT_WORLD-HAUTEUR-e1530094801348.jpg","type":"","width":"","height":""}],"twitter_card":"summary_large_image","twitter_site":"@ReseauMesure","twitter_misc":{"Est. reading time":"3 minutes"},"schema":{"@context":"https:\/\/schema.org","@graph":[{"@type":"WebPage","@id":"https:\/\/www.reseau-mesure.com\/measurement-world-2021-lyon\/","url":"https:\/\/www.reseau-mesure.com\/measurement-world-2021-lyon\/","name":"Measurement World 2021 - Lyon - R\u00e9seau Mesure","isPartOf":{"@id":"https:\/\/www.reseau-mesure.com\/#website"},"primaryImageOfPage":{"@id":"https:\/\/www.reseau-mesure.com\/measurement-world-2021-lyon\/#primaryimage"},"image":{"@id":"https:\/\/www.reseau-mesure.com\/measurement-world-2021-lyon\/#primaryimage"},"thumbnailUrl":"https:\/\/www.reseau-mesure.com\/wp-content\/uploads\/2018\/06\/MEASUREMENT_WORLD-HAUTEUR-e1530094801348.jpg","datePublished":"2020-05-26T16:04:34+00:00","dateModified":"2021-09-07T07:08:07+00:00","description":"Participez au salon Measurement World 2021 \u00e0 Lyon du 6 au 9 septembre \u00e0 Lyon. Le rendez-vous incontournable des professionnels de la mesure.","breadcrumb":{"@id":"https:\/\/www.reseau-mesure.com\/measurement-world-2021-lyon\/#breadcrumb"},"inLanguage":"en-US","potentialAction":[{"@type":"ReadAction","target":["https:\/\/www.reseau-mesure.com\/measurement-world-2021-lyon\/"]}]},{"@type":"ImageObject","inLanguage":"en-US","@id":"https:\/\/www.reseau-mesure.com\/measurement-world-2021-lyon\/#primaryimage","url":"https:\/\/www.reseau-mesure.com\/wp-content\/uploads\/2018\/06\/MEASUREMENT_WORLD-HAUTEUR-e1530094801348.jpg","contentUrl":"https:\/\/www.reseau-mesure.com\/wp-content\/uploads\/2018\/06\/MEASUREMENT_WORLD-HAUTEUR-e1530094801348.jpg"},{"@type":"BreadcrumbList","@id":"https:\/\/www.reseau-mesure.com\/measurement-world-2021-lyon\/#breadcrumb","itemListElement":[{"@type":"ListItem","position":1,"name":"Accueil","item":"https:\/\/www.reseau-mesure.com\/"},{"@type":"ListItem","position":2,"name":"Measurement World 2021"}]},{"@type":"WebSite","@id":"https:\/\/www.reseau-mesure.com\/#website","url":"https:\/\/www.reseau-mesure.com\/","name":"R\u00e9seau-Mesure","description":"Network Measure","publisher":{"@id":"https:\/\/www.reseau-mesure.com\/#organization"},"potentialAction":[{"@type":"SearchAction","target":{"@type":"EntryPoint","urlTemplate":"https:\/\/www.reseau-mesure.com\/?s={search_term_string}"},"query-input":{"@type":"PropertyValueSpecification","valueRequired":true,"valueName":"search_term_string"}}],"inLanguage":"en-US"},{"@type":"Organization","@id":"https:\/\/www.reseau-mesure.com\/#organization","name":"R\u00e9seau-Mesure","url":"https:\/\/www.reseau-mesure.com\/","logo":{"@type":"ImageObject","inLanguage":"en-US","@id":"https:\/\/www.reseau-mesure.com\/#\/schema\/logo\/image\/","url":"https:\/\/www.reseau-mesure.com\/wp-content\/uploads\/2018\/02\/logo-max.png","contentUrl":"https:\/\/www.reseau-mesure.com\/wp-content\/uploads\/2018\/02\/logo-max.png","width":545,"height":285,"caption":"R\u00e9seau-Mesure"},"image":{"@id":"https:\/\/www.reseau-mesure.com\/#\/schema\/logo\/image\/"},"sameAs":["https:\/\/www.facebook.com\/reseaumesure\/","https:\/\/x.com\/ReseauMesure","https:\/\/www.linkedin.com\/company\/reseau-mesure\/"]}]}},"_links":{"self":[{"href":"https:\/\/www.reseau-mesure.com\/en\/wp-json\/wp\/v2\/pages\/10418","targetHints":{"allow":["GET"]}}],"collection":[{"href":"https:\/\/www.reseau-mesure.com\/en\/wp-json\/wp\/v2\/pages"}],"about":[{"href":"https:\/\/www.reseau-mesure.com\/en\/wp-json\/wp\/v2\/types\/page"}],"author":[{"embeddable":true,"href":"https:\/\/www.reseau-mesure.com\/en\/wp-json\/wp\/v2\/users\/685"}],"replies":[{"embeddable":true,"href":"https:\/\/www.reseau-mesure.com\/en\/wp-json\/wp\/v2\/comments?post=10418"}],"version-history":[{"count":0,"href":"https:\/\/www.reseau-mesure.com\/en\/wp-json\/wp\/v2\/pages\/10418\/revisions"}],"wp:attachment":[{"href":"https:\/\/www.reseau-mesure.com\/en\/wp-json\/wp\/v2\/media?parent=10418"}],"curies":[{"name":"wp","href":"https:\/\/api.w.org\/{rel}","templated":true}]}}