{"id":10595,"date":"2020-07-03T11:53:31","date_gmt":"2020-07-03T09:53:31","guid":{"rendered":"https:\/\/www.reseau-mesure.com\/?page_id=10595"},"modified":"2020-07-03T11:53:31","modified_gmt":"2020-07-03T09:53:31","slug":"innovations-anael","status":"publish","type":"page","link":"https:\/\/www.reseau-mesure.com\/en\/innovations-anael\/","title":{"rendered":"ANAEL INNOVATIONS"},"content":{"rendered":"<img loading=\"lazy\" decoding=\"async\" src=\"https:\/\/www.reseau-mesure.com\/wp-content\/uploads\/2018\/02\/anael.gif\" alt=\"anael\" itemprop=\"image\" height=\"140\" width=\"250\" title=\"anael\" onerror=\"this.style.display='none'\"  \/>\n\t<p><strong>ANAEL&#039;S INNOVATIONS\u00a0 <\/strong><\/p>\n<p><strong>presented on the<\/strong><\/p>\n<p><strong> Salon Measures Solutions EXPO2020<\/strong><\/p>\n\t<ul>\n<li><strong><a href=\"https:\/\/www.reseau-mesure.com\/wp-content\/uploads\/2020\/07\/ANAEL-2-formulaire-innovation-ANAEL-INSTRAN.pdf\" target=\"_blank\" rel=\"noopener noreferrer\">INSTRAN - Chemical automaton<\/a><\/strong><\/li>\n<\/ul>\n\t<ul>\n<li><strong><a href=\"https:\/\/www.reseau-mesure.com\/wp-content\/uploads\/2020\/07\/ANAEL-1-formulaire-innovation-ANAEL-FLUORIMETRE-PHOTOMETRE.pdf\" target=\"_blank\" rel=\"noopener noreferrer\">PHOTOMETER FLUORIMETER<\/a><\/strong><\/li>\n<\/ul>\n\t<ul>\n<li><strong><a href=\"https:\/\/www.reseau-mesure.com\/wp-content\/uploads\/2020\/07\/ANAEL-3-formulaire-innovation-ANAEL-ROW.pdf\" target=\"_blank\" rel=\"noopener noreferrer\">ROW hydrocarbon detector<\/a><\/strong><\/li>\n<\/ul>\n\t<ul>\n<li><a href=\"https:\/\/www.reseau-mesure.com\/wp-content\/uploads\/2020\/07\/ANAEL-4formulaire-innovation-ANAEL-REFRACTOMETRE.pdf\" target=\"_blank\" rel=\"noopener noreferrer\"><strong>Refractometers PR-43-G<\/strong><\/a><\/li>\n<\/ul>","protected":false},"excerpt":{"rendered":"<p>ANAEL&#039;S INNOVATIONS presented at the Measurement Solutions Exhibition EXPO2020 INSTRAN - Chemical automaton FLUORIMETER PHOTOMETER Hydrocarbon detector ROW Refractometers PR-43-G<\/p>","protected":false},"author":349,"featured_media":0,"parent":0,"menu_order":0,"comment_status":"closed","ping_status":"closed","template":"","meta":{"_acf_changed":false,"footnotes":""},"class_list":["post-10595","page","type-page","status-publish","hentry"],"acf":[],"yoast_head":"<!-- This site is optimized with the Yoast SEO plugin v27.4 - https:\/\/yoast.com\/product\/yoast-seo-wordpress\/ -->\n<title>INNOVATIONS ANAEL - R\u00e9seau Mesure<\/title>\n<meta name=\"robots\" content=\"index, follow, max-snippet:-1, max-image-preview:large, max-video-preview:-1\" \/>\n<link rel=\"canonical\" href=\"https:\/\/www.reseau-mesure.com\/en\/innovations-anael\/\" \/>\n<meta property=\"og:locale\" content=\"en_US\" \/>\n<meta property=\"og:type\" content=\"article\" \/>\n<meta property=\"og:title\" content=\"INNOVATIONS ANAEL - R\u00e9seau Mesure\" \/>\n<meta property=\"og:description\" content=\"LES INNOVATIONS D&rsquo;ANAEL\u00a0 pr\u00e9sent\u00e9es sur le Salon Mesures Solutions EXPO2020 INSTRAN &#8211; Automate chimique FLUORIMETRE PHOTOMETRE D\u00e9tecteur d&rsquo;hydrocarbures ROW R\u00e9fractom\u00e8tres PR-43-G\" \/>\n<meta property=\"og:url\" content=\"https:\/\/www.reseau-mesure.com\/en\/innovations-anael\/\" \/>\n<meta property=\"og:site_name\" content=\"R\u00e9seau Mesure\" \/>\n<meta property=\"article:publisher\" content=\"https:\/\/www.facebook.com\/reseaumesure\/\" \/>\n<meta property=\"og:image\" content=\"https:\/\/www.reseau-mesure.com\/wp-content\/uploads\/2018\/02\/anael.gif\" \/>\n<meta name=\"twitter:card\" content=\"summary_large_image\" \/>\n<meta name=\"twitter:site\" content=\"@ReseauMesure\" \/>\n<script type=\"application\/ld+json\" class=\"yoast-schema-graph\">{\"@context\":\"https:\\\/\\\/schema.org\",\"@graph\":[{\"@type\":\"WebPage\",\"@id\":\"https:\\\/\\\/www.reseau-mesure.com\\\/de\\\/innovations-anael\\\/\",\"url\":\"https:\\\/\\\/www.reseau-mesure.com\\\/de\\\/innovations-anael\\\/\",\"name\":\"INNOVATIONS ANAEL - R\u00e9seau Mesure\",\"isPartOf\":{\"@id\":\"https:\\\/\\\/www.reseau-mesure.com\\\/#website\"},\"primaryImageOfPage\":{\"@id\":\"https:\\\/\\\/www.reseau-mesure.com\\\/de\\\/innovations-anael\\\/#primaryimage\"},\"image\":{\"@id\":\"https:\\\/\\\/www.reseau-mesure.com\\\/de\\\/innovations-anael\\\/#primaryimage\"},\"thumbnailUrl\":\"https:\\\/\\\/www.reseau-mesure.com\\\/wp-content\\\/uploads\\\/2018\\\/02\\\/anael.gif\",\"datePublished\":\"2020-07-03T09:53:31+00:00\",\"breadcrumb\":{\"@id\":\"https:\\\/\\\/www.reseau-mesure.com\\\/de\\\/innovations-anael\\\/#breadcrumb\"},\"inLanguage\":\"en-US\",\"potentialAction\":[{\"@type\":\"ReadAction\",\"target\":[\"https:\\\/\\\/www.reseau-mesure.com\\\/de\\\/innovations-anael\\\/\"]}]},{\"@type\":\"ImageObject\",\"inLanguage\":\"en-US\",\"@id\":\"https:\\\/\\\/www.reseau-mesure.com\\\/de\\\/innovations-anael\\\/#primaryimage\",\"url\":\"https:\\\/\\\/www.reseau-mesure.com\\\/wp-content\\\/uploads\\\/2018\\\/02\\\/anael.gif\",\"contentUrl\":\"https:\\\/\\\/www.reseau-mesure.com\\\/wp-content\\\/uploads\\\/2018\\\/02\\\/anael.gif\"},{\"@type\":\"BreadcrumbList\",\"@id\":\"https:\\\/\\\/www.reseau-mesure.com\\\/de\\\/innovations-anael\\\/#breadcrumb\",\"itemListElement\":[{\"@type\":\"ListItem\",\"position\":1,\"name\":\"Accueil\",\"item\":\"https:\\\/\\\/www.reseau-mesure.com\\\/\"},{\"@type\":\"ListItem\",\"position\":2,\"name\":\"INNOVATIONS ANAEL\"}]},{\"@type\":\"WebSite\",\"@id\":\"https:\\\/\\\/www.reseau-mesure.com\\\/#website\",\"url\":\"https:\\\/\\\/www.reseau-mesure.com\\\/\",\"name\":\"R\u00e9seau-Mesure\",\"description\":\"R\u00e9seau Mesure\",\"publisher\":{\"@id\":\"https:\\\/\\\/www.reseau-mesure.com\\\/#organization\"},\"potentialAction\":[{\"@type\":\"SearchAction\",\"target\":{\"@type\":\"EntryPoint\",\"urlTemplate\":\"https:\\\/\\\/www.reseau-mesure.com\\\/?s={search_term_string}\"},\"query-input\":{\"@type\":\"PropertyValueSpecification\",\"valueRequired\":true,\"valueName\":\"search_term_string\"}}],\"inLanguage\":\"en-US\"},{\"@type\":\"Organization\",\"@id\":\"https:\\\/\\\/www.reseau-mesure.com\\\/#organization\",\"name\":\"R\u00e9seau-Mesure\",\"url\":\"https:\\\/\\\/www.reseau-mesure.com\\\/\",\"logo\":{\"@type\":\"ImageObject\",\"inLanguage\":\"en-US\",\"@id\":\"https:\\\/\\\/www.reseau-mesure.com\\\/#\\\/schema\\\/logo\\\/image\\\/\",\"url\":\"https:\\\/\\\/www.reseau-mesure.com\\\/wp-content\\\/uploads\\\/2018\\\/02\\\/logo-max.png\",\"contentUrl\":\"https:\\\/\\\/www.reseau-mesure.com\\\/wp-content\\\/uploads\\\/2018\\\/02\\\/logo-max.png\",\"width\":545,\"height\":285,\"caption\":\"R\u00e9seau-Mesure\"},\"image\":{\"@id\":\"https:\\\/\\\/www.reseau-mesure.com\\\/#\\\/schema\\\/logo\\\/image\\\/\"},\"sameAs\":[\"https:\\\/\\\/www.facebook.com\\\/reseaumesure\\\/\",\"https:\\\/\\\/x.com\\\/ReseauMesure\",\"https:\\\/\\\/www.linkedin.com\\\/company\\\/reseau-mesure\\\/\"]}]}<\/script>\n<!-- \/ Yoast SEO plugin. -->","yoast_head_json":{"title":"INNOVATIONS ANAEL - R\u00e9seau Mesure","robots":{"index":"index","follow":"follow","max-snippet":"max-snippet:-1","max-image-preview":"max-image-preview:large","max-video-preview":"max-video-preview:-1"},"canonical":"https:\/\/www.reseau-mesure.com\/en\/innovations-anael\/","og_locale":"en_US","og_type":"article","og_title":"INNOVATIONS ANAEL - R\u00e9seau Mesure","og_description":"LES INNOVATIONS D&rsquo;ANAEL\u00a0 pr\u00e9sent\u00e9es sur le Salon Mesures Solutions EXPO2020 INSTRAN &#8211; Automate chimique FLUORIMETRE PHOTOMETRE D\u00e9tecteur d&rsquo;hydrocarbures ROW R\u00e9fractom\u00e8tres PR-43-G","og_url":"https:\/\/www.reseau-mesure.com\/en\/innovations-anael\/","og_site_name":"R\u00e9seau Mesure","article_publisher":"https:\/\/www.facebook.com\/reseaumesure\/","og_image":[{"url":"https:\/\/www.reseau-mesure.com\/wp-content\/uploads\/2018\/02\/anael.gif","type":"","width":"","height":""}],"twitter_card":"summary_large_image","twitter_site":"@ReseauMesure","schema":{"@context":"https:\/\/schema.org","@graph":[{"@type":"WebPage","@id":"https:\/\/www.reseau-mesure.com\/de\/innovations-anael\/","url":"https:\/\/www.reseau-mesure.com\/de\/innovations-anael\/","name":"INNOVATIONS ANAEL - R\u00e9seau Mesure","isPartOf":{"@id":"https:\/\/www.reseau-mesure.com\/#website"},"primaryImageOfPage":{"@id":"https:\/\/www.reseau-mesure.com\/de\/innovations-anael\/#primaryimage"},"image":{"@id":"https:\/\/www.reseau-mesure.com\/de\/innovations-anael\/#primaryimage"},"thumbnailUrl":"https:\/\/www.reseau-mesure.com\/wp-content\/uploads\/2018\/02\/anael.gif","datePublished":"2020-07-03T09:53:31+00:00","breadcrumb":{"@id":"https:\/\/www.reseau-mesure.com\/de\/innovations-anael\/#breadcrumb"},"inLanguage":"en-US","potentialAction":[{"@type":"ReadAction","target":["https:\/\/www.reseau-mesure.com\/de\/innovations-anael\/"]}]},{"@type":"ImageObject","inLanguage":"en-US","@id":"https:\/\/www.reseau-mesure.com\/de\/innovations-anael\/#primaryimage","url":"https:\/\/www.reseau-mesure.com\/wp-content\/uploads\/2018\/02\/anael.gif","contentUrl":"https:\/\/www.reseau-mesure.com\/wp-content\/uploads\/2018\/02\/anael.gif"},{"@type":"BreadcrumbList","@id":"https:\/\/www.reseau-mesure.com\/de\/innovations-anael\/#breadcrumb","itemListElement":[{"@type":"ListItem","position":1,"name":"Accueil","item":"https:\/\/www.reseau-mesure.com\/"},{"@type":"ListItem","position":2,"name":"INNOVATIONS ANAEL"}]},{"@type":"WebSite","@id":"https:\/\/www.reseau-mesure.com\/#website","url":"https:\/\/www.reseau-mesure.com\/","name":"R\u00e9seau-Mesure","description":"Network Measure","publisher":{"@id":"https:\/\/www.reseau-mesure.com\/#organization"},"potentialAction":[{"@type":"SearchAction","target":{"@type":"EntryPoint","urlTemplate":"https:\/\/www.reseau-mesure.com\/?s={search_term_string}"},"query-input":{"@type":"PropertyValueSpecification","valueRequired":true,"valueName":"search_term_string"}}],"inLanguage":"en-US"},{"@type":"Organization","@id":"https:\/\/www.reseau-mesure.com\/#organization","name":"R\u00e9seau-Mesure","url":"https:\/\/www.reseau-mesure.com\/","logo":{"@type":"ImageObject","inLanguage":"en-US","@id":"https:\/\/www.reseau-mesure.com\/#\/schema\/logo\/image\/","url":"https:\/\/www.reseau-mesure.com\/wp-content\/uploads\/2018\/02\/logo-max.png","contentUrl":"https:\/\/www.reseau-mesure.com\/wp-content\/uploads\/2018\/02\/logo-max.png","width":545,"height":285,"caption":"R\u00e9seau-Mesure"},"image":{"@id":"https:\/\/www.reseau-mesure.com\/#\/schema\/logo\/image\/"},"sameAs":["https:\/\/www.facebook.com\/reseaumesure\/","https:\/\/x.com\/ReseauMesure","https:\/\/www.linkedin.com\/company\/reseau-mesure\/"]}]}},"_links":{"self":[{"href":"https:\/\/www.reseau-mesure.com\/en\/wp-json\/wp\/v2\/pages\/10595","targetHints":{"allow":["GET"]}}],"collection":[{"href":"https:\/\/www.reseau-mesure.com\/en\/wp-json\/wp\/v2\/pages"}],"about":[{"href":"https:\/\/www.reseau-mesure.com\/en\/wp-json\/wp\/v2\/types\/page"}],"author":[{"embeddable":true,"href":"https:\/\/www.reseau-mesure.com\/en\/wp-json\/wp\/v2\/users\/349"}],"replies":[{"embeddable":true,"href":"https:\/\/www.reseau-mesure.com\/en\/wp-json\/wp\/v2\/comments?post=10595"}],"version-history":[{"count":0,"href":"https:\/\/www.reseau-mesure.com\/en\/wp-json\/wp\/v2\/pages\/10595\/revisions"}],"wp:attachment":[{"href":"https:\/\/www.reseau-mesure.com\/en\/wp-json\/wp\/v2\/media?parent=10595"}],"curies":[{"name":"wp","href":"https:\/\/api.w.org\/{rel}","templated":true}]}}