{"id":10703,"date":"2020-07-17T09:53:45","date_gmt":"2020-07-17T07:53:45","guid":{"rendered":"https:\/\/www.reseau-mesure.com\/?page_id=10703"},"modified":"2022-07-05T15:46:36","modified_gmt":"2022-07-05T13:46:36","slug":"apres-covid-19","status":"publish","type":"page","link":"https:\/\/www.reseau-mesure.com\/en\/apres-covid-19\/","title":{"rendered":"Technical and professional documentation on driving hazards"},"content":{"rendered":"<h1>\n\t\t\t\tAfter Covid 19 The measurement network supports you\n\t\t<\/h1>\n\t<p>In July 2020, the Measurement Network initiated a <strong>information and discussion process within the framework of crisis management linked to COVID-19<\/strong>.<\/p>\n<p><strong>Several themes are offered:<\/strong><\/p>\n<ul>\n<li><strong>Human resources: team management, stress management, telework management, workload management, etc.<\/strong><\/li>\n<li><strong>Financing solutions: public aid, factoring, etc.<\/strong><\/li>\n<li><strong>Business stimulus, economic development<\/strong><\/li>\n<li><strong>Legal - legislative - normative developments ...<\/strong><\/li>\n<\/ul>\n\t\t\t<a href=\"mailto:eduflot@reseau-mesure.com\" target=\"_self\" role=\"button\" rel=\"noopener\">\n\t\t\t\t\t\t\tI want to join a working group\n\t\t\t\t\t<\/a>\n\t\t\t<a href=\"https:\/\/www.reseau-mesure.com\/en\/le-reseau-mesure-face-au-covid\/\" target=\"_self\" role=\"button\" rel=\"noopener\">\n\t\t\t\t\t\t\tVideo\n\t\t\t\t\t<\/a>\n\t\t\t<a href=\"https:\/\/www.reseau-mesure.com\/wp-content\/uploads\/2021\/05\/Presentation-webinaire-sous-prefet-relance-M-ALLARD-280521.pdf\" target=\"_blank\" role=\"button\" rel=\"noopener\">\n\t\t\t\t\t\t\tAid schemes for SMEs VSEs\n\t\t\t\t\t<\/a>\n\t<h2>Flash news | Economic and social resilience plan<\/h2>\n<p>In a <a href=\"https:\/\/eye.info.fieec.fr\/c?p=wAbNA-rDxBDQri1IXy0US9Cz0LnQo-PQlNCO0J__0KjEENDX0LtV8NCA0KtG0JbQlHPl0MZJd9C8f9mOaHR0cHM6Ly93d3cubGVnaWZyYW5jZS5nb3V2LmZyL2pvcmYvaWQvSk9SRlRFWFQwMDAwNDYwMDM1MTM_dXRtX3NvdXJjZT1TYXJiYWNhbmUmdXRtX21lZGl1bT1lbWFpbCZ1dG1fY2FtcGFpZ249RkxBU0ggSU5GTyA1LzcgcGxhbiByw6lzaWxpZW5jZbg1YzljZTAxNjExY2U2MjY4MGY2YTgwNzi4NjE1ZDVlOGFiYThlZDExMGMyNWVlMmU4wLZnMlFaUVltZVJPNlhlajJTSXU5T0ZRsWV5ZS5pbmZvLmZpZWVjLmZyxBRO0IDs0JXQpik7DOo90MQR0InQqHYqWtDdbzw\">decree of July 1, 2022<\/a> published in the Official Journal on July 2, the government has clarified the eligibility criteria for businesses in the resilience plan announced last March.<\/p>\n<p>This plan is intended to support the companies that consume the most energy in the face of rising electricity and gas prices.<\/p>\n\n\n<p>Companies will be eligible for this aid (article 2):<\/p>\n<ul>\n<li>Created before 1\/12\/2021<\/li>\n<li>Not in the process of safeguarding, reorganization or judicial liquidation and not having an unpaid tax or social security debt<\/li>\n<li>Having purchased gas and electricity for <strong>at least 3% of their turnover in 2021<\/strong> and have suffered <strong>a doubling of the price of gas\/electricity<\/strong> over one or both periods compared to the average for the year 2021:<\/li>\n<\/ul>\n\u00a0 \u00a0 \u00a0 \u00a0 \u00a0 \u2013 From March to May 2022<br \/>\n\u2013 From June to August 2022\n\n<p>Companies producing electricity or heat, credit or financial institutions are not eligible.<\/p>\n\n<p>The conditions for granting aid depend on the ceiling:<\/p>\n<ul>\n<li><strong>30% of eligible costs with a ceiling of \u20ac2M<\/strong> in the event of a drop in gross operating surplus of 30% compared to 2021, or if the gross operating surplus is negative;<\/li>\n<li><strong>50% of eligible costs with a ceiling of \u20ac25M<\/strong> for companies whose gross operating surplus is negative and whose increase in eligible costs amounts to at least 50% of the operating loss. The aid is limited to 80% of the losses;<\/li>\n<li><strong>70% of eligible costs with a ceiling of \u20ac50M<\/strong> for companies meeting the aid criteria capped at \u20ac25 million <strong>and<\/strong> belonging to one or more of the 26 sectors listed in <a href=\"https:\/\/eye.info.fieec.fr\/c?p=wAbNA-rDxBDQri1IXy0US9Cz0LnQo-PQlNCO0J__0KjEECcD0J7QsDnQy0tO0KvQwNCictC80LpMItmWaHR0cHM6Ly93d3cubGVnaWZyYW5jZS5nb3V2LmZyL2pvcmYvYXJ0aWNsZV9qby9KT1JGQVJUSTAwMDA0NjAwMzU1Mj91dG1fc291cmNlPVNhcmJhY2FuZSZ1dG1fbWVkaXVtPWVtYWlsJnV0bV9jYW1wYWlnbj1GTEFTSCBJTkZPIDUvNyBwbGFuIHLDqXNpbGllbmNluDVjOWNlMDE2MTFjZTYyNjgwZjZhODA3OLg2MTVkNWU4YWJhOGVkMTEwYzI1ZWUyZTjAtmcyUVpRWW1lUk82WGVqMlNJdTlPRlGxZXllLmluZm8uZmllZWMuZnLEFE7QgOzQldCmKTsM6j3QxBHQidCodipa0N1vPA\">appendix 1 of the decree.<\/a><\/li>\n<\/ul>\n\n<p>The request for assistance must be made on <a href=\"https:\/\/eye.info.fieec.fr\/c?p=wAbNA-rDxBDQri1IXy0US9Cz0LnQo-PQlNCO0J__0KjEEPo9VHYh0L5O6tCP0JTQgSnQkT7QytCm2ZVodHRwczovL3d3dy5pbXBvdHMuZ291di5mci9wbGFuLWRlLXJlc2lsaWVuY2UtYWlkZS1nYXotZWxlY3RyaWNpdGU_dXRtX3NvdXJjZT1TYXJiYWNhbmUmdXRtX21lZGl1bT1lbWFpbCZ1dG1fY2FtcGFpZ249RkxBU0ggSU5GTyA1LzcgcGxhbiByw6lzaWxpZW5jZbg1YzljZTAxNjExY2U2MjY4MGY2YTgwNzi4NjE1ZDVlOGFiYThlZDExMGMyNWVlMmU4wLZnMlFaUVltZVJPNlhlajJTSXU5T0ZRsWV5ZS5pbmZvLmZpZWVjLmZyxBRO0IDs0JXQpik7DOo90MQR0InQqHYqWtDdbzw\">next page<\/a> :<\/p>\n<ul>\n<li>Between 04\/07 and 17\/08 for the period from March to May 2022;<\/li>\n<li>Between 09\/15 and 10\/28 for the period from June to August 2022.<\/li>\n<\/ul>\n\n<p>If you want to know more, the MEDEF is organizing a webinar with the General Directorate of Enterprises to understand the terms of access to aid this Friday, July 8 from 9 a.m. to 10 a.m.<\/p>\n<p>Accessible to all, log on Friday, July 8, 2022 by <a href=\"https:\/\/eye.info.fieec.fr\/c?p=wAbNA-rDxBDQri1IXy0US9Cz0LnQo-PQlNCO0J__0KjEEDHgDdCvbiRMLNCc-9C_0LzQgtDQ0M1n2gInaHR0cHM6Ly90ZWFtcy5taWNyb3NvZnQuY29tL2RsL2xhdW5jaGVyL2xhdW5jaGVyLmh0bWw_dXJsPSUyRl8lMjMlMkZsJTJGbWVldHVwLWpvaW4lMkYxOSUzQW1lZXRpbmdfTnpBeE1URXhOakl0WlRObFpDMDBNVGRsTFdFd1ltTXRZbUU0TUdFNE5UY3dOV1EwJTQwdGhyZWFkLnYyJTJGMCUzRmNvbnRleHQlM0QlMjU3YiUyNTIyVGlkJTI1MjIlMjUzYSUyNTIyZjA2ZTM5MDEtZmNlZi00OTdlLWE0NDUtMGFmZWQ0MjUyMmMwJTI1MjIlMjUyYyUyNTIyT2lkJTI1MjIlMjUzYSUyNTIyMDRmOTRkMWUtYTI4My00NmViLTliY2ItMDRhMDQ1YWMxZDEyJTI1MjIlMjU3ZCUyNmFub24lM0R0cnVlJnR5cGU9bWVldHVwLWpvaW4mZGVlcGxpbmtJZD0zZDNiMGNiMi0wNDA3LTQ2MDQtOTViMy0xNTEwYzVjMDUzM2EmZGlyZWN0RGw9dHJ1ZSZtc0xhdW5jaD10cnVlJmVuYWJsZU1vYmlsZVBhZ2U9dHJ1ZSZzdXBwcmVzc1Byb21wdD10cnVlJnV0bV9zb3VyY2U9U2FyYmFjYW5lJnV0bV9tZWRpdW09ZW1haWwmdXRtX2NhbXBhaWduPUZMQVNIIElORk8gNS83IHBsYW4gcsOpc2lsaWVuY2W4NWM5Y2UwMTYxMWNlNjI2ODBmNmE4MDc4uDYxNWQ1ZThhYmE4ZWQxMTBjMjVlZTJlOMC2ZzJRWlFZbWVSTzZYZWoyU0l1OU9GUbFleWUuaW5mby5maWVlYy5mcsQUTtCA7NCV0KYpOwzqPdDEEdCJ0Kh2KlrQ3W88\">click here\u00a0<\/a><\/p>\n\t\t\t\t<img loading=\"lazy\" decoding=\"async\" src=\"https:\/\/www.reseau-mesure.com\/wp-content\/uploads\/2020\/07\/13043-scaled.jpg\" alt=\"Ressources humaines\" itemprop=\"image\" height=\"2560\" width=\"2560\" title=\"Meeting Icons Flat Set\" onerror=\"this.style.display='none'\"  \/>\n\t<h1><strong>Human resources<\/strong><\/h1>\n<h2><strong>Team management, stress management, telework management, workload management ...<\/strong><\/h2>\n<ul>\n<li><strong>Back to face-to-face: <\/strong>\n<ul>\n<li>Rights and duties<\/li>\n<li>Psychosocial risks<\/li>\n<li>Support logic<\/li>\n<\/ul>\n<\/li>\n<\/ul>\n<p>&nbsp;<\/p>\n<ul>\n<li><strong>Implementation of telework after confinement<\/strong>\n<ul>\n<li>Management - loss of benchmarks for managers and employees<\/li>\n<li>Contractual part<\/li>\n<li>The tools<\/li>\n<li>Additional remuneration, compensation, restaurant tickets, transport, computer equipment<\/li>\n<\/ul>\n<\/li>\n<\/ul>\n<p>&nbsp;<\/p>\n<ul>\n<li><strong>Judicial aspects<\/strong>\n<ul>\n<li>Responsibility of the entrepreneur<\/li>\n<li>Charters for teleworking\u2026.<\/li>\n<\/ul>\n<\/li>\n<\/ul>\n<p><a href=\"https:\/\/www.reseau-mesure.com\/en\/https-www-reseau-mesure-com-ressources-documentaires-accompagnement-reprise-suite-covid-19-rh\/\"><b>Find out more ...<\/b><\/a><\/p>\n\t\t\t\t<img loading=\"lazy\" decoding=\"async\" src=\"https:\/\/www.reseau-mesure.com\/wp-content\/uploads\/2020\/07\/tirelire-usine11.jpg\" alt=\"Financements\" itemprop=\"image\" height=\"1510\" width=\"1500\" title=\"piggy bank-factory11\" onerror=\"this.style.display='none'\"  \/>\n\t<p><b>Financing solutions<\/b><\/p>\n<h2><strong>Public aid, factoring ...<\/strong><\/h2>\n<ul>\n<li>Financial intelligence<\/li>\n<li>Credit coverage<\/li>\n<li>Factoring<\/li>\n<li>Public aid<\/li>\n<\/ul>\n<p><a href=\"https:\/\/www.reseau-mesure.com\/en\/ressources-documentaires-accompagnement-reprise-suite-covid-19-financement\/\" target=\"_blank\" rel=\"noopener\"><b>Find out more ...<\/b><\/a><\/p>\n\t\t\t\t<img loading=\"lazy\" decoding=\"async\" src=\"https:\/\/www.reseau-mesure.com\/wp-content\/uploads\/2020\/07\/66263-1-scaled.jpg\" alt=\"D\u00e9veloppement commercial\" itemprop=\"image\" height=\"1703\" width=\"2560\" title=\"Print\" onerror=\"this.style.display='none'\"  \/>\n\t<h1><strong>Commercial reminders<\/strong><\/h1>\n<h2>Develop your turnover<\/h2>\n<ul>\n<li>How to develop new business methods for traveling salespeople?<\/li>\n<li>Usual customers can be contacted by videoconference (technical understanding + training) but what about prospecting?<\/li>\n<li>How to get around the current difficulties of customers?\n<ul>\n<li>Investment problem<\/li>\n<li>Travel issue<\/li>\n<\/ul>\n<\/li>\n<\/ul>\n<p>Continue to sell what we sold before but in a different way<\/p>\n<p>Compensate for the decrease due to the difficulties of certain markets such as aeronautics and automotive: reinvent \/ reorient its service offering.<\/p>\n<p><a href=\"https:\/\/www.reseau-mesure.com\/en\/ressources-documentaires-accompagnement-reprise-suite-covid-19-relances-commerciales\/\" target=\"_blank\" rel=\"noopener\"><b>Find out more ...<\/b><\/a><\/p>\n\t\t\t\t<img loading=\"lazy\" decoding=\"async\" src=\"https:\/\/www.reseau-mesure.com\/wp-content\/uploads\/2020\/07\/30490-scaled.jpg\" alt=\"Juridique\" itemprop=\"image\" height=\"2560\" width=\"2560\" title=\"legal at the service of Qualiopi\" onerror=\"this.style.display='none'\"  \/>\n\t<h1><strong>Legal<\/strong><\/h1>\n<h2><strong>Legal - legislative - normative developments ...<\/strong><\/h2>\n<ul>\n<li>Decrees, orders ... the official texts governing the attitude to be taken in the face of the coronavirus epidemic<\/li>\n<\/ul>\n<p><a href=\"https:\/\/www.reseau-mesure.com\/en\/ressources-documentaires-accompagnement-reprise-suite-covid-19-juridique\/\" target=\"_blank\" rel=\"noopener\"><b>Find out more ...<\/b><\/a><\/p>\n\t\t\t<a href=\"https:\/\/www.reseau-mesure.com\/en\/ressources-documentaires-accompagnement-covid-19\/\" target=\"_self\" role=\"button\" rel=\"noopener\">\n\t\t\t\t\t\t\tHistorical\n\t\t\t\t\t<\/a>","protected":false},"excerpt":{"rendered":"<p>After Covid 19 The measurement network supports you Since July 2020, the Measurement Network has initiated an information and exchange process as part of crisis management related to COVID-19. Several themes are proposed: Human resources: team management, stress management, telework management, workload management, etc.<\/p>","protected":false},"author":349,"featured_media":0,"parent":0,"menu_order":0,"comment_status":"closed","ping_status":"closed","template":"","meta":{"_acf_changed":false,"footnotes":""},"class_list":["post-10703","page","type-page","status-publish","hentry"],"acf":[],"yoast_head":"<!-- This site is optimized with the Yoast SEO plugin v27.5 - https:\/\/yoast.com\/product\/yoast-seo-wordpress\/ -->\n<title>Documentation technique et professionnelle sur les dangers au volant - R\u00e9seau Mesure<\/title>\n<meta name=\"description\" content=\"Le R\u00e9seau Mesure propose des achats mutualis\u00e9s via l&#039;action du groupe achat pour de nombreux biens ou services disponibles pour tous les adh\u00e9rents\" \/>\n<meta name=\"robots\" content=\"index, follow, max-snippet:-1, max-image-preview:large, max-video-preview:-1\" \/>\n<link rel=\"canonical\" href=\"https:\/\/www.reseau-mesure.com\/en\/apres-covid-19\/\" \/>\n<meta property=\"og:locale\" content=\"en_US\" \/>\n<meta property=\"og:type\" content=\"article\" \/>\n<meta property=\"og:title\" content=\"Achats mutualis\u00e9s\" \/>\n<meta property=\"og:description\" content=\"Actions du groupe achats\" \/>\n<meta property=\"og:url\" content=\"https:\/\/www.reseau-mesure.com\/en\/apres-covid-19\/\" \/>\n<meta property=\"og:site_name\" content=\"R\u00e9seau Mesure\" \/>\n<meta property=\"article:publisher\" content=\"https:\/\/www.facebook.com\/reseaumesure\/\" \/>\n<meta property=\"article:modified_time\" content=\"2022-07-05T13:46:36+00:00\" \/>\n<meta property=\"og:image\" content=\"https:\/\/www.reseau-mesure.com\/wp-content\/uploads\/2020\/07\/13043-scaled.jpg\" \/>\n<meta name=\"twitter:card\" content=\"summary_large_image\" \/>\n<meta name=\"twitter:site\" content=\"@ReseauMesure\" \/>\n<meta name=\"twitter:label1\" content=\"Est. reading time\" \/>\n\t<meta name=\"twitter:data1\" content=\"3 minutes\" \/>\n<script type=\"application\/ld+json\" class=\"yoast-schema-graph\">{\"@context\":\"https:\\\/\\\/schema.org\",\"@graph\":[{\"@type\":\"WebPage\",\"@id\":\"https:\\\/\\\/www.reseau-mesure.com\\\/apres-covid-19\\\/\",\"url\":\"https:\\\/\\\/www.reseau-mesure.com\\\/apres-covid-19\\\/\",\"name\":\"Documentation technique et professionnelle sur les dangers au volant - R\u00e9seau Mesure\",\"isPartOf\":{\"@id\":\"https:\\\/\\\/www.reseau-mesure.com\\\/#website\"},\"primaryImageOfPage\":{\"@id\":\"https:\\\/\\\/www.reseau-mesure.com\\\/apres-covid-19\\\/#primaryimage\"},\"image\":{\"@id\":\"https:\\\/\\\/www.reseau-mesure.com\\\/apres-covid-19\\\/#primaryimage\"},\"thumbnailUrl\":\"https:\\\/\\\/www.reseau-mesure.com\\\/wp-content\\\/uploads\\\/2020\\\/07\\\/13043-scaled.jpg\",\"datePublished\":\"2020-07-17T07:53:45+00:00\",\"dateModified\":\"2022-07-05T13:46:36+00:00\",\"description\":\"Le R\u00e9seau Mesure propose des achats mutualis\u00e9s via l'action du groupe achat pour de nombreux biens ou services disponibles pour tous les adh\u00e9rents\",\"breadcrumb\":{\"@id\":\"https:\\\/\\\/www.reseau-mesure.com\\\/apres-covid-19\\\/#breadcrumb\"},\"inLanguage\":\"en-US\",\"potentialAction\":[{\"@type\":\"ReadAction\",\"target\":[\"https:\\\/\\\/www.reseau-mesure.com\\\/apres-covid-19\\\/\"]}]},{\"@type\":\"ImageObject\",\"inLanguage\":\"en-US\",\"@id\":\"https:\\\/\\\/www.reseau-mesure.com\\\/apres-covid-19\\\/#primaryimage\",\"url\":\"https:\\\/\\\/www.reseau-mesure.com\\\/wp-content\\\/uploads\\\/2020\\\/07\\\/13043-scaled.jpg\",\"contentUrl\":\"https:\\\/\\\/www.reseau-mesure.com\\\/wp-content\\\/uploads\\\/2020\\\/07\\\/13043-scaled.jpg\"},{\"@type\":\"BreadcrumbList\",\"@id\":\"https:\\\/\\\/www.reseau-mesure.com\\\/apres-covid-19\\\/#breadcrumb\",\"itemListElement\":[{\"@type\":\"ListItem\",\"position\":1,\"name\":\"Accueil\",\"item\":\"https:\\\/\\\/www.reseau-mesure.com\\\/\"},{\"@type\":\"ListItem\",\"position\":2,\"name\":\"Documentation technique et professionnelle sur les dangers au volant\"}]},{\"@type\":\"WebSite\",\"@id\":\"https:\\\/\\\/www.reseau-mesure.com\\\/#website\",\"url\":\"https:\\\/\\\/www.reseau-mesure.com\\\/\",\"name\":\"R\u00e9seau-Mesure\",\"description\":\"R\u00e9seau Mesure\",\"publisher\":{\"@id\":\"https:\\\/\\\/www.reseau-mesure.com\\\/#organization\"},\"potentialAction\":[{\"@type\":\"SearchAction\",\"target\":{\"@type\":\"EntryPoint\",\"urlTemplate\":\"https:\\\/\\\/www.reseau-mesure.com\\\/?s={search_term_string}\"},\"query-input\":{\"@type\":\"PropertyValueSpecification\",\"valueRequired\":true,\"valueName\":\"search_term_string\"}}],\"inLanguage\":\"en-US\"},{\"@type\":\"Organization\",\"@id\":\"https:\\\/\\\/www.reseau-mesure.com\\\/#organization\",\"name\":\"R\u00e9seau-Mesure\",\"url\":\"https:\\\/\\\/www.reseau-mesure.com\\\/\",\"logo\":{\"@type\":\"ImageObject\",\"inLanguage\":\"en-US\",\"@id\":\"https:\\\/\\\/www.reseau-mesure.com\\\/#\\\/schema\\\/logo\\\/image\\\/\",\"url\":\"https:\\\/\\\/www.reseau-mesure.com\\\/wp-content\\\/uploads\\\/2018\\\/02\\\/logo-max.png\",\"contentUrl\":\"https:\\\/\\\/www.reseau-mesure.com\\\/wp-content\\\/uploads\\\/2018\\\/02\\\/logo-max.png\",\"width\":545,\"height\":285,\"caption\":\"R\u00e9seau-Mesure\"},\"image\":{\"@id\":\"https:\\\/\\\/www.reseau-mesure.com\\\/#\\\/schema\\\/logo\\\/image\\\/\"},\"sameAs\":[\"https:\\\/\\\/www.facebook.com\\\/reseaumesure\\\/\",\"https:\\\/\\\/x.com\\\/ReseauMesure\",\"https:\\\/\\\/www.linkedin.com\\\/company\\\/reseau-mesure\\\/\"]}]}<\/script>\n<!-- \/ Yoast SEO plugin. -->","yoast_head_json":{"title":"Documentation technique et professionnelle sur les dangers au volant - R\u00e9seau Mesure","description":"Le R\u00e9seau Mesure propose des achats mutualis\u00e9s via l'action du groupe achat pour de nombreux biens ou services disponibles pour tous les adh\u00e9rents","robots":{"index":"index","follow":"follow","max-snippet":"max-snippet:-1","max-image-preview":"max-image-preview:large","max-video-preview":"max-video-preview:-1"},"canonical":"https:\/\/www.reseau-mesure.com\/en\/apres-covid-19\/","og_locale":"en_US","og_type":"article","og_title":"Achats mutualis\u00e9s","og_description":"Actions du groupe achats","og_url":"https:\/\/www.reseau-mesure.com\/en\/apres-covid-19\/","og_site_name":"R\u00e9seau Mesure","article_publisher":"https:\/\/www.facebook.com\/reseaumesure\/","article_modified_time":"2022-07-05T13:46:36+00:00","og_image":[{"url":"https:\/\/www.reseau-mesure.com\/wp-content\/uploads\/2020\/07\/13043-scaled.jpg","type":"","width":"","height":""}],"twitter_card":"summary_large_image","twitter_site":"@ReseauMesure","twitter_misc":{"Est. reading time":"3 minutes"},"schema":{"@context":"https:\/\/schema.org","@graph":[{"@type":"WebPage","@id":"https:\/\/www.reseau-mesure.com\/apres-covid-19\/","url":"https:\/\/www.reseau-mesure.com\/apres-covid-19\/","name":"Documentation technique et professionnelle sur les dangers au volant - R\u00e9seau Mesure","isPartOf":{"@id":"https:\/\/www.reseau-mesure.com\/#website"},"primaryImageOfPage":{"@id":"https:\/\/www.reseau-mesure.com\/apres-covid-19\/#primaryimage"},"image":{"@id":"https:\/\/www.reseau-mesure.com\/apres-covid-19\/#primaryimage"},"thumbnailUrl":"https:\/\/www.reseau-mesure.com\/wp-content\/uploads\/2020\/07\/13043-scaled.jpg","datePublished":"2020-07-17T07:53:45+00:00","dateModified":"2022-07-05T13:46:36+00:00","description":"Le R\u00e9seau Mesure propose des achats mutualis\u00e9s via l'action du groupe achat pour de nombreux biens ou services disponibles pour tous les adh\u00e9rents","breadcrumb":{"@id":"https:\/\/www.reseau-mesure.com\/apres-covid-19\/#breadcrumb"},"inLanguage":"en-US","potentialAction":[{"@type":"ReadAction","target":["https:\/\/www.reseau-mesure.com\/apres-covid-19\/"]}]},{"@type":"ImageObject","inLanguage":"en-US","@id":"https:\/\/www.reseau-mesure.com\/apres-covid-19\/#primaryimage","url":"https:\/\/www.reseau-mesure.com\/wp-content\/uploads\/2020\/07\/13043-scaled.jpg","contentUrl":"https:\/\/www.reseau-mesure.com\/wp-content\/uploads\/2020\/07\/13043-scaled.jpg"},{"@type":"BreadcrumbList","@id":"https:\/\/www.reseau-mesure.com\/apres-covid-19\/#breadcrumb","itemListElement":[{"@type":"ListItem","position":1,"name":"Accueil","item":"https:\/\/www.reseau-mesure.com\/"},{"@type":"ListItem","position":2,"name":"Documentation technique et professionnelle sur les dangers au volant"}]},{"@type":"WebSite","@id":"https:\/\/www.reseau-mesure.com\/#website","url":"https:\/\/www.reseau-mesure.com\/","name":"R\u00e9seau-Mesure","description":"Network Measure","publisher":{"@id":"https:\/\/www.reseau-mesure.com\/#organization"},"potentialAction":[{"@type":"SearchAction","target":{"@type":"EntryPoint","urlTemplate":"https:\/\/www.reseau-mesure.com\/?s={search_term_string}"},"query-input":{"@type":"PropertyValueSpecification","valueRequired":true,"valueName":"search_term_string"}}],"inLanguage":"en-US"},{"@type":"Organization","@id":"https:\/\/www.reseau-mesure.com\/#organization","name":"R\u00e9seau-Mesure","url":"https:\/\/www.reseau-mesure.com\/","logo":{"@type":"ImageObject","inLanguage":"en-US","@id":"https:\/\/www.reseau-mesure.com\/#\/schema\/logo\/image\/","url":"https:\/\/www.reseau-mesure.com\/wp-content\/uploads\/2018\/02\/logo-max.png","contentUrl":"https:\/\/www.reseau-mesure.com\/wp-content\/uploads\/2018\/02\/logo-max.png","width":545,"height":285,"caption":"R\u00e9seau-Mesure"},"image":{"@id":"https:\/\/www.reseau-mesure.com\/#\/schema\/logo\/image\/"},"sameAs":["https:\/\/www.facebook.com\/reseaumesure\/","https:\/\/x.com\/ReseauMesure","https:\/\/www.linkedin.com\/company\/reseau-mesure\/"]}]}},"_links":{"self":[{"href":"https:\/\/www.reseau-mesure.com\/en\/wp-json\/wp\/v2\/pages\/10703","targetHints":{"allow":["GET"]}}],"collection":[{"href":"https:\/\/www.reseau-mesure.com\/en\/wp-json\/wp\/v2\/pages"}],"about":[{"href":"https:\/\/www.reseau-mesure.com\/en\/wp-json\/wp\/v2\/types\/page"}],"author":[{"embeddable":true,"href":"https:\/\/www.reseau-mesure.com\/en\/wp-json\/wp\/v2\/users\/349"}],"replies":[{"embeddable":true,"href":"https:\/\/www.reseau-mesure.com\/en\/wp-json\/wp\/v2\/comments?post=10703"}],"version-history":[{"count":0,"href":"https:\/\/www.reseau-mesure.com\/en\/wp-json\/wp\/v2\/pages\/10703\/revisions"}],"wp:attachment":[{"href":"https:\/\/www.reseau-mesure.com\/en\/wp-json\/wp\/v2\/media?parent=10703"}],"curies":[{"name":"wp","href":"https:\/\/api.w.org\/{rel}","templated":true}]}}