{"id":10717,"date":"2020-07-17T12:00:41","date_gmt":"2020-07-17T10:00:41","guid":{"rendered":"https:\/\/www.reseau-mesure.com\/?page_id=10717"},"modified":"2020-07-23T12:21:23","modified_gmt":"2020-07-23T10:21:23","slug":"ressources-documentaires-accompagnement-reprise-suite-covid-19-juridique","status":"publish","type":"page","link":"https:\/\/www.reseau-mesure.com\/en\/ressources-documentaires-accompagnement-reprise-suite-covid-19-juridique\/","title":{"rendered":"Legal - legislative - normative developments ..."},"content":{"rendered":"<h1 >\n\t\t\tLegal: Legal \u2013 legislative \u2013 normative developments\u2026\n\t\t<\/h1>\n\t<h1>How to act after the health crisis?<\/h1>\n\t<p>&nbsp;<\/p>\n<h1>Optimizing the recovery:<\/h1>\n<h2>Decrees, orders ... the official texts governing the attitude to be taken in the face of the coronavirus epidemic<\/h2>\n<h3><strong><a href=\"https:\/\/www.entreprises.cci-paris-idf.fr\/coronavirus-covid-19-veille-reglementaire\" target=\"_blank\" rel=\"noopener noreferrer\">Coronavirus \/ COVID-19: see the latest published texts<\/a><\/strong><\/h3>\n<h2><a href=\"https:\/\/travail-emploi.gouv.fr\/le-ministere-en-action\/coronavirus-covid-19\/deconfinement-et-conditions-de-reprise-de-l-activite\/cadre-juridico-pratique-et-consignes-pour-la-reprise-de-l-activite\/\">Legal-practical framework and instructions for resuming activity<\/a><\/h2>\n<ul>\n<li><a href=\"https:\/\/travail-emploi.gouv.fr\/le-ministere-en-action\/coronavirus-covid-19\/article\/textes-reglementaires\" target=\"_blank\" rel=\"noopener noreferrer\">Regulatory texts<\/a><\/li>\n<li><a href=\"https:\/\/travail-emploi.gouv.fr\/actualites\/presse\/communiques-de-presse\/article\/protocole-national-de-deconfinement-pour-les-entreprises-pour-assurer-la\" target=\"_blank\" rel=\"noopener noreferrer\">Deconfinement protocol<\/a><\/li>\n<\/ul>\n<p>Since May 11, 2020, France has entered a period of gradual deconfinement.<\/p>\n<p>Find all the information on the deconfinement strategy on the platform:\u00a0<a href=\"https:\/\/www.gouvernement.fr\/info-coronavirus\" target=\"_blank\" rel=\"noopener noreferrer\">government.fr\/info-coronavirus\u00a0<img decoding=\"async\" src=\"https:\/\/www.interieur.gouv.fr\/extension\/ow_miomcti_designs\/design\/miomcti_public\/images\/common\/external_link.png\" alt=\"external link\" \/><\/a><\/p>\n<ul>\n<li>The deconfinement of the country began on Monday, May 11. The resumption of economic activities finds a very particular ground in \u00cele-de-France, because of the central role of public transport in professional mobility. In order to facilitate the implementation of health measures for users, MEDEF \u00cele-de-France and its partners have defined the <strong><em>\u201cOrganizational arrangements in \u00cele-de-France for the use of public transport during a period of deconfinement\u201d<\/em><\/strong><strong>.<\/strong><\/li>\n<\/ul>\n<p>As part of this regional agreement, Ile-de-France companies have therefore undertaken to promote teleworking and to stagger the arrival and departure times of their employees. A mandatory certificate of travel during peak hours on weekdays is now necessary in order to respect social distancing and to allow a better distribution of the number of people having to travel in \u00cele-de-France.<\/p>\n<p>You will find\u00a0<a href=\"http:\/\/email.mailgun2.assoconnect.com\/c\/eJwVjtGKwyAURL8meVOu2jTJQx6SLvsfVue2QjRFTfP768LAwMAcjl8cz7NFHxZNmmhQWt1b36SS2zxMP2bVK22PcZu27kbRhv11Ji1tKYc7UoKr0h2xfzfOiKeZeBiUVyORYhq9nsh4zcbYe78v71o_nVk7_dtyXZeM8GARPEvObfJoSA4JEakKVJHxyaFAeOtq-IYKgSTC3gYIzjY5tFefF_iT96M2wYwCe4qIcmb8m_0BbPNHqw\">via this link<\/a>\u00a0the regional charter, the press release and the employer certificate, as well as the questions and answers on teleworking.<\/p>\n<p><strong><em>If there is a COVID 19 outbreak in the company, what is the responsibility of the company manager?<\/em><\/strong><\/p>\n<p>In the context of COVID-19, the necessary measures are those recommended by the Government, in particular the measures taken to respect barrier gestures and the rules of distancing.<\/p>\n<p>According to the law, \u201cthe employer must take the necessary measures to ensure the safety and physical and mental health of workers. These measures include actions to prevent occupational risks, information and training actions, the establishment of an organization and appropriate means &quot;and he must ensure&quot; the adaptation of these measures to take account of the change. circumstances and tend to improve existing situations \u201d.<\/p>\nThus, it is not the employer&#039;s responsibility to guarantee the absence of any exposure of employees to risks but to avoid them as much as possible and if they cannot be avoided, to assess them regularly based in particular on the recommendations of the government, in order to then take all necessary measures to protect exposed workers.<br \/>\nIt is in the light of this framework that the respective obligations of employers but also of employees must be defined.\n<strong>It is the employer&#039;s responsibility in the current situation to:<\/strong><br \/>\ncarry out an assessment of the risks incurred in the workplace which cannot be avoided depending on the nature of the work to be performed;<br \/>\ndetermine, on the basis of this assessment, the most relevant prevention measures;<br \/>\ninvolve staff representatives in this work;<br \/>\nwhen possible, call on the occupational health service whose mission is to advise employers, workers and their representatives and, as such, to recommend any useful information on effective protection measures, the implementation of fence &quot; ;<br \/>\nrespect and enforce the barrier gestures recommended by the health authorities.\n<p>Read more \u2026.<a href=\"https:\/\/travail-emploi.gouv.fr\/le-ministere-en-action\/coronavirus-covid-19\/proteger-les-travailleurs-les-emplois-les-savoir-faire-et-les-competences\/proteger-les-travailleurs\/article\/securite-et-sante-des-travailleurs-les-obligations-generales-de-l-employeur-et\">https:\/\/travail-emploi.gouv.fr\/le-ministere-en-action\/coronavirus-covid-19\/proteger-les-travailleurs-les-emplois-les-savoir-faire-et-les-competences\/proteger-les-travailleurs\/article\/securite-et-sante-des-travailleurs-les-obligations-generales-de-l-employeur-et<\/a><\/p>\n<p><u>Complement for teleworking:<\/u><\/p>\n<p><a href=\"https:\/\/travail-emploi.gouv.fr\/le-ministere-en-action\/coronavirus-covid-19\/questions-reponses-par-theme\/article\/teletravail\">https:\/\/travail-emploi.gouv.fr\/le-ministere-en-action\/coronavirus-covid-19\/questions-reponses-par-theme\/article\/teletravail<\/a><\/p>\n<h2><\/h2>\n<h2><strong>PROTECTIVE MEASURES, TESTS &amp; MASKS\u00a0<\/strong><\/h2>\n<p>- Updating of\u00a0<a href=\"http:\/\/email.mailgun2.assoconnect.com\/c\/eJwVj8FOhDAURb-m7CSlLYUuWAwigyaY0ckouCvl1SFQOhZQ8OvF5Oxuzk1OmygthASvSwgmGDOKg4CGYewHfhQHKWYZZRnP7zmPEMNGdsPnMhJfTpNVdhxBzb6yxrsmDMesoYrxiLQQAI8CpuNQCg1cyFZjb0iu83xD9IBIvrNbZhk7JefOjr6BFrSv3T4UZ0TzBtGseFH9I-4b-7y90WO-DfiD_Gi30lp32a1fnorjhsU7_uJrJX7LaU7PItvWzaiqfi01R4Sr_YZupwcuTqUrq7oh3zXTF5MePJdAu-jBznuWgwnkcmdgWhz89_wBZk5XZg\"><strong>measures to put in place<\/strong><\/a>\u00a0by the employer to protect the health of employees<\/p>\n<p>- The update of the<a href=\"http:\/\/email.mailgun2.assoconnect.com\/c\/eJwVj81OhDAYRZ8GdpK2XymwYAGDMCbizAQ1jhvTltYhQKv8CPj0YnJ3J_ckp46ljiKu3CYmiCBEAWEMvh962AtCnCKaAc1YfmAscCjqedN9zoZ4fByttMYoOXnS9u4tDumuYdJXSPuRz5nQAFwRgSVQTCB0u_g2TV8OJA7J9-2vfjaN5FNjjderWmlPDzs4Vg7kwoHseJHtA2qFfdpeoci3Dr2TRXSPvEv837Sot-92rWElxgSHdR6es7Iqq6X4uIj1FJ2axSFM7hrYzvcsOpdD-XYV5OdK9UufJu4Qq3rWnZ32rEGNis93vRrnQf33_AF8ZVee\"><strong>\u00a0plug<\/strong><\/a>\u00a0on the employer&#039;s obligations<\/p>\n<p>- The different\u00a0<a href=\"http:\/\/email.mailgun2.assoconnect.com\/c\/eJwVj82OgjAYRZ8GdjalhQILFiqDTDKaqpGoG1ParwMRWsOPBp5-mOTsbs5NjkqkjmMBbp0QTDD2KfY8GgQR8lAYeRvsp9RPWbZlLHR83Iq6-R0NQaLvrbTGgByQtK1bJSEOIYxjpoRfUiCKaAik1BGNNC61Im6TVMPwcujaIdnCYrWjqaUYamtQCwo00t0y5GeHZqVD0_won9_4WdrDVNBdNjX4Tj6n15nMpuDVz07g43R6PR78zWZeKE3zexrN9Yfb63xYDVuHMLnc0Il_sZjvu_31VpL3zdeXdrN2uwTUqBs7LFkd9CDGVQv92MF_zx_JuFfg\"><strong>guides<\/strong><\/a>\u00a0health security for federations for business continuity by business sector<\/p>\n<p>- The\u00a0<a href=\"http:\/\/email.mailgun2.assoconnect.com\/c\/eJwVj8lugzAABb8GbrG8YjhwCCGEqM2C0kZNL5Vt7MQNNoilFX9fKs3taZ40dapMkggd2hRDDCElECHCWAwQ4DHKIM0JzaNiE0U8oNAJ29wnj4EYhla13ms1AtW68JFSFmPJoMERxtzEXGnCJeUSJRIpRWnYpI9x7AKyDnCxsFhu8laJ0bYeOF1rA0y_DOUlIIUMSF5W6rmHT9ke5yvZFXMDP_HvtZMV64S3Vd7ZL_OWZKdV_XrauRLdt9_7RvqqeNnwY3lhAY7UckPm8zZKzof-8HGT-OdGzbvL1mGf6noyTTsuWb0etJhWTg9Tr_97_gDTIFX6\"><strong>business advice sheets facing covid 19\u00a0<\/strong><\/a>of the Ministry of Labor<\/p>\n<p>As teleworking is very likely to continue in the coming months, we offer you some advice on how to best manage the distance between teams in order to maintain a link and therefore a work dynamic.<\/p>\n<p>&nbsp;<\/p>\n\t<p>&nbsp;<\/p>\n<h1>We offer thematic webinars to answer your questions:<\/h1>\n<p>&nbsp;<\/p>\n<p>COVID-19 - <strong>The legal impact of the crisis<\/strong>\u00a0: <a href=\"https:\/\/wenner.eu\/fr\/la-table-ronde-de-wenner-covid-19\/\">https:\/\/wenner.eu\/fr\/la-table-ronde-de-wenner-covid-19\/<\/a><\/p>\n<p>COVID-19 - <strong>The responsibility of the parent company and managers for their French subsidiary (s)<\/strong>\u00a0: <a href=\"https:\/\/wenner.eu\/fr\/video-covid-19-la-responsabilite-de-la-maison-mere-et-des-dirigeants-pour-leurs-filiales-francaises\/\">https:\/\/wenner.eu\/fr\/video-covid-19-la-responsabilite-de-la-maison-mere-et-des-dirigeants-pour-leurs-filiales-francaises\/<\/a><\/p>\n<p>&nbsp;<\/p>\n\t\t\t<a href=\"https:\/\/www.reseau-mesure.com\/en\/ressources-documentaires\/\" target=\"_self\" role=\"button\" rel=\"noopener noreferrer\">\n\t\t\t\t\t\t\tBack to documentary resources\n\t\t\t\t\t<\/a>","protected":false},"excerpt":{"rendered":"<p>Legal: Legal - legislative - normative evolutions\u2026 How to act after the health crisis? Optimizing the recovery: Decrees, orders ... the official texts governing the attitude to be taken in the face of the coronavirus epidemic Coronavirus \/ COVID-19: consult the latest texts published Legal-practical framework and instructions for resuming the activity Texts ...<\/p>","protected":false},"author":685,"featured_media":0,"parent":0,"menu_order":0,"comment_status":"closed","ping_status":"closed","template":"","meta":{"_acf_changed":false,"footnotes":""},"class_list":["post-10717","page","type-page","status-publish","hentry"],"acf":[],"yoast_head":"<!-- This site is optimized with the Yoast SEO plugin v27.3 - https:\/\/yoast.com\/product\/yoast-seo-wordpress\/ -->\n<title>Evolutions juridiques - l\u00e9gislatives \u2013 normatives \u2026 - R\u00e9seau Mesure<\/title>\n<meta name=\"description\" content=\"L&#039;accompagnement du dirigeant est une mission prioritaire du R\u00e9seau Mesure. La solitude du chef d&#039;entreprise n&#039;est plus un probl\u00e8me.\" \/>\n<meta name=\"robots\" content=\"index, follow, max-snippet:-1, max-image-preview:large, max-video-preview:-1\" \/>\n<link rel=\"canonical\" href=\"https:\/\/www.reseau-mesure.com\/en\/ressources-documentaires-accompagnement-reprise-suite-covid-19-juridique\/\" \/>\n<meta property=\"og:locale\" content=\"en_US\" \/>\n<meta property=\"og:type\" content=\"article\" \/>\n<meta property=\"og:title\" content=\"Evolutions juridiques - l\u00e9gislatives \u2013 normatives \u2026 - R\u00e9seau Mesure\" \/>\n<meta property=\"og:description\" content=\"L&#039;accompagnement du dirigeant est une mission prioritaire du R\u00e9seau Mesure. La solitude du chef d&#039;entreprise n&#039;est plus un probl\u00e8me.\" \/>\n<meta property=\"og:url\" content=\"https:\/\/www.reseau-mesure.com\/en\/ressources-documentaires-accompagnement-reprise-suite-covid-19-juridique\/\" \/>\n<meta property=\"og:site_name\" content=\"R\u00e9seau Mesure\" \/>\n<meta property=\"article:publisher\" content=\"https:\/\/www.facebook.com\/reseaumesure\/\" \/>\n<meta property=\"article:modified_time\" content=\"2020-07-23T10:21:23+00:00\" \/>\n<meta property=\"og:image\" content=\"https:\/\/www.interieur.gouv.fr\/extension\/ow_miomcti_designs\/design\/miomcti_public\/images\/common\/external_link.png\" \/>\n<meta name=\"twitter:card\" content=\"summary_large_image\" \/>\n<meta name=\"twitter:site\" content=\"@ReseauMesure\" \/>\n<meta name=\"twitter:label1\" content=\"Est. reading time\" \/>\n\t<meta name=\"twitter:data1\" content=\"4 minutes\" \/>\n<script type=\"application\/ld+json\" class=\"yoast-schema-graph\">{\"@context\":\"https:\\\/\\\/schema.org\",\"@graph\":[{\"@type\":\"WebPage\",\"@id\":\"https:\\\/\\\/www.reseau-mesure.com\\\/de\\\/ressources-documentaires-accompagnement-reprise-suite-covid-19-juridique\\\/\",\"url\":\"https:\\\/\\\/www.reseau-mesure.com\\\/de\\\/ressources-documentaires-accompagnement-reprise-suite-covid-19-juridique\\\/\",\"name\":\"Evolutions juridiques - l\u00e9gislatives \u2013 normatives \u2026 - R\u00e9seau Mesure\",\"isPartOf\":{\"@id\":\"https:\\\/\\\/www.reseau-mesure.com\\\/#website\"},\"primaryImageOfPage\":{\"@id\":\"https:\\\/\\\/www.reseau-mesure.com\\\/de\\\/ressources-documentaires-accompagnement-reprise-suite-covid-19-juridique\\\/#primaryimage\"},\"image\":{\"@id\":\"https:\\\/\\\/www.reseau-mesure.com\\\/de\\\/ressources-documentaires-accompagnement-reprise-suite-covid-19-juridique\\\/#primaryimage\"},\"thumbnailUrl\":\"https:\\\/\\\/www.interieur.gouv.fr\\\/extension\\\/ow_miomcti_designs\\\/design\\\/miomcti_public\\\/images\\\/common\\\/external_link.png\",\"datePublished\":\"2020-07-17T10:00:41+00:00\",\"dateModified\":\"2020-07-23T10:21:23+00:00\",\"description\":\"L'accompagnement du dirigeant est une mission prioritaire du R\u00e9seau Mesure. La solitude du chef d'entreprise n'est plus un probl\u00e8me.\",\"breadcrumb\":{\"@id\":\"https:\\\/\\\/www.reseau-mesure.com\\\/de\\\/ressources-documentaires-accompagnement-reprise-suite-covid-19-juridique\\\/#breadcrumb\"},\"inLanguage\":\"en-US\",\"potentialAction\":[{\"@type\":\"ReadAction\",\"target\":[\"https:\\\/\\\/www.reseau-mesure.com\\\/de\\\/ressources-documentaires-accompagnement-reprise-suite-covid-19-juridique\\\/\"]}]},{\"@type\":\"ImageObject\",\"inLanguage\":\"en-US\",\"@id\":\"https:\\\/\\\/www.reseau-mesure.com\\\/de\\\/ressources-documentaires-accompagnement-reprise-suite-covid-19-juridique\\\/#primaryimage\",\"url\":\"https:\\\/\\\/www.interieur.gouv.fr\\\/extension\\\/ow_miomcti_designs\\\/design\\\/miomcti_public\\\/images\\\/common\\\/external_link.png\",\"contentUrl\":\"https:\\\/\\\/www.interieur.gouv.fr\\\/extension\\\/ow_miomcti_designs\\\/design\\\/miomcti_public\\\/images\\\/common\\\/external_link.png\"},{\"@type\":\"BreadcrumbList\",\"@id\":\"https:\\\/\\\/www.reseau-mesure.com\\\/de\\\/ressources-documentaires-accompagnement-reprise-suite-covid-19-juridique\\\/#breadcrumb\",\"itemListElement\":[{\"@type\":\"ListItem\",\"position\":1,\"name\":\"Accueil\",\"item\":\"https:\\\/\\\/www.reseau-mesure.com\\\/\"},{\"@type\":\"ListItem\",\"position\":2,\"name\":\"Evolutions juridiques &#8211; l\u00e9gislatives \u2013 normatives \u2026\"}]},{\"@type\":\"WebSite\",\"@id\":\"https:\\\/\\\/www.reseau-mesure.com\\\/#website\",\"url\":\"https:\\\/\\\/www.reseau-mesure.com\\\/\",\"name\":\"R\u00e9seau-Mesure\",\"description\":\"R\u00e9seau Mesure\",\"publisher\":{\"@id\":\"https:\\\/\\\/www.reseau-mesure.com\\\/#organization\"},\"potentialAction\":[{\"@type\":\"SearchAction\",\"target\":{\"@type\":\"EntryPoint\",\"urlTemplate\":\"https:\\\/\\\/www.reseau-mesure.com\\\/?s={search_term_string}\"},\"query-input\":{\"@type\":\"PropertyValueSpecification\",\"valueRequired\":true,\"valueName\":\"search_term_string\"}}],\"inLanguage\":\"en-US\"},{\"@type\":\"Organization\",\"@id\":\"https:\\\/\\\/www.reseau-mesure.com\\\/#organization\",\"name\":\"R\u00e9seau-Mesure\",\"url\":\"https:\\\/\\\/www.reseau-mesure.com\\\/\",\"logo\":{\"@type\":\"ImageObject\",\"inLanguage\":\"en-US\",\"@id\":\"https:\\\/\\\/www.reseau-mesure.com\\\/#\\\/schema\\\/logo\\\/image\\\/\",\"url\":\"https:\\\/\\\/www.reseau-mesure.com\\\/wp-content\\\/uploads\\\/2018\\\/02\\\/logo-max.png\",\"contentUrl\":\"https:\\\/\\\/www.reseau-mesure.com\\\/wp-content\\\/uploads\\\/2018\\\/02\\\/logo-max.png\",\"width\":545,\"height\":285,\"caption\":\"R\u00e9seau-Mesure\"},\"image\":{\"@id\":\"https:\\\/\\\/www.reseau-mesure.com\\\/#\\\/schema\\\/logo\\\/image\\\/\"},\"sameAs\":[\"https:\\\/\\\/www.facebook.com\\\/reseaumesure\\\/\",\"https:\\\/\\\/x.com\\\/ReseauMesure\",\"https:\\\/\\\/www.linkedin.com\\\/company\\\/reseau-mesure\\\/\"]}]}<\/script>\n<!-- \/ Yoast SEO plugin. -->","yoast_head_json":{"title":"Evolutions juridiques - l\u00e9gislatives \u2013 normatives \u2026 - R\u00e9seau Mesure","description":"L'accompagnement du dirigeant est une mission prioritaire du R\u00e9seau Mesure. La solitude du chef d'entreprise n'est plus un probl\u00e8me.","robots":{"index":"index","follow":"follow","max-snippet":"max-snippet:-1","max-image-preview":"max-image-preview:large","max-video-preview":"max-video-preview:-1"},"canonical":"https:\/\/www.reseau-mesure.com\/en\/ressources-documentaires-accompagnement-reprise-suite-covid-19-juridique\/","og_locale":"en_US","og_type":"article","og_title":"Evolutions juridiques - l\u00e9gislatives \u2013 normatives \u2026 - R\u00e9seau Mesure","og_description":"L'accompagnement du dirigeant est une mission prioritaire du R\u00e9seau Mesure. La solitude du chef d'entreprise n'est plus un probl\u00e8me.","og_url":"https:\/\/www.reseau-mesure.com\/en\/ressources-documentaires-accompagnement-reprise-suite-covid-19-juridique\/","og_site_name":"R\u00e9seau Mesure","article_publisher":"https:\/\/www.facebook.com\/reseaumesure\/","article_modified_time":"2020-07-23T10:21:23+00:00","og_image":[{"url":"https:\/\/www.interieur.gouv.fr\/extension\/ow_miomcti_designs\/design\/miomcti_public\/images\/common\/external_link.png","type":"","width":"","height":""}],"twitter_card":"summary_large_image","twitter_site":"@ReseauMesure","twitter_misc":{"Est. reading time":"4 minutes"},"schema":{"@context":"https:\/\/schema.org","@graph":[{"@type":"WebPage","@id":"https:\/\/www.reseau-mesure.com\/de\/ressources-documentaires-accompagnement-reprise-suite-covid-19-juridique\/","url":"https:\/\/www.reseau-mesure.com\/de\/ressources-documentaires-accompagnement-reprise-suite-covid-19-juridique\/","name":"Evolutions juridiques - l\u00e9gislatives \u2013 normatives \u2026 - R\u00e9seau Mesure","isPartOf":{"@id":"https:\/\/www.reseau-mesure.com\/#website"},"primaryImageOfPage":{"@id":"https:\/\/www.reseau-mesure.com\/de\/ressources-documentaires-accompagnement-reprise-suite-covid-19-juridique\/#primaryimage"},"image":{"@id":"https:\/\/www.reseau-mesure.com\/de\/ressources-documentaires-accompagnement-reprise-suite-covid-19-juridique\/#primaryimage"},"thumbnailUrl":"https:\/\/www.interieur.gouv.fr\/extension\/ow_miomcti_designs\/design\/miomcti_public\/images\/common\/external_link.png","datePublished":"2020-07-17T10:00:41+00:00","dateModified":"2020-07-23T10:21:23+00:00","description":"L'accompagnement du dirigeant est une mission prioritaire du R\u00e9seau Mesure. La solitude du chef d'entreprise n'est plus un probl\u00e8me.","breadcrumb":{"@id":"https:\/\/www.reseau-mesure.com\/de\/ressources-documentaires-accompagnement-reprise-suite-covid-19-juridique\/#breadcrumb"},"inLanguage":"en-US","potentialAction":[{"@type":"ReadAction","target":["https:\/\/www.reseau-mesure.com\/de\/ressources-documentaires-accompagnement-reprise-suite-covid-19-juridique\/"]}]},{"@type":"ImageObject","inLanguage":"en-US","@id":"https:\/\/www.reseau-mesure.com\/de\/ressources-documentaires-accompagnement-reprise-suite-covid-19-juridique\/#primaryimage","url":"https:\/\/www.interieur.gouv.fr\/extension\/ow_miomcti_designs\/design\/miomcti_public\/images\/common\/external_link.png","contentUrl":"https:\/\/www.interieur.gouv.fr\/extension\/ow_miomcti_designs\/design\/miomcti_public\/images\/common\/external_link.png"},{"@type":"BreadcrumbList","@id":"https:\/\/www.reseau-mesure.com\/de\/ressources-documentaires-accompagnement-reprise-suite-covid-19-juridique\/#breadcrumb","itemListElement":[{"@type":"ListItem","position":1,"name":"Accueil","item":"https:\/\/www.reseau-mesure.com\/"},{"@type":"ListItem","position":2,"name":"Evolutions juridiques &#8211; l\u00e9gislatives \u2013 normatives \u2026"}]},{"@type":"WebSite","@id":"https:\/\/www.reseau-mesure.com\/#website","url":"https:\/\/www.reseau-mesure.com\/","name":"R\u00e9seau-Mesure","description":"Network Measure","publisher":{"@id":"https:\/\/www.reseau-mesure.com\/#organization"},"potentialAction":[{"@type":"SearchAction","target":{"@type":"EntryPoint","urlTemplate":"https:\/\/www.reseau-mesure.com\/?s={search_term_string}"},"query-input":{"@type":"PropertyValueSpecification","valueRequired":true,"valueName":"search_term_string"}}],"inLanguage":"en-US"},{"@type":"Organization","@id":"https:\/\/www.reseau-mesure.com\/#organization","name":"R\u00e9seau-Mesure","url":"https:\/\/www.reseau-mesure.com\/","logo":{"@type":"ImageObject","inLanguage":"en-US","@id":"https:\/\/www.reseau-mesure.com\/#\/schema\/logo\/image\/","url":"https:\/\/www.reseau-mesure.com\/wp-content\/uploads\/2018\/02\/logo-max.png","contentUrl":"https:\/\/www.reseau-mesure.com\/wp-content\/uploads\/2018\/02\/logo-max.png","width":545,"height":285,"caption":"R\u00e9seau-Mesure"},"image":{"@id":"https:\/\/www.reseau-mesure.com\/#\/schema\/logo\/image\/"},"sameAs":["https:\/\/www.facebook.com\/reseaumesure\/","https:\/\/x.com\/ReseauMesure","https:\/\/www.linkedin.com\/company\/reseau-mesure\/"]}]}},"_links":{"self":[{"href":"https:\/\/www.reseau-mesure.com\/en\/wp-json\/wp\/v2\/pages\/10717","targetHints":{"allow":["GET"]}}],"collection":[{"href":"https:\/\/www.reseau-mesure.com\/en\/wp-json\/wp\/v2\/pages"}],"about":[{"href":"https:\/\/www.reseau-mesure.com\/en\/wp-json\/wp\/v2\/types\/page"}],"author":[{"embeddable":true,"href":"https:\/\/www.reseau-mesure.com\/en\/wp-json\/wp\/v2\/users\/685"}],"replies":[{"embeddable":true,"href":"https:\/\/www.reseau-mesure.com\/en\/wp-json\/wp\/v2\/comments?post=10717"}],"version-history":[{"count":0,"href":"https:\/\/www.reseau-mesure.com\/en\/wp-json\/wp\/v2\/pages\/10717\/revisions"}],"wp:attachment":[{"href":"https:\/\/www.reseau-mesure.com\/en\/wp-json\/wp\/v2\/media?parent=10717"}],"curies":[{"name":"wp","href":"https:\/\/api.w.org\/{rel}","templated":true}]}}