{"id":10828,"date":"2020-07-21T16:05:27","date_gmt":"2020-07-21T14:05:27","guid":{"rendered":"https:\/\/www.reseau-mesure.com\/?page_id=10828"},"modified":"2021-02-09T11:22:09","modified_gmt":"2021-02-09T10:22:09","slug":"livre-blanc","status":"publish","type":"page","link":"https:\/\/www.reseau-mesure.com\/en\/livre-blanc\/","title":{"rendered":"White Book"},"content":{"rendered":"<h2>\n\t\tWHITE PAPER ON THE MEASUREMENT NETWORK\n\t<\/h2>\n<h3>\n\t\tThe know-how of the Measurement Network\n\t<\/h3>\n\t\t\t\t<img decoding=\"async\" src=\"https:\/\/www.reseau-mesure.com\/wp-content\/plugins\/bb-plugin\/img\/pixel.png\" alt=\"\" itemprop=\"image\" onerror=\"this.style.display='none'\">\n\t\t\t\t<img loading=\"lazy\" decoding=\"async\" src=\"https:\/\/www.reseau-mesure.com\/wp-content\/uploads\/2020\/07\/livre-blanc-ouvert-scaled.jpg\" alt=\"livre blanc ouvert\" itemprop=\"image\" title=\"open white book\" onerror=\"this.style.display='none'\" width=\"2560\" height=\"333\">\n<h3>\n\t\tBy members For members\n\t<\/h3>\n\t<p>As part of the media plan, take part in the second edition of the R\u00e9seau Mesure white paper:<\/p>\n\n\t\n\t\t\t<a href=\"https:\/\/www.reseau-mesure.com\/wp-content\/uploads\/2020\/07\/Protocole-RESEAU-MESURE-livre-blanc.docx\" target=\"_self\" role=\"button\" rel=\"noopener\">\n\t\t\t\t\t\t\tDownload the protocol\n\t\t\t\t\t<\/a>\n\t<p>The white paper is an opportunity for members to:<\/p>\n<p>\u2713 <strong>Create<\/strong> a technical document with high added value<\/p>\n<p>\u2713 <strong>Improve<\/strong> your communication<\/p>\n<p>\u2713 <strong>Generate<\/strong> leads<\/p>\n\t\t\t\t<img loading=\"lazy\" decoding=\"async\" src=\"https:\/\/www.reseau-mesure.com\/wp-content\/uploads\/2020\/12\/Pages-de-Les-savoir-faire-du-Reseau-Mesure-Volume-1.jpg\" alt=\"Couverture les savoir-faire du R\u00e9seau Mesure\" itemprop=\"image\" title=\"Measurement Network know-how pages - Volume 1\" onerror=\"this.style.display='none'\" width=\"1749\" height=\"2481\">\n\t<h2>Why produce a white paper with the Measurement Network?<\/h2>\n<ul>\n<li>To build on the strength of a Network and technical skills.<\/li>\n<li>To centralize the areas controlled by members of the Measurement Network.<\/li>\n<li>To create a technical document and a new communication opportunity for members and for the Measurement Network.<\/li>\n<li>To generate requests.<\/li>\n<li>To reduce the costs of writing a white paper.<\/li>\n<\/ul>\n\t\t\t<a href=\"https:\/\/www.reseau-mesure.com\/wp-content\/uploads\/2020\/07\/Protocole-RESEAU-MESURE-livre-blanc.docx\" target=\"_self\" role=\"button\" rel=\"noopener\">\n\t\t\t\t\t\t\tValuing my company in the Measuring Network white paper (Download the protocol)\n\t\t\t\t\t<\/a>\n<h2>\n\t\tWhite paper details\n\t<\/h2>\n\t\n<p><strong>Digital and paper production<\/strong> a 32-page white paper (minimum) for 10 member companies per book (minimum).<\/p>\n<ul>\n<li>Retrieval of information for the double-sided page linked to your company (logo - contact person - contact email - technical text content).<\/li>\n<li>Layout &amp; creation of the proof.<\/li>\n<li>Available in digital format (PDF).<\/li>\n<li>Shipping of 5 copies per company in the book.<\/li>\n<\/ul>\n\n<ul>\n<li>Format: A5 (148 x 210 mm) with 32 pages (minimum)<\/li>\n<li>Inner pages 135g<\/li>\n<li>Cover 300 gram, glossy<\/li>\n<\/ul>\n\t\n5 printed copies<br>\n1 digital version<br>\n2 Recto-Verso per member\n<p>Additional reprints option 3 \u20ac ht \/ copy<\/p>\n\t\t\t<a href=\"\" target=\"_self\" role=\"button\" rel=\"noopener\">\n\t\t\t\t\t\t\tDownload the protocol\n\t\t\t\t\t<\/a>","protected":false},"excerpt":{"rendered":"<p>WHITE PAPER OF THE MESURE NETWORK The know-how of the Measurement Network By members For members As part of the media plan, take part in the second edition of the Measurement Network white paper: Download the protocol The white paper is for members, the opportunity to: \u2713 Create a high-value technical document ...<\/p>","protected":false},"author":685,"featured_media":0,"parent":0,"menu_order":0,"comment_status":"closed","ping_status":"closed","template":"","meta":{"_acf_changed":false,"footnotes":""},"class_list":["post-10828","page","type-page","status-publish","hentry"],"acf":[],"yoast_head":"<!-- This site is optimized with the Yoast SEO plugin v27.3 - https:\/\/yoast.com\/product\/yoast-seo-wordpress\/ -->\n<title>Livre Blanc - R\u00e9seau Mesure<\/title>\n<meta name=\"robots\" content=\"index, follow, max-snippet:-1, max-image-preview:large, max-video-preview:-1\" \/>\n<link rel=\"canonical\" href=\"https:\/\/www.reseau-mesure.com\/en\/livre-blanc\/\" \/>\n<meta property=\"og:locale\" content=\"en_US\" \/>\n<meta property=\"og:type\" content=\"article\" \/>\n<meta property=\"og:title\" content=\"Livre Blanc - R\u00e9seau Mesure\" \/>\n<meta property=\"og:description\" content=\"LIVRE BLANC DU RESEAU MESURE Les savoir-faire du R\u00e9seau Mesure Par les adh\u00e9rents Pour les adh\u00e9rents Dans le cadre du plan m\u00e9dia participez \u00e0 la seconde \u00e9dition du livre blanc du R\u00e9seau Mesure : T\u00e9l\u00e9chargez le protocole Le livre blanc, c&rsquo;est pour les adh\u00e9rents, l&rsquo;occasion de : \u2713 Cr\u00e9er un document technique \u00e0 forte valeur&hellip;\" \/>\n<meta property=\"og:url\" content=\"https:\/\/www.reseau-mesure.com\/en\/livre-blanc\/\" \/>\n<meta property=\"og:site_name\" content=\"R\u00e9seau Mesure\" \/>\n<meta property=\"article:publisher\" content=\"https:\/\/www.facebook.com\/reseaumesure\/\" \/>\n<meta property=\"article:modified_time\" content=\"2021-02-09T10:22:09+00:00\" \/>\n<meta property=\"og:image\" content=\"https:\/\/www.reseau-mesure.com\/wp-content\/plugins\/bb-plugin\/img\/pixel.png\" \/>\n<meta name=\"twitter:card\" content=\"summary_large_image\" \/>\n<meta name=\"twitter:site\" content=\"@ReseauMesure\" \/>\n<meta name=\"twitter:label1\" content=\"Est. reading time\" \/>\n\t<meta name=\"twitter:data1\" content=\"2 minutes\" \/>\n<script type=\"application\/ld+json\" class=\"yoast-schema-graph\">{\"@context\":\"https:\\\/\\\/schema.org\",\"@graph\":[{\"@type\":\"WebPage\",\"@id\":\"https:\\\/\\\/www.reseau-mesure.com\\\/de\\\/livre-blanc\\\/\",\"url\":\"https:\\\/\\\/www.reseau-mesure.com\\\/de\\\/livre-blanc\\\/\",\"name\":\"Livre Blanc - R\u00e9seau Mesure\",\"isPartOf\":{\"@id\":\"https:\\\/\\\/www.reseau-mesure.com\\\/#website\"},\"primaryImageOfPage\":{\"@id\":\"https:\\\/\\\/www.reseau-mesure.com\\\/de\\\/livre-blanc\\\/#primaryimage\"},\"image\":{\"@id\":\"https:\\\/\\\/www.reseau-mesure.com\\\/de\\\/livre-blanc\\\/#primaryimage\"},\"thumbnailUrl\":\"https:\\\/\\\/www.reseau-mesure.com\\\/wp-content\\\/plugins\\\/bb-plugin\\\/img\\\/pixel.png\",\"datePublished\":\"2020-07-21T14:05:27+00:00\",\"dateModified\":\"2021-02-09T10:22:09+00:00\",\"breadcrumb\":{\"@id\":\"https:\\\/\\\/www.reseau-mesure.com\\\/de\\\/livre-blanc\\\/#breadcrumb\"},\"inLanguage\":\"en-US\",\"potentialAction\":[{\"@type\":\"ReadAction\",\"target\":[\"https:\\\/\\\/www.reseau-mesure.com\\\/de\\\/livre-blanc\\\/\"]}]},{\"@type\":\"ImageObject\",\"inLanguage\":\"en-US\",\"@id\":\"https:\\\/\\\/www.reseau-mesure.com\\\/de\\\/livre-blanc\\\/#primaryimage\",\"url\":\"https:\\\/\\\/www.reseau-mesure.com\\\/wp-content\\\/plugins\\\/bb-plugin\\\/img\\\/pixel.png\",\"contentUrl\":\"https:\\\/\\\/www.reseau-mesure.com\\\/wp-content\\\/plugins\\\/bb-plugin\\\/img\\\/pixel.png\"},{\"@type\":\"BreadcrumbList\",\"@id\":\"https:\\\/\\\/www.reseau-mesure.com\\\/de\\\/livre-blanc\\\/#breadcrumb\",\"itemListElement\":[{\"@type\":\"ListItem\",\"position\":1,\"name\":\"Accueil\",\"item\":\"https:\\\/\\\/www.reseau-mesure.com\\\/\"},{\"@type\":\"ListItem\",\"position\":2,\"name\":\"Livre Blanc\"}]},{\"@type\":\"WebSite\",\"@id\":\"https:\\\/\\\/www.reseau-mesure.com\\\/#website\",\"url\":\"https:\\\/\\\/www.reseau-mesure.com\\\/\",\"name\":\"R\u00e9seau-Mesure\",\"description\":\"R\u00e9seau Mesure\",\"publisher\":{\"@id\":\"https:\\\/\\\/www.reseau-mesure.com\\\/#organization\"},\"potentialAction\":[{\"@type\":\"SearchAction\",\"target\":{\"@type\":\"EntryPoint\",\"urlTemplate\":\"https:\\\/\\\/www.reseau-mesure.com\\\/?s={search_term_string}\"},\"query-input\":{\"@type\":\"PropertyValueSpecification\",\"valueRequired\":true,\"valueName\":\"search_term_string\"}}],\"inLanguage\":\"en-US\"},{\"@type\":\"Organization\",\"@id\":\"https:\\\/\\\/www.reseau-mesure.com\\\/#organization\",\"name\":\"R\u00e9seau-Mesure\",\"url\":\"https:\\\/\\\/www.reseau-mesure.com\\\/\",\"logo\":{\"@type\":\"ImageObject\",\"inLanguage\":\"en-US\",\"@id\":\"https:\\\/\\\/www.reseau-mesure.com\\\/#\\\/schema\\\/logo\\\/image\\\/\",\"url\":\"https:\\\/\\\/www.reseau-mesure.com\\\/wp-content\\\/uploads\\\/2018\\\/02\\\/logo-max.png\",\"contentUrl\":\"https:\\\/\\\/www.reseau-mesure.com\\\/wp-content\\\/uploads\\\/2018\\\/02\\\/logo-max.png\",\"width\":545,\"height\":285,\"caption\":\"R\u00e9seau-Mesure\"},\"image\":{\"@id\":\"https:\\\/\\\/www.reseau-mesure.com\\\/#\\\/schema\\\/logo\\\/image\\\/\"},\"sameAs\":[\"https:\\\/\\\/www.facebook.com\\\/reseaumesure\\\/\",\"https:\\\/\\\/x.com\\\/ReseauMesure\",\"https:\\\/\\\/www.linkedin.com\\\/company\\\/reseau-mesure\\\/\"]}]}<\/script>\n<!-- \/ Yoast SEO plugin. -->","yoast_head_json":{"title":"Livre Blanc - R\u00e9seau Mesure","robots":{"index":"index","follow":"follow","max-snippet":"max-snippet:-1","max-image-preview":"max-image-preview:large","max-video-preview":"max-video-preview:-1"},"canonical":"https:\/\/www.reseau-mesure.com\/en\/livre-blanc\/","og_locale":"en_US","og_type":"article","og_title":"Livre Blanc - R\u00e9seau Mesure","og_description":"LIVRE BLANC DU RESEAU MESURE Les savoir-faire du R\u00e9seau Mesure Par les adh\u00e9rents Pour les adh\u00e9rents Dans le cadre du plan m\u00e9dia participez \u00e0 la seconde \u00e9dition du livre blanc du R\u00e9seau Mesure : T\u00e9l\u00e9chargez le protocole Le livre blanc, c&rsquo;est pour les adh\u00e9rents, l&rsquo;occasion de : \u2713 Cr\u00e9er un document technique \u00e0 forte valeur&hellip;","og_url":"https:\/\/www.reseau-mesure.com\/en\/livre-blanc\/","og_site_name":"R\u00e9seau Mesure","article_publisher":"https:\/\/www.facebook.com\/reseaumesure\/","article_modified_time":"2021-02-09T10:22:09+00:00","og_image":[{"url":"https:\/\/www.reseau-mesure.com\/wp-content\/plugins\/bb-plugin\/img\/pixel.png","type":"","width":"","height":""}],"twitter_card":"summary_large_image","twitter_site":"@ReseauMesure","twitter_misc":{"Est. reading time":"2 minutes"},"schema":{"@context":"https:\/\/schema.org","@graph":[{"@type":"WebPage","@id":"https:\/\/www.reseau-mesure.com\/de\/livre-blanc\/","url":"https:\/\/www.reseau-mesure.com\/de\/livre-blanc\/","name":"Livre Blanc - R\u00e9seau Mesure","isPartOf":{"@id":"https:\/\/www.reseau-mesure.com\/#website"},"primaryImageOfPage":{"@id":"https:\/\/www.reseau-mesure.com\/de\/livre-blanc\/#primaryimage"},"image":{"@id":"https:\/\/www.reseau-mesure.com\/de\/livre-blanc\/#primaryimage"},"thumbnailUrl":"https:\/\/www.reseau-mesure.com\/wp-content\/plugins\/bb-plugin\/img\/pixel.png","datePublished":"2020-07-21T14:05:27+00:00","dateModified":"2021-02-09T10:22:09+00:00","breadcrumb":{"@id":"https:\/\/www.reseau-mesure.com\/de\/livre-blanc\/#breadcrumb"},"inLanguage":"en-US","potentialAction":[{"@type":"ReadAction","target":["https:\/\/www.reseau-mesure.com\/de\/livre-blanc\/"]}]},{"@type":"ImageObject","inLanguage":"en-US","@id":"https:\/\/www.reseau-mesure.com\/de\/livre-blanc\/#primaryimage","url":"https:\/\/www.reseau-mesure.com\/wp-content\/plugins\/bb-plugin\/img\/pixel.png","contentUrl":"https:\/\/www.reseau-mesure.com\/wp-content\/plugins\/bb-plugin\/img\/pixel.png"},{"@type":"BreadcrumbList","@id":"https:\/\/www.reseau-mesure.com\/de\/livre-blanc\/#breadcrumb","itemListElement":[{"@type":"ListItem","position":1,"name":"Accueil","item":"https:\/\/www.reseau-mesure.com\/"},{"@type":"ListItem","position":2,"name":"Livre Blanc"}]},{"@type":"WebSite","@id":"https:\/\/www.reseau-mesure.com\/#website","url":"https:\/\/www.reseau-mesure.com\/","name":"R\u00e9seau-Mesure","description":"Network Measure","publisher":{"@id":"https:\/\/www.reseau-mesure.com\/#organization"},"potentialAction":[{"@type":"SearchAction","target":{"@type":"EntryPoint","urlTemplate":"https:\/\/www.reseau-mesure.com\/?s={search_term_string}"},"query-input":{"@type":"PropertyValueSpecification","valueRequired":true,"valueName":"search_term_string"}}],"inLanguage":"en-US"},{"@type":"Organization","@id":"https:\/\/www.reseau-mesure.com\/#organization","name":"R\u00e9seau-Mesure","url":"https:\/\/www.reseau-mesure.com\/","logo":{"@type":"ImageObject","inLanguage":"en-US","@id":"https:\/\/www.reseau-mesure.com\/#\/schema\/logo\/image\/","url":"https:\/\/www.reseau-mesure.com\/wp-content\/uploads\/2018\/02\/logo-max.png","contentUrl":"https:\/\/www.reseau-mesure.com\/wp-content\/uploads\/2018\/02\/logo-max.png","width":545,"height":285,"caption":"R\u00e9seau-Mesure"},"image":{"@id":"https:\/\/www.reseau-mesure.com\/#\/schema\/logo\/image\/"},"sameAs":["https:\/\/www.facebook.com\/reseaumesure\/","https:\/\/x.com\/ReseauMesure","https:\/\/www.linkedin.com\/company\/reseau-mesure\/"]}]}},"_links":{"self":[{"href":"https:\/\/www.reseau-mesure.com\/en\/wp-json\/wp\/v2\/pages\/10828","targetHints":{"allow":["GET"]}}],"collection":[{"href":"https:\/\/www.reseau-mesure.com\/en\/wp-json\/wp\/v2\/pages"}],"about":[{"href":"https:\/\/www.reseau-mesure.com\/en\/wp-json\/wp\/v2\/types\/page"}],"author":[{"embeddable":true,"href":"https:\/\/www.reseau-mesure.com\/en\/wp-json\/wp\/v2\/users\/685"}],"replies":[{"embeddable":true,"href":"https:\/\/www.reseau-mesure.com\/en\/wp-json\/wp\/v2\/comments?post=10828"}],"version-history":[{"count":0,"href":"https:\/\/www.reseau-mesure.com\/en\/wp-json\/wp\/v2\/pages\/10828\/revisions"}],"wp:attachment":[{"href":"https:\/\/www.reseau-mesure.com\/en\/wp-json\/wp\/v2\/media?parent=10828"}],"curies":[{"name":"wp","href":"https:\/\/api.w.org\/{rel}","templated":true}]}}